{"id":1008,"date":"2020-04-28T16:09:31","date_gmt":"2020-04-28T14:09:31","guid":{"rendered":"https:\/\/www.verdieditions.com\/equilibre-de-vie\/?page_id=1008"},"modified":"2025-12-09T16:31:18","modified_gmt":"2025-12-09T15:31:18","slug":"mentions-legales","status":"publish","type":"page","link":"https:\/\/www.verdieditions.com\/equilibre-de-vie\/mentions-legales\/","title":{"rendered":"Mentions l\u00e9gales"},"content":{"rendered":"<h3>Propri\u00e9taire du site<\/h3>\n<p>EI Sylvie VERDI<br \/>\nAdresse postale : 79 rue du Manio<br \/>\nF 56100 LORIENT<br \/>\nT\u00e9l. 33 (0)2 97 21 62 97<br \/>\n&nbsp;<\/p>\n<h3>Cr\u00e9ation Publication Webmastering<\/h3>\n<p>EI Sylvie Verdi Communication<br \/>\nAdresse postale : 79 rue du Manio<br \/>\nF 56100 LORIENT<br \/>\nT\u00e9l. 33 (0)2 97 21 62 97<br \/>\nSiret 418 473 120 00024 \u2022 EI non assujettie \u00e0 la TVA.<br \/>\n<a href=\"https:\/\/www.sylvieverdi-communication.fr\/\" target=\"_blank\" rel=\"noopener noreferrer\">www.sylvieverdi-communication.fr<\/a><br \/>\n&nbsp;<\/p>\n<h3>Charte graphique<\/h3>\n<p>Sylvie VERDI &#8211; WP Premium<br \/>\n&nbsp;<\/p>\n<h3>H\u00e9bergement<\/h3>\n<p>OVH<br \/>\n&nbsp;<\/p>\n<h3>Propri\u00e9t\u00e9  Intellectuelle<\/h3>\n<p>Tous les \u00e9l\u00e9ments (textes, ic\u00f4nes, mise en page, base de donn\u00e9es&#8230;) contenus dans le Site et dans les sites associ\u00e9s sont prot\u00e9g\u00e9s par le droit national et international de la propri\u00e9t\u00e9 intellectuelle. Ces \u00e9l\u00e9ments restent la propri\u00e9t\u00e9 exclusive de Sylvie Verdi <a href=\"https:\/\/www.sylvieverdi-communication.fr\/\" target=\"_blank\" rel=\"noopener noreferrer\">www.sylvieverdi-communication.fr<\/a>. A ce titre, sauf autorisation pr\u00e9alable et \u00e9crite de Sylvie Verdi <a href=\"https:\/\/www.sylvieverdi-communication.fr\/\" target=\"_blank\" rel=\"noopener noreferrer\">www.sylvieverdi-communication.fr<\/a>, vous ne pouvez proc\u00e9der \u00e0 une quelconque reproduction, repr\u00e9sentation, adaptation, traduction et\/ou transformation partielle ou int\u00e9grale, ou un transfert sur un autre site web de tout \u00e9l\u00e9ment composant le Site. Le non-respect de cette interdiction peut constituer un acte de contrefa\u00e7on engageant vos responsabilit\u00e9s civile et p\u00e9nale. Conform\u00e9ment aux dispositions du Code de la Propri\u00e9t\u00e9 Intellectuelle, seule est autoris\u00e9e l&rsquo;utilisation des \u00e9l\u00e9ments composant le Site \u00e0 des fins strictement personnelles.<br \/>\n&nbsp;<\/p>\n<h3>Photos<\/h3>\n<p>Sylvie Verdi, Pixabay<br \/>\n&nbsp;<\/p>\n<h3>Boutique<\/h3>\n<p>La boutique en ligne est install\u00e9e sur ce site pour vendre les livres d&rsquo;occasion de ma biblioth\u00e8que, \u00e0 titre priv\u00e9, elle fonctionne comme un \u00ab\u00a0vide-grenier\u00a0\u00bb avec paiement via Paypal, par virement ou par ch\u00e8que. Elle n&rsquo;a en aucun cas la vocation de faire du profit et les gains sont r\u00e9inject\u00e9s dans dans les frais de cr\u00e9ation et d&rsquo;entretien de ce site qui a \u00e9t\u00e9 con\u00e7u gracieusement. Le site de comporte pas d&rsquo;outils de tracking et n&rsquo;a pas la vocation d&rsquo;e-commerce.<br \/>\n&nbsp;<\/p>\n<h3>CNIL \/ Informations personnelles<\/h3>\n<p>En application de la loi n\u00b078-17 du 6 janvier 1978 relative \u00e0 l&rsquo;informatique, aux fichiers et aux libert\u00e9s, vous disposez des droits d&rsquo;opposition (art. 26 de la Loi), d&rsquo;acc\u00e8s (art. 34 \u00e0 38 de la Loi) et de rectification (art. 36 de la Loi) des donn\u00e9es vous concernant.<br \/>\n&nbsp;<br \/>\nTous droits r\u00e9serv\u00e9s, pour tous les pays.<\/p>\n<p><\/br><\/p>\n<p style=\"text-align: left;\"><a href=\"https:\/\/www.verdieditions.com\/equilibre-de-vie\/boutique\/\" class=\"su-button su-button-style-default\" style=\"color:#ffffff;background-color:#709D3A;border-color:#5a7e2f;border-radius:0px\" target=\"_self\"><span style=\"color:#ffffff;padding:6px 18px;font-size:14px;line-height:21px;border-color:#9bbb76;border-radius:0px;text-shadow:none\"><i class=\"sui sui-shopping-cart\" style=\"font-size:14px;color:#FFFFFF\"><\/i> Retour \u00e0 la Boutique<\/span><\/a>\n<p>&nbsp;<\/p>\n","protected":false},"excerpt":{"rendered":"<p>Propri\u00e9taire du site EI Sylvie VERDI Adresse postale : 79 rue du Manio F 56100 LORIENT T\u00e9l. 33 (0)2 97 21 62 97 &nbsp; Cr\u00e9ation Publication Webmastering EI Sylvie Verdi Communication Adresse postale : 79 rue du Manio F 56100 &hellip; <a class=\"kt-excerpt-readmore\" href=\"https:\/\/www.verdieditions.com\/equilibre-de-vie\/mentions-legales\/\" aria-label=\"Mentions l\u00e9gales\">Lire la suite<\/a><\/p>\n","protected":false},"author":1,"featured_media":1061,"parent":0,"menu_order":0,"comment_status":"closed","ping_status":"closed","template":"","meta":{"footnotes":""},"class_list":["post-1008","page","type-page","status-publish","has-post-thumbnail","hentry"],"yoast_head":"<!-- This site is optimized with the Yoast SEO plugin v27.4 - https:\/\/yoast.com\/product\/yoast-seo-wordpress\/ -->\n<title>Mentions l\u00e9gales - Equilibre de Vie<\/title>\n<meta name=\"robots\" content=\"noindex, follow\" \/>\n<meta property=\"og:locale\" content=\"fr_FR\" \/>\n<meta property=\"og:type\" content=\"article\" \/>\n<meta property=\"og:title\" content=\"Mentions l\u00e9gales - Equilibre de Vie\" \/>\n<meta property=\"og:description\" content=\"Propri\u00e9taire du site EI Sylvie VERDI Adresse postale : 79 rue du Manio F 56100 LORIENT T\u00e9l. 33 (0)2 97 21 62 97 &nbsp; Cr\u00e9ation Publication Webmastering EI Sylvie Verdi Communication Adresse postale : 79 rue du Manio F 56100 &hellip; Lire la suite\" \/>\n<meta property=\"og:url\" content=\"https:\/\/www.verdieditions.com\/equilibre-de-vie\/mentions-legales\/\" \/>\n<meta property=\"og:site_name\" content=\"Equilibre de Vie\" \/>\n<meta property=\"article:modified_time\" content=\"2025-12-09T15:31:18+00:00\" \/>\n<meta property=\"og:image\" content=\"https:\/\/www.verdieditions.com\/equilibre-de-vie\/wp-content\/uploads\/2020\/04\/boutique-esoterisme-livres-occasion-1.png\" \/>\n\t<meta property=\"og:image:width\" content=\"1920\" \/>\n\t<meta property=\"og:image:height\" content=\"1080\" \/>\n\t<meta property=\"og:image:type\" content=\"image\/png\" \/>\n<meta name=\"twitter:card\" content=\"summary_large_image\" \/>\n<meta name=\"twitter:label1\" content=\"Dur\u00e9e de lecture estim\u00e9e\" \/>\n\t<meta name=\"twitter:data1\" content=\"3 minutes\" \/>\n<script type=\"application\/ld+json\" class=\"yoast-schema-graph\">{\"@context\":\"https:\\\/\\\/schema.org\",\"@graph\":[{\"@type\":\"WebPage\",\"@id\":\"https:\\\/\\\/www.verdieditions.com\\\/equilibre-de-vie\\\/mentions-legales\\\/\",\"url\":\"https:\\\/\\\/www.verdieditions.com\\\/equilibre-de-vie\\\/mentions-legales\\\/\",\"name\":\"Mentions l\u00e9gales - Equilibre de Vie\",\"isPartOf\":{\"@id\":\"https:\\\/\\\/www.verdieditions.com\\\/equilibre-de-vie\\\/#website\"},\"primaryImageOfPage\":{\"@id\":\"https:\\\/\\\/www.verdieditions.com\\\/equilibre-de-vie\\\/mentions-legales\\\/#primaryimage\"},\"image\":{\"@id\":\"https:\\\/\\\/www.verdieditions.com\\\/equilibre-de-vie\\\/mentions-legales\\\/#primaryimage\"},\"thumbnailUrl\":\"https:\\\/\\\/www.verdieditions.com\\\/equilibre-de-vie\\\/wp-content\\\/uploads\\\/2020\\\/04\\\/boutique-esoterisme-livres-occasion-1.png\",\"datePublished\":\"2020-04-28T14:09:31+00:00\",\"dateModified\":\"2025-12-09T15:31:18+00:00\",\"breadcrumb\":{\"@id\":\"https:\\\/\\\/www.verdieditions.com\\\/equilibre-de-vie\\\/mentions-legales\\\/#breadcrumb\"},\"inLanguage\":\"fr-FR\",\"potentialAction\":[{\"@type\":\"ReadAction\",\"target\":[\"https:\\\/\\\/www.verdieditions.com\\\/equilibre-de-vie\\\/mentions-legales\\\/\"]}]},{\"@type\":\"ImageObject\",\"inLanguage\":\"fr-FR\",\"@id\":\"https:\\\/\\\/www.verdieditions.com\\\/equilibre-de-vie\\\/mentions-legales\\\/#primaryimage\",\"url\":\"https:\\\/\\\/www.verdieditions.com\\\/equilibre-de-vie\\\/wp-content\\\/uploads\\\/2020\\\/04\\\/boutique-esoterisme-livres-occasion-1.png\",\"contentUrl\":\"https:\\\/\\\/www.verdieditions.com\\\/equilibre-de-vie\\\/wp-content\\\/uploads\\\/2020\\\/04\\\/boutique-esoterisme-livres-occasion-1.png\",\"width\":1920,\"height\":1080,\"caption\":\"boutique-esoterisme-livres-occasion-contact-wishlist\"},{\"@type\":\"BreadcrumbList\",\"@id\":\"https:\\\/\\\/www.verdieditions.com\\\/equilibre-de-vie\\\/mentions-legales\\\/#breadcrumb\",\"itemListElement\":[{\"@type\":\"ListItem\",\"position\":1,\"name\":\"Accueil\",\"item\":\"https:\\\/\\\/www.verdieditions.com\\\/equilibre-de-vie\\\/\"},{\"@type\":\"ListItem\",\"position\":2,\"name\":\"Mentions l\u00e9gales\"}]},{\"@type\":\"WebSite\",\"@id\":\"https:\\\/\\\/www.verdieditions.com\\\/equilibre-de-vie\\\/#website\",\"url\":\"https:\\\/\\\/www.verdieditions.com\\\/equilibre-de-vie\\\/\",\"name\":\"Equilibre de Vie\",\"description\":\"Ma boutique livres sant\u00e9, \u00e9sot\u00e9risme et d\u00e9veloppement personnel\",\"publisher\":{\"@id\":\"https:\\\/\\\/www.verdieditions.com\\\/equilibre-de-vie\\\/#\\\/schema\\\/person\\\/9dcb2a6759f2f5fbf43ac0b44649cecb\"},\"potentialAction\":[{\"@type\":\"SearchAction\",\"target\":{\"@type\":\"EntryPoint\",\"urlTemplate\":\"https:\\\/\\\/www.verdieditions.com\\\/equilibre-de-vie\\\/?s={search_term_string}\"},\"query-input\":{\"@type\":\"PropertyValueSpecification\",\"valueRequired\":true,\"valueName\":\"search_term_string\"}}],\"inLanguage\":\"fr-FR\"},{\"@type\":[\"Person\",\"Organization\"],\"@id\":\"https:\\\/\\\/www.verdieditions.com\\\/equilibre-de-vie\\\/#\\\/schema\\\/person\\\/9dcb2a6759f2f5fbf43ac0b44649cecb\",\"name\":\"Sylvie VERDI\",\"image\":{\"@type\":\"ImageObject\",\"inLanguage\":\"fr-FR\",\"@id\":\"https:\\\/\\\/www.verdieditions.com\\\/equilibre-de-vie\\\/wp-content\\\/uploads\\\/2020\\\/04\\\/livres-occasion-sante-esoterisme-developpement-personnel-2.jpg\",\"url\":\"https:\\\/\\\/www.verdieditions.com\\\/equilibre-de-vie\\\/wp-content\\\/uploads\\\/2020\\\/04\\\/livres-occasion-sante-esoterisme-developpement-personnel-2.jpg\",\"contentUrl\":\"https:\\\/\\\/www.verdieditions.com\\\/equilibre-de-vie\\\/wp-content\\\/uploads\\\/2020\\\/04\\\/livres-occasion-sante-esoterisme-developpement-personnel-2.jpg\",\"width\":800,\"height\":572,\"caption\":\"Sylvie VERDI\"},\"logo\":{\"@id\":\"https:\\\/\\\/www.verdieditions.com\\\/equilibre-de-vie\\\/wp-content\\\/uploads\\\/2020\\\/04\\\/livres-occasion-sante-esoterisme-developpement-personnel-2.jpg\"},\"sameAs\":[\"https:\\\/\\\/www.verdieditions.com\\\/equilibre-de-vie\"]}]}<\/script>\n<!-- \/ Yoast SEO plugin. -->","yoast_head_json":{"title":"Mentions l\u00e9gales - Equilibre de Vie","robots":{"index":"noindex","follow":"follow"},"og_locale":"fr_FR","og_type":"article","og_title":"Mentions l\u00e9gales - Equilibre de Vie","og_description":"Propri\u00e9taire du site EI Sylvie VERDI Adresse postale : 79 rue du Manio F 56100 LORIENT T\u00e9l. 33 (0)2 97 21 62 97 &nbsp; Cr\u00e9ation Publication Webmastering EI Sylvie Verdi Communication Adresse postale : 79 rue du Manio F 56100 &hellip; Lire la suite","og_url":"https:\/\/www.verdieditions.com\/equilibre-de-vie\/mentions-legales\/","og_site_name":"Equilibre de Vie","article_modified_time":"2025-12-09T15:31:18+00:00","og_image":[{"width":1920,"height":1080,"url":"https:\/\/www.verdieditions.com\/equilibre-de-vie\/wp-content\/uploads\/2020\/04\/boutique-esoterisme-livres-occasion-1.png","type":"image\/png"}],"twitter_card":"summary_large_image","twitter_misc":{"Dur\u00e9e de lecture estim\u00e9e":"3 minutes"},"schema":{"@context":"https:\/\/schema.org","@graph":[{"@type":"WebPage","@id":"https:\/\/www.verdieditions.com\/equilibre-de-vie\/mentions-legales\/","url":"https:\/\/www.verdieditions.com\/equilibre-de-vie\/mentions-legales\/","name":"Mentions l\u00e9gales - Equilibre de Vie","isPartOf":{"@id":"https:\/\/www.verdieditions.com\/equilibre-de-vie\/#website"},"primaryImageOfPage":{"@id":"https:\/\/www.verdieditions.com\/equilibre-de-vie\/mentions-legales\/#primaryimage"},"image":{"@id":"https:\/\/www.verdieditions.com\/equilibre-de-vie\/mentions-legales\/#primaryimage"},"thumbnailUrl":"https:\/\/www.verdieditions.com\/equilibre-de-vie\/wp-content\/uploads\/2020\/04\/boutique-esoterisme-livres-occasion-1.png","datePublished":"2020-04-28T14:09:31+00:00","dateModified":"2025-12-09T15:31:18+00:00","breadcrumb":{"@id":"https:\/\/www.verdieditions.com\/equilibre-de-vie\/mentions-legales\/#breadcrumb"},"inLanguage":"fr-FR","potentialAction":[{"@type":"ReadAction","target":["https:\/\/www.verdieditions.com\/equilibre-de-vie\/mentions-legales\/"]}]},{"@type":"ImageObject","inLanguage":"fr-FR","@id":"https:\/\/www.verdieditions.com\/equilibre-de-vie\/mentions-legales\/#primaryimage","url":"https:\/\/www.verdieditions.com\/equilibre-de-vie\/wp-content\/uploads\/2020\/04\/boutique-esoterisme-livres-occasion-1.png","contentUrl":"https:\/\/www.verdieditions.com\/equilibre-de-vie\/wp-content\/uploads\/2020\/04\/boutique-esoterisme-livres-occasion-1.png","width":1920,"height":1080,"caption":"boutique-esoterisme-livres-occasion-contact-wishlist"},{"@type":"BreadcrumbList","@id":"https:\/\/www.verdieditions.com\/equilibre-de-vie\/mentions-legales\/#breadcrumb","itemListElement":[{"@type":"ListItem","position":1,"name":"Accueil","item":"https:\/\/www.verdieditions.com\/equilibre-de-vie\/"},{"@type":"ListItem","position":2,"name":"Mentions l\u00e9gales"}]},{"@type":"WebSite","@id":"https:\/\/www.verdieditions.com\/equilibre-de-vie\/#website","url":"https:\/\/www.verdieditions.com\/equilibre-de-vie\/","name":"Equilibre de Vie","description":"Ma boutique livres sant\u00e9, \u00e9sot\u00e9risme et d\u00e9veloppement personnel","publisher":{"@id":"https:\/\/www.verdieditions.com\/equilibre-de-vie\/#\/schema\/person\/9dcb2a6759f2f5fbf43ac0b44649cecb"},"potentialAction":[{"@type":"SearchAction","target":{"@type":"EntryPoint","urlTemplate":"https:\/\/www.verdieditions.com\/equilibre-de-vie\/?s={search_term_string}"},"query-input":{"@type":"PropertyValueSpecification","valueRequired":true,"valueName":"search_term_string"}}],"inLanguage":"fr-FR"},{"@type":["Person","Organization"],"@id":"https:\/\/www.verdieditions.com\/equilibre-de-vie\/#\/schema\/person\/9dcb2a6759f2f5fbf43ac0b44649cecb","name":"Sylvie VERDI","image":{"@type":"ImageObject","inLanguage":"fr-FR","@id":"https:\/\/www.verdieditions.com\/equilibre-de-vie\/wp-content\/uploads\/2020\/04\/livres-occasion-sante-esoterisme-developpement-personnel-2.jpg","url":"https:\/\/www.verdieditions.com\/equilibre-de-vie\/wp-content\/uploads\/2020\/04\/livres-occasion-sante-esoterisme-developpement-personnel-2.jpg","contentUrl":"https:\/\/www.verdieditions.com\/equilibre-de-vie\/wp-content\/uploads\/2020\/04\/livres-occasion-sante-esoterisme-developpement-personnel-2.jpg","width":800,"height":572,"caption":"Sylvie VERDI"},"logo":{"@id":"https:\/\/www.verdieditions.com\/equilibre-de-vie\/wp-content\/uploads\/2020\/04\/livres-occasion-sante-esoterisme-developpement-personnel-2.jpg"},"sameAs":["https:\/\/www.verdieditions.com\/equilibre-de-vie"]}]}},"_links":{"self":[{"href":"https:\/\/www.verdieditions.com\/equilibre-de-vie\/wp-json\/wp\/v2\/pages\/1008","targetHints":{"allow":["GET"]}}],"collection":[{"href":"https:\/\/www.verdieditions.com\/equilibre-de-vie\/wp-json\/wp\/v2\/pages"}],"about":[{"href":"https:\/\/www.verdieditions.com\/equilibre-de-vie\/wp-json\/wp\/v2\/types\/page"}],"author":[{"embeddable":true,"href":"https:\/\/www.verdieditions.com\/equilibre-de-vie\/wp-json\/wp\/v2\/users\/1"}],"replies":[{"embeddable":true,"href":"https:\/\/www.verdieditions.com\/equilibre-de-vie\/wp-json\/wp\/v2\/comments?post=1008"}],"version-history":[{"count":5,"href":"https:\/\/www.verdieditions.com\/equilibre-de-vie\/wp-json\/wp\/v2\/pages\/1008\/revisions"}],"predecessor-version":[{"id":2444,"href":"https:\/\/www.verdieditions.com\/equilibre-de-vie\/wp-json\/wp\/v2\/pages\/1008\/revisions\/2444"}],"wp:featuredmedia":[{"embeddable":true,"href":"https:\/\/www.verdieditions.com\/equilibre-de-vie\/wp-json\/wp\/v2\/media\/1061"}],"wp:attachment":[{"href":"https:\/\/www.verdieditions.com\/equilibre-de-vie\/wp-json\/wp\/v2\/media?parent=1008"}],"curies":[{"name":"wp","href":"https:\/\/api.w.org\/{rel}","templated":true}]}}