{"id":2879,"date":"2021-03-12T13:20:45","date_gmt":"2021-03-12T12:20:45","guid":{"rendered":"https:\/\/www.verdieditions.com\/cd-pop-rock\/?post_type=product&#038;p=2879"},"modified":"2024-02-19T13:48:20","modified_gmt":"2024-02-19T12:48:20","slug":"jon-chappell-guitare-electrique-nuls","status":"publish","type":"product","link":"https:\/\/www.verdieditions.com\/cd-pop-rock\/produit\/jon-chappell-guitare-electrique-nuls\/","title":{"rendered":"JON CHAPPELL &#8211; La Guitare \u00c9lectrique Pour Les Nuls"},"content":{"rendered":"<p>Auteur : JON CHAPPELL  &#8211; Daniel ICHBIAH<br \/>\nTitre : La Guitare \u00c9lectrique Pour Les Nuls<br \/>\nAnn\u00e9e : 2005, \u00e9dition originale<br \/>\nAvec CD-Rom PC d&rsquo;accompagnement contenant les fichiers n\u00e9cessaires \u00e0 la r\u00e9alisation des exercices du livre<br \/>\n\u00c9diteur : First<br \/>\nNb de pages : 392 p.<br \/>\nFormat : 19 x 23cm<br \/>\nEtat : Excellent, comme neuf, pour offrir<\/p>\n<p>Si vous r\u00eavez d&rsquo;une carri\u00e8re de star du heavy metal ou si vous voulez simplement jouer entre amis, ce livre clair et sympathique va vous \u00e9lectriser ! Gr\u00e2ce aux tablatures et partitions ainsi qu&rsquo;aux exemples musicaux fournis sur le CD accompagnant l&rsquo;ouvrage, vous pourrez travailler les accords et assimiler les bases fondamentales de la guitare \u00e9lectrique. Vous trouverez aussi des conseils pour entretenir votre guitare, pour ajouter des effets \u00e0 votre jeu et ma\u00eetriser les riffs. Enfin pour \u00e9largir votre culture rock, vous d\u00e9couvrirez les 10 guitaristes qui ont marqu\u00e9 l&rsquo;histoire, les 10 disques de r\u00e9f\u00e9rence et les 10 mod\u00e8les incontournables de guitares \u00e9lectriques. Ce livre est votre nouveau prof perso&#8230; avec lui vous \u00eates presque une star !<\/p>\n","protected":false},"excerpt":{"rendered":"<p>Auteur : JON CHAPPELL  &#8211; Daniel ICHBIAH<br \/>\nTitre : La Guitare \u00c9lectrique Pour Les Nuls<br \/>\nAnn\u00e9e : 2005, \u00e9dition originale<br \/>\nAvec CD-Rom PC d&rsquo;accompagnement contenant les fichiers n\u00e9cessaires \u00e0 la r\u00e9alisation des exercices du livre<br \/>\n\u00c9diteur : First<br \/>\nNb de pages : 392 p.<br \/>\nFormat : 19 x 23cm<br \/>\nEtat : Excellent, comme neuf<\/p>\n","protected":false},"featured_media":2908,"template":"","meta":[],"product_brand":[],"product_cat":[76],"product_tag":[216,79],"class_list":{"0":"post-2879","1":"product","2":"type-product","3":"status-publish","4":"has-post-thumbnail","6":"product_cat-livres","7":"product_tag-guitare","8":"product_tag-rock","10":"first","11":"instock","12":"sold-individually","13":"shipping-taxable","14":"product-type-simple"},"yoast_head":"<!-- This site is optimized with the Yoast SEO plugin v27.0 - https:\/\/yoast.com\/product\/yoast-seo-wordpress\/ -->\n<title>JON CHAPPELL - La Guitare \u00c9lectrique Pour Les Nuls - CD Pop Rock<\/title>\n<meta name=\"description\" content=\"JON CHAPPELL - La Guitare \u00c9lectrique Pour Les Nuls - 2005 - Avec CD-Rom PC d&#039;accompagnement - Etat : Excellent, comme neuf, pour offrir\" \/>\n<meta name=\"robots\" content=\"index, follow, max-snippet:-1, max-image-preview:large, max-video-preview:-1\" \/>\n<link rel=\"canonical\" href=\"https:\/\/www.verdieditions.com\/cd-pop-rock\/produit\/jon-chappell-guitare-electrique-nuls\/\" \/>\n<meta property=\"og:locale\" content=\"fr_FR\" \/>\n<meta property=\"og:type\" content=\"article\" \/>\n<meta property=\"og:title\" content=\"JON CHAPPELL - La Guitare \u00c9lectrique Pour Les Nuls - CD Pop Rock\" \/>\n<meta property=\"og:description\" content=\"JON CHAPPELL - La Guitare \u00c9lectrique Pour Les Nuls - 2005 - Avec CD-Rom PC d&#039;accompagnement - Etat : Excellent, comme neuf, pour offrir\" \/>\n<meta property=\"og:url\" content=\"https:\/\/www.verdieditions.com\/cd-pop-rock\/produit\/jon-chappell-guitare-electrique-nuls\/\" \/>\n<meta property=\"og:site_name\" content=\"CD Pop Rock\" \/>\n<meta property=\"article:publisher\" content=\"https:\/\/www.facebook.com\/CD-Pop-Rock-107168374818139\" \/>\n<meta property=\"article:modified_time\" content=\"2024-02-19T12:48:20+00:00\" \/>\n<meta property=\"og:image\" content=\"https:\/\/www.verdieditions.com\/cd-pop-rock\/wp-content\/uploads\/2021\/04\/Chappell-Guitare-electrique-pour-nuls-5.jpg\" \/>\n\t<meta property=\"og:image:width\" content=\"800\" \/>\n\t<meta property=\"og:image:height\" content=\"523\" \/>\n\t<meta property=\"og:image:type\" content=\"image\/jpeg\" \/>\n<meta name=\"twitter:card\" content=\"summary_large_image\" \/>\n<meta name=\"twitter:label1\" content=\"Dur\u00e9e de lecture estim\u00e9e\" \/>\n\t<meta name=\"twitter:data1\" content=\"1 minute\" \/>\n<script type=\"application\/ld+json\" class=\"yoast-schema-graph\">{\"@context\":\"https:\/\/schema.org\",\"@graph\":[{\"@type\":\"WebPage\",\"@id\":\"https:\/\/www.verdieditions.com\/cd-pop-rock\/produit\/jon-chappell-guitare-electrique-nuls\/\",\"url\":\"https:\/\/www.verdieditions.com\/cd-pop-rock\/produit\/jon-chappell-guitare-electrique-nuls\/\",\"name\":\"JON CHAPPELL - La Guitare \u00c9lectrique Pour Les Nuls - CD Pop Rock\",\"isPartOf\":{\"@id\":\"https:\/\/www.verdieditions.com\/cd-pop-rock\/#website\"},\"primaryImageOfPage\":{\"@id\":\"https:\/\/www.verdieditions.com\/cd-pop-rock\/produit\/jon-chappell-guitare-electrique-nuls\/#primaryimage\"},\"image\":{\"@id\":\"https:\/\/www.verdieditions.com\/cd-pop-rock\/produit\/jon-chappell-guitare-electrique-nuls\/#primaryimage\"},\"thumbnailUrl\":\"https:\/\/www.verdieditions.com\/cd-pop-rock\/wp-content\/uploads\/2021\/04\/Chappell-Guitare-electrique-pour-nuls-5.jpg\",\"datePublished\":\"2021-03-12T12:20:45+00:00\",\"dateModified\":\"2024-02-19T12:48:20+00:00\",\"description\":\"JON CHAPPELL - La Guitare \u00c9lectrique Pour Les Nuls - 2005 - Avec CD-Rom PC d'accompagnement - Etat : Excellent, comme neuf, pour offrir\",\"breadcrumb\":{\"@id\":\"https:\/\/www.verdieditions.com\/cd-pop-rock\/produit\/jon-chappell-guitare-electrique-nuls\/#breadcrumb\"},\"inLanguage\":\"fr-FR\",\"potentialAction\":[{\"@type\":\"ReadAction\",\"target\":[\"https:\/\/www.verdieditions.com\/cd-pop-rock\/produit\/jon-chappell-guitare-electrique-nuls\/\"]}]},{\"@type\":\"ImageObject\",\"inLanguage\":\"fr-FR\",\"@id\":\"https:\/\/www.verdieditions.com\/cd-pop-rock\/produit\/jon-chappell-guitare-electrique-nuls\/#primaryimage\",\"url\":\"https:\/\/www.verdieditions.com\/cd-pop-rock\/wp-content\/uploads\/2021\/04\/Chappell-Guitare-electrique-pour-nuls-5.jpg\",\"contentUrl\":\"https:\/\/www.verdieditions.com\/cd-pop-rock\/wp-content\/uploads\/2021\/04\/Chappell-Guitare-electrique-pour-nuls-5.jpg\",\"width\":800,\"height\":523,\"caption\":\"Chappell-Guitare-electrique-pour-nuls-5\"},{\"@type\":\"BreadcrumbList\",\"@id\":\"https:\/\/www.verdieditions.com\/cd-pop-rock\/produit\/jon-chappell-guitare-electrique-nuls\/#breadcrumb\",\"itemListElement\":[{\"@type\":\"ListItem\",\"position\":1,\"name\":\"Accueil\",\"item\":\"https:\/\/www.verdieditions.com\/cd-pop-rock\/\"},{\"@type\":\"ListItem\",\"position\":2,\"name\":\"La Boutique\",\"item\":\"https:\/\/www.verdieditions.com\/cd-pop-rock\/boutique\/\"},{\"@type\":\"ListItem\",\"position\":3,\"name\":\"JON CHAPPELL &#8211; La Guitare \u00c9lectrique Pour Les Nuls\"}]},{\"@type\":\"WebSite\",\"@id\":\"https:\/\/www.verdieditions.com\/cd-pop-rock\/#website\",\"url\":\"https:\/\/www.verdieditions.com\/cd-pop-rock\/\",\"name\":\"CD Pop Rock\",\"description\":\"CD, K7, Vinyles, VHS et DVD de Musique Pop et Rock vintage\",\"publisher\":{\"@id\":\"https:\/\/www.verdieditions.com\/cd-pop-rock\/#\/schema\/person\/3a9da867add08338474907117bf9668a\"},\"potentialAction\":[{\"@type\":\"SearchAction\",\"target\":{\"@type\":\"EntryPoint\",\"urlTemplate\":\"https:\/\/www.verdieditions.com\/cd-pop-rock\/?s={search_term_string}\"},\"query-input\":{\"@type\":\"PropertyValueSpecification\",\"valueRequired\":true,\"valueName\":\"search_term_string\"}}],\"inLanguage\":\"fr-FR\"},{\"@type\":[\"Person\",\"Organization\"],\"@id\":\"https:\/\/www.verdieditions.com\/cd-pop-rock\/#\/schema\/person\/3a9da867add08338474907117bf9668a\",\"name\":\"Sylvie VERDI\",\"image\":{\"@type\":\"ImageObject\",\"inLanguage\":\"fr-FR\",\"@id\":\"https:\/\/www.verdieditions.com\/cd-pop-rock\/#\/schema\/person\/image\/\",\"url\":\"https:\/\/www.verdieditions.com\/cd-pop-rock\/wp-content\/uploads\/2021\/01\/cropped-favicon-cd-pop-rock-vinyle-32x32-1.png\",\"contentUrl\":\"https:\/\/www.verdieditions.com\/cd-pop-rock\/wp-content\/uploads\/2021\/01\/cropped-favicon-cd-pop-rock-vinyle-32x32-1.png\",\"width\":512,\"height\":512,\"caption\":\"Sylvie VERDI\"},\"logo\":{\"@id\":\"https:\/\/www.verdieditions.com\/cd-pop-rock\/#\/schema\/person\/image\/\"},\"sameAs\":[\"https:\/\/www.verdieditions.com\/cd-pop-rock\",\"https:\/\/www.facebook.com\/CD-Pop-Rock-107168374818139\"]}]}<\/script>\n<!-- \/ Yoast SEO plugin. -->","yoast_head_json":{"title":"JON CHAPPELL - La Guitare \u00c9lectrique Pour Les Nuls - CD Pop Rock","description":"JON CHAPPELL - La Guitare \u00c9lectrique Pour Les Nuls - 2005 - Avec CD-Rom PC d'accompagnement - Etat : Excellent, comme neuf, pour offrir","robots":{"index":"index","follow":"follow","max-snippet":"max-snippet:-1","max-image-preview":"max-image-preview:large","max-video-preview":"max-video-preview:-1"},"canonical":"https:\/\/www.verdieditions.com\/cd-pop-rock\/produit\/jon-chappell-guitare-electrique-nuls\/","og_locale":"fr_FR","og_type":"article","og_title":"JON CHAPPELL - La Guitare \u00c9lectrique Pour Les Nuls - CD Pop Rock","og_description":"JON CHAPPELL - La Guitare \u00c9lectrique Pour Les Nuls - 2005 - Avec CD-Rom PC d'accompagnement - Etat : Excellent, comme neuf, pour offrir","og_url":"https:\/\/www.verdieditions.com\/cd-pop-rock\/produit\/jon-chappell-guitare-electrique-nuls\/","og_site_name":"CD Pop Rock","article_publisher":"https:\/\/www.facebook.com\/CD-Pop-Rock-107168374818139","article_modified_time":"2024-02-19T12:48:20+00:00","og_image":[{"width":800,"height":523,"url":"https:\/\/www.verdieditions.com\/cd-pop-rock\/wp-content\/uploads\/2021\/04\/Chappell-Guitare-electrique-pour-nuls-5.jpg","type":"image\/jpeg"}],"twitter_card":"summary_large_image","twitter_misc":{"Dur\u00e9e de lecture estim\u00e9e":"1 minute"},"schema":{"@context":"https:\/\/schema.org","@graph":[{"@type":"WebPage","@id":"https:\/\/www.verdieditions.com\/cd-pop-rock\/produit\/jon-chappell-guitare-electrique-nuls\/","url":"https:\/\/www.verdieditions.com\/cd-pop-rock\/produit\/jon-chappell-guitare-electrique-nuls\/","name":"JON CHAPPELL - La Guitare \u00c9lectrique Pour Les Nuls - CD Pop Rock","isPartOf":{"@id":"https:\/\/www.verdieditions.com\/cd-pop-rock\/#website"},"primaryImageOfPage":{"@id":"https:\/\/www.verdieditions.com\/cd-pop-rock\/produit\/jon-chappell-guitare-electrique-nuls\/#primaryimage"},"image":{"@id":"https:\/\/www.verdieditions.com\/cd-pop-rock\/produit\/jon-chappell-guitare-electrique-nuls\/#primaryimage"},"thumbnailUrl":"https:\/\/www.verdieditions.com\/cd-pop-rock\/wp-content\/uploads\/2021\/04\/Chappell-Guitare-electrique-pour-nuls-5.jpg","datePublished":"2021-03-12T12:20:45+00:00","dateModified":"2024-02-19T12:48:20+00:00","description":"JON CHAPPELL - La Guitare \u00c9lectrique Pour Les Nuls - 2005 - Avec CD-Rom PC d'accompagnement - Etat : Excellent, comme neuf, pour offrir","breadcrumb":{"@id":"https:\/\/www.verdieditions.com\/cd-pop-rock\/produit\/jon-chappell-guitare-electrique-nuls\/#breadcrumb"},"inLanguage":"fr-FR","potentialAction":[{"@type":"ReadAction","target":["https:\/\/www.verdieditions.com\/cd-pop-rock\/produit\/jon-chappell-guitare-electrique-nuls\/"]}]},{"@type":"ImageObject","inLanguage":"fr-FR","@id":"https:\/\/www.verdieditions.com\/cd-pop-rock\/produit\/jon-chappell-guitare-electrique-nuls\/#primaryimage","url":"https:\/\/www.verdieditions.com\/cd-pop-rock\/wp-content\/uploads\/2021\/04\/Chappell-Guitare-electrique-pour-nuls-5.jpg","contentUrl":"https:\/\/www.verdieditions.com\/cd-pop-rock\/wp-content\/uploads\/2021\/04\/Chappell-Guitare-electrique-pour-nuls-5.jpg","width":800,"height":523,"caption":"Chappell-Guitare-electrique-pour-nuls-5"},{"@type":"BreadcrumbList","@id":"https:\/\/www.verdieditions.com\/cd-pop-rock\/produit\/jon-chappell-guitare-electrique-nuls\/#breadcrumb","itemListElement":[{"@type":"ListItem","position":1,"name":"Accueil","item":"https:\/\/www.verdieditions.com\/cd-pop-rock\/"},{"@type":"ListItem","position":2,"name":"La Boutique","item":"https:\/\/www.verdieditions.com\/cd-pop-rock\/boutique\/"},{"@type":"ListItem","position":3,"name":"JON CHAPPELL &#8211; La Guitare \u00c9lectrique Pour Les Nuls"}]},{"@type":"WebSite","@id":"https:\/\/www.verdieditions.com\/cd-pop-rock\/#website","url":"https:\/\/www.verdieditions.com\/cd-pop-rock\/","name":"CD Pop Rock","description":"CD, K7, Vinyles, VHS et DVD de Musique Pop et Rock vintage","publisher":{"@id":"https:\/\/www.verdieditions.com\/cd-pop-rock\/#\/schema\/person\/3a9da867add08338474907117bf9668a"},"potentialAction":[{"@type":"SearchAction","target":{"@type":"EntryPoint","urlTemplate":"https:\/\/www.verdieditions.com\/cd-pop-rock\/?s={search_term_string}"},"query-input":{"@type":"PropertyValueSpecification","valueRequired":true,"valueName":"search_term_string"}}],"inLanguage":"fr-FR"},{"@type":["Person","Organization"],"@id":"https:\/\/www.verdieditions.com\/cd-pop-rock\/#\/schema\/person\/3a9da867add08338474907117bf9668a","name":"Sylvie VERDI","image":{"@type":"ImageObject","inLanguage":"fr-FR","@id":"https:\/\/www.verdieditions.com\/cd-pop-rock\/#\/schema\/person\/image\/","url":"https:\/\/www.verdieditions.com\/cd-pop-rock\/wp-content\/uploads\/2021\/01\/cropped-favicon-cd-pop-rock-vinyle-32x32-1.png","contentUrl":"https:\/\/www.verdieditions.com\/cd-pop-rock\/wp-content\/uploads\/2021\/01\/cropped-favicon-cd-pop-rock-vinyle-32x32-1.png","width":512,"height":512,"caption":"Sylvie VERDI"},"logo":{"@id":"https:\/\/www.verdieditions.com\/cd-pop-rock\/#\/schema\/person\/image\/"},"sameAs":["https:\/\/www.verdieditions.com\/cd-pop-rock","https:\/\/www.facebook.com\/CD-Pop-Rock-107168374818139"]}]}},"_links":{"self":[{"href":"https:\/\/www.verdieditions.com\/cd-pop-rock\/wp-json\/wp\/v2\/product\/2879","targetHints":{"allow":["GET"]}}],"collection":[{"href":"https:\/\/www.verdieditions.com\/cd-pop-rock\/wp-json\/wp\/v2\/product"}],"about":[{"href":"https:\/\/www.verdieditions.com\/cd-pop-rock\/wp-json\/wp\/v2\/types\/product"}],"wp:featuredmedia":[{"embeddable":true,"href":"https:\/\/www.verdieditions.com\/cd-pop-rock\/wp-json\/wp\/v2\/media\/2908"}],"wp:attachment":[{"href":"https:\/\/www.verdieditions.com\/cd-pop-rock\/wp-json\/wp\/v2\/media?parent=2879"}],"wp:term":[{"taxonomy":"product_brand","embeddable":true,"href":"https:\/\/www.verdieditions.com\/cd-pop-rock\/wp-json\/wp\/v2\/product_brand?post=2879"},{"taxonomy":"product_cat","embeddable":true,"href":"https:\/\/www.verdieditions.com\/cd-pop-rock\/wp-json\/wp\/v2\/product_cat?post=2879"},{"taxonomy":"product_tag","embeddable":true,"href":"https:\/\/www.verdieditions.com\/cd-pop-rock\/wp-json\/wp\/v2\/product_tag?post=2879"}],"curies":[{"name":"wp","href":"https:\/\/api.w.org\/{rel}","templated":true}]}}