{"id":2495,"date":"2021-04-01T14:40:30","date_gmt":"2021-04-01T12:40:30","guid":{"rendered":"https:\/\/www.verdieditions.com\/cd-pop-rock\/?post_type=product&#038;p=2495"},"modified":"2024-02-19T14:16:12","modified_gmt":"2024-02-19T13:16:12","slug":"accordeon-diatonique-hohner-2915gc","status":"publish","type":"product","link":"https:\/\/www.verdieditions.com\/cd-pop-rock\/produit\/accordeon-diatonique-hohner-2915gc\/","title":{"rendered":"HOHNER &#8211; Accord\u00e9on Diatonique 2915G-C VT &#8211; Or &#038; Noir"},"content":{"rendered":"<p>Marque : HOHNER<br \/>\nProduit : Accord\u00e9on Diatonique HOHNER 2915 GC Or\/Noir<br \/>\nMod\u00e8le : Vienna Model 2915<br \/>\nCouleur : Or \/ Noir<br \/>\nQualit\u00e9 du jeu de plaque : Standard<br \/>\nNombre de boutons : 21<br \/>\nRang\u00e9e de boutons : 2<br \/>\nNombres de notes : 42<br \/>\nGamme : Diatonique<br \/>\nVoix : 2<br \/>\nTonalit\u00e9 de couleur : 1<br \/>\nBasses traditionnelles : 8<br \/>\nVoix de basses traditionnelles : 5<br \/>\nAvec bretelles et fixations et bo\u00eete d&rsquo;origine<br \/>\nDimension (Hauteur x largeur) : 28 cm x 15 cm<br \/>\nPoids : 2,6 kg<br \/>\nEtat : Excellent<\/p>\n<p>L&rsquo;Accord\u00e9on Diatonique HOHNER 2915 GC est le mode\u0300le le plus populaire de la gamme HOHNER. Ide\u0301al pour de\u0301buter l\u2019accorde\u0301on diatonique, sa polyvalence plai\u0302t aussi aux musiciens folkloriques professionnels : musique bretonne, gae\u0301lique, auvergnate, danse country, folk, etc. Ele\u0301gante finition de boiseries coloris noir et or. 2 rangs 2 voix.<br \/>\nCaisse bois d\u00e9cor\u00e9e \u00ab Noir et Or \u00bb, clavier plat \u00e0 boutons rentrant, vibrato musette. Il a fait depuis longtemps ses preuves et reste encore aujourd\u2019hui un des meilleurs rapport qualit\u00e9\/ prix pour un premier mod\u00e8le<br \/>\nLe mod\u00e8le HOHNER 2915 GC est l\u2019accord\u00e9on le plus sonore de toute la gamme HOHNER. Il peut \u00eatre entendu sur toutes les pistes de danse o\u00f9 il sert \u00e0 interpr\u00e9ter la dance country anglaise, le sea shanties et la musique folk am\u00e9ricaine. <\/p>\n","protected":false},"excerpt":{"rendered":"<p>Marque : HOHNER<br \/>\nProduit : Accord\u00e9on Diatonique HOHNER 2915 GC Or\/Noir<br \/>\nMod\u00e8le : Vienna Model 2915<br \/>\nCouleur : Or \/ Noir<br \/>\nQualit\u00e9 du jeu de plaque : Standard<br \/>\nNombre de boutons : 21<br \/>\nRang\u00e9e de boutons : 2<br \/>\nNombres de notes : 42<br \/>\nGamme : Diatonique<br \/>\nVoix : 2<br \/>\nTonalit\u00e9 de couleur : 1<br \/>\nBasses traditionnelles : 8<br \/>\nVoix de basses traditionnelles : 5<br \/>\nAvec bretelles et fixations et bo\u00eete d&rsquo;origine<br \/>\nDimension (Hauteur x largeur) : 28 cm x 15 cm<br \/>\nPoids : 2,6 kg<br \/>\nEtat : Excellent<\/p>\n","protected":false},"featured_media":2522,"template":"","meta":[],"product_brand":[],"product_cat":[74],"product_tag":[181,180],"class_list":{"0":"post-2495","1":"product","2":"type-product","3":"status-publish","4":"has-post-thumbnail","6":"product_cat-materiel","7":"product_tag-accordeon","8":"product_tag-hohner","10":"first","11":"instock","12":"featured","13":"sold-individually","14":"shipping-taxable","15":"product-type-simple"},"yoast_head":"<!-- This site is optimized with the Yoast SEO plugin v27.0 - https:\/\/yoast.com\/product\/yoast-seo-wordpress\/ -->\n<title>HOHNER - Accord\u00e9on Diatonique 2915G-C VT - Or &amp; Noir<\/title>\n<meta name=\"description\" content=\"HOHNER - Accord\u00e9on Diatonique HOHNER 2915 GC Or\/Noir - Avec bretelles et fixations et bo\u00eete d&#039;origine - Etat : Excellent - Livraison : Offerte\" \/>\n<meta name=\"robots\" content=\"index, follow, max-snippet:-1, max-image-preview:large, max-video-preview:-1\" \/>\n<link rel=\"canonical\" href=\"https:\/\/www.verdieditions.com\/cd-pop-rock\/produit\/accordeon-diatonique-hohner-2915gc\/\" \/>\n<meta property=\"og:locale\" content=\"fr_FR\" \/>\n<meta property=\"og:type\" content=\"article\" \/>\n<meta property=\"og:title\" content=\"HOHNER - Accord\u00e9on Diatonique 2915G-C VT - Or &amp; Noir\" \/>\n<meta property=\"og:description\" content=\"HOHNER - Accord\u00e9on Diatonique HOHNER 2915 GC Or\/Noir - Avec bretelles et fixations et bo\u00eete d&#039;origine - Etat : Excellent - Livraison : Offerte\" \/>\n<meta property=\"og:url\" content=\"https:\/\/www.verdieditions.com\/cd-pop-rock\/produit\/accordeon-diatonique-hohner-2915gc\/\" \/>\n<meta property=\"og:site_name\" content=\"CD Pop Rock\" \/>\n<meta property=\"article:publisher\" content=\"https:\/\/www.facebook.com\/CD-Pop-Rock-107168374818139\" \/>\n<meta property=\"article:modified_time\" content=\"2024-02-19T13:16:12+00:00\" \/>\n<meta property=\"og:image\" content=\"https:\/\/www.verdieditions.com\/cd-pop-rock\/wp-content\/uploads\/2021\/04\/Accordeon-Diatonique-HOHNER-2915-GC-13.jpg\" \/>\n\t<meta property=\"og:image:width\" content=\"531\" \/>\n\t<meta property=\"og:image:height\" content=\"500\" \/>\n\t<meta property=\"og:image:type\" content=\"image\/jpeg\" \/>\n<meta name=\"twitter:card\" content=\"summary_large_image\" \/>\n<meta name=\"twitter:label1\" content=\"Dur\u00e9e de lecture estim\u00e9e\" \/>\n\t<meta name=\"twitter:data1\" content=\"1 minute\" \/>\n<script type=\"application\/ld+json\" class=\"yoast-schema-graph\">{\"@context\":\"https:\/\/schema.org\",\"@graph\":[{\"@type\":\"WebPage\",\"@id\":\"https:\/\/www.verdieditions.com\/cd-pop-rock\/produit\/accordeon-diatonique-hohner-2915gc\/\",\"url\":\"https:\/\/www.verdieditions.com\/cd-pop-rock\/produit\/accordeon-diatonique-hohner-2915gc\/\",\"name\":\"HOHNER - Accord\u00e9on Diatonique 2915G-C VT - Or & Noir\",\"isPartOf\":{\"@id\":\"https:\/\/www.verdieditions.com\/cd-pop-rock\/#website\"},\"primaryImageOfPage\":{\"@id\":\"https:\/\/www.verdieditions.com\/cd-pop-rock\/produit\/accordeon-diatonique-hohner-2915gc\/#primaryimage\"},\"image\":{\"@id\":\"https:\/\/www.verdieditions.com\/cd-pop-rock\/produit\/accordeon-diatonique-hohner-2915gc\/#primaryimage\"},\"thumbnailUrl\":\"https:\/\/www.verdieditions.com\/cd-pop-rock\/wp-content\/uploads\/2021\/04\/Accordeon-Diatonique-HOHNER-2915-GC-13.jpg\",\"datePublished\":\"2021-04-01T12:40:30+00:00\",\"dateModified\":\"2024-02-19T13:16:12+00:00\",\"description\":\"HOHNER - Accord\u00e9on Diatonique HOHNER 2915 GC Or\/Noir - Avec bretelles et fixations et bo\u00eete d'origine - Etat : Excellent - Livraison : Offerte\",\"breadcrumb\":{\"@id\":\"https:\/\/www.verdieditions.com\/cd-pop-rock\/produit\/accordeon-diatonique-hohner-2915gc\/#breadcrumb\"},\"inLanguage\":\"fr-FR\",\"potentialAction\":[{\"@type\":\"ReadAction\",\"target\":[\"https:\/\/www.verdieditions.com\/cd-pop-rock\/produit\/accordeon-diatonique-hohner-2915gc\/\"]}]},{\"@type\":\"ImageObject\",\"inLanguage\":\"fr-FR\",\"@id\":\"https:\/\/www.verdieditions.com\/cd-pop-rock\/produit\/accordeon-diatonique-hohner-2915gc\/#primaryimage\",\"url\":\"https:\/\/www.verdieditions.com\/cd-pop-rock\/wp-content\/uploads\/2021\/04\/Accordeon-Diatonique-HOHNER-2915-GC-13.jpg\",\"contentUrl\":\"https:\/\/www.verdieditions.com\/cd-pop-rock\/wp-content\/uploads\/2021\/04\/Accordeon-Diatonique-HOHNER-2915-GC-13.jpg\",\"width\":531,\"height\":500,\"caption\":\"Accordeon-Diatonique-HOHNER-2915-GC-13\"},{\"@type\":\"BreadcrumbList\",\"@id\":\"https:\/\/www.verdieditions.com\/cd-pop-rock\/produit\/accordeon-diatonique-hohner-2915gc\/#breadcrumb\",\"itemListElement\":[{\"@type\":\"ListItem\",\"position\":1,\"name\":\"Accueil\",\"item\":\"https:\/\/www.verdieditions.com\/cd-pop-rock\/\"},{\"@type\":\"ListItem\",\"position\":2,\"name\":\"La Boutique\",\"item\":\"https:\/\/www.verdieditions.com\/cd-pop-rock\/boutique\/\"},{\"@type\":\"ListItem\",\"position\":3,\"name\":\"HOHNER &#8211; Accord\u00e9on Diatonique 2915G-C VT &#8211; Or &#038; Noir\"}]},{\"@type\":\"WebSite\",\"@id\":\"https:\/\/www.verdieditions.com\/cd-pop-rock\/#website\",\"url\":\"https:\/\/www.verdieditions.com\/cd-pop-rock\/\",\"name\":\"CD Pop Rock\",\"description\":\"CD, K7, Vinyles, VHS et DVD de Musique Pop et Rock vintage\",\"publisher\":{\"@id\":\"https:\/\/www.verdieditions.com\/cd-pop-rock\/#\/schema\/person\/3a9da867add08338474907117bf9668a\"},\"potentialAction\":[{\"@type\":\"SearchAction\",\"target\":{\"@type\":\"EntryPoint\",\"urlTemplate\":\"https:\/\/www.verdieditions.com\/cd-pop-rock\/?s={search_term_string}\"},\"query-input\":{\"@type\":\"PropertyValueSpecification\",\"valueRequired\":true,\"valueName\":\"search_term_string\"}}],\"inLanguage\":\"fr-FR\"},{\"@type\":[\"Person\",\"Organization\"],\"@id\":\"https:\/\/www.verdieditions.com\/cd-pop-rock\/#\/schema\/person\/3a9da867add08338474907117bf9668a\",\"name\":\"Sylvie VERDI\",\"image\":{\"@type\":\"ImageObject\",\"inLanguage\":\"fr-FR\",\"@id\":\"https:\/\/www.verdieditions.com\/cd-pop-rock\/#\/schema\/person\/image\/\",\"url\":\"https:\/\/www.verdieditions.com\/cd-pop-rock\/wp-content\/uploads\/2021\/01\/cropped-favicon-cd-pop-rock-vinyle-32x32-1.png\",\"contentUrl\":\"https:\/\/www.verdieditions.com\/cd-pop-rock\/wp-content\/uploads\/2021\/01\/cropped-favicon-cd-pop-rock-vinyle-32x32-1.png\",\"width\":512,\"height\":512,\"caption\":\"Sylvie VERDI\"},\"logo\":{\"@id\":\"https:\/\/www.verdieditions.com\/cd-pop-rock\/#\/schema\/person\/image\/\"},\"sameAs\":[\"https:\/\/www.verdieditions.com\/cd-pop-rock\",\"https:\/\/www.facebook.com\/CD-Pop-Rock-107168374818139\"]}]}<\/script>\n<!-- \/ Yoast SEO plugin. -->","yoast_head_json":{"title":"HOHNER - Accord\u00e9on Diatonique 2915G-C VT - Or & Noir","description":"HOHNER - Accord\u00e9on Diatonique HOHNER 2915 GC Or\/Noir - Avec bretelles et fixations et bo\u00eete d'origine - Etat : Excellent - Livraison : Offerte","robots":{"index":"index","follow":"follow","max-snippet":"max-snippet:-1","max-image-preview":"max-image-preview:large","max-video-preview":"max-video-preview:-1"},"canonical":"https:\/\/www.verdieditions.com\/cd-pop-rock\/produit\/accordeon-diatonique-hohner-2915gc\/","og_locale":"fr_FR","og_type":"article","og_title":"HOHNER - Accord\u00e9on Diatonique 2915G-C VT - Or & Noir","og_description":"HOHNER - Accord\u00e9on Diatonique HOHNER 2915 GC Or\/Noir - Avec bretelles et fixations et bo\u00eete d'origine - Etat : Excellent - Livraison : Offerte","og_url":"https:\/\/www.verdieditions.com\/cd-pop-rock\/produit\/accordeon-diatonique-hohner-2915gc\/","og_site_name":"CD Pop Rock","article_publisher":"https:\/\/www.facebook.com\/CD-Pop-Rock-107168374818139","article_modified_time":"2024-02-19T13:16:12+00:00","og_image":[{"width":531,"height":500,"url":"https:\/\/www.verdieditions.com\/cd-pop-rock\/wp-content\/uploads\/2021\/04\/Accordeon-Diatonique-HOHNER-2915-GC-13.jpg","type":"image\/jpeg"}],"twitter_card":"summary_large_image","twitter_misc":{"Dur\u00e9e de lecture estim\u00e9e":"1 minute"},"schema":{"@context":"https:\/\/schema.org","@graph":[{"@type":"WebPage","@id":"https:\/\/www.verdieditions.com\/cd-pop-rock\/produit\/accordeon-diatonique-hohner-2915gc\/","url":"https:\/\/www.verdieditions.com\/cd-pop-rock\/produit\/accordeon-diatonique-hohner-2915gc\/","name":"HOHNER - Accord\u00e9on Diatonique 2915G-C VT - Or & Noir","isPartOf":{"@id":"https:\/\/www.verdieditions.com\/cd-pop-rock\/#website"},"primaryImageOfPage":{"@id":"https:\/\/www.verdieditions.com\/cd-pop-rock\/produit\/accordeon-diatonique-hohner-2915gc\/#primaryimage"},"image":{"@id":"https:\/\/www.verdieditions.com\/cd-pop-rock\/produit\/accordeon-diatonique-hohner-2915gc\/#primaryimage"},"thumbnailUrl":"https:\/\/www.verdieditions.com\/cd-pop-rock\/wp-content\/uploads\/2021\/04\/Accordeon-Diatonique-HOHNER-2915-GC-13.jpg","datePublished":"2021-04-01T12:40:30+00:00","dateModified":"2024-02-19T13:16:12+00:00","description":"HOHNER - Accord\u00e9on Diatonique HOHNER 2915 GC Or\/Noir - Avec bretelles et fixations et bo\u00eete d'origine - Etat : Excellent - Livraison : Offerte","breadcrumb":{"@id":"https:\/\/www.verdieditions.com\/cd-pop-rock\/produit\/accordeon-diatonique-hohner-2915gc\/#breadcrumb"},"inLanguage":"fr-FR","potentialAction":[{"@type":"ReadAction","target":["https:\/\/www.verdieditions.com\/cd-pop-rock\/produit\/accordeon-diatonique-hohner-2915gc\/"]}]},{"@type":"ImageObject","inLanguage":"fr-FR","@id":"https:\/\/www.verdieditions.com\/cd-pop-rock\/produit\/accordeon-diatonique-hohner-2915gc\/#primaryimage","url":"https:\/\/www.verdieditions.com\/cd-pop-rock\/wp-content\/uploads\/2021\/04\/Accordeon-Diatonique-HOHNER-2915-GC-13.jpg","contentUrl":"https:\/\/www.verdieditions.com\/cd-pop-rock\/wp-content\/uploads\/2021\/04\/Accordeon-Diatonique-HOHNER-2915-GC-13.jpg","width":531,"height":500,"caption":"Accordeon-Diatonique-HOHNER-2915-GC-13"},{"@type":"BreadcrumbList","@id":"https:\/\/www.verdieditions.com\/cd-pop-rock\/produit\/accordeon-diatonique-hohner-2915gc\/#breadcrumb","itemListElement":[{"@type":"ListItem","position":1,"name":"Accueil","item":"https:\/\/www.verdieditions.com\/cd-pop-rock\/"},{"@type":"ListItem","position":2,"name":"La Boutique","item":"https:\/\/www.verdieditions.com\/cd-pop-rock\/boutique\/"},{"@type":"ListItem","position":3,"name":"HOHNER &#8211; Accord\u00e9on Diatonique 2915G-C VT &#8211; Or &#038; Noir"}]},{"@type":"WebSite","@id":"https:\/\/www.verdieditions.com\/cd-pop-rock\/#website","url":"https:\/\/www.verdieditions.com\/cd-pop-rock\/","name":"CD Pop Rock","description":"CD, K7, Vinyles, VHS et DVD de Musique Pop et Rock vintage","publisher":{"@id":"https:\/\/www.verdieditions.com\/cd-pop-rock\/#\/schema\/person\/3a9da867add08338474907117bf9668a"},"potentialAction":[{"@type":"SearchAction","target":{"@type":"EntryPoint","urlTemplate":"https:\/\/www.verdieditions.com\/cd-pop-rock\/?s={search_term_string}"},"query-input":{"@type":"PropertyValueSpecification","valueRequired":true,"valueName":"search_term_string"}}],"inLanguage":"fr-FR"},{"@type":["Person","Organization"],"@id":"https:\/\/www.verdieditions.com\/cd-pop-rock\/#\/schema\/person\/3a9da867add08338474907117bf9668a","name":"Sylvie VERDI","image":{"@type":"ImageObject","inLanguage":"fr-FR","@id":"https:\/\/www.verdieditions.com\/cd-pop-rock\/#\/schema\/person\/image\/","url":"https:\/\/www.verdieditions.com\/cd-pop-rock\/wp-content\/uploads\/2021\/01\/cropped-favicon-cd-pop-rock-vinyle-32x32-1.png","contentUrl":"https:\/\/www.verdieditions.com\/cd-pop-rock\/wp-content\/uploads\/2021\/01\/cropped-favicon-cd-pop-rock-vinyle-32x32-1.png","width":512,"height":512,"caption":"Sylvie VERDI"},"logo":{"@id":"https:\/\/www.verdieditions.com\/cd-pop-rock\/#\/schema\/person\/image\/"},"sameAs":["https:\/\/www.verdieditions.com\/cd-pop-rock","https:\/\/www.facebook.com\/CD-Pop-Rock-107168374818139"]}]}},"_links":{"self":[{"href":"https:\/\/www.verdieditions.com\/cd-pop-rock\/wp-json\/wp\/v2\/product\/2495","targetHints":{"allow":["GET"]}}],"collection":[{"href":"https:\/\/www.verdieditions.com\/cd-pop-rock\/wp-json\/wp\/v2\/product"}],"about":[{"href":"https:\/\/www.verdieditions.com\/cd-pop-rock\/wp-json\/wp\/v2\/types\/product"}],"wp:featuredmedia":[{"embeddable":true,"href":"https:\/\/www.verdieditions.com\/cd-pop-rock\/wp-json\/wp\/v2\/media\/2522"}],"wp:attachment":[{"href":"https:\/\/www.verdieditions.com\/cd-pop-rock\/wp-json\/wp\/v2\/media?parent=2495"}],"wp:term":[{"taxonomy":"product_brand","embeddable":true,"href":"https:\/\/www.verdieditions.com\/cd-pop-rock\/wp-json\/wp\/v2\/product_brand?post=2495"},{"taxonomy":"product_cat","embeddable":true,"href":"https:\/\/www.verdieditions.com\/cd-pop-rock\/wp-json\/wp\/v2\/product_cat?post=2495"},{"taxonomy":"product_tag","embeddable":true,"href":"https:\/\/www.verdieditions.com\/cd-pop-rock\/wp-json\/wp\/v2\/product_tag?post=2495"}],"curies":[{"name":"wp","href":"https:\/\/api.w.org\/{rel}","templated":true}]}}