{"id":2492,"date":"2021-03-31T16:02:43","date_gmt":"2021-03-31T14:02:43","guid":{"rendered":"https:\/\/www.verdieditions.com\/cd-pop-rock\/?post_type=product&#038;p=2492"},"modified":"2026-01-01T02:28:19","modified_gmt":"2026-01-01T01:28:19","slug":"cabasse-caisson-basses-armen-220","status":"publish","type":"product","link":"https:\/\/www.verdieditions.com\/cd-pop-rock\/produit\/cabasse-caisson-basses-armen-220\/","title":{"rendered":"CABASSE &#8211; Enceinte centrale Caisson de basses ARMEN 220 TV"},"content":{"rendered":"<p>Marque : CABASSE<br \/>\nProduit : Enceinte centrale Caisson de basses ARMEN 220 TV<br \/>\nType : 1391T<br \/>\nImp\u00e9dance : 4 OHMS<br \/>\nPuissance : 70 W<br \/>\nDimensions : Long. 18,4 x Ht. 56 x Larg. 18,6 cm<br \/>\nTeinte : Poirier, fa\u00e7ade gris \u00e9l\u00e9phant<br \/>\nPoids : 6,6 kg<br \/>\nEtat : Excellent, tr\u00e8s peu utilis\u00e9 <\/p>\n<p>Caract\u00e9ristiques Techniques :<br \/>\nType : 2 voies type bass reflex, blind\u00e9e<br \/>\nTweeter : \u00e0 d\u00f4me DUOCELL de 25 mm, aimant de 72 mm<br \/>\nBoomer\/medium : \u00e0 c\u00f4ne de 130 mm, aimant de 84 mm<br \/>\nPuissance nominale : 70 W<br \/>\nPuissance cr\u00eate : 500W<br \/>\nBande passante : 75Hz &#8211; 20kHz<br \/>\nRendement : 89 dB<br \/>\nConnexion : Bornier \u00e0 vis plaqu\u00e9 Or<br \/>\nGarantie \u00e0 vie par constructeur<\/p>\n","protected":false},"excerpt":{"rendered":"<p>Marque : CABASSE<br \/>\nProduit : Enceinte centrale Caisson de basses ARMEN 220 TV<br \/>\nType : 1391T<br \/>\nImp\u00e9dance : 4 OHMS<br \/>\nPuissance : 70 W<br \/>\nDimensions : Long. 18,4 x Ht. 56 x Larg. 18,6 cm<br \/>\nTeinte : Poirier, fa\u00e7ade gris \u00e9l\u00e9phant<br \/>\nPoids : 6,6 kg<br \/>\nEtat : Excellent, tr\u00e8s peu utilis\u00e9 <\/p>\n","protected":false},"featured_media":2532,"template":"","meta":[],"product_brand":[],"product_cat":[74],"product_tag":[179],"class_list":{"0":"post-2492","1":"product","2":"type-product","3":"status-publish","4":"has-post-thumbnail","6":"product_cat-materiel","7":"product_tag-cabasse","9":"first","10":"instock","11":"sold-individually","12":"shipping-taxable","13":"product-type-simple"},"yoast_head":"<!-- This site is optimized with the Yoast SEO plugin v27.0 - https:\/\/yoast.com\/product\/yoast-seo-wordpress\/ -->\n<title>CABASSE - Enceinte centrale Caisson de basses ARMEN 220 TV<\/title>\n<meta name=\"description\" content=\"CABASSE Enceinte centrale Caisson de basses ARMEN 220 TV 1391T - 4 OHMS - 70 W - Poirier - Etat : Excellent, tr\u00e8s peu utilis\u00e9\" \/>\n<meta name=\"robots\" content=\"index, follow, max-snippet:-1, max-image-preview:large, max-video-preview:-1\" \/>\n<link rel=\"canonical\" href=\"https:\/\/www.verdieditions.com\/cd-pop-rock\/produit\/cabasse-caisson-basses-armen-220\/\" \/>\n<meta property=\"og:locale\" content=\"fr_FR\" \/>\n<meta property=\"og:type\" content=\"article\" \/>\n<meta property=\"og:title\" content=\"CABASSE - Enceinte centrale Caisson de basses ARMEN 220 TV\" \/>\n<meta property=\"og:description\" content=\"CABASSE Enceinte centrale Caisson de basses ARMEN 220 TV 1391T - 4 OHMS - 70 W - Poirier - Etat : Excellent, tr\u00e8s peu utilis\u00e9\" \/>\n<meta property=\"og:url\" content=\"https:\/\/www.verdieditions.com\/cd-pop-rock\/produit\/cabasse-caisson-basses-armen-220\/\" \/>\n<meta property=\"og:site_name\" content=\"CD Pop Rock\" \/>\n<meta property=\"article:publisher\" content=\"https:\/\/www.facebook.com\/CD-Pop-Rock-107168374818139\" \/>\n<meta property=\"article:modified_time\" content=\"2026-01-01T01:28:19+00:00\" \/>\n<meta property=\"og:image\" content=\"https:\/\/www.verdieditions.com\/cd-pop-rock\/wp-content\/uploads\/2021\/03\/Enceinte-caisson-basses-Cabasse-ARMEN-220TV.jpg\" \/>\n\t<meta property=\"og:image:width\" content=\"800\" \/>\n\t<meta property=\"og:image:height\" content=\"534\" \/>\n\t<meta property=\"og:image:type\" content=\"image\/jpeg\" \/>\n<meta name=\"twitter:card\" content=\"summary_large_image\" \/>\n<script type=\"application\/ld+json\" class=\"yoast-schema-graph\">{\"@context\":\"https:\/\/schema.org\",\"@graph\":[{\"@type\":\"WebPage\",\"@id\":\"https:\/\/www.verdieditions.com\/cd-pop-rock\/produit\/cabasse-caisson-basses-armen-220\/\",\"url\":\"https:\/\/www.verdieditions.com\/cd-pop-rock\/produit\/cabasse-caisson-basses-armen-220\/\",\"name\":\"CABASSE - Enceinte centrale Caisson de basses ARMEN 220 TV\",\"isPartOf\":{\"@id\":\"https:\/\/www.verdieditions.com\/cd-pop-rock\/#website\"},\"primaryImageOfPage\":{\"@id\":\"https:\/\/www.verdieditions.com\/cd-pop-rock\/produit\/cabasse-caisson-basses-armen-220\/#primaryimage\"},\"image\":{\"@id\":\"https:\/\/www.verdieditions.com\/cd-pop-rock\/produit\/cabasse-caisson-basses-armen-220\/#primaryimage\"},\"thumbnailUrl\":\"https:\/\/www.verdieditions.com\/cd-pop-rock\/wp-content\/uploads\/2021\/03\/Enceinte-caisson-basses-Cabasse-ARMEN-220TV.jpg\",\"datePublished\":\"2021-03-31T14:02:43+00:00\",\"dateModified\":\"2026-01-01T01:28:19+00:00\",\"description\":\"CABASSE Enceinte centrale Caisson de basses ARMEN 220 TV 1391T - 4 OHMS - 70 W - Poirier - Etat : Excellent, tr\u00e8s peu utilis\u00e9\",\"breadcrumb\":{\"@id\":\"https:\/\/www.verdieditions.com\/cd-pop-rock\/produit\/cabasse-caisson-basses-armen-220\/#breadcrumb\"},\"inLanguage\":\"fr-FR\",\"potentialAction\":[{\"@type\":\"ReadAction\",\"target\":[\"https:\/\/www.verdieditions.com\/cd-pop-rock\/produit\/cabasse-caisson-basses-armen-220\/\"]}]},{\"@type\":\"ImageObject\",\"inLanguage\":\"fr-FR\",\"@id\":\"https:\/\/www.verdieditions.com\/cd-pop-rock\/produit\/cabasse-caisson-basses-armen-220\/#primaryimage\",\"url\":\"https:\/\/www.verdieditions.com\/cd-pop-rock\/wp-content\/uploads\/2021\/03\/Enceinte-caisson-basses-Cabasse-ARMEN-220TV.jpg\",\"contentUrl\":\"https:\/\/www.verdieditions.com\/cd-pop-rock\/wp-content\/uploads\/2021\/03\/Enceinte-caisson-basses-Cabasse-ARMEN-220TV.jpg\",\"width\":800,\"height\":534,\"caption\":\"Enceinte-caisson-basses-Cabasse-ARMEN-220TV\"},{\"@type\":\"BreadcrumbList\",\"@id\":\"https:\/\/www.verdieditions.com\/cd-pop-rock\/produit\/cabasse-caisson-basses-armen-220\/#breadcrumb\",\"itemListElement\":[{\"@type\":\"ListItem\",\"position\":1,\"name\":\"Accueil\",\"item\":\"https:\/\/www.verdieditions.com\/cd-pop-rock\/\"},{\"@type\":\"ListItem\",\"position\":2,\"name\":\"La Boutique\",\"item\":\"https:\/\/www.verdieditions.com\/cd-pop-rock\/boutique\/\"},{\"@type\":\"ListItem\",\"position\":3,\"name\":\"CABASSE &#8211; Enceinte centrale Caisson de basses ARMEN 220 TV\"}]},{\"@type\":\"WebSite\",\"@id\":\"https:\/\/www.verdieditions.com\/cd-pop-rock\/#website\",\"url\":\"https:\/\/www.verdieditions.com\/cd-pop-rock\/\",\"name\":\"CD Pop Rock\",\"description\":\"CD, K7, Vinyles, VHS et DVD de Musique Pop et Rock vintage\",\"publisher\":{\"@id\":\"https:\/\/www.verdieditions.com\/cd-pop-rock\/#\/schema\/person\/3a9da867add08338474907117bf9668a\"},\"potentialAction\":[{\"@type\":\"SearchAction\",\"target\":{\"@type\":\"EntryPoint\",\"urlTemplate\":\"https:\/\/www.verdieditions.com\/cd-pop-rock\/?s={search_term_string}\"},\"query-input\":{\"@type\":\"PropertyValueSpecification\",\"valueRequired\":true,\"valueName\":\"search_term_string\"}}],\"inLanguage\":\"fr-FR\"},{\"@type\":[\"Person\",\"Organization\"],\"@id\":\"https:\/\/www.verdieditions.com\/cd-pop-rock\/#\/schema\/person\/3a9da867add08338474907117bf9668a\",\"name\":\"Sylvie VERDI\",\"image\":{\"@type\":\"ImageObject\",\"inLanguage\":\"fr-FR\",\"@id\":\"https:\/\/www.verdieditions.com\/cd-pop-rock\/#\/schema\/person\/image\/\",\"url\":\"https:\/\/www.verdieditions.com\/cd-pop-rock\/wp-content\/uploads\/2021\/01\/cropped-favicon-cd-pop-rock-vinyle-32x32-1.png\",\"contentUrl\":\"https:\/\/www.verdieditions.com\/cd-pop-rock\/wp-content\/uploads\/2021\/01\/cropped-favicon-cd-pop-rock-vinyle-32x32-1.png\",\"width\":512,\"height\":512,\"caption\":\"Sylvie VERDI\"},\"logo\":{\"@id\":\"https:\/\/www.verdieditions.com\/cd-pop-rock\/#\/schema\/person\/image\/\"},\"sameAs\":[\"https:\/\/www.verdieditions.com\/cd-pop-rock\",\"https:\/\/www.facebook.com\/CD-Pop-Rock-107168374818139\"]}]}<\/script>\n<!-- \/ Yoast SEO plugin. -->","yoast_head_json":{"title":"CABASSE - Enceinte centrale Caisson de basses ARMEN 220 TV","description":"CABASSE Enceinte centrale Caisson de basses ARMEN 220 TV 1391T - 4 OHMS - 70 W - Poirier - Etat : Excellent, tr\u00e8s peu utilis\u00e9","robots":{"index":"index","follow":"follow","max-snippet":"max-snippet:-1","max-image-preview":"max-image-preview:large","max-video-preview":"max-video-preview:-1"},"canonical":"https:\/\/www.verdieditions.com\/cd-pop-rock\/produit\/cabasse-caisson-basses-armen-220\/","og_locale":"fr_FR","og_type":"article","og_title":"CABASSE - Enceinte centrale Caisson de basses ARMEN 220 TV","og_description":"CABASSE Enceinte centrale Caisson de basses ARMEN 220 TV 1391T - 4 OHMS - 70 W - Poirier - Etat : Excellent, tr\u00e8s peu utilis\u00e9","og_url":"https:\/\/www.verdieditions.com\/cd-pop-rock\/produit\/cabasse-caisson-basses-armen-220\/","og_site_name":"CD Pop Rock","article_publisher":"https:\/\/www.facebook.com\/CD-Pop-Rock-107168374818139","article_modified_time":"2026-01-01T01:28:19+00:00","og_image":[{"width":800,"height":534,"url":"https:\/\/www.verdieditions.com\/cd-pop-rock\/wp-content\/uploads\/2021\/03\/Enceinte-caisson-basses-Cabasse-ARMEN-220TV.jpg","type":"image\/jpeg"}],"twitter_card":"summary_large_image","schema":{"@context":"https:\/\/schema.org","@graph":[{"@type":"WebPage","@id":"https:\/\/www.verdieditions.com\/cd-pop-rock\/produit\/cabasse-caisson-basses-armen-220\/","url":"https:\/\/www.verdieditions.com\/cd-pop-rock\/produit\/cabasse-caisson-basses-armen-220\/","name":"CABASSE - Enceinte centrale Caisson de basses ARMEN 220 TV","isPartOf":{"@id":"https:\/\/www.verdieditions.com\/cd-pop-rock\/#website"},"primaryImageOfPage":{"@id":"https:\/\/www.verdieditions.com\/cd-pop-rock\/produit\/cabasse-caisson-basses-armen-220\/#primaryimage"},"image":{"@id":"https:\/\/www.verdieditions.com\/cd-pop-rock\/produit\/cabasse-caisson-basses-armen-220\/#primaryimage"},"thumbnailUrl":"https:\/\/www.verdieditions.com\/cd-pop-rock\/wp-content\/uploads\/2021\/03\/Enceinte-caisson-basses-Cabasse-ARMEN-220TV.jpg","datePublished":"2021-03-31T14:02:43+00:00","dateModified":"2026-01-01T01:28:19+00:00","description":"CABASSE Enceinte centrale Caisson de basses ARMEN 220 TV 1391T - 4 OHMS - 70 W - Poirier - Etat : Excellent, tr\u00e8s peu utilis\u00e9","breadcrumb":{"@id":"https:\/\/www.verdieditions.com\/cd-pop-rock\/produit\/cabasse-caisson-basses-armen-220\/#breadcrumb"},"inLanguage":"fr-FR","potentialAction":[{"@type":"ReadAction","target":["https:\/\/www.verdieditions.com\/cd-pop-rock\/produit\/cabasse-caisson-basses-armen-220\/"]}]},{"@type":"ImageObject","inLanguage":"fr-FR","@id":"https:\/\/www.verdieditions.com\/cd-pop-rock\/produit\/cabasse-caisson-basses-armen-220\/#primaryimage","url":"https:\/\/www.verdieditions.com\/cd-pop-rock\/wp-content\/uploads\/2021\/03\/Enceinte-caisson-basses-Cabasse-ARMEN-220TV.jpg","contentUrl":"https:\/\/www.verdieditions.com\/cd-pop-rock\/wp-content\/uploads\/2021\/03\/Enceinte-caisson-basses-Cabasse-ARMEN-220TV.jpg","width":800,"height":534,"caption":"Enceinte-caisson-basses-Cabasse-ARMEN-220TV"},{"@type":"BreadcrumbList","@id":"https:\/\/www.verdieditions.com\/cd-pop-rock\/produit\/cabasse-caisson-basses-armen-220\/#breadcrumb","itemListElement":[{"@type":"ListItem","position":1,"name":"Accueil","item":"https:\/\/www.verdieditions.com\/cd-pop-rock\/"},{"@type":"ListItem","position":2,"name":"La Boutique","item":"https:\/\/www.verdieditions.com\/cd-pop-rock\/boutique\/"},{"@type":"ListItem","position":3,"name":"CABASSE &#8211; Enceinte centrale Caisson de basses ARMEN 220 TV"}]},{"@type":"WebSite","@id":"https:\/\/www.verdieditions.com\/cd-pop-rock\/#website","url":"https:\/\/www.verdieditions.com\/cd-pop-rock\/","name":"CD Pop Rock","description":"CD, K7, Vinyles, VHS et DVD de Musique Pop et Rock vintage","publisher":{"@id":"https:\/\/www.verdieditions.com\/cd-pop-rock\/#\/schema\/person\/3a9da867add08338474907117bf9668a"},"potentialAction":[{"@type":"SearchAction","target":{"@type":"EntryPoint","urlTemplate":"https:\/\/www.verdieditions.com\/cd-pop-rock\/?s={search_term_string}"},"query-input":{"@type":"PropertyValueSpecification","valueRequired":true,"valueName":"search_term_string"}}],"inLanguage":"fr-FR"},{"@type":["Person","Organization"],"@id":"https:\/\/www.verdieditions.com\/cd-pop-rock\/#\/schema\/person\/3a9da867add08338474907117bf9668a","name":"Sylvie VERDI","image":{"@type":"ImageObject","inLanguage":"fr-FR","@id":"https:\/\/www.verdieditions.com\/cd-pop-rock\/#\/schema\/person\/image\/","url":"https:\/\/www.verdieditions.com\/cd-pop-rock\/wp-content\/uploads\/2021\/01\/cropped-favicon-cd-pop-rock-vinyle-32x32-1.png","contentUrl":"https:\/\/www.verdieditions.com\/cd-pop-rock\/wp-content\/uploads\/2021\/01\/cropped-favicon-cd-pop-rock-vinyle-32x32-1.png","width":512,"height":512,"caption":"Sylvie VERDI"},"logo":{"@id":"https:\/\/www.verdieditions.com\/cd-pop-rock\/#\/schema\/person\/image\/"},"sameAs":["https:\/\/www.verdieditions.com\/cd-pop-rock","https:\/\/www.facebook.com\/CD-Pop-Rock-107168374818139"]}]}},"_links":{"self":[{"href":"https:\/\/www.verdieditions.com\/cd-pop-rock\/wp-json\/wp\/v2\/product\/2492","targetHints":{"allow":["GET"]}}],"collection":[{"href":"https:\/\/www.verdieditions.com\/cd-pop-rock\/wp-json\/wp\/v2\/product"}],"about":[{"href":"https:\/\/www.verdieditions.com\/cd-pop-rock\/wp-json\/wp\/v2\/types\/product"}],"wp:featuredmedia":[{"embeddable":true,"href":"https:\/\/www.verdieditions.com\/cd-pop-rock\/wp-json\/wp\/v2\/media\/2532"}],"wp:attachment":[{"href":"https:\/\/www.verdieditions.com\/cd-pop-rock\/wp-json\/wp\/v2\/media?parent=2492"}],"wp:term":[{"taxonomy":"product_brand","embeddable":true,"href":"https:\/\/www.verdieditions.com\/cd-pop-rock\/wp-json\/wp\/v2\/product_brand?post=2492"},{"taxonomy":"product_cat","embeddable":true,"href":"https:\/\/www.verdieditions.com\/cd-pop-rock\/wp-json\/wp\/v2\/product_cat?post=2492"},{"taxonomy":"product_tag","embeddable":true,"href":"https:\/\/www.verdieditions.com\/cd-pop-rock\/wp-json\/wp\/v2\/product_tag?post=2492"}],"curies":[{"name":"wp","href":"https:\/\/api.w.org\/{rel}","templated":true}]}}