{"id":2482,"date":"2021-02-26T10:27:28","date_gmt":"2021-02-26T09:27:28","guid":{"rendered":"https:\/\/www.verdieditions.com\/cd-pop-rock\/?post_type=product&#038;p=2482"},"modified":"2024-02-19T13:48:31","modified_gmt":"2024-02-19T12:48:31","slug":"pave-numerique-usb-targus","status":"publish","type":"product","link":"https:\/\/www.verdieditions.com\/cd-pop-rock\/produit\/pave-numerique-usb-targus\/","title":{"rendered":"TARGUS &#8211; Pav\u00e9 Num\u00e9rique USB R\u00e9f. AKP10EU"},"content":{"rendered":"<p>Marque : TARGUS<br \/>\nProduit : Pav\u00e9 Num\u00e9rique USB<br \/>\nMod\u00e8le : AKP10EU<br \/>\nCouleur : Noir<br \/>\nConnectivit\u00e9 : USB<br \/>\nCompatibilit\u00e9 : PC<br \/>\nDimensions : 8,5 x 12,5, Ht. 2cm<br \/>\nEtat : Excellent, fonctionne, tr\u00e8s peu utilis\u00e9 <\/p>\n<p>CARACT\u00c9RISTIQUES<br \/>\nFonctionnalit\u00e9 :<br \/>\nLa taille et le confort des touches concaves de pleine dimension offrent un tr\u00e8s grand niveau de pr\u00e9cision, id\u00e9al pour les personnes travaillant avec des feuilles de calcul, des logiciels de comptabilit\u00e9 ou des applications financi\u00e8res<br \/>\nErgonomique :<br \/>\nUne inclinaison ergonomique fournit un support permettant de r\u00e9duire la fatigue du poignet<br \/>\nCompatibilit\u00e9 :<br \/>\nPort USB requis ; v\u00e9ritable fonctionnement plug-and-play, aucun pilote requis.<br \/>\nSource : Site Targus<\/p>\n<p>*Note : Test\u00e9 sous Mac, sa mise en fonction est&#8230; compliqu\u00e9e&#8230; <\/p>\n","protected":false},"excerpt":{"rendered":"<p>Marque : TARGUS<br \/>\nProduit : Pav\u00e9 Num\u00e9rique USB<br \/>\nMod\u00e8le : AKP10EU<br \/>\nCouleur : Noir<br \/>\nConnectivit\u00e9 : USB<br \/>\nCompatibilit\u00e9 : PC<br \/>\nDimensions : 8,5 x 12,5, Ht. 2cm<br \/>\nEtat : Excellent, fonctionne, tr\u00e8s peu utilis\u00e9 <\/p>\n","protected":false},"featured_media":2483,"template":"","meta":[],"product_brand":[],"product_cat":[74],"product_tag":[174],"class_list":{"0":"post-2482","1":"product","2":"type-product","3":"status-publish","4":"has-post-thumbnail","6":"product_cat-materiel","7":"product_tag-targus","9":"first","10":"instock","11":"sold-individually","12":"shipping-taxable","13":"product-type-simple"},"yoast_head":"<!-- This site is optimized with the Yoast SEO plugin v27.0 - https:\/\/yoast.com\/product\/yoast-seo-wordpress\/ -->\n<title>TARGUS - Pav\u00e9 Num\u00e9rique USB R\u00e9f. AKP10EU - CD Pop Rock<\/title>\n<meta name=\"description\" content=\"TARGUS - Pav\u00e9 Num\u00e9rique USB AKP10EU Noir - Compatibilit\u00e9 : PC - Dim. : 8,5 x 12,5, Ht. 2cm - Etat : Excellent, fonctionne, tr\u00e8s peu utilis\u00e9\" \/>\n<meta name=\"robots\" content=\"index, follow, max-snippet:-1, max-image-preview:large, max-video-preview:-1\" \/>\n<link rel=\"canonical\" href=\"https:\/\/www.verdieditions.com\/cd-pop-rock\/produit\/pave-numerique-usb-targus\/\" \/>\n<meta property=\"og:locale\" content=\"fr_FR\" \/>\n<meta property=\"og:type\" content=\"article\" \/>\n<meta property=\"og:title\" content=\"TARGUS - Pav\u00e9 Num\u00e9rique USB R\u00e9f. AKP10EU - CD Pop Rock\" \/>\n<meta property=\"og:description\" content=\"TARGUS - Pav\u00e9 Num\u00e9rique USB AKP10EU Noir - Compatibilit\u00e9 : PC - Dim. : 8,5 x 12,5, Ht. 2cm - Etat : Excellent, fonctionne, tr\u00e8s peu utilis\u00e9\" \/>\n<meta property=\"og:url\" content=\"https:\/\/www.verdieditions.com\/cd-pop-rock\/produit\/pave-numerique-usb-targus\/\" \/>\n<meta property=\"og:site_name\" content=\"CD Pop Rock\" \/>\n<meta property=\"article:publisher\" content=\"https:\/\/www.facebook.com\/CD-Pop-Rock-107168374818139\" \/>\n<meta property=\"article:modified_time\" content=\"2024-02-19T12:48:31+00:00\" \/>\n<meta property=\"og:image\" content=\"https:\/\/www.verdieditions.com\/cd-pop-rock\/wp-content\/uploads\/2021\/03\/pave-numerique-Targus-usb-4.jpg\" \/>\n\t<meta property=\"og:image:width\" content=\"800\" \/>\n\t<meta property=\"og:image:height\" content=\"534\" \/>\n\t<meta property=\"og:image:type\" content=\"image\/jpeg\" \/>\n<meta name=\"twitter:card\" content=\"summary_large_image\" \/>\n<meta name=\"twitter:label1\" content=\"Dur\u00e9e de lecture estim\u00e9e\" \/>\n\t<meta name=\"twitter:data1\" content=\"1 minute\" \/>\n<script type=\"application\/ld+json\" class=\"yoast-schema-graph\">{\"@context\":\"https:\/\/schema.org\",\"@graph\":[{\"@type\":\"WebPage\",\"@id\":\"https:\/\/www.verdieditions.com\/cd-pop-rock\/produit\/pave-numerique-usb-targus\/\",\"url\":\"https:\/\/www.verdieditions.com\/cd-pop-rock\/produit\/pave-numerique-usb-targus\/\",\"name\":\"TARGUS - Pav\u00e9 Num\u00e9rique USB R\u00e9f. AKP10EU - CD Pop Rock\",\"isPartOf\":{\"@id\":\"https:\/\/www.verdieditions.com\/cd-pop-rock\/#website\"},\"primaryImageOfPage\":{\"@id\":\"https:\/\/www.verdieditions.com\/cd-pop-rock\/produit\/pave-numerique-usb-targus\/#primaryimage\"},\"image\":{\"@id\":\"https:\/\/www.verdieditions.com\/cd-pop-rock\/produit\/pave-numerique-usb-targus\/#primaryimage\"},\"thumbnailUrl\":\"https:\/\/www.verdieditions.com\/cd-pop-rock\/wp-content\/uploads\/2021\/03\/pave-numerique-Targus-usb-4.jpg\",\"datePublished\":\"2021-02-26T09:27:28+00:00\",\"dateModified\":\"2024-02-19T12:48:31+00:00\",\"description\":\"TARGUS - Pav\u00e9 Num\u00e9rique USB AKP10EU Noir - Compatibilit\u00e9 : PC - Dim. : 8,5 x 12,5, Ht. 2cm - Etat : Excellent, fonctionne, tr\u00e8s peu utilis\u00e9\",\"breadcrumb\":{\"@id\":\"https:\/\/www.verdieditions.com\/cd-pop-rock\/produit\/pave-numerique-usb-targus\/#breadcrumb\"},\"inLanguage\":\"fr-FR\",\"potentialAction\":[{\"@type\":\"ReadAction\",\"target\":[\"https:\/\/www.verdieditions.com\/cd-pop-rock\/produit\/pave-numerique-usb-targus\/\"]}]},{\"@type\":\"ImageObject\",\"inLanguage\":\"fr-FR\",\"@id\":\"https:\/\/www.verdieditions.com\/cd-pop-rock\/produit\/pave-numerique-usb-targus\/#primaryimage\",\"url\":\"https:\/\/www.verdieditions.com\/cd-pop-rock\/wp-content\/uploads\/2021\/03\/pave-numerique-Targus-usb-4.jpg\",\"contentUrl\":\"https:\/\/www.verdieditions.com\/cd-pop-rock\/wp-content\/uploads\/2021\/03\/pave-numerique-Targus-usb-4.jpg\",\"width\":800,\"height\":534,\"caption\":\"pave-numerique-Targus-usb-4\"},{\"@type\":\"BreadcrumbList\",\"@id\":\"https:\/\/www.verdieditions.com\/cd-pop-rock\/produit\/pave-numerique-usb-targus\/#breadcrumb\",\"itemListElement\":[{\"@type\":\"ListItem\",\"position\":1,\"name\":\"Accueil\",\"item\":\"https:\/\/www.verdieditions.com\/cd-pop-rock\/\"},{\"@type\":\"ListItem\",\"position\":2,\"name\":\"La Boutique\",\"item\":\"https:\/\/www.verdieditions.com\/cd-pop-rock\/boutique\/\"},{\"@type\":\"ListItem\",\"position\":3,\"name\":\"TARGUS &#8211; Pav\u00e9 Num\u00e9rique USB R\u00e9f. AKP10EU\"}]},{\"@type\":\"WebSite\",\"@id\":\"https:\/\/www.verdieditions.com\/cd-pop-rock\/#website\",\"url\":\"https:\/\/www.verdieditions.com\/cd-pop-rock\/\",\"name\":\"CD Pop Rock\",\"description\":\"CD, K7, Vinyles, VHS et DVD de Musique Pop et Rock vintage\",\"publisher\":{\"@id\":\"https:\/\/www.verdieditions.com\/cd-pop-rock\/#\/schema\/person\/3a9da867add08338474907117bf9668a\"},\"potentialAction\":[{\"@type\":\"SearchAction\",\"target\":{\"@type\":\"EntryPoint\",\"urlTemplate\":\"https:\/\/www.verdieditions.com\/cd-pop-rock\/?s={search_term_string}\"},\"query-input\":{\"@type\":\"PropertyValueSpecification\",\"valueRequired\":true,\"valueName\":\"search_term_string\"}}],\"inLanguage\":\"fr-FR\"},{\"@type\":[\"Person\",\"Organization\"],\"@id\":\"https:\/\/www.verdieditions.com\/cd-pop-rock\/#\/schema\/person\/3a9da867add08338474907117bf9668a\",\"name\":\"Sylvie VERDI\",\"image\":{\"@type\":\"ImageObject\",\"inLanguage\":\"fr-FR\",\"@id\":\"https:\/\/www.verdieditions.com\/cd-pop-rock\/#\/schema\/person\/image\/\",\"url\":\"https:\/\/www.verdieditions.com\/cd-pop-rock\/wp-content\/uploads\/2021\/01\/cropped-favicon-cd-pop-rock-vinyle-32x32-1.png\",\"contentUrl\":\"https:\/\/www.verdieditions.com\/cd-pop-rock\/wp-content\/uploads\/2021\/01\/cropped-favicon-cd-pop-rock-vinyle-32x32-1.png\",\"width\":512,\"height\":512,\"caption\":\"Sylvie VERDI\"},\"logo\":{\"@id\":\"https:\/\/www.verdieditions.com\/cd-pop-rock\/#\/schema\/person\/image\/\"},\"sameAs\":[\"https:\/\/www.verdieditions.com\/cd-pop-rock\",\"https:\/\/www.facebook.com\/CD-Pop-Rock-107168374818139\"]}]}<\/script>\n<!-- \/ Yoast SEO plugin. -->","yoast_head_json":{"title":"TARGUS - Pav\u00e9 Num\u00e9rique USB R\u00e9f. AKP10EU - CD Pop Rock","description":"TARGUS - Pav\u00e9 Num\u00e9rique USB AKP10EU Noir - Compatibilit\u00e9 : PC - Dim. : 8,5 x 12,5, Ht. 2cm - Etat : Excellent, fonctionne, tr\u00e8s peu utilis\u00e9","robots":{"index":"index","follow":"follow","max-snippet":"max-snippet:-1","max-image-preview":"max-image-preview:large","max-video-preview":"max-video-preview:-1"},"canonical":"https:\/\/www.verdieditions.com\/cd-pop-rock\/produit\/pave-numerique-usb-targus\/","og_locale":"fr_FR","og_type":"article","og_title":"TARGUS - Pav\u00e9 Num\u00e9rique USB R\u00e9f. AKP10EU - CD Pop Rock","og_description":"TARGUS - Pav\u00e9 Num\u00e9rique USB AKP10EU Noir - Compatibilit\u00e9 : PC - Dim. : 8,5 x 12,5, Ht. 2cm - Etat : Excellent, fonctionne, tr\u00e8s peu utilis\u00e9","og_url":"https:\/\/www.verdieditions.com\/cd-pop-rock\/produit\/pave-numerique-usb-targus\/","og_site_name":"CD Pop Rock","article_publisher":"https:\/\/www.facebook.com\/CD-Pop-Rock-107168374818139","article_modified_time":"2024-02-19T12:48:31+00:00","og_image":[{"width":800,"height":534,"url":"https:\/\/www.verdieditions.com\/cd-pop-rock\/wp-content\/uploads\/2021\/03\/pave-numerique-Targus-usb-4.jpg","type":"image\/jpeg"}],"twitter_card":"summary_large_image","twitter_misc":{"Dur\u00e9e de lecture estim\u00e9e":"1 minute"},"schema":{"@context":"https:\/\/schema.org","@graph":[{"@type":"WebPage","@id":"https:\/\/www.verdieditions.com\/cd-pop-rock\/produit\/pave-numerique-usb-targus\/","url":"https:\/\/www.verdieditions.com\/cd-pop-rock\/produit\/pave-numerique-usb-targus\/","name":"TARGUS - Pav\u00e9 Num\u00e9rique USB R\u00e9f. AKP10EU - CD Pop Rock","isPartOf":{"@id":"https:\/\/www.verdieditions.com\/cd-pop-rock\/#website"},"primaryImageOfPage":{"@id":"https:\/\/www.verdieditions.com\/cd-pop-rock\/produit\/pave-numerique-usb-targus\/#primaryimage"},"image":{"@id":"https:\/\/www.verdieditions.com\/cd-pop-rock\/produit\/pave-numerique-usb-targus\/#primaryimage"},"thumbnailUrl":"https:\/\/www.verdieditions.com\/cd-pop-rock\/wp-content\/uploads\/2021\/03\/pave-numerique-Targus-usb-4.jpg","datePublished":"2021-02-26T09:27:28+00:00","dateModified":"2024-02-19T12:48:31+00:00","description":"TARGUS - Pav\u00e9 Num\u00e9rique USB AKP10EU Noir - Compatibilit\u00e9 : PC - Dim. : 8,5 x 12,5, Ht. 2cm - Etat : Excellent, fonctionne, tr\u00e8s peu utilis\u00e9","breadcrumb":{"@id":"https:\/\/www.verdieditions.com\/cd-pop-rock\/produit\/pave-numerique-usb-targus\/#breadcrumb"},"inLanguage":"fr-FR","potentialAction":[{"@type":"ReadAction","target":["https:\/\/www.verdieditions.com\/cd-pop-rock\/produit\/pave-numerique-usb-targus\/"]}]},{"@type":"ImageObject","inLanguage":"fr-FR","@id":"https:\/\/www.verdieditions.com\/cd-pop-rock\/produit\/pave-numerique-usb-targus\/#primaryimage","url":"https:\/\/www.verdieditions.com\/cd-pop-rock\/wp-content\/uploads\/2021\/03\/pave-numerique-Targus-usb-4.jpg","contentUrl":"https:\/\/www.verdieditions.com\/cd-pop-rock\/wp-content\/uploads\/2021\/03\/pave-numerique-Targus-usb-4.jpg","width":800,"height":534,"caption":"pave-numerique-Targus-usb-4"},{"@type":"BreadcrumbList","@id":"https:\/\/www.verdieditions.com\/cd-pop-rock\/produit\/pave-numerique-usb-targus\/#breadcrumb","itemListElement":[{"@type":"ListItem","position":1,"name":"Accueil","item":"https:\/\/www.verdieditions.com\/cd-pop-rock\/"},{"@type":"ListItem","position":2,"name":"La Boutique","item":"https:\/\/www.verdieditions.com\/cd-pop-rock\/boutique\/"},{"@type":"ListItem","position":3,"name":"TARGUS &#8211; Pav\u00e9 Num\u00e9rique USB R\u00e9f. AKP10EU"}]},{"@type":"WebSite","@id":"https:\/\/www.verdieditions.com\/cd-pop-rock\/#website","url":"https:\/\/www.verdieditions.com\/cd-pop-rock\/","name":"CD Pop Rock","description":"CD, K7, Vinyles, VHS et DVD de Musique Pop et Rock vintage","publisher":{"@id":"https:\/\/www.verdieditions.com\/cd-pop-rock\/#\/schema\/person\/3a9da867add08338474907117bf9668a"},"potentialAction":[{"@type":"SearchAction","target":{"@type":"EntryPoint","urlTemplate":"https:\/\/www.verdieditions.com\/cd-pop-rock\/?s={search_term_string}"},"query-input":{"@type":"PropertyValueSpecification","valueRequired":true,"valueName":"search_term_string"}}],"inLanguage":"fr-FR"},{"@type":["Person","Organization"],"@id":"https:\/\/www.verdieditions.com\/cd-pop-rock\/#\/schema\/person\/3a9da867add08338474907117bf9668a","name":"Sylvie VERDI","image":{"@type":"ImageObject","inLanguage":"fr-FR","@id":"https:\/\/www.verdieditions.com\/cd-pop-rock\/#\/schema\/person\/image\/","url":"https:\/\/www.verdieditions.com\/cd-pop-rock\/wp-content\/uploads\/2021\/01\/cropped-favicon-cd-pop-rock-vinyle-32x32-1.png","contentUrl":"https:\/\/www.verdieditions.com\/cd-pop-rock\/wp-content\/uploads\/2021\/01\/cropped-favicon-cd-pop-rock-vinyle-32x32-1.png","width":512,"height":512,"caption":"Sylvie VERDI"},"logo":{"@id":"https:\/\/www.verdieditions.com\/cd-pop-rock\/#\/schema\/person\/image\/"},"sameAs":["https:\/\/www.verdieditions.com\/cd-pop-rock","https:\/\/www.facebook.com\/CD-Pop-Rock-107168374818139"]}]}},"_links":{"self":[{"href":"https:\/\/www.verdieditions.com\/cd-pop-rock\/wp-json\/wp\/v2\/product\/2482","targetHints":{"allow":["GET"]}}],"collection":[{"href":"https:\/\/www.verdieditions.com\/cd-pop-rock\/wp-json\/wp\/v2\/product"}],"about":[{"href":"https:\/\/www.verdieditions.com\/cd-pop-rock\/wp-json\/wp\/v2\/types\/product"}],"wp:featuredmedia":[{"embeddable":true,"href":"https:\/\/www.verdieditions.com\/cd-pop-rock\/wp-json\/wp\/v2\/media\/2483"}],"wp:attachment":[{"href":"https:\/\/www.verdieditions.com\/cd-pop-rock\/wp-json\/wp\/v2\/media?parent=2482"}],"wp:term":[{"taxonomy":"product_brand","embeddable":true,"href":"https:\/\/www.verdieditions.com\/cd-pop-rock\/wp-json\/wp\/v2\/product_brand?post=2482"},{"taxonomy":"product_cat","embeddable":true,"href":"https:\/\/www.verdieditions.com\/cd-pop-rock\/wp-json\/wp\/v2\/product_cat?post=2482"},{"taxonomy":"product_tag","embeddable":true,"href":"https:\/\/www.verdieditions.com\/cd-pop-rock\/wp-json\/wp\/v2\/product_tag?post=2482"}],"curies":[{"name":"wp","href":"https:\/\/api.w.org\/{rel}","templated":true}]}}