{"id":2474,"date":"2021-03-15T13:40:52","date_gmt":"2021-03-15T12:40:52","guid":{"rendered":"https:\/\/www.verdieditions.com\/cd-pop-rock\/?post_type=product&#038;p=2474"},"modified":"2025-01-20T21:47:50","modified_gmt":"2025-01-20T20:47:50","slug":"philips-lecteur-cd-dvd-dvp3800","status":"publish","type":"product","link":"https:\/\/www.verdieditions.com\/cd-pop-rock\/produit\/philips-lecteur-cd-dvd-dvp3800\/","title":{"rendered":"PHILIPS &#8211; Lecteur CD DVD Ref. DVP3800"},"content":{"rendered":"<p>Marque : PHILIPS<br \/>\nProduit : Lecteur CD DVD<br \/>\nMod\u00e8le : DVP3800<br \/>\n&#8211; Lecture vid\u00e9o : CD, CD-R\/CD-RW, CD vid\u00e9o\/SVCD, DVD, DVD-R\/RW, DVD+R\/+RW, DVD vid\u00e9o, DivX<br \/>\n&#8211; Support de lecture audio : CD, CD-MP3, DVD-MP3, CD-WMA, CD-R\/RW, CD audio<br \/>\n&#8211; Syst\u00e8me audio : Dolby Digital<br \/>\n&#8211; Syst\u00e8me de lecture de disque vid\u00e9o : PAL, NTSC<br \/>\n&#8211; Support de lecture photos : DVD-R\/RW, DVD+R\/+RW, CD-R\/RW, Picture CD, Picture CD Kodak<br \/>\n&#8211; Connectivit\u00e9 arri\u00e8re : Sortie audio analogique G\/D, Sortie vid\u00e9o composite (CVBS), Sortie coaxiale num\u00e9rique, P\u00e9ritel<br \/>\n&#8211; Praticit\u00e9 : Contr\u00f4le parental, Verrouillage enfant<br \/>\n&#8211; Couleur : Noir<br \/>\n&#8211; T\u00e9l\u00e9commande : Oui<br \/>\n&#8211; Dimensions : 20 x 35,5, Ht. 4cm<br \/>\n&#8211; Etat : Excellent, fonctionne<\/p>\n<p>Compact, mais n\u00e9anmoins performant, ce lecteur DVD a tout pour plaire ! Simple d&rsquo;utilisation, il prend en charge n&rsquo;importe quel format de disque, ainsi que les photos num\u00e9riques, sans aucune perte de qualit\u00e9 de l&rsquo;image.<br \/>\nSource Philips<\/p>\n","protected":false},"excerpt":{"rendered":"<p>Marque : PHILIPS<br \/>\nProduit : Lecteur CD DVD<br \/>\nMod\u00e8le : DVP3800<br \/>\n&#8211; Lecture vid\u00e9o : CD, CD-R\/CD-RW, CD vid\u00e9o\/SVCD, DVD, DVD-R\/RW, DVD+R\/+RW, DVD vid\u00e9o, DivX<br \/>\n&#8211; Support de lecture audio : CD, CD-MP3, DVD-MP3, CD-WMA, CD-R\/RW, CD audio<br \/>\n&#8211; Syst\u00e8me audio : Dolby Digital<br \/>\n&#8211; Syst\u00e8me de lecture de disque vid\u00e9o : PAL, NTSC<br \/>\n&#8211; Support de lecture photos : DVD-R\/RW, DVD+R\/+RW, CD-R\/RW, Picture CD, Picture CD Kodak<br \/>\n&#8211; Connectivit\u00e9 arri\u00e8re : Sortie audio analogique G\/D, Sortie vid\u00e9o composite (CVBS), Sortie coaxiale num\u00e9rique, P\u00e9ritel<br \/>\n&#8211; Praticit\u00e9 : Contr\u00f4le parental, Verrouillage enfant<br \/>\n&#8211; Couleur : Noir<br \/>\n&#8211; T\u00e9l\u00e9commande : Oui<br \/>\n&#8211; Dimensions : 20 x 35,5, Ht. 4cm<br \/>\n&#8211; Etat : Excellent, fonctionne<\/p>\n","protected":false},"featured_media":2479,"template":"","meta":[],"product_brand":[],"product_cat":[74],"product_tag":[168],"class_list":{"0":"post-2474","1":"product","2":"type-product","3":"status-publish","4":"has-post-thumbnail","6":"product_cat-materiel","7":"product_tag-dvd","9":"first","10":"outofstock","11":"sold-individually","12":"shipping-taxable","13":"product-type-simple"},"yoast_head":"<!-- This site is optimized with the Yoast SEO plugin v27.0 - https:\/\/yoast.com\/product\/yoast-seo-wordpress\/ -->\n<title>PHILIPS - Lecteur CD DVD Ref. DVP3800 - CD Pop Rock<\/title>\n<meta name=\"description\" content=\"PHILIPS Lecteur CD DVD DVP3800 - P\u00e9ritel - T\u00e9l\u00e9commande - Couleur : noir - Dimensions : 20 x 35,5, Ht. 4cm - Etat : Excellent, fonctionne\" \/>\n<meta name=\"robots\" content=\"index, follow, max-snippet:-1, max-image-preview:large, max-video-preview:-1\" \/>\n<link rel=\"canonical\" href=\"https:\/\/www.verdieditions.com\/cd-pop-rock\/produit\/philips-lecteur-cd-dvd-dvp3800\/\" \/>\n<meta property=\"og:locale\" content=\"fr_FR\" \/>\n<meta property=\"og:type\" content=\"article\" \/>\n<meta property=\"og:title\" content=\"PHILIPS - Lecteur CD DVD Ref. DVP3800 - CD Pop Rock\" \/>\n<meta property=\"og:description\" content=\"PHILIPS Lecteur CD DVD DVP3800 - P\u00e9ritel - T\u00e9l\u00e9commande - Couleur : noir - Dimensions : 20 x 35,5, Ht. 4cm - Etat : Excellent, fonctionne\" \/>\n<meta property=\"og:url\" content=\"https:\/\/www.verdieditions.com\/cd-pop-rock\/produit\/philips-lecteur-cd-dvd-dvp3800\/\" \/>\n<meta property=\"og:site_name\" content=\"CD Pop Rock\" \/>\n<meta property=\"article:publisher\" content=\"https:\/\/www.facebook.com\/CD-Pop-Rock-107168374818139\" \/>\n<meta property=\"article:modified_time\" content=\"2025-01-20T20:47:50+00:00\" \/>\n<meta property=\"og:image\" content=\"https:\/\/www.verdieditions.com\/cd-pop-rock\/wp-content\/uploads\/2021\/03\/lecteur-cd-dvd-Philips-DVP3800-7.jpg\" \/>\n\t<meta property=\"og:image:width\" content=\"800\" \/>\n\t<meta property=\"og:image:height\" content=\"533\" \/>\n\t<meta property=\"og:image:type\" content=\"image\/jpeg\" \/>\n<meta name=\"twitter:card\" content=\"summary_large_image\" \/>\n<meta name=\"twitter:label1\" content=\"Dur\u00e9e de lecture estim\u00e9e\" \/>\n\t<meta name=\"twitter:data1\" content=\"1 minute\" \/>\n<script type=\"application\/ld+json\" class=\"yoast-schema-graph\">{\"@context\":\"https:\/\/schema.org\",\"@graph\":[{\"@type\":\"WebPage\",\"@id\":\"https:\/\/www.verdieditions.com\/cd-pop-rock\/produit\/philips-lecteur-cd-dvd-dvp3800\/\",\"url\":\"https:\/\/www.verdieditions.com\/cd-pop-rock\/produit\/philips-lecteur-cd-dvd-dvp3800\/\",\"name\":\"PHILIPS - Lecteur CD DVD Ref. DVP3800 - CD Pop Rock\",\"isPartOf\":{\"@id\":\"https:\/\/www.verdieditions.com\/cd-pop-rock\/#website\"},\"primaryImageOfPage\":{\"@id\":\"https:\/\/www.verdieditions.com\/cd-pop-rock\/produit\/philips-lecteur-cd-dvd-dvp3800\/#primaryimage\"},\"image\":{\"@id\":\"https:\/\/www.verdieditions.com\/cd-pop-rock\/produit\/philips-lecteur-cd-dvd-dvp3800\/#primaryimage\"},\"thumbnailUrl\":\"https:\/\/www.verdieditions.com\/cd-pop-rock\/wp-content\/uploads\/2021\/03\/lecteur-cd-dvd-Philips-DVP3800-7.jpg\",\"datePublished\":\"2021-03-15T12:40:52+00:00\",\"dateModified\":\"2025-01-20T20:47:50+00:00\",\"description\":\"PHILIPS Lecteur CD DVD DVP3800 - P\u00e9ritel - T\u00e9l\u00e9commande - Couleur : noir - Dimensions : 20 x 35,5, Ht. 4cm - Etat : Excellent, fonctionne\",\"breadcrumb\":{\"@id\":\"https:\/\/www.verdieditions.com\/cd-pop-rock\/produit\/philips-lecteur-cd-dvd-dvp3800\/#breadcrumb\"},\"inLanguage\":\"fr-FR\",\"potentialAction\":[{\"@type\":\"ReadAction\",\"target\":[\"https:\/\/www.verdieditions.com\/cd-pop-rock\/produit\/philips-lecteur-cd-dvd-dvp3800\/\"]}]},{\"@type\":\"ImageObject\",\"inLanguage\":\"fr-FR\",\"@id\":\"https:\/\/www.verdieditions.com\/cd-pop-rock\/produit\/philips-lecteur-cd-dvd-dvp3800\/#primaryimage\",\"url\":\"https:\/\/www.verdieditions.com\/cd-pop-rock\/wp-content\/uploads\/2021\/03\/lecteur-cd-dvd-Philips-DVP3800-7.jpg\",\"contentUrl\":\"https:\/\/www.verdieditions.com\/cd-pop-rock\/wp-content\/uploads\/2021\/03\/lecteur-cd-dvd-Philips-DVP3800-7.jpg\",\"width\":800,\"height\":533,\"caption\":\"lecteur-cd-dvd-Philips-DVP3800-7\"},{\"@type\":\"BreadcrumbList\",\"@id\":\"https:\/\/www.verdieditions.com\/cd-pop-rock\/produit\/philips-lecteur-cd-dvd-dvp3800\/#breadcrumb\",\"itemListElement\":[{\"@type\":\"ListItem\",\"position\":1,\"name\":\"Accueil\",\"item\":\"https:\/\/www.verdieditions.com\/cd-pop-rock\/\"},{\"@type\":\"ListItem\",\"position\":2,\"name\":\"La Boutique\",\"item\":\"https:\/\/www.verdieditions.com\/cd-pop-rock\/boutique\/\"},{\"@type\":\"ListItem\",\"position\":3,\"name\":\"PHILIPS &#8211; Lecteur CD DVD Ref. DVP3800\"}]},{\"@type\":\"WebSite\",\"@id\":\"https:\/\/www.verdieditions.com\/cd-pop-rock\/#website\",\"url\":\"https:\/\/www.verdieditions.com\/cd-pop-rock\/\",\"name\":\"CD Pop Rock\",\"description\":\"CD, K7, Vinyles, VHS et DVD de Musique Pop et Rock vintage\",\"publisher\":{\"@id\":\"https:\/\/www.verdieditions.com\/cd-pop-rock\/#\/schema\/person\/3a9da867add08338474907117bf9668a\"},\"potentialAction\":[{\"@type\":\"SearchAction\",\"target\":{\"@type\":\"EntryPoint\",\"urlTemplate\":\"https:\/\/www.verdieditions.com\/cd-pop-rock\/?s={search_term_string}\"},\"query-input\":{\"@type\":\"PropertyValueSpecification\",\"valueRequired\":true,\"valueName\":\"search_term_string\"}}],\"inLanguage\":\"fr-FR\"},{\"@type\":[\"Person\",\"Organization\"],\"@id\":\"https:\/\/www.verdieditions.com\/cd-pop-rock\/#\/schema\/person\/3a9da867add08338474907117bf9668a\",\"name\":\"Sylvie VERDI\",\"image\":{\"@type\":\"ImageObject\",\"inLanguage\":\"fr-FR\",\"@id\":\"https:\/\/www.verdieditions.com\/cd-pop-rock\/#\/schema\/person\/image\/\",\"url\":\"https:\/\/www.verdieditions.com\/cd-pop-rock\/wp-content\/uploads\/2021\/01\/cropped-favicon-cd-pop-rock-vinyle-32x32-1.png\",\"contentUrl\":\"https:\/\/www.verdieditions.com\/cd-pop-rock\/wp-content\/uploads\/2021\/01\/cropped-favicon-cd-pop-rock-vinyle-32x32-1.png\",\"width\":512,\"height\":512,\"caption\":\"Sylvie VERDI\"},\"logo\":{\"@id\":\"https:\/\/www.verdieditions.com\/cd-pop-rock\/#\/schema\/person\/image\/\"},\"sameAs\":[\"https:\/\/www.verdieditions.com\/cd-pop-rock\",\"https:\/\/www.facebook.com\/CD-Pop-Rock-107168374818139\"]}]}<\/script>\n<!-- \/ Yoast SEO plugin. -->","yoast_head_json":{"title":"PHILIPS - Lecteur CD DVD Ref. DVP3800 - CD Pop Rock","description":"PHILIPS Lecteur CD DVD DVP3800 - P\u00e9ritel - T\u00e9l\u00e9commande - Couleur : noir - Dimensions : 20 x 35,5, Ht. 4cm - Etat : Excellent, fonctionne","robots":{"index":"index","follow":"follow","max-snippet":"max-snippet:-1","max-image-preview":"max-image-preview:large","max-video-preview":"max-video-preview:-1"},"canonical":"https:\/\/www.verdieditions.com\/cd-pop-rock\/produit\/philips-lecteur-cd-dvd-dvp3800\/","og_locale":"fr_FR","og_type":"article","og_title":"PHILIPS - Lecteur CD DVD Ref. DVP3800 - CD Pop Rock","og_description":"PHILIPS Lecteur CD DVD DVP3800 - P\u00e9ritel - T\u00e9l\u00e9commande - Couleur : noir - Dimensions : 20 x 35,5, Ht. 4cm - Etat : Excellent, fonctionne","og_url":"https:\/\/www.verdieditions.com\/cd-pop-rock\/produit\/philips-lecteur-cd-dvd-dvp3800\/","og_site_name":"CD Pop Rock","article_publisher":"https:\/\/www.facebook.com\/CD-Pop-Rock-107168374818139","article_modified_time":"2025-01-20T20:47:50+00:00","og_image":[{"width":800,"height":533,"url":"https:\/\/www.verdieditions.com\/cd-pop-rock\/wp-content\/uploads\/2021\/03\/lecteur-cd-dvd-Philips-DVP3800-7.jpg","type":"image\/jpeg"}],"twitter_card":"summary_large_image","twitter_misc":{"Dur\u00e9e de lecture estim\u00e9e":"1 minute"},"schema":{"@context":"https:\/\/schema.org","@graph":[{"@type":"WebPage","@id":"https:\/\/www.verdieditions.com\/cd-pop-rock\/produit\/philips-lecteur-cd-dvd-dvp3800\/","url":"https:\/\/www.verdieditions.com\/cd-pop-rock\/produit\/philips-lecteur-cd-dvd-dvp3800\/","name":"PHILIPS - Lecteur CD DVD Ref. DVP3800 - CD Pop Rock","isPartOf":{"@id":"https:\/\/www.verdieditions.com\/cd-pop-rock\/#website"},"primaryImageOfPage":{"@id":"https:\/\/www.verdieditions.com\/cd-pop-rock\/produit\/philips-lecteur-cd-dvd-dvp3800\/#primaryimage"},"image":{"@id":"https:\/\/www.verdieditions.com\/cd-pop-rock\/produit\/philips-lecteur-cd-dvd-dvp3800\/#primaryimage"},"thumbnailUrl":"https:\/\/www.verdieditions.com\/cd-pop-rock\/wp-content\/uploads\/2021\/03\/lecteur-cd-dvd-Philips-DVP3800-7.jpg","datePublished":"2021-03-15T12:40:52+00:00","dateModified":"2025-01-20T20:47:50+00:00","description":"PHILIPS Lecteur CD DVD DVP3800 - P\u00e9ritel - T\u00e9l\u00e9commande - Couleur : noir - Dimensions : 20 x 35,5, Ht. 4cm - Etat : Excellent, fonctionne","breadcrumb":{"@id":"https:\/\/www.verdieditions.com\/cd-pop-rock\/produit\/philips-lecteur-cd-dvd-dvp3800\/#breadcrumb"},"inLanguage":"fr-FR","potentialAction":[{"@type":"ReadAction","target":["https:\/\/www.verdieditions.com\/cd-pop-rock\/produit\/philips-lecteur-cd-dvd-dvp3800\/"]}]},{"@type":"ImageObject","inLanguage":"fr-FR","@id":"https:\/\/www.verdieditions.com\/cd-pop-rock\/produit\/philips-lecteur-cd-dvd-dvp3800\/#primaryimage","url":"https:\/\/www.verdieditions.com\/cd-pop-rock\/wp-content\/uploads\/2021\/03\/lecteur-cd-dvd-Philips-DVP3800-7.jpg","contentUrl":"https:\/\/www.verdieditions.com\/cd-pop-rock\/wp-content\/uploads\/2021\/03\/lecteur-cd-dvd-Philips-DVP3800-7.jpg","width":800,"height":533,"caption":"lecteur-cd-dvd-Philips-DVP3800-7"},{"@type":"BreadcrumbList","@id":"https:\/\/www.verdieditions.com\/cd-pop-rock\/produit\/philips-lecteur-cd-dvd-dvp3800\/#breadcrumb","itemListElement":[{"@type":"ListItem","position":1,"name":"Accueil","item":"https:\/\/www.verdieditions.com\/cd-pop-rock\/"},{"@type":"ListItem","position":2,"name":"La Boutique","item":"https:\/\/www.verdieditions.com\/cd-pop-rock\/boutique\/"},{"@type":"ListItem","position":3,"name":"PHILIPS &#8211; Lecteur CD DVD Ref. DVP3800"}]},{"@type":"WebSite","@id":"https:\/\/www.verdieditions.com\/cd-pop-rock\/#website","url":"https:\/\/www.verdieditions.com\/cd-pop-rock\/","name":"CD Pop Rock","description":"CD, K7, Vinyles, VHS et DVD de Musique Pop et Rock vintage","publisher":{"@id":"https:\/\/www.verdieditions.com\/cd-pop-rock\/#\/schema\/person\/3a9da867add08338474907117bf9668a"},"potentialAction":[{"@type":"SearchAction","target":{"@type":"EntryPoint","urlTemplate":"https:\/\/www.verdieditions.com\/cd-pop-rock\/?s={search_term_string}"},"query-input":{"@type":"PropertyValueSpecification","valueRequired":true,"valueName":"search_term_string"}}],"inLanguage":"fr-FR"},{"@type":["Person","Organization"],"@id":"https:\/\/www.verdieditions.com\/cd-pop-rock\/#\/schema\/person\/3a9da867add08338474907117bf9668a","name":"Sylvie VERDI","image":{"@type":"ImageObject","inLanguage":"fr-FR","@id":"https:\/\/www.verdieditions.com\/cd-pop-rock\/#\/schema\/person\/image\/","url":"https:\/\/www.verdieditions.com\/cd-pop-rock\/wp-content\/uploads\/2021\/01\/cropped-favicon-cd-pop-rock-vinyle-32x32-1.png","contentUrl":"https:\/\/www.verdieditions.com\/cd-pop-rock\/wp-content\/uploads\/2021\/01\/cropped-favicon-cd-pop-rock-vinyle-32x32-1.png","width":512,"height":512,"caption":"Sylvie VERDI"},"logo":{"@id":"https:\/\/www.verdieditions.com\/cd-pop-rock\/#\/schema\/person\/image\/"},"sameAs":["https:\/\/www.verdieditions.com\/cd-pop-rock","https:\/\/www.facebook.com\/CD-Pop-Rock-107168374818139"]}]}},"_links":{"self":[{"href":"https:\/\/www.verdieditions.com\/cd-pop-rock\/wp-json\/wp\/v2\/product\/2474","targetHints":{"allow":["GET"]}}],"collection":[{"href":"https:\/\/www.verdieditions.com\/cd-pop-rock\/wp-json\/wp\/v2\/product"}],"about":[{"href":"https:\/\/www.verdieditions.com\/cd-pop-rock\/wp-json\/wp\/v2\/types\/product"}],"wp:featuredmedia":[{"embeddable":true,"href":"https:\/\/www.verdieditions.com\/cd-pop-rock\/wp-json\/wp\/v2\/media\/2479"}],"wp:attachment":[{"href":"https:\/\/www.verdieditions.com\/cd-pop-rock\/wp-json\/wp\/v2\/media?parent=2474"}],"wp:term":[{"taxonomy":"product_brand","embeddable":true,"href":"https:\/\/www.verdieditions.com\/cd-pop-rock\/wp-json\/wp\/v2\/product_brand?post=2474"},{"taxonomy":"product_cat","embeddable":true,"href":"https:\/\/www.verdieditions.com\/cd-pop-rock\/wp-json\/wp\/v2\/product_cat?post=2474"},{"taxonomy":"product_tag","embeddable":true,"href":"https:\/\/www.verdieditions.com\/cd-pop-rock\/wp-json\/wp\/v2\/product_tag?post=2474"}],"curies":[{"name":"wp","href":"https:\/\/api.w.org\/{rel}","templated":true}]}}