{"id":2460,"date":"2021-02-25T09:53:26","date_gmt":"2021-02-25T08:53:26","guid":{"rendered":"https:\/\/www.verdieditions.com\/cd-pop-rock\/?post_type=product&#038;p=2460"},"modified":"2024-02-19T14:16:23","modified_gmt":"2024-02-19T13:16:23","slug":"hub-omenex-5-ports-491961","status":"publish","type":"product","link":"https:\/\/www.verdieditions.com\/cd-pop-rock\/produit\/hub-omenex-5-ports-491961\/","title":{"rendered":"OMENEX &#8211; Hub Mini Switch r\u00e9seau 5 ports Ref. 491961"},"content":{"rendered":"<p>Marque : OMENEX<br \/>\nProduit : Hub Mini Switch r\u00e9seau Ref. 491961<br \/>\nNb de ports : 5<br \/>\nType : Ethernet 10Base-T<br \/>\nConsole ports: RJ-45 Ethernet<br \/>\nCouleur : Noir<br \/>\nCompatibilit\u00e9 : PC<br \/>\nDimensions : 9,8 x 7, \u00e9p. 3cm<br \/>\nEtat : Excellent, peu utilis\u00e9, fonctionne<br \/>\nFourni avec adaptateur (voir photos)<\/p>\n","protected":false},"excerpt":{"rendered":"<p>Marque : OMENEX<br \/>\nProduit : Hub Mini Switch r\u00e9seau Ref. 491961<br \/>\nNb de ports : 5<br \/>\nType : Ethernet 10Base-T<br \/>\nConsole ports: RJ-45 Ethernet<br \/>\nCouleur : Noir<br \/>\nCompatibilit\u00e9 : PC<br \/>\nDimensions : 9,8 x 7, \u00e9p. 3cm<br \/>\nEtat : Excellent, peu utilis\u00e9, fonctionne<br \/>\nFourni avec adaptateur (voir photos)<\/p>\n","protected":false},"featured_media":2462,"template":"","meta":[],"product_brand":[],"product_cat":[74],"product_tag":[176],"class_list":{"0":"post-2460","1":"product","2":"type-product","3":"status-publish","4":"has-post-thumbnail","6":"product_cat-materiel","7":"product_tag-hub","9":"first","10":"instock","11":"shipping-taxable","12":"product-type-simple"},"yoast_head":"<!-- This site is optimized with the Yoast SEO plugin v27.0 - https:\/\/yoast.com\/product\/yoast-seo-wordpress\/ -->\n<title>OMENEX - Hub Mini Switch r\u00e9seau 5 ports Ref. 491961 - CD Pop Rock<\/title>\n<meta name=\"description\" content=\"OMENEX Hub Mini Switch r\u00e9seau Ref. 491961 5 ports - Ethernet 10Base-T RJ-45 Noir - PC - Peu utilis\u00e9, fonctionne, avec adaptateur\" \/>\n<meta name=\"robots\" content=\"index, follow, max-snippet:-1, max-image-preview:large, max-video-preview:-1\" \/>\n<link rel=\"canonical\" href=\"https:\/\/www.verdieditions.com\/cd-pop-rock\/produit\/hub-omenex-5-ports-491961\/\" \/>\n<meta property=\"og:locale\" content=\"fr_FR\" \/>\n<meta property=\"og:type\" content=\"article\" \/>\n<meta property=\"og:title\" content=\"OMENEX - Hub Mini Switch r\u00e9seau 5 ports Ref. 491961 - CD Pop Rock\" \/>\n<meta property=\"og:description\" content=\"OMENEX Hub Mini Switch r\u00e9seau Ref. 491961 5 ports - Ethernet 10Base-T RJ-45 Noir - PC - Peu utilis\u00e9, fonctionne, avec adaptateur\" \/>\n<meta property=\"og:url\" content=\"https:\/\/www.verdieditions.com\/cd-pop-rock\/produit\/hub-omenex-5-ports-491961\/\" \/>\n<meta property=\"og:site_name\" content=\"CD Pop Rock\" \/>\n<meta property=\"article:publisher\" content=\"https:\/\/www.facebook.com\/CD-Pop-Rock-107168374818139\" \/>\n<meta property=\"article:modified_time\" content=\"2024-02-19T13:16:23+00:00\" \/>\n<meta property=\"og:image\" content=\"https:\/\/www.verdieditions.com\/cd-pop-rock\/wp-content\/uploads\/2021\/03\/Hub-omenex-5-ports-491961-2.jpg\" \/>\n\t<meta property=\"og:image:width\" content=\"800\" \/>\n\t<meta property=\"og:image:height\" content=\"534\" \/>\n\t<meta property=\"og:image:type\" content=\"image\/jpeg\" \/>\n<meta name=\"twitter:card\" content=\"summary_large_image\" \/>\n<script type=\"application\/ld+json\" class=\"yoast-schema-graph\">{\"@context\":\"https:\/\/schema.org\",\"@graph\":[{\"@type\":\"WebPage\",\"@id\":\"https:\/\/www.verdieditions.com\/cd-pop-rock\/produit\/hub-omenex-5-ports-491961\/\",\"url\":\"https:\/\/www.verdieditions.com\/cd-pop-rock\/produit\/hub-omenex-5-ports-491961\/\",\"name\":\"OMENEX - Hub Mini Switch r\u00e9seau 5 ports Ref. 491961 - CD Pop Rock\",\"isPartOf\":{\"@id\":\"https:\/\/www.verdieditions.com\/cd-pop-rock\/#website\"},\"primaryImageOfPage\":{\"@id\":\"https:\/\/www.verdieditions.com\/cd-pop-rock\/produit\/hub-omenex-5-ports-491961\/#primaryimage\"},\"image\":{\"@id\":\"https:\/\/www.verdieditions.com\/cd-pop-rock\/produit\/hub-omenex-5-ports-491961\/#primaryimage\"},\"thumbnailUrl\":\"https:\/\/www.verdieditions.com\/cd-pop-rock\/wp-content\/uploads\/2021\/03\/Hub-omenex-5-ports-491961-2.jpg\",\"datePublished\":\"2021-02-25T08:53:26+00:00\",\"dateModified\":\"2024-02-19T13:16:23+00:00\",\"description\":\"OMENEX Hub Mini Switch r\u00e9seau Ref. 491961 5 ports - Ethernet 10Base-T RJ-45 Noir - PC - Peu utilis\u00e9, fonctionne, avec adaptateur\",\"breadcrumb\":{\"@id\":\"https:\/\/www.verdieditions.com\/cd-pop-rock\/produit\/hub-omenex-5-ports-491961\/#breadcrumb\"},\"inLanguage\":\"fr-FR\",\"potentialAction\":[{\"@type\":\"ReadAction\",\"target\":[\"https:\/\/www.verdieditions.com\/cd-pop-rock\/produit\/hub-omenex-5-ports-491961\/\"]}]},{\"@type\":\"ImageObject\",\"inLanguage\":\"fr-FR\",\"@id\":\"https:\/\/www.verdieditions.com\/cd-pop-rock\/produit\/hub-omenex-5-ports-491961\/#primaryimage\",\"url\":\"https:\/\/www.verdieditions.com\/cd-pop-rock\/wp-content\/uploads\/2021\/03\/Hub-omenex-5-ports-491961-2.jpg\",\"contentUrl\":\"https:\/\/www.verdieditions.com\/cd-pop-rock\/wp-content\/uploads\/2021\/03\/Hub-omenex-5-ports-491961-2.jpg\",\"width\":800,\"height\":534,\"caption\":\"Hub-omenex-5-ports-491961-2\"},{\"@type\":\"BreadcrumbList\",\"@id\":\"https:\/\/www.verdieditions.com\/cd-pop-rock\/produit\/hub-omenex-5-ports-491961\/#breadcrumb\",\"itemListElement\":[{\"@type\":\"ListItem\",\"position\":1,\"name\":\"Accueil\",\"item\":\"https:\/\/www.verdieditions.com\/cd-pop-rock\/\"},{\"@type\":\"ListItem\",\"position\":2,\"name\":\"La Boutique\",\"item\":\"https:\/\/www.verdieditions.com\/cd-pop-rock\/boutique\/\"},{\"@type\":\"ListItem\",\"position\":3,\"name\":\"OMENEX &#8211; Hub Mini Switch r\u00e9seau 5 ports Ref. 491961\"}]},{\"@type\":\"WebSite\",\"@id\":\"https:\/\/www.verdieditions.com\/cd-pop-rock\/#website\",\"url\":\"https:\/\/www.verdieditions.com\/cd-pop-rock\/\",\"name\":\"CD Pop Rock\",\"description\":\"CD, K7, Vinyles, VHS et DVD de Musique Pop et Rock vintage\",\"publisher\":{\"@id\":\"https:\/\/www.verdieditions.com\/cd-pop-rock\/#\/schema\/person\/3a9da867add08338474907117bf9668a\"},\"potentialAction\":[{\"@type\":\"SearchAction\",\"target\":{\"@type\":\"EntryPoint\",\"urlTemplate\":\"https:\/\/www.verdieditions.com\/cd-pop-rock\/?s={search_term_string}\"},\"query-input\":{\"@type\":\"PropertyValueSpecification\",\"valueRequired\":true,\"valueName\":\"search_term_string\"}}],\"inLanguage\":\"fr-FR\"},{\"@type\":[\"Person\",\"Organization\"],\"@id\":\"https:\/\/www.verdieditions.com\/cd-pop-rock\/#\/schema\/person\/3a9da867add08338474907117bf9668a\",\"name\":\"Sylvie VERDI\",\"image\":{\"@type\":\"ImageObject\",\"inLanguage\":\"fr-FR\",\"@id\":\"https:\/\/www.verdieditions.com\/cd-pop-rock\/#\/schema\/person\/image\/\",\"url\":\"https:\/\/www.verdieditions.com\/cd-pop-rock\/wp-content\/uploads\/2021\/01\/cropped-favicon-cd-pop-rock-vinyle-32x32-1.png\",\"contentUrl\":\"https:\/\/www.verdieditions.com\/cd-pop-rock\/wp-content\/uploads\/2021\/01\/cropped-favicon-cd-pop-rock-vinyle-32x32-1.png\",\"width\":512,\"height\":512,\"caption\":\"Sylvie VERDI\"},\"logo\":{\"@id\":\"https:\/\/www.verdieditions.com\/cd-pop-rock\/#\/schema\/person\/image\/\"},\"sameAs\":[\"https:\/\/www.verdieditions.com\/cd-pop-rock\",\"https:\/\/www.facebook.com\/CD-Pop-Rock-107168374818139\"]}]}<\/script>\n<!-- \/ Yoast SEO plugin. -->","yoast_head_json":{"title":"OMENEX - Hub Mini Switch r\u00e9seau 5 ports Ref. 491961 - CD Pop Rock","description":"OMENEX Hub Mini Switch r\u00e9seau Ref. 491961 5 ports - Ethernet 10Base-T RJ-45 Noir - PC - Peu utilis\u00e9, fonctionne, avec adaptateur","robots":{"index":"index","follow":"follow","max-snippet":"max-snippet:-1","max-image-preview":"max-image-preview:large","max-video-preview":"max-video-preview:-1"},"canonical":"https:\/\/www.verdieditions.com\/cd-pop-rock\/produit\/hub-omenex-5-ports-491961\/","og_locale":"fr_FR","og_type":"article","og_title":"OMENEX - Hub Mini Switch r\u00e9seau 5 ports Ref. 491961 - CD Pop Rock","og_description":"OMENEX Hub Mini Switch r\u00e9seau Ref. 491961 5 ports - Ethernet 10Base-T RJ-45 Noir - PC - Peu utilis\u00e9, fonctionne, avec adaptateur","og_url":"https:\/\/www.verdieditions.com\/cd-pop-rock\/produit\/hub-omenex-5-ports-491961\/","og_site_name":"CD Pop Rock","article_publisher":"https:\/\/www.facebook.com\/CD-Pop-Rock-107168374818139","article_modified_time":"2024-02-19T13:16:23+00:00","og_image":[{"width":800,"height":534,"url":"https:\/\/www.verdieditions.com\/cd-pop-rock\/wp-content\/uploads\/2021\/03\/Hub-omenex-5-ports-491961-2.jpg","type":"image\/jpeg"}],"twitter_card":"summary_large_image","schema":{"@context":"https:\/\/schema.org","@graph":[{"@type":"WebPage","@id":"https:\/\/www.verdieditions.com\/cd-pop-rock\/produit\/hub-omenex-5-ports-491961\/","url":"https:\/\/www.verdieditions.com\/cd-pop-rock\/produit\/hub-omenex-5-ports-491961\/","name":"OMENEX - Hub Mini Switch r\u00e9seau 5 ports Ref. 491961 - CD Pop Rock","isPartOf":{"@id":"https:\/\/www.verdieditions.com\/cd-pop-rock\/#website"},"primaryImageOfPage":{"@id":"https:\/\/www.verdieditions.com\/cd-pop-rock\/produit\/hub-omenex-5-ports-491961\/#primaryimage"},"image":{"@id":"https:\/\/www.verdieditions.com\/cd-pop-rock\/produit\/hub-omenex-5-ports-491961\/#primaryimage"},"thumbnailUrl":"https:\/\/www.verdieditions.com\/cd-pop-rock\/wp-content\/uploads\/2021\/03\/Hub-omenex-5-ports-491961-2.jpg","datePublished":"2021-02-25T08:53:26+00:00","dateModified":"2024-02-19T13:16:23+00:00","description":"OMENEX Hub Mini Switch r\u00e9seau Ref. 491961 5 ports - Ethernet 10Base-T RJ-45 Noir - PC - Peu utilis\u00e9, fonctionne, avec adaptateur","breadcrumb":{"@id":"https:\/\/www.verdieditions.com\/cd-pop-rock\/produit\/hub-omenex-5-ports-491961\/#breadcrumb"},"inLanguage":"fr-FR","potentialAction":[{"@type":"ReadAction","target":["https:\/\/www.verdieditions.com\/cd-pop-rock\/produit\/hub-omenex-5-ports-491961\/"]}]},{"@type":"ImageObject","inLanguage":"fr-FR","@id":"https:\/\/www.verdieditions.com\/cd-pop-rock\/produit\/hub-omenex-5-ports-491961\/#primaryimage","url":"https:\/\/www.verdieditions.com\/cd-pop-rock\/wp-content\/uploads\/2021\/03\/Hub-omenex-5-ports-491961-2.jpg","contentUrl":"https:\/\/www.verdieditions.com\/cd-pop-rock\/wp-content\/uploads\/2021\/03\/Hub-omenex-5-ports-491961-2.jpg","width":800,"height":534,"caption":"Hub-omenex-5-ports-491961-2"},{"@type":"BreadcrumbList","@id":"https:\/\/www.verdieditions.com\/cd-pop-rock\/produit\/hub-omenex-5-ports-491961\/#breadcrumb","itemListElement":[{"@type":"ListItem","position":1,"name":"Accueil","item":"https:\/\/www.verdieditions.com\/cd-pop-rock\/"},{"@type":"ListItem","position":2,"name":"La Boutique","item":"https:\/\/www.verdieditions.com\/cd-pop-rock\/boutique\/"},{"@type":"ListItem","position":3,"name":"OMENEX &#8211; Hub Mini Switch r\u00e9seau 5 ports Ref. 491961"}]},{"@type":"WebSite","@id":"https:\/\/www.verdieditions.com\/cd-pop-rock\/#website","url":"https:\/\/www.verdieditions.com\/cd-pop-rock\/","name":"CD Pop Rock","description":"CD, K7, Vinyles, VHS et DVD de Musique Pop et Rock vintage","publisher":{"@id":"https:\/\/www.verdieditions.com\/cd-pop-rock\/#\/schema\/person\/3a9da867add08338474907117bf9668a"},"potentialAction":[{"@type":"SearchAction","target":{"@type":"EntryPoint","urlTemplate":"https:\/\/www.verdieditions.com\/cd-pop-rock\/?s={search_term_string}"},"query-input":{"@type":"PropertyValueSpecification","valueRequired":true,"valueName":"search_term_string"}}],"inLanguage":"fr-FR"},{"@type":["Person","Organization"],"@id":"https:\/\/www.verdieditions.com\/cd-pop-rock\/#\/schema\/person\/3a9da867add08338474907117bf9668a","name":"Sylvie VERDI","image":{"@type":"ImageObject","inLanguage":"fr-FR","@id":"https:\/\/www.verdieditions.com\/cd-pop-rock\/#\/schema\/person\/image\/","url":"https:\/\/www.verdieditions.com\/cd-pop-rock\/wp-content\/uploads\/2021\/01\/cropped-favicon-cd-pop-rock-vinyle-32x32-1.png","contentUrl":"https:\/\/www.verdieditions.com\/cd-pop-rock\/wp-content\/uploads\/2021\/01\/cropped-favicon-cd-pop-rock-vinyle-32x32-1.png","width":512,"height":512,"caption":"Sylvie VERDI"},"logo":{"@id":"https:\/\/www.verdieditions.com\/cd-pop-rock\/#\/schema\/person\/image\/"},"sameAs":["https:\/\/www.verdieditions.com\/cd-pop-rock","https:\/\/www.facebook.com\/CD-Pop-Rock-107168374818139"]}]}},"_links":{"self":[{"href":"https:\/\/www.verdieditions.com\/cd-pop-rock\/wp-json\/wp\/v2\/product\/2460","targetHints":{"allow":["GET"]}}],"collection":[{"href":"https:\/\/www.verdieditions.com\/cd-pop-rock\/wp-json\/wp\/v2\/product"}],"about":[{"href":"https:\/\/www.verdieditions.com\/cd-pop-rock\/wp-json\/wp\/v2\/types\/product"}],"wp:featuredmedia":[{"embeddable":true,"href":"https:\/\/www.verdieditions.com\/cd-pop-rock\/wp-json\/wp\/v2\/media\/2462"}],"wp:attachment":[{"href":"https:\/\/www.verdieditions.com\/cd-pop-rock\/wp-json\/wp\/v2\/media?parent=2460"}],"wp:term":[{"taxonomy":"product_brand","embeddable":true,"href":"https:\/\/www.verdieditions.com\/cd-pop-rock\/wp-json\/wp\/v2\/product_brand?post=2460"},{"taxonomy":"product_cat","embeddable":true,"href":"https:\/\/www.verdieditions.com\/cd-pop-rock\/wp-json\/wp\/v2\/product_cat?post=2460"},{"taxonomy":"product_tag","embeddable":true,"href":"https:\/\/www.verdieditions.com\/cd-pop-rock\/wp-json\/wp\/v2\/product_tag?post=2460"}],"curies":[{"name":"wp","href":"https:\/\/api.w.org\/{rel}","templated":true}]}}