{"id":2364,"date":"2021-02-19T10:52:14","date_gmt":"2021-02-19T09:52:14","guid":{"rendered":"https:\/\/www.verdieditions.com\/cd-pop-rock\/?post_type=product&#038;p=2364"},"modified":"2024-02-19T13:53:53","modified_gmt":"2024-02-19T12:53:53","slug":"bjork-marc-besse","status":"publish","type":"product","link":"https:\/\/www.verdieditions.com\/cd-pop-rock\/produit\/bjork-marc-besse\/","title":{"rendered":"BJ\u00d6RK &#8211; Marc BESSE"},"content":{"rendered":"<p>Artiste : BJ\u00d6RK<br \/>\nTitre : BJ\u00d6RK<br \/>\nAuteur : Marc BESSE<br \/>\nAnn\u00e9e : 2004, \u00e9dition originale<br \/>\n\u00c9diteur : Librio<br \/>\nNb de pages : 95 p.<br \/>\nFormat : 13,5 x 20,5 <\/p>\n<p>Pr\u00e9sente la vie et la carri\u00e8re de la chanteuse et com\u00e9dienne islandaise. Ce portrait est agr\u00e9ment\u00e9 de t\u00e9moignages de proches et d&rsquo;un entretien in\u00e9dit.<\/p>\n<p>Un murmure, puis un cri, une voix f\u00eal\u00e9e venue d&rsquo;ailleurs&#8230; On reconna\u00eet Bj\u00f6rk en une fraction de seconde. Chaleureuse et inaccessible, sophistiqu\u00e9e et provocante, timide et explosive, elle d\u00e9concerte son public autant qu&rsquo;elle le s\u00e9duit. \u00ab\u00a0J&rsquo;aime m&rsquo;en remettre \u00e0 la magie\u00a0\u00bb, dit-elle en parlant de sa<br \/>\nmusique. Et la magie op\u00e8re&#8230; La f\u00e9e islandaise est devenue en une d\u00e9cennie la grande pr\u00eatresse de l&rsquo;\u00e9lectro-pop, respect\u00e9e par ses pairs et admir\u00e9e par d&rsquo;innombrables fans.<\/p>\n","protected":false},"excerpt":{"rendered":"<p>Artiste : BJ\u00d6RK<br \/>\nTitre : BJ\u00d6RK<br \/>\nAuteur : Marc BESSE<br \/>\nAnn\u00e9e : 2004, \u00e9dition originale<br \/>\n\u00c9diteur : Librio<br \/>\nNb de pages : 95 p.<br \/>\nFormat : 13,5 x 20,5 <\/p>\n","protected":false},"featured_media":2365,"template":"","meta":[],"product_brand":[],"product_cat":[76],"product_tag":[38,83,104],"class_list":{"0":"post-2364","1":"product","2":"type-product","3":"status-publish","4":"has-post-thumbnail","6":"product_cat-livres","7":"product_tag-electronics","8":"product_tag-pop","9":"product_tag-synthpop","11":"first","12":"instock","13":"shipping-taxable","14":"product-type-simple"},"yoast_head":"<!-- This site is optimized with the Yoast SEO plugin v27.0 - https:\/\/yoast.com\/product\/yoast-seo-wordpress\/ -->\n<title>BJ\u00d6RK - Marc BESSE - CD Pop Rock<\/title>\n<meta name=\"description\" content=\"Artiste : BJ\u00d6RK - Titre : BJ\u00d6RK - Auteur : Marc BESSE Ann\u00e9e : 2004, \u00e9dition originale - \u00c9diteur : Librio - 95 p.- Format : 13,5 x 20,5\" \/>\n<meta name=\"robots\" content=\"index, follow, max-snippet:-1, max-image-preview:large, max-video-preview:-1\" \/>\n<link rel=\"canonical\" href=\"https:\/\/www.verdieditions.com\/cd-pop-rock\/produit\/bjork-marc-besse\/\" \/>\n<meta property=\"og:locale\" content=\"fr_FR\" \/>\n<meta property=\"og:type\" content=\"article\" \/>\n<meta property=\"og:title\" content=\"BJ\u00d6RK - Marc BESSE - CD Pop Rock\" \/>\n<meta property=\"og:description\" content=\"Artiste : BJ\u00d6RK - Titre : BJ\u00d6RK - Auteur : Marc BESSE Ann\u00e9e : 2004, \u00e9dition originale - \u00c9diteur : Librio - 95 p.- Format : 13,5 x 20,5\" \/>\n<meta property=\"og:url\" content=\"https:\/\/www.verdieditions.com\/cd-pop-rock\/produit\/bjork-marc-besse\/\" \/>\n<meta property=\"og:site_name\" content=\"CD Pop Rock\" \/>\n<meta property=\"article:publisher\" content=\"https:\/\/www.facebook.com\/CD-Pop-Rock-107168374818139\" \/>\n<meta property=\"article:modified_time\" content=\"2024-02-19T12:53:53+00:00\" \/>\n<meta property=\"og:image\" content=\"https:\/\/www.verdieditions.com\/cd-pop-rock\/wp-content\/uploads\/2021\/03\/BJORK-marc-besse.jpg\" \/>\n\t<meta property=\"og:image:width\" content=\"800\" \/>\n\t<meta property=\"og:image:height\" content=\"534\" \/>\n\t<meta property=\"og:image:type\" content=\"image\/jpeg\" \/>\n<meta name=\"twitter:card\" content=\"summary_large_image\" \/>\n<meta name=\"twitter:label1\" content=\"Dur\u00e9e de lecture estim\u00e9e\" \/>\n\t<meta name=\"twitter:data1\" content=\"1 minute\" \/>\n<script type=\"application\/ld+json\" class=\"yoast-schema-graph\">{\"@context\":\"https:\/\/schema.org\",\"@graph\":[{\"@type\":\"WebPage\",\"@id\":\"https:\/\/www.verdieditions.com\/cd-pop-rock\/produit\/bjork-marc-besse\/\",\"url\":\"https:\/\/www.verdieditions.com\/cd-pop-rock\/produit\/bjork-marc-besse\/\",\"name\":\"BJ\u00d6RK - Marc BESSE - CD Pop Rock\",\"isPartOf\":{\"@id\":\"https:\/\/www.verdieditions.com\/cd-pop-rock\/#website\"},\"primaryImageOfPage\":{\"@id\":\"https:\/\/www.verdieditions.com\/cd-pop-rock\/produit\/bjork-marc-besse\/#primaryimage\"},\"image\":{\"@id\":\"https:\/\/www.verdieditions.com\/cd-pop-rock\/produit\/bjork-marc-besse\/#primaryimage\"},\"thumbnailUrl\":\"https:\/\/www.verdieditions.com\/cd-pop-rock\/wp-content\/uploads\/2021\/03\/BJORK-marc-besse.jpg\",\"datePublished\":\"2021-02-19T09:52:14+00:00\",\"dateModified\":\"2024-02-19T12:53:53+00:00\",\"description\":\"Artiste : BJ\u00d6RK - Titre : BJ\u00d6RK - Auteur : Marc BESSE Ann\u00e9e : 2004, \u00e9dition originale - \u00c9diteur : Librio - 95 p.- Format : 13,5 x 20,5\",\"breadcrumb\":{\"@id\":\"https:\/\/www.verdieditions.com\/cd-pop-rock\/produit\/bjork-marc-besse\/#breadcrumb\"},\"inLanguage\":\"fr-FR\",\"potentialAction\":[{\"@type\":\"ReadAction\",\"target\":[\"https:\/\/www.verdieditions.com\/cd-pop-rock\/produit\/bjork-marc-besse\/\"]}]},{\"@type\":\"ImageObject\",\"inLanguage\":\"fr-FR\",\"@id\":\"https:\/\/www.verdieditions.com\/cd-pop-rock\/produit\/bjork-marc-besse\/#primaryimage\",\"url\":\"https:\/\/www.verdieditions.com\/cd-pop-rock\/wp-content\/uploads\/2021\/03\/BJORK-marc-besse.jpg\",\"contentUrl\":\"https:\/\/www.verdieditions.com\/cd-pop-rock\/wp-content\/uploads\/2021\/03\/BJORK-marc-besse.jpg\",\"width\":800,\"height\":534,\"caption\":\"BJORK-marc-besse\"},{\"@type\":\"BreadcrumbList\",\"@id\":\"https:\/\/www.verdieditions.com\/cd-pop-rock\/produit\/bjork-marc-besse\/#breadcrumb\",\"itemListElement\":[{\"@type\":\"ListItem\",\"position\":1,\"name\":\"Accueil\",\"item\":\"https:\/\/www.verdieditions.com\/cd-pop-rock\/\"},{\"@type\":\"ListItem\",\"position\":2,\"name\":\"La Boutique\",\"item\":\"https:\/\/www.verdieditions.com\/cd-pop-rock\/boutique\/\"},{\"@type\":\"ListItem\",\"position\":3,\"name\":\"BJ\u00d6RK &#8211; Marc BESSE\"}]},{\"@type\":\"WebSite\",\"@id\":\"https:\/\/www.verdieditions.com\/cd-pop-rock\/#website\",\"url\":\"https:\/\/www.verdieditions.com\/cd-pop-rock\/\",\"name\":\"CD Pop Rock\",\"description\":\"CD, K7, Vinyles, VHS et DVD de Musique Pop et Rock vintage\",\"publisher\":{\"@id\":\"https:\/\/www.verdieditions.com\/cd-pop-rock\/#\/schema\/person\/3a9da867add08338474907117bf9668a\"},\"potentialAction\":[{\"@type\":\"SearchAction\",\"target\":{\"@type\":\"EntryPoint\",\"urlTemplate\":\"https:\/\/www.verdieditions.com\/cd-pop-rock\/?s={search_term_string}\"},\"query-input\":{\"@type\":\"PropertyValueSpecification\",\"valueRequired\":true,\"valueName\":\"search_term_string\"}}],\"inLanguage\":\"fr-FR\"},{\"@type\":[\"Person\",\"Organization\"],\"@id\":\"https:\/\/www.verdieditions.com\/cd-pop-rock\/#\/schema\/person\/3a9da867add08338474907117bf9668a\",\"name\":\"Sylvie VERDI\",\"image\":{\"@type\":\"ImageObject\",\"inLanguage\":\"fr-FR\",\"@id\":\"https:\/\/www.verdieditions.com\/cd-pop-rock\/#\/schema\/person\/image\/\",\"url\":\"https:\/\/www.verdieditions.com\/cd-pop-rock\/wp-content\/uploads\/2021\/01\/cropped-favicon-cd-pop-rock-vinyle-32x32-1.png\",\"contentUrl\":\"https:\/\/www.verdieditions.com\/cd-pop-rock\/wp-content\/uploads\/2021\/01\/cropped-favicon-cd-pop-rock-vinyle-32x32-1.png\",\"width\":512,\"height\":512,\"caption\":\"Sylvie VERDI\"},\"logo\":{\"@id\":\"https:\/\/www.verdieditions.com\/cd-pop-rock\/#\/schema\/person\/image\/\"},\"sameAs\":[\"https:\/\/www.verdieditions.com\/cd-pop-rock\",\"https:\/\/www.facebook.com\/CD-Pop-Rock-107168374818139\"]}]}<\/script>\n<!-- \/ Yoast SEO plugin. -->","yoast_head_json":{"title":"BJ\u00d6RK - Marc BESSE - CD Pop Rock","description":"Artiste : BJ\u00d6RK - Titre : BJ\u00d6RK - Auteur : Marc BESSE Ann\u00e9e : 2004, \u00e9dition originale - \u00c9diteur : Librio - 95 p.- Format : 13,5 x 20,5","robots":{"index":"index","follow":"follow","max-snippet":"max-snippet:-1","max-image-preview":"max-image-preview:large","max-video-preview":"max-video-preview:-1"},"canonical":"https:\/\/www.verdieditions.com\/cd-pop-rock\/produit\/bjork-marc-besse\/","og_locale":"fr_FR","og_type":"article","og_title":"BJ\u00d6RK - Marc BESSE - CD Pop Rock","og_description":"Artiste : BJ\u00d6RK - Titre : BJ\u00d6RK - Auteur : Marc BESSE Ann\u00e9e : 2004, \u00e9dition originale - \u00c9diteur : Librio - 95 p.- Format : 13,5 x 20,5","og_url":"https:\/\/www.verdieditions.com\/cd-pop-rock\/produit\/bjork-marc-besse\/","og_site_name":"CD Pop Rock","article_publisher":"https:\/\/www.facebook.com\/CD-Pop-Rock-107168374818139","article_modified_time":"2024-02-19T12:53:53+00:00","og_image":[{"width":800,"height":534,"url":"https:\/\/www.verdieditions.com\/cd-pop-rock\/wp-content\/uploads\/2021\/03\/BJORK-marc-besse.jpg","type":"image\/jpeg"}],"twitter_card":"summary_large_image","twitter_misc":{"Dur\u00e9e de lecture estim\u00e9e":"1 minute"},"schema":{"@context":"https:\/\/schema.org","@graph":[{"@type":"WebPage","@id":"https:\/\/www.verdieditions.com\/cd-pop-rock\/produit\/bjork-marc-besse\/","url":"https:\/\/www.verdieditions.com\/cd-pop-rock\/produit\/bjork-marc-besse\/","name":"BJ\u00d6RK - Marc BESSE - CD Pop Rock","isPartOf":{"@id":"https:\/\/www.verdieditions.com\/cd-pop-rock\/#website"},"primaryImageOfPage":{"@id":"https:\/\/www.verdieditions.com\/cd-pop-rock\/produit\/bjork-marc-besse\/#primaryimage"},"image":{"@id":"https:\/\/www.verdieditions.com\/cd-pop-rock\/produit\/bjork-marc-besse\/#primaryimage"},"thumbnailUrl":"https:\/\/www.verdieditions.com\/cd-pop-rock\/wp-content\/uploads\/2021\/03\/BJORK-marc-besse.jpg","datePublished":"2021-02-19T09:52:14+00:00","dateModified":"2024-02-19T12:53:53+00:00","description":"Artiste : BJ\u00d6RK - Titre : BJ\u00d6RK - Auteur : Marc BESSE Ann\u00e9e : 2004, \u00e9dition originale - \u00c9diteur : Librio - 95 p.- Format : 13,5 x 20,5","breadcrumb":{"@id":"https:\/\/www.verdieditions.com\/cd-pop-rock\/produit\/bjork-marc-besse\/#breadcrumb"},"inLanguage":"fr-FR","potentialAction":[{"@type":"ReadAction","target":["https:\/\/www.verdieditions.com\/cd-pop-rock\/produit\/bjork-marc-besse\/"]}]},{"@type":"ImageObject","inLanguage":"fr-FR","@id":"https:\/\/www.verdieditions.com\/cd-pop-rock\/produit\/bjork-marc-besse\/#primaryimage","url":"https:\/\/www.verdieditions.com\/cd-pop-rock\/wp-content\/uploads\/2021\/03\/BJORK-marc-besse.jpg","contentUrl":"https:\/\/www.verdieditions.com\/cd-pop-rock\/wp-content\/uploads\/2021\/03\/BJORK-marc-besse.jpg","width":800,"height":534,"caption":"BJORK-marc-besse"},{"@type":"BreadcrumbList","@id":"https:\/\/www.verdieditions.com\/cd-pop-rock\/produit\/bjork-marc-besse\/#breadcrumb","itemListElement":[{"@type":"ListItem","position":1,"name":"Accueil","item":"https:\/\/www.verdieditions.com\/cd-pop-rock\/"},{"@type":"ListItem","position":2,"name":"La Boutique","item":"https:\/\/www.verdieditions.com\/cd-pop-rock\/boutique\/"},{"@type":"ListItem","position":3,"name":"BJ\u00d6RK &#8211; Marc BESSE"}]},{"@type":"WebSite","@id":"https:\/\/www.verdieditions.com\/cd-pop-rock\/#website","url":"https:\/\/www.verdieditions.com\/cd-pop-rock\/","name":"CD Pop Rock","description":"CD, K7, Vinyles, VHS et DVD de Musique Pop et Rock vintage","publisher":{"@id":"https:\/\/www.verdieditions.com\/cd-pop-rock\/#\/schema\/person\/3a9da867add08338474907117bf9668a"},"potentialAction":[{"@type":"SearchAction","target":{"@type":"EntryPoint","urlTemplate":"https:\/\/www.verdieditions.com\/cd-pop-rock\/?s={search_term_string}"},"query-input":{"@type":"PropertyValueSpecification","valueRequired":true,"valueName":"search_term_string"}}],"inLanguage":"fr-FR"},{"@type":["Person","Organization"],"@id":"https:\/\/www.verdieditions.com\/cd-pop-rock\/#\/schema\/person\/3a9da867add08338474907117bf9668a","name":"Sylvie VERDI","image":{"@type":"ImageObject","inLanguage":"fr-FR","@id":"https:\/\/www.verdieditions.com\/cd-pop-rock\/#\/schema\/person\/image\/","url":"https:\/\/www.verdieditions.com\/cd-pop-rock\/wp-content\/uploads\/2021\/01\/cropped-favicon-cd-pop-rock-vinyle-32x32-1.png","contentUrl":"https:\/\/www.verdieditions.com\/cd-pop-rock\/wp-content\/uploads\/2021\/01\/cropped-favicon-cd-pop-rock-vinyle-32x32-1.png","width":512,"height":512,"caption":"Sylvie VERDI"},"logo":{"@id":"https:\/\/www.verdieditions.com\/cd-pop-rock\/#\/schema\/person\/image\/"},"sameAs":["https:\/\/www.verdieditions.com\/cd-pop-rock","https:\/\/www.facebook.com\/CD-Pop-Rock-107168374818139"]}]}},"_links":{"self":[{"href":"https:\/\/www.verdieditions.com\/cd-pop-rock\/wp-json\/wp\/v2\/product\/2364","targetHints":{"allow":["GET"]}}],"collection":[{"href":"https:\/\/www.verdieditions.com\/cd-pop-rock\/wp-json\/wp\/v2\/product"}],"about":[{"href":"https:\/\/www.verdieditions.com\/cd-pop-rock\/wp-json\/wp\/v2\/types\/product"}],"wp:featuredmedia":[{"embeddable":true,"href":"https:\/\/www.verdieditions.com\/cd-pop-rock\/wp-json\/wp\/v2\/media\/2365"}],"wp:attachment":[{"href":"https:\/\/www.verdieditions.com\/cd-pop-rock\/wp-json\/wp\/v2\/media?parent=2364"}],"wp:term":[{"taxonomy":"product_brand","embeddable":true,"href":"https:\/\/www.verdieditions.com\/cd-pop-rock\/wp-json\/wp\/v2\/product_brand?post=2364"},{"taxonomy":"product_cat","embeddable":true,"href":"https:\/\/www.verdieditions.com\/cd-pop-rock\/wp-json\/wp\/v2\/product_cat?post=2364"},{"taxonomy":"product_tag","embeddable":true,"href":"https:\/\/www.verdieditions.com\/cd-pop-rock\/wp-json\/wp\/v2\/product_tag?post=2364"}],"curies":[{"name":"wp","href":"https:\/\/api.w.org\/{rel}","templated":true}]}}