{"id":2348,"date":"2021-02-19T10:18:16","date_gmt":"2021-02-19T09:18:16","guid":{"rendered":"https:\/\/www.verdieditions.com\/cd-pop-rock\/?post_type=product&#038;p=2348"},"modified":"2024-02-19T13:53:56","modified_gmt":"2024-02-19T12:53:56","slug":"t-shirt-festival-bout-monde-2016","status":"publish","type":"product","link":"https:\/\/www.verdieditions.com\/cd-pop-rock\/produit\/t-shirt-festival-bout-monde-2016\/","title":{"rendered":"FESTIVAL DU BOUT DU MONDE &#8211; T-shirt b\u00e9n\u00e9vole &#8211; 2016"},"content":{"rendered":"<p>Artiste : FESTIVAL DU BOUT DU MONDE, <a href=\"https:\/\/www.presquile-crozon.com\/dossiers-actus\/festival-du-bout-du-monde\/fdbdm-presquile-programme-2016.php\">Programmation<\/a><br \/>\nTitre : T-shirt b\u00e9n\u00e9vole &#8211; 2016<br \/>\nAnn\u00e9e : 2016, 5-6-7 ao\u00fbt &#8211; Presqu&rsquo;\u00eele de Crozon &#8211; Landaoudec (29)<br \/>\nEtat : Excellent<br \/>\nTaille : XL<\/p>\n","protected":false},"excerpt":{"rendered":"<p>Artiste : FESTIVAL DU BOUT DU MONDE, <a href=\"https:\/\/www.presquile-crozon.com\/dossiers-actus\/festival-du-bout-du-monde\/fdbdm-presquile-programme-2016.php\">Programmation<\/a><br \/>\nTitre : T-shirt b\u00e9n\u00e9vole &#8211; 2016<br \/>\nAnn\u00e9e : 2016, 5-6-7 ao\u00fbt &#8211; Presqu&rsquo;\u00eele de Crozon &#8211; Landaoudec (29)<br \/>\nEtat : Excellent<br \/>\nTaille : XL<\/p>\n","protected":false},"featured_media":2350,"template":"","meta":[],"product_brand":[],"product_cat":[61],"product_tag":[166],"class_list":{"0":"post-2348","1":"product","2":"type-product","3":"status-publish","4":"has-post-thumbnail","6":"product_cat-tshirts","7":"product_tag-concert","9":"first","10":"instock","11":"shipping-taxable","12":"product-type-simple"},"yoast_head":"<!-- This site is optimized with the Yoast SEO plugin v27.0 - https:\/\/yoast.com\/product\/yoast-seo-wordpress\/ -->\n<title>FESTIVAL DU BOUT DU MONDE - T-shirt b\u00e9n\u00e9vole - 2016<\/title>\n<meta name=\"description\" content=\"FESTIVAL DU BOUT DU MONDE - T-shirt b\u00e9n\u00e9vole - 2016 - 5-6-7 ao\u00fbt - Presqu&#039;\u00eele de Crozon - Landaoudec (29) - Etat : Excellent- Taille : XL\" \/>\n<meta name=\"robots\" content=\"index, follow, max-snippet:-1, max-image-preview:large, max-video-preview:-1\" \/>\n<link rel=\"canonical\" href=\"https:\/\/www.verdieditions.com\/cd-pop-rock\/produit\/t-shirt-festival-bout-monde-2016\/\" \/>\n<meta property=\"og:locale\" content=\"fr_FR\" \/>\n<meta property=\"og:type\" content=\"article\" \/>\n<meta property=\"og:title\" content=\"FESTIVAL DU BOUT DU MONDE - T-shirt b\u00e9n\u00e9vole - 2016\" \/>\n<meta property=\"og:description\" content=\"FESTIVAL DU BOUT DU MONDE - T-shirt b\u00e9n\u00e9vole - 2016 - 5-6-7 ao\u00fbt - Presqu&#039;\u00eele de Crozon - Landaoudec (29) - Etat : Excellent- Taille : XL\" \/>\n<meta property=\"og:url\" content=\"https:\/\/www.verdieditions.com\/cd-pop-rock\/produit\/t-shirt-festival-bout-monde-2016\/\" \/>\n<meta property=\"og:site_name\" content=\"CD Pop Rock\" \/>\n<meta property=\"article:publisher\" content=\"https:\/\/www.facebook.com\/CD-Pop-Rock-107168374818139\" \/>\n<meta property=\"article:modified_time\" content=\"2024-02-19T12:53:56+00:00\" \/>\n<meta property=\"og:image\" content=\"https:\/\/www.verdieditions.com\/cd-pop-rock\/wp-content\/uploads\/2021\/03\/Festival-bout-du-monde-T-shirt-2016-1.jpg\" \/>\n\t<meta property=\"og:image:width\" content=\"800\" \/>\n\t<meta property=\"og:image:height\" content=\"548\" \/>\n\t<meta property=\"og:image:type\" content=\"image\/jpeg\" \/>\n<meta name=\"twitter:card\" content=\"summary_large_image\" \/>\n<script type=\"application\/ld+json\" class=\"yoast-schema-graph\">{\"@context\":\"https:\/\/schema.org\",\"@graph\":[{\"@type\":\"WebPage\",\"@id\":\"https:\/\/www.verdieditions.com\/cd-pop-rock\/produit\/t-shirt-festival-bout-monde-2016\/\",\"url\":\"https:\/\/www.verdieditions.com\/cd-pop-rock\/produit\/t-shirt-festival-bout-monde-2016\/\",\"name\":\"FESTIVAL DU BOUT DU MONDE - T-shirt b\u00e9n\u00e9vole - 2016\",\"isPartOf\":{\"@id\":\"https:\/\/www.verdieditions.com\/cd-pop-rock\/#website\"},\"primaryImageOfPage\":{\"@id\":\"https:\/\/www.verdieditions.com\/cd-pop-rock\/produit\/t-shirt-festival-bout-monde-2016\/#primaryimage\"},\"image\":{\"@id\":\"https:\/\/www.verdieditions.com\/cd-pop-rock\/produit\/t-shirt-festival-bout-monde-2016\/#primaryimage\"},\"thumbnailUrl\":\"https:\/\/www.verdieditions.com\/cd-pop-rock\/wp-content\/uploads\/2021\/03\/Festival-bout-du-monde-T-shirt-2016-1.jpg\",\"datePublished\":\"2021-02-19T09:18:16+00:00\",\"dateModified\":\"2024-02-19T12:53:56+00:00\",\"description\":\"FESTIVAL DU BOUT DU MONDE - T-shirt b\u00e9n\u00e9vole - 2016 - 5-6-7 ao\u00fbt - Presqu'\u00eele de Crozon - Landaoudec (29) - Etat : Excellent- Taille : XL\",\"breadcrumb\":{\"@id\":\"https:\/\/www.verdieditions.com\/cd-pop-rock\/produit\/t-shirt-festival-bout-monde-2016\/#breadcrumb\"},\"inLanguage\":\"fr-FR\",\"potentialAction\":[{\"@type\":\"ReadAction\",\"target\":[\"https:\/\/www.verdieditions.com\/cd-pop-rock\/produit\/t-shirt-festival-bout-monde-2016\/\"]}]},{\"@type\":\"ImageObject\",\"inLanguage\":\"fr-FR\",\"@id\":\"https:\/\/www.verdieditions.com\/cd-pop-rock\/produit\/t-shirt-festival-bout-monde-2016\/#primaryimage\",\"url\":\"https:\/\/www.verdieditions.com\/cd-pop-rock\/wp-content\/uploads\/2021\/03\/Festival-bout-du-monde-T-shirt-2016-1.jpg\",\"contentUrl\":\"https:\/\/www.verdieditions.com\/cd-pop-rock\/wp-content\/uploads\/2021\/03\/Festival-bout-du-monde-T-shirt-2016-1.jpg\",\"width\":800,\"height\":548,\"caption\":\"Festival-bout-du-monde-T-shirt-2016-1\"},{\"@type\":\"BreadcrumbList\",\"@id\":\"https:\/\/www.verdieditions.com\/cd-pop-rock\/produit\/t-shirt-festival-bout-monde-2016\/#breadcrumb\",\"itemListElement\":[{\"@type\":\"ListItem\",\"position\":1,\"name\":\"Accueil\",\"item\":\"https:\/\/www.verdieditions.com\/cd-pop-rock\/\"},{\"@type\":\"ListItem\",\"position\":2,\"name\":\"La Boutique\",\"item\":\"https:\/\/www.verdieditions.com\/cd-pop-rock\/boutique\/\"},{\"@type\":\"ListItem\",\"position\":3,\"name\":\"FESTIVAL DU BOUT DU MONDE &#8211; T-shirt b\u00e9n\u00e9vole &#8211; 2016\"}]},{\"@type\":\"WebSite\",\"@id\":\"https:\/\/www.verdieditions.com\/cd-pop-rock\/#website\",\"url\":\"https:\/\/www.verdieditions.com\/cd-pop-rock\/\",\"name\":\"CD Pop Rock\",\"description\":\"CD, K7, Vinyles, VHS et DVD de Musique Pop et Rock vintage\",\"publisher\":{\"@id\":\"https:\/\/www.verdieditions.com\/cd-pop-rock\/#\/schema\/person\/3a9da867add08338474907117bf9668a\"},\"potentialAction\":[{\"@type\":\"SearchAction\",\"target\":{\"@type\":\"EntryPoint\",\"urlTemplate\":\"https:\/\/www.verdieditions.com\/cd-pop-rock\/?s={search_term_string}\"},\"query-input\":{\"@type\":\"PropertyValueSpecification\",\"valueRequired\":true,\"valueName\":\"search_term_string\"}}],\"inLanguage\":\"fr-FR\"},{\"@type\":[\"Person\",\"Organization\"],\"@id\":\"https:\/\/www.verdieditions.com\/cd-pop-rock\/#\/schema\/person\/3a9da867add08338474907117bf9668a\",\"name\":\"Sylvie VERDI\",\"image\":{\"@type\":\"ImageObject\",\"inLanguage\":\"fr-FR\",\"@id\":\"https:\/\/www.verdieditions.com\/cd-pop-rock\/#\/schema\/person\/image\/\",\"url\":\"https:\/\/www.verdieditions.com\/cd-pop-rock\/wp-content\/uploads\/2021\/01\/cropped-favicon-cd-pop-rock-vinyle-32x32-1.png\",\"contentUrl\":\"https:\/\/www.verdieditions.com\/cd-pop-rock\/wp-content\/uploads\/2021\/01\/cropped-favicon-cd-pop-rock-vinyle-32x32-1.png\",\"width\":512,\"height\":512,\"caption\":\"Sylvie VERDI\"},\"logo\":{\"@id\":\"https:\/\/www.verdieditions.com\/cd-pop-rock\/#\/schema\/person\/image\/\"},\"sameAs\":[\"https:\/\/www.verdieditions.com\/cd-pop-rock\",\"https:\/\/www.facebook.com\/CD-Pop-Rock-107168374818139\"]}]}<\/script>\n<!-- \/ Yoast SEO plugin. -->","yoast_head_json":{"title":"FESTIVAL DU BOUT DU MONDE - T-shirt b\u00e9n\u00e9vole - 2016","description":"FESTIVAL DU BOUT DU MONDE - T-shirt b\u00e9n\u00e9vole - 2016 - 5-6-7 ao\u00fbt - Presqu'\u00eele de Crozon - Landaoudec (29) - Etat : Excellent- Taille : XL","robots":{"index":"index","follow":"follow","max-snippet":"max-snippet:-1","max-image-preview":"max-image-preview:large","max-video-preview":"max-video-preview:-1"},"canonical":"https:\/\/www.verdieditions.com\/cd-pop-rock\/produit\/t-shirt-festival-bout-monde-2016\/","og_locale":"fr_FR","og_type":"article","og_title":"FESTIVAL DU BOUT DU MONDE - T-shirt b\u00e9n\u00e9vole - 2016","og_description":"FESTIVAL DU BOUT DU MONDE - T-shirt b\u00e9n\u00e9vole - 2016 - 5-6-7 ao\u00fbt - Presqu'\u00eele de Crozon - Landaoudec (29) - Etat : Excellent- Taille : XL","og_url":"https:\/\/www.verdieditions.com\/cd-pop-rock\/produit\/t-shirt-festival-bout-monde-2016\/","og_site_name":"CD Pop Rock","article_publisher":"https:\/\/www.facebook.com\/CD-Pop-Rock-107168374818139","article_modified_time":"2024-02-19T12:53:56+00:00","og_image":[{"width":800,"height":548,"url":"https:\/\/www.verdieditions.com\/cd-pop-rock\/wp-content\/uploads\/2021\/03\/Festival-bout-du-monde-T-shirt-2016-1.jpg","type":"image\/jpeg"}],"twitter_card":"summary_large_image","schema":{"@context":"https:\/\/schema.org","@graph":[{"@type":"WebPage","@id":"https:\/\/www.verdieditions.com\/cd-pop-rock\/produit\/t-shirt-festival-bout-monde-2016\/","url":"https:\/\/www.verdieditions.com\/cd-pop-rock\/produit\/t-shirt-festival-bout-monde-2016\/","name":"FESTIVAL DU BOUT DU MONDE - T-shirt b\u00e9n\u00e9vole - 2016","isPartOf":{"@id":"https:\/\/www.verdieditions.com\/cd-pop-rock\/#website"},"primaryImageOfPage":{"@id":"https:\/\/www.verdieditions.com\/cd-pop-rock\/produit\/t-shirt-festival-bout-monde-2016\/#primaryimage"},"image":{"@id":"https:\/\/www.verdieditions.com\/cd-pop-rock\/produit\/t-shirt-festival-bout-monde-2016\/#primaryimage"},"thumbnailUrl":"https:\/\/www.verdieditions.com\/cd-pop-rock\/wp-content\/uploads\/2021\/03\/Festival-bout-du-monde-T-shirt-2016-1.jpg","datePublished":"2021-02-19T09:18:16+00:00","dateModified":"2024-02-19T12:53:56+00:00","description":"FESTIVAL DU BOUT DU MONDE - T-shirt b\u00e9n\u00e9vole - 2016 - 5-6-7 ao\u00fbt - Presqu'\u00eele de Crozon - Landaoudec (29) - Etat : Excellent- Taille : XL","breadcrumb":{"@id":"https:\/\/www.verdieditions.com\/cd-pop-rock\/produit\/t-shirt-festival-bout-monde-2016\/#breadcrumb"},"inLanguage":"fr-FR","potentialAction":[{"@type":"ReadAction","target":["https:\/\/www.verdieditions.com\/cd-pop-rock\/produit\/t-shirt-festival-bout-monde-2016\/"]}]},{"@type":"ImageObject","inLanguage":"fr-FR","@id":"https:\/\/www.verdieditions.com\/cd-pop-rock\/produit\/t-shirt-festival-bout-monde-2016\/#primaryimage","url":"https:\/\/www.verdieditions.com\/cd-pop-rock\/wp-content\/uploads\/2021\/03\/Festival-bout-du-monde-T-shirt-2016-1.jpg","contentUrl":"https:\/\/www.verdieditions.com\/cd-pop-rock\/wp-content\/uploads\/2021\/03\/Festival-bout-du-monde-T-shirt-2016-1.jpg","width":800,"height":548,"caption":"Festival-bout-du-monde-T-shirt-2016-1"},{"@type":"BreadcrumbList","@id":"https:\/\/www.verdieditions.com\/cd-pop-rock\/produit\/t-shirt-festival-bout-monde-2016\/#breadcrumb","itemListElement":[{"@type":"ListItem","position":1,"name":"Accueil","item":"https:\/\/www.verdieditions.com\/cd-pop-rock\/"},{"@type":"ListItem","position":2,"name":"La Boutique","item":"https:\/\/www.verdieditions.com\/cd-pop-rock\/boutique\/"},{"@type":"ListItem","position":3,"name":"FESTIVAL DU BOUT DU MONDE &#8211; T-shirt b\u00e9n\u00e9vole &#8211; 2016"}]},{"@type":"WebSite","@id":"https:\/\/www.verdieditions.com\/cd-pop-rock\/#website","url":"https:\/\/www.verdieditions.com\/cd-pop-rock\/","name":"CD Pop Rock","description":"CD, K7, Vinyles, VHS et DVD de Musique Pop et Rock vintage","publisher":{"@id":"https:\/\/www.verdieditions.com\/cd-pop-rock\/#\/schema\/person\/3a9da867add08338474907117bf9668a"},"potentialAction":[{"@type":"SearchAction","target":{"@type":"EntryPoint","urlTemplate":"https:\/\/www.verdieditions.com\/cd-pop-rock\/?s={search_term_string}"},"query-input":{"@type":"PropertyValueSpecification","valueRequired":true,"valueName":"search_term_string"}}],"inLanguage":"fr-FR"},{"@type":["Person","Organization"],"@id":"https:\/\/www.verdieditions.com\/cd-pop-rock\/#\/schema\/person\/3a9da867add08338474907117bf9668a","name":"Sylvie VERDI","image":{"@type":"ImageObject","inLanguage":"fr-FR","@id":"https:\/\/www.verdieditions.com\/cd-pop-rock\/#\/schema\/person\/image\/","url":"https:\/\/www.verdieditions.com\/cd-pop-rock\/wp-content\/uploads\/2021\/01\/cropped-favicon-cd-pop-rock-vinyle-32x32-1.png","contentUrl":"https:\/\/www.verdieditions.com\/cd-pop-rock\/wp-content\/uploads\/2021\/01\/cropped-favicon-cd-pop-rock-vinyle-32x32-1.png","width":512,"height":512,"caption":"Sylvie VERDI"},"logo":{"@id":"https:\/\/www.verdieditions.com\/cd-pop-rock\/#\/schema\/person\/image\/"},"sameAs":["https:\/\/www.verdieditions.com\/cd-pop-rock","https:\/\/www.facebook.com\/CD-Pop-Rock-107168374818139"]}]}},"_links":{"self":[{"href":"https:\/\/www.verdieditions.com\/cd-pop-rock\/wp-json\/wp\/v2\/product\/2348","targetHints":{"allow":["GET"]}}],"collection":[{"href":"https:\/\/www.verdieditions.com\/cd-pop-rock\/wp-json\/wp\/v2\/product"}],"about":[{"href":"https:\/\/www.verdieditions.com\/cd-pop-rock\/wp-json\/wp\/v2\/types\/product"}],"wp:featuredmedia":[{"embeddable":true,"href":"https:\/\/www.verdieditions.com\/cd-pop-rock\/wp-json\/wp\/v2\/media\/2350"}],"wp:attachment":[{"href":"https:\/\/www.verdieditions.com\/cd-pop-rock\/wp-json\/wp\/v2\/media?parent=2348"}],"wp:term":[{"taxonomy":"product_brand","embeddable":true,"href":"https:\/\/www.verdieditions.com\/cd-pop-rock\/wp-json\/wp\/v2\/product_brand?post=2348"},{"taxonomy":"product_cat","embeddable":true,"href":"https:\/\/www.verdieditions.com\/cd-pop-rock\/wp-json\/wp\/v2\/product_cat?post=2348"},{"taxonomy":"product_tag","embeddable":true,"href":"https:\/\/www.verdieditions.com\/cd-pop-rock\/wp-json\/wp\/v2\/product_tag?post=2348"}],"curies":[{"name":"wp","href":"https:\/\/api.w.org\/{rel}","templated":true}]}}