{"id":1621,"date":"2021-02-25T16:00:28","date_gmt":"2021-02-25T15:00:28","guid":{"rendered":"https:\/\/www.verdieditions.com\/cd-pop-rock\/?post_type=product&#038;p=1621"},"modified":"2024-02-19T13:52:41","modified_gmt":"2024-02-19T12:52:41","slug":"greenpeace-breakthrough-33t","status":"publish","type":"product","link":"https:\/\/www.verdieditions.com\/cd-pop-rock\/produit\/greenpeace-breakthrough-33t\/","title":{"rendered":"GREENPEACE &#8211; The Breakthrough &#8211; 2 x Vinyle 33T"},"content":{"rendered":"<p>Artiste : GREENPEACE<br \/>\nTitre : The Breakthrough &#8211; Compilation 2 x Vinyle 33T<br \/>\nAnn\u00e9e : 1989, \u00e9dition originale<br \/>\n<strong>Pressage ancien original de collection<br \/>\nVinyle tr\u00e8s peu \u00e9cout\u00e9<\/strong><br \/>\nGenre : Alternative Rock, Pop Rock, New wave, Caritatif<br \/>\nProducteur : PR Records London<br \/>\nLabel : \u041c\u0435\u043b\u043e\u0434\u0438\u044f  <\/p>\n<p>A1 U2 &#8211; Pride (In the Name of Love)<br \/>\nA2 Belinda Carlisle &#8211; Heaven Is a Place on Earth<br \/>\nA3 Sting &#8211; Love Is the Seventh Wave<br \/>\nA4 Aswad &#8211; Set Them Free<br \/>\nA5 World Party &#8211; Ship of Fools<br \/>\nA6 Bryan Ferry &#8211; Don&rsquo;t Stop the Dance<\/p>\n<p>B1 Eurythmics &#8211; When Tomorrow Comes<br \/>\nB2 Pretenders &#8211; Middle of the Road<br \/>\nB3 Grateful Dead &#8211; Throwing Stones<br \/>\nB4 INXS &#8211; This Time<br \/>\nB5 Thompson Twins &#8211; Lay Your Hands on Me<br \/>\nB6 Talking Heads &#8211; City of Dreams<\/p>\n<p>C1 Simple Minds &#8211; Waterfront<br \/>\nC2 The Waterboys &#8211; The Whole of the Moon<br \/>\nC3 R.E.M. &#8211; It&rsquo;s the End of the World as We Know It (And I Feel Fine)<br \/>\nC4 John Farnham &#8211; You&rsquo;re the Voice<br \/>\nC5 Bryan Adams &#8211; Somebody<br \/>\nC6 Basia &#8211; Miles Away<\/p>\n<p>D1 Peter Gabriel &#8211; Red Rain<br \/>\nD2 Bruce Hornsby &#8211; Look Out Any Window<br \/>\nD3 Terence Trent D&rsquo;Arby &#8211; Let&rsquo;s Go Forward<br \/>\nD4 Martin Stephenson &#038; The Daintees &#8211; Wholly Humble Heart<br \/>\nD5 Sade &#8211; I Will Be Your Friend<br \/>\nD6 John Mellencamp &#8211; We Are the People<br \/>\nD7 Dire Straits &#8211; Why Worry<\/p>\n<p>_________________<\/p>\n<p>A1\t\u042e 2*\u2013\t\u0413\u043e\u0440\u0434\u043e\u0441\u0442\u044c (\u0412\u043e \u0418\u043c\u044f \u041b\u044e\u0431\u0432\u0438) (\u041a\u043e\u043d\u0446\u0435\u0440\u0442\u043d\u0430\u044f \u0417\u0430\u043f\u0438\u0441\u044c) Written-By \u2013 U2<br \/>\nA2\t\u0411\u0435\u043b\u0438\u043d\u0434\u0430 \u041a\u0430\u0440\u043b\u0430\u0439\u043b*\u2013\t\u0417\u0435\u043c\u043b\u044e \u041e\u0441\u0443\u0448\u0438\u0442\u044c \u0414\u043e \u0421\u043b\u0435\u0437 Written-By \u2013 Ellen Shipley, Rick Nowles*<br \/>\nA3\t\u0421\u0442\u0438\u043d\u0433*\u2013\t\u041b\u044e\u0431\u043e\u0432\u044c &#8211; \u042d\u0442\u043e \u0421\u0435\u0434\u044c\u043c\u0430\u044f \u0412\u043e\u043b\u043d\u0430 Written-By \u2013 Sting<br \/>\nA4\t\u0410\u0421\u0412\u0410\u0414*\u2013\t\u041e\u0441\u0432\u043e\u0431\u043e\u0434\u0438\u0442\u0435 \u0418\u0445 Written-By \u2013 A. Gaye*, B. Forde*, L. Forde*, T. Robinson*<br \/>\nA5\t\u0423\u043e\u0440\u043b\u0434 \u041f\u0430\u0440\u0442\u0438*\u2013\t\u041a\u043e\u0440\u0430\u0431\u043b\u044c \u0413\u043b\u0443\u043f\u0446\u043e\u0432 Written-By \u2013 Karl Wallinger<br \/>\nA6\t\u0411\u0440\u0430\u0439\u0430\u043d \u0424\u0435\u0440\u0440\u0438*\u2013\t\u041d\u0435 \u0421\u0442\u043e\u0439, \u0422\u0430\u043d\u0446\u0443\u0439 \u0421\u043e \u041c\u043d\u043e\u0439 Written-By \u2013 B. Ferry*, R. Davies*<\/p>\n<p>B1\t\u042e\u0440\u0438\u0442\u043c\u0438\u043a\u0441*\u2013\t\u041a\u043e\u0433\u0434\u0430 \u041d\u0430\u0441\u0442\u0430\u043d\u0435\u0442 \u0417\u0430\u0432\u0442\u0440\u0430 Written-By \u2013 Lennox*, Stewart*, Seymour*<br \/>\nB2\t\u041f\u0440\u0438\u0442\u0435\u043d\u0434\u0435\u0440\u0437*\u2013\t\u0421\u0435\u0440\u0435\u0434\u0438\u043d\u0430 \u041f\u0443\u0442\u0438 Written-By \u2013 Chrissie Hynde<br \/>\nB3\t\u0413\u0440\u0435\u0439\u0442\u0444\u0443\u043b \u0414\u044d\u0434*\u2013\t\u0411\u0440\u043e\u0441\u0430\u044f \u041a\u0430\u043c\u043d\u0438 Written-By \u2013 Bob Weir, John Barlow*<br \/>\nB4\t\u0418\u041d\u041a\u0421\u0421*\u2013\t\u041d\u0430 \u042d\u0442\u043e\u0442 \u0420\u0430\u0437 Written-By \u2013 A. Farriss*<br \/>\nB5\t\u0422\u043e\u043c\u043f\u0441\u043e\u043d \u0422\u0443\u0438\u043d\u0437*\u2013\t\u041f\u043e\u043b\u043e\u0436\u0438 \u041c\u043d\u0435 \u0420\u0443\u043a\u0443 \u041d\u0430 \u041f\u043b\u0435\u0447\u043e Written-By \u2013 A. Currie*, J. Leeway*, T. Bailey*<br \/>\nB6\t\u0422\u043e\u043a\u0438\u043d\u0433 \u0425\u044d\u0434\u0437*\u2013\t\u0413\u043e\u0440\u043e\u0434 \u041c\u0435\u0447\u0442\u044b Written-By \u2013 David Byrne<\/p>\n<p>C1\t\u0421\u0438\u043c\u043f\u043b \u041c\u0430\u0439\u043d\u0434\u0437*\u2013\t\u0412 \u041f\u043e\u0440\u0442\u0443 (\u041a\u043e\u043d\u0446\u0435\u0440\u0442\u043d\u0430\u044f \u0417\u0430\u043f\u0438\u0441\u044c) Written-By \u2013 Simple Minds<br \/>\nC2\t\u0423\u043e\u0442\u0435\u0440\u0431\u043e\u0439\u0437*\u2013\t\u041b\u0443\u043d\u0430 \u0426\u0435\u043b\u0438\u043a\u043e\u043c Written-By \u2013 Mike Scott<br \/>\nC3\t\u0420.\u0415.\u041c.*\u2013\t\u041a\u043e\u043d\u0435\u0446 \u0421\u0432\u0435\u0442\u0430 (\u0410 \u041c\u043d\u0435 \u0425\u043e\u0440\u043e\u0448\u043e) Written-By \u2013 Berry*, Stipe*, Mills*, Buck*<br \/>\nC4\t\u0414\u0436\u043e\u043d \u0424\u0430\u0440\u043d\u0435\u043c*\u2013\t\u0422\u044b &#8211; \u0422\u043e\u0442 \u0413\u043e\u043b\u043e\u0441 Written-By \u2013 A. Quinta*, C. Thompson*, K. Reid*, M. Ryder*<br \/>\nC5\t\u0411\u0440\u0430\u0439\u0430\u043d \u042d\u0434\u0430\u043c\u0441*\u2013\t\u041a\u0442\u043e-\u0442\u043e Written-By \u2013 Bryan Adams, Jim Vallance<br \/>\nC6\t\u0411\u0430\u0448\u0430*\u2013\t\u0414\u0430\u043b\u0435\u043a\u043e &#8211; \u0414\u0430\u043b\u0435\u043a\u043e Written-By \u2013 Basia Trzetrzelewska, Danny White<\/p>\n<p>D1\t\u041f\u0438\u0442\u0435\u0440 \u0413\u0430\u0431\u0440\u0438\u044d\u043b*\u2013\t\u041a\u0440\u0430\u0441\u043d\u044b\u0439 \u0414\u043e\u0436\u0434\u044c Written-By \u2013 Peter Gabriel<br \/>\nD2\t\u0411\u0440\u044e\u0441 \u0425\u043e\u0440\u043d\u0441\u0431\u0438 \u0418 \u0420\u044d\u0439\u043d\u0434\u0436*\u2013\t\u041f\u043e\u0441\u043c\u043e\u0442\u0440\u0438 \u0418\u0437 \u041b\u044e\u0431\u043e\u0433\u043e \u041e\u043a\u043d\u0430 Written-By \u2013 Bruce Hornsby, John Hornsby<br \/>\nD3\t\u0422\u0435\u0440\u0435\u043d\u0441 \u0422\u0440\u0435\u043d\u0442 \u0414\u00a0\u00bb\u0410\u0440\u0431\u0438*\u2013\t\u0412\u043f\u0435\u0440\u0435\u0434 Written-By \u2013 Terence Trent D&rsquo;Arby<br \/>\nD4\t\u041c\u0430\u0440\u0442\u0438\u043d \u0421\u0442\u0438\u0432\u0435\u043d\u0441\u043e\u043d \u0418 \u0414\u044d\u0439\u043d\u0442\u0438\u0437*\u2013\t\u0421\u043e\u0432\u0435\u0440\u0448\u0435\u043d\u043d\u043e \u0421\u043c\u0438\u0440\u0435\u043d\u043d\u043e\u0435 \u0421\u0435\u0440\u0434\u0446\u0435 Written-By \u2013 Martin George Stephenson*<br \/>\nD5\t\u0428\u0430\u0434\u0435*\u2013\t\u042f \u0411\u0443\u0434\u0443 \u0422\u0432\u043e\u0438\u043c \u0414\u0440\u0443\u0433\u043e\u043c Written-By \u2013 Adu*, Matthewman*<br \/>\nD6\t\u0414\u0436\u043e\u043d \u041a\u0443\u0433\u0430\u0440 \u041c\u0435\u043b\u043b\u0438\u043d\u043a\u0430\u043c\u043f*\u2013\t\u041c\u044b &#8211; \u041d\u0430\u0440\u043e\u0434 Written-By \u2013 John Mellencamp*<br \/>\nD7\t\u0414\u0430\u0439\u0435\u0440 \u0421\u0442\u0440\u0435\u0439\u0442\u0441*\u2013\t\u0417\u0430\u0447\u0435\u043c \u0412\u043e\u043b\u043d\u043e\u0432\u0430\u0442\u044c\u0441\u044f Written-By \u2013 Mark Knopfler<\/p>\n","protected":false},"excerpt":{"rendered":"<p>Artiste : GREENPEACE<br \/>\nTitre : The Breakthrough &#8211; Compilation 2 x Vinyle 33T<br \/>\nAnn\u00e9e : 1989, \u00e9dition originale<br \/>\n<strong>Pressage ancien original de collection<br \/>\nVinyle tr\u00e8s peu \u00e9cout\u00e9<\/strong><br \/>\nGenre : Alternative Rock, Pop Rock, New wave, Caritatif<br \/>\nProducteur : PR Records London<br \/>\nLabel : \u041c\u0435\u043b\u043e\u0434\u0438\u044f  <\/p>\n","protected":false},"featured_media":2318,"template":"","meta":[],"product_brand":[],"product_cat":[73],"product_tag":[160,100,86,151],"class_list":{"0":"post-1621","1":"product","2":"type-product","3":"status-publish","4":"has-post-thumbnail","6":"product_cat-33t","7":"product_tag-chanson-caritative","8":"product_tag-hard-rock","9":"product_tag-new-wave","10":"product_tag-pop-rock","12":"first","13":"instock","14":"shipping-taxable","15":"product-type-simple"},"yoast_head":"<!-- This site is optimized with the Yoast SEO plugin v27.0 - https:\/\/yoast.com\/product\/yoast-seo-wordpress\/ -->\n<title>GREENPEACE - The Breakthrough - 2 x Vinyle 33T - CD Pop Rock<\/title>\n<meta name=\"description\" content=\"GREENPEACE - The Breakthrough - Compil 2 x Vinyle 33T - U2, Sting, INXS... - 1989, \u00e9d. originale collection Vinyle tr\u00e8s peu \u00e9cout\u00e9 - \u041c\u0435\u043b\u043e\u0434\u0438\u044f\" \/>\n<meta name=\"robots\" content=\"index, follow, max-snippet:-1, max-image-preview:large, max-video-preview:-1\" \/>\n<link rel=\"canonical\" href=\"https:\/\/www.verdieditions.com\/cd-pop-rock\/produit\/greenpeace-breakthrough-33t\/\" \/>\n<meta property=\"og:locale\" content=\"fr_FR\" \/>\n<meta property=\"og:type\" content=\"article\" \/>\n<meta property=\"og:title\" content=\"GREENPEACE - The Breakthrough - 2 x Vinyle 33T - CD Pop Rock\" \/>\n<meta property=\"og:description\" content=\"GREENPEACE - The Breakthrough - Compil 2 x Vinyle 33T - U2, Sting, INXS... - 1989, \u00e9d. originale collection Vinyle tr\u00e8s peu \u00e9cout\u00e9 - \u041c\u0435\u043b\u043e\u0434\u0438\u044f\" \/>\n<meta property=\"og:url\" content=\"https:\/\/www.verdieditions.com\/cd-pop-rock\/produit\/greenpeace-breakthrough-33t\/\" \/>\n<meta property=\"og:site_name\" content=\"CD Pop Rock\" \/>\n<meta property=\"article:publisher\" content=\"https:\/\/www.facebook.com\/CD-Pop-Rock-107168374818139\" \/>\n<meta property=\"article:modified_time\" content=\"2024-02-19T12:52:41+00:00\" \/>\n<meta property=\"og:image\" content=\"https:\/\/www.verdieditions.com\/cd-pop-rock\/wp-content\/uploads\/2021\/02\/greenpeace-breakthrough-33T.jpg\" \/>\n\t<meta property=\"og:image:width\" content=\"800\" \/>\n\t<meta property=\"og:image:height\" content=\"506\" \/>\n\t<meta property=\"og:image:type\" content=\"image\/jpeg\" \/>\n<meta name=\"twitter:card\" content=\"summary_large_image\" \/>\n<meta name=\"twitter:label1\" content=\"Dur\u00e9e de lecture estim\u00e9e\" \/>\n\t<meta name=\"twitter:data1\" content=\"2 minutes\" \/>\n<script type=\"application\/ld+json\" class=\"yoast-schema-graph\">{\"@context\":\"https:\/\/schema.org\",\"@graph\":[{\"@type\":\"WebPage\",\"@id\":\"https:\/\/www.verdieditions.com\/cd-pop-rock\/produit\/greenpeace-breakthrough-33t\/\",\"url\":\"https:\/\/www.verdieditions.com\/cd-pop-rock\/produit\/greenpeace-breakthrough-33t\/\",\"name\":\"GREENPEACE - The Breakthrough - 2 x Vinyle 33T - CD Pop Rock\",\"isPartOf\":{\"@id\":\"https:\/\/www.verdieditions.com\/cd-pop-rock\/#website\"},\"primaryImageOfPage\":{\"@id\":\"https:\/\/www.verdieditions.com\/cd-pop-rock\/produit\/greenpeace-breakthrough-33t\/#primaryimage\"},\"image\":{\"@id\":\"https:\/\/www.verdieditions.com\/cd-pop-rock\/produit\/greenpeace-breakthrough-33t\/#primaryimage\"},\"thumbnailUrl\":\"https:\/\/www.verdieditions.com\/cd-pop-rock\/wp-content\/uploads\/2021\/02\/greenpeace-breakthrough-33T.jpg\",\"datePublished\":\"2021-02-25T15:00:28+00:00\",\"dateModified\":\"2024-02-19T12:52:41+00:00\",\"description\":\"GREENPEACE - The Breakthrough - Compil 2 x Vinyle 33T - U2, Sting, INXS... - 1989, \u00e9d. originale collection Vinyle tr\u00e8s peu \u00e9cout\u00e9 - \u041c\u0435\u043b\u043e\u0434\u0438\u044f\",\"breadcrumb\":{\"@id\":\"https:\/\/www.verdieditions.com\/cd-pop-rock\/produit\/greenpeace-breakthrough-33t\/#breadcrumb\"},\"inLanguage\":\"fr-FR\",\"potentialAction\":[{\"@type\":\"ReadAction\",\"target\":[\"https:\/\/www.verdieditions.com\/cd-pop-rock\/produit\/greenpeace-breakthrough-33t\/\"]}]},{\"@type\":\"ImageObject\",\"inLanguage\":\"fr-FR\",\"@id\":\"https:\/\/www.verdieditions.com\/cd-pop-rock\/produit\/greenpeace-breakthrough-33t\/#primaryimage\",\"url\":\"https:\/\/www.verdieditions.com\/cd-pop-rock\/wp-content\/uploads\/2021\/02\/greenpeace-breakthrough-33T.jpg\",\"contentUrl\":\"https:\/\/www.verdieditions.com\/cd-pop-rock\/wp-content\/uploads\/2021\/02\/greenpeace-breakthrough-33T.jpg\",\"width\":800,\"height\":506,\"caption\":\"greenpeace-breakthrough-33T\"},{\"@type\":\"BreadcrumbList\",\"@id\":\"https:\/\/www.verdieditions.com\/cd-pop-rock\/produit\/greenpeace-breakthrough-33t\/#breadcrumb\",\"itemListElement\":[{\"@type\":\"ListItem\",\"position\":1,\"name\":\"Accueil\",\"item\":\"https:\/\/www.verdieditions.com\/cd-pop-rock\/\"},{\"@type\":\"ListItem\",\"position\":2,\"name\":\"La Boutique\",\"item\":\"https:\/\/www.verdieditions.com\/cd-pop-rock\/boutique\/\"},{\"@type\":\"ListItem\",\"position\":3,\"name\":\"GREENPEACE &#8211; The Breakthrough &#8211; 2 x Vinyle 33T\"}]},{\"@type\":\"WebSite\",\"@id\":\"https:\/\/www.verdieditions.com\/cd-pop-rock\/#website\",\"url\":\"https:\/\/www.verdieditions.com\/cd-pop-rock\/\",\"name\":\"CD Pop Rock\",\"description\":\"CD, K7, Vinyles, VHS et DVD de Musique Pop et Rock vintage\",\"publisher\":{\"@id\":\"https:\/\/www.verdieditions.com\/cd-pop-rock\/#\/schema\/person\/3a9da867add08338474907117bf9668a\"},\"potentialAction\":[{\"@type\":\"SearchAction\",\"target\":{\"@type\":\"EntryPoint\",\"urlTemplate\":\"https:\/\/www.verdieditions.com\/cd-pop-rock\/?s={search_term_string}\"},\"query-input\":{\"@type\":\"PropertyValueSpecification\",\"valueRequired\":true,\"valueName\":\"search_term_string\"}}],\"inLanguage\":\"fr-FR\"},{\"@type\":[\"Person\",\"Organization\"],\"@id\":\"https:\/\/www.verdieditions.com\/cd-pop-rock\/#\/schema\/person\/3a9da867add08338474907117bf9668a\",\"name\":\"Sylvie VERDI\",\"image\":{\"@type\":\"ImageObject\",\"inLanguage\":\"fr-FR\",\"@id\":\"https:\/\/www.verdieditions.com\/cd-pop-rock\/#\/schema\/person\/image\/\",\"url\":\"https:\/\/www.verdieditions.com\/cd-pop-rock\/wp-content\/uploads\/2021\/01\/cropped-favicon-cd-pop-rock-vinyle-32x32-1.png\",\"contentUrl\":\"https:\/\/www.verdieditions.com\/cd-pop-rock\/wp-content\/uploads\/2021\/01\/cropped-favicon-cd-pop-rock-vinyle-32x32-1.png\",\"width\":512,\"height\":512,\"caption\":\"Sylvie VERDI\"},\"logo\":{\"@id\":\"https:\/\/www.verdieditions.com\/cd-pop-rock\/#\/schema\/person\/image\/\"},\"sameAs\":[\"https:\/\/www.verdieditions.com\/cd-pop-rock\",\"https:\/\/www.facebook.com\/CD-Pop-Rock-107168374818139\"]}]}<\/script>\n<!-- \/ Yoast SEO plugin. -->","yoast_head_json":{"title":"GREENPEACE - The Breakthrough - 2 x Vinyle 33T - CD Pop Rock","description":"GREENPEACE - The Breakthrough - Compil 2 x Vinyle 33T - U2, Sting, INXS... - 1989, \u00e9d. originale collection Vinyle tr\u00e8s peu \u00e9cout\u00e9 - \u041c\u0435\u043b\u043e\u0434\u0438\u044f","robots":{"index":"index","follow":"follow","max-snippet":"max-snippet:-1","max-image-preview":"max-image-preview:large","max-video-preview":"max-video-preview:-1"},"canonical":"https:\/\/www.verdieditions.com\/cd-pop-rock\/produit\/greenpeace-breakthrough-33t\/","og_locale":"fr_FR","og_type":"article","og_title":"GREENPEACE - The Breakthrough - 2 x Vinyle 33T - CD Pop Rock","og_description":"GREENPEACE - The Breakthrough - Compil 2 x Vinyle 33T - U2, Sting, INXS... - 1989, \u00e9d. originale collection Vinyle tr\u00e8s peu \u00e9cout\u00e9 - \u041c\u0435\u043b\u043e\u0434\u0438\u044f","og_url":"https:\/\/www.verdieditions.com\/cd-pop-rock\/produit\/greenpeace-breakthrough-33t\/","og_site_name":"CD Pop Rock","article_publisher":"https:\/\/www.facebook.com\/CD-Pop-Rock-107168374818139","article_modified_time":"2024-02-19T12:52:41+00:00","og_image":[{"width":800,"height":506,"url":"https:\/\/www.verdieditions.com\/cd-pop-rock\/wp-content\/uploads\/2021\/02\/greenpeace-breakthrough-33T.jpg","type":"image\/jpeg"}],"twitter_card":"summary_large_image","twitter_misc":{"Dur\u00e9e de lecture estim\u00e9e":"2 minutes"},"schema":{"@context":"https:\/\/schema.org","@graph":[{"@type":"WebPage","@id":"https:\/\/www.verdieditions.com\/cd-pop-rock\/produit\/greenpeace-breakthrough-33t\/","url":"https:\/\/www.verdieditions.com\/cd-pop-rock\/produit\/greenpeace-breakthrough-33t\/","name":"GREENPEACE - The Breakthrough - 2 x Vinyle 33T - CD Pop Rock","isPartOf":{"@id":"https:\/\/www.verdieditions.com\/cd-pop-rock\/#website"},"primaryImageOfPage":{"@id":"https:\/\/www.verdieditions.com\/cd-pop-rock\/produit\/greenpeace-breakthrough-33t\/#primaryimage"},"image":{"@id":"https:\/\/www.verdieditions.com\/cd-pop-rock\/produit\/greenpeace-breakthrough-33t\/#primaryimage"},"thumbnailUrl":"https:\/\/www.verdieditions.com\/cd-pop-rock\/wp-content\/uploads\/2021\/02\/greenpeace-breakthrough-33T.jpg","datePublished":"2021-02-25T15:00:28+00:00","dateModified":"2024-02-19T12:52:41+00:00","description":"GREENPEACE - The Breakthrough - Compil 2 x Vinyle 33T - U2, Sting, INXS... - 1989, \u00e9d. originale collection Vinyle tr\u00e8s peu \u00e9cout\u00e9 - \u041c\u0435\u043b\u043e\u0434\u0438\u044f","breadcrumb":{"@id":"https:\/\/www.verdieditions.com\/cd-pop-rock\/produit\/greenpeace-breakthrough-33t\/#breadcrumb"},"inLanguage":"fr-FR","potentialAction":[{"@type":"ReadAction","target":["https:\/\/www.verdieditions.com\/cd-pop-rock\/produit\/greenpeace-breakthrough-33t\/"]}]},{"@type":"ImageObject","inLanguage":"fr-FR","@id":"https:\/\/www.verdieditions.com\/cd-pop-rock\/produit\/greenpeace-breakthrough-33t\/#primaryimage","url":"https:\/\/www.verdieditions.com\/cd-pop-rock\/wp-content\/uploads\/2021\/02\/greenpeace-breakthrough-33T.jpg","contentUrl":"https:\/\/www.verdieditions.com\/cd-pop-rock\/wp-content\/uploads\/2021\/02\/greenpeace-breakthrough-33T.jpg","width":800,"height":506,"caption":"greenpeace-breakthrough-33T"},{"@type":"BreadcrumbList","@id":"https:\/\/www.verdieditions.com\/cd-pop-rock\/produit\/greenpeace-breakthrough-33t\/#breadcrumb","itemListElement":[{"@type":"ListItem","position":1,"name":"Accueil","item":"https:\/\/www.verdieditions.com\/cd-pop-rock\/"},{"@type":"ListItem","position":2,"name":"La Boutique","item":"https:\/\/www.verdieditions.com\/cd-pop-rock\/boutique\/"},{"@type":"ListItem","position":3,"name":"GREENPEACE &#8211; The Breakthrough &#8211; 2 x Vinyle 33T"}]},{"@type":"WebSite","@id":"https:\/\/www.verdieditions.com\/cd-pop-rock\/#website","url":"https:\/\/www.verdieditions.com\/cd-pop-rock\/","name":"CD Pop Rock","description":"CD, K7, Vinyles, VHS et DVD de Musique Pop et Rock vintage","publisher":{"@id":"https:\/\/www.verdieditions.com\/cd-pop-rock\/#\/schema\/person\/3a9da867add08338474907117bf9668a"},"potentialAction":[{"@type":"SearchAction","target":{"@type":"EntryPoint","urlTemplate":"https:\/\/www.verdieditions.com\/cd-pop-rock\/?s={search_term_string}"},"query-input":{"@type":"PropertyValueSpecification","valueRequired":true,"valueName":"search_term_string"}}],"inLanguage":"fr-FR"},{"@type":["Person","Organization"],"@id":"https:\/\/www.verdieditions.com\/cd-pop-rock\/#\/schema\/person\/3a9da867add08338474907117bf9668a","name":"Sylvie VERDI","image":{"@type":"ImageObject","inLanguage":"fr-FR","@id":"https:\/\/www.verdieditions.com\/cd-pop-rock\/#\/schema\/person\/image\/","url":"https:\/\/www.verdieditions.com\/cd-pop-rock\/wp-content\/uploads\/2021\/01\/cropped-favicon-cd-pop-rock-vinyle-32x32-1.png","contentUrl":"https:\/\/www.verdieditions.com\/cd-pop-rock\/wp-content\/uploads\/2021\/01\/cropped-favicon-cd-pop-rock-vinyle-32x32-1.png","width":512,"height":512,"caption":"Sylvie VERDI"},"logo":{"@id":"https:\/\/www.verdieditions.com\/cd-pop-rock\/#\/schema\/person\/image\/"},"sameAs":["https:\/\/www.verdieditions.com\/cd-pop-rock","https:\/\/www.facebook.com\/CD-Pop-Rock-107168374818139"]}]}},"_links":{"self":[{"href":"https:\/\/www.verdieditions.com\/cd-pop-rock\/wp-json\/wp\/v2\/product\/1621","targetHints":{"allow":["GET"]}}],"collection":[{"href":"https:\/\/www.verdieditions.com\/cd-pop-rock\/wp-json\/wp\/v2\/product"}],"about":[{"href":"https:\/\/www.verdieditions.com\/cd-pop-rock\/wp-json\/wp\/v2\/types\/product"}],"wp:featuredmedia":[{"embeddable":true,"href":"https:\/\/www.verdieditions.com\/cd-pop-rock\/wp-json\/wp\/v2\/media\/2318"}],"wp:attachment":[{"href":"https:\/\/www.verdieditions.com\/cd-pop-rock\/wp-json\/wp\/v2\/media?parent=1621"}],"wp:term":[{"taxonomy":"product_brand","embeddable":true,"href":"https:\/\/www.verdieditions.com\/cd-pop-rock\/wp-json\/wp\/v2\/product_brand?post=1621"},{"taxonomy":"product_cat","embeddable":true,"href":"https:\/\/www.verdieditions.com\/cd-pop-rock\/wp-json\/wp\/v2\/product_cat?post=1621"},{"taxonomy":"product_tag","embeddable":true,"href":"https:\/\/www.verdieditions.com\/cd-pop-rock\/wp-json\/wp\/v2\/product_tag?post=1621"}],"curies":[{"name":"wp","href":"https:\/\/api.w.org\/{rel}","templated":true}]}}