{"id":1620,"date":"2021-02-25T15:27:42","date_gmt":"2021-02-25T14:27:42","guid":{"rendered":"https:\/\/www.verdieditions.com\/cd-pop-rock\/?post_type=product&#038;p=1620"},"modified":"2024-02-19T13:52:42","modified_gmt":"2024-02-19T12:52:42","slug":"queen-news-world-33t","status":"publish","type":"product","link":"https:\/\/www.verdieditions.com\/cd-pop-rock\/produit\/queen-news-world-33t\/","title":{"rendered":"QUEEN &#8211; News Of The World &#8211; 1977 &#8211; 33T"},"content":{"rendered":"<p>Artiste : QUEEN<br \/>\nTitre : News Of The World &#8211; 33T (<a href=\"https:\/\/www.discogs.com\/fr\/Queen-News-Of-The-World\/release\/807797\">1C 064-60 033<\/a>)<br \/>\nAnn\u00e9e : 1977, \u00e9dition originale, avec pochette de paroles d&rsquo;origine<br \/>\n<strong>Pressage ancien original de collection<br \/>\nVinyle peu \u00e9cout\u00e9<\/strong><br \/>\nGenre : Hard Rock, Pop Rock<br \/>\nProducteur : QUEEN<br \/>\nLabel : EMI Electrola <\/p>\n<p>A1\tWe Will Rock You<br \/>\nA2\tWe Are The Champions<br \/>\nA3\tSheer Heart Attack<br \/>\nA4\tAll Dead, All Dead<br \/>\nA5\tSpread Your Wings<br \/>\nA6\tFight From The Inside<\/p>\n<p>B1\tGet Down, Make Love<br \/>\nB2\tSleeping On The Sidewalk<br \/>\nB3\tWho Needs You<br \/>\nB4\tIt&rsquo;s Late<br \/>\nB5\tMy Melancholy Blues<\/p>\n<p>Sorti avec une pochette rouge cartonn\u00e9e avec les paroles (voir photo).<br \/>\nOn back cover: \u2117 1977 Queen Productions Ltd &#8211; EMI Electrola GMBH \u00b7 [&#8230;] Printed in Germany by 4P NICOLAUS GMBH, K\u00f6ln<\/p>\n","protected":false},"excerpt":{"rendered":"<p>Artiste : QUEEN<br \/>\nTitre : News Of The World &#8211; 33T (<a href=\"https:\/\/www.discogs.com\/fr\/Queen-News-Of-The-World\/release\/807797\">1C 064-60 033<\/a>)<br \/>\nAnn\u00e9e : 1977, \u00e9dition originale, avec pochette de paroles d&rsquo;origine<br \/>\n<strong>Pressage ancien original de collection<br \/>\nVinyle peu \u00e9cout\u00e9<\/strong><br \/>\nGenre : Hard Rock, Pop Rock<br \/>\nProducteur : QUEEN<br \/>\nLabel : EMI Electrola <\/p>\n","protected":false},"featured_media":2335,"template":"","meta":[],"product_brand":[],"product_cat":[73],"product_tag":[100,151],"class_list":{"0":"post-1620","1":"product","2":"type-product","3":"status-publish","4":"has-post-thumbnail","6":"product_cat-33t","7":"product_tag-hard-rock","8":"product_tag-pop-rock","10":"first","11":"instock","12":"featured","13":"shipping-taxable","14":"product-type-simple"},"yoast_head":"<!-- This site is optimized with the Yoast SEO plugin v27.0 - https:\/\/yoast.com\/product\/yoast-seo-wordpress\/ -->\n<title>QUEEN - News Of The World - 1977 - 33T - CD Pop Rock<\/title>\n<meta name=\"description\" content=\"QUEEN - News Of The World - 33T - 1977, \u00e9dition originale - Pressage ancien de collection - Vinyle peu \u00e9cout\u00e9 - Prod : QUEEN - EMI Electrola\" \/>\n<meta name=\"robots\" content=\"index, follow, max-snippet:-1, max-image-preview:large, max-video-preview:-1\" \/>\n<link rel=\"canonical\" href=\"https:\/\/www.verdieditions.com\/cd-pop-rock\/produit\/queen-news-world-33t\/\" \/>\n<meta property=\"og:locale\" content=\"fr_FR\" \/>\n<meta property=\"og:type\" content=\"article\" \/>\n<meta property=\"og:title\" content=\"QUEEN - News Of The World - 1977 - 33T - CD Pop Rock\" \/>\n<meta property=\"og:description\" content=\"QUEEN - News Of The World - 33T - 1977, \u00e9dition originale - Pressage ancien de collection - Vinyle peu \u00e9cout\u00e9 - Prod : QUEEN - EMI Electrola\" \/>\n<meta property=\"og:url\" content=\"https:\/\/www.verdieditions.com\/cd-pop-rock\/produit\/queen-news-world-33t\/\" \/>\n<meta property=\"og:site_name\" content=\"CD Pop Rock\" \/>\n<meta property=\"article:publisher\" content=\"https:\/\/www.facebook.com\/CD-Pop-Rock-107168374818139\" \/>\n<meta property=\"article:modified_time\" content=\"2024-02-19T12:52:42+00:00\" \/>\n<meta property=\"og:image\" content=\"https:\/\/www.verdieditions.com\/cd-pop-rock\/wp-content\/uploads\/2021\/02\/queen-news-world-33T.jpg\" \/>\n\t<meta property=\"og:image:width\" content=\"800\" \/>\n\t<meta property=\"og:image:height\" content=\"510\" \/>\n\t<meta property=\"og:image:type\" content=\"image\/jpeg\" \/>\n<meta name=\"twitter:card\" content=\"summary_large_image\" \/>\n<meta name=\"twitter:label1\" content=\"Dur\u00e9e de lecture estim\u00e9e\" \/>\n\t<meta name=\"twitter:data1\" content=\"1 minute\" \/>\n<script type=\"application\/ld+json\" class=\"yoast-schema-graph\">{\"@context\":\"https:\/\/schema.org\",\"@graph\":[{\"@type\":\"WebPage\",\"@id\":\"https:\/\/www.verdieditions.com\/cd-pop-rock\/produit\/queen-news-world-33t\/\",\"url\":\"https:\/\/www.verdieditions.com\/cd-pop-rock\/produit\/queen-news-world-33t\/\",\"name\":\"QUEEN - News Of The World - 1977 - 33T - CD Pop Rock\",\"isPartOf\":{\"@id\":\"https:\/\/www.verdieditions.com\/cd-pop-rock\/#website\"},\"primaryImageOfPage\":{\"@id\":\"https:\/\/www.verdieditions.com\/cd-pop-rock\/produit\/queen-news-world-33t\/#primaryimage\"},\"image\":{\"@id\":\"https:\/\/www.verdieditions.com\/cd-pop-rock\/produit\/queen-news-world-33t\/#primaryimage\"},\"thumbnailUrl\":\"https:\/\/www.verdieditions.com\/cd-pop-rock\/wp-content\/uploads\/2021\/02\/queen-news-world-33T.jpg\",\"datePublished\":\"2021-02-25T14:27:42+00:00\",\"dateModified\":\"2024-02-19T12:52:42+00:00\",\"description\":\"QUEEN - News Of The World - 33T - 1977, \u00e9dition originale - Pressage ancien de collection - Vinyle peu \u00e9cout\u00e9 - Prod : QUEEN - EMI Electrola\",\"breadcrumb\":{\"@id\":\"https:\/\/www.verdieditions.com\/cd-pop-rock\/produit\/queen-news-world-33t\/#breadcrumb\"},\"inLanguage\":\"fr-FR\",\"potentialAction\":[{\"@type\":\"ReadAction\",\"target\":[\"https:\/\/www.verdieditions.com\/cd-pop-rock\/produit\/queen-news-world-33t\/\"]}]},{\"@type\":\"ImageObject\",\"inLanguage\":\"fr-FR\",\"@id\":\"https:\/\/www.verdieditions.com\/cd-pop-rock\/produit\/queen-news-world-33t\/#primaryimage\",\"url\":\"https:\/\/www.verdieditions.com\/cd-pop-rock\/wp-content\/uploads\/2021\/02\/queen-news-world-33T.jpg\",\"contentUrl\":\"https:\/\/www.verdieditions.com\/cd-pop-rock\/wp-content\/uploads\/2021\/02\/queen-news-world-33T.jpg\",\"width\":800,\"height\":510,\"caption\":\"queen-news-world-33T\"},{\"@type\":\"BreadcrumbList\",\"@id\":\"https:\/\/www.verdieditions.com\/cd-pop-rock\/produit\/queen-news-world-33t\/#breadcrumb\",\"itemListElement\":[{\"@type\":\"ListItem\",\"position\":1,\"name\":\"Accueil\",\"item\":\"https:\/\/www.verdieditions.com\/cd-pop-rock\/\"},{\"@type\":\"ListItem\",\"position\":2,\"name\":\"La Boutique\",\"item\":\"https:\/\/www.verdieditions.com\/cd-pop-rock\/boutique\/\"},{\"@type\":\"ListItem\",\"position\":3,\"name\":\"QUEEN &#8211; News Of The World &#8211; 1977 &#8211; 33T\"}]},{\"@type\":\"WebSite\",\"@id\":\"https:\/\/www.verdieditions.com\/cd-pop-rock\/#website\",\"url\":\"https:\/\/www.verdieditions.com\/cd-pop-rock\/\",\"name\":\"CD Pop Rock\",\"description\":\"CD, K7, Vinyles, VHS et DVD de Musique Pop et Rock vintage\",\"publisher\":{\"@id\":\"https:\/\/www.verdieditions.com\/cd-pop-rock\/#\/schema\/person\/3a9da867add08338474907117bf9668a\"},\"potentialAction\":[{\"@type\":\"SearchAction\",\"target\":{\"@type\":\"EntryPoint\",\"urlTemplate\":\"https:\/\/www.verdieditions.com\/cd-pop-rock\/?s={search_term_string}\"},\"query-input\":{\"@type\":\"PropertyValueSpecification\",\"valueRequired\":true,\"valueName\":\"search_term_string\"}}],\"inLanguage\":\"fr-FR\"},{\"@type\":[\"Person\",\"Organization\"],\"@id\":\"https:\/\/www.verdieditions.com\/cd-pop-rock\/#\/schema\/person\/3a9da867add08338474907117bf9668a\",\"name\":\"Sylvie VERDI\",\"image\":{\"@type\":\"ImageObject\",\"inLanguage\":\"fr-FR\",\"@id\":\"https:\/\/www.verdieditions.com\/cd-pop-rock\/#\/schema\/person\/image\/\",\"url\":\"https:\/\/www.verdieditions.com\/cd-pop-rock\/wp-content\/uploads\/2021\/01\/cropped-favicon-cd-pop-rock-vinyle-32x32-1.png\",\"contentUrl\":\"https:\/\/www.verdieditions.com\/cd-pop-rock\/wp-content\/uploads\/2021\/01\/cropped-favicon-cd-pop-rock-vinyle-32x32-1.png\",\"width\":512,\"height\":512,\"caption\":\"Sylvie VERDI\"},\"logo\":{\"@id\":\"https:\/\/www.verdieditions.com\/cd-pop-rock\/#\/schema\/person\/image\/\"},\"sameAs\":[\"https:\/\/www.verdieditions.com\/cd-pop-rock\",\"https:\/\/www.facebook.com\/CD-Pop-Rock-107168374818139\"]}]}<\/script>\n<!-- \/ Yoast SEO plugin. -->","yoast_head_json":{"title":"QUEEN - News Of The World - 1977 - 33T - CD Pop Rock","description":"QUEEN - News Of The World - 33T - 1977, \u00e9dition originale - Pressage ancien de collection - Vinyle peu \u00e9cout\u00e9 - Prod : QUEEN - EMI Electrola","robots":{"index":"index","follow":"follow","max-snippet":"max-snippet:-1","max-image-preview":"max-image-preview:large","max-video-preview":"max-video-preview:-1"},"canonical":"https:\/\/www.verdieditions.com\/cd-pop-rock\/produit\/queen-news-world-33t\/","og_locale":"fr_FR","og_type":"article","og_title":"QUEEN - News Of The World - 1977 - 33T - CD Pop Rock","og_description":"QUEEN - News Of The World - 33T - 1977, \u00e9dition originale - Pressage ancien de collection - Vinyle peu \u00e9cout\u00e9 - Prod : QUEEN - EMI Electrola","og_url":"https:\/\/www.verdieditions.com\/cd-pop-rock\/produit\/queen-news-world-33t\/","og_site_name":"CD Pop Rock","article_publisher":"https:\/\/www.facebook.com\/CD-Pop-Rock-107168374818139","article_modified_time":"2024-02-19T12:52:42+00:00","og_image":[{"width":800,"height":510,"url":"https:\/\/www.verdieditions.com\/cd-pop-rock\/wp-content\/uploads\/2021\/02\/queen-news-world-33T.jpg","type":"image\/jpeg"}],"twitter_card":"summary_large_image","twitter_misc":{"Dur\u00e9e de lecture estim\u00e9e":"1 minute"},"schema":{"@context":"https:\/\/schema.org","@graph":[{"@type":"WebPage","@id":"https:\/\/www.verdieditions.com\/cd-pop-rock\/produit\/queen-news-world-33t\/","url":"https:\/\/www.verdieditions.com\/cd-pop-rock\/produit\/queen-news-world-33t\/","name":"QUEEN - News Of The World - 1977 - 33T - CD Pop Rock","isPartOf":{"@id":"https:\/\/www.verdieditions.com\/cd-pop-rock\/#website"},"primaryImageOfPage":{"@id":"https:\/\/www.verdieditions.com\/cd-pop-rock\/produit\/queen-news-world-33t\/#primaryimage"},"image":{"@id":"https:\/\/www.verdieditions.com\/cd-pop-rock\/produit\/queen-news-world-33t\/#primaryimage"},"thumbnailUrl":"https:\/\/www.verdieditions.com\/cd-pop-rock\/wp-content\/uploads\/2021\/02\/queen-news-world-33T.jpg","datePublished":"2021-02-25T14:27:42+00:00","dateModified":"2024-02-19T12:52:42+00:00","description":"QUEEN - News Of The World - 33T - 1977, \u00e9dition originale - Pressage ancien de collection - Vinyle peu \u00e9cout\u00e9 - Prod : QUEEN - EMI Electrola","breadcrumb":{"@id":"https:\/\/www.verdieditions.com\/cd-pop-rock\/produit\/queen-news-world-33t\/#breadcrumb"},"inLanguage":"fr-FR","potentialAction":[{"@type":"ReadAction","target":["https:\/\/www.verdieditions.com\/cd-pop-rock\/produit\/queen-news-world-33t\/"]}]},{"@type":"ImageObject","inLanguage":"fr-FR","@id":"https:\/\/www.verdieditions.com\/cd-pop-rock\/produit\/queen-news-world-33t\/#primaryimage","url":"https:\/\/www.verdieditions.com\/cd-pop-rock\/wp-content\/uploads\/2021\/02\/queen-news-world-33T.jpg","contentUrl":"https:\/\/www.verdieditions.com\/cd-pop-rock\/wp-content\/uploads\/2021\/02\/queen-news-world-33T.jpg","width":800,"height":510,"caption":"queen-news-world-33T"},{"@type":"BreadcrumbList","@id":"https:\/\/www.verdieditions.com\/cd-pop-rock\/produit\/queen-news-world-33t\/#breadcrumb","itemListElement":[{"@type":"ListItem","position":1,"name":"Accueil","item":"https:\/\/www.verdieditions.com\/cd-pop-rock\/"},{"@type":"ListItem","position":2,"name":"La Boutique","item":"https:\/\/www.verdieditions.com\/cd-pop-rock\/boutique\/"},{"@type":"ListItem","position":3,"name":"QUEEN &#8211; News Of The World &#8211; 1977 &#8211; 33T"}]},{"@type":"WebSite","@id":"https:\/\/www.verdieditions.com\/cd-pop-rock\/#website","url":"https:\/\/www.verdieditions.com\/cd-pop-rock\/","name":"CD Pop Rock","description":"CD, K7, Vinyles, VHS et DVD de Musique Pop et Rock vintage","publisher":{"@id":"https:\/\/www.verdieditions.com\/cd-pop-rock\/#\/schema\/person\/3a9da867add08338474907117bf9668a"},"potentialAction":[{"@type":"SearchAction","target":{"@type":"EntryPoint","urlTemplate":"https:\/\/www.verdieditions.com\/cd-pop-rock\/?s={search_term_string}"},"query-input":{"@type":"PropertyValueSpecification","valueRequired":true,"valueName":"search_term_string"}}],"inLanguage":"fr-FR"},{"@type":["Person","Organization"],"@id":"https:\/\/www.verdieditions.com\/cd-pop-rock\/#\/schema\/person\/3a9da867add08338474907117bf9668a","name":"Sylvie VERDI","image":{"@type":"ImageObject","inLanguage":"fr-FR","@id":"https:\/\/www.verdieditions.com\/cd-pop-rock\/#\/schema\/person\/image\/","url":"https:\/\/www.verdieditions.com\/cd-pop-rock\/wp-content\/uploads\/2021\/01\/cropped-favicon-cd-pop-rock-vinyle-32x32-1.png","contentUrl":"https:\/\/www.verdieditions.com\/cd-pop-rock\/wp-content\/uploads\/2021\/01\/cropped-favicon-cd-pop-rock-vinyle-32x32-1.png","width":512,"height":512,"caption":"Sylvie VERDI"},"logo":{"@id":"https:\/\/www.verdieditions.com\/cd-pop-rock\/#\/schema\/person\/image\/"},"sameAs":["https:\/\/www.verdieditions.com\/cd-pop-rock","https:\/\/www.facebook.com\/CD-Pop-Rock-107168374818139"]}]}},"_links":{"self":[{"href":"https:\/\/www.verdieditions.com\/cd-pop-rock\/wp-json\/wp\/v2\/product\/1620","targetHints":{"allow":["GET"]}}],"collection":[{"href":"https:\/\/www.verdieditions.com\/cd-pop-rock\/wp-json\/wp\/v2\/product"}],"about":[{"href":"https:\/\/www.verdieditions.com\/cd-pop-rock\/wp-json\/wp\/v2\/types\/product"}],"wp:featuredmedia":[{"embeddable":true,"href":"https:\/\/www.verdieditions.com\/cd-pop-rock\/wp-json\/wp\/v2\/media\/2335"}],"wp:attachment":[{"href":"https:\/\/www.verdieditions.com\/cd-pop-rock\/wp-json\/wp\/v2\/media?parent=1620"}],"wp:term":[{"taxonomy":"product_brand","embeddable":true,"href":"https:\/\/www.verdieditions.com\/cd-pop-rock\/wp-json\/wp\/v2\/product_brand?post=1620"},{"taxonomy":"product_cat","embeddable":true,"href":"https:\/\/www.verdieditions.com\/cd-pop-rock\/wp-json\/wp\/v2\/product_cat?post=1620"},{"taxonomy":"product_tag","embeddable":true,"href":"https:\/\/www.verdieditions.com\/cd-pop-rock\/wp-json\/wp\/v2\/product_tag?post=1620"}],"curies":[{"name":"wp","href":"https:\/\/api.w.org\/{rel}","templated":true}]}}