{"id":1605,"date":"2021-02-24T11:07:38","date_gmt":"2021-02-24T10:07:38","guid":{"rendered":"https:\/\/www.verdieditions.com\/cd-pop-rock\/?post_type=product&#038;p=1605"},"modified":"2024-02-19T13:52:54","modified_gmt":"2024-02-19T12:52:54","slug":"david-bowie-changes-one-33t","status":"publish","type":"product","link":"https:\/\/www.verdieditions.com\/cd-pop-rock\/produit\/david-bowie-changes-one-33t\/","title":{"rendered":"DAVID BOWIE &#8211; Changes One Bowie &#8211; 33T"},"content":{"rendered":"<p>Artiste : DAVID BOWIE<br \/>\nTitre : Changes One Bowie &#8211; 33T<br \/>\nAnn\u00e9e : 1976, \u00e9dition originale, Compilation (<a href=\"https:\/\/www.discogs.com\/fr\/David-Bowie-ChangesOneBowie\/release\/1919211\">APL1-1732<\/a>)<br \/>\n<strong>Pressage ancien original de collection<br \/>\nVinyle peu \u00e9cout\u00e9<\/strong><br \/>\nGenre : Pop Rock, Soul, Glam<br \/>\nProducteur : David Bowie (pistes : A2, A4 to B2, B4, B5), Gus Dudgeon (pistes : A1), Harry Maslin (pistes : B5), Ken Scott (pistes : A3 to A6), Tony Visconti (pistes : B3)<br \/>\nLabel : RCA    <\/p>\n<p>Side one<br \/>\n1.\t\u00ab\u00a0Space Oddity\u00a0\u00bb de l&rsquo;album Space Oddity (1969)<br \/>\n2.\t\u00ab\u00a0John, I&rsquo;m Only Dancing\u00a0\u00bb (sax version) \/ Single A-side (1972)<br \/>\n3.\t\u00ab\u00a0Changes\u00a0\u00bb de l&rsquo;album Hunky Dory (1971)<br \/>\n4.\t\u00ab\u00a0Ziggy Stardust\u00a0\u00bb de l&rsquo;album The Rise and Fall of Ziggy Stardust and the Spiders from Mars (1972)<br \/>\n5.\t\u00ab\u00a0Suffragette City\u00a0\u00bb de l&rsquo;album The Rise and Fall of Ziggy Stardust and the Spiders from Mars<br \/>\n6.\t\u00ab\u00a0The Jean Genie\u00a0\u00bb de l&rsquo;album Aladdin Sane (1973)<\/p>\n<p>Side two<br \/>\n1.\t\u00ab\u00a0Diamond Dogs\u00a0\u00bb de l&rsquo;album Diamond Dogs (1974)<br \/>\n2.\t\u00ab\u00a0Rebel Rebel\u00a0\u00bb de l&rsquo;album Diamond Dogs<br \/>\n3.\t\u00ab\u00a0Young Americans\u00a0\u00bb de l&rsquo;album Young Americans (1975)<br \/>\n4.\t\u00ab\u00a0Fame\u00a0\u00bb\t(Bowie, Carlos Alomar, John Lennon) de l&rsquo;album Young Americans<br \/>\n5.\t\u00ab\u00a0Golden Years\u00a0\u00bb de l&rsquo;album Station to Station (1976)<\/p>\n<p>*Note : Dos \u00e9crit et face 1 \u00e9crite (voir photos).<\/p>\n<p>Changesonebowie est un album compilation du musicien de rock anglais David Bowie, publi\u00e9 par RCA Records en 1976. Il rassemble des chansons de la p\u00e9riode 1969-1976, y compris la premi\u00e8re apparition en LP de \u00ab\u00a0John, I&rsquo;m Only Dancing\u00a0\u00bb. Une \u00ab\u00a0version saxophone\u00a0\u00bb de cette chanson, coup\u00e9e lors des sessions Aladdin Sane en 1973, est apparue sur les 1000 premiers exemplaires du pressage britannique (identifi\u00e9 par l&rsquo;absence du logo RCA dans le coin sup\u00e9rieur droit de la pochette). Les pressages ult\u00e9rieurs de Changesonebowie pr\u00e9sentaient la version originale du single qui avait \u00e9t\u00e9 enregistr\u00e9e et publi\u00e9e en 1972. Tous les pressages am\u00e9ricains du LP contiennent \u00e9galement cette version originale.<\/p>\n<p>Deux des morceaux, \u00ab\u00a0Ziggy Stardust\u00a0\u00bb et \u00ab\u00a0Suffragette City\u00a0\u00bb, n&rsquo;avaient jamais \u00e9t\u00e9 publi\u00e9s en tant que singles lors de la sortie de Changesonebowie, bien que le premier ait \u00e9t\u00e9 la face B de \u00ab\u00a0The Jean Genie\u00a0\u00bb en novembre 1972 et que le second soit sorti en face A en juillet 1976 pour aider \u00e0 promouvoir la compilation.<\/p>\n<p>La photo de couverture a \u00e9t\u00e9 prise par Tom Kelley, qui a r\u00e9alis\u00e9 les c\u00e9l\u00e8bres photos de calendrier de Marilyn Monroe nue sur du velours rouge en 1949.<\/p>\n<p>L&rsquo;album a \u00e9t\u00e9 suivi par une compilation compl\u00e9mentaire, Changestwobowie, en 1981.<\/p>\n<p>Traduit avec www.DeepL.com\/Translator (version gratuite)<\/p>\n","protected":false},"excerpt":{"rendered":"<p>Artiste : DAVID BOWIE<br \/>\nTitre : Changes One Bowie &#8211; 33T<br \/>\nAnn\u00e9e : 1976, \u00e9dition originale, Compilation (<a href=\"https:\/\/www.discogs.com\/fr\/David-Bowie-ChangesOneBowie\/release\/1919211\">APL1-1732<\/a>)<br \/>\n<strong>Pressage ancien original de collection<br \/>\nVinyle peu \u00e9cout\u00e9<\/strong><br \/>\nGenre : Pop Rock, Soul, Glam<br \/>\nProducteur : David Bowie (pistes : A2, A4 to B2, B4, B5), Gus Dudgeon (pistes : A1), Harry Maslin (pistes : B5), Ken Scott (pistes : A3 to A6), Tony Visconti (pistes : B3)<br \/>\nLabel : RCA     <\/p>\n","protected":false},"featured_media":2295,"template":"","meta":[],"product_brand":[],"product_cat":[73],"product_tag":[102,83,79,80],"class_list":{"0":"post-1605","1":"product","2":"type-product","3":"status-publish","4":"has-post-thumbnail","6":"product_cat-33t","7":"product_tag-glam-rock","8":"product_tag-pop","9":"product_tag-rock","10":"product_tag-soul","12":"first","13":"instock","14":"shipping-taxable","15":"product-type-simple"},"yoast_head":"<!-- This site is optimized with the Yoast SEO plugin v27.0 - https:\/\/yoast.com\/product\/yoast-seo-wordpress\/ -->\n<title>DAVID BOWIE - Changes One Bowie - 33T - CD Pop Rock<\/title>\n<meta name=\"description\" content=\"DAVID BOWIE Titre : Changes One Bowie - 33T - 1976, \u00e9dition originale, Compilation - APL1-1732 - Pressage ancien original de collection - RCA\" \/>\n<meta name=\"robots\" content=\"index, follow, max-snippet:-1, max-image-preview:large, max-video-preview:-1\" \/>\n<link rel=\"canonical\" href=\"https:\/\/www.verdieditions.com\/cd-pop-rock\/produit\/david-bowie-changes-one-33t\/\" \/>\n<meta property=\"og:locale\" content=\"fr_FR\" \/>\n<meta property=\"og:type\" content=\"article\" \/>\n<meta property=\"og:title\" content=\"DAVID BOWIE - Changes One Bowie - 33T - CD Pop Rock\" \/>\n<meta property=\"og:description\" content=\"DAVID BOWIE Titre : Changes One Bowie - 33T - 1976, \u00e9dition originale, Compilation - APL1-1732 - Pressage ancien original de collection - RCA\" \/>\n<meta property=\"og:url\" content=\"https:\/\/www.verdieditions.com\/cd-pop-rock\/produit\/david-bowie-changes-one-33t\/\" \/>\n<meta property=\"og:site_name\" content=\"CD Pop Rock\" \/>\n<meta property=\"article:publisher\" content=\"https:\/\/www.facebook.com\/CD-Pop-Rock-107168374818139\" \/>\n<meta property=\"article:modified_time\" content=\"2024-02-19T12:52:54+00:00\" \/>\n<meta property=\"og:image\" content=\"https:\/\/www.verdieditions.com\/cd-pop-rock\/wp-content\/uploads\/2021\/02\/changes-one-bowie-33T.jpg\" \/>\n\t<meta property=\"og:image:width\" content=\"800\" \/>\n\t<meta property=\"og:image:height\" content=\"534\" \/>\n\t<meta property=\"og:image:type\" content=\"image\/jpeg\" \/>\n<meta name=\"twitter:card\" content=\"summary_large_image\" \/>\n<meta name=\"twitter:label1\" content=\"Dur\u00e9e de lecture estim\u00e9e\" \/>\n\t<meta name=\"twitter:data1\" content=\"2 minutes\" \/>\n<script type=\"application\/ld+json\" class=\"yoast-schema-graph\">{\"@context\":\"https:\/\/schema.org\",\"@graph\":[{\"@type\":\"WebPage\",\"@id\":\"https:\/\/www.verdieditions.com\/cd-pop-rock\/produit\/david-bowie-changes-one-33t\/\",\"url\":\"https:\/\/www.verdieditions.com\/cd-pop-rock\/produit\/david-bowie-changes-one-33t\/\",\"name\":\"DAVID BOWIE - Changes One Bowie - 33T - CD Pop Rock\",\"isPartOf\":{\"@id\":\"https:\/\/www.verdieditions.com\/cd-pop-rock\/#website\"},\"primaryImageOfPage\":{\"@id\":\"https:\/\/www.verdieditions.com\/cd-pop-rock\/produit\/david-bowie-changes-one-33t\/#primaryimage\"},\"image\":{\"@id\":\"https:\/\/www.verdieditions.com\/cd-pop-rock\/produit\/david-bowie-changes-one-33t\/#primaryimage\"},\"thumbnailUrl\":\"https:\/\/www.verdieditions.com\/cd-pop-rock\/wp-content\/uploads\/2021\/02\/changes-one-bowie-33T.jpg\",\"datePublished\":\"2021-02-24T10:07:38+00:00\",\"dateModified\":\"2024-02-19T12:52:54+00:00\",\"description\":\"DAVID BOWIE Titre : Changes One Bowie - 33T - 1976, \u00e9dition originale, Compilation - APL1-1732 - Pressage ancien original de collection - RCA\",\"breadcrumb\":{\"@id\":\"https:\/\/www.verdieditions.com\/cd-pop-rock\/produit\/david-bowie-changes-one-33t\/#breadcrumb\"},\"inLanguage\":\"fr-FR\",\"potentialAction\":[{\"@type\":\"ReadAction\",\"target\":[\"https:\/\/www.verdieditions.com\/cd-pop-rock\/produit\/david-bowie-changes-one-33t\/\"]}]},{\"@type\":\"ImageObject\",\"inLanguage\":\"fr-FR\",\"@id\":\"https:\/\/www.verdieditions.com\/cd-pop-rock\/produit\/david-bowie-changes-one-33t\/#primaryimage\",\"url\":\"https:\/\/www.verdieditions.com\/cd-pop-rock\/wp-content\/uploads\/2021\/02\/changes-one-bowie-33T.jpg\",\"contentUrl\":\"https:\/\/www.verdieditions.com\/cd-pop-rock\/wp-content\/uploads\/2021\/02\/changes-one-bowie-33T.jpg\",\"width\":800,\"height\":534,\"caption\":\"changes-one-bowie-33T\"},{\"@type\":\"BreadcrumbList\",\"@id\":\"https:\/\/www.verdieditions.com\/cd-pop-rock\/produit\/david-bowie-changes-one-33t\/#breadcrumb\",\"itemListElement\":[{\"@type\":\"ListItem\",\"position\":1,\"name\":\"Accueil\",\"item\":\"https:\/\/www.verdieditions.com\/cd-pop-rock\/\"},{\"@type\":\"ListItem\",\"position\":2,\"name\":\"La Boutique\",\"item\":\"https:\/\/www.verdieditions.com\/cd-pop-rock\/boutique\/\"},{\"@type\":\"ListItem\",\"position\":3,\"name\":\"DAVID BOWIE &#8211; Changes One Bowie &#8211; 33T\"}]},{\"@type\":\"WebSite\",\"@id\":\"https:\/\/www.verdieditions.com\/cd-pop-rock\/#website\",\"url\":\"https:\/\/www.verdieditions.com\/cd-pop-rock\/\",\"name\":\"CD Pop Rock\",\"description\":\"CD, K7, Vinyles, VHS et DVD de Musique Pop et Rock vintage\",\"publisher\":{\"@id\":\"https:\/\/www.verdieditions.com\/cd-pop-rock\/#\/schema\/person\/3a9da867add08338474907117bf9668a\"},\"potentialAction\":[{\"@type\":\"SearchAction\",\"target\":{\"@type\":\"EntryPoint\",\"urlTemplate\":\"https:\/\/www.verdieditions.com\/cd-pop-rock\/?s={search_term_string}\"},\"query-input\":{\"@type\":\"PropertyValueSpecification\",\"valueRequired\":true,\"valueName\":\"search_term_string\"}}],\"inLanguage\":\"fr-FR\"},{\"@type\":[\"Person\",\"Organization\"],\"@id\":\"https:\/\/www.verdieditions.com\/cd-pop-rock\/#\/schema\/person\/3a9da867add08338474907117bf9668a\",\"name\":\"Sylvie VERDI\",\"image\":{\"@type\":\"ImageObject\",\"inLanguage\":\"fr-FR\",\"@id\":\"https:\/\/www.verdieditions.com\/cd-pop-rock\/#\/schema\/person\/image\/\",\"url\":\"https:\/\/www.verdieditions.com\/cd-pop-rock\/wp-content\/uploads\/2021\/01\/cropped-favicon-cd-pop-rock-vinyle-32x32-1.png\",\"contentUrl\":\"https:\/\/www.verdieditions.com\/cd-pop-rock\/wp-content\/uploads\/2021\/01\/cropped-favicon-cd-pop-rock-vinyle-32x32-1.png\",\"width\":512,\"height\":512,\"caption\":\"Sylvie VERDI\"},\"logo\":{\"@id\":\"https:\/\/www.verdieditions.com\/cd-pop-rock\/#\/schema\/person\/image\/\"},\"sameAs\":[\"https:\/\/www.verdieditions.com\/cd-pop-rock\",\"https:\/\/www.facebook.com\/CD-Pop-Rock-107168374818139\"]}]}<\/script>\n<!-- \/ Yoast SEO plugin. -->","yoast_head_json":{"title":"DAVID BOWIE - Changes One Bowie - 33T - CD Pop Rock","description":"DAVID BOWIE Titre : Changes One Bowie - 33T - 1976, \u00e9dition originale, Compilation - APL1-1732 - Pressage ancien original de collection - RCA","robots":{"index":"index","follow":"follow","max-snippet":"max-snippet:-1","max-image-preview":"max-image-preview:large","max-video-preview":"max-video-preview:-1"},"canonical":"https:\/\/www.verdieditions.com\/cd-pop-rock\/produit\/david-bowie-changes-one-33t\/","og_locale":"fr_FR","og_type":"article","og_title":"DAVID BOWIE - Changes One Bowie - 33T - CD Pop Rock","og_description":"DAVID BOWIE Titre : Changes One Bowie - 33T - 1976, \u00e9dition originale, Compilation - APL1-1732 - Pressage ancien original de collection - RCA","og_url":"https:\/\/www.verdieditions.com\/cd-pop-rock\/produit\/david-bowie-changes-one-33t\/","og_site_name":"CD Pop Rock","article_publisher":"https:\/\/www.facebook.com\/CD-Pop-Rock-107168374818139","article_modified_time":"2024-02-19T12:52:54+00:00","og_image":[{"width":800,"height":534,"url":"https:\/\/www.verdieditions.com\/cd-pop-rock\/wp-content\/uploads\/2021\/02\/changes-one-bowie-33T.jpg","type":"image\/jpeg"}],"twitter_card":"summary_large_image","twitter_misc":{"Dur\u00e9e de lecture estim\u00e9e":"2 minutes"},"schema":{"@context":"https:\/\/schema.org","@graph":[{"@type":"WebPage","@id":"https:\/\/www.verdieditions.com\/cd-pop-rock\/produit\/david-bowie-changes-one-33t\/","url":"https:\/\/www.verdieditions.com\/cd-pop-rock\/produit\/david-bowie-changes-one-33t\/","name":"DAVID BOWIE - Changes One Bowie - 33T - CD Pop Rock","isPartOf":{"@id":"https:\/\/www.verdieditions.com\/cd-pop-rock\/#website"},"primaryImageOfPage":{"@id":"https:\/\/www.verdieditions.com\/cd-pop-rock\/produit\/david-bowie-changes-one-33t\/#primaryimage"},"image":{"@id":"https:\/\/www.verdieditions.com\/cd-pop-rock\/produit\/david-bowie-changes-one-33t\/#primaryimage"},"thumbnailUrl":"https:\/\/www.verdieditions.com\/cd-pop-rock\/wp-content\/uploads\/2021\/02\/changes-one-bowie-33T.jpg","datePublished":"2021-02-24T10:07:38+00:00","dateModified":"2024-02-19T12:52:54+00:00","description":"DAVID BOWIE Titre : Changes One Bowie - 33T - 1976, \u00e9dition originale, Compilation - APL1-1732 - Pressage ancien original de collection - RCA","breadcrumb":{"@id":"https:\/\/www.verdieditions.com\/cd-pop-rock\/produit\/david-bowie-changes-one-33t\/#breadcrumb"},"inLanguage":"fr-FR","potentialAction":[{"@type":"ReadAction","target":["https:\/\/www.verdieditions.com\/cd-pop-rock\/produit\/david-bowie-changes-one-33t\/"]}]},{"@type":"ImageObject","inLanguage":"fr-FR","@id":"https:\/\/www.verdieditions.com\/cd-pop-rock\/produit\/david-bowie-changes-one-33t\/#primaryimage","url":"https:\/\/www.verdieditions.com\/cd-pop-rock\/wp-content\/uploads\/2021\/02\/changes-one-bowie-33T.jpg","contentUrl":"https:\/\/www.verdieditions.com\/cd-pop-rock\/wp-content\/uploads\/2021\/02\/changes-one-bowie-33T.jpg","width":800,"height":534,"caption":"changes-one-bowie-33T"},{"@type":"BreadcrumbList","@id":"https:\/\/www.verdieditions.com\/cd-pop-rock\/produit\/david-bowie-changes-one-33t\/#breadcrumb","itemListElement":[{"@type":"ListItem","position":1,"name":"Accueil","item":"https:\/\/www.verdieditions.com\/cd-pop-rock\/"},{"@type":"ListItem","position":2,"name":"La Boutique","item":"https:\/\/www.verdieditions.com\/cd-pop-rock\/boutique\/"},{"@type":"ListItem","position":3,"name":"DAVID BOWIE &#8211; Changes One Bowie &#8211; 33T"}]},{"@type":"WebSite","@id":"https:\/\/www.verdieditions.com\/cd-pop-rock\/#website","url":"https:\/\/www.verdieditions.com\/cd-pop-rock\/","name":"CD Pop Rock","description":"CD, K7, Vinyles, VHS et DVD de Musique Pop et Rock vintage","publisher":{"@id":"https:\/\/www.verdieditions.com\/cd-pop-rock\/#\/schema\/person\/3a9da867add08338474907117bf9668a"},"potentialAction":[{"@type":"SearchAction","target":{"@type":"EntryPoint","urlTemplate":"https:\/\/www.verdieditions.com\/cd-pop-rock\/?s={search_term_string}"},"query-input":{"@type":"PropertyValueSpecification","valueRequired":true,"valueName":"search_term_string"}}],"inLanguage":"fr-FR"},{"@type":["Person","Organization"],"@id":"https:\/\/www.verdieditions.com\/cd-pop-rock\/#\/schema\/person\/3a9da867add08338474907117bf9668a","name":"Sylvie VERDI","image":{"@type":"ImageObject","inLanguage":"fr-FR","@id":"https:\/\/www.verdieditions.com\/cd-pop-rock\/#\/schema\/person\/image\/","url":"https:\/\/www.verdieditions.com\/cd-pop-rock\/wp-content\/uploads\/2021\/01\/cropped-favicon-cd-pop-rock-vinyle-32x32-1.png","contentUrl":"https:\/\/www.verdieditions.com\/cd-pop-rock\/wp-content\/uploads\/2021\/01\/cropped-favicon-cd-pop-rock-vinyle-32x32-1.png","width":512,"height":512,"caption":"Sylvie VERDI"},"logo":{"@id":"https:\/\/www.verdieditions.com\/cd-pop-rock\/#\/schema\/person\/image\/"},"sameAs":["https:\/\/www.verdieditions.com\/cd-pop-rock","https:\/\/www.facebook.com\/CD-Pop-Rock-107168374818139"]}]}},"_links":{"self":[{"href":"https:\/\/www.verdieditions.com\/cd-pop-rock\/wp-json\/wp\/v2\/product\/1605","targetHints":{"allow":["GET"]}}],"collection":[{"href":"https:\/\/www.verdieditions.com\/cd-pop-rock\/wp-json\/wp\/v2\/product"}],"about":[{"href":"https:\/\/www.verdieditions.com\/cd-pop-rock\/wp-json\/wp\/v2\/types\/product"}],"wp:featuredmedia":[{"embeddable":true,"href":"https:\/\/www.verdieditions.com\/cd-pop-rock\/wp-json\/wp\/v2\/media\/2295"}],"wp:attachment":[{"href":"https:\/\/www.verdieditions.com\/cd-pop-rock\/wp-json\/wp\/v2\/media?parent=1605"}],"wp:term":[{"taxonomy":"product_brand","embeddable":true,"href":"https:\/\/www.verdieditions.com\/cd-pop-rock\/wp-json\/wp\/v2\/product_brand?post=1605"},{"taxonomy":"product_cat","embeddable":true,"href":"https:\/\/www.verdieditions.com\/cd-pop-rock\/wp-json\/wp\/v2\/product_cat?post=1605"},{"taxonomy":"product_tag","embeddable":true,"href":"https:\/\/www.verdieditions.com\/cd-pop-rock\/wp-json\/wp\/v2\/product_tag?post=1605"}],"curies":[{"name":"wp","href":"https:\/\/api.w.org\/{rel}","templated":true}]}}