{"id":1601,"date":"2021-02-24T09:50:08","date_gmt":"2021-02-24T08:50:08","guid":{"rendered":"https:\/\/www.verdieditions.com\/cd-pop-rock\/?post_type=product&#038;p=1601"},"modified":"2025-02-04T18:33:43","modified_gmt":"2025-02-04T17:33:43","slug":"david-bowie-bo-film-christiane-f-33t","status":"publish","type":"product","link":"https:\/\/www.verdieditions.com\/cd-pop-rock\/produit\/david-bowie-bo-film-christiane-f-33t\/","title":{"rendered":"DAVID BOWIE &#8211; Bande Originale Du Film Moi, Christiane F. &#8211; 33T"},"content":{"rendered":"<p>Artiste : DAVID BOWIE<br \/>\nTitre : Bande Originale Du Film Moi, Christiane F. &#8211; 33T<br \/>\nAnn\u00e9e : 1981, \u00e9dition originale<br \/>\n<strong>Pressage ancien original de collection<br \/>\nVinyle vierge, jamais \u00e9cout\u00e9<\/strong><br \/>\nGenre : Electronic, Rock, Synth-pop, Experimental, Musique de film<br \/>\nProducteur : David Bowie, Harry Maslin, Tony Visconti<br \/>\nLabel : RCA     <\/p>\n<p>A1\tV-2 Schneider<br \/>\nA2\tTVC-15<br \/>\nA3\tHeroes \/ Helden<br \/>\nA4\tBoys Keep Swinging<br \/>\nA5\tSense Of Doubt<br \/>\nB1\tStation To Station<br \/>\nB2\tLook Back In Anger<br \/>\nB3\tStay<br \/>\nB4\tWarszawa<\/p>\n<p>Christiane F. est un album de David Bowie paru en 1981. Bande originale du film \u00ab\u00a0Moi, Christiane F., 13 ans, drogu\u00e9e, prostitu\u00e9e\u2026\u00a0\u00bb, il se compose de chansons d\u00e9j\u00e0 parues sur les albums pr\u00e9c\u00e9dents du chanteur, en particulier ceux de sa p\u00e9riode berlinoise \u00ab\u00a0Heroes\u00a0\u00bb (1977) et Lodger (1979). Les chansons TVC 15 et Stay apparaissent dans leurs versions raccourcies parues \u00e0 l&rsquo;origine en 45 tours.<br \/>\nSource Wikipedia<\/p>\n<p>*Nota : Plastique de protection \u00ab\u00a0coll\u00e9\u00a0\u00bb au dos avec le temps, ne pas enlever.<\/p>\n","protected":false},"excerpt":{"rendered":"<p>Artiste : DAVID BOWIE<br \/>\nTitre : Bande Originale Du Film Moi, Christiane F. &#8211; 33T<br \/>\nAnn\u00e9e : 1981, \u00e9dition originale<br \/>\n<strong>Pressage ancien original de collection<br \/>\nVinyle vierge, jamais \u00e9cout\u00e9<\/strong><br \/>\nGenre : Electronic, Rock, Synth-pop, Experimental, Musique de film<br \/>\nProducteur : David Bowie, Harry Maslin, Tony Visconti<br \/>\nLabel : RCA  <\/p>\n","protected":false},"featured_media":2253,"template":"","meta":[],"product_brand":[],"product_cat":[73],"product_tag":[38,119,79,87,104],"class_list":{"0":"post-1601","1":"product","2":"type-product","3":"status-publish","4":"has-post-thumbnail","6":"product_cat-33t","7":"product_tag-electronics","8":"product_tag-musique-de-film","9":"product_tag-rock","10":"product_tag-rock-experimental","11":"product_tag-synthpop","13":"first","14":"outofstock","15":"shipping-taxable","16":"product-type-simple"},"yoast_head":"<!-- This site is optimized with the Yoast SEO plugin v27.0 - https:\/\/yoast.com\/product\/yoast-seo-wordpress\/ -->\n<title>DAVID BOWIE - Bande Originale Du Film Moi, Christiane F. - 33T<\/title>\n<meta name=\"description\" content=\"DAVID BOWIE - B.O. Du Film Moi, Christiane F. - 33T - 1981, \u00e9dition originale- Vinyle vierge, jamais \u00e9cout\u00e9 - Prod : Bowie, Visconti... - RCA\" \/>\n<meta name=\"robots\" content=\"index, follow, max-snippet:-1, max-image-preview:large, max-video-preview:-1\" \/>\n<link rel=\"canonical\" href=\"https:\/\/www.verdieditions.com\/cd-pop-rock\/produit\/david-bowie-bo-film-christiane-f-33t\/\" \/>\n<meta property=\"og:locale\" content=\"fr_FR\" \/>\n<meta property=\"og:type\" content=\"article\" \/>\n<meta property=\"og:title\" content=\"DAVID BOWIE - Bande Originale Du Film Moi, Christiane F. - 33T\" \/>\n<meta property=\"og:description\" content=\"DAVID BOWIE - B.O. Du Film Moi, Christiane F. - 33T - 1981, \u00e9dition originale- Vinyle vierge, jamais \u00e9cout\u00e9 - Prod : Bowie, Visconti... - RCA\" \/>\n<meta property=\"og:url\" content=\"https:\/\/www.verdieditions.com\/cd-pop-rock\/produit\/david-bowie-bo-film-christiane-f-33t\/\" \/>\n<meta property=\"og:site_name\" content=\"CD Pop Rock\" \/>\n<meta property=\"article:publisher\" content=\"https:\/\/www.facebook.com\/CD-Pop-Rock-107168374818139\" \/>\n<meta property=\"article:modified_time\" content=\"2025-02-04T17:33:43+00:00\" \/>\n<meta property=\"og:image\" content=\"https:\/\/www.verdieditions.com\/cd-pop-rock\/wp-content\/uploads\/2021\/02\/bowie-christiane-F-BO-film-3-33T.jpg\" \/>\n\t<meta property=\"og:image:width\" content=\"800\" \/>\n\t<meta property=\"og:image:height\" content=\"534\" \/>\n\t<meta property=\"og:image:type\" content=\"image\/jpeg\" \/>\n<meta name=\"twitter:card\" content=\"summary_large_image\" \/>\n<meta name=\"twitter:label1\" content=\"Dur\u00e9e de lecture estim\u00e9e\" \/>\n\t<meta name=\"twitter:data1\" content=\"1 minute\" \/>\n<script type=\"application\/ld+json\" class=\"yoast-schema-graph\">{\"@context\":\"https:\/\/schema.org\",\"@graph\":[{\"@type\":\"WebPage\",\"@id\":\"https:\/\/www.verdieditions.com\/cd-pop-rock\/produit\/david-bowie-bo-film-christiane-f-33t\/\",\"url\":\"https:\/\/www.verdieditions.com\/cd-pop-rock\/produit\/david-bowie-bo-film-christiane-f-33t\/\",\"name\":\"DAVID BOWIE - Bande Originale Du Film Moi, Christiane F. - 33T\",\"isPartOf\":{\"@id\":\"https:\/\/www.verdieditions.com\/cd-pop-rock\/#website\"},\"primaryImageOfPage\":{\"@id\":\"https:\/\/www.verdieditions.com\/cd-pop-rock\/produit\/david-bowie-bo-film-christiane-f-33t\/#primaryimage\"},\"image\":{\"@id\":\"https:\/\/www.verdieditions.com\/cd-pop-rock\/produit\/david-bowie-bo-film-christiane-f-33t\/#primaryimage\"},\"thumbnailUrl\":\"https:\/\/www.verdieditions.com\/cd-pop-rock\/wp-content\/uploads\/2021\/02\/bowie-christiane-F-BO-film-3-33T.jpg\",\"datePublished\":\"2021-02-24T08:50:08+00:00\",\"dateModified\":\"2025-02-04T17:33:43+00:00\",\"description\":\"DAVID BOWIE - B.O. Du Film Moi, Christiane F. - 33T - 1981, \u00e9dition originale- Vinyle vierge, jamais \u00e9cout\u00e9 - Prod : Bowie, Visconti... - RCA\",\"breadcrumb\":{\"@id\":\"https:\/\/www.verdieditions.com\/cd-pop-rock\/produit\/david-bowie-bo-film-christiane-f-33t\/#breadcrumb\"},\"inLanguage\":\"fr-FR\",\"potentialAction\":[{\"@type\":\"ReadAction\",\"target\":[\"https:\/\/www.verdieditions.com\/cd-pop-rock\/produit\/david-bowie-bo-film-christiane-f-33t\/\"]}]},{\"@type\":\"ImageObject\",\"inLanguage\":\"fr-FR\",\"@id\":\"https:\/\/www.verdieditions.com\/cd-pop-rock\/produit\/david-bowie-bo-film-christiane-f-33t\/#primaryimage\",\"url\":\"https:\/\/www.verdieditions.com\/cd-pop-rock\/wp-content\/uploads\/2021\/02\/bowie-christiane-F-BO-film-3-33T.jpg\",\"contentUrl\":\"https:\/\/www.verdieditions.com\/cd-pop-rock\/wp-content\/uploads\/2021\/02\/bowie-christiane-F-BO-film-3-33T.jpg\",\"width\":800,\"height\":534,\"caption\":\"bowie-christiane-F-BO-film-3-33T\"},{\"@type\":\"BreadcrumbList\",\"@id\":\"https:\/\/www.verdieditions.com\/cd-pop-rock\/produit\/david-bowie-bo-film-christiane-f-33t\/#breadcrumb\",\"itemListElement\":[{\"@type\":\"ListItem\",\"position\":1,\"name\":\"Accueil\",\"item\":\"https:\/\/www.verdieditions.com\/cd-pop-rock\/\"},{\"@type\":\"ListItem\",\"position\":2,\"name\":\"La Boutique\",\"item\":\"https:\/\/www.verdieditions.com\/cd-pop-rock\/boutique\/\"},{\"@type\":\"ListItem\",\"position\":3,\"name\":\"DAVID BOWIE &#8211; Bande Originale Du Film Moi, Christiane F. &#8211; 33T\"}]},{\"@type\":\"WebSite\",\"@id\":\"https:\/\/www.verdieditions.com\/cd-pop-rock\/#website\",\"url\":\"https:\/\/www.verdieditions.com\/cd-pop-rock\/\",\"name\":\"CD Pop Rock\",\"description\":\"CD, K7, Vinyles, VHS et DVD de Musique Pop et Rock vintage\",\"publisher\":{\"@id\":\"https:\/\/www.verdieditions.com\/cd-pop-rock\/#\/schema\/person\/3a9da867add08338474907117bf9668a\"},\"potentialAction\":[{\"@type\":\"SearchAction\",\"target\":{\"@type\":\"EntryPoint\",\"urlTemplate\":\"https:\/\/www.verdieditions.com\/cd-pop-rock\/?s={search_term_string}\"},\"query-input\":{\"@type\":\"PropertyValueSpecification\",\"valueRequired\":true,\"valueName\":\"search_term_string\"}}],\"inLanguage\":\"fr-FR\"},{\"@type\":[\"Person\",\"Organization\"],\"@id\":\"https:\/\/www.verdieditions.com\/cd-pop-rock\/#\/schema\/person\/3a9da867add08338474907117bf9668a\",\"name\":\"Sylvie VERDI\",\"image\":{\"@type\":\"ImageObject\",\"inLanguage\":\"fr-FR\",\"@id\":\"https:\/\/www.verdieditions.com\/cd-pop-rock\/#\/schema\/person\/image\/\",\"url\":\"https:\/\/www.verdieditions.com\/cd-pop-rock\/wp-content\/uploads\/2021\/01\/cropped-favicon-cd-pop-rock-vinyle-32x32-1.png\",\"contentUrl\":\"https:\/\/www.verdieditions.com\/cd-pop-rock\/wp-content\/uploads\/2021\/01\/cropped-favicon-cd-pop-rock-vinyle-32x32-1.png\",\"width\":512,\"height\":512,\"caption\":\"Sylvie VERDI\"},\"logo\":{\"@id\":\"https:\/\/www.verdieditions.com\/cd-pop-rock\/#\/schema\/person\/image\/\"},\"sameAs\":[\"https:\/\/www.verdieditions.com\/cd-pop-rock\",\"https:\/\/www.facebook.com\/CD-Pop-Rock-107168374818139\"]}]}<\/script>\n<!-- \/ Yoast SEO plugin. -->","yoast_head_json":{"title":"DAVID BOWIE - Bande Originale Du Film Moi, Christiane F. - 33T","description":"DAVID BOWIE - B.O. Du Film Moi, Christiane F. - 33T - 1981, \u00e9dition originale- Vinyle vierge, jamais \u00e9cout\u00e9 - Prod : Bowie, Visconti... - RCA","robots":{"index":"index","follow":"follow","max-snippet":"max-snippet:-1","max-image-preview":"max-image-preview:large","max-video-preview":"max-video-preview:-1"},"canonical":"https:\/\/www.verdieditions.com\/cd-pop-rock\/produit\/david-bowie-bo-film-christiane-f-33t\/","og_locale":"fr_FR","og_type":"article","og_title":"DAVID BOWIE - Bande Originale Du Film Moi, Christiane F. - 33T","og_description":"DAVID BOWIE - B.O. Du Film Moi, Christiane F. - 33T - 1981, \u00e9dition originale- Vinyle vierge, jamais \u00e9cout\u00e9 - Prod : Bowie, Visconti... - RCA","og_url":"https:\/\/www.verdieditions.com\/cd-pop-rock\/produit\/david-bowie-bo-film-christiane-f-33t\/","og_site_name":"CD Pop Rock","article_publisher":"https:\/\/www.facebook.com\/CD-Pop-Rock-107168374818139","article_modified_time":"2025-02-04T17:33:43+00:00","og_image":[{"width":800,"height":534,"url":"https:\/\/www.verdieditions.com\/cd-pop-rock\/wp-content\/uploads\/2021\/02\/bowie-christiane-F-BO-film-3-33T.jpg","type":"image\/jpeg"}],"twitter_card":"summary_large_image","twitter_misc":{"Dur\u00e9e de lecture estim\u00e9e":"1 minute"},"schema":{"@context":"https:\/\/schema.org","@graph":[{"@type":"WebPage","@id":"https:\/\/www.verdieditions.com\/cd-pop-rock\/produit\/david-bowie-bo-film-christiane-f-33t\/","url":"https:\/\/www.verdieditions.com\/cd-pop-rock\/produit\/david-bowie-bo-film-christiane-f-33t\/","name":"DAVID BOWIE - Bande Originale Du Film Moi, Christiane F. - 33T","isPartOf":{"@id":"https:\/\/www.verdieditions.com\/cd-pop-rock\/#website"},"primaryImageOfPage":{"@id":"https:\/\/www.verdieditions.com\/cd-pop-rock\/produit\/david-bowie-bo-film-christiane-f-33t\/#primaryimage"},"image":{"@id":"https:\/\/www.verdieditions.com\/cd-pop-rock\/produit\/david-bowie-bo-film-christiane-f-33t\/#primaryimage"},"thumbnailUrl":"https:\/\/www.verdieditions.com\/cd-pop-rock\/wp-content\/uploads\/2021\/02\/bowie-christiane-F-BO-film-3-33T.jpg","datePublished":"2021-02-24T08:50:08+00:00","dateModified":"2025-02-04T17:33:43+00:00","description":"DAVID BOWIE - B.O. Du Film Moi, Christiane F. - 33T - 1981, \u00e9dition originale- Vinyle vierge, jamais \u00e9cout\u00e9 - Prod : Bowie, Visconti... - RCA","breadcrumb":{"@id":"https:\/\/www.verdieditions.com\/cd-pop-rock\/produit\/david-bowie-bo-film-christiane-f-33t\/#breadcrumb"},"inLanguage":"fr-FR","potentialAction":[{"@type":"ReadAction","target":["https:\/\/www.verdieditions.com\/cd-pop-rock\/produit\/david-bowie-bo-film-christiane-f-33t\/"]}]},{"@type":"ImageObject","inLanguage":"fr-FR","@id":"https:\/\/www.verdieditions.com\/cd-pop-rock\/produit\/david-bowie-bo-film-christiane-f-33t\/#primaryimage","url":"https:\/\/www.verdieditions.com\/cd-pop-rock\/wp-content\/uploads\/2021\/02\/bowie-christiane-F-BO-film-3-33T.jpg","contentUrl":"https:\/\/www.verdieditions.com\/cd-pop-rock\/wp-content\/uploads\/2021\/02\/bowie-christiane-F-BO-film-3-33T.jpg","width":800,"height":534,"caption":"bowie-christiane-F-BO-film-3-33T"},{"@type":"BreadcrumbList","@id":"https:\/\/www.verdieditions.com\/cd-pop-rock\/produit\/david-bowie-bo-film-christiane-f-33t\/#breadcrumb","itemListElement":[{"@type":"ListItem","position":1,"name":"Accueil","item":"https:\/\/www.verdieditions.com\/cd-pop-rock\/"},{"@type":"ListItem","position":2,"name":"La Boutique","item":"https:\/\/www.verdieditions.com\/cd-pop-rock\/boutique\/"},{"@type":"ListItem","position":3,"name":"DAVID BOWIE &#8211; Bande Originale Du Film Moi, Christiane F. &#8211; 33T"}]},{"@type":"WebSite","@id":"https:\/\/www.verdieditions.com\/cd-pop-rock\/#website","url":"https:\/\/www.verdieditions.com\/cd-pop-rock\/","name":"CD Pop Rock","description":"CD, K7, Vinyles, VHS et DVD de Musique Pop et Rock vintage","publisher":{"@id":"https:\/\/www.verdieditions.com\/cd-pop-rock\/#\/schema\/person\/3a9da867add08338474907117bf9668a"},"potentialAction":[{"@type":"SearchAction","target":{"@type":"EntryPoint","urlTemplate":"https:\/\/www.verdieditions.com\/cd-pop-rock\/?s={search_term_string}"},"query-input":{"@type":"PropertyValueSpecification","valueRequired":true,"valueName":"search_term_string"}}],"inLanguage":"fr-FR"},{"@type":["Person","Organization"],"@id":"https:\/\/www.verdieditions.com\/cd-pop-rock\/#\/schema\/person\/3a9da867add08338474907117bf9668a","name":"Sylvie VERDI","image":{"@type":"ImageObject","inLanguage":"fr-FR","@id":"https:\/\/www.verdieditions.com\/cd-pop-rock\/#\/schema\/person\/image\/","url":"https:\/\/www.verdieditions.com\/cd-pop-rock\/wp-content\/uploads\/2021\/01\/cropped-favicon-cd-pop-rock-vinyle-32x32-1.png","contentUrl":"https:\/\/www.verdieditions.com\/cd-pop-rock\/wp-content\/uploads\/2021\/01\/cropped-favicon-cd-pop-rock-vinyle-32x32-1.png","width":512,"height":512,"caption":"Sylvie VERDI"},"logo":{"@id":"https:\/\/www.verdieditions.com\/cd-pop-rock\/#\/schema\/person\/image\/"},"sameAs":["https:\/\/www.verdieditions.com\/cd-pop-rock","https:\/\/www.facebook.com\/CD-Pop-Rock-107168374818139"]}]}},"_links":{"self":[{"href":"https:\/\/www.verdieditions.com\/cd-pop-rock\/wp-json\/wp\/v2\/product\/1601","targetHints":{"allow":["GET"]}}],"collection":[{"href":"https:\/\/www.verdieditions.com\/cd-pop-rock\/wp-json\/wp\/v2\/product"}],"about":[{"href":"https:\/\/www.verdieditions.com\/cd-pop-rock\/wp-json\/wp\/v2\/types\/product"}],"wp:featuredmedia":[{"embeddable":true,"href":"https:\/\/www.verdieditions.com\/cd-pop-rock\/wp-json\/wp\/v2\/media\/2253"}],"wp:attachment":[{"href":"https:\/\/www.verdieditions.com\/cd-pop-rock\/wp-json\/wp\/v2\/media?parent=1601"}],"wp:term":[{"taxonomy":"product_brand","embeddable":true,"href":"https:\/\/www.verdieditions.com\/cd-pop-rock\/wp-json\/wp\/v2\/product_brand?post=1601"},{"taxonomy":"product_cat","embeddable":true,"href":"https:\/\/www.verdieditions.com\/cd-pop-rock\/wp-json\/wp\/v2\/product_cat?post=1601"},{"taxonomy":"product_tag","embeddable":true,"href":"https:\/\/www.verdieditions.com\/cd-pop-rock\/wp-json\/wp\/v2\/product_tag?post=1601"}],"curies":[{"name":"wp","href":"https:\/\/api.w.org\/{rel}","templated":true}]}}