{"id":1596,"date":"2021-03-23T15:39:09","date_gmt":"2021-03-23T14:39:09","guid":{"rendered":"https:\/\/www.verdieditions.com\/cd-pop-rock\/?post_type=product&#038;p=1596"},"modified":"2024-02-19T14:16:15","modified_gmt":"2024-02-19T13:16:15","slug":"bowie-inrocks-hs-2015","status":"publish","type":"product","link":"https:\/\/www.verdieditions.com\/cd-pop-rock\/produit\/bowie-inrocks-hs-2015\/","title":{"rendered":"DAVID BOWIE &#8211; Les InRocks N\u00b0 71 &#8211; Hors-S\u00e9rie 2015"},"content":{"rendered":"<p>Artiste : DAVID BOWIE<br \/>\nTitre : Les InRocks N\u00b0 71 &#8211; Hors-S\u00e9rie 2015<br \/>\nAuteur : Les Inrockuptibles, Magazine<br \/>\nAnn\u00e9e : 2015, \u00e9dition originale<br \/>\nEtat : Comme neuf, papier glac\u00e9, couleur<br \/>\n\u00c9diteur : Les Inrockuptibles<br \/>\nNb de pages : 98 p.<br \/>\nFormat : 23 x 29,5 cm <\/p>\n<p>En 2013, l\u2019exposition <strong>\u00ab\u00a0David Bowie Is\u00a0\u00bb<\/strong> \u00e9tait lanc\u00e9e au Victoria &#038; Albert Museum de Londres (du 23 mars au 11 ao\u00fbt 2013), avant d\u2019encha\u00eener avec une tourn\u00e9e dans 12 pays diff\u00e9rents, dont la France, \u00e0 la Philarmonie de Paris.<\/p>\n<p>A l&rsquo;occasion de l&rsquo;exposition <strong>\u00ab\u00a0David Bowie is\u00a0\u00bb<\/strong> \u00e0 la Philarmonie de Paris du 3 mars au 31 mais 2015, les Inrocks publient ce hors s\u00e9rie sp\u00e9cial David Bowie qui retrace avec de nombreuses photos les grandes \u00e9tapes artistiques du chanteur et ses influences.<br \/>\nhttp:\/\/davidbowieis.philharmoniedeparis.fr<\/p>\n<div class=\"entry-content-asset videofit\"><iframe loading=\"lazy\" title=\"\u00ab David Bowie Is \u00bb \u00e0 Paris - Mars 2015 - Exposition \u00e0 la Philharmonie de Paris\" width=\"500\" height=\"281\" src=\"https:\/\/www.youtube.com\/embed\/JM9ReO9kY3U?feature=oembed\" frameborder=\"0\" allow=\"accelerometer; autoplay; clipboard-write; encrypted-media; gyroscope; picture-in-picture; web-share\" referrerpolicy=\"strict-origin-when-cross-origin\" allowfullscreen><\/iframe><\/div>\n","protected":false},"excerpt":{"rendered":"<p>Artiste : DAVID BOWIE<br \/>\nTitre : Les InRocks N\u00b0 71 &#8211; Hors-S\u00e9rie 2015<br \/>\nAuteur : Les Inrockuptibles, Magazine<br \/>\nAnn\u00e9e : 2015, \u00e9dition originale<br \/>\nEtat : Comme neuf, papier glac\u00e9, couleur<br \/>\n\u00c9diteur : Les Inrockuptibles<br \/>\nNb de pages : 98 p.<br \/>\nFormat : 23 x 29,5 cm <\/p>\n","protected":false},"featured_media":2260,"template":"","meta":[],"product_brand":[],"product_cat":[76],"product_tag":[89,83,88],"class_list":{"0":"post-1596","1":"product","2":"type-product","3":"status-publish","4":"has-post-thumbnail","6":"product_cat-livres","7":"product_tag-art-rock","8":"product_tag-pop","9":"product_tag-rock-progressif","11":"first","12":"outofstock","13":"shipping-taxable","14":"product-type-simple"},"yoast_head":"<!-- This site is optimized with the Yoast SEO plugin v27.0 - https:\/\/yoast.com\/product\/yoast-seo-wordpress\/ -->\n<title>DAVID BOWIE - Les InRocks N\u00b0 71 - Hors-S\u00e9rie 2015 - CD Pop Rock<\/title>\n<meta name=\"description\" content=\"DAVID BOWIE - Les InRocks N\u00b0 71 - Hors-S\u00e9rie 2015 - Auteur : Les Inrockuptibles \u00e9dition originale - Etat : Comme neuf - 98 p. 23 x 29,5 cm\" \/>\n<meta name=\"robots\" content=\"index, follow, max-snippet:-1, max-image-preview:large, max-video-preview:-1\" \/>\n<link rel=\"canonical\" href=\"https:\/\/www.verdieditions.com\/cd-pop-rock\/produit\/bowie-inrocks-hs-2015\/\" \/>\n<meta property=\"og:locale\" content=\"fr_FR\" \/>\n<meta property=\"og:type\" content=\"article\" \/>\n<meta property=\"og:title\" content=\"DAVID BOWIE - Les InRocks N\u00b0 71 - Hors-S\u00e9rie 2015 - CD Pop Rock\" \/>\n<meta property=\"og:description\" content=\"DAVID BOWIE - Les InRocks N\u00b0 71 - Hors-S\u00e9rie 2015 - Auteur : Les Inrockuptibles \u00e9dition originale - Etat : Comme neuf - 98 p. 23 x 29,5 cm\" \/>\n<meta property=\"og:url\" content=\"https:\/\/www.verdieditions.com\/cd-pop-rock\/produit\/bowie-inrocks-hs-2015\/\" \/>\n<meta property=\"og:site_name\" content=\"CD Pop Rock\" \/>\n<meta property=\"article:publisher\" content=\"https:\/\/www.facebook.com\/CD-Pop-Rock-107168374818139\" \/>\n<meta property=\"article:modified_time\" content=\"2024-02-19T13:16:15+00:00\" \/>\n<meta property=\"og:image\" content=\"https:\/\/www.verdieditions.com\/cd-pop-rock\/wp-content\/uploads\/2021\/02\/Bowie-Inrocks-HS-71-2015.jpg\" \/>\n\t<meta property=\"og:image:width\" content=\"800\" \/>\n\t<meta property=\"og:image:height\" content=\"555\" \/>\n\t<meta property=\"og:image:type\" content=\"image\/jpeg\" \/>\n<meta name=\"twitter:card\" content=\"summary_large_image\" \/>\n<meta name=\"twitter:label1\" content=\"Dur\u00e9e de lecture estim\u00e9e\" \/>\n\t<meta name=\"twitter:data1\" content=\"1 minute\" \/>\n<script type=\"application\/ld+json\" class=\"yoast-schema-graph\">{\"@context\":\"https:\/\/schema.org\",\"@graph\":[{\"@type\":\"WebPage\",\"@id\":\"https:\/\/www.verdieditions.com\/cd-pop-rock\/produit\/bowie-inrocks-hs-2015\/\",\"url\":\"https:\/\/www.verdieditions.com\/cd-pop-rock\/produit\/bowie-inrocks-hs-2015\/\",\"name\":\"DAVID BOWIE - Les InRocks N\u00b0 71 - Hors-S\u00e9rie 2015 - CD Pop Rock\",\"isPartOf\":{\"@id\":\"https:\/\/www.verdieditions.com\/cd-pop-rock\/#website\"},\"primaryImageOfPage\":{\"@id\":\"https:\/\/www.verdieditions.com\/cd-pop-rock\/produit\/bowie-inrocks-hs-2015\/#primaryimage\"},\"image\":{\"@id\":\"https:\/\/www.verdieditions.com\/cd-pop-rock\/produit\/bowie-inrocks-hs-2015\/#primaryimage\"},\"thumbnailUrl\":\"https:\/\/www.verdieditions.com\/cd-pop-rock\/wp-content\/uploads\/2021\/02\/Bowie-Inrocks-HS-71-2015.jpg\",\"datePublished\":\"2021-03-23T14:39:09+00:00\",\"dateModified\":\"2024-02-19T13:16:15+00:00\",\"description\":\"DAVID BOWIE - Les InRocks N\u00b0 71 - Hors-S\u00e9rie 2015 - Auteur : Les Inrockuptibles \u00e9dition originale - Etat : Comme neuf - 98 p. 23 x 29,5 cm\",\"breadcrumb\":{\"@id\":\"https:\/\/www.verdieditions.com\/cd-pop-rock\/produit\/bowie-inrocks-hs-2015\/#breadcrumb\"},\"inLanguage\":\"fr-FR\",\"potentialAction\":[{\"@type\":\"ReadAction\",\"target\":[\"https:\/\/www.verdieditions.com\/cd-pop-rock\/produit\/bowie-inrocks-hs-2015\/\"]}]},{\"@type\":\"ImageObject\",\"inLanguage\":\"fr-FR\",\"@id\":\"https:\/\/www.verdieditions.com\/cd-pop-rock\/produit\/bowie-inrocks-hs-2015\/#primaryimage\",\"url\":\"https:\/\/www.verdieditions.com\/cd-pop-rock\/wp-content\/uploads\/2021\/02\/Bowie-Inrocks-HS-71-2015.jpg\",\"contentUrl\":\"https:\/\/www.verdieditions.com\/cd-pop-rock\/wp-content\/uploads\/2021\/02\/Bowie-Inrocks-HS-71-2015.jpg\",\"width\":800,\"height\":555,\"caption\":\"Bowie-Inrocks-HS-71-2015\"},{\"@type\":\"BreadcrumbList\",\"@id\":\"https:\/\/www.verdieditions.com\/cd-pop-rock\/produit\/bowie-inrocks-hs-2015\/#breadcrumb\",\"itemListElement\":[{\"@type\":\"ListItem\",\"position\":1,\"name\":\"Accueil\",\"item\":\"https:\/\/www.verdieditions.com\/cd-pop-rock\/\"},{\"@type\":\"ListItem\",\"position\":2,\"name\":\"La Boutique\",\"item\":\"https:\/\/www.verdieditions.com\/cd-pop-rock\/boutique\/\"},{\"@type\":\"ListItem\",\"position\":3,\"name\":\"DAVID BOWIE &#8211; Les InRocks N\u00b0 71 &#8211; Hors-S\u00e9rie 2015\"}]},{\"@type\":\"WebSite\",\"@id\":\"https:\/\/www.verdieditions.com\/cd-pop-rock\/#website\",\"url\":\"https:\/\/www.verdieditions.com\/cd-pop-rock\/\",\"name\":\"CD Pop Rock\",\"description\":\"CD, K7, Vinyles, VHS et DVD de Musique Pop et Rock vintage\",\"publisher\":{\"@id\":\"https:\/\/www.verdieditions.com\/cd-pop-rock\/#\/schema\/person\/3a9da867add08338474907117bf9668a\"},\"potentialAction\":[{\"@type\":\"SearchAction\",\"target\":{\"@type\":\"EntryPoint\",\"urlTemplate\":\"https:\/\/www.verdieditions.com\/cd-pop-rock\/?s={search_term_string}\"},\"query-input\":{\"@type\":\"PropertyValueSpecification\",\"valueRequired\":true,\"valueName\":\"search_term_string\"}}],\"inLanguage\":\"fr-FR\"},{\"@type\":[\"Person\",\"Organization\"],\"@id\":\"https:\/\/www.verdieditions.com\/cd-pop-rock\/#\/schema\/person\/3a9da867add08338474907117bf9668a\",\"name\":\"Sylvie VERDI\",\"image\":{\"@type\":\"ImageObject\",\"inLanguage\":\"fr-FR\",\"@id\":\"https:\/\/www.verdieditions.com\/cd-pop-rock\/#\/schema\/person\/image\/\",\"url\":\"https:\/\/www.verdieditions.com\/cd-pop-rock\/wp-content\/uploads\/2021\/01\/cropped-favicon-cd-pop-rock-vinyle-32x32-1.png\",\"contentUrl\":\"https:\/\/www.verdieditions.com\/cd-pop-rock\/wp-content\/uploads\/2021\/01\/cropped-favicon-cd-pop-rock-vinyle-32x32-1.png\",\"width\":512,\"height\":512,\"caption\":\"Sylvie VERDI\"},\"logo\":{\"@id\":\"https:\/\/www.verdieditions.com\/cd-pop-rock\/#\/schema\/person\/image\/\"},\"sameAs\":[\"https:\/\/www.verdieditions.com\/cd-pop-rock\",\"https:\/\/www.facebook.com\/CD-Pop-Rock-107168374818139\"]}]}<\/script>\n<!-- \/ Yoast SEO plugin. -->","yoast_head_json":{"title":"DAVID BOWIE - Les InRocks N\u00b0 71 - Hors-S\u00e9rie 2015 - CD Pop Rock","description":"DAVID BOWIE - Les InRocks N\u00b0 71 - Hors-S\u00e9rie 2015 - Auteur : Les Inrockuptibles \u00e9dition originale - Etat : Comme neuf - 98 p. 23 x 29,5 cm","robots":{"index":"index","follow":"follow","max-snippet":"max-snippet:-1","max-image-preview":"max-image-preview:large","max-video-preview":"max-video-preview:-1"},"canonical":"https:\/\/www.verdieditions.com\/cd-pop-rock\/produit\/bowie-inrocks-hs-2015\/","og_locale":"fr_FR","og_type":"article","og_title":"DAVID BOWIE - Les InRocks N\u00b0 71 - Hors-S\u00e9rie 2015 - CD Pop Rock","og_description":"DAVID BOWIE - Les InRocks N\u00b0 71 - Hors-S\u00e9rie 2015 - Auteur : Les Inrockuptibles \u00e9dition originale - Etat : Comme neuf - 98 p. 23 x 29,5 cm","og_url":"https:\/\/www.verdieditions.com\/cd-pop-rock\/produit\/bowie-inrocks-hs-2015\/","og_site_name":"CD Pop Rock","article_publisher":"https:\/\/www.facebook.com\/CD-Pop-Rock-107168374818139","article_modified_time":"2024-02-19T13:16:15+00:00","og_image":[{"width":800,"height":555,"url":"https:\/\/www.verdieditions.com\/cd-pop-rock\/wp-content\/uploads\/2021\/02\/Bowie-Inrocks-HS-71-2015.jpg","type":"image\/jpeg"}],"twitter_card":"summary_large_image","twitter_misc":{"Dur\u00e9e de lecture estim\u00e9e":"1 minute"},"schema":{"@context":"https:\/\/schema.org","@graph":[{"@type":"WebPage","@id":"https:\/\/www.verdieditions.com\/cd-pop-rock\/produit\/bowie-inrocks-hs-2015\/","url":"https:\/\/www.verdieditions.com\/cd-pop-rock\/produit\/bowie-inrocks-hs-2015\/","name":"DAVID BOWIE - Les InRocks N\u00b0 71 - Hors-S\u00e9rie 2015 - CD Pop Rock","isPartOf":{"@id":"https:\/\/www.verdieditions.com\/cd-pop-rock\/#website"},"primaryImageOfPage":{"@id":"https:\/\/www.verdieditions.com\/cd-pop-rock\/produit\/bowie-inrocks-hs-2015\/#primaryimage"},"image":{"@id":"https:\/\/www.verdieditions.com\/cd-pop-rock\/produit\/bowie-inrocks-hs-2015\/#primaryimage"},"thumbnailUrl":"https:\/\/www.verdieditions.com\/cd-pop-rock\/wp-content\/uploads\/2021\/02\/Bowie-Inrocks-HS-71-2015.jpg","datePublished":"2021-03-23T14:39:09+00:00","dateModified":"2024-02-19T13:16:15+00:00","description":"DAVID BOWIE - Les InRocks N\u00b0 71 - Hors-S\u00e9rie 2015 - Auteur : Les Inrockuptibles \u00e9dition originale - Etat : Comme neuf - 98 p. 23 x 29,5 cm","breadcrumb":{"@id":"https:\/\/www.verdieditions.com\/cd-pop-rock\/produit\/bowie-inrocks-hs-2015\/#breadcrumb"},"inLanguage":"fr-FR","potentialAction":[{"@type":"ReadAction","target":["https:\/\/www.verdieditions.com\/cd-pop-rock\/produit\/bowie-inrocks-hs-2015\/"]}]},{"@type":"ImageObject","inLanguage":"fr-FR","@id":"https:\/\/www.verdieditions.com\/cd-pop-rock\/produit\/bowie-inrocks-hs-2015\/#primaryimage","url":"https:\/\/www.verdieditions.com\/cd-pop-rock\/wp-content\/uploads\/2021\/02\/Bowie-Inrocks-HS-71-2015.jpg","contentUrl":"https:\/\/www.verdieditions.com\/cd-pop-rock\/wp-content\/uploads\/2021\/02\/Bowie-Inrocks-HS-71-2015.jpg","width":800,"height":555,"caption":"Bowie-Inrocks-HS-71-2015"},{"@type":"BreadcrumbList","@id":"https:\/\/www.verdieditions.com\/cd-pop-rock\/produit\/bowie-inrocks-hs-2015\/#breadcrumb","itemListElement":[{"@type":"ListItem","position":1,"name":"Accueil","item":"https:\/\/www.verdieditions.com\/cd-pop-rock\/"},{"@type":"ListItem","position":2,"name":"La Boutique","item":"https:\/\/www.verdieditions.com\/cd-pop-rock\/boutique\/"},{"@type":"ListItem","position":3,"name":"DAVID BOWIE &#8211; Les InRocks N\u00b0 71 &#8211; Hors-S\u00e9rie 2015"}]},{"@type":"WebSite","@id":"https:\/\/www.verdieditions.com\/cd-pop-rock\/#website","url":"https:\/\/www.verdieditions.com\/cd-pop-rock\/","name":"CD Pop Rock","description":"CD, K7, Vinyles, VHS et DVD de Musique Pop et Rock vintage","publisher":{"@id":"https:\/\/www.verdieditions.com\/cd-pop-rock\/#\/schema\/person\/3a9da867add08338474907117bf9668a"},"potentialAction":[{"@type":"SearchAction","target":{"@type":"EntryPoint","urlTemplate":"https:\/\/www.verdieditions.com\/cd-pop-rock\/?s={search_term_string}"},"query-input":{"@type":"PropertyValueSpecification","valueRequired":true,"valueName":"search_term_string"}}],"inLanguage":"fr-FR"},{"@type":["Person","Organization"],"@id":"https:\/\/www.verdieditions.com\/cd-pop-rock\/#\/schema\/person\/3a9da867add08338474907117bf9668a","name":"Sylvie VERDI","image":{"@type":"ImageObject","inLanguage":"fr-FR","@id":"https:\/\/www.verdieditions.com\/cd-pop-rock\/#\/schema\/person\/image\/","url":"https:\/\/www.verdieditions.com\/cd-pop-rock\/wp-content\/uploads\/2021\/01\/cropped-favicon-cd-pop-rock-vinyle-32x32-1.png","contentUrl":"https:\/\/www.verdieditions.com\/cd-pop-rock\/wp-content\/uploads\/2021\/01\/cropped-favicon-cd-pop-rock-vinyle-32x32-1.png","width":512,"height":512,"caption":"Sylvie VERDI"},"logo":{"@id":"https:\/\/www.verdieditions.com\/cd-pop-rock\/#\/schema\/person\/image\/"},"sameAs":["https:\/\/www.verdieditions.com\/cd-pop-rock","https:\/\/www.facebook.com\/CD-Pop-Rock-107168374818139"]}]}},"_links":{"self":[{"href":"https:\/\/www.verdieditions.com\/cd-pop-rock\/wp-json\/wp\/v2\/product\/1596","targetHints":{"allow":["GET"]}}],"collection":[{"href":"https:\/\/www.verdieditions.com\/cd-pop-rock\/wp-json\/wp\/v2\/product"}],"about":[{"href":"https:\/\/www.verdieditions.com\/cd-pop-rock\/wp-json\/wp\/v2\/types\/product"}],"wp:featuredmedia":[{"embeddable":true,"href":"https:\/\/www.verdieditions.com\/cd-pop-rock\/wp-json\/wp\/v2\/media\/2260"}],"wp:attachment":[{"href":"https:\/\/www.verdieditions.com\/cd-pop-rock\/wp-json\/wp\/v2\/media?parent=1596"}],"wp:term":[{"taxonomy":"product_brand","embeddable":true,"href":"https:\/\/www.verdieditions.com\/cd-pop-rock\/wp-json\/wp\/v2\/product_brand?post=1596"},{"taxonomy":"product_cat","embeddable":true,"href":"https:\/\/www.verdieditions.com\/cd-pop-rock\/wp-json\/wp\/v2\/product_cat?post=1596"},{"taxonomy":"product_tag","embeddable":true,"href":"https:\/\/www.verdieditions.com\/cd-pop-rock\/wp-json\/wp\/v2\/product_tag?post=1596"}],"curies":[{"name":"wp","href":"https:\/\/api.w.org\/{rel}","templated":true}]}}