{"id":1589,"date":"2021-02-23T14:00:56","date_gmt":"2021-02-23T13:00:56","guid":{"rendered":"https:\/\/www.verdieditions.com\/cd-pop-rock\/?post_type=product&#038;p=1589"},"modified":"2024-02-19T13:53:05","modified_gmt":"2024-02-19T12:53:05","slug":"will-smith-video-collection-dvd","status":"publish","type":"product","link":"https:\/\/www.verdieditions.com\/cd-pop-rock\/produit\/will-smith-video-collection-dvd\/","title":{"rendered":"WILL SMITH &#8211; The Will Smith Music Video Collection &#8211; DVD"},"content":{"rendered":"<p>Artiste : WILL SMITH<br \/>\nTitre : The Will Smith Music Video Collection &#8211; DVD<br \/>\nAnn\u00e9e : 1997, \u00e9dition originale<br \/>\n<strong>DVD original de collection <\/strong><br \/>\nGenre : Hip Hop, Pop, Rap<br \/>\nProducteur : John Alberts<br \/>\nLabel : SMV      <\/p>\n<p>1\t\tOpening Montage<br \/>\n2\t\tMen In Black<br \/>\n3\t\tJust Cruisin&rsquo;<br \/>\n4\t\tGettin&rsquo; Jiggy Wit It<br \/>\n5\t\tJust The Two Of Us<br \/>\n6\t\tMiami<br \/>\n7\t\tWild Wild West &#8211; Featuring \u2013 Sisqo<br \/>\n8\t\tWill 2K<br \/>\n9\t\tBehind The Scenes Of \u00ab\u00a0Will 2K\u00a0\u00bb<br \/>\n10\t\tBloopers<br \/>\n11              End Credits<br \/>\nDVD Bonus<br \/>\n12\t\tSo Fresh &#8211; Featuring \u2013 Biz Markie, Slick Rick<\/p>\n<p>Will Smith invite ses fans \u00e0 \u00ab\u00a0Get Jiggy Wit It\u00a0\u00bb sur une compilation vid\u00e9o exclusive r\u00e9unissant ses plus grands succ\u00e8s vid\u00e9o pour la toute premi\u00e8re fois. On y trouve les clips prim\u00e9s par MTV Video pour \u00ab\u00a0Men In Black\u00a0\u00bb (1997 &#8211; Meilleure vid\u00e9o d&rsquo;un film), \u00ab\u00a0Just The Two Of Us\u00a0\u00bb (1998 &#8211; Meilleure vid\u00e9o masculine), \u00ab\u00a0Getting&rsquo; Juggy Wit It\u00a0\u00bb (1998 &#8211; Meilleure vid\u00e9o de rap) et \u00ab\u00a0Miami\u00a0\u00bb (1999 &#8211; Meilleure vid\u00e9o masculine). La f\u00eate continue sans interruption avec \u00ab\u00a0Just Cruisin'\u00a0\u00bb, \u00ab\u00a0Wild Wild West\u00a0\u00bb et \u00ab\u00a0Will 2K\u00a0\u00bb, tir\u00e9 du tout nouvel album de Will, Willenium.<br \/>\nLa collection de vid\u00e9os de Will Smith contient \u00e9galement des prises de vue et des b\u00eatisiers jamais vus auparavant.<\/p>\n<p>Traduit avec www.DeepL.com\/Translator (version gratuite)<\/p>\n","protected":false},"excerpt":{"rendered":"<p>Artiste : WILL SMITH<br \/>\nTitre : The Will Smith Music Video Collection &#8211; DVD<br \/>\nAnn\u00e9e : 1997, \u00e9dition originale<br \/>\n<strong>DVD original de collection <\/strong><br \/>\nGenre : Hip Hop, Pop, Rap<br \/>\nProducteur : John Alberts<br \/>\nLabel : SMV  <\/p>\n","protected":false},"featured_media":2125,"template":"","meta":[],"product_brand":[],"product_cat":[162],"product_tag":[168,128,83,141],"class_list":{"0":"post-1589","1":"product","2":"type-product","3":"status-publish","4":"has-post-thumbnail","6":"product_cat-videos-films","7":"product_tag-dvd","8":"product_tag-hip-hop","9":"product_tag-pop","10":"product_tag-rap","12":"first","13":"instock","14":"shipping-taxable","15":"product-type-simple"},"yoast_head":"<!-- This site is optimized with the Yoast SEO plugin v27.0 - https:\/\/yoast.com\/product\/yoast-seo-wordpress\/ -->\n<title>WILL SMITH - The Will Smith Music Video Collection - DVD - CD Pop Rock<\/title>\n<meta name=\"description\" content=\"WILL SMITH - The Will Smith Music Video Collection - DVD - 1997, \u00e9dition DVD original de collection - Hip Hop, Pop, Rap - SMV\" \/>\n<meta name=\"robots\" content=\"index, follow, max-snippet:-1, max-image-preview:large, max-video-preview:-1\" \/>\n<link rel=\"canonical\" href=\"https:\/\/www.verdieditions.com\/cd-pop-rock\/produit\/will-smith-video-collection-dvd\/\" \/>\n<meta property=\"og:locale\" content=\"fr_FR\" \/>\n<meta property=\"og:type\" content=\"article\" \/>\n<meta property=\"og:title\" content=\"WILL SMITH - The Will Smith Music Video Collection - DVD - CD Pop Rock\" \/>\n<meta property=\"og:description\" content=\"WILL SMITH - The Will Smith Music Video Collection - DVD - 1997, \u00e9dition DVD original de collection - Hip Hop, Pop, Rap - SMV\" \/>\n<meta property=\"og:url\" content=\"https:\/\/www.verdieditions.com\/cd-pop-rock\/produit\/will-smith-video-collection-dvd\/\" \/>\n<meta property=\"og:site_name\" content=\"CD Pop Rock\" \/>\n<meta property=\"article:publisher\" content=\"https:\/\/www.facebook.com\/CD-Pop-Rock-107168374818139\" \/>\n<meta property=\"article:modified_time\" content=\"2024-02-19T12:53:05+00:00\" \/>\n<meta property=\"og:image\" content=\"https:\/\/www.verdieditions.com\/cd-pop-rock\/wp-content\/uploads\/2021\/02\/will-smith-music-video-coll-DVD.jpg\" \/>\n\t<meta property=\"og:image:width\" content=\"800\" \/>\n\t<meta property=\"og:image:height\" content=\"532\" \/>\n\t<meta property=\"og:image:type\" content=\"image\/jpeg\" \/>\n<meta name=\"twitter:card\" content=\"summary_large_image\" \/>\n<meta name=\"twitter:label1\" content=\"Dur\u00e9e de lecture estim\u00e9e\" \/>\n\t<meta name=\"twitter:data1\" content=\"1 minute\" \/>\n<script type=\"application\/ld+json\" class=\"yoast-schema-graph\">{\"@context\":\"https:\/\/schema.org\",\"@graph\":[{\"@type\":\"WebPage\",\"@id\":\"https:\/\/www.verdieditions.com\/cd-pop-rock\/produit\/will-smith-video-collection-dvd\/\",\"url\":\"https:\/\/www.verdieditions.com\/cd-pop-rock\/produit\/will-smith-video-collection-dvd\/\",\"name\":\"WILL SMITH - The Will Smith Music Video Collection - DVD - CD Pop Rock\",\"isPartOf\":{\"@id\":\"https:\/\/www.verdieditions.com\/cd-pop-rock\/#website\"},\"primaryImageOfPage\":{\"@id\":\"https:\/\/www.verdieditions.com\/cd-pop-rock\/produit\/will-smith-video-collection-dvd\/#primaryimage\"},\"image\":{\"@id\":\"https:\/\/www.verdieditions.com\/cd-pop-rock\/produit\/will-smith-video-collection-dvd\/#primaryimage\"},\"thumbnailUrl\":\"https:\/\/www.verdieditions.com\/cd-pop-rock\/wp-content\/uploads\/2021\/02\/will-smith-music-video-coll-DVD.jpg\",\"datePublished\":\"2021-02-23T13:00:56+00:00\",\"dateModified\":\"2024-02-19T12:53:05+00:00\",\"description\":\"WILL SMITH - The Will Smith Music Video Collection - DVD - 1997, \u00e9dition DVD original de collection - Hip Hop, Pop, Rap - SMV\",\"breadcrumb\":{\"@id\":\"https:\/\/www.verdieditions.com\/cd-pop-rock\/produit\/will-smith-video-collection-dvd\/#breadcrumb\"},\"inLanguage\":\"fr-FR\",\"potentialAction\":[{\"@type\":\"ReadAction\",\"target\":[\"https:\/\/www.verdieditions.com\/cd-pop-rock\/produit\/will-smith-video-collection-dvd\/\"]}]},{\"@type\":\"ImageObject\",\"inLanguage\":\"fr-FR\",\"@id\":\"https:\/\/www.verdieditions.com\/cd-pop-rock\/produit\/will-smith-video-collection-dvd\/#primaryimage\",\"url\":\"https:\/\/www.verdieditions.com\/cd-pop-rock\/wp-content\/uploads\/2021\/02\/will-smith-music-video-coll-DVD.jpg\",\"contentUrl\":\"https:\/\/www.verdieditions.com\/cd-pop-rock\/wp-content\/uploads\/2021\/02\/will-smith-music-video-coll-DVD.jpg\",\"width\":800,\"height\":532,\"caption\":\"will-smith-music-video-coll-DVD\"},{\"@type\":\"BreadcrumbList\",\"@id\":\"https:\/\/www.verdieditions.com\/cd-pop-rock\/produit\/will-smith-video-collection-dvd\/#breadcrumb\",\"itemListElement\":[{\"@type\":\"ListItem\",\"position\":1,\"name\":\"Accueil\",\"item\":\"https:\/\/www.verdieditions.com\/cd-pop-rock\/\"},{\"@type\":\"ListItem\",\"position\":2,\"name\":\"La Boutique\",\"item\":\"https:\/\/www.verdieditions.com\/cd-pop-rock\/boutique\/\"},{\"@type\":\"ListItem\",\"position\":3,\"name\":\"WILL SMITH &#8211; The Will Smith Music Video Collection &#8211; DVD\"}]},{\"@type\":\"WebSite\",\"@id\":\"https:\/\/www.verdieditions.com\/cd-pop-rock\/#website\",\"url\":\"https:\/\/www.verdieditions.com\/cd-pop-rock\/\",\"name\":\"CD Pop Rock\",\"description\":\"CD, K7, Vinyles, VHS et DVD de Musique Pop et Rock vintage\",\"publisher\":{\"@id\":\"https:\/\/www.verdieditions.com\/cd-pop-rock\/#\/schema\/person\/3a9da867add08338474907117bf9668a\"},\"potentialAction\":[{\"@type\":\"SearchAction\",\"target\":{\"@type\":\"EntryPoint\",\"urlTemplate\":\"https:\/\/www.verdieditions.com\/cd-pop-rock\/?s={search_term_string}\"},\"query-input\":{\"@type\":\"PropertyValueSpecification\",\"valueRequired\":true,\"valueName\":\"search_term_string\"}}],\"inLanguage\":\"fr-FR\"},{\"@type\":[\"Person\",\"Organization\"],\"@id\":\"https:\/\/www.verdieditions.com\/cd-pop-rock\/#\/schema\/person\/3a9da867add08338474907117bf9668a\",\"name\":\"Sylvie VERDI\",\"image\":{\"@type\":\"ImageObject\",\"inLanguage\":\"fr-FR\",\"@id\":\"https:\/\/www.verdieditions.com\/cd-pop-rock\/#\/schema\/person\/image\/\",\"url\":\"https:\/\/www.verdieditions.com\/cd-pop-rock\/wp-content\/uploads\/2021\/01\/cropped-favicon-cd-pop-rock-vinyle-32x32-1.png\",\"contentUrl\":\"https:\/\/www.verdieditions.com\/cd-pop-rock\/wp-content\/uploads\/2021\/01\/cropped-favicon-cd-pop-rock-vinyle-32x32-1.png\",\"width\":512,\"height\":512,\"caption\":\"Sylvie VERDI\"},\"logo\":{\"@id\":\"https:\/\/www.verdieditions.com\/cd-pop-rock\/#\/schema\/person\/image\/\"},\"sameAs\":[\"https:\/\/www.verdieditions.com\/cd-pop-rock\",\"https:\/\/www.facebook.com\/CD-Pop-Rock-107168374818139\"]}]}<\/script>\n<!-- \/ Yoast SEO plugin. -->","yoast_head_json":{"title":"WILL SMITH - The Will Smith Music Video Collection - DVD - CD Pop Rock","description":"WILL SMITH - The Will Smith Music Video Collection - DVD - 1997, \u00e9dition DVD original de collection - Hip Hop, Pop, Rap - SMV","robots":{"index":"index","follow":"follow","max-snippet":"max-snippet:-1","max-image-preview":"max-image-preview:large","max-video-preview":"max-video-preview:-1"},"canonical":"https:\/\/www.verdieditions.com\/cd-pop-rock\/produit\/will-smith-video-collection-dvd\/","og_locale":"fr_FR","og_type":"article","og_title":"WILL SMITH - The Will Smith Music Video Collection - DVD - CD Pop Rock","og_description":"WILL SMITH - The Will Smith Music Video Collection - DVD - 1997, \u00e9dition DVD original de collection - Hip Hop, Pop, Rap - SMV","og_url":"https:\/\/www.verdieditions.com\/cd-pop-rock\/produit\/will-smith-video-collection-dvd\/","og_site_name":"CD Pop Rock","article_publisher":"https:\/\/www.facebook.com\/CD-Pop-Rock-107168374818139","article_modified_time":"2024-02-19T12:53:05+00:00","og_image":[{"width":800,"height":532,"url":"https:\/\/www.verdieditions.com\/cd-pop-rock\/wp-content\/uploads\/2021\/02\/will-smith-music-video-coll-DVD.jpg","type":"image\/jpeg"}],"twitter_card":"summary_large_image","twitter_misc":{"Dur\u00e9e de lecture estim\u00e9e":"1 minute"},"schema":{"@context":"https:\/\/schema.org","@graph":[{"@type":"WebPage","@id":"https:\/\/www.verdieditions.com\/cd-pop-rock\/produit\/will-smith-video-collection-dvd\/","url":"https:\/\/www.verdieditions.com\/cd-pop-rock\/produit\/will-smith-video-collection-dvd\/","name":"WILL SMITH - The Will Smith Music Video Collection - DVD - CD Pop Rock","isPartOf":{"@id":"https:\/\/www.verdieditions.com\/cd-pop-rock\/#website"},"primaryImageOfPage":{"@id":"https:\/\/www.verdieditions.com\/cd-pop-rock\/produit\/will-smith-video-collection-dvd\/#primaryimage"},"image":{"@id":"https:\/\/www.verdieditions.com\/cd-pop-rock\/produit\/will-smith-video-collection-dvd\/#primaryimage"},"thumbnailUrl":"https:\/\/www.verdieditions.com\/cd-pop-rock\/wp-content\/uploads\/2021\/02\/will-smith-music-video-coll-DVD.jpg","datePublished":"2021-02-23T13:00:56+00:00","dateModified":"2024-02-19T12:53:05+00:00","description":"WILL SMITH - The Will Smith Music Video Collection - DVD - 1997, \u00e9dition DVD original de collection - Hip Hop, Pop, Rap - SMV","breadcrumb":{"@id":"https:\/\/www.verdieditions.com\/cd-pop-rock\/produit\/will-smith-video-collection-dvd\/#breadcrumb"},"inLanguage":"fr-FR","potentialAction":[{"@type":"ReadAction","target":["https:\/\/www.verdieditions.com\/cd-pop-rock\/produit\/will-smith-video-collection-dvd\/"]}]},{"@type":"ImageObject","inLanguage":"fr-FR","@id":"https:\/\/www.verdieditions.com\/cd-pop-rock\/produit\/will-smith-video-collection-dvd\/#primaryimage","url":"https:\/\/www.verdieditions.com\/cd-pop-rock\/wp-content\/uploads\/2021\/02\/will-smith-music-video-coll-DVD.jpg","contentUrl":"https:\/\/www.verdieditions.com\/cd-pop-rock\/wp-content\/uploads\/2021\/02\/will-smith-music-video-coll-DVD.jpg","width":800,"height":532,"caption":"will-smith-music-video-coll-DVD"},{"@type":"BreadcrumbList","@id":"https:\/\/www.verdieditions.com\/cd-pop-rock\/produit\/will-smith-video-collection-dvd\/#breadcrumb","itemListElement":[{"@type":"ListItem","position":1,"name":"Accueil","item":"https:\/\/www.verdieditions.com\/cd-pop-rock\/"},{"@type":"ListItem","position":2,"name":"La Boutique","item":"https:\/\/www.verdieditions.com\/cd-pop-rock\/boutique\/"},{"@type":"ListItem","position":3,"name":"WILL SMITH &#8211; The Will Smith Music Video Collection &#8211; DVD"}]},{"@type":"WebSite","@id":"https:\/\/www.verdieditions.com\/cd-pop-rock\/#website","url":"https:\/\/www.verdieditions.com\/cd-pop-rock\/","name":"CD Pop Rock","description":"CD, K7, Vinyles, VHS et DVD de Musique Pop et Rock vintage","publisher":{"@id":"https:\/\/www.verdieditions.com\/cd-pop-rock\/#\/schema\/person\/3a9da867add08338474907117bf9668a"},"potentialAction":[{"@type":"SearchAction","target":{"@type":"EntryPoint","urlTemplate":"https:\/\/www.verdieditions.com\/cd-pop-rock\/?s={search_term_string}"},"query-input":{"@type":"PropertyValueSpecification","valueRequired":true,"valueName":"search_term_string"}}],"inLanguage":"fr-FR"},{"@type":["Person","Organization"],"@id":"https:\/\/www.verdieditions.com\/cd-pop-rock\/#\/schema\/person\/3a9da867add08338474907117bf9668a","name":"Sylvie VERDI","image":{"@type":"ImageObject","inLanguage":"fr-FR","@id":"https:\/\/www.verdieditions.com\/cd-pop-rock\/#\/schema\/person\/image\/","url":"https:\/\/www.verdieditions.com\/cd-pop-rock\/wp-content\/uploads\/2021\/01\/cropped-favicon-cd-pop-rock-vinyle-32x32-1.png","contentUrl":"https:\/\/www.verdieditions.com\/cd-pop-rock\/wp-content\/uploads\/2021\/01\/cropped-favicon-cd-pop-rock-vinyle-32x32-1.png","width":512,"height":512,"caption":"Sylvie VERDI"},"logo":{"@id":"https:\/\/www.verdieditions.com\/cd-pop-rock\/#\/schema\/person\/image\/"},"sameAs":["https:\/\/www.verdieditions.com\/cd-pop-rock","https:\/\/www.facebook.com\/CD-Pop-Rock-107168374818139"]}]}},"_links":{"self":[{"href":"https:\/\/www.verdieditions.com\/cd-pop-rock\/wp-json\/wp\/v2\/product\/1589","targetHints":{"allow":["GET"]}}],"collection":[{"href":"https:\/\/www.verdieditions.com\/cd-pop-rock\/wp-json\/wp\/v2\/product"}],"about":[{"href":"https:\/\/www.verdieditions.com\/cd-pop-rock\/wp-json\/wp\/v2\/types\/product"}],"wp:featuredmedia":[{"embeddable":true,"href":"https:\/\/www.verdieditions.com\/cd-pop-rock\/wp-json\/wp\/v2\/media\/2125"}],"wp:attachment":[{"href":"https:\/\/www.verdieditions.com\/cd-pop-rock\/wp-json\/wp\/v2\/media?parent=1589"}],"wp:term":[{"taxonomy":"product_brand","embeddable":true,"href":"https:\/\/www.verdieditions.com\/cd-pop-rock\/wp-json\/wp\/v2\/product_brand?post=1589"},{"taxonomy":"product_cat","embeddable":true,"href":"https:\/\/www.verdieditions.com\/cd-pop-rock\/wp-json\/wp\/v2\/product_cat?post=1589"},{"taxonomy":"product_tag","embeddable":true,"href":"https:\/\/www.verdieditions.com\/cd-pop-rock\/wp-json\/wp\/v2\/product_tag?post=1589"}],"curies":[{"name":"wp","href":"https:\/\/api.w.org\/{rel}","templated":true}]}}