{"id":1588,"date":"2021-02-23T13:43:05","date_gmt":"2021-02-23T12:43:05","guid":{"rendered":"https:\/\/www.verdieditions.com\/cd-pop-rock\/?post_type=product&#038;p=1588"},"modified":"2024-02-19T13:53:06","modified_gmt":"2024-02-19T12:53:06","slug":"bowie-ziggy-stardust-dvd","status":"publish","type":"product","link":"https:\/\/www.verdieditions.com\/cd-pop-rock\/produit\/bowie-ziggy-stardust-dvd\/","title":{"rendered":"DAVID BOWIE &#8211; Ziggy Stardust, Documentaire &#8211; DVD"},"content":{"rendered":"<p>Artiste : DAVID BOWIE<br \/>\nTitre : Ziggy Stardust, Documentaire &#8211; DVD (NTSC)<br \/>\nAnn\u00e9e : 2006, \u00e9dition originale, Coll. Les albums incontournables<br \/>\n<strong>DVD original de collection <\/strong><br \/>\nGenre : Art Rock, Pop Rock, glam rock, Prog Rock<br \/>\nProducteur : Sandbeach<br \/>\nLabel : Rock Milestones, Edgehill       <\/p>\n<p>1972 est l&rsquo;ann\u00e9e o\u00f9 Bowie s&rsquo;est finalement impos\u00e9 sur le march\u00e9 et l&rsquo;album The Rise and Fall of Ziggy Stardust and The Spiders from Mars en est l&rsquo;illustration. Il s&rsquo;agit de la critique ind\u00e9pendante d\u00e9finitive d&rsquo;un album classique de tous les temps, avec de rares interviews de Bowie et des gens qui l&rsquo;entourent, ainsi que des interpr\u00e9tations classiques de morceaux de l&rsquo;album. On y trouve \u00e9galement des entretiens approfondis avec Trevor Bolder et Woody Woodmansey. On y trouve \u00e9galement de rares interviews d&rsquo;archives avec Mick Ronson et, bien s\u00fbr, les opinions franches d&rsquo;Angie Bowie. Ces musiciens et initi\u00e9s qui ont particip\u00e9 \u00e0 la r\u00e9alisation de l&rsquo;album nous offrent une r\u00e9trospective candide, honn\u00eate et franche sur un chef-d&rsquo;\u0153uvre moderne.<\/p>\n<p>Traduit avec www.DeepL.com\/Translator (version gratuite)<\/p>\n","protected":false},"excerpt":{"rendered":"<p>Artiste : DAVID BOWIE<br \/>\nTitre : Ziggy Stardust, Documentaire &#8211; DVD (NTSC)<br \/>\nAnn\u00e9e : 2006, \u00e9dition originale, Coll. Les albums incontournables<br \/>\n<strong>DVD original de collection <\/strong><br \/>\nGenre : Art Rock, Pop Rock, glam rock, Prog Rock<br \/>\nProducteur : Sandbeach<br \/>\nLabel : Rock Milestones, Edgehill  <\/p>\n","protected":false},"featured_media":1894,"template":"","meta":[],"product_brand":[],"product_cat":[162],"product_tag":[89,168,102,88],"class_list":{"0":"post-1588","1":"product","2":"type-product","3":"status-publish","4":"has-post-thumbnail","6":"product_cat-videos-films","7":"product_tag-art-rock","8":"product_tag-dvd","9":"product_tag-glam-rock","10":"product_tag-rock-progressif","12":"first","13":"instock","14":"shipping-taxable","15":"product-type-simple"},"yoast_head":"<!-- This site is optimized with the Yoast SEO plugin v27.0 - https:\/\/yoast.com\/product\/yoast-seo-wordpress\/ -->\n<title>DAVID BOWIE - Ziggy Stardust, Documentaire - DVD - CD Pop Rock<\/title>\n<meta name=\"description\" content=\"DAVID BOWIE - Ziggy Stardust, Documentaire - DVD (NTSC) - 2006, \u00e9d originale, Coll. Les albums incontournables - Rock Milestones, Edgehill\" \/>\n<meta name=\"robots\" content=\"index, follow, max-snippet:-1, max-image-preview:large, max-video-preview:-1\" \/>\n<link rel=\"canonical\" href=\"https:\/\/www.verdieditions.com\/cd-pop-rock\/produit\/bowie-ziggy-stardust-dvd\/\" \/>\n<meta property=\"og:locale\" content=\"fr_FR\" \/>\n<meta property=\"og:type\" content=\"article\" \/>\n<meta property=\"og:title\" content=\"DAVID BOWIE - Ziggy Stardust, Documentaire - DVD - CD Pop Rock\" \/>\n<meta property=\"og:description\" content=\"DAVID BOWIE - Ziggy Stardust, Documentaire - DVD (NTSC) - 2006, \u00e9d originale, Coll. Les albums incontournables - Rock Milestones, Edgehill\" \/>\n<meta property=\"og:url\" content=\"https:\/\/www.verdieditions.com\/cd-pop-rock\/produit\/bowie-ziggy-stardust-dvd\/\" \/>\n<meta property=\"og:site_name\" content=\"CD Pop Rock\" \/>\n<meta property=\"article:publisher\" content=\"https:\/\/www.facebook.com\/CD-Pop-Rock-107168374818139\" \/>\n<meta property=\"article:modified_time\" content=\"2024-02-19T12:53:06+00:00\" \/>\n<meta property=\"og:image\" content=\"https:\/\/www.verdieditions.com\/cd-pop-rock\/wp-content\/uploads\/2021\/02\/bowie-ziggy-stardust-DVD.jpg\" \/>\n\t<meta property=\"og:image:width\" content=\"800\" \/>\n\t<meta property=\"og:image:height\" content=\"532\" \/>\n\t<meta property=\"og:image:type\" content=\"image\/jpeg\" \/>\n<meta name=\"twitter:card\" content=\"summary_large_image\" \/>\n<meta name=\"twitter:label1\" content=\"Dur\u00e9e de lecture estim\u00e9e\" \/>\n\t<meta name=\"twitter:data1\" content=\"1 minute\" \/>\n<script type=\"application\/ld+json\" class=\"yoast-schema-graph\">{\"@context\":\"https:\/\/schema.org\",\"@graph\":[{\"@type\":\"WebPage\",\"@id\":\"https:\/\/www.verdieditions.com\/cd-pop-rock\/produit\/bowie-ziggy-stardust-dvd\/\",\"url\":\"https:\/\/www.verdieditions.com\/cd-pop-rock\/produit\/bowie-ziggy-stardust-dvd\/\",\"name\":\"DAVID BOWIE - Ziggy Stardust, Documentaire - DVD - CD Pop Rock\",\"isPartOf\":{\"@id\":\"https:\/\/www.verdieditions.com\/cd-pop-rock\/#website\"},\"primaryImageOfPage\":{\"@id\":\"https:\/\/www.verdieditions.com\/cd-pop-rock\/produit\/bowie-ziggy-stardust-dvd\/#primaryimage\"},\"image\":{\"@id\":\"https:\/\/www.verdieditions.com\/cd-pop-rock\/produit\/bowie-ziggy-stardust-dvd\/#primaryimage\"},\"thumbnailUrl\":\"https:\/\/www.verdieditions.com\/cd-pop-rock\/wp-content\/uploads\/2021\/02\/bowie-ziggy-stardust-DVD.jpg\",\"datePublished\":\"2021-02-23T12:43:05+00:00\",\"dateModified\":\"2024-02-19T12:53:06+00:00\",\"description\":\"DAVID BOWIE - Ziggy Stardust, Documentaire - DVD (NTSC) - 2006, \u00e9d originale, Coll. Les albums incontournables - Rock Milestones, Edgehill\",\"breadcrumb\":{\"@id\":\"https:\/\/www.verdieditions.com\/cd-pop-rock\/produit\/bowie-ziggy-stardust-dvd\/#breadcrumb\"},\"inLanguage\":\"fr-FR\",\"potentialAction\":[{\"@type\":\"ReadAction\",\"target\":[\"https:\/\/www.verdieditions.com\/cd-pop-rock\/produit\/bowie-ziggy-stardust-dvd\/\"]}]},{\"@type\":\"ImageObject\",\"inLanguage\":\"fr-FR\",\"@id\":\"https:\/\/www.verdieditions.com\/cd-pop-rock\/produit\/bowie-ziggy-stardust-dvd\/#primaryimage\",\"url\":\"https:\/\/www.verdieditions.com\/cd-pop-rock\/wp-content\/uploads\/2021\/02\/bowie-ziggy-stardust-DVD.jpg\",\"contentUrl\":\"https:\/\/www.verdieditions.com\/cd-pop-rock\/wp-content\/uploads\/2021\/02\/bowie-ziggy-stardust-DVD.jpg\",\"width\":800,\"height\":532,\"caption\":\"bowie-ziggy-stardust-DVD\"},{\"@type\":\"BreadcrumbList\",\"@id\":\"https:\/\/www.verdieditions.com\/cd-pop-rock\/produit\/bowie-ziggy-stardust-dvd\/#breadcrumb\",\"itemListElement\":[{\"@type\":\"ListItem\",\"position\":1,\"name\":\"Accueil\",\"item\":\"https:\/\/www.verdieditions.com\/cd-pop-rock\/\"},{\"@type\":\"ListItem\",\"position\":2,\"name\":\"La Boutique\",\"item\":\"https:\/\/www.verdieditions.com\/cd-pop-rock\/boutique\/\"},{\"@type\":\"ListItem\",\"position\":3,\"name\":\"DAVID BOWIE &#8211; Ziggy Stardust, Documentaire &#8211; DVD\"}]},{\"@type\":\"WebSite\",\"@id\":\"https:\/\/www.verdieditions.com\/cd-pop-rock\/#website\",\"url\":\"https:\/\/www.verdieditions.com\/cd-pop-rock\/\",\"name\":\"CD Pop Rock\",\"description\":\"CD, K7, Vinyles, VHS et DVD de Musique Pop et Rock vintage\",\"publisher\":{\"@id\":\"https:\/\/www.verdieditions.com\/cd-pop-rock\/#\/schema\/person\/3a9da867add08338474907117bf9668a\"},\"potentialAction\":[{\"@type\":\"SearchAction\",\"target\":{\"@type\":\"EntryPoint\",\"urlTemplate\":\"https:\/\/www.verdieditions.com\/cd-pop-rock\/?s={search_term_string}\"},\"query-input\":{\"@type\":\"PropertyValueSpecification\",\"valueRequired\":true,\"valueName\":\"search_term_string\"}}],\"inLanguage\":\"fr-FR\"},{\"@type\":[\"Person\",\"Organization\"],\"@id\":\"https:\/\/www.verdieditions.com\/cd-pop-rock\/#\/schema\/person\/3a9da867add08338474907117bf9668a\",\"name\":\"Sylvie VERDI\",\"image\":{\"@type\":\"ImageObject\",\"inLanguage\":\"fr-FR\",\"@id\":\"https:\/\/www.verdieditions.com\/cd-pop-rock\/#\/schema\/person\/image\/\",\"url\":\"https:\/\/www.verdieditions.com\/cd-pop-rock\/wp-content\/uploads\/2021\/01\/cropped-favicon-cd-pop-rock-vinyle-32x32-1.png\",\"contentUrl\":\"https:\/\/www.verdieditions.com\/cd-pop-rock\/wp-content\/uploads\/2021\/01\/cropped-favicon-cd-pop-rock-vinyle-32x32-1.png\",\"width\":512,\"height\":512,\"caption\":\"Sylvie VERDI\"},\"logo\":{\"@id\":\"https:\/\/www.verdieditions.com\/cd-pop-rock\/#\/schema\/person\/image\/\"},\"sameAs\":[\"https:\/\/www.verdieditions.com\/cd-pop-rock\",\"https:\/\/www.facebook.com\/CD-Pop-Rock-107168374818139\"]}]}<\/script>\n<!-- \/ Yoast SEO plugin. -->","yoast_head_json":{"title":"DAVID BOWIE - Ziggy Stardust, Documentaire - DVD - CD Pop Rock","description":"DAVID BOWIE - Ziggy Stardust, Documentaire - DVD (NTSC) - 2006, \u00e9d originale, Coll. Les albums incontournables - Rock Milestones, Edgehill","robots":{"index":"index","follow":"follow","max-snippet":"max-snippet:-1","max-image-preview":"max-image-preview:large","max-video-preview":"max-video-preview:-1"},"canonical":"https:\/\/www.verdieditions.com\/cd-pop-rock\/produit\/bowie-ziggy-stardust-dvd\/","og_locale":"fr_FR","og_type":"article","og_title":"DAVID BOWIE - Ziggy Stardust, Documentaire - DVD - CD Pop Rock","og_description":"DAVID BOWIE - Ziggy Stardust, Documentaire - DVD (NTSC) - 2006, \u00e9d originale, Coll. Les albums incontournables - Rock Milestones, Edgehill","og_url":"https:\/\/www.verdieditions.com\/cd-pop-rock\/produit\/bowie-ziggy-stardust-dvd\/","og_site_name":"CD Pop Rock","article_publisher":"https:\/\/www.facebook.com\/CD-Pop-Rock-107168374818139","article_modified_time":"2024-02-19T12:53:06+00:00","og_image":[{"width":800,"height":532,"url":"https:\/\/www.verdieditions.com\/cd-pop-rock\/wp-content\/uploads\/2021\/02\/bowie-ziggy-stardust-DVD.jpg","type":"image\/jpeg"}],"twitter_card":"summary_large_image","twitter_misc":{"Dur\u00e9e de lecture estim\u00e9e":"1 minute"},"schema":{"@context":"https:\/\/schema.org","@graph":[{"@type":"WebPage","@id":"https:\/\/www.verdieditions.com\/cd-pop-rock\/produit\/bowie-ziggy-stardust-dvd\/","url":"https:\/\/www.verdieditions.com\/cd-pop-rock\/produit\/bowie-ziggy-stardust-dvd\/","name":"DAVID BOWIE - Ziggy Stardust, Documentaire - DVD - CD Pop Rock","isPartOf":{"@id":"https:\/\/www.verdieditions.com\/cd-pop-rock\/#website"},"primaryImageOfPage":{"@id":"https:\/\/www.verdieditions.com\/cd-pop-rock\/produit\/bowie-ziggy-stardust-dvd\/#primaryimage"},"image":{"@id":"https:\/\/www.verdieditions.com\/cd-pop-rock\/produit\/bowie-ziggy-stardust-dvd\/#primaryimage"},"thumbnailUrl":"https:\/\/www.verdieditions.com\/cd-pop-rock\/wp-content\/uploads\/2021\/02\/bowie-ziggy-stardust-DVD.jpg","datePublished":"2021-02-23T12:43:05+00:00","dateModified":"2024-02-19T12:53:06+00:00","description":"DAVID BOWIE - Ziggy Stardust, Documentaire - DVD (NTSC) - 2006, \u00e9d originale, Coll. Les albums incontournables - Rock Milestones, Edgehill","breadcrumb":{"@id":"https:\/\/www.verdieditions.com\/cd-pop-rock\/produit\/bowie-ziggy-stardust-dvd\/#breadcrumb"},"inLanguage":"fr-FR","potentialAction":[{"@type":"ReadAction","target":["https:\/\/www.verdieditions.com\/cd-pop-rock\/produit\/bowie-ziggy-stardust-dvd\/"]}]},{"@type":"ImageObject","inLanguage":"fr-FR","@id":"https:\/\/www.verdieditions.com\/cd-pop-rock\/produit\/bowie-ziggy-stardust-dvd\/#primaryimage","url":"https:\/\/www.verdieditions.com\/cd-pop-rock\/wp-content\/uploads\/2021\/02\/bowie-ziggy-stardust-DVD.jpg","contentUrl":"https:\/\/www.verdieditions.com\/cd-pop-rock\/wp-content\/uploads\/2021\/02\/bowie-ziggy-stardust-DVD.jpg","width":800,"height":532,"caption":"bowie-ziggy-stardust-DVD"},{"@type":"BreadcrumbList","@id":"https:\/\/www.verdieditions.com\/cd-pop-rock\/produit\/bowie-ziggy-stardust-dvd\/#breadcrumb","itemListElement":[{"@type":"ListItem","position":1,"name":"Accueil","item":"https:\/\/www.verdieditions.com\/cd-pop-rock\/"},{"@type":"ListItem","position":2,"name":"La Boutique","item":"https:\/\/www.verdieditions.com\/cd-pop-rock\/boutique\/"},{"@type":"ListItem","position":3,"name":"DAVID BOWIE &#8211; Ziggy Stardust, Documentaire &#8211; DVD"}]},{"@type":"WebSite","@id":"https:\/\/www.verdieditions.com\/cd-pop-rock\/#website","url":"https:\/\/www.verdieditions.com\/cd-pop-rock\/","name":"CD Pop Rock","description":"CD, K7, Vinyles, VHS et DVD de Musique Pop et Rock vintage","publisher":{"@id":"https:\/\/www.verdieditions.com\/cd-pop-rock\/#\/schema\/person\/3a9da867add08338474907117bf9668a"},"potentialAction":[{"@type":"SearchAction","target":{"@type":"EntryPoint","urlTemplate":"https:\/\/www.verdieditions.com\/cd-pop-rock\/?s={search_term_string}"},"query-input":{"@type":"PropertyValueSpecification","valueRequired":true,"valueName":"search_term_string"}}],"inLanguage":"fr-FR"},{"@type":["Person","Organization"],"@id":"https:\/\/www.verdieditions.com\/cd-pop-rock\/#\/schema\/person\/3a9da867add08338474907117bf9668a","name":"Sylvie VERDI","image":{"@type":"ImageObject","inLanguage":"fr-FR","@id":"https:\/\/www.verdieditions.com\/cd-pop-rock\/#\/schema\/person\/image\/","url":"https:\/\/www.verdieditions.com\/cd-pop-rock\/wp-content\/uploads\/2021\/01\/cropped-favicon-cd-pop-rock-vinyle-32x32-1.png","contentUrl":"https:\/\/www.verdieditions.com\/cd-pop-rock\/wp-content\/uploads\/2021\/01\/cropped-favicon-cd-pop-rock-vinyle-32x32-1.png","width":512,"height":512,"caption":"Sylvie VERDI"},"logo":{"@id":"https:\/\/www.verdieditions.com\/cd-pop-rock\/#\/schema\/person\/image\/"},"sameAs":["https:\/\/www.verdieditions.com\/cd-pop-rock","https:\/\/www.facebook.com\/CD-Pop-Rock-107168374818139"]}]}},"_links":{"self":[{"href":"https:\/\/www.verdieditions.com\/cd-pop-rock\/wp-json\/wp\/v2\/product\/1588","targetHints":{"allow":["GET"]}}],"collection":[{"href":"https:\/\/www.verdieditions.com\/cd-pop-rock\/wp-json\/wp\/v2\/product"}],"about":[{"href":"https:\/\/www.verdieditions.com\/cd-pop-rock\/wp-json\/wp\/v2\/types\/product"}],"wp:featuredmedia":[{"embeddable":true,"href":"https:\/\/www.verdieditions.com\/cd-pop-rock\/wp-json\/wp\/v2\/media\/1894"}],"wp:attachment":[{"href":"https:\/\/www.verdieditions.com\/cd-pop-rock\/wp-json\/wp\/v2\/media?parent=1588"}],"wp:term":[{"taxonomy":"product_brand","embeddable":true,"href":"https:\/\/www.verdieditions.com\/cd-pop-rock\/wp-json\/wp\/v2\/product_brand?post=1588"},{"taxonomy":"product_cat","embeddable":true,"href":"https:\/\/www.verdieditions.com\/cd-pop-rock\/wp-json\/wp\/v2\/product_cat?post=1588"},{"taxonomy":"product_tag","embeddable":true,"href":"https:\/\/www.verdieditions.com\/cd-pop-rock\/wp-json\/wp\/v2\/product_tag?post=1588"}],"curies":[{"name":"wp","href":"https:\/\/api.w.org\/{rel}","templated":true}]}}