{"id":1587,"date":"2021-02-23T11:53:57","date_gmt":"2021-02-23T10:53:57","guid":{"rendered":"https:\/\/www.verdieditions.com\/cd-pop-rock\/?post_type=product&#038;p=1587"},"modified":"2024-02-19T13:53:07","modified_gmt":"2024-02-19T12:53:07","slug":"genesis-video-show-dvd","status":"publish","type":"product","link":"https:\/\/www.verdieditions.com\/cd-pop-rock\/produit\/genesis-video-show-dvd\/","title":{"rendered":"GENESIS &#8211; The Video Show &#8211; DVD"},"content":{"rendered":"<p>Artiste : GENESIS<br \/>\nTitre : The Video Show &#8211; DVD (PAL)<br \/>\nAnn\u00e9e : 2004, \u00e9dition originale<br \/>\n<strong>DVD original de collection <\/strong><br \/>\nGenre : New Wave, Art Rock, Pop Rock, Synth-pop, Prog Rock<br \/>\nProducteur : Nick Davis<br \/>\nLabel : Virgin, EMI       <\/p>\n<p>1\tNo Son Of Mine<br \/>\n2\tI Can&rsquo;t Dance<br \/>\n3\tHold On My Heart<br \/>\n4\tJesus He Knows Me<br \/>\n5\tTell Me Why<br \/>\n6\tInvisible Touch<br \/>\n7\tThrowing It All Away<br \/>\n8\tLand Of Confusion<br \/>\n9\tTonight, Tonight, Tonight (New Edit)<br \/>\n10\tAnything She Does<br \/>\n11\tIn Too Deep<br \/>\n12\tThat&rsquo;s All<br \/>\n13\tMama (Edit)<br \/>\n14\tIllegal Alien<br \/>\n15\tHome By The Sea \/ Second Home By The Sea<br \/>\n16\tPaperlate<br \/>\n17\tAbacab (Edit)<br \/>\n18\tKeep It Dark<br \/>\n19\tNo Reply At All (Edit)<br \/>\n20\tMan On The Corner<br \/>\n21\tTurn It On Again<br \/>\n22\tDuchess<br \/>\n23\tMisunderstanding<br \/>\n24\tFollow You, Follow Me<br \/>\n25\tMany Too Many<br \/>\n26\tA Trick Of The Tail<br \/>\n27\tRipples<br \/>\n28\tRobbery, Assault, And Battery<br \/>\n29\tCongo<br \/>\n30\tShipwrecked<br \/>\n31\tNot About Us<br \/>\n32\tThe Carpet Crawlers 1999<\/p>\n<p>Toutes les pistes ont \u00e9t\u00e9 remast\u00e9ris\u00e9es num\u00e9riquement \u2117 2004 Le copyright de cette compilation audiovisuelle est d\u00e9tenu par Virgin Records Ltd. \u00e0 l&rsquo;exception de \u00ab\u00a0Paperlate\u00a0\u00bb remast\u00e9ris\u00e9 num\u00e9riquement \u2117 2004 Le copyright de cet enregistrement audiovisuel est d\u00e9tenu par la BBC. <\/p>\n","protected":false},"excerpt":{"rendered":"<p>Artiste : GENESIS<br \/>\nTitre : The Video Show &#8211; DVD (PAL)<br \/>\nAnn\u00e9e : 2004, \u00e9dition originale<br \/>\n<strong>DVD original de collection <\/strong><br \/>\nGenre : New Wave, Art Rock, Pop Rock, Synth-pop, Prog Rock<br \/>\nProducteur : Nick Davis<br \/>\nLabel : Virgin, EMI       <\/p>\n","protected":false},"featured_media":1932,"template":"","meta":[],"product_brand":[],"product_cat":[162],"product_tag":[89,168,86,151,88,104],"class_list":{"0":"post-1587","1":"product","2":"type-product","3":"status-publish","4":"has-post-thumbnail","6":"product_cat-videos-films","7":"product_tag-art-rock","8":"product_tag-dvd","9":"product_tag-new-wave","10":"product_tag-pop-rock","11":"product_tag-rock-progressif","12":"product_tag-synthpop","14":"first","15":"instock","16":"shipping-taxable","17":"product-type-simple"},"yoast_head":"<!-- This site is optimized with the Yoast SEO plugin v27.0 - https:\/\/yoast.com\/product\/yoast-seo-wordpress\/ -->\n<title>GENESIS - The Video Show - DVD - CD Pop Rock<\/title>\n<meta name=\"description\" content=\"GENESIS Titre : The Video Show - DVD (PAL) -2004, \u00e9dition DVD original de collection - Producteur : Nick Davis - Label : Virgin, EMI\" \/>\n<meta name=\"robots\" content=\"index, follow, max-snippet:-1, max-image-preview:large, max-video-preview:-1\" \/>\n<link rel=\"canonical\" href=\"https:\/\/www.verdieditions.com\/cd-pop-rock\/produit\/genesis-video-show-dvd\/\" \/>\n<meta property=\"og:locale\" content=\"fr_FR\" \/>\n<meta property=\"og:type\" content=\"article\" \/>\n<meta property=\"og:title\" content=\"GENESIS - The Video Show - DVD - CD Pop Rock\" \/>\n<meta property=\"og:description\" content=\"GENESIS Titre : The Video Show - DVD (PAL) -2004, \u00e9dition DVD original de collection - Producteur : Nick Davis - Label : Virgin, EMI\" \/>\n<meta property=\"og:url\" content=\"https:\/\/www.verdieditions.com\/cd-pop-rock\/produit\/genesis-video-show-dvd\/\" \/>\n<meta property=\"og:site_name\" content=\"CD Pop Rock\" \/>\n<meta property=\"article:publisher\" content=\"https:\/\/www.facebook.com\/CD-Pop-Rock-107168374818139\" \/>\n<meta property=\"article:modified_time\" content=\"2024-02-19T12:53:07+00:00\" \/>\n<meta property=\"og:image\" content=\"https:\/\/www.verdieditions.com\/cd-pop-rock\/wp-content\/uploads\/2021\/02\/genesis-video-show-DVD.jpg\" \/>\n\t<meta property=\"og:image:width\" content=\"800\" \/>\n\t<meta property=\"og:image:height\" content=\"531\" \/>\n\t<meta property=\"og:image:type\" content=\"image\/jpeg\" \/>\n<meta name=\"twitter:card\" content=\"summary_large_image\" \/>\n<meta name=\"twitter:label1\" content=\"Dur\u00e9e de lecture estim\u00e9e\" \/>\n\t<meta name=\"twitter:data1\" content=\"1 minute\" \/>\n<script type=\"application\/ld+json\" class=\"yoast-schema-graph\">{\"@context\":\"https:\/\/schema.org\",\"@graph\":[{\"@type\":\"WebPage\",\"@id\":\"https:\/\/www.verdieditions.com\/cd-pop-rock\/produit\/genesis-video-show-dvd\/\",\"url\":\"https:\/\/www.verdieditions.com\/cd-pop-rock\/produit\/genesis-video-show-dvd\/\",\"name\":\"GENESIS - The Video Show - DVD - CD Pop Rock\",\"isPartOf\":{\"@id\":\"https:\/\/www.verdieditions.com\/cd-pop-rock\/#website\"},\"primaryImageOfPage\":{\"@id\":\"https:\/\/www.verdieditions.com\/cd-pop-rock\/produit\/genesis-video-show-dvd\/#primaryimage\"},\"image\":{\"@id\":\"https:\/\/www.verdieditions.com\/cd-pop-rock\/produit\/genesis-video-show-dvd\/#primaryimage\"},\"thumbnailUrl\":\"https:\/\/www.verdieditions.com\/cd-pop-rock\/wp-content\/uploads\/2021\/02\/genesis-video-show-DVD.jpg\",\"datePublished\":\"2021-02-23T10:53:57+00:00\",\"dateModified\":\"2024-02-19T12:53:07+00:00\",\"description\":\"GENESIS Titre : The Video Show - DVD (PAL) -2004, \u00e9dition DVD original de collection - Producteur : Nick Davis - Label : Virgin, EMI\",\"breadcrumb\":{\"@id\":\"https:\/\/www.verdieditions.com\/cd-pop-rock\/produit\/genesis-video-show-dvd\/#breadcrumb\"},\"inLanguage\":\"fr-FR\",\"potentialAction\":[{\"@type\":\"ReadAction\",\"target\":[\"https:\/\/www.verdieditions.com\/cd-pop-rock\/produit\/genesis-video-show-dvd\/\"]}]},{\"@type\":\"ImageObject\",\"inLanguage\":\"fr-FR\",\"@id\":\"https:\/\/www.verdieditions.com\/cd-pop-rock\/produit\/genesis-video-show-dvd\/#primaryimage\",\"url\":\"https:\/\/www.verdieditions.com\/cd-pop-rock\/wp-content\/uploads\/2021\/02\/genesis-video-show-DVD.jpg\",\"contentUrl\":\"https:\/\/www.verdieditions.com\/cd-pop-rock\/wp-content\/uploads\/2021\/02\/genesis-video-show-DVD.jpg\",\"width\":800,\"height\":531,\"caption\":\"genesis-video-show-DVD\"},{\"@type\":\"BreadcrumbList\",\"@id\":\"https:\/\/www.verdieditions.com\/cd-pop-rock\/produit\/genesis-video-show-dvd\/#breadcrumb\",\"itemListElement\":[{\"@type\":\"ListItem\",\"position\":1,\"name\":\"Accueil\",\"item\":\"https:\/\/www.verdieditions.com\/cd-pop-rock\/\"},{\"@type\":\"ListItem\",\"position\":2,\"name\":\"La Boutique\",\"item\":\"https:\/\/www.verdieditions.com\/cd-pop-rock\/boutique\/\"},{\"@type\":\"ListItem\",\"position\":3,\"name\":\"GENESIS &#8211; The Video Show &#8211; DVD\"}]},{\"@type\":\"WebSite\",\"@id\":\"https:\/\/www.verdieditions.com\/cd-pop-rock\/#website\",\"url\":\"https:\/\/www.verdieditions.com\/cd-pop-rock\/\",\"name\":\"CD Pop Rock\",\"description\":\"CD, K7, Vinyles, VHS et DVD de Musique Pop et Rock vintage\",\"publisher\":{\"@id\":\"https:\/\/www.verdieditions.com\/cd-pop-rock\/#\/schema\/person\/3a9da867add08338474907117bf9668a\"},\"potentialAction\":[{\"@type\":\"SearchAction\",\"target\":{\"@type\":\"EntryPoint\",\"urlTemplate\":\"https:\/\/www.verdieditions.com\/cd-pop-rock\/?s={search_term_string}\"},\"query-input\":{\"@type\":\"PropertyValueSpecification\",\"valueRequired\":true,\"valueName\":\"search_term_string\"}}],\"inLanguage\":\"fr-FR\"},{\"@type\":[\"Person\",\"Organization\"],\"@id\":\"https:\/\/www.verdieditions.com\/cd-pop-rock\/#\/schema\/person\/3a9da867add08338474907117bf9668a\",\"name\":\"Sylvie VERDI\",\"image\":{\"@type\":\"ImageObject\",\"inLanguage\":\"fr-FR\",\"@id\":\"https:\/\/www.verdieditions.com\/cd-pop-rock\/#\/schema\/person\/image\/\",\"url\":\"https:\/\/www.verdieditions.com\/cd-pop-rock\/wp-content\/uploads\/2021\/01\/cropped-favicon-cd-pop-rock-vinyle-32x32-1.png\",\"contentUrl\":\"https:\/\/www.verdieditions.com\/cd-pop-rock\/wp-content\/uploads\/2021\/01\/cropped-favicon-cd-pop-rock-vinyle-32x32-1.png\",\"width\":512,\"height\":512,\"caption\":\"Sylvie VERDI\"},\"logo\":{\"@id\":\"https:\/\/www.verdieditions.com\/cd-pop-rock\/#\/schema\/person\/image\/\"},\"sameAs\":[\"https:\/\/www.verdieditions.com\/cd-pop-rock\",\"https:\/\/www.facebook.com\/CD-Pop-Rock-107168374818139\"]}]}<\/script>\n<!-- \/ Yoast SEO plugin. -->","yoast_head_json":{"title":"GENESIS - The Video Show - DVD - CD Pop Rock","description":"GENESIS Titre : The Video Show - DVD (PAL) -2004, \u00e9dition DVD original de collection - Producteur : Nick Davis - Label : Virgin, EMI","robots":{"index":"index","follow":"follow","max-snippet":"max-snippet:-1","max-image-preview":"max-image-preview:large","max-video-preview":"max-video-preview:-1"},"canonical":"https:\/\/www.verdieditions.com\/cd-pop-rock\/produit\/genesis-video-show-dvd\/","og_locale":"fr_FR","og_type":"article","og_title":"GENESIS - The Video Show - DVD - CD Pop Rock","og_description":"GENESIS Titre : The Video Show - DVD (PAL) -2004, \u00e9dition DVD original de collection - Producteur : Nick Davis - Label : Virgin, EMI","og_url":"https:\/\/www.verdieditions.com\/cd-pop-rock\/produit\/genesis-video-show-dvd\/","og_site_name":"CD Pop Rock","article_publisher":"https:\/\/www.facebook.com\/CD-Pop-Rock-107168374818139","article_modified_time":"2024-02-19T12:53:07+00:00","og_image":[{"width":800,"height":531,"url":"https:\/\/www.verdieditions.com\/cd-pop-rock\/wp-content\/uploads\/2021\/02\/genesis-video-show-DVD.jpg","type":"image\/jpeg"}],"twitter_card":"summary_large_image","twitter_misc":{"Dur\u00e9e de lecture estim\u00e9e":"1 minute"},"schema":{"@context":"https:\/\/schema.org","@graph":[{"@type":"WebPage","@id":"https:\/\/www.verdieditions.com\/cd-pop-rock\/produit\/genesis-video-show-dvd\/","url":"https:\/\/www.verdieditions.com\/cd-pop-rock\/produit\/genesis-video-show-dvd\/","name":"GENESIS - The Video Show - DVD - CD Pop Rock","isPartOf":{"@id":"https:\/\/www.verdieditions.com\/cd-pop-rock\/#website"},"primaryImageOfPage":{"@id":"https:\/\/www.verdieditions.com\/cd-pop-rock\/produit\/genesis-video-show-dvd\/#primaryimage"},"image":{"@id":"https:\/\/www.verdieditions.com\/cd-pop-rock\/produit\/genesis-video-show-dvd\/#primaryimage"},"thumbnailUrl":"https:\/\/www.verdieditions.com\/cd-pop-rock\/wp-content\/uploads\/2021\/02\/genesis-video-show-DVD.jpg","datePublished":"2021-02-23T10:53:57+00:00","dateModified":"2024-02-19T12:53:07+00:00","description":"GENESIS Titre : The Video Show - DVD (PAL) -2004, \u00e9dition DVD original de collection - Producteur : Nick Davis - Label : Virgin, EMI","breadcrumb":{"@id":"https:\/\/www.verdieditions.com\/cd-pop-rock\/produit\/genesis-video-show-dvd\/#breadcrumb"},"inLanguage":"fr-FR","potentialAction":[{"@type":"ReadAction","target":["https:\/\/www.verdieditions.com\/cd-pop-rock\/produit\/genesis-video-show-dvd\/"]}]},{"@type":"ImageObject","inLanguage":"fr-FR","@id":"https:\/\/www.verdieditions.com\/cd-pop-rock\/produit\/genesis-video-show-dvd\/#primaryimage","url":"https:\/\/www.verdieditions.com\/cd-pop-rock\/wp-content\/uploads\/2021\/02\/genesis-video-show-DVD.jpg","contentUrl":"https:\/\/www.verdieditions.com\/cd-pop-rock\/wp-content\/uploads\/2021\/02\/genesis-video-show-DVD.jpg","width":800,"height":531,"caption":"genesis-video-show-DVD"},{"@type":"BreadcrumbList","@id":"https:\/\/www.verdieditions.com\/cd-pop-rock\/produit\/genesis-video-show-dvd\/#breadcrumb","itemListElement":[{"@type":"ListItem","position":1,"name":"Accueil","item":"https:\/\/www.verdieditions.com\/cd-pop-rock\/"},{"@type":"ListItem","position":2,"name":"La Boutique","item":"https:\/\/www.verdieditions.com\/cd-pop-rock\/boutique\/"},{"@type":"ListItem","position":3,"name":"GENESIS &#8211; The Video Show &#8211; DVD"}]},{"@type":"WebSite","@id":"https:\/\/www.verdieditions.com\/cd-pop-rock\/#website","url":"https:\/\/www.verdieditions.com\/cd-pop-rock\/","name":"CD Pop Rock","description":"CD, K7, Vinyles, VHS et DVD de Musique Pop et Rock vintage","publisher":{"@id":"https:\/\/www.verdieditions.com\/cd-pop-rock\/#\/schema\/person\/3a9da867add08338474907117bf9668a"},"potentialAction":[{"@type":"SearchAction","target":{"@type":"EntryPoint","urlTemplate":"https:\/\/www.verdieditions.com\/cd-pop-rock\/?s={search_term_string}"},"query-input":{"@type":"PropertyValueSpecification","valueRequired":true,"valueName":"search_term_string"}}],"inLanguage":"fr-FR"},{"@type":["Person","Organization"],"@id":"https:\/\/www.verdieditions.com\/cd-pop-rock\/#\/schema\/person\/3a9da867add08338474907117bf9668a","name":"Sylvie VERDI","image":{"@type":"ImageObject","inLanguage":"fr-FR","@id":"https:\/\/www.verdieditions.com\/cd-pop-rock\/#\/schema\/person\/image\/","url":"https:\/\/www.verdieditions.com\/cd-pop-rock\/wp-content\/uploads\/2021\/01\/cropped-favicon-cd-pop-rock-vinyle-32x32-1.png","contentUrl":"https:\/\/www.verdieditions.com\/cd-pop-rock\/wp-content\/uploads\/2021\/01\/cropped-favicon-cd-pop-rock-vinyle-32x32-1.png","width":512,"height":512,"caption":"Sylvie VERDI"},"logo":{"@id":"https:\/\/www.verdieditions.com\/cd-pop-rock\/#\/schema\/person\/image\/"},"sameAs":["https:\/\/www.verdieditions.com\/cd-pop-rock","https:\/\/www.facebook.com\/CD-Pop-Rock-107168374818139"]}]}},"_links":{"self":[{"href":"https:\/\/www.verdieditions.com\/cd-pop-rock\/wp-json\/wp\/v2\/product\/1587","targetHints":{"allow":["GET"]}}],"collection":[{"href":"https:\/\/www.verdieditions.com\/cd-pop-rock\/wp-json\/wp\/v2\/product"}],"about":[{"href":"https:\/\/www.verdieditions.com\/cd-pop-rock\/wp-json\/wp\/v2\/types\/product"}],"wp:featuredmedia":[{"embeddable":true,"href":"https:\/\/www.verdieditions.com\/cd-pop-rock\/wp-json\/wp\/v2\/media\/1932"}],"wp:attachment":[{"href":"https:\/\/www.verdieditions.com\/cd-pop-rock\/wp-json\/wp\/v2\/media?parent=1587"}],"wp:term":[{"taxonomy":"product_brand","embeddable":true,"href":"https:\/\/www.verdieditions.com\/cd-pop-rock\/wp-json\/wp\/v2\/product_brand?post=1587"},{"taxonomy":"product_cat","embeddable":true,"href":"https:\/\/www.verdieditions.com\/cd-pop-rock\/wp-json\/wp\/v2\/product_cat?post=1587"},{"taxonomy":"product_tag","embeddable":true,"href":"https:\/\/www.verdieditions.com\/cd-pop-rock\/wp-json\/wp\/v2\/product_tag?post=1587"}],"curies":[{"name":"wp","href":"https:\/\/api.w.org\/{rel}","templated":true}]}}