{"id":1546,"date":"2021-02-20T15:20:30","date_gmt":"2021-02-20T14:20:30","guid":{"rendered":"https:\/\/www.verdieditions.com\/cd-pop-rock\/?post_type=product&#038;p=1546"},"modified":"2024-08-20T11:05:58","modified_gmt":"2024-08-20T09:05:58","slug":"billy-ocean-going-tough-45t","status":"publish","type":"product","link":"https:\/\/www.verdieditions.com\/cd-pop-rock\/produit\/billy-ocean-going-tough-45t\/","title":{"rendered":"BILLY OCEAN &#8211; When The Going Gets Tough&#8230; &#8211; 45T"},"content":{"rendered":"<p>Artiste : BILLY OCEAN<br \/>\nTitre : When The Going Gets Tough, The Tough Get Going &#8211; 45T<br \/>\nAnn\u00e9e : 1986, \u00e9dition originale<br \/>\n<strong>Pressage ancien original de collection<br \/>\nVinyle vierge, jamais \u00e9cout\u00e9<\/strong><br \/>\nGenre : Electronic, Synthpop, Musique de film<br \/>\nProducteur : Barry J. Eastmond, Wayne Brathwaite<br \/>\nLabel : Jive, Carrere       <\/p>\n<p>A\tWhen The Going Gets Tough, The Tough Get Going<br \/>\nB\tWhen The Going Gets Tough, The Tough Get Going (Instrumental Version)<\/p>\n<p>\u00ab\u00a0When the Going Gets Tough, the Tough Get Going\u00a0\u00bb est une chanson de 1985 co-\u00e9crite et enregistr\u00e9e \u00e0 l&rsquo;origine par le chanteur anglais Billy Ocean en 1985.<\/p>\n<p>\u00c9crite par Wayne Brathwaite, Barry Eastmond, Mutt Lange et Billy Ocean, la chanson a servi de g\u00e9n\u00e9rique au film de Michael Douglas, The Jewel of the Nile (Le Diamant Du Nil). Le solo de saxophone est de Vernon Jeffrey Smith.<\/p>\n<p>Gr\u00e2ce \u00e0 une vid\u00e9o dans laquelle Douglas et ses co-stars Kathleen Turner et Danny DeVito sont les choristes qui font du playback, et o\u00f9 DeVito mime le solo de saxophone, la chanson devient un grand succ\u00e8s international et se classe num\u00e9ro un du hit-parade britannique des singles pendant quatre semaines en f\u00e9vrier 1986, et num\u00e9ro deux du classement des singles du Billboard Hot 100, derri\u00e8re \u00ab\u00a0How Will I Know\u00a0\u00bb de Whitney Houston.<\/p>\n<p>Traduit avec www.DeepL.com\/Translator (version gratuite)<\/p>\n","protected":false},"excerpt":{"rendered":"<p>Artiste : BILLY OCEAN<br \/>\nTitre : When The Going Gets Tough, The Tough Get Going &#8211; 45T<br \/>\nAnn\u00e9e : 1986, \u00e9dition originale<br \/>\n<strong>Pressage ancien original de collection<br \/>\nVinyle vierge, jamais \u00e9cout\u00e9<\/strong><br \/>\nGenre : Electronic, Synthpop, Musique de film<br \/>\nProducteur : Barry J. Eastmond, Wayne Brathwaite<br \/>\nLabel : Jive, Carrere <\/p>\n","protected":false},"featured_media":1681,"template":"","meta":[],"product_brand":[],"product_cat":[72],"product_tag":[38,119,104],"class_list":{"0":"post-1546","1":"product","2":"type-product","3":"status-publish","4":"has-post-thumbnail","6":"product_cat-45t","7":"product_tag-electronics","8":"product_tag-musique-de-film","9":"product_tag-synthpop","11":"first","12":"instock","13":"shipping-taxable","14":"product-type-simple"},"yoast_head":"<!-- This site is optimized with the Yoast SEO plugin v27.0 - https:\/\/yoast.com\/product\/yoast-seo-wordpress\/ -->\n<title>BILLY OCEAN - When The Going Gets Tough... - 45T - CD Pop Rock<\/title>\n<meta name=\"description\" content=\"BILLY OCEAN - When The Going Gets Tough... - 45T - 1986, \u00e9dition originale collection Vinyle vierge, jamais \u00e9cout\u00e9 - Musique de film - Jive\" \/>\n<meta name=\"robots\" content=\"index, follow, max-snippet:-1, max-image-preview:large, max-video-preview:-1\" \/>\n<link rel=\"canonical\" href=\"https:\/\/www.verdieditions.com\/cd-pop-rock\/produit\/billy-ocean-going-tough-45t\/\" \/>\n<meta property=\"og:locale\" content=\"fr_FR\" \/>\n<meta property=\"og:type\" content=\"article\" \/>\n<meta property=\"og:title\" content=\"BILLY OCEAN - When The Going Gets Tough... - 45T - CD Pop Rock\" \/>\n<meta property=\"og:description\" content=\"BILLY OCEAN - When The Going Gets Tough... - 45T - 1986, \u00e9dition originale collection Vinyle vierge, jamais \u00e9cout\u00e9 - Musique de film - Jive\" \/>\n<meta property=\"og:url\" content=\"https:\/\/www.verdieditions.com\/cd-pop-rock\/produit\/billy-ocean-going-tough-45t\/\" \/>\n<meta property=\"og:site_name\" content=\"CD Pop Rock\" \/>\n<meta property=\"article:publisher\" content=\"https:\/\/www.facebook.com\/CD-Pop-Rock-107168374818139\" \/>\n<meta property=\"article:modified_time\" content=\"2024-08-20T09:05:58+00:00\" \/>\n<meta property=\"og:image\" content=\"https:\/\/www.verdieditions.com\/cd-pop-rock\/wp-content\/uploads\/2021\/02\/billy-ocean-gets-tough-45T.jpg\" \/>\n\t<meta property=\"og:image:width\" content=\"800\" \/>\n\t<meta property=\"og:image:height\" content=\"532\" \/>\n\t<meta property=\"og:image:type\" content=\"image\/jpeg\" \/>\n<meta name=\"twitter:card\" content=\"summary_large_image\" \/>\n<meta name=\"twitter:label1\" content=\"Dur\u00e9e de lecture estim\u00e9e\" \/>\n\t<meta name=\"twitter:data1\" content=\"1 minute\" \/>\n<script type=\"application\/ld+json\" class=\"yoast-schema-graph\">{\"@context\":\"https:\/\/schema.org\",\"@graph\":[{\"@type\":\"WebPage\",\"@id\":\"https:\/\/www.verdieditions.com\/cd-pop-rock\/produit\/billy-ocean-going-tough-45t\/\",\"url\":\"https:\/\/www.verdieditions.com\/cd-pop-rock\/produit\/billy-ocean-going-tough-45t\/\",\"name\":\"BILLY OCEAN - When The Going Gets Tough... - 45T - CD Pop Rock\",\"isPartOf\":{\"@id\":\"https:\/\/www.verdieditions.com\/cd-pop-rock\/#website\"},\"primaryImageOfPage\":{\"@id\":\"https:\/\/www.verdieditions.com\/cd-pop-rock\/produit\/billy-ocean-going-tough-45t\/#primaryimage\"},\"image\":{\"@id\":\"https:\/\/www.verdieditions.com\/cd-pop-rock\/produit\/billy-ocean-going-tough-45t\/#primaryimage\"},\"thumbnailUrl\":\"https:\/\/www.verdieditions.com\/cd-pop-rock\/wp-content\/uploads\/2021\/02\/billy-ocean-gets-tough-45T.jpg\",\"datePublished\":\"2021-02-20T14:20:30+00:00\",\"dateModified\":\"2024-08-20T09:05:58+00:00\",\"description\":\"BILLY OCEAN - When The Going Gets Tough... - 45T - 1986, \u00e9dition originale collection Vinyle vierge, jamais \u00e9cout\u00e9 - Musique de film - Jive\",\"breadcrumb\":{\"@id\":\"https:\/\/www.verdieditions.com\/cd-pop-rock\/produit\/billy-ocean-going-tough-45t\/#breadcrumb\"},\"inLanguage\":\"fr-FR\",\"potentialAction\":[{\"@type\":\"ReadAction\",\"target\":[\"https:\/\/www.verdieditions.com\/cd-pop-rock\/produit\/billy-ocean-going-tough-45t\/\"]}]},{\"@type\":\"ImageObject\",\"inLanguage\":\"fr-FR\",\"@id\":\"https:\/\/www.verdieditions.com\/cd-pop-rock\/produit\/billy-ocean-going-tough-45t\/#primaryimage\",\"url\":\"https:\/\/www.verdieditions.com\/cd-pop-rock\/wp-content\/uploads\/2021\/02\/billy-ocean-gets-tough-45T.jpg\",\"contentUrl\":\"https:\/\/www.verdieditions.com\/cd-pop-rock\/wp-content\/uploads\/2021\/02\/billy-ocean-gets-tough-45T.jpg\",\"width\":800,\"height\":532,\"caption\":\"billy-ocean-gets-tough-45T\"},{\"@type\":\"BreadcrumbList\",\"@id\":\"https:\/\/www.verdieditions.com\/cd-pop-rock\/produit\/billy-ocean-going-tough-45t\/#breadcrumb\",\"itemListElement\":[{\"@type\":\"ListItem\",\"position\":1,\"name\":\"Accueil\",\"item\":\"https:\/\/www.verdieditions.com\/cd-pop-rock\/\"},{\"@type\":\"ListItem\",\"position\":2,\"name\":\"La Boutique\",\"item\":\"https:\/\/www.verdieditions.com\/cd-pop-rock\/boutique\/\"},{\"@type\":\"ListItem\",\"position\":3,\"name\":\"BILLY OCEAN &#8211; When The Going Gets Tough&#8230; &#8211; 45T\"}]},{\"@type\":\"WebSite\",\"@id\":\"https:\/\/www.verdieditions.com\/cd-pop-rock\/#website\",\"url\":\"https:\/\/www.verdieditions.com\/cd-pop-rock\/\",\"name\":\"CD Pop Rock\",\"description\":\"CD, K7, Vinyles, VHS et DVD de Musique Pop et Rock vintage\",\"publisher\":{\"@id\":\"https:\/\/www.verdieditions.com\/cd-pop-rock\/#\/schema\/person\/3a9da867add08338474907117bf9668a\"},\"potentialAction\":[{\"@type\":\"SearchAction\",\"target\":{\"@type\":\"EntryPoint\",\"urlTemplate\":\"https:\/\/www.verdieditions.com\/cd-pop-rock\/?s={search_term_string}\"},\"query-input\":{\"@type\":\"PropertyValueSpecification\",\"valueRequired\":true,\"valueName\":\"search_term_string\"}}],\"inLanguage\":\"fr-FR\"},{\"@type\":[\"Person\",\"Organization\"],\"@id\":\"https:\/\/www.verdieditions.com\/cd-pop-rock\/#\/schema\/person\/3a9da867add08338474907117bf9668a\",\"name\":\"Sylvie VERDI\",\"image\":{\"@type\":\"ImageObject\",\"inLanguage\":\"fr-FR\",\"@id\":\"https:\/\/www.verdieditions.com\/cd-pop-rock\/#\/schema\/person\/image\/\",\"url\":\"https:\/\/www.verdieditions.com\/cd-pop-rock\/wp-content\/uploads\/2021\/01\/cropped-favicon-cd-pop-rock-vinyle-32x32-1.png\",\"contentUrl\":\"https:\/\/www.verdieditions.com\/cd-pop-rock\/wp-content\/uploads\/2021\/01\/cropped-favicon-cd-pop-rock-vinyle-32x32-1.png\",\"width\":512,\"height\":512,\"caption\":\"Sylvie VERDI\"},\"logo\":{\"@id\":\"https:\/\/www.verdieditions.com\/cd-pop-rock\/#\/schema\/person\/image\/\"},\"sameAs\":[\"https:\/\/www.verdieditions.com\/cd-pop-rock\",\"https:\/\/www.facebook.com\/CD-Pop-Rock-107168374818139\"]}]}<\/script>\n<!-- \/ Yoast SEO plugin. -->","yoast_head_json":{"title":"BILLY OCEAN - When The Going Gets Tough... - 45T - CD Pop Rock","description":"BILLY OCEAN - When The Going Gets Tough... - 45T - 1986, \u00e9dition originale collection Vinyle vierge, jamais \u00e9cout\u00e9 - Musique de film - Jive","robots":{"index":"index","follow":"follow","max-snippet":"max-snippet:-1","max-image-preview":"max-image-preview:large","max-video-preview":"max-video-preview:-1"},"canonical":"https:\/\/www.verdieditions.com\/cd-pop-rock\/produit\/billy-ocean-going-tough-45t\/","og_locale":"fr_FR","og_type":"article","og_title":"BILLY OCEAN - When The Going Gets Tough... - 45T - CD Pop Rock","og_description":"BILLY OCEAN - When The Going Gets Tough... - 45T - 1986, \u00e9dition originale collection Vinyle vierge, jamais \u00e9cout\u00e9 - Musique de film - Jive","og_url":"https:\/\/www.verdieditions.com\/cd-pop-rock\/produit\/billy-ocean-going-tough-45t\/","og_site_name":"CD Pop Rock","article_publisher":"https:\/\/www.facebook.com\/CD-Pop-Rock-107168374818139","article_modified_time":"2024-08-20T09:05:58+00:00","og_image":[{"width":800,"height":532,"url":"https:\/\/www.verdieditions.com\/cd-pop-rock\/wp-content\/uploads\/2021\/02\/billy-ocean-gets-tough-45T.jpg","type":"image\/jpeg"}],"twitter_card":"summary_large_image","twitter_misc":{"Dur\u00e9e de lecture estim\u00e9e":"1 minute"},"schema":{"@context":"https:\/\/schema.org","@graph":[{"@type":"WebPage","@id":"https:\/\/www.verdieditions.com\/cd-pop-rock\/produit\/billy-ocean-going-tough-45t\/","url":"https:\/\/www.verdieditions.com\/cd-pop-rock\/produit\/billy-ocean-going-tough-45t\/","name":"BILLY OCEAN - When The Going Gets Tough... - 45T - CD Pop Rock","isPartOf":{"@id":"https:\/\/www.verdieditions.com\/cd-pop-rock\/#website"},"primaryImageOfPage":{"@id":"https:\/\/www.verdieditions.com\/cd-pop-rock\/produit\/billy-ocean-going-tough-45t\/#primaryimage"},"image":{"@id":"https:\/\/www.verdieditions.com\/cd-pop-rock\/produit\/billy-ocean-going-tough-45t\/#primaryimage"},"thumbnailUrl":"https:\/\/www.verdieditions.com\/cd-pop-rock\/wp-content\/uploads\/2021\/02\/billy-ocean-gets-tough-45T.jpg","datePublished":"2021-02-20T14:20:30+00:00","dateModified":"2024-08-20T09:05:58+00:00","description":"BILLY OCEAN - When The Going Gets Tough... - 45T - 1986, \u00e9dition originale collection Vinyle vierge, jamais \u00e9cout\u00e9 - Musique de film - Jive","breadcrumb":{"@id":"https:\/\/www.verdieditions.com\/cd-pop-rock\/produit\/billy-ocean-going-tough-45t\/#breadcrumb"},"inLanguage":"fr-FR","potentialAction":[{"@type":"ReadAction","target":["https:\/\/www.verdieditions.com\/cd-pop-rock\/produit\/billy-ocean-going-tough-45t\/"]}]},{"@type":"ImageObject","inLanguage":"fr-FR","@id":"https:\/\/www.verdieditions.com\/cd-pop-rock\/produit\/billy-ocean-going-tough-45t\/#primaryimage","url":"https:\/\/www.verdieditions.com\/cd-pop-rock\/wp-content\/uploads\/2021\/02\/billy-ocean-gets-tough-45T.jpg","contentUrl":"https:\/\/www.verdieditions.com\/cd-pop-rock\/wp-content\/uploads\/2021\/02\/billy-ocean-gets-tough-45T.jpg","width":800,"height":532,"caption":"billy-ocean-gets-tough-45T"},{"@type":"BreadcrumbList","@id":"https:\/\/www.verdieditions.com\/cd-pop-rock\/produit\/billy-ocean-going-tough-45t\/#breadcrumb","itemListElement":[{"@type":"ListItem","position":1,"name":"Accueil","item":"https:\/\/www.verdieditions.com\/cd-pop-rock\/"},{"@type":"ListItem","position":2,"name":"La Boutique","item":"https:\/\/www.verdieditions.com\/cd-pop-rock\/boutique\/"},{"@type":"ListItem","position":3,"name":"BILLY OCEAN &#8211; When The Going Gets Tough&#8230; &#8211; 45T"}]},{"@type":"WebSite","@id":"https:\/\/www.verdieditions.com\/cd-pop-rock\/#website","url":"https:\/\/www.verdieditions.com\/cd-pop-rock\/","name":"CD Pop Rock","description":"CD, K7, Vinyles, VHS et DVD de Musique Pop et Rock vintage","publisher":{"@id":"https:\/\/www.verdieditions.com\/cd-pop-rock\/#\/schema\/person\/3a9da867add08338474907117bf9668a"},"potentialAction":[{"@type":"SearchAction","target":{"@type":"EntryPoint","urlTemplate":"https:\/\/www.verdieditions.com\/cd-pop-rock\/?s={search_term_string}"},"query-input":{"@type":"PropertyValueSpecification","valueRequired":true,"valueName":"search_term_string"}}],"inLanguage":"fr-FR"},{"@type":["Person","Organization"],"@id":"https:\/\/www.verdieditions.com\/cd-pop-rock\/#\/schema\/person\/3a9da867add08338474907117bf9668a","name":"Sylvie VERDI","image":{"@type":"ImageObject","inLanguage":"fr-FR","@id":"https:\/\/www.verdieditions.com\/cd-pop-rock\/#\/schema\/person\/image\/","url":"https:\/\/www.verdieditions.com\/cd-pop-rock\/wp-content\/uploads\/2021\/01\/cropped-favicon-cd-pop-rock-vinyle-32x32-1.png","contentUrl":"https:\/\/www.verdieditions.com\/cd-pop-rock\/wp-content\/uploads\/2021\/01\/cropped-favicon-cd-pop-rock-vinyle-32x32-1.png","width":512,"height":512,"caption":"Sylvie VERDI"},"logo":{"@id":"https:\/\/www.verdieditions.com\/cd-pop-rock\/#\/schema\/person\/image\/"},"sameAs":["https:\/\/www.verdieditions.com\/cd-pop-rock","https:\/\/www.facebook.com\/CD-Pop-Rock-107168374818139"]}]}},"_links":{"self":[{"href":"https:\/\/www.verdieditions.com\/cd-pop-rock\/wp-json\/wp\/v2\/product\/1546","targetHints":{"allow":["GET"]}}],"collection":[{"href":"https:\/\/www.verdieditions.com\/cd-pop-rock\/wp-json\/wp\/v2\/product"}],"about":[{"href":"https:\/\/www.verdieditions.com\/cd-pop-rock\/wp-json\/wp\/v2\/types\/product"}],"wp:featuredmedia":[{"embeddable":true,"href":"https:\/\/www.verdieditions.com\/cd-pop-rock\/wp-json\/wp\/v2\/media\/1681"}],"wp:attachment":[{"href":"https:\/\/www.verdieditions.com\/cd-pop-rock\/wp-json\/wp\/v2\/media?parent=1546"}],"wp:term":[{"taxonomy":"product_brand","embeddable":true,"href":"https:\/\/www.verdieditions.com\/cd-pop-rock\/wp-json\/wp\/v2\/product_brand?post=1546"},{"taxonomy":"product_cat","embeddable":true,"href":"https:\/\/www.verdieditions.com\/cd-pop-rock\/wp-json\/wp\/v2\/product_cat?post=1546"},{"taxonomy":"product_tag","embeddable":true,"href":"https:\/\/www.verdieditions.com\/cd-pop-rock\/wp-json\/wp\/v2\/product_tag?post=1546"}],"curies":[{"name":"wp","href":"https:\/\/api.w.org\/{rel}","templated":true}]}}