{"id":1519,"date":"2021-02-19T10:47:11","date_gmt":"2021-02-19T09:47:11","guid":{"rendered":"https:\/\/www.verdieditions.com\/cd-pop-rock\/?post_type=product&#038;p=1519"},"modified":"2024-11-26T17:23:35","modified_gmt":"2024-11-26T16:23:35","slug":"goldman-restos-coeur-1986-45t","status":"publish","type":"product","link":"https:\/\/www.verdieditions.com\/cd-pop-rock\/produit\/goldman-restos-coeur-1986-45t\/","title":{"rendered":"JEAN-JACQUES GOLDMAN &#8211; Les Restos Du Coeur 1986 &#8211; 45T"},"content":{"rendered":"<p>Artiste : JEAN-JACQUES GOLDMAN<br \/>\nTitre : Les Restos Du Coeur 1986 &#8211; 45T<br \/>\nAnn\u00e9e : 1986, \u00e9dition originale<br \/>\n<strong>Pressage ancien original de collection<br \/>\nVinyle vierge, jamais \u00e9cout\u00e9<\/strong><br \/>\nGenre : Chanson caritative, pop rock<br \/>\nProducteur : Paul Lederman, Claude Martinez<br \/>\nLabel : Martinez Lederman Productions      <\/p>\n<p>A\tLes \u00ab\u00a0Restos\u00a0\u00bb du c\u0153ur<br \/>\nB\tLes \u00ab\u00a0Restos\u00a0\u00bb du c\u0153ur (instrumental)<\/p>\n<p>La chanson est interpr\u00e9t\u00e9e par plusieurs personnalit\u00e9s qui seront par la suite qualifi\u00e9es de premiers Enfoir\u00e9s ayant contribu\u00e9 \u00e0 la r\u00e9ussite du projet de Coluche. Par ordre d&rsquo;apparition7 :<\/p>\n<p>&#8211; Coluche (enregistrement au studio Gang en janvier 1986)<br \/>\n&#8211; Yves Montand (enregistrement vocal via Nagra par Laurent Cabrol et Coluche, Place Dauphine)<br \/>\n&#8211; Nathalie Baye (enregistrement au studio Gang)<br \/>\n&#8211; Michel Drucker (enregistrement au studio Gang)<br \/>\n&#8211; Michel Platini (enregistrement vocal via Nagra par Eug\u00e8ne Saccomano dans les vestiaires de la Juventus)<br \/>\n&#8211; Jean-Jacques Goldman (chant, guitare et ch\u0153urs, enregistrement au studio Gang)<br \/>\n&#8211; Catherine Deneuve (enregistrement vocal via Nagra dans un h\u00f4tel \u00e0 l&rsquo;\u00e9tranger)<br \/>\n&#8211; Ch\u0153urs : Jean-Pierre Janiaud, Francine Chantereau et Catherine Bonnevay<\/p>\n<p>Source Wikip\u00e9dia<\/p>\n","protected":false},"excerpt":{"rendered":"<p>Artiste : JEAN-JACQUES GOLDMAN<br \/>\nTitre : Les Restos Du Coeur 1986 &#8211; 45T<br \/>\nAnn\u00e9e : 1986, \u00e9dition originale<br \/>\n<strong>Pressage ancien original de collection<br \/>\nVinyle vierge, jamais \u00e9cout\u00e9<\/strong><br \/>\nGenre : Chanson caritative, pop rock<br \/>\nProducteur : Paul Lederman, Claude Martinez<br \/>\nLabel : Martinez Lederman Productions  <\/p>\n","protected":false},"featured_media":1667,"template":"","meta":[],"product_brand":[],"product_cat":[72],"product_tag":[160,151],"class_list":{"0":"post-1519","1":"product","2":"type-product","3":"status-publish","4":"has-post-thumbnail","6":"product_cat-45t","7":"product_tag-chanson-caritative","8":"product_tag-pop-rock","10":"first","11":"outofstock","12":"shipping-taxable","13":"product-type-simple"},"yoast_head":"<!-- This site is optimized with the Yoast SEO plugin v27.0 - https:\/\/yoast.com\/product\/yoast-seo-wordpress\/ -->\n<title>JEAN-JACQUES GOLDMAN - Les Restos Du Coeur 1986 - 45T<\/title>\n<meta name=\"description\" content=\"JEAN-JACQUES GOLDMAN - Les Restos Du Coeur 1986 - 45T - 1986, \u00e9d. originale collection Vinyle vierge, jamais \u00e9cout\u00e9 - Martinez Lederman Prod\" \/>\n<meta name=\"robots\" content=\"index, follow, max-snippet:-1, max-image-preview:large, max-video-preview:-1\" \/>\n<link rel=\"canonical\" href=\"https:\/\/www.verdieditions.com\/cd-pop-rock\/produit\/goldman-restos-coeur-1986-45t\/\" \/>\n<meta property=\"og:locale\" content=\"fr_FR\" \/>\n<meta property=\"og:type\" content=\"article\" \/>\n<meta property=\"og:title\" content=\"JEAN-JACQUES GOLDMAN - Les Restos Du Coeur 1986 - 45T\" \/>\n<meta property=\"og:description\" content=\"JEAN-JACQUES GOLDMAN - Les Restos Du Coeur 1986 - 45T - 1986, \u00e9d. originale collection Vinyle vierge, jamais \u00e9cout\u00e9 - Martinez Lederman Prod\" \/>\n<meta property=\"og:url\" content=\"https:\/\/www.verdieditions.com\/cd-pop-rock\/produit\/goldman-restos-coeur-1986-45t\/\" \/>\n<meta property=\"og:site_name\" content=\"CD Pop Rock\" \/>\n<meta property=\"article:publisher\" content=\"https:\/\/www.facebook.com\/CD-Pop-Rock-107168374818139\" \/>\n<meta property=\"article:modified_time\" content=\"2024-11-26T16:23:35+00:00\" \/>\n<meta property=\"og:image\" content=\"https:\/\/www.verdieditions.com\/cd-pop-rock\/wp-content\/uploads\/2021\/02\/restos-coeur-1986-45T.jpg\" \/>\n\t<meta property=\"og:image:width\" content=\"800\" \/>\n\t<meta property=\"og:image:height\" content=\"532\" \/>\n\t<meta property=\"og:image:type\" content=\"image\/jpeg\" \/>\n<meta name=\"twitter:card\" content=\"summary_large_image\" \/>\n<meta name=\"twitter:label1\" content=\"Dur\u00e9e de lecture estim\u00e9e\" \/>\n\t<meta name=\"twitter:data1\" content=\"1 minute\" \/>\n<script type=\"application\/ld+json\" class=\"yoast-schema-graph\">{\"@context\":\"https:\/\/schema.org\",\"@graph\":[{\"@type\":\"WebPage\",\"@id\":\"https:\/\/www.verdieditions.com\/cd-pop-rock\/produit\/goldman-restos-coeur-1986-45t\/\",\"url\":\"https:\/\/www.verdieditions.com\/cd-pop-rock\/produit\/goldman-restos-coeur-1986-45t\/\",\"name\":\"JEAN-JACQUES GOLDMAN - Les Restos Du Coeur 1986 - 45T\",\"isPartOf\":{\"@id\":\"https:\/\/www.verdieditions.com\/cd-pop-rock\/#website\"},\"primaryImageOfPage\":{\"@id\":\"https:\/\/www.verdieditions.com\/cd-pop-rock\/produit\/goldman-restos-coeur-1986-45t\/#primaryimage\"},\"image\":{\"@id\":\"https:\/\/www.verdieditions.com\/cd-pop-rock\/produit\/goldman-restos-coeur-1986-45t\/#primaryimage\"},\"thumbnailUrl\":\"https:\/\/www.verdieditions.com\/cd-pop-rock\/wp-content\/uploads\/2021\/02\/restos-coeur-1986-45T.jpg\",\"datePublished\":\"2021-02-19T09:47:11+00:00\",\"dateModified\":\"2024-11-26T16:23:35+00:00\",\"description\":\"JEAN-JACQUES GOLDMAN - Les Restos Du Coeur 1986 - 45T - 1986, \u00e9d. originale collection Vinyle vierge, jamais \u00e9cout\u00e9 - Martinez Lederman Prod\",\"breadcrumb\":{\"@id\":\"https:\/\/www.verdieditions.com\/cd-pop-rock\/produit\/goldman-restos-coeur-1986-45t\/#breadcrumb\"},\"inLanguage\":\"fr-FR\",\"potentialAction\":[{\"@type\":\"ReadAction\",\"target\":[\"https:\/\/www.verdieditions.com\/cd-pop-rock\/produit\/goldman-restos-coeur-1986-45t\/\"]}]},{\"@type\":\"ImageObject\",\"inLanguage\":\"fr-FR\",\"@id\":\"https:\/\/www.verdieditions.com\/cd-pop-rock\/produit\/goldman-restos-coeur-1986-45t\/#primaryimage\",\"url\":\"https:\/\/www.verdieditions.com\/cd-pop-rock\/wp-content\/uploads\/2021\/02\/restos-coeur-1986-45T.jpg\",\"contentUrl\":\"https:\/\/www.verdieditions.com\/cd-pop-rock\/wp-content\/uploads\/2021\/02\/restos-coeur-1986-45T.jpg\",\"width\":800,\"height\":532,\"caption\":\"restos-coeur-1986-45T\"},{\"@type\":\"BreadcrumbList\",\"@id\":\"https:\/\/www.verdieditions.com\/cd-pop-rock\/produit\/goldman-restos-coeur-1986-45t\/#breadcrumb\",\"itemListElement\":[{\"@type\":\"ListItem\",\"position\":1,\"name\":\"Accueil\",\"item\":\"https:\/\/www.verdieditions.com\/cd-pop-rock\/\"},{\"@type\":\"ListItem\",\"position\":2,\"name\":\"La Boutique\",\"item\":\"https:\/\/www.verdieditions.com\/cd-pop-rock\/boutique\/\"},{\"@type\":\"ListItem\",\"position\":3,\"name\":\"JEAN-JACQUES GOLDMAN &#8211; Les Restos Du Coeur 1986 &#8211; 45T\"}]},{\"@type\":\"WebSite\",\"@id\":\"https:\/\/www.verdieditions.com\/cd-pop-rock\/#website\",\"url\":\"https:\/\/www.verdieditions.com\/cd-pop-rock\/\",\"name\":\"CD Pop Rock\",\"description\":\"CD, K7, Vinyles, VHS et DVD de Musique Pop et Rock vintage\",\"publisher\":{\"@id\":\"https:\/\/www.verdieditions.com\/cd-pop-rock\/#\/schema\/person\/3a9da867add08338474907117bf9668a\"},\"potentialAction\":[{\"@type\":\"SearchAction\",\"target\":{\"@type\":\"EntryPoint\",\"urlTemplate\":\"https:\/\/www.verdieditions.com\/cd-pop-rock\/?s={search_term_string}\"},\"query-input\":{\"@type\":\"PropertyValueSpecification\",\"valueRequired\":true,\"valueName\":\"search_term_string\"}}],\"inLanguage\":\"fr-FR\"},{\"@type\":[\"Person\",\"Organization\"],\"@id\":\"https:\/\/www.verdieditions.com\/cd-pop-rock\/#\/schema\/person\/3a9da867add08338474907117bf9668a\",\"name\":\"Sylvie VERDI\",\"image\":{\"@type\":\"ImageObject\",\"inLanguage\":\"fr-FR\",\"@id\":\"https:\/\/www.verdieditions.com\/cd-pop-rock\/#\/schema\/person\/image\/\",\"url\":\"https:\/\/www.verdieditions.com\/cd-pop-rock\/wp-content\/uploads\/2021\/01\/cropped-favicon-cd-pop-rock-vinyle-32x32-1.png\",\"contentUrl\":\"https:\/\/www.verdieditions.com\/cd-pop-rock\/wp-content\/uploads\/2021\/01\/cropped-favicon-cd-pop-rock-vinyle-32x32-1.png\",\"width\":512,\"height\":512,\"caption\":\"Sylvie VERDI\"},\"logo\":{\"@id\":\"https:\/\/www.verdieditions.com\/cd-pop-rock\/#\/schema\/person\/image\/\"},\"sameAs\":[\"https:\/\/www.verdieditions.com\/cd-pop-rock\",\"https:\/\/www.facebook.com\/CD-Pop-Rock-107168374818139\"]}]}<\/script>\n<!-- \/ Yoast SEO plugin. -->","yoast_head_json":{"title":"JEAN-JACQUES GOLDMAN - Les Restos Du Coeur 1986 - 45T","description":"JEAN-JACQUES GOLDMAN - Les Restos Du Coeur 1986 - 45T - 1986, \u00e9d. originale collection Vinyle vierge, jamais \u00e9cout\u00e9 - Martinez Lederman Prod","robots":{"index":"index","follow":"follow","max-snippet":"max-snippet:-1","max-image-preview":"max-image-preview:large","max-video-preview":"max-video-preview:-1"},"canonical":"https:\/\/www.verdieditions.com\/cd-pop-rock\/produit\/goldman-restos-coeur-1986-45t\/","og_locale":"fr_FR","og_type":"article","og_title":"JEAN-JACQUES GOLDMAN - Les Restos Du Coeur 1986 - 45T","og_description":"JEAN-JACQUES GOLDMAN - Les Restos Du Coeur 1986 - 45T - 1986, \u00e9d. originale collection Vinyle vierge, jamais \u00e9cout\u00e9 - Martinez Lederman Prod","og_url":"https:\/\/www.verdieditions.com\/cd-pop-rock\/produit\/goldman-restos-coeur-1986-45t\/","og_site_name":"CD Pop Rock","article_publisher":"https:\/\/www.facebook.com\/CD-Pop-Rock-107168374818139","article_modified_time":"2024-11-26T16:23:35+00:00","og_image":[{"width":800,"height":532,"url":"https:\/\/www.verdieditions.com\/cd-pop-rock\/wp-content\/uploads\/2021\/02\/restos-coeur-1986-45T.jpg","type":"image\/jpeg"}],"twitter_card":"summary_large_image","twitter_misc":{"Dur\u00e9e de lecture estim\u00e9e":"1 minute"},"schema":{"@context":"https:\/\/schema.org","@graph":[{"@type":"WebPage","@id":"https:\/\/www.verdieditions.com\/cd-pop-rock\/produit\/goldman-restos-coeur-1986-45t\/","url":"https:\/\/www.verdieditions.com\/cd-pop-rock\/produit\/goldman-restos-coeur-1986-45t\/","name":"JEAN-JACQUES GOLDMAN - Les Restos Du Coeur 1986 - 45T","isPartOf":{"@id":"https:\/\/www.verdieditions.com\/cd-pop-rock\/#website"},"primaryImageOfPage":{"@id":"https:\/\/www.verdieditions.com\/cd-pop-rock\/produit\/goldman-restos-coeur-1986-45t\/#primaryimage"},"image":{"@id":"https:\/\/www.verdieditions.com\/cd-pop-rock\/produit\/goldman-restos-coeur-1986-45t\/#primaryimage"},"thumbnailUrl":"https:\/\/www.verdieditions.com\/cd-pop-rock\/wp-content\/uploads\/2021\/02\/restos-coeur-1986-45T.jpg","datePublished":"2021-02-19T09:47:11+00:00","dateModified":"2024-11-26T16:23:35+00:00","description":"JEAN-JACQUES GOLDMAN - Les Restos Du Coeur 1986 - 45T - 1986, \u00e9d. originale collection Vinyle vierge, jamais \u00e9cout\u00e9 - Martinez Lederman Prod","breadcrumb":{"@id":"https:\/\/www.verdieditions.com\/cd-pop-rock\/produit\/goldman-restos-coeur-1986-45t\/#breadcrumb"},"inLanguage":"fr-FR","potentialAction":[{"@type":"ReadAction","target":["https:\/\/www.verdieditions.com\/cd-pop-rock\/produit\/goldman-restos-coeur-1986-45t\/"]}]},{"@type":"ImageObject","inLanguage":"fr-FR","@id":"https:\/\/www.verdieditions.com\/cd-pop-rock\/produit\/goldman-restos-coeur-1986-45t\/#primaryimage","url":"https:\/\/www.verdieditions.com\/cd-pop-rock\/wp-content\/uploads\/2021\/02\/restos-coeur-1986-45T.jpg","contentUrl":"https:\/\/www.verdieditions.com\/cd-pop-rock\/wp-content\/uploads\/2021\/02\/restos-coeur-1986-45T.jpg","width":800,"height":532,"caption":"restos-coeur-1986-45T"},{"@type":"BreadcrumbList","@id":"https:\/\/www.verdieditions.com\/cd-pop-rock\/produit\/goldman-restos-coeur-1986-45t\/#breadcrumb","itemListElement":[{"@type":"ListItem","position":1,"name":"Accueil","item":"https:\/\/www.verdieditions.com\/cd-pop-rock\/"},{"@type":"ListItem","position":2,"name":"La Boutique","item":"https:\/\/www.verdieditions.com\/cd-pop-rock\/boutique\/"},{"@type":"ListItem","position":3,"name":"JEAN-JACQUES GOLDMAN &#8211; Les Restos Du Coeur 1986 &#8211; 45T"}]},{"@type":"WebSite","@id":"https:\/\/www.verdieditions.com\/cd-pop-rock\/#website","url":"https:\/\/www.verdieditions.com\/cd-pop-rock\/","name":"CD Pop Rock","description":"CD, K7, Vinyles, VHS et DVD de Musique Pop et Rock vintage","publisher":{"@id":"https:\/\/www.verdieditions.com\/cd-pop-rock\/#\/schema\/person\/3a9da867add08338474907117bf9668a"},"potentialAction":[{"@type":"SearchAction","target":{"@type":"EntryPoint","urlTemplate":"https:\/\/www.verdieditions.com\/cd-pop-rock\/?s={search_term_string}"},"query-input":{"@type":"PropertyValueSpecification","valueRequired":true,"valueName":"search_term_string"}}],"inLanguage":"fr-FR"},{"@type":["Person","Organization"],"@id":"https:\/\/www.verdieditions.com\/cd-pop-rock\/#\/schema\/person\/3a9da867add08338474907117bf9668a","name":"Sylvie VERDI","image":{"@type":"ImageObject","inLanguage":"fr-FR","@id":"https:\/\/www.verdieditions.com\/cd-pop-rock\/#\/schema\/person\/image\/","url":"https:\/\/www.verdieditions.com\/cd-pop-rock\/wp-content\/uploads\/2021\/01\/cropped-favicon-cd-pop-rock-vinyle-32x32-1.png","contentUrl":"https:\/\/www.verdieditions.com\/cd-pop-rock\/wp-content\/uploads\/2021\/01\/cropped-favicon-cd-pop-rock-vinyle-32x32-1.png","width":512,"height":512,"caption":"Sylvie VERDI"},"logo":{"@id":"https:\/\/www.verdieditions.com\/cd-pop-rock\/#\/schema\/person\/image\/"},"sameAs":["https:\/\/www.verdieditions.com\/cd-pop-rock","https:\/\/www.facebook.com\/CD-Pop-Rock-107168374818139"]}]}},"_links":{"self":[{"href":"https:\/\/www.verdieditions.com\/cd-pop-rock\/wp-json\/wp\/v2\/product\/1519","targetHints":{"allow":["GET"]}}],"collection":[{"href":"https:\/\/www.verdieditions.com\/cd-pop-rock\/wp-json\/wp\/v2\/product"}],"about":[{"href":"https:\/\/www.verdieditions.com\/cd-pop-rock\/wp-json\/wp\/v2\/types\/product"}],"wp:featuredmedia":[{"embeddable":true,"href":"https:\/\/www.verdieditions.com\/cd-pop-rock\/wp-json\/wp\/v2\/media\/1667"}],"wp:attachment":[{"href":"https:\/\/www.verdieditions.com\/cd-pop-rock\/wp-json\/wp\/v2\/media?parent=1519"}],"wp:term":[{"taxonomy":"product_brand","embeddable":true,"href":"https:\/\/www.verdieditions.com\/cd-pop-rock\/wp-json\/wp\/v2\/product_brand?post=1519"},{"taxonomy":"product_cat","embeddable":true,"href":"https:\/\/www.verdieditions.com\/cd-pop-rock\/wp-json\/wp\/v2\/product_cat?post=1519"},{"taxonomy":"product_tag","embeddable":true,"href":"https:\/\/www.verdieditions.com\/cd-pop-rock\/wp-json\/wp\/v2\/product_tag?post=1519"}],"curies":[{"name":"wp","href":"https:\/\/api.w.org\/{rel}","templated":true}]}}