{"id":1469,"date":"2021-02-17T11:46:26","date_gmt":"2021-02-17T10:46:26","guid":{"rendered":"https:\/\/www.verdieditions.com\/cd-pop-rock\/?post_type=product&#038;p=1469"},"modified":"2024-08-20T11:06:16","modified_gmt":"2024-08-20T09:06:16","slug":"band-aid-know-christmas","status":"publish","type":"product","link":"https:\/\/www.verdieditions.com\/cd-pop-rock\/produit\/band-aid-know-christmas\/","title":{"rendered":"BAND AID &#8211; Do They Know It&rsquo;s Christmas &#8211; 45T"},"content":{"rendered":"<p>Artiste : BAND AID<br \/>\nTitre : Do They Know It&rsquo;s Christmas &#8211; 45T<br \/>\nAnn\u00e9e : 1984, \u00e9dition originale<br \/>\n<strong>Pressage ancien original de collection<br \/>\nVinyle vierge, jamais \u00e9cout\u00e9<\/strong><br \/>\nGenre : New wave, Synth-pop<br \/>\nProducteur : Midge Ure<br \/>\nLabel : Mercury, Phonogram <\/p>\n<p>A\tDo They Know It&rsquo;s Christmas?<br \/>\nB\tFeed The World<\/p>\n<p>\u00ab\u00a0Do They Know It&rsquo;s Christmas?\u00a0\u00bb (Savent-ils que c&rsquo;est No\u00ebl ?) est une chanson compos\u00e9e par Bob Geldof et Midge Ure en 1984 dans le but de r\u00e9colter des fonds \u00e0 la suite de la famine en \u00c9thiopie. La chanson est interpr\u00e9t\u00e9e par le collectif Band Aid. La batterie est jou\u00e9e par Phil Collins.<\/p>\n<p><em>Vocalists<\/em><br \/>\nRobert \u00ab\u00a0Kool\u00a0\u00bb Bell (Kool &#038; the Gang)<br \/>\nBono (U2)<br \/>\nPete Briquette (The Boomtown Rats)<br \/>\nAdam Clayton (U2)<br \/>\nPhil Collins (Genesis and solo artist)<br \/>\nChris Cross (Ultravox)<br \/>\nSimon Crowe (The Boomtown Rats)<br \/>\nSara Dallin (Bananarama)<br \/>\nSiobhan Fahey (Bananarama)<br \/>\nJohnny Fingers (The Boomtown Rats)<br \/>\nBob Geldof (The Boomtown Rats)<br \/>\nBoy George (Culture Club)<br \/>\nGlenn Gregory (Heaven 17)<br \/>\nTony Hadley (Spandau Ballet)<br \/>\nJohn Keeble (Spandau Ballet)<br \/>\nGary Kemp (Spandau Ballet)<br \/>\nMartin Kemp (Spandau Ballet)<br \/>\nSimon Le Bon (Duran Duran)<br \/>\nMarilyn<br \/>\nGeorge Michael (Wham!)<br \/>\nJon Moss (Culture Club)<br \/>\nSteve Norman (Spandau Ballet)<br \/>\nRick Parfitt (Status Quo)<br \/>\nNick Rhodes (Duran Duran)<br \/>\nFrancis Rossi (Status Quo)<br \/>\nSting (The Police)<br \/>\nAndy Taylor (Duran Duran)<br \/>\nJames \u00ab\u00a0J.T.\u00a0\u00bb Taylor (Kool &#038; the Gang)<br \/>\nJohn Taylor (Duran Duran)<br \/>\nRoger Taylor (Duran Duran)<br \/>\nDennis Thomas (Kool &#038; the Gang)<br \/>\nMidge Ure (Ultravox)<br \/>\nMartyn Ware (Heaven 17)<br \/>\nJody Watley<br \/>\nPaul Weller (The Style Council)<br \/>\nKeren Woodward (Bananarama)<br \/>\nPaul Young<\/p>\n<p><em>Additional spoken messages on B-side<\/em><br \/>\nStuart Adamson, Mark Brzezicki, Tony Butler, Bruce Watson (Big Country)<br \/>\nDavid Bowie<br \/>\nHolly Johnson (Frankie Goes to Hollywood)<br \/>\nPaul McCartney<\/p>\n<p><em>Musicians<\/em><br \/>\nPhil Collins \u2013 drums<br \/>\nJohn Taylor \u2013 bass<br \/>\nMidge Ure \u2013 keyboards and programming<\/p>\n","protected":false},"excerpt":{"rendered":"<p>Artiste : BAND AID<br \/>\nTitre : Do They Know It&rsquo;s Christmas &#8211; 45T<br \/>\nAnn\u00e9e : 1984, \u00e9dition originale<br \/>\n<strong>Pressage ancien original de collection<br \/>\nVinyle vierge, jamais \u00e9cout\u00e9<\/strong><br \/>\nGenre : Electronic, Synth-pop<br \/>\nProducteur : Midge Ure<br \/>\nLabel : Mercury, Phonogram <\/p>\n","protected":false},"featured_media":1758,"template":"","meta":[],"product_brand":[],"product_cat":[72],"product_tag":[160,86,104],"class_list":{"0":"post-1469","1":"product","2":"type-product","3":"status-publish","4":"has-post-thumbnail","6":"product_cat-45t","7":"product_tag-chanson-caritative","8":"product_tag-new-wave","9":"product_tag-synthpop","11":"first","12":"instock","13":"shipping-taxable","14":"product-type-simple"},"yoast_head":"<!-- This site is optimized with the Yoast SEO plugin v27.0 - https:\/\/yoast.com\/product\/yoast-seo-wordpress\/ -->\n<title>BAND AID - Do They Know It&#039;s Christmas - 45T - CD Pop Rock<\/title>\n<meta name=\"description\" content=\"BAND AID - Do They Know It&#039;s Christmas - 45T - 1984, \u00e9dition originale collection Vinyle vierge, jamais \u00e9cout\u00e9 - Prod : Midge Ure - Mercury\" \/>\n<meta name=\"robots\" content=\"index, follow, max-snippet:-1, max-image-preview:large, max-video-preview:-1\" \/>\n<link rel=\"canonical\" href=\"https:\/\/www.verdieditions.com\/cd-pop-rock\/produit\/band-aid-know-christmas\/\" \/>\n<meta property=\"og:locale\" content=\"fr_FR\" \/>\n<meta property=\"og:type\" content=\"article\" \/>\n<meta property=\"og:title\" content=\"BAND AID - Do They Know It&#039;s Christmas - 45T - CD Pop Rock\" \/>\n<meta property=\"og:description\" content=\"BAND AID - Do They Know It&#039;s Christmas - 45T - 1984, \u00e9dition originale collection Vinyle vierge, jamais \u00e9cout\u00e9 - Prod : Midge Ure - Mercury\" \/>\n<meta property=\"og:url\" content=\"https:\/\/www.verdieditions.com\/cd-pop-rock\/produit\/band-aid-know-christmas\/\" \/>\n<meta property=\"og:site_name\" content=\"CD Pop Rock\" \/>\n<meta property=\"article:publisher\" content=\"https:\/\/www.facebook.com\/CD-Pop-Rock-107168374818139\" \/>\n<meta property=\"article:modified_time\" content=\"2024-08-20T09:06:16+00:00\" \/>\n<meta property=\"og:image\" content=\"https:\/\/www.verdieditions.com\/cd-pop-rock\/wp-content\/uploads\/2021\/02\/band-aid-know-christmas-45T.jpg\" \/>\n\t<meta property=\"og:image:width\" content=\"800\" \/>\n\t<meta property=\"og:image:height\" content=\"532\" \/>\n\t<meta property=\"og:image:type\" content=\"image\/jpeg\" \/>\n<meta name=\"twitter:card\" content=\"summary_large_image\" \/>\n<meta name=\"twitter:label1\" content=\"Dur\u00e9e de lecture estim\u00e9e\" \/>\n\t<meta name=\"twitter:data1\" content=\"1 minute\" \/>\n<script type=\"application\/ld+json\" class=\"yoast-schema-graph\">{\"@context\":\"https:\/\/schema.org\",\"@graph\":[{\"@type\":\"WebPage\",\"@id\":\"https:\/\/www.verdieditions.com\/cd-pop-rock\/produit\/band-aid-know-christmas\/\",\"url\":\"https:\/\/www.verdieditions.com\/cd-pop-rock\/produit\/band-aid-know-christmas\/\",\"name\":\"BAND AID - Do They Know It's Christmas - 45T - CD Pop Rock\",\"isPartOf\":{\"@id\":\"https:\/\/www.verdieditions.com\/cd-pop-rock\/#website\"},\"primaryImageOfPage\":{\"@id\":\"https:\/\/www.verdieditions.com\/cd-pop-rock\/produit\/band-aid-know-christmas\/#primaryimage\"},\"image\":{\"@id\":\"https:\/\/www.verdieditions.com\/cd-pop-rock\/produit\/band-aid-know-christmas\/#primaryimage\"},\"thumbnailUrl\":\"https:\/\/www.verdieditions.com\/cd-pop-rock\/wp-content\/uploads\/2021\/02\/band-aid-know-christmas-45T.jpg\",\"datePublished\":\"2021-02-17T10:46:26+00:00\",\"dateModified\":\"2024-08-20T09:06:16+00:00\",\"description\":\"BAND AID - Do They Know It's Christmas - 45T - 1984, \u00e9dition originale collection Vinyle vierge, jamais \u00e9cout\u00e9 - Prod : Midge Ure - Mercury\",\"breadcrumb\":{\"@id\":\"https:\/\/www.verdieditions.com\/cd-pop-rock\/produit\/band-aid-know-christmas\/#breadcrumb\"},\"inLanguage\":\"fr-FR\",\"potentialAction\":[{\"@type\":\"ReadAction\",\"target\":[\"https:\/\/www.verdieditions.com\/cd-pop-rock\/produit\/band-aid-know-christmas\/\"]}]},{\"@type\":\"ImageObject\",\"inLanguage\":\"fr-FR\",\"@id\":\"https:\/\/www.verdieditions.com\/cd-pop-rock\/produit\/band-aid-know-christmas\/#primaryimage\",\"url\":\"https:\/\/www.verdieditions.com\/cd-pop-rock\/wp-content\/uploads\/2021\/02\/band-aid-know-christmas-45T.jpg\",\"contentUrl\":\"https:\/\/www.verdieditions.com\/cd-pop-rock\/wp-content\/uploads\/2021\/02\/band-aid-know-christmas-45T.jpg\",\"width\":800,\"height\":532,\"caption\":\"band-aid-know-christmas-45T\"},{\"@type\":\"BreadcrumbList\",\"@id\":\"https:\/\/www.verdieditions.com\/cd-pop-rock\/produit\/band-aid-know-christmas\/#breadcrumb\",\"itemListElement\":[{\"@type\":\"ListItem\",\"position\":1,\"name\":\"Accueil\",\"item\":\"https:\/\/www.verdieditions.com\/cd-pop-rock\/\"},{\"@type\":\"ListItem\",\"position\":2,\"name\":\"La Boutique\",\"item\":\"https:\/\/www.verdieditions.com\/cd-pop-rock\/boutique\/\"},{\"@type\":\"ListItem\",\"position\":3,\"name\":\"BAND AID &#8211; Do They Know It&rsquo;s Christmas &#8211; 45T\"}]},{\"@type\":\"WebSite\",\"@id\":\"https:\/\/www.verdieditions.com\/cd-pop-rock\/#website\",\"url\":\"https:\/\/www.verdieditions.com\/cd-pop-rock\/\",\"name\":\"CD Pop Rock\",\"description\":\"CD, K7, Vinyles, VHS et DVD de Musique Pop et Rock vintage\",\"publisher\":{\"@id\":\"https:\/\/www.verdieditions.com\/cd-pop-rock\/#\/schema\/person\/3a9da867add08338474907117bf9668a\"},\"potentialAction\":[{\"@type\":\"SearchAction\",\"target\":{\"@type\":\"EntryPoint\",\"urlTemplate\":\"https:\/\/www.verdieditions.com\/cd-pop-rock\/?s={search_term_string}\"},\"query-input\":{\"@type\":\"PropertyValueSpecification\",\"valueRequired\":true,\"valueName\":\"search_term_string\"}}],\"inLanguage\":\"fr-FR\"},{\"@type\":[\"Person\",\"Organization\"],\"@id\":\"https:\/\/www.verdieditions.com\/cd-pop-rock\/#\/schema\/person\/3a9da867add08338474907117bf9668a\",\"name\":\"Sylvie VERDI\",\"image\":{\"@type\":\"ImageObject\",\"inLanguage\":\"fr-FR\",\"@id\":\"https:\/\/www.verdieditions.com\/cd-pop-rock\/#\/schema\/person\/image\/\",\"url\":\"https:\/\/www.verdieditions.com\/cd-pop-rock\/wp-content\/uploads\/2021\/01\/cropped-favicon-cd-pop-rock-vinyle-32x32-1.png\",\"contentUrl\":\"https:\/\/www.verdieditions.com\/cd-pop-rock\/wp-content\/uploads\/2021\/01\/cropped-favicon-cd-pop-rock-vinyle-32x32-1.png\",\"width\":512,\"height\":512,\"caption\":\"Sylvie VERDI\"},\"logo\":{\"@id\":\"https:\/\/www.verdieditions.com\/cd-pop-rock\/#\/schema\/person\/image\/\"},\"sameAs\":[\"https:\/\/www.verdieditions.com\/cd-pop-rock\",\"https:\/\/www.facebook.com\/CD-Pop-Rock-107168374818139\"]}]}<\/script>\n<!-- \/ Yoast SEO plugin. -->","yoast_head_json":{"title":"BAND AID - Do They Know It's Christmas - 45T - CD Pop Rock","description":"BAND AID - Do They Know It's Christmas - 45T - 1984, \u00e9dition originale collection Vinyle vierge, jamais \u00e9cout\u00e9 - Prod : Midge Ure - Mercury","robots":{"index":"index","follow":"follow","max-snippet":"max-snippet:-1","max-image-preview":"max-image-preview:large","max-video-preview":"max-video-preview:-1"},"canonical":"https:\/\/www.verdieditions.com\/cd-pop-rock\/produit\/band-aid-know-christmas\/","og_locale":"fr_FR","og_type":"article","og_title":"BAND AID - Do They Know It's Christmas - 45T - CD Pop Rock","og_description":"BAND AID - Do They Know It's Christmas - 45T - 1984, \u00e9dition originale collection Vinyle vierge, jamais \u00e9cout\u00e9 - Prod : Midge Ure - Mercury","og_url":"https:\/\/www.verdieditions.com\/cd-pop-rock\/produit\/band-aid-know-christmas\/","og_site_name":"CD Pop Rock","article_publisher":"https:\/\/www.facebook.com\/CD-Pop-Rock-107168374818139","article_modified_time":"2024-08-20T09:06:16+00:00","og_image":[{"width":800,"height":532,"url":"https:\/\/www.verdieditions.com\/cd-pop-rock\/wp-content\/uploads\/2021\/02\/band-aid-know-christmas-45T.jpg","type":"image\/jpeg"}],"twitter_card":"summary_large_image","twitter_misc":{"Dur\u00e9e de lecture estim\u00e9e":"1 minute"},"schema":{"@context":"https:\/\/schema.org","@graph":[{"@type":"WebPage","@id":"https:\/\/www.verdieditions.com\/cd-pop-rock\/produit\/band-aid-know-christmas\/","url":"https:\/\/www.verdieditions.com\/cd-pop-rock\/produit\/band-aid-know-christmas\/","name":"BAND AID - Do They Know It's Christmas - 45T - CD Pop Rock","isPartOf":{"@id":"https:\/\/www.verdieditions.com\/cd-pop-rock\/#website"},"primaryImageOfPage":{"@id":"https:\/\/www.verdieditions.com\/cd-pop-rock\/produit\/band-aid-know-christmas\/#primaryimage"},"image":{"@id":"https:\/\/www.verdieditions.com\/cd-pop-rock\/produit\/band-aid-know-christmas\/#primaryimage"},"thumbnailUrl":"https:\/\/www.verdieditions.com\/cd-pop-rock\/wp-content\/uploads\/2021\/02\/band-aid-know-christmas-45T.jpg","datePublished":"2021-02-17T10:46:26+00:00","dateModified":"2024-08-20T09:06:16+00:00","description":"BAND AID - Do They Know It's Christmas - 45T - 1984, \u00e9dition originale collection Vinyle vierge, jamais \u00e9cout\u00e9 - Prod : Midge Ure - Mercury","breadcrumb":{"@id":"https:\/\/www.verdieditions.com\/cd-pop-rock\/produit\/band-aid-know-christmas\/#breadcrumb"},"inLanguage":"fr-FR","potentialAction":[{"@type":"ReadAction","target":["https:\/\/www.verdieditions.com\/cd-pop-rock\/produit\/band-aid-know-christmas\/"]}]},{"@type":"ImageObject","inLanguage":"fr-FR","@id":"https:\/\/www.verdieditions.com\/cd-pop-rock\/produit\/band-aid-know-christmas\/#primaryimage","url":"https:\/\/www.verdieditions.com\/cd-pop-rock\/wp-content\/uploads\/2021\/02\/band-aid-know-christmas-45T.jpg","contentUrl":"https:\/\/www.verdieditions.com\/cd-pop-rock\/wp-content\/uploads\/2021\/02\/band-aid-know-christmas-45T.jpg","width":800,"height":532,"caption":"band-aid-know-christmas-45T"},{"@type":"BreadcrumbList","@id":"https:\/\/www.verdieditions.com\/cd-pop-rock\/produit\/band-aid-know-christmas\/#breadcrumb","itemListElement":[{"@type":"ListItem","position":1,"name":"Accueil","item":"https:\/\/www.verdieditions.com\/cd-pop-rock\/"},{"@type":"ListItem","position":2,"name":"La Boutique","item":"https:\/\/www.verdieditions.com\/cd-pop-rock\/boutique\/"},{"@type":"ListItem","position":3,"name":"BAND AID &#8211; Do They Know It&rsquo;s Christmas &#8211; 45T"}]},{"@type":"WebSite","@id":"https:\/\/www.verdieditions.com\/cd-pop-rock\/#website","url":"https:\/\/www.verdieditions.com\/cd-pop-rock\/","name":"CD Pop Rock","description":"CD, K7, Vinyles, VHS et DVD de Musique Pop et Rock vintage","publisher":{"@id":"https:\/\/www.verdieditions.com\/cd-pop-rock\/#\/schema\/person\/3a9da867add08338474907117bf9668a"},"potentialAction":[{"@type":"SearchAction","target":{"@type":"EntryPoint","urlTemplate":"https:\/\/www.verdieditions.com\/cd-pop-rock\/?s={search_term_string}"},"query-input":{"@type":"PropertyValueSpecification","valueRequired":true,"valueName":"search_term_string"}}],"inLanguage":"fr-FR"},{"@type":["Person","Organization"],"@id":"https:\/\/www.verdieditions.com\/cd-pop-rock\/#\/schema\/person\/3a9da867add08338474907117bf9668a","name":"Sylvie VERDI","image":{"@type":"ImageObject","inLanguage":"fr-FR","@id":"https:\/\/www.verdieditions.com\/cd-pop-rock\/#\/schema\/person\/image\/","url":"https:\/\/www.verdieditions.com\/cd-pop-rock\/wp-content\/uploads\/2021\/01\/cropped-favicon-cd-pop-rock-vinyle-32x32-1.png","contentUrl":"https:\/\/www.verdieditions.com\/cd-pop-rock\/wp-content\/uploads\/2021\/01\/cropped-favicon-cd-pop-rock-vinyle-32x32-1.png","width":512,"height":512,"caption":"Sylvie VERDI"},"logo":{"@id":"https:\/\/www.verdieditions.com\/cd-pop-rock\/#\/schema\/person\/image\/"},"sameAs":["https:\/\/www.verdieditions.com\/cd-pop-rock","https:\/\/www.facebook.com\/CD-Pop-Rock-107168374818139"]}]}},"_links":{"self":[{"href":"https:\/\/www.verdieditions.com\/cd-pop-rock\/wp-json\/wp\/v2\/product\/1469","targetHints":{"allow":["GET"]}}],"collection":[{"href":"https:\/\/www.verdieditions.com\/cd-pop-rock\/wp-json\/wp\/v2\/product"}],"about":[{"href":"https:\/\/www.verdieditions.com\/cd-pop-rock\/wp-json\/wp\/v2\/types\/product"}],"wp:featuredmedia":[{"embeddable":true,"href":"https:\/\/www.verdieditions.com\/cd-pop-rock\/wp-json\/wp\/v2\/media\/1758"}],"wp:attachment":[{"href":"https:\/\/www.verdieditions.com\/cd-pop-rock\/wp-json\/wp\/v2\/media?parent=1469"}],"wp:term":[{"taxonomy":"product_brand","embeddable":true,"href":"https:\/\/www.verdieditions.com\/cd-pop-rock\/wp-json\/wp\/v2\/product_brand?post=1469"},{"taxonomy":"product_cat","embeddable":true,"href":"https:\/\/www.verdieditions.com\/cd-pop-rock\/wp-json\/wp\/v2\/product_cat?post=1469"},{"taxonomy":"product_tag","embeddable":true,"href":"https:\/\/www.verdieditions.com\/cd-pop-rock\/wp-json\/wp\/v2\/product_tag?post=1469"}],"curies":[{"name":"wp","href":"https:\/\/api.w.org\/{rel}","templated":true}]}}