{"id":1388,"date":"2021-01-11T14:54:05","date_gmt":"2021-01-11T13:54:05","guid":{"rendered":"https:\/\/www.verdieditions.com\/cd-pop-rock\/?post_type=product&#038;p=1388"},"modified":"2021-04-15T10:42:23","modified_gmt":"2021-04-15T08:42:23","slug":"beyonce-dangerously-love","status":"publish","type":"product","link":"https:\/\/www.verdieditions.com\/cd-pop-rock\/produit\/beyonce-dangerously-love\/","title":{"rendered":"BEYONCE &#8211; Dangerously In Love &#8211; CD"},"content":{"rendered":"<p>Artiste : BEYONCE<br \/>\nTitre : Dangerously In Love<br \/>\nAnn\u00e9e : 2003, \u00e9dition originale<br \/>\nGenre : R&rsquo;n&rsquo;B, soul<br \/>\nProducteur : Beyonc\u00e9 Knowles (\u00e9galement productrice ex\u00e9cutive), Rich Harrison, Scott Storch, Missy Elliott, Craig Brockman, Nisan Stewart, Bryce Wilson, Focus, Andreao Fanatic Heard, Sherrod Barnes, D-Roy, Mr. B, Nat Adderley, Jr., Errol Poppi McCalla, Jr., Mark Batson<br \/>\nLabel : Columbia <\/p>\n<p>1.\t\u00ab\u00a0Crazy in Love\u00a0\u00bb (featuring Jay-Z)<br \/>\n2.\t\u00ab\u00a0Naughty Girl\u00a0\u00bb<br \/>\n3.\t\u00ab\u00a0Baby Boy\u00a0\u00bb (featuring Sean Paul)<br \/>\n4.\t\u00ab\u00a0Hip Hop Star\u00a0\u00bb (featuring Big Boi and Sleepy Brown)<br \/>\n5.\t\u00ab\u00a0Be with You\u00a0\u00bb<br \/>\n6.\t\u00ab\u00a0Me, Myself and I\u00a0\u00bb<br \/>\n7.\t\u00ab\u00a0Yes\u00a0\u00bb<br \/>\n8.\t\u00ab\u00a0Signs\u00a0\u00bb (featuring Missy Elliott)<br \/>\n9.\t\u00ab\u00a0Speechless\u00a0\u00bb<br \/>\n10.\t\u00ab\u00a0That&rsquo;s How You Like It\u00a0\u00bb (featuring Jay-Z)<br \/>\n11.\t\u00ab\u00a0The Closer I Get to You\u00a0\u00bb (with Luther Vandross)<br \/>\n12.\t\u00ab\u00a0Dangerously in Love 2\u00a0\u00bb<br \/>\n13.\t\u00ab\u00a0Gift from Virgo\u00a0\u00bb<br \/>\n14.\t\u00ab\u00a0Bienvenue\u00a0\u00bb (IAM featuring Beyonc\u00e9)<br \/>\n15.\t\u00ab\u00a0Beyonc\u00e9 Interlude\u00a0\u00bb<br \/>\n16.\t\u00ab\u00a0Work It Out\u00a0\u00bb<br \/>\n17.\t\u00ab\u00a003 Bonnie &#038; Clyde\u00a0\u00bb (Jay-Z featuring Beyonc\u00e9)<br \/>\n18.\t\u00ab\u00a0Daddy\u00a0\u00bb (hidden track)<\/p>\n","protected":false},"excerpt":{"rendered":"<p>Artiste : BEYONCE<br \/>\nTitre : Dangerously In Love<br \/>\nAnn\u00e9e : 2003, \u00e9dition originale<br \/>\nGenre : R&rsquo;n&rsquo;B, soul<br \/>\nProducteur : Beyonc\u00e9 Knowles (\u00e9galement productrice ex\u00e9cutive), Rich Harrison, Scott Storch, Missy Elliott, Craig Brockman, Nisan Stewart, Bryce Wilson, Focus, Andreao Fanatic Heard, Sherrod Barnes, D-Roy, Mr. B, Nat Adderley, Jr., Errol Poppi McCalla, Jr., Mark Batson<br \/>\nLabel : Columbia <\/p>\n","protected":false},"featured_media":1796,"template":"","meta":[],"product_brand":[],"product_cat":[71],"product_tag":[91,80],"class_list":{"0":"post-1388","1":"product","2":"type-product","3":"status-publish","4":"has-post-thumbnail","6":"product_cat-cd","7":"product_tag-rb","8":"product_tag-soul","10":"first","11":"instock","12":"shipping-taxable","13":"product-type-simple"},"yoast_head":"<!-- This site is optimized with the Yoast SEO plugin v27.0 - https:\/\/yoast.com\/product\/yoast-seo-wordpress\/ -->\n<title>BEYONCE - Dangerously In Love - CD - CD Pop Rock<\/title>\n<meta name=\"description\" content=\"Artiste : BEYONCE - Titre : Dangerously In Love - Ann\u00e9e : 2003, \u00e9dition originale - Genre : R&#039;n&#039;B, soul - Label : Columbia\" \/>\n<meta name=\"robots\" content=\"index, follow, max-snippet:-1, max-image-preview:large, max-video-preview:-1\" \/>\n<link rel=\"canonical\" href=\"https:\/\/www.verdieditions.com\/cd-pop-rock\/produit\/beyonce-dangerously-love\/\" \/>\n<meta property=\"og:locale\" content=\"fr_FR\" \/>\n<meta property=\"og:type\" content=\"article\" \/>\n<meta property=\"og:title\" content=\"BEYONCE - Dangerously In Love - CD - CD Pop Rock\" \/>\n<meta property=\"og:description\" content=\"Artiste : BEYONCE - Titre : Dangerously In Love - Ann\u00e9e : 2003, \u00e9dition originale - Genre : R&#039;n&#039;B, soul - Label : Columbia\" \/>\n<meta property=\"og:url\" content=\"https:\/\/www.verdieditions.com\/cd-pop-rock\/produit\/beyonce-dangerously-love\/\" \/>\n<meta property=\"og:site_name\" content=\"CD Pop Rock\" \/>\n<meta property=\"article:publisher\" content=\"https:\/\/www.facebook.com\/CD-Pop-Rock-107168374818139\" \/>\n<meta property=\"article:modified_time\" content=\"2021-04-15T08:42:23+00:00\" \/>\n<meta property=\"og:image\" content=\"https:\/\/www.verdieditions.com\/cd-pop-rock\/wp-content\/uploads\/2021\/02\/beyonce-dangerously-love-CD.jpg\" \/>\n\t<meta property=\"og:image:width\" content=\"800\" \/>\n\t<meta property=\"og:image:height\" content=\"532\" \/>\n\t<meta property=\"og:image:type\" content=\"image\/jpeg\" \/>\n<meta name=\"twitter:card\" content=\"summary_large_image\" \/>\n<meta name=\"twitter:label1\" content=\"Dur\u00e9e de lecture estim\u00e9e\" \/>\n\t<meta name=\"twitter:data1\" content=\"1 minute\" \/>\n<script type=\"application\/ld+json\" class=\"yoast-schema-graph\">{\"@context\":\"https:\/\/schema.org\",\"@graph\":[{\"@type\":\"WebPage\",\"@id\":\"https:\/\/www.verdieditions.com\/cd-pop-rock\/produit\/beyonce-dangerously-love\/\",\"url\":\"https:\/\/www.verdieditions.com\/cd-pop-rock\/produit\/beyonce-dangerously-love\/\",\"name\":\"BEYONCE - Dangerously In Love - CD - CD Pop Rock\",\"isPartOf\":{\"@id\":\"https:\/\/www.verdieditions.com\/cd-pop-rock\/#website\"},\"primaryImageOfPage\":{\"@id\":\"https:\/\/www.verdieditions.com\/cd-pop-rock\/produit\/beyonce-dangerously-love\/#primaryimage\"},\"image\":{\"@id\":\"https:\/\/www.verdieditions.com\/cd-pop-rock\/produit\/beyonce-dangerously-love\/#primaryimage\"},\"thumbnailUrl\":\"https:\/\/www.verdieditions.com\/cd-pop-rock\/wp-content\/uploads\/2021\/02\/beyonce-dangerously-love-CD.jpg\",\"datePublished\":\"2021-01-11T13:54:05+00:00\",\"dateModified\":\"2021-04-15T08:42:23+00:00\",\"description\":\"Artiste : BEYONCE - Titre : Dangerously In Love - Ann\u00e9e : 2003, \u00e9dition originale - Genre : R'n'B, soul - Label : Columbia\",\"breadcrumb\":{\"@id\":\"https:\/\/www.verdieditions.com\/cd-pop-rock\/produit\/beyonce-dangerously-love\/#breadcrumb\"},\"inLanguage\":\"fr-FR\",\"potentialAction\":[{\"@type\":\"ReadAction\",\"target\":[\"https:\/\/www.verdieditions.com\/cd-pop-rock\/produit\/beyonce-dangerously-love\/\"]}]},{\"@type\":\"ImageObject\",\"inLanguage\":\"fr-FR\",\"@id\":\"https:\/\/www.verdieditions.com\/cd-pop-rock\/produit\/beyonce-dangerously-love\/#primaryimage\",\"url\":\"https:\/\/www.verdieditions.com\/cd-pop-rock\/wp-content\/uploads\/2021\/02\/beyonce-dangerously-love-CD.jpg\",\"contentUrl\":\"https:\/\/www.verdieditions.com\/cd-pop-rock\/wp-content\/uploads\/2021\/02\/beyonce-dangerously-love-CD.jpg\",\"width\":800,\"height\":532,\"caption\":\"beyonce-dangerously-love-CD\"},{\"@type\":\"BreadcrumbList\",\"@id\":\"https:\/\/www.verdieditions.com\/cd-pop-rock\/produit\/beyonce-dangerously-love\/#breadcrumb\",\"itemListElement\":[{\"@type\":\"ListItem\",\"position\":1,\"name\":\"Accueil\",\"item\":\"https:\/\/www.verdieditions.com\/cd-pop-rock\/\"},{\"@type\":\"ListItem\",\"position\":2,\"name\":\"La Boutique\",\"item\":\"https:\/\/www.verdieditions.com\/cd-pop-rock\/boutique\/\"},{\"@type\":\"ListItem\",\"position\":3,\"name\":\"BEYONCE &#8211; Dangerously In Love &#8211; CD\"}]},{\"@type\":\"WebSite\",\"@id\":\"https:\/\/www.verdieditions.com\/cd-pop-rock\/#website\",\"url\":\"https:\/\/www.verdieditions.com\/cd-pop-rock\/\",\"name\":\"CD Pop Rock\",\"description\":\"CD, K7, Vinyles, VHS et DVD de Musique Pop et Rock vintage\",\"publisher\":{\"@id\":\"https:\/\/www.verdieditions.com\/cd-pop-rock\/#\/schema\/person\/3a9da867add08338474907117bf9668a\"},\"potentialAction\":[{\"@type\":\"SearchAction\",\"target\":{\"@type\":\"EntryPoint\",\"urlTemplate\":\"https:\/\/www.verdieditions.com\/cd-pop-rock\/?s={search_term_string}\"},\"query-input\":{\"@type\":\"PropertyValueSpecification\",\"valueRequired\":true,\"valueName\":\"search_term_string\"}}],\"inLanguage\":\"fr-FR\"},{\"@type\":[\"Person\",\"Organization\"],\"@id\":\"https:\/\/www.verdieditions.com\/cd-pop-rock\/#\/schema\/person\/3a9da867add08338474907117bf9668a\",\"name\":\"Sylvie VERDI\",\"image\":{\"@type\":\"ImageObject\",\"inLanguage\":\"fr-FR\",\"@id\":\"https:\/\/www.verdieditions.com\/cd-pop-rock\/#\/schema\/person\/image\/\",\"url\":\"https:\/\/www.verdieditions.com\/cd-pop-rock\/wp-content\/uploads\/2021\/01\/cropped-favicon-cd-pop-rock-vinyle-32x32-1.png\",\"contentUrl\":\"https:\/\/www.verdieditions.com\/cd-pop-rock\/wp-content\/uploads\/2021\/01\/cropped-favicon-cd-pop-rock-vinyle-32x32-1.png\",\"width\":512,\"height\":512,\"caption\":\"Sylvie VERDI\"},\"logo\":{\"@id\":\"https:\/\/www.verdieditions.com\/cd-pop-rock\/#\/schema\/person\/image\/\"},\"sameAs\":[\"https:\/\/www.verdieditions.com\/cd-pop-rock\",\"https:\/\/www.facebook.com\/CD-Pop-Rock-107168374818139\"]}]}<\/script>\n<!-- \/ Yoast SEO plugin. -->","yoast_head_json":{"title":"BEYONCE - Dangerously In Love - CD - CD Pop Rock","description":"Artiste : BEYONCE - Titre : Dangerously In Love - Ann\u00e9e : 2003, \u00e9dition originale - Genre : R'n'B, soul - Label : Columbia","robots":{"index":"index","follow":"follow","max-snippet":"max-snippet:-1","max-image-preview":"max-image-preview:large","max-video-preview":"max-video-preview:-1"},"canonical":"https:\/\/www.verdieditions.com\/cd-pop-rock\/produit\/beyonce-dangerously-love\/","og_locale":"fr_FR","og_type":"article","og_title":"BEYONCE - Dangerously In Love - CD - CD Pop Rock","og_description":"Artiste : BEYONCE - Titre : Dangerously In Love - Ann\u00e9e : 2003, \u00e9dition originale - Genre : R'n'B, soul - Label : Columbia","og_url":"https:\/\/www.verdieditions.com\/cd-pop-rock\/produit\/beyonce-dangerously-love\/","og_site_name":"CD Pop Rock","article_publisher":"https:\/\/www.facebook.com\/CD-Pop-Rock-107168374818139","article_modified_time":"2021-04-15T08:42:23+00:00","og_image":[{"width":800,"height":532,"url":"https:\/\/www.verdieditions.com\/cd-pop-rock\/wp-content\/uploads\/2021\/02\/beyonce-dangerously-love-CD.jpg","type":"image\/jpeg"}],"twitter_card":"summary_large_image","twitter_misc":{"Dur\u00e9e de lecture estim\u00e9e":"1 minute"},"schema":{"@context":"https:\/\/schema.org","@graph":[{"@type":"WebPage","@id":"https:\/\/www.verdieditions.com\/cd-pop-rock\/produit\/beyonce-dangerously-love\/","url":"https:\/\/www.verdieditions.com\/cd-pop-rock\/produit\/beyonce-dangerously-love\/","name":"BEYONCE - Dangerously In Love - CD - CD Pop Rock","isPartOf":{"@id":"https:\/\/www.verdieditions.com\/cd-pop-rock\/#website"},"primaryImageOfPage":{"@id":"https:\/\/www.verdieditions.com\/cd-pop-rock\/produit\/beyonce-dangerously-love\/#primaryimage"},"image":{"@id":"https:\/\/www.verdieditions.com\/cd-pop-rock\/produit\/beyonce-dangerously-love\/#primaryimage"},"thumbnailUrl":"https:\/\/www.verdieditions.com\/cd-pop-rock\/wp-content\/uploads\/2021\/02\/beyonce-dangerously-love-CD.jpg","datePublished":"2021-01-11T13:54:05+00:00","dateModified":"2021-04-15T08:42:23+00:00","description":"Artiste : BEYONCE - Titre : Dangerously In Love - Ann\u00e9e : 2003, \u00e9dition originale - Genre : R'n'B, soul - Label : Columbia","breadcrumb":{"@id":"https:\/\/www.verdieditions.com\/cd-pop-rock\/produit\/beyonce-dangerously-love\/#breadcrumb"},"inLanguage":"fr-FR","potentialAction":[{"@type":"ReadAction","target":["https:\/\/www.verdieditions.com\/cd-pop-rock\/produit\/beyonce-dangerously-love\/"]}]},{"@type":"ImageObject","inLanguage":"fr-FR","@id":"https:\/\/www.verdieditions.com\/cd-pop-rock\/produit\/beyonce-dangerously-love\/#primaryimage","url":"https:\/\/www.verdieditions.com\/cd-pop-rock\/wp-content\/uploads\/2021\/02\/beyonce-dangerously-love-CD.jpg","contentUrl":"https:\/\/www.verdieditions.com\/cd-pop-rock\/wp-content\/uploads\/2021\/02\/beyonce-dangerously-love-CD.jpg","width":800,"height":532,"caption":"beyonce-dangerously-love-CD"},{"@type":"BreadcrumbList","@id":"https:\/\/www.verdieditions.com\/cd-pop-rock\/produit\/beyonce-dangerously-love\/#breadcrumb","itemListElement":[{"@type":"ListItem","position":1,"name":"Accueil","item":"https:\/\/www.verdieditions.com\/cd-pop-rock\/"},{"@type":"ListItem","position":2,"name":"La Boutique","item":"https:\/\/www.verdieditions.com\/cd-pop-rock\/boutique\/"},{"@type":"ListItem","position":3,"name":"BEYONCE &#8211; Dangerously In Love &#8211; CD"}]},{"@type":"WebSite","@id":"https:\/\/www.verdieditions.com\/cd-pop-rock\/#website","url":"https:\/\/www.verdieditions.com\/cd-pop-rock\/","name":"CD Pop Rock","description":"CD, K7, Vinyles, VHS et DVD de Musique Pop et Rock vintage","publisher":{"@id":"https:\/\/www.verdieditions.com\/cd-pop-rock\/#\/schema\/person\/3a9da867add08338474907117bf9668a"},"potentialAction":[{"@type":"SearchAction","target":{"@type":"EntryPoint","urlTemplate":"https:\/\/www.verdieditions.com\/cd-pop-rock\/?s={search_term_string}"},"query-input":{"@type":"PropertyValueSpecification","valueRequired":true,"valueName":"search_term_string"}}],"inLanguage":"fr-FR"},{"@type":["Person","Organization"],"@id":"https:\/\/www.verdieditions.com\/cd-pop-rock\/#\/schema\/person\/3a9da867add08338474907117bf9668a","name":"Sylvie VERDI","image":{"@type":"ImageObject","inLanguage":"fr-FR","@id":"https:\/\/www.verdieditions.com\/cd-pop-rock\/#\/schema\/person\/image\/","url":"https:\/\/www.verdieditions.com\/cd-pop-rock\/wp-content\/uploads\/2021\/01\/cropped-favicon-cd-pop-rock-vinyle-32x32-1.png","contentUrl":"https:\/\/www.verdieditions.com\/cd-pop-rock\/wp-content\/uploads\/2021\/01\/cropped-favicon-cd-pop-rock-vinyle-32x32-1.png","width":512,"height":512,"caption":"Sylvie VERDI"},"logo":{"@id":"https:\/\/www.verdieditions.com\/cd-pop-rock\/#\/schema\/person\/image\/"},"sameAs":["https:\/\/www.verdieditions.com\/cd-pop-rock","https:\/\/www.facebook.com\/CD-Pop-Rock-107168374818139"]}]}},"_links":{"self":[{"href":"https:\/\/www.verdieditions.com\/cd-pop-rock\/wp-json\/wp\/v2\/product\/1388","targetHints":{"allow":["GET"]}}],"collection":[{"href":"https:\/\/www.verdieditions.com\/cd-pop-rock\/wp-json\/wp\/v2\/product"}],"about":[{"href":"https:\/\/www.verdieditions.com\/cd-pop-rock\/wp-json\/wp\/v2\/types\/product"}],"wp:featuredmedia":[{"embeddable":true,"href":"https:\/\/www.verdieditions.com\/cd-pop-rock\/wp-json\/wp\/v2\/media\/1796"}],"wp:attachment":[{"href":"https:\/\/www.verdieditions.com\/cd-pop-rock\/wp-json\/wp\/v2\/media?parent=1388"}],"wp:term":[{"taxonomy":"product_brand","embeddable":true,"href":"https:\/\/www.verdieditions.com\/cd-pop-rock\/wp-json\/wp\/v2\/product_brand?post=1388"},{"taxonomy":"product_cat","embeddable":true,"href":"https:\/\/www.verdieditions.com\/cd-pop-rock\/wp-json\/wp\/v2\/product_cat?post=1388"},{"taxonomy":"product_tag","embeddable":true,"href":"https:\/\/www.verdieditions.com\/cd-pop-rock\/wp-json\/wp\/v2\/product_tag?post=1388"}],"curies":[{"name":"wp","href":"https:\/\/api.w.org\/{rel}","templated":true}]}}