{"id":1380,"date":"2021-02-11T13:14:37","date_gmt":"2021-02-11T12:14:37","guid":{"rendered":"https:\/\/www.verdieditions.com\/cd-pop-rock\/?post_type=product&#038;p=1380"},"modified":"2023-02-20T14:04:00","modified_gmt":"2023-02-20T13:04:00","slug":"nougaro-nougayork","status":"publish","type":"product","link":"https:\/\/www.verdieditions.com\/cd-pop-rock\/produit\/nougaro-nougayork\/","title":{"rendered":"CLAUDE NOUGARO &#8211; Nougayork &#8211; CD"},"content":{"rendered":"<p>Artiste : CLAUDE NOUGARO<br \/>\nTitre : Nougayork<br \/>\nAnn\u00e9e : 1987, \u00e9dition originale<br \/>\nGenre : Chanson fran\u00e7aise, pop rock, jazz fusion, synthpop<br \/>\nProducteur : Mick Lanaro, Sebastian Santa Maria, Philippe Saisse, Daniel Goyone<br \/>\nLabel : WEA    <\/p>\n<p>1.\tNougayork<br \/>\n2.\tRythm&rsquo;n flouze<br \/>\n3.\tHarlem (Fables of faubus)<br \/>\n4.\tUn \u00e9cureuil \u00e0 Central Park : com\u00e9die musicale en 3 actes et 17 tableaux<br \/>\n5.\tLady Liberty<br \/>\n6.\tLe Petit Oiseau de Marrakech<br \/>\n7.\tLe Gardien de phare<br \/>\n8.\tNougarock (Un \u00e9cureuil \u00e0 Central Park) instrumental<br \/>\n9.\tIl faut tourner la page<\/p>\n<p>Remerci\u00e9 par Barclay en raison des m\u00e9diocres ventes de ses pr\u00e9c\u00e9dents disques, Claude Nougaro part pour New York avec \u00ab pour seul bagage \u00bb l&rsquo;adresse de la veuve de Charles Mingus (il fait d&rsquo;ailleurs allusion au c\u00e9l\u00e8bre musicien dans la chanson Harlem, texte qu&rsquo;il \u00ab pose \u00bb sur une composition de Mingus).<\/p>\n<p>Sur place, il enregistre Nougayork avec des \u00ab pointures \u00bb de la musique am\u00e9ricaine. Parmi eux : le bassiste Mark Egan, issu du jazz contemporain (premier bassiste du guitariste Pat Metheny), qui enregistre sur le titre Il faut tourner la page ; le percussionniste Trilok Gurtu (ayant par exemple enregistr\u00e9 avec John McLaughlin) qui intervient sur Le Petit Oiseau de Marrakech ; mais aussi le bassiste Marcus Miller (ayant c\u00f4toy\u00e9 Miles Davis) qui assure la partie basse sur Un \u00e9cureuil \u00e0 Central Park et Nile Rodgers (guitariste et fondateur du groupe Chic).<\/p>\n<p>Cet album est un succ\u00e8s commercial lors de sa sortie avec 503 000 exemplaires vendus et relance la carri\u00e8re de Claude Nougaro. Pour cet opus le chanteur obtint la Victoire du meilleur album aux Victoires de la musique 1988, ainsi que celle de l&rsquo;Artiste interpr\u00e8te masculin de l\u2019ann\u00e9e.<\/p>\n<p>Source Wikepedia<\/p>\n","protected":false},"excerpt":{"rendered":"<p>Artiste : CLAUDE NOUGARO<br \/>\nTitre : Nougayork<br \/>\nAnn\u00e9e : 1987, \u00e9dition originale<br \/>\nGenre : Chanson fran\u00e7aise, pop rock, jazz fusion, synthpop<br \/>\nProducteur : Mick Lanaro, Sebastian Santa Maria, Philippe Saisse, Daniel Goyone<br \/>\nLabel : WEA <\/p>\n","protected":false},"featured_media":2025,"template":"","meta":[],"product_brand":[],"product_cat":[71],"product_tag":[117,107,151,79,104],"class_list":{"0":"post-1380","1":"product","2":"type-product","3":"status-publish","4":"has-post-thumbnail","6":"product_cat-cd","7":"product_tag-chanson-francaise","8":"product_tag-jazz-fusion","9":"product_tag-pop-rock","10":"product_tag-rock","11":"product_tag-synthpop","13":"first","14":"outofstock","15":"shipping-taxable","16":"product-type-simple"},"yoast_head":"<!-- This site is optimized with the Yoast SEO plugin v27.0 - https:\/\/yoast.com\/product\/yoast-seo-wordpress\/ -->\n<title>CLAUDE NOUGARO - Nougayork - CD - CD Pop Rock<\/title>\n<meta name=\"description\" content=\"CLAUDE NOUGARO - Nougayork - 1987, \u00e9d originale - Chanson fran\u00e7aise, pop rock, jazz fusion, synthpop - Prod : Lanaro, Santa Maria... - WEA\" \/>\n<meta name=\"robots\" content=\"index, follow, max-snippet:-1, max-image-preview:large, max-video-preview:-1\" \/>\n<link rel=\"canonical\" href=\"https:\/\/www.verdieditions.com\/cd-pop-rock\/produit\/nougaro-nougayork\/\" \/>\n<meta property=\"og:locale\" content=\"fr_FR\" \/>\n<meta property=\"og:type\" content=\"article\" \/>\n<meta property=\"og:title\" content=\"CLAUDE NOUGARO - Nougayork - CD - CD Pop Rock\" \/>\n<meta property=\"og:description\" content=\"CLAUDE NOUGARO - Nougayork - 1987, \u00e9d originale - Chanson fran\u00e7aise, pop rock, jazz fusion, synthpop - Prod : Lanaro, Santa Maria... - WEA\" \/>\n<meta property=\"og:url\" content=\"https:\/\/www.verdieditions.com\/cd-pop-rock\/produit\/nougaro-nougayork\/\" \/>\n<meta property=\"og:site_name\" content=\"CD Pop Rock\" \/>\n<meta property=\"article:publisher\" content=\"https:\/\/www.facebook.com\/CD-Pop-Rock-107168374818139\" \/>\n<meta property=\"article:modified_time\" content=\"2023-02-20T13:04:00+00:00\" \/>\n<meta property=\"og:image\" content=\"https:\/\/www.verdieditions.com\/cd-pop-rock\/wp-content\/uploads\/2021\/02\/nougaro-nougayork-CD.jpg\" \/>\n\t<meta property=\"og:image:width\" content=\"800\" \/>\n\t<meta property=\"og:image:height\" content=\"532\" \/>\n\t<meta property=\"og:image:type\" content=\"image\/jpeg\" \/>\n<meta name=\"twitter:card\" content=\"summary_large_image\" \/>\n<meta name=\"twitter:label1\" content=\"Dur\u00e9e de lecture estim\u00e9e\" \/>\n\t<meta name=\"twitter:data1\" content=\"1 minute\" \/>\n<script type=\"application\/ld+json\" class=\"yoast-schema-graph\">{\"@context\":\"https:\/\/schema.org\",\"@graph\":[{\"@type\":\"WebPage\",\"@id\":\"https:\/\/www.verdieditions.com\/cd-pop-rock\/produit\/nougaro-nougayork\/\",\"url\":\"https:\/\/www.verdieditions.com\/cd-pop-rock\/produit\/nougaro-nougayork\/\",\"name\":\"CLAUDE NOUGARO - Nougayork - CD - CD Pop Rock\",\"isPartOf\":{\"@id\":\"https:\/\/www.verdieditions.com\/cd-pop-rock\/#website\"},\"primaryImageOfPage\":{\"@id\":\"https:\/\/www.verdieditions.com\/cd-pop-rock\/produit\/nougaro-nougayork\/#primaryimage\"},\"image\":{\"@id\":\"https:\/\/www.verdieditions.com\/cd-pop-rock\/produit\/nougaro-nougayork\/#primaryimage\"},\"thumbnailUrl\":\"https:\/\/www.verdieditions.com\/cd-pop-rock\/wp-content\/uploads\/2021\/02\/nougaro-nougayork-CD.jpg\",\"datePublished\":\"2021-02-11T12:14:37+00:00\",\"dateModified\":\"2023-02-20T13:04:00+00:00\",\"description\":\"CLAUDE NOUGARO - Nougayork - 1987, \u00e9d originale - Chanson fran\u00e7aise, pop rock, jazz fusion, synthpop - Prod : Lanaro, Santa Maria... - WEA\",\"breadcrumb\":{\"@id\":\"https:\/\/www.verdieditions.com\/cd-pop-rock\/produit\/nougaro-nougayork\/#breadcrumb\"},\"inLanguage\":\"fr-FR\",\"potentialAction\":[{\"@type\":\"ReadAction\",\"target\":[\"https:\/\/www.verdieditions.com\/cd-pop-rock\/produit\/nougaro-nougayork\/\"]}]},{\"@type\":\"ImageObject\",\"inLanguage\":\"fr-FR\",\"@id\":\"https:\/\/www.verdieditions.com\/cd-pop-rock\/produit\/nougaro-nougayork\/#primaryimage\",\"url\":\"https:\/\/www.verdieditions.com\/cd-pop-rock\/wp-content\/uploads\/2021\/02\/nougaro-nougayork-CD.jpg\",\"contentUrl\":\"https:\/\/www.verdieditions.com\/cd-pop-rock\/wp-content\/uploads\/2021\/02\/nougaro-nougayork-CD.jpg\",\"width\":800,\"height\":532,\"caption\":\"nougaro-nougayork-CD\"},{\"@type\":\"BreadcrumbList\",\"@id\":\"https:\/\/www.verdieditions.com\/cd-pop-rock\/produit\/nougaro-nougayork\/#breadcrumb\",\"itemListElement\":[{\"@type\":\"ListItem\",\"position\":1,\"name\":\"Accueil\",\"item\":\"https:\/\/www.verdieditions.com\/cd-pop-rock\/\"},{\"@type\":\"ListItem\",\"position\":2,\"name\":\"La Boutique\",\"item\":\"https:\/\/www.verdieditions.com\/cd-pop-rock\/boutique\/\"},{\"@type\":\"ListItem\",\"position\":3,\"name\":\"CLAUDE NOUGARO &#8211; Nougayork &#8211; CD\"}]},{\"@type\":\"WebSite\",\"@id\":\"https:\/\/www.verdieditions.com\/cd-pop-rock\/#website\",\"url\":\"https:\/\/www.verdieditions.com\/cd-pop-rock\/\",\"name\":\"CD Pop Rock\",\"description\":\"CD, K7, Vinyles, VHS et DVD de Musique Pop et Rock vintage\",\"publisher\":{\"@id\":\"https:\/\/www.verdieditions.com\/cd-pop-rock\/#\/schema\/person\/3a9da867add08338474907117bf9668a\"},\"potentialAction\":[{\"@type\":\"SearchAction\",\"target\":{\"@type\":\"EntryPoint\",\"urlTemplate\":\"https:\/\/www.verdieditions.com\/cd-pop-rock\/?s={search_term_string}\"},\"query-input\":{\"@type\":\"PropertyValueSpecification\",\"valueRequired\":true,\"valueName\":\"search_term_string\"}}],\"inLanguage\":\"fr-FR\"},{\"@type\":[\"Person\",\"Organization\"],\"@id\":\"https:\/\/www.verdieditions.com\/cd-pop-rock\/#\/schema\/person\/3a9da867add08338474907117bf9668a\",\"name\":\"Sylvie VERDI\",\"image\":{\"@type\":\"ImageObject\",\"inLanguage\":\"fr-FR\",\"@id\":\"https:\/\/www.verdieditions.com\/cd-pop-rock\/#\/schema\/person\/image\/\",\"url\":\"https:\/\/www.verdieditions.com\/cd-pop-rock\/wp-content\/uploads\/2021\/01\/cropped-favicon-cd-pop-rock-vinyle-32x32-1.png\",\"contentUrl\":\"https:\/\/www.verdieditions.com\/cd-pop-rock\/wp-content\/uploads\/2021\/01\/cropped-favicon-cd-pop-rock-vinyle-32x32-1.png\",\"width\":512,\"height\":512,\"caption\":\"Sylvie VERDI\"},\"logo\":{\"@id\":\"https:\/\/www.verdieditions.com\/cd-pop-rock\/#\/schema\/person\/image\/\"},\"sameAs\":[\"https:\/\/www.verdieditions.com\/cd-pop-rock\",\"https:\/\/www.facebook.com\/CD-Pop-Rock-107168374818139\"]}]}<\/script>\n<!-- \/ Yoast SEO plugin. -->","yoast_head_json":{"title":"CLAUDE NOUGARO - Nougayork - CD - CD Pop Rock","description":"CLAUDE NOUGARO - Nougayork - 1987, \u00e9d originale - Chanson fran\u00e7aise, pop rock, jazz fusion, synthpop - Prod : Lanaro, Santa Maria... - WEA","robots":{"index":"index","follow":"follow","max-snippet":"max-snippet:-1","max-image-preview":"max-image-preview:large","max-video-preview":"max-video-preview:-1"},"canonical":"https:\/\/www.verdieditions.com\/cd-pop-rock\/produit\/nougaro-nougayork\/","og_locale":"fr_FR","og_type":"article","og_title":"CLAUDE NOUGARO - Nougayork - CD - CD Pop Rock","og_description":"CLAUDE NOUGARO - Nougayork - 1987, \u00e9d originale - Chanson fran\u00e7aise, pop rock, jazz fusion, synthpop - Prod : Lanaro, Santa Maria... - WEA","og_url":"https:\/\/www.verdieditions.com\/cd-pop-rock\/produit\/nougaro-nougayork\/","og_site_name":"CD Pop Rock","article_publisher":"https:\/\/www.facebook.com\/CD-Pop-Rock-107168374818139","article_modified_time":"2023-02-20T13:04:00+00:00","og_image":[{"width":800,"height":532,"url":"https:\/\/www.verdieditions.com\/cd-pop-rock\/wp-content\/uploads\/2021\/02\/nougaro-nougayork-CD.jpg","type":"image\/jpeg"}],"twitter_card":"summary_large_image","twitter_misc":{"Dur\u00e9e de lecture estim\u00e9e":"1 minute"},"schema":{"@context":"https:\/\/schema.org","@graph":[{"@type":"WebPage","@id":"https:\/\/www.verdieditions.com\/cd-pop-rock\/produit\/nougaro-nougayork\/","url":"https:\/\/www.verdieditions.com\/cd-pop-rock\/produit\/nougaro-nougayork\/","name":"CLAUDE NOUGARO - Nougayork - CD - CD Pop Rock","isPartOf":{"@id":"https:\/\/www.verdieditions.com\/cd-pop-rock\/#website"},"primaryImageOfPage":{"@id":"https:\/\/www.verdieditions.com\/cd-pop-rock\/produit\/nougaro-nougayork\/#primaryimage"},"image":{"@id":"https:\/\/www.verdieditions.com\/cd-pop-rock\/produit\/nougaro-nougayork\/#primaryimage"},"thumbnailUrl":"https:\/\/www.verdieditions.com\/cd-pop-rock\/wp-content\/uploads\/2021\/02\/nougaro-nougayork-CD.jpg","datePublished":"2021-02-11T12:14:37+00:00","dateModified":"2023-02-20T13:04:00+00:00","description":"CLAUDE NOUGARO - Nougayork - 1987, \u00e9d originale - Chanson fran\u00e7aise, pop rock, jazz fusion, synthpop - Prod : Lanaro, Santa Maria... - WEA","breadcrumb":{"@id":"https:\/\/www.verdieditions.com\/cd-pop-rock\/produit\/nougaro-nougayork\/#breadcrumb"},"inLanguage":"fr-FR","potentialAction":[{"@type":"ReadAction","target":["https:\/\/www.verdieditions.com\/cd-pop-rock\/produit\/nougaro-nougayork\/"]}]},{"@type":"ImageObject","inLanguage":"fr-FR","@id":"https:\/\/www.verdieditions.com\/cd-pop-rock\/produit\/nougaro-nougayork\/#primaryimage","url":"https:\/\/www.verdieditions.com\/cd-pop-rock\/wp-content\/uploads\/2021\/02\/nougaro-nougayork-CD.jpg","contentUrl":"https:\/\/www.verdieditions.com\/cd-pop-rock\/wp-content\/uploads\/2021\/02\/nougaro-nougayork-CD.jpg","width":800,"height":532,"caption":"nougaro-nougayork-CD"},{"@type":"BreadcrumbList","@id":"https:\/\/www.verdieditions.com\/cd-pop-rock\/produit\/nougaro-nougayork\/#breadcrumb","itemListElement":[{"@type":"ListItem","position":1,"name":"Accueil","item":"https:\/\/www.verdieditions.com\/cd-pop-rock\/"},{"@type":"ListItem","position":2,"name":"La Boutique","item":"https:\/\/www.verdieditions.com\/cd-pop-rock\/boutique\/"},{"@type":"ListItem","position":3,"name":"CLAUDE NOUGARO &#8211; Nougayork &#8211; CD"}]},{"@type":"WebSite","@id":"https:\/\/www.verdieditions.com\/cd-pop-rock\/#website","url":"https:\/\/www.verdieditions.com\/cd-pop-rock\/","name":"CD Pop Rock","description":"CD, K7, Vinyles, VHS et DVD de Musique Pop et Rock vintage","publisher":{"@id":"https:\/\/www.verdieditions.com\/cd-pop-rock\/#\/schema\/person\/3a9da867add08338474907117bf9668a"},"potentialAction":[{"@type":"SearchAction","target":{"@type":"EntryPoint","urlTemplate":"https:\/\/www.verdieditions.com\/cd-pop-rock\/?s={search_term_string}"},"query-input":{"@type":"PropertyValueSpecification","valueRequired":true,"valueName":"search_term_string"}}],"inLanguage":"fr-FR"},{"@type":["Person","Organization"],"@id":"https:\/\/www.verdieditions.com\/cd-pop-rock\/#\/schema\/person\/3a9da867add08338474907117bf9668a","name":"Sylvie VERDI","image":{"@type":"ImageObject","inLanguage":"fr-FR","@id":"https:\/\/www.verdieditions.com\/cd-pop-rock\/#\/schema\/person\/image\/","url":"https:\/\/www.verdieditions.com\/cd-pop-rock\/wp-content\/uploads\/2021\/01\/cropped-favicon-cd-pop-rock-vinyle-32x32-1.png","contentUrl":"https:\/\/www.verdieditions.com\/cd-pop-rock\/wp-content\/uploads\/2021\/01\/cropped-favicon-cd-pop-rock-vinyle-32x32-1.png","width":512,"height":512,"caption":"Sylvie VERDI"},"logo":{"@id":"https:\/\/www.verdieditions.com\/cd-pop-rock\/#\/schema\/person\/image\/"},"sameAs":["https:\/\/www.verdieditions.com\/cd-pop-rock","https:\/\/www.facebook.com\/CD-Pop-Rock-107168374818139"]}]}},"_links":{"self":[{"href":"https:\/\/www.verdieditions.com\/cd-pop-rock\/wp-json\/wp\/v2\/product\/1380","targetHints":{"allow":["GET"]}}],"collection":[{"href":"https:\/\/www.verdieditions.com\/cd-pop-rock\/wp-json\/wp\/v2\/product"}],"about":[{"href":"https:\/\/www.verdieditions.com\/cd-pop-rock\/wp-json\/wp\/v2\/types\/product"}],"wp:featuredmedia":[{"embeddable":true,"href":"https:\/\/www.verdieditions.com\/cd-pop-rock\/wp-json\/wp\/v2\/media\/2025"}],"wp:attachment":[{"href":"https:\/\/www.verdieditions.com\/cd-pop-rock\/wp-json\/wp\/v2\/media?parent=1380"}],"wp:term":[{"taxonomy":"product_brand","embeddable":true,"href":"https:\/\/www.verdieditions.com\/cd-pop-rock\/wp-json\/wp\/v2\/product_brand?post=1380"},{"taxonomy":"product_cat","embeddable":true,"href":"https:\/\/www.verdieditions.com\/cd-pop-rock\/wp-json\/wp\/v2\/product_cat?post=1380"},{"taxonomy":"product_tag","embeddable":true,"href":"https:\/\/www.verdieditions.com\/cd-pop-rock\/wp-json\/wp\/v2\/product_tag?post=1380"}],"curies":[{"name":"wp","href":"https:\/\/api.w.org\/{rel}","templated":true}]}}