{"id":1350,"date":"2021-02-09T13:45:56","date_gmt":"2021-02-09T12:45:56","guid":{"rendered":"https:\/\/www.verdieditions.com\/cd-pop-rock\/?post_type=product&#038;p=1350"},"modified":"2021-04-15T10:37:11","modified_gmt":"2021-04-15T08:37:11","slug":"will-smith-big-willie-style","status":"publish","type":"product","link":"https:\/\/www.verdieditions.com\/cd-pop-rock\/produit\/will-smith-big-willie-style\/","title":{"rendered":"WILL SMITH &#8211; Big Willie Style &#8211; CD"},"content":{"rendered":"<p>Artiste : WILL SMITH<br \/>\nTitre : Big Willie Style<br \/>\nAnn\u00e9e : 1997, \u00e9dition originale<br \/>\nGenre : Pop-rap<br \/>\nProducteur : Trackmasters, L.E.S., Jeff Townes, Andreo Heard<br \/>\nLabel : Columbia, Sony Music  <\/p>\n<p>1.\tIntro<br \/>\n2.\tY&rsquo;All Know<br \/>\n3.\tGettin&rsquo; Jiggy wit It<br \/>\n4.\tCandy (featuring Larry Blackmon)<br \/>\n5.\tChasing Forever<br \/>\n6.\tKeith B-Real I (Interlude)<br \/>\n7.\tDon&rsquo;t Say Nothin&rsquo;<br \/>\n8.\tMiami<br \/>\n9.\tYes Yes Y&rsquo;All (featuring Camp Lo)<br \/>\n10.\tI Loved You<br \/>\n11.\tKeith B-Real II (Interlude)<br \/>\n12.\tIt&rsquo;s All Good<br \/>\n13.\tJust the Two of Us<br \/>\n14.\tKeith B-Real III (Interlude)<br \/>\n15.\tBig Willie Style (featuring Left Eye)<br \/>\n16.\tMen in Black (featuring Coko)<br \/>\nTitre bonus<br \/>\n17.\tJust Cruisin&rsquo;<\/p>\n<p>Cr\u00e9dits des extrais sampl\u00e9s :<\/p>\n<p>&#8211; \u00ab\u00a0Gettin&rsquo; Jiggy wit It\u00a0\u00bb contient un extrait de \u00ab\u00a0He&rsquo;s the Greatest Dancer\u00a0\u00bb, \u00e9crit par Bernard Edwards et Nile Rodgers et interpr\u00e9t\u00e9 par Sister Sledge ; un extrait de \u00ab\u00a0Sang and Dance\u00a0\u00bb, \u00e9crit par David Porter et interpr\u00e9t\u00e9 par The Bar-Kays ; et contient une interpolation de \u00ab\u00a0Love Rap\u00a0\u00bb, \u00e9crit par Joe Robinson et interpr\u00e9t\u00e9 par Spoonie Gee<\/p>\n<p>&#8211; \u00ab\u00a0Candy\u00a0\u00bb contient un extrait de \u00ab\u00a0the same name\u00a0\u00bb, \u00e9crit par Larry Blackmon et Tomi Jenkins, et interpr\u00e9t\u00e9 par Cameo<\/p>\n<p>&#8211; \u00ab\u00a0Chasing Forever\u00a0\u00bb contient un \u00e9chantillon de \u00ab\u00a0Ribbon in the Sky\u00a0\u00bb, \u00e9crit et interpr\u00e9t\u00e9 par Stevie Wonder<\/p>\n<p>&#8211; \u00ab\u00a0Miami\u00a0\u00bb contient un extrait de \u00ab\u00a0And the Beat Goes On\u00a0\u00bb, \u00e9crit par William Shelby, Stephen Shockley et Leon Sylvers III, et interpr\u00e9t\u00e9 par The Whispers<\/p>\n<p>&#8211; \u00ab\u00a0Yes Yes Y&rsquo;all\u00a0\u00bb contient un \u00e9chantillon de \u00ab\u00a0Here We Go Again\u00a0\u00bb, \u00e9crit par Ronald Isley, Rudolph Isley, O&rsquo;Kelly Isley, Jr, Ernie Isley, Marvin Isley et Chris Jasper, et interpr\u00e9t\u00e9 par The Isley Brothers ; et contient une interpolation de \u00ab\u00a0All Around the World\u00a0\u00bb, \u00e9crit par Lisa Stansfield, Ian Devaney et Andy Morris, et interpr\u00e9t\u00e9 par Stansfield ; et \u00ab\u00a0Yearning for Your Love\u00a0\u00bb, \u00e9crit par Oliver Scott et Ronnie Wilson, et interpr\u00e9t\u00e9 par The Gap Band ; et \u00ab\u00a0Love Rap\u00a0\u00bb, \u00e9crit par Joe Robinson et interpr\u00e9t\u00e9 par Spoonie Gee<\/p>\n<p>&#8211; \u00ab\u00a0I Loved You\u00a0\u00bb contient un extrait de \u00ab\u00a0Upon This Rock\u00a0\u00bb, \u00e9crit et interpr\u00e9t\u00e9 par Joe Farrell<\/p>\n<p>&#8211; \u00ab\u00a0It&rsquo;s All Good\u00a0\u00bb contient un \u00e9chantillon de \u00ab\u00a0Good Times\u00a0\u00bb, \u00e9crit par Bernard Edwards et Nile Rodgers, et interpr\u00e9t\u00e9 par Chic ; et contient une interpolation de \u00ab\u00a0Celebration\u00a0\u00bb, \u00e9crit par Robert \u00ab\u00a0Kool\u00a0\u00bb Bell, Ronald Bell, James Taylor, Claydes Charles Smith, George \u00ab\u00a0Funky\u00a0\u00bb Brown, Robert Mickens, Earl Toon, Dennis \u00ab\u00a0D.T.\u00a0\u00bb. Thomas et Eumir Deodato, et interpr\u00e9t\u00e9e par Kool &#038; the Gang<\/p>\n<p>&#8211; \u00ab\u00a0Big Willie Style\u00a0\u00bb contient un \u00e9chantillon de \u00ab\u00a0Something Special\u00a0\u00bb, \u00e9crit par Maurice White, Wayne Vaughn et Wanda Vaughn, et interpr\u00e9t\u00e9 par Earth, Wind &#038; Fire<\/p>\n<p>&#8211; \u00ab\u00a0Men in Black\u00a0\u00bb contient un extrait de \u00ab\u00a0Forget Me Nots\u00a0\u00bb, \u00e9crit par Patrice Rushen, Terry McFadden et Fred Washington, et interpr\u00e9t\u00e9 par Rushen<\/p>\n<p>&#8211; \u00ab\u00a0Just Cruisin'\u00a0\u00bb contient un extrait de \u00ab\u00a0Don&rsquo;t Take It Personal\u00a0\u00bb, \u00e9crit par David Townsend, Derrick Culler et David Conley, et interpr\u00e9t\u00e9 par Jermaine Jackson<\/p>\n<p>Traduit avec www.DeepL.com\/Translator (version gratuite)<\/p>\n","protected":false},"excerpt":{"rendered":"<p>Artiste : WILL SMITH<br \/>\nTitre : Big Willie Style<br \/>\nAnn\u00e9e : 1997, \u00e9dition originale<br \/>\nGenre : Pop-rap<br \/>\nProducteur : Trackmasters, L.E.S., Jeff Townes, Andreo Heard<br \/>\nLabel : Columbia, Sony Music<\/p>\n","protected":false},"featured_media":2124,"template":"","meta":[],"product_brand":[],"product_cat":[71],"product_tag":[83,141],"class_list":{"0":"post-1350","1":"product","2":"type-product","3":"status-publish","4":"has-post-thumbnail","6":"product_cat-cd","7":"product_tag-pop","8":"product_tag-rap","10":"first","11":"instock","12":"shipping-taxable","13":"product-type-simple"},"yoast_head":"<!-- This site is optimized with the Yoast SEO plugin v27.0 - https:\/\/yoast.com\/product\/yoast-seo-wordpress\/ -->\n<title>WILL SMITH - Big Willie Style - CD - CD Pop Rock<\/title>\n<meta name=\"description\" content=\"WILL SMITH - Titre : Big Willie Style - 1997, \u00e9dition originale - Genre : Pop-rap - Label : Columbia, Sony Music\" \/>\n<meta name=\"robots\" content=\"index, follow, max-snippet:-1, max-image-preview:large, max-video-preview:-1\" \/>\n<link rel=\"canonical\" href=\"https:\/\/www.verdieditions.com\/cd-pop-rock\/produit\/will-smith-big-willie-style\/\" \/>\n<meta property=\"og:locale\" content=\"fr_FR\" \/>\n<meta property=\"og:type\" content=\"article\" \/>\n<meta property=\"og:title\" content=\"WILL SMITH - Big Willie Style - CD - CD Pop Rock\" \/>\n<meta property=\"og:description\" content=\"WILL SMITH - Titre : Big Willie Style - 1997, \u00e9dition originale - Genre : Pop-rap - Label : Columbia, Sony Music\" \/>\n<meta property=\"og:url\" content=\"https:\/\/www.verdieditions.com\/cd-pop-rock\/produit\/will-smith-big-willie-style\/\" \/>\n<meta property=\"og:site_name\" content=\"CD Pop Rock\" \/>\n<meta property=\"article:publisher\" content=\"https:\/\/www.facebook.com\/CD-Pop-Rock-107168374818139\" \/>\n<meta property=\"article:modified_time\" content=\"2021-04-15T08:37:11+00:00\" \/>\n<meta property=\"og:image\" content=\"https:\/\/www.verdieditions.com\/cd-pop-rock\/wp-content\/uploads\/2021\/02\/will-smith-big-willie-style-CD.jpg\" \/>\n\t<meta property=\"og:image:width\" content=\"800\" \/>\n\t<meta property=\"og:image:height\" content=\"532\" \/>\n\t<meta property=\"og:image:type\" content=\"image\/jpeg\" \/>\n<meta name=\"twitter:card\" content=\"summary_large_image\" \/>\n<meta name=\"twitter:label1\" content=\"Dur\u00e9e de lecture estim\u00e9e\" \/>\n\t<meta name=\"twitter:data1\" content=\"2 minutes\" \/>\n<script type=\"application\/ld+json\" class=\"yoast-schema-graph\">{\"@context\":\"https:\/\/schema.org\",\"@graph\":[{\"@type\":\"WebPage\",\"@id\":\"https:\/\/www.verdieditions.com\/cd-pop-rock\/produit\/will-smith-big-willie-style\/\",\"url\":\"https:\/\/www.verdieditions.com\/cd-pop-rock\/produit\/will-smith-big-willie-style\/\",\"name\":\"WILL SMITH - Big Willie Style - CD - CD Pop Rock\",\"isPartOf\":{\"@id\":\"https:\/\/www.verdieditions.com\/cd-pop-rock\/#website\"},\"primaryImageOfPage\":{\"@id\":\"https:\/\/www.verdieditions.com\/cd-pop-rock\/produit\/will-smith-big-willie-style\/#primaryimage\"},\"image\":{\"@id\":\"https:\/\/www.verdieditions.com\/cd-pop-rock\/produit\/will-smith-big-willie-style\/#primaryimage\"},\"thumbnailUrl\":\"https:\/\/www.verdieditions.com\/cd-pop-rock\/wp-content\/uploads\/2021\/02\/will-smith-big-willie-style-CD.jpg\",\"datePublished\":\"2021-02-09T12:45:56+00:00\",\"dateModified\":\"2021-04-15T08:37:11+00:00\",\"description\":\"WILL SMITH - Titre : Big Willie Style - 1997, \u00e9dition originale - Genre : Pop-rap - Label : Columbia, Sony Music\",\"breadcrumb\":{\"@id\":\"https:\/\/www.verdieditions.com\/cd-pop-rock\/produit\/will-smith-big-willie-style\/#breadcrumb\"},\"inLanguage\":\"fr-FR\",\"potentialAction\":[{\"@type\":\"ReadAction\",\"target\":[\"https:\/\/www.verdieditions.com\/cd-pop-rock\/produit\/will-smith-big-willie-style\/\"]}]},{\"@type\":\"ImageObject\",\"inLanguage\":\"fr-FR\",\"@id\":\"https:\/\/www.verdieditions.com\/cd-pop-rock\/produit\/will-smith-big-willie-style\/#primaryimage\",\"url\":\"https:\/\/www.verdieditions.com\/cd-pop-rock\/wp-content\/uploads\/2021\/02\/will-smith-big-willie-style-CD.jpg\",\"contentUrl\":\"https:\/\/www.verdieditions.com\/cd-pop-rock\/wp-content\/uploads\/2021\/02\/will-smith-big-willie-style-CD.jpg\",\"width\":800,\"height\":532,\"caption\":\"will-smith-big-willie-style-CD\"},{\"@type\":\"BreadcrumbList\",\"@id\":\"https:\/\/www.verdieditions.com\/cd-pop-rock\/produit\/will-smith-big-willie-style\/#breadcrumb\",\"itemListElement\":[{\"@type\":\"ListItem\",\"position\":1,\"name\":\"Accueil\",\"item\":\"https:\/\/www.verdieditions.com\/cd-pop-rock\/\"},{\"@type\":\"ListItem\",\"position\":2,\"name\":\"La Boutique\",\"item\":\"https:\/\/www.verdieditions.com\/cd-pop-rock\/boutique\/\"},{\"@type\":\"ListItem\",\"position\":3,\"name\":\"WILL SMITH &#8211; Big Willie Style &#8211; CD\"}]},{\"@type\":\"WebSite\",\"@id\":\"https:\/\/www.verdieditions.com\/cd-pop-rock\/#website\",\"url\":\"https:\/\/www.verdieditions.com\/cd-pop-rock\/\",\"name\":\"CD Pop Rock\",\"description\":\"CD, K7, Vinyles, VHS et DVD de Musique Pop et Rock vintage\",\"publisher\":{\"@id\":\"https:\/\/www.verdieditions.com\/cd-pop-rock\/#\/schema\/person\/3a9da867add08338474907117bf9668a\"},\"potentialAction\":[{\"@type\":\"SearchAction\",\"target\":{\"@type\":\"EntryPoint\",\"urlTemplate\":\"https:\/\/www.verdieditions.com\/cd-pop-rock\/?s={search_term_string}\"},\"query-input\":{\"@type\":\"PropertyValueSpecification\",\"valueRequired\":true,\"valueName\":\"search_term_string\"}}],\"inLanguage\":\"fr-FR\"},{\"@type\":[\"Person\",\"Organization\"],\"@id\":\"https:\/\/www.verdieditions.com\/cd-pop-rock\/#\/schema\/person\/3a9da867add08338474907117bf9668a\",\"name\":\"Sylvie VERDI\",\"image\":{\"@type\":\"ImageObject\",\"inLanguage\":\"fr-FR\",\"@id\":\"https:\/\/www.verdieditions.com\/cd-pop-rock\/#\/schema\/person\/image\/\",\"url\":\"https:\/\/www.verdieditions.com\/cd-pop-rock\/wp-content\/uploads\/2021\/01\/cropped-favicon-cd-pop-rock-vinyle-32x32-1.png\",\"contentUrl\":\"https:\/\/www.verdieditions.com\/cd-pop-rock\/wp-content\/uploads\/2021\/01\/cropped-favicon-cd-pop-rock-vinyle-32x32-1.png\",\"width\":512,\"height\":512,\"caption\":\"Sylvie VERDI\"},\"logo\":{\"@id\":\"https:\/\/www.verdieditions.com\/cd-pop-rock\/#\/schema\/person\/image\/\"},\"sameAs\":[\"https:\/\/www.verdieditions.com\/cd-pop-rock\",\"https:\/\/www.facebook.com\/CD-Pop-Rock-107168374818139\"]}]}<\/script>\n<!-- \/ Yoast SEO plugin. -->","yoast_head_json":{"title":"WILL SMITH - Big Willie Style - CD - CD Pop Rock","description":"WILL SMITH - Titre : Big Willie Style - 1997, \u00e9dition originale - Genre : Pop-rap - Label : Columbia, Sony Music","robots":{"index":"index","follow":"follow","max-snippet":"max-snippet:-1","max-image-preview":"max-image-preview:large","max-video-preview":"max-video-preview:-1"},"canonical":"https:\/\/www.verdieditions.com\/cd-pop-rock\/produit\/will-smith-big-willie-style\/","og_locale":"fr_FR","og_type":"article","og_title":"WILL SMITH - Big Willie Style - CD - CD Pop Rock","og_description":"WILL SMITH - Titre : Big Willie Style - 1997, \u00e9dition originale - Genre : Pop-rap - Label : Columbia, Sony Music","og_url":"https:\/\/www.verdieditions.com\/cd-pop-rock\/produit\/will-smith-big-willie-style\/","og_site_name":"CD Pop Rock","article_publisher":"https:\/\/www.facebook.com\/CD-Pop-Rock-107168374818139","article_modified_time":"2021-04-15T08:37:11+00:00","og_image":[{"width":800,"height":532,"url":"https:\/\/www.verdieditions.com\/cd-pop-rock\/wp-content\/uploads\/2021\/02\/will-smith-big-willie-style-CD.jpg","type":"image\/jpeg"}],"twitter_card":"summary_large_image","twitter_misc":{"Dur\u00e9e de lecture estim\u00e9e":"2 minutes"},"schema":{"@context":"https:\/\/schema.org","@graph":[{"@type":"WebPage","@id":"https:\/\/www.verdieditions.com\/cd-pop-rock\/produit\/will-smith-big-willie-style\/","url":"https:\/\/www.verdieditions.com\/cd-pop-rock\/produit\/will-smith-big-willie-style\/","name":"WILL SMITH - Big Willie Style - CD - CD Pop Rock","isPartOf":{"@id":"https:\/\/www.verdieditions.com\/cd-pop-rock\/#website"},"primaryImageOfPage":{"@id":"https:\/\/www.verdieditions.com\/cd-pop-rock\/produit\/will-smith-big-willie-style\/#primaryimage"},"image":{"@id":"https:\/\/www.verdieditions.com\/cd-pop-rock\/produit\/will-smith-big-willie-style\/#primaryimage"},"thumbnailUrl":"https:\/\/www.verdieditions.com\/cd-pop-rock\/wp-content\/uploads\/2021\/02\/will-smith-big-willie-style-CD.jpg","datePublished":"2021-02-09T12:45:56+00:00","dateModified":"2021-04-15T08:37:11+00:00","description":"WILL SMITH - Titre : Big Willie Style - 1997, \u00e9dition originale - Genre : Pop-rap - Label : Columbia, Sony Music","breadcrumb":{"@id":"https:\/\/www.verdieditions.com\/cd-pop-rock\/produit\/will-smith-big-willie-style\/#breadcrumb"},"inLanguage":"fr-FR","potentialAction":[{"@type":"ReadAction","target":["https:\/\/www.verdieditions.com\/cd-pop-rock\/produit\/will-smith-big-willie-style\/"]}]},{"@type":"ImageObject","inLanguage":"fr-FR","@id":"https:\/\/www.verdieditions.com\/cd-pop-rock\/produit\/will-smith-big-willie-style\/#primaryimage","url":"https:\/\/www.verdieditions.com\/cd-pop-rock\/wp-content\/uploads\/2021\/02\/will-smith-big-willie-style-CD.jpg","contentUrl":"https:\/\/www.verdieditions.com\/cd-pop-rock\/wp-content\/uploads\/2021\/02\/will-smith-big-willie-style-CD.jpg","width":800,"height":532,"caption":"will-smith-big-willie-style-CD"},{"@type":"BreadcrumbList","@id":"https:\/\/www.verdieditions.com\/cd-pop-rock\/produit\/will-smith-big-willie-style\/#breadcrumb","itemListElement":[{"@type":"ListItem","position":1,"name":"Accueil","item":"https:\/\/www.verdieditions.com\/cd-pop-rock\/"},{"@type":"ListItem","position":2,"name":"La Boutique","item":"https:\/\/www.verdieditions.com\/cd-pop-rock\/boutique\/"},{"@type":"ListItem","position":3,"name":"WILL SMITH &#8211; Big Willie Style &#8211; CD"}]},{"@type":"WebSite","@id":"https:\/\/www.verdieditions.com\/cd-pop-rock\/#website","url":"https:\/\/www.verdieditions.com\/cd-pop-rock\/","name":"CD Pop Rock","description":"CD, K7, Vinyles, VHS et DVD de Musique Pop et Rock vintage","publisher":{"@id":"https:\/\/www.verdieditions.com\/cd-pop-rock\/#\/schema\/person\/3a9da867add08338474907117bf9668a"},"potentialAction":[{"@type":"SearchAction","target":{"@type":"EntryPoint","urlTemplate":"https:\/\/www.verdieditions.com\/cd-pop-rock\/?s={search_term_string}"},"query-input":{"@type":"PropertyValueSpecification","valueRequired":true,"valueName":"search_term_string"}}],"inLanguage":"fr-FR"},{"@type":["Person","Organization"],"@id":"https:\/\/www.verdieditions.com\/cd-pop-rock\/#\/schema\/person\/3a9da867add08338474907117bf9668a","name":"Sylvie VERDI","image":{"@type":"ImageObject","inLanguage":"fr-FR","@id":"https:\/\/www.verdieditions.com\/cd-pop-rock\/#\/schema\/person\/image\/","url":"https:\/\/www.verdieditions.com\/cd-pop-rock\/wp-content\/uploads\/2021\/01\/cropped-favicon-cd-pop-rock-vinyle-32x32-1.png","contentUrl":"https:\/\/www.verdieditions.com\/cd-pop-rock\/wp-content\/uploads\/2021\/01\/cropped-favicon-cd-pop-rock-vinyle-32x32-1.png","width":512,"height":512,"caption":"Sylvie VERDI"},"logo":{"@id":"https:\/\/www.verdieditions.com\/cd-pop-rock\/#\/schema\/person\/image\/"},"sameAs":["https:\/\/www.verdieditions.com\/cd-pop-rock","https:\/\/www.facebook.com\/CD-Pop-Rock-107168374818139"]}]}},"_links":{"self":[{"href":"https:\/\/www.verdieditions.com\/cd-pop-rock\/wp-json\/wp\/v2\/product\/1350","targetHints":{"allow":["GET"]}}],"collection":[{"href":"https:\/\/www.verdieditions.com\/cd-pop-rock\/wp-json\/wp\/v2\/product"}],"about":[{"href":"https:\/\/www.verdieditions.com\/cd-pop-rock\/wp-json\/wp\/v2\/types\/product"}],"wp:featuredmedia":[{"embeddable":true,"href":"https:\/\/www.verdieditions.com\/cd-pop-rock\/wp-json\/wp\/v2\/media\/2124"}],"wp:attachment":[{"href":"https:\/\/www.verdieditions.com\/cd-pop-rock\/wp-json\/wp\/v2\/media?parent=1350"}],"wp:term":[{"taxonomy":"product_brand","embeddable":true,"href":"https:\/\/www.verdieditions.com\/cd-pop-rock\/wp-json\/wp\/v2\/product_brand?post=1350"},{"taxonomy":"product_cat","embeddable":true,"href":"https:\/\/www.verdieditions.com\/cd-pop-rock\/wp-json\/wp\/v2\/product_cat?post=1350"},{"taxonomy":"product_tag","embeddable":true,"href":"https:\/\/www.verdieditions.com\/cd-pop-rock\/wp-json\/wp\/v2\/product_tag?post=1350"}],"curies":[{"name":"wp","href":"https:\/\/api.w.org\/{rel}","templated":true}]}}