{"id":1334,"date":"2021-02-08T16:22:22","date_gmt":"2021-02-08T15:22:22","guid":{"rendered":"https:\/\/www.verdieditions.com\/cd-pop-rock\/?post_type=product&#038;p=1334"},"modified":"2023-11-03T20:01:58","modified_gmt":"2023-11-03T19:01:58","slug":"guesch-patti-labyrinthe","status":"publish","type":"product","link":"https:\/\/www.verdieditions.com\/cd-pop-rock\/produit\/guesch-patti-labyrinthe\/","title":{"rendered":"GUESCH PATTI &#8211; Labyrinthe &#8211; CD"},"content":{"rendered":"<p>Artiste : GUESCH PATTI<br \/>\nTitre : Labyrinthe<br \/>\nAnn\u00e9e : 1988, \u00e9dition originale<br \/>\nGenre : Rock, Pop, chanson fran\u00e7aise<br \/>\nProducteur : Jam&rsquo;Ba<br \/>\nLabel : EMI <\/p>\n<p>1. Let be must the queen (Guesch Patti \/ Vincent Bruley) 4:11<br \/>\n1. Triangle (Guesch Patti \/ Guesch Patti &#8211; Vincent Bruley &#8211; Jam&rsquo;Ba) 4:32<br \/>\n1. \u00c9tienne (Guesch Patti \/ Vincent Bruley) 4:07<br \/>\n1. Backstage d&rsquo;une star (Mimi Bastille) 1:54<br \/>\n1. Bon anniversaire (Guesch Patti \/ Jam&rsquo;Ba) 4:12<br \/>\n1. Faits divers (Guesch Patti \/ Jam&rsquo;Ba &#8211; Guesch Patti) 4:24<br \/>\n1. Roule&#8230; Tu dis (Guesch Patti \/ Christophe Rose &#8211; Jam&rsquo;Ba) 3:53<br \/>\n1. Culture (Guesch Patti \/ Christophe Rose) 3:55<br \/>\n1. Cul cul clan (Guesch Patti \/ Christophe Rose) 3:54<br \/>\n1. Manque un d\u00e9tail (Guesch Patti \/ Vincent Bruley) 3:37<br \/>\n1. Tout seul&#8230; (Pascale Geille \/ Christophe Rose) 4:24<br \/>\n1. C&rsquo;est pas assez (Pascale Geille \/ Christophe Rose) 4:20<br \/>\n1. Un espoir (Guesch Patti \/ Christophe Rose) 3:45 (dernier titre pr\u00e9sent uniquement sur les versions CD de l&rsquo;album)<\/p>\n","protected":false},"excerpt":{"rendered":"<p>Artiste : GUESCH PATTI<br \/>\nTitre : Labyrinthe<br \/>\nAnn\u00e9e : 1988, \u00e9dition originale<br \/>\nGenre : Rock, Pop, chanson fran\u00e7aise<br \/>\nProducteur : Jam&rsquo;Ba<br \/>\nLabel : EMI <\/p>\n","protected":false},"featured_media":1939,"template":"","meta":[],"product_brand":[],"product_cat":[71],"product_tag":[117,83,79],"class_list":{"0":"post-1334","1":"product","2":"type-product","3":"status-publish","4":"has-post-thumbnail","6":"product_cat-cd","7":"product_tag-chanson-francaise","8":"product_tag-pop","9":"product_tag-rock","11":"first","12":"outofstock","13":"shipping-taxable","14":"product-type-simple"},"yoast_head":"<!-- This site is optimized with the Yoast SEO plugin v27.0 - https:\/\/yoast.com\/product\/yoast-seo-wordpress\/ -->\n<title>GUESCH PATTI - Labyrinthe - CD - CD Pop Rock<\/title>\n<meta name=\"description\" content=\"Artiste : GUESCH PATTI Titre : LabyrintheAnn\u00e9e : 1988, \u00e9dition originale Genre : Rock, Pop, chanson fran\u00e7aiseProducteur : Jam&#039;Ba Label : EMI\" \/>\n<meta name=\"robots\" content=\"index, follow, max-snippet:-1, max-image-preview:large, max-video-preview:-1\" \/>\n<link rel=\"canonical\" href=\"https:\/\/www.verdieditions.com\/cd-pop-rock\/produit\/guesch-patti-labyrinthe\/\" \/>\n<meta property=\"og:locale\" content=\"fr_FR\" \/>\n<meta property=\"og:type\" content=\"article\" \/>\n<meta property=\"og:title\" content=\"GUESCH PATTI - Labyrinthe - CD - CD Pop Rock\" \/>\n<meta property=\"og:description\" content=\"Artiste : GUESCH PATTI Titre : LabyrintheAnn\u00e9e : 1988, \u00e9dition originale Genre : Rock, Pop, chanson fran\u00e7aiseProducteur : Jam&#039;Ba Label : EMI\" \/>\n<meta property=\"og:url\" content=\"https:\/\/www.verdieditions.com\/cd-pop-rock\/produit\/guesch-patti-labyrinthe\/\" \/>\n<meta property=\"og:site_name\" content=\"CD Pop Rock\" \/>\n<meta property=\"article:publisher\" content=\"https:\/\/www.facebook.com\/CD-Pop-Rock-107168374818139\" \/>\n<meta property=\"article:modified_time\" content=\"2023-11-03T19:01:58+00:00\" \/>\n<meta property=\"og:image\" content=\"https:\/\/www.verdieditions.com\/cd-pop-rock\/wp-content\/uploads\/2021\/02\/guesch-patti-labyrinthe-CD.jpg\" \/>\n\t<meta property=\"og:image:width\" content=\"800\" \/>\n\t<meta property=\"og:image:height\" content=\"532\" \/>\n\t<meta property=\"og:image:type\" content=\"image\/jpeg\" \/>\n<meta name=\"twitter:card\" content=\"summary_large_image\" \/>\n<meta name=\"twitter:label1\" content=\"Dur\u00e9e de lecture estim\u00e9e\" \/>\n\t<meta name=\"twitter:data1\" content=\"1 minute\" \/>\n<script type=\"application\/ld+json\" class=\"yoast-schema-graph\">{\"@context\":\"https:\/\/schema.org\",\"@graph\":[{\"@type\":\"WebPage\",\"@id\":\"https:\/\/www.verdieditions.com\/cd-pop-rock\/produit\/guesch-patti-labyrinthe\/\",\"url\":\"https:\/\/www.verdieditions.com\/cd-pop-rock\/produit\/guesch-patti-labyrinthe\/\",\"name\":\"GUESCH PATTI - Labyrinthe - CD - CD Pop Rock\",\"isPartOf\":{\"@id\":\"https:\/\/www.verdieditions.com\/cd-pop-rock\/#website\"},\"primaryImageOfPage\":{\"@id\":\"https:\/\/www.verdieditions.com\/cd-pop-rock\/produit\/guesch-patti-labyrinthe\/#primaryimage\"},\"image\":{\"@id\":\"https:\/\/www.verdieditions.com\/cd-pop-rock\/produit\/guesch-patti-labyrinthe\/#primaryimage\"},\"thumbnailUrl\":\"https:\/\/www.verdieditions.com\/cd-pop-rock\/wp-content\/uploads\/2021\/02\/guesch-patti-labyrinthe-CD.jpg\",\"datePublished\":\"2021-02-08T15:22:22+00:00\",\"dateModified\":\"2023-11-03T19:01:58+00:00\",\"description\":\"Artiste : GUESCH PATTI Titre : LabyrintheAnn\u00e9e : 1988, \u00e9dition originale Genre : Rock, Pop, chanson fran\u00e7aiseProducteur : Jam'Ba Label : EMI\",\"breadcrumb\":{\"@id\":\"https:\/\/www.verdieditions.com\/cd-pop-rock\/produit\/guesch-patti-labyrinthe\/#breadcrumb\"},\"inLanguage\":\"fr-FR\",\"potentialAction\":[{\"@type\":\"ReadAction\",\"target\":[\"https:\/\/www.verdieditions.com\/cd-pop-rock\/produit\/guesch-patti-labyrinthe\/\"]}]},{\"@type\":\"ImageObject\",\"inLanguage\":\"fr-FR\",\"@id\":\"https:\/\/www.verdieditions.com\/cd-pop-rock\/produit\/guesch-patti-labyrinthe\/#primaryimage\",\"url\":\"https:\/\/www.verdieditions.com\/cd-pop-rock\/wp-content\/uploads\/2021\/02\/guesch-patti-labyrinthe-CD.jpg\",\"contentUrl\":\"https:\/\/www.verdieditions.com\/cd-pop-rock\/wp-content\/uploads\/2021\/02\/guesch-patti-labyrinthe-CD.jpg\",\"width\":800,\"height\":532,\"caption\":\"guesch-patti-labyrinthe-CD\"},{\"@type\":\"BreadcrumbList\",\"@id\":\"https:\/\/www.verdieditions.com\/cd-pop-rock\/produit\/guesch-patti-labyrinthe\/#breadcrumb\",\"itemListElement\":[{\"@type\":\"ListItem\",\"position\":1,\"name\":\"Accueil\",\"item\":\"https:\/\/www.verdieditions.com\/cd-pop-rock\/\"},{\"@type\":\"ListItem\",\"position\":2,\"name\":\"La Boutique\",\"item\":\"https:\/\/www.verdieditions.com\/cd-pop-rock\/boutique\/\"},{\"@type\":\"ListItem\",\"position\":3,\"name\":\"GUESCH PATTI &#8211; Labyrinthe &#8211; CD\"}]},{\"@type\":\"WebSite\",\"@id\":\"https:\/\/www.verdieditions.com\/cd-pop-rock\/#website\",\"url\":\"https:\/\/www.verdieditions.com\/cd-pop-rock\/\",\"name\":\"CD Pop Rock\",\"description\":\"CD, K7, Vinyles, VHS et DVD de Musique Pop et Rock vintage\",\"publisher\":{\"@id\":\"https:\/\/www.verdieditions.com\/cd-pop-rock\/#\/schema\/person\/3a9da867add08338474907117bf9668a\"},\"potentialAction\":[{\"@type\":\"SearchAction\",\"target\":{\"@type\":\"EntryPoint\",\"urlTemplate\":\"https:\/\/www.verdieditions.com\/cd-pop-rock\/?s={search_term_string}\"},\"query-input\":{\"@type\":\"PropertyValueSpecification\",\"valueRequired\":true,\"valueName\":\"search_term_string\"}}],\"inLanguage\":\"fr-FR\"},{\"@type\":[\"Person\",\"Organization\"],\"@id\":\"https:\/\/www.verdieditions.com\/cd-pop-rock\/#\/schema\/person\/3a9da867add08338474907117bf9668a\",\"name\":\"Sylvie VERDI\",\"image\":{\"@type\":\"ImageObject\",\"inLanguage\":\"fr-FR\",\"@id\":\"https:\/\/www.verdieditions.com\/cd-pop-rock\/#\/schema\/person\/image\/\",\"url\":\"https:\/\/www.verdieditions.com\/cd-pop-rock\/wp-content\/uploads\/2021\/01\/cropped-favicon-cd-pop-rock-vinyle-32x32-1.png\",\"contentUrl\":\"https:\/\/www.verdieditions.com\/cd-pop-rock\/wp-content\/uploads\/2021\/01\/cropped-favicon-cd-pop-rock-vinyle-32x32-1.png\",\"width\":512,\"height\":512,\"caption\":\"Sylvie VERDI\"},\"logo\":{\"@id\":\"https:\/\/www.verdieditions.com\/cd-pop-rock\/#\/schema\/person\/image\/\"},\"sameAs\":[\"https:\/\/www.verdieditions.com\/cd-pop-rock\",\"https:\/\/www.facebook.com\/CD-Pop-Rock-107168374818139\"]}]}<\/script>\n<!-- \/ Yoast SEO plugin. -->","yoast_head_json":{"title":"GUESCH PATTI - Labyrinthe - CD - CD Pop Rock","description":"Artiste : GUESCH PATTI Titre : LabyrintheAnn\u00e9e : 1988, \u00e9dition originale Genre : Rock, Pop, chanson fran\u00e7aiseProducteur : Jam'Ba Label : EMI","robots":{"index":"index","follow":"follow","max-snippet":"max-snippet:-1","max-image-preview":"max-image-preview:large","max-video-preview":"max-video-preview:-1"},"canonical":"https:\/\/www.verdieditions.com\/cd-pop-rock\/produit\/guesch-patti-labyrinthe\/","og_locale":"fr_FR","og_type":"article","og_title":"GUESCH PATTI - Labyrinthe - CD - CD Pop Rock","og_description":"Artiste : GUESCH PATTI Titre : LabyrintheAnn\u00e9e : 1988, \u00e9dition originale Genre : Rock, Pop, chanson fran\u00e7aiseProducteur : Jam'Ba Label : EMI","og_url":"https:\/\/www.verdieditions.com\/cd-pop-rock\/produit\/guesch-patti-labyrinthe\/","og_site_name":"CD Pop Rock","article_publisher":"https:\/\/www.facebook.com\/CD-Pop-Rock-107168374818139","article_modified_time":"2023-11-03T19:01:58+00:00","og_image":[{"width":800,"height":532,"url":"https:\/\/www.verdieditions.com\/cd-pop-rock\/wp-content\/uploads\/2021\/02\/guesch-patti-labyrinthe-CD.jpg","type":"image\/jpeg"}],"twitter_card":"summary_large_image","twitter_misc":{"Dur\u00e9e de lecture estim\u00e9e":"1 minute"},"schema":{"@context":"https:\/\/schema.org","@graph":[{"@type":"WebPage","@id":"https:\/\/www.verdieditions.com\/cd-pop-rock\/produit\/guesch-patti-labyrinthe\/","url":"https:\/\/www.verdieditions.com\/cd-pop-rock\/produit\/guesch-patti-labyrinthe\/","name":"GUESCH PATTI - Labyrinthe - CD - CD Pop Rock","isPartOf":{"@id":"https:\/\/www.verdieditions.com\/cd-pop-rock\/#website"},"primaryImageOfPage":{"@id":"https:\/\/www.verdieditions.com\/cd-pop-rock\/produit\/guesch-patti-labyrinthe\/#primaryimage"},"image":{"@id":"https:\/\/www.verdieditions.com\/cd-pop-rock\/produit\/guesch-patti-labyrinthe\/#primaryimage"},"thumbnailUrl":"https:\/\/www.verdieditions.com\/cd-pop-rock\/wp-content\/uploads\/2021\/02\/guesch-patti-labyrinthe-CD.jpg","datePublished":"2021-02-08T15:22:22+00:00","dateModified":"2023-11-03T19:01:58+00:00","description":"Artiste : GUESCH PATTI Titre : LabyrintheAnn\u00e9e : 1988, \u00e9dition originale Genre : Rock, Pop, chanson fran\u00e7aiseProducteur : Jam'Ba Label : EMI","breadcrumb":{"@id":"https:\/\/www.verdieditions.com\/cd-pop-rock\/produit\/guesch-patti-labyrinthe\/#breadcrumb"},"inLanguage":"fr-FR","potentialAction":[{"@type":"ReadAction","target":["https:\/\/www.verdieditions.com\/cd-pop-rock\/produit\/guesch-patti-labyrinthe\/"]}]},{"@type":"ImageObject","inLanguage":"fr-FR","@id":"https:\/\/www.verdieditions.com\/cd-pop-rock\/produit\/guesch-patti-labyrinthe\/#primaryimage","url":"https:\/\/www.verdieditions.com\/cd-pop-rock\/wp-content\/uploads\/2021\/02\/guesch-patti-labyrinthe-CD.jpg","contentUrl":"https:\/\/www.verdieditions.com\/cd-pop-rock\/wp-content\/uploads\/2021\/02\/guesch-patti-labyrinthe-CD.jpg","width":800,"height":532,"caption":"guesch-patti-labyrinthe-CD"},{"@type":"BreadcrumbList","@id":"https:\/\/www.verdieditions.com\/cd-pop-rock\/produit\/guesch-patti-labyrinthe\/#breadcrumb","itemListElement":[{"@type":"ListItem","position":1,"name":"Accueil","item":"https:\/\/www.verdieditions.com\/cd-pop-rock\/"},{"@type":"ListItem","position":2,"name":"La Boutique","item":"https:\/\/www.verdieditions.com\/cd-pop-rock\/boutique\/"},{"@type":"ListItem","position":3,"name":"GUESCH PATTI &#8211; Labyrinthe &#8211; CD"}]},{"@type":"WebSite","@id":"https:\/\/www.verdieditions.com\/cd-pop-rock\/#website","url":"https:\/\/www.verdieditions.com\/cd-pop-rock\/","name":"CD Pop Rock","description":"CD, K7, Vinyles, VHS et DVD de Musique Pop et Rock vintage","publisher":{"@id":"https:\/\/www.verdieditions.com\/cd-pop-rock\/#\/schema\/person\/3a9da867add08338474907117bf9668a"},"potentialAction":[{"@type":"SearchAction","target":{"@type":"EntryPoint","urlTemplate":"https:\/\/www.verdieditions.com\/cd-pop-rock\/?s={search_term_string}"},"query-input":{"@type":"PropertyValueSpecification","valueRequired":true,"valueName":"search_term_string"}}],"inLanguage":"fr-FR"},{"@type":["Person","Organization"],"@id":"https:\/\/www.verdieditions.com\/cd-pop-rock\/#\/schema\/person\/3a9da867add08338474907117bf9668a","name":"Sylvie VERDI","image":{"@type":"ImageObject","inLanguage":"fr-FR","@id":"https:\/\/www.verdieditions.com\/cd-pop-rock\/#\/schema\/person\/image\/","url":"https:\/\/www.verdieditions.com\/cd-pop-rock\/wp-content\/uploads\/2021\/01\/cropped-favicon-cd-pop-rock-vinyle-32x32-1.png","contentUrl":"https:\/\/www.verdieditions.com\/cd-pop-rock\/wp-content\/uploads\/2021\/01\/cropped-favicon-cd-pop-rock-vinyle-32x32-1.png","width":512,"height":512,"caption":"Sylvie VERDI"},"logo":{"@id":"https:\/\/www.verdieditions.com\/cd-pop-rock\/#\/schema\/person\/image\/"},"sameAs":["https:\/\/www.verdieditions.com\/cd-pop-rock","https:\/\/www.facebook.com\/CD-Pop-Rock-107168374818139"]}]}},"_links":{"self":[{"href":"https:\/\/www.verdieditions.com\/cd-pop-rock\/wp-json\/wp\/v2\/product\/1334","targetHints":{"allow":["GET"]}}],"collection":[{"href":"https:\/\/www.verdieditions.com\/cd-pop-rock\/wp-json\/wp\/v2\/product"}],"about":[{"href":"https:\/\/www.verdieditions.com\/cd-pop-rock\/wp-json\/wp\/v2\/types\/product"}],"wp:featuredmedia":[{"embeddable":true,"href":"https:\/\/www.verdieditions.com\/cd-pop-rock\/wp-json\/wp\/v2\/media\/1939"}],"wp:attachment":[{"href":"https:\/\/www.verdieditions.com\/cd-pop-rock\/wp-json\/wp\/v2\/media?parent=1334"}],"wp:term":[{"taxonomy":"product_brand","embeddable":true,"href":"https:\/\/www.verdieditions.com\/cd-pop-rock\/wp-json\/wp\/v2\/product_brand?post=1334"},{"taxonomy":"product_cat","embeddable":true,"href":"https:\/\/www.verdieditions.com\/cd-pop-rock\/wp-json\/wp\/v2\/product_cat?post=1334"},{"taxonomy":"product_tag","embeddable":true,"href":"https:\/\/www.verdieditions.com\/cd-pop-rock\/wp-json\/wp\/v2\/product_tag?post=1334"}],"curies":[{"name":"wp","href":"https:\/\/api.w.org\/{rel}","templated":true}]}}