{"id":1324,"date":"2021-02-08T13:57:26","date_gmt":"2021-02-08T12:57:26","guid":{"rendered":"https:\/\/www.verdieditions.com\/cd-pop-rock\/?post_type=product&#038;p=1324"},"modified":"2021-04-15T10:37:15","modified_gmt":"2021-04-15T08:37:15","slug":"bodyguard-bo-film","status":"publish","type":"product","link":"https:\/\/www.verdieditions.com\/cd-pop-rock\/produit\/bodyguard-bo-film\/","title":{"rendered":"THE BODYGUARD &#8211; Bande Originale du Film &#8211; CD"},"content":{"rendered":"<p>Artiste : Whitney Houston, Lisa Stansfield, Joe Cocker&#8230;<br \/>\nTitre : THE BODYGUARD &#8211; Bande Originale du Film<br \/>\nAnn\u00e9e : 1992, \u00e9dition originale<br \/>\nGenre : Musique de film, Pop, dance, rhythm and blues<br \/>\nProducteur : Whitney Houston, Clive Davis<br \/>\nLabel : Capitol Records<\/p>\n<p>1.\tI Will Always Love You &#8211; Whitney Houston<br \/>\n2.\tI Have Nothing &#8211; Whitney Houston<br \/>\n3.\tI&rsquo;m Every Woman &#8211; Whitney Houston<br \/>\n4.\tRun to You &#8211; Whitney Houston<br \/>\n5.\tQueen Of The Night &#8211; Whitney Houston<br \/>\n6.\tJesus Loves Me &#8211; Whitney Houston<br \/>\n7.\tEven If My Heart Would Break &#8211; Kenny G<br \/>\n8.\tSomeday (I&rsquo;m Coming Back) &#8211; Lisa Stansfield<br \/>\n9.\tIt&rsquo;s Gonna Be A Lovely Day &#8211; The S.O.U.L. S.Y.S.T.E.M.<br \/>\n10.\t(What&rsquo;s So Funny &lsquo;Bout) Peace, Love And Understanding &#8211; Curtis Stigers<br \/>\n11.\tTheme from The Bodyguard &#8211; Alan Silvestri<br \/>\n12.\tTrust In Me &#8211; Joe Cocker, Sass Jordan<\/p>\n<p>The Bodyguard: Original Soundtrack Album est la bande originale du film Bodyguard sortie le 17 novembre 1992. Elle a remport\u00e9 en 1994 le Grammy Award de l&rsquo;album de l&rsquo;ann\u00e9e.<\/p>\n<p>L&rsquo;album s&rsquo;est \u00e9coul\u00e9 depuis sa sortie \u00e0 1 720 000 exemplaires en France, \u00e0 17 millions aux \u00c9tats-Unis et entre 44 et 45 millions \u00e0 travers le monde, ce qui en fait la bande originale la plus vendue et, par la m\u00eame occasion, un des albums les plus vendus au monde ainsi que l&rsquo;album le plus vendu de la d\u00e9cennie 19904. Les recettes g\u00e9n\u00e9r\u00e9es par l&rsquo;album ont d\u00e9pass\u00e9 celles du film qui a \u00e9galement \u00e9t\u00e9 un succ\u00e8s.<\/p>\n<p>L&rsquo;album comprend 12 titres interpr\u00e9t\u00e9s par plusieurs artistes, dont Kenny G ou encore Lisa Stansfield, mais il est surtout connu pour avoir consacr\u00e9 Whitney Houston (l&rsquo;h\u00e9ro\u00efne aux c\u00f4t\u00e9s de Kevin Costner dans le film) au rang de diva plan\u00e9taire. Elle interpr\u00e8te en effet six titres de l&rsquo;album, dont \u00ab\u00a0I Will Always Love You\u00a0\u00bb, une reprise de Dolly Parton, qui deviendra l&rsquo;un de ses plus grands succ\u00e8s.<\/p>\n<p>Source Wikipedia<\/p>\n","protected":false},"excerpt":{"rendered":"<p>Artiste : Whitney Houston, Lisa Stansfield, Joe Cocker&#8230;<br \/>\nTitre : THE BODYGUARD &#8211; Bande Originale du Film<br \/>\nAnn\u00e9e : 1992, \u00e9dition originale<br \/>\nGenre : Musique de film, Pop, dance, rhythm and blues<br \/>\nProducteur : Whitney Houston, Clive Davis<br \/>\nLabel : Capitol Records<\/p>\n","protected":false},"featured_media":1906,"template":"","meta":[],"product_brand":[],"product_cat":[71],"product_tag":[90,119,83,91],"class_list":{"0":"post-1324","1":"product","2":"type-product","3":"status-publish","4":"has-post-thumbnail","6":"product_cat-cd","7":"product_tag-dance","8":"product_tag-musique-de-film","9":"product_tag-pop","10":"product_tag-rb","12":"first","13":"instock","14":"shipping-taxable","15":"product-type-simple"},"yoast_head":"<!-- This site is optimized with the Yoast SEO plugin v27.0 - https:\/\/yoast.com\/product\/yoast-seo-wordpress\/ -->\n<title>THE BODYGUARD - Bande Originale du Film - CD - CD Pop Rock<\/title>\n<meta name=\"description\" content=\"Whitney Houston, Lisa Stansfield, Joe Cocker... THE BODYGUARD - BO du Film - 1992, \u00e9d originale - Musique de film Prod : W. Houston, C. Davis\" \/>\n<meta name=\"robots\" content=\"index, follow, max-snippet:-1, max-image-preview:large, max-video-preview:-1\" \/>\n<link rel=\"canonical\" href=\"https:\/\/www.verdieditions.com\/cd-pop-rock\/produit\/bodyguard-bo-film\/\" \/>\n<meta property=\"og:locale\" content=\"fr_FR\" \/>\n<meta property=\"og:type\" content=\"article\" \/>\n<meta property=\"og:title\" content=\"THE BODYGUARD - Bande Originale du Film - CD - CD Pop Rock\" \/>\n<meta property=\"og:description\" content=\"Whitney Houston, Lisa Stansfield, Joe Cocker... THE BODYGUARD - BO du Film - 1992, \u00e9d originale - Musique de film Prod : W. Houston, C. Davis\" \/>\n<meta property=\"og:url\" content=\"https:\/\/www.verdieditions.com\/cd-pop-rock\/produit\/bodyguard-bo-film\/\" \/>\n<meta property=\"og:site_name\" content=\"CD Pop Rock\" \/>\n<meta property=\"article:publisher\" content=\"https:\/\/www.facebook.com\/CD-Pop-Rock-107168374818139\" \/>\n<meta property=\"article:modified_time\" content=\"2021-04-15T08:37:15+00:00\" \/>\n<meta property=\"og:image\" content=\"https:\/\/www.verdieditions.com\/cd-pop-rock\/wp-content\/uploads\/2021\/02\/costner-houston-bodyguerd-bo-film-CD.jpg\" \/>\n\t<meta property=\"og:image:width\" content=\"800\" \/>\n\t<meta property=\"og:image:height\" content=\"532\" \/>\n\t<meta property=\"og:image:type\" content=\"image\/jpeg\" \/>\n<meta name=\"twitter:card\" content=\"summary_large_image\" \/>\n<meta name=\"twitter:label1\" content=\"Dur\u00e9e de lecture estim\u00e9e\" \/>\n\t<meta name=\"twitter:data1\" content=\"2 minutes\" \/>\n<script type=\"application\/ld+json\" class=\"yoast-schema-graph\">{\"@context\":\"https:\/\/schema.org\",\"@graph\":[{\"@type\":\"WebPage\",\"@id\":\"https:\/\/www.verdieditions.com\/cd-pop-rock\/produit\/bodyguard-bo-film\/\",\"url\":\"https:\/\/www.verdieditions.com\/cd-pop-rock\/produit\/bodyguard-bo-film\/\",\"name\":\"THE BODYGUARD - Bande Originale du Film - CD - CD Pop Rock\",\"isPartOf\":{\"@id\":\"https:\/\/www.verdieditions.com\/cd-pop-rock\/#website\"},\"primaryImageOfPage\":{\"@id\":\"https:\/\/www.verdieditions.com\/cd-pop-rock\/produit\/bodyguard-bo-film\/#primaryimage\"},\"image\":{\"@id\":\"https:\/\/www.verdieditions.com\/cd-pop-rock\/produit\/bodyguard-bo-film\/#primaryimage\"},\"thumbnailUrl\":\"https:\/\/www.verdieditions.com\/cd-pop-rock\/wp-content\/uploads\/2021\/02\/costner-houston-bodyguerd-bo-film-CD.jpg\",\"datePublished\":\"2021-02-08T12:57:26+00:00\",\"dateModified\":\"2021-04-15T08:37:15+00:00\",\"description\":\"Whitney Houston, Lisa Stansfield, Joe Cocker... THE BODYGUARD - BO du Film - 1992, \u00e9d originale - Musique de film Prod : W. Houston, C. Davis\",\"breadcrumb\":{\"@id\":\"https:\/\/www.verdieditions.com\/cd-pop-rock\/produit\/bodyguard-bo-film\/#breadcrumb\"},\"inLanguage\":\"fr-FR\",\"potentialAction\":[{\"@type\":\"ReadAction\",\"target\":[\"https:\/\/www.verdieditions.com\/cd-pop-rock\/produit\/bodyguard-bo-film\/\"]}]},{\"@type\":\"ImageObject\",\"inLanguage\":\"fr-FR\",\"@id\":\"https:\/\/www.verdieditions.com\/cd-pop-rock\/produit\/bodyguard-bo-film\/#primaryimage\",\"url\":\"https:\/\/www.verdieditions.com\/cd-pop-rock\/wp-content\/uploads\/2021\/02\/costner-houston-bodyguerd-bo-film-CD.jpg\",\"contentUrl\":\"https:\/\/www.verdieditions.com\/cd-pop-rock\/wp-content\/uploads\/2021\/02\/costner-houston-bodyguerd-bo-film-CD.jpg\",\"width\":800,\"height\":532,\"caption\":\"costner-houston-bodyguerd-bo-film-CD\"},{\"@type\":\"BreadcrumbList\",\"@id\":\"https:\/\/www.verdieditions.com\/cd-pop-rock\/produit\/bodyguard-bo-film\/#breadcrumb\",\"itemListElement\":[{\"@type\":\"ListItem\",\"position\":1,\"name\":\"Accueil\",\"item\":\"https:\/\/www.verdieditions.com\/cd-pop-rock\/\"},{\"@type\":\"ListItem\",\"position\":2,\"name\":\"La Boutique\",\"item\":\"https:\/\/www.verdieditions.com\/cd-pop-rock\/boutique\/\"},{\"@type\":\"ListItem\",\"position\":3,\"name\":\"THE BODYGUARD &#8211; Bande Originale du Film &#8211; CD\"}]},{\"@type\":\"WebSite\",\"@id\":\"https:\/\/www.verdieditions.com\/cd-pop-rock\/#website\",\"url\":\"https:\/\/www.verdieditions.com\/cd-pop-rock\/\",\"name\":\"CD Pop Rock\",\"description\":\"CD, K7, Vinyles, VHS et DVD de Musique Pop et Rock vintage\",\"publisher\":{\"@id\":\"https:\/\/www.verdieditions.com\/cd-pop-rock\/#\/schema\/person\/3a9da867add08338474907117bf9668a\"},\"potentialAction\":[{\"@type\":\"SearchAction\",\"target\":{\"@type\":\"EntryPoint\",\"urlTemplate\":\"https:\/\/www.verdieditions.com\/cd-pop-rock\/?s={search_term_string}\"},\"query-input\":{\"@type\":\"PropertyValueSpecification\",\"valueRequired\":true,\"valueName\":\"search_term_string\"}}],\"inLanguage\":\"fr-FR\"},{\"@type\":[\"Person\",\"Organization\"],\"@id\":\"https:\/\/www.verdieditions.com\/cd-pop-rock\/#\/schema\/person\/3a9da867add08338474907117bf9668a\",\"name\":\"Sylvie VERDI\",\"image\":{\"@type\":\"ImageObject\",\"inLanguage\":\"fr-FR\",\"@id\":\"https:\/\/www.verdieditions.com\/cd-pop-rock\/#\/schema\/person\/image\/\",\"url\":\"https:\/\/www.verdieditions.com\/cd-pop-rock\/wp-content\/uploads\/2021\/01\/cropped-favicon-cd-pop-rock-vinyle-32x32-1.png\",\"contentUrl\":\"https:\/\/www.verdieditions.com\/cd-pop-rock\/wp-content\/uploads\/2021\/01\/cropped-favicon-cd-pop-rock-vinyle-32x32-1.png\",\"width\":512,\"height\":512,\"caption\":\"Sylvie VERDI\"},\"logo\":{\"@id\":\"https:\/\/www.verdieditions.com\/cd-pop-rock\/#\/schema\/person\/image\/\"},\"sameAs\":[\"https:\/\/www.verdieditions.com\/cd-pop-rock\",\"https:\/\/www.facebook.com\/CD-Pop-Rock-107168374818139\"]}]}<\/script>\n<!-- \/ Yoast SEO plugin. -->","yoast_head_json":{"title":"THE BODYGUARD - Bande Originale du Film - CD - CD Pop Rock","description":"Whitney Houston, Lisa Stansfield, Joe Cocker... THE BODYGUARD - BO du Film - 1992, \u00e9d originale - Musique de film Prod : W. Houston, C. Davis","robots":{"index":"index","follow":"follow","max-snippet":"max-snippet:-1","max-image-preview":"max-image-preview:large","max-video-preview":"max-video-preview:-1"},"canonical":"https:\/\/www.verdieditions.com\/cd-pop-rock\/produit\/bodyguard-bo-film\/","og_locale":"fr_FR","og_type":"article","og_title":"THE BODYGUARD - Bande Originale du Film - CD - CD Pop Rock","og_description":"Whitney Houston, Lisa Stansfield, Joe Cocker... THE BODYGUARD - BO du Film - 1992, \u00e9d originale - Musique de film Prod : W. Houston, C. Davis","og_url":"https:\/\/www.verdieditions.com\/cd-pop-rock\/produit\/bodyguard-bo-film\/","og_site_name":"CD Pop Rock","article_publisher":"https:\/\/www.facebook.com\/CD-Pop-Rock-107168374818139","article_modified_time":"2021-04-15T08:37:15+00:00","og_image":[{"width":800,"height":532,"url":"https:\/\/www.verdieditions.com\/cd-pop-rock\/wp-content\/uploads\/2021\/02\/costner-houston-bodyguerd-bo-film-CD.jpg","type":"image\/jpeg"}],"twitter_card":"summary_large_image","twitter_misc":{"Dur\u00e9e de lecture estim\u00e9e":"2 minutes"},"schema":{"@context":"https:\/\/schema.org","@graph":[{"@type":"WebPage","@id":"https:\/\/www.verdieditions.com\/cd-pop-rock\/produit\/bodyguard-bo-film\/","url":"https:\/\/www.verdieditions.com\/cd-pop-rock\/produit\/bodyguard-bo-film\/","name":"THE BODYGUARD - Bande Originale du Film - CD - CD Pop Rock","isPartOf":{"@id":"https:\/\/www.verdieditions.com\/cd-pop-rock\/#website"},"primaryImageOfPage":{"@id":"https:\/\/www.verdieditions.com\/cd-pop-rock\/produit\/bodyguard-bo-film\/#primaryimage"},"image":{"@id":"https:\/\/www.verdieditions.com\/cd-pop-rock\/produit\/bodyguard-bo-film\/#primaryimage"},"thumbnailUrl":"https:\/\/www.verdieditions.com\/cd-pop-rock\/wp-content\/uploads\/2021\/02\/costner-houston-bodyguerd-bo-film-CD.jpg","datePublished":"2021-02-08T12:57:26+00:00","dateModified":"2021-04-15T08:37:15+00:00","description":"Whitney Houston, Lisa Stansfield, Joe Cocker... THE BODYGUARD - BO du Film - 1992, \u00e9d originale - Musique de film Prod : W. Houston, C. Davis","breadcrumb":{"@id":"https:\/\/www.verdieditions.com\/cd-pop-rock\/produit\/bodyguard-bo-film\/#breadcrumb"},"inLanguage":"fr-FR","potentialAction":[{"@type":"ReadAction","target":["https:\/\/www.verdieditions.com\/cd-pop-rock\/produit\/bodyguard-bo-film\/"]}]},{"@type":"ImageObject","inLanguage":"fr-FR","@id":"https:\/\/www.verdieditions.com\/cd-pop-rock\/produit\/bodyguard-bo-film\/#primaryimage","url":"https:\/\/www.verdieditions.com\/cd-pop-rock\/wp-content\/uploads\/2021\/02\/costner-houston-bodyguerd-bo-film-CD.jpg","contentUrl":"https:\/\/www.verdieditions.com\/cd-pop-rock\/wp-content\/uploads\/2021\/02\/costner-houston-bodyguerd-bo-film-CD.jpg","width":800,"height":532,"caption":"costner-houston-bodyguerd-bo-film-CD"},{"@type":"BreadcrumbList","@id":"https:\/\/www.verdieditions.com\/cd-pop-rock\/produit\/bodyguard-bo-film\/#breadcrumb","itemListElement":[{"@type":"ListItem","position":1,"name":"Accueil","item":"https:\/\/www.verdieditions.com\/cd-pop-rock\/"},{"@type":"ListItem","position":2,"name":"La Boutique","item":"https:\/\/www.verdieditions.com\/cd-pop-rock\/boutique\/"},{"@type":"ListItem","position":3,"name":"THE BODYGUARD &#8211; Bande Originale du Film &#8211; CD"}]},{"@type":"WebSite","@id":"https:\/\/www.verdieditions.com\/cd-pop-rock\/#website","url":"https:\/\/www.verdieditions.com\/cd-pop-rock\/","name":"CD Pop Rock","description":"CD, K7, Vinyles, VHS et DVD de Musique Pop et Rock vintage","publisher":{"@id":"https:\/\/www.verdieditions.com\/cd-pop-rock\/#\/schema\/person\/3a9da867add08338474907117bf9668a"},"potentialAction":[{"@type":"SearchAction","target":{"@type":"EntryPoint","urlTemplate":"https:\/\/www.verdieditions.com\/cd-pop-rock\/?s={search_term_string}"},"query-input":{"@type":"PropertyValueSpecification","valueRequired":true,"valueName":"search_term_string"}}],"inLanguage":"fr-FR"},{"@type":["Person","Organization"],"@id":"https:\/\/www.verdieditions.com\/cd-pop-rock\/#\/schema\/person\/3a9da867add08338474907117bf9668a","name":"Sylvie VERDI","image":{"@type":"ImageObject","inLanguage":"fr-FR","@id":"https:\/\/www.verdieditions.com\/cd-pop-rock\/#\/schema\/person\/image\/","url":"https:\/\/www.verdieditions.com\/cd-pop-rock\/wp-content\/uploads\/2021\/01\/cropped-favicon-cd-pop-rock-vinyle-32x32-1.png","contentUrl":"https:\/\/www.verdieditions.com\/cd-pop-rock\/wp-content\/uploads\/2021\/01\/cropped-favicon-cd-pop-rock-vinyle-32x32-1.png","width":512,"height":512,"caption":"Sylvie VERDI"},"logo":{"@id":"https:\/\/www.verdieditions.com\/cd-pop-rock\/#\/schema\/person\/image\/"},"sameAs":["https:\/\/www.verdieditions.com\/cd-pop-rock","https:\/\/www.facebook.com\/CD-Pop-Rock-107168374818139"]}]}},"_links":{"self":[{"href":"https:\/\/www.verdieditions.com\/cd-pop-rock\/wp-json\/wp\/v2\/product\/1324","targetHints":{"allow":["GET"]}}],"collection":[{"href":"https:\/\/www.verdieditions.com\/cd-pop-rock\/wp-json\/wp\/v2\/product"}],"about":[{"href":"https:\/\/www.verdieditions.com\/cd-pop-rock\/wp-json\/wp\/v2\/types\/product"}],"wp:featuredmedia":[{"embeddable":true,"href":"https:\/\/www.verdieditions.com\/cd-pop-rock\/wp-json\/wp\/v2\/media\/1906"}],"wp:attachment":[{"href":"https:\/\/www.verdieditions.com\/cd-pop-rock\/wp-json\/wp\/v2\/media?parent=1324"}],"wp:term":[{"taxonomy":"product_brand","embeddable":true,"href":"https:\/\/www.verdieditions.com\/cd-pop-rock\/wp-json\/wp\/v2\/product_brand?post=1324"},{"taxonomy":"product_cat","embeddable":true,"href":"https:\/\/www.verdieditions.com\/cd-pop-rock\/wp-json\/wp\/v2\/product_cat?post=1324"},{"taxonomy":"product_tag","embeddable":true,"href":"https:\/\/www.verdieditions.com\/cd-pop-rock\/wp-json\/wp\/v2\/product_tag?post=1324"}],"curies":[{"name":"wp","href":"https:\/\/api.w.org\/{rel}","templated":true}]}}