{"id":1316,"date":"2021-02-08T09:56:59","date_gmt":"2021-02-08T08:56:59","guid":{"rendered":"https:\/\/www.verdieditions.com\/cd-pop-rock\/?post_type=product&#038;p=1316"},"modified":"2024-01-04T10:39:10","modified_gmt":"2024-01-04T09:39:10","slug":"miami-vice-bo-serie","status":"publish","type":"product","link":"https:\/\/www.verdieditions.com\/cd-pop-rock\/produit\/miami-vice-bo-serie\/","title":{"rendered":"Miami Vice &#8211; Deux Flics \u00e0 Miami &#8211; Bande Originale de la S\u00e9rie"},"content":{"rendered":"<p>Artiste : Phil Collins, Chaka Kahn, Tina Turner, Jan Hammer&#8230;<br \/>\nTitre : Miami Vice, Deux Flics \u00e0 Miami &#8211; Bande Originale de la S\u00e9rie &#8211; CD<br \/>\nAnn\u00e9e : 1985, \u00e9dition originale<br \/>\nGenre : Musique de film\/ s\u00e9rie, Pop Rock<br \/>\nProducteur : Jan Hammer<br \/>\nLabel : MCA<\/p>\n<p>La musique originale est compos\u00e9e par le Britannique John Murphy. L&rsquo;album contient cependant davantage de chansons non in\u00e9dites. On retrouve par ailleurs une reprise de In the Air Tonight de Phil Collins (la version originale figurait dans l&rsquo;\u00e9pisode pilote de la s\u00e9rie t\u00e9l\u00e9vis\u00e9e).<\/p>\n<p>1\tMiami Vice Theme &#8211; Jan Hammer &#8211; G\u00e9n\u00e9rique de tous les \u00e9pisodes<br \/>\n2\tSmuggler&rsquo;s Blues &#8211; Glenn Frey &#8211; \u00ab\u00a0Y a pas de sot m\u00e9tier\u00a0\u00bb<br \/>\n3\tOwn The Night &#8211; Chaka Kahn &#8211; \u00ab\u00a0Un vieux copain\u00a0\u00bb<br \/>\n4\tYou Belong To The City &#8211; Glenn Frey &#8211; \u00ab\u00a0Le retour du fils prodigue\u00a0\u00bb<br \/>\n5\tIn The Air Tonight &#8211; Phil Collins &#8211; \u00ab\u00a0Deux Flics \u00e0 Miami\u00a0\u00bb<br \/>\n6\tMiami Vice &#8211; Jan Hammer &#8211; Version jamais utilis\u00e9e dans un \u00e9pisode<br \/>\n7\tVice &#8211; Melle Mel &#8211; \u00ab\u00a0Qui vivra verra\u00a0\u00bb<br \/>\n8\tBetter Be Good To Me &#8211; Tina Turner &#8211; \u00ab\u00a0Si peu qu&rsquo;on prenne\u00a0\u00bb<br \/>\n9\tFlashback &#8211; Jan Hammer &#8211; \u00ab\u00a0Deux Flics \u00e0 Miami\u00a0\u00bb<br \/>\n10\tChase &#8211; Jan Hammer &#8211; \u00ab\u00a0Deux Flics \u00e0 Miami\u00a0\u00bb<br \/>\n11\tEvan &#8211; Jan Hammer &#8211; \u00ab\u00a0Evan\u00a0\u00bb<\/p>\n<p>Cet album est la premi\u00e8re compilation de morceaux issus de la bande-son de la s\u00e9rie. Il est surtout l&rsquo;album pr\u00e9curseur en la mati\u00e8re. Un concept jusque l\u00e0 jamais utilis\u00e9, et qui fera date, puisque quasiment toutes les s\u00e9ries modernes disposent aujourd&rsquo;hui de leur propres compilations&#8230;<\/p>\n<p>Sorti en 1985, l&rsquo;album s&rsquo;articule sur des titres issus des saison 1 et 2. Lors de sa sortie, l&rsquo;album rencontre un franc succ\u00e8s. Il reste 11 semaines en t\u00eate des charts am\u00e9ricains. Du jamais vu pour une bande-son. Ce record reste \u00e0 ce jour invaincu. Autre record, celui du nombre de vente d&rsquo;album d&rsquo;une bande-son de s\u00e9rie. Il faudra attendre 2006 et High School Musical pour battre ce record. Le succ\u00e8s de ce premier opus, ouvrira la voix \u00e0 deux autres albums \u00ab\u00a0officiels\u00a0\u00bb.<br \/>\nSource https:\/\/www.deuxflicsamiami.fr\/<\/p>\n","protected":false},"excerpt":{"rendered":"<p>Artiste : Phil Collins, Chaka Kahn, Tina Turner, Jan Hammer&#8230;<br \/>\nTitre : Miami Vice, Deux Flics \u00e0 Miami &#8211; Bande Originale de la S\u00e9rie &#8211; CD<br \/>\nAnn\u00e9e : 1985, \u00e9dition originale<br \/>\nGenre : Musique de film\/ s\u00e9rie, Pop Rock<br \/>\nProducteur : Jan Hammer<br \/>\nLabel : MCA<\/p>\n","protected":false},"featured_media":2005,"template":"","meta":[],"product_brand":[],"product_cat":[71],"product_tag":[119,83,79],"class_list":{"0":"post-1316","1":"product","2":"type-product","3":"status-publish","4":"has-post-thumbnail","6":"product_cat-cd","7":"product_tag-musique-de-film","8":"product_tag-pop","9":"product_tag-rock","11":"first","12":"outofstock","13":"shipping-taxable","14":"product-type-simple"},"yoast_head":"<!-- This site is optimized with the Yoast SEO plugin v27.0 - https:\/\/yoast.com\/product\/yoast-seo-wordpress\/ -->\n<title>Miami Vice - Deux Flics \u00e0 Miami - Bande Originale de la S\u00e9rie<\/title>\n<meta name=\"description\" content=\"Phil Collins, Chaka Kahn, Tina Turner, Jan Hammer...- Miami Vice, Deux Flics \u00e0 Miami - CD Bande Originale S\u00e9rie - 1985, \u00e9d. originale - MCA\" \/>\n<meta name=\"robots\" content=\"index, follow, max-snippet:-1, max-image-preview:large, max-video-preview:-1\" \/>\n<link rel=\"canonical\" href=\"https:\/\/www.verdieditions.com\/cd-pop-rock\/produit\/miami-vice-bo-serie\/\" \/>\n<meta property=\"og:locale\" content=\"fr_FR\" \/>\n<meta property=\"og:type\" content=\"article\" \/>\n<meta property=\"og:title\" content=\"Miami Vice - Deux Flics \u00e0 Miami - Bande Originale de la S\u00e9rie\" \/>\n<meta property=\"og:description\" content=\"Phil Collins, Chaka Kahn, Tina Turner, Jan Hammer...- Miami Vice, Deux Flics \u00e0 Miami - CD Bande Originale S\u00e9rie - 1985, \u00e9d. originale - MCA\" \/>\n<meta property=\"og:url\" content=\"https:\/\/www.verdieditions.com\/cd-pop-rock\/produit\/miami-vice-bo-serie\/\" \/>\n<meta property=\"og:site_name\" content=\"CD Pop Rock\" \/>\n<meta property=\"article:publisher\" content=\"https:\/\/www.facebook.com\/CD-Pop-Rock-107168374818139\" \/>\n<meta property=\"article:modified_time\" content=\"2024-01-04T09:39:10+00:00\" \/>\n<meta property=\"og:image\" content=\"https:\/\/www.verdieditions.com\/cd-pop-rock\/wp-content\/uploads\/2021\/02\/miami-vice-bo-serie-CD.jpg\" \/>\n\t<meta property=\"og:image:width\" content=\"800\" \/>\n\t<meta property=\"og:image:height\" content=\"532\" \/>\n\t<meta property=\"og:image:type\" content=\"image\/jpeg\" \/>\n<meta name=\"twitter:card\" content=\"summary_large_image\" \/>\n<meta name=\"twitter:label1\" content=\"Dur\u00e9e de lecture estim\u00e9e\" \/>\n\t<meta name=\"twitter:data1\" content=\"2 minutes\" \/>\n<script type=\"application\/ld+json\" class=\"yoast-schema-graph\">{\"@context\":\"https:\/\/schema.org\",\"@graph\":[{\"@type\":\"WebPage\",\"@id\":\"https:\/\/www.verdieditions.com\/cd-pop-rock\/produit\/miami-vice-bo-serie\/\",\"url\":\"https:\/\/www.verdieditions.com\/cd-pop-rock\/produit\/miami-vice-bo-serie\/\",\"name\":\"Miami Vice - Deux Flics \u00e0 Miami - Bande Originale de la S\u00e9rie\",\"isPartOf\":{\"@id\":\"https:\/\/www.verdieditions.com\/cd-pop-rock\/#website\"},\"primaryImageOfPage\":{\"@id\":\"https:\/\/www.verdieditions.com\/cd-pop-rock\/produit\/miami-vice-bo-serie\/#primaryimage\"},\"image\":{\"@id\":\"https:\/\/www.verdieditions.com\/cd-pop-rock\/produit\/miami-vice-bo-serie\/#primaryimage\"},\"thumbnailUrl\":\"https:\/\/www.verdieditions.com\/cd-pop-rock\/wp-content\/uploads\/2021\/02\/miami-vice-bo-serie-CD.jpg\",\"datePublished\":\"2021-02-08T08:56:59+00:00\",\"dateModified\":\"2024-01-04T09:39:10+00:00\",\"description\":\"Phil Collins, Chaka Kahn, Tina Turner, Jan Hammer...- Miami Vice, Deux Flics \u00e0 Miami - CD Bande Originale S\u00e9rie - 1985, \u00e9d. originale - MCA\",\"breadcrumb\":{\"@id\":\"https:\/\/www.verdieditions.com\/cd-pop-rock\/produit\/miami-vice-bo-serie\/#breadcrumb\"},\"inLanguage\":\"fr-FR\",\"potentialAction\":[{\"@type\":\"ReadAction\",\"target\":[\"https:\/\/www.verdieditions.com\/cd-pop-rock\/produit\/miami-vice-bo-serie\/\"]}]},{\"@type\":\"ImageObject\",\"inLanguage\":\"fr-FR\",\"@id\":\"https:\/\/www.verdieditions.com\/cd-pop-rock\/produit\/miami-vice-bo-serie\/#primaryimage\",\"url\":\"https:\/\/www.verdieditions.com\/cd-pop-rock\/wp-content\/uploads\/2021\/02\/miami-vice-bo-serie-CD.jpg\",\"contentUrl\":\"https:\/\/www.verdieditions.com\/cd-pop-rock\/wp-content\/uploads\/2021\/02\/miami-vice-bo-serie-CD.jpg\",\"width\":800,\"height\":532,\"caption\":\"miami-vice-bo-serie-CD\"},{\"@type\":\"BreadcrumbList\",\"@id\":\"https:\/\/www.verdieditions.com\/cd-pop-rock\/produit\/miami-vice-bo-serie\/#breadcrumb\",\"itemListElement\":[{\"@type\":\"ListItem\",\"position\":1,\"name\":\"Accueil\",\"item\":\"https:\/\/www.verdieditions.com\/cd-pop-rock\/\"},{\"@type\":\"ListItem\",\"position\":2,\"name\":\"La Boutique\",\"item\":\"https:\/\/www.verdieditions.com\/cd-pop-rock\/boutique\/\"},{\"@type\":\"ListItem\",\"position\":3,\"name\":\"Miami Vice &#8211; Deux Flics \u00e0 Miami &#8211; Bande Originale de la S\u00e9rie\"}]},{\"@type\":\"WebSite\",\"@id\":\"https:\/\/www.verdieditions.com\/cd-pop-rock\/#website\",\"url\":\"https:\/\/www.verdieditions.com\/cd-pop-rock\/\",\"name\":\"CD Pop Rock\",\"description\":\"CD, K7, Vinyles, VHS et DVD de Musique Pop et Rock vintage\",\"publisher\":{\"@id\":\"https:\/\/www.verdieditions.com\/cd-pop-rock\/#\/schema\/person\/3a9da867add08338474907117bf9668a\"},\"potentialAction\":[{\"@type\":\"SearchAction\",\"target\":{\"@type\":\"EntryPoint\",\"urlTemplate\":\"https:\/\/www.verdieditions.com\/cd-pop-rock\/?s={search_term_string}\"},\"query-input\":{\"@type\":\"PropertyValueSpecification\",\"valueRequired\":true,\"valueName\":\"search_term_string\"}}],\"inLanguage\":\"fr-FR\"},{\"@type\":[\"Person\",\"Organization\"],\"@id\":\"https:\/\/www.verdieditions.com\/cd-pop-rock\/#\/schema\/person\/3a9da867add08338474907117bf9668a\",\"name\":\"Sylvie VERDI\",\"image\":{\"@type\":\"ImageObject\",\"inLanguage\":\"fr-FR\",\"@id\":\"https:\/\/www.verdieditions.com\/cd-pop-rock\/#\/schema\/person\/image\/\",\"url\":\"https:\/\/www.verdieditions.com\/cd-pop-rock\/wp-content\/uploads\/2021\/01\/cropped-favicon-cd-pop-rock-vinyle-32x32-1.png\",\"contentUrl\":\"https:\/\/www.verdieditions.com\/cd-pop-rock\/wp-content\/uploads\/2021\/01\/cropped-favicon-cd-pop-rock-vinyle-32x32-1.png\",\"width\":512,\"height\":512,\"caption\":\"Sylvie VERDI\"},\"logo\":{\"@id\":\"https:\/\/www.verdieditions.com\/cd-pop-rock\/#\/schema\/person\/image\/\"},\"sameAs\":[\"https:\/\/www.verdieditions.com\/cd-pop-rock\",\"https:\/\/www.facebook.com\/CD-Pop-Rock-107168374818139\"]}]}<\/script>\n<!-- \/ Yoast SEO plugin. -->","yoast_head_json":{"title":"Miami Vice - Deux Flics \u00e0 Miami - Bande Originale de la S\u00e9rie","description":"Phil Collins, Chaka Kahn, Tina Turner, Jan Hammer...- Miami Vice, Deux Flics \u00e0 Miami - CD Bande Originale S\u00e9rie - 1985, \u00e9d. originale - MCA","robots":{"index":"index","follow":"follow","max-snippet":"max-snippet:-1","max-image-preview":"max-image-preview:large","max-video-preview":"max-video-preview:-1"},"canonical":"https:\/\/www.verdieditions.com\/cd-pop-rock\/produit\/miami-vice-bo-serie\/","og_locale":"fr_FR","og_type":"article","og_title":"Miami Vice - Deux Flics \u00e0 Miami - Bande Originale de la S\u00e9rie","og_description":"Phil Collins, Chaka Kahn, Tina Turner, Jan Hammer...- Miami Vice, Deux Flics \u00e0 Miami - CD Bande Originale S\u00e9rie - 1985, \u00e9d. originale - MCA","og_url":"https:\/\/www.verdieditions.com\/cd-pop-rock\/produit\/miami-vice-bo-serie\/","og_site_name":"CD Pop Rock","article_publisher":"https:\/\/www.facebook.com\/CD-Pop-Rock-107168374818139","article_modified_time":"2024-01-04T09:39:10+00:00","og_image":[{"width":800,"height":532,"url":"https:\/\/www.verdieditions.com\/cd-pop-rock\/wp-content\/uploads\/2021\/02\/miami-vice-bo-serie-CD.jpg","type":"image\/jpeg"}],"twitter_card":"summary_large_image","twitter_misc":{"Dur\u00e9e de lecture estim\u00e9e":"2 minutes"},"schema":{"@context":"https:\/\/schema.org","@graph":[{"@type":"WebPage","@id":"https:\/\/www.verdieditions.com\/cd-pop-rock\/produit\/miami-vice-bo-serie\/","url":"https:\/\/www.verdieditions.com\/cd-pop-rock\/produit\/miami-vice-bo-serie\/","name":"Miami Vice - Deux Flics \u00e0 Miami - Bande Originale de la S\u00e9rie","isPartOf":{"@id":"https:\/\/www.verdieditions.com\/cd-pop-rock\/#website"},"primaryImageOfPage":{"@id":"https:\/\/www.verdieditions.com\/cd-pop-rock\/produit\/miami-vice-bo-serie\/#primaryimage"},"image":{"@id":"https:\/\/www.verdieditions.com\/cd-pop-rock\/produit\/miami-vice-bo-serie\/#primaryimage"},"thumbnailUrl":"https:\/\/www.verdieditions.com\/cd-pop-rock\/wp-content\/uploads\/2021\/02\/miami-vice-bo-serie-CD.jpg","datePublished":"2021-02-08T08:56:59+00:00","dateModified":"2024-01-04T09:39:10+00:00","description":"Phil Collins, Chaka Kahn, Tina Turner, Jan Hammer...- Miami Vice, Deux Flics \u00e0 Miami - CD Bande Originale S\u00e9rie - 1985, \u00e9d. originale - MCA","breadcrumb":{"@id":"https:\/\/www.verdieditions.com\/cd-pop-rock\/produit\/miami-vice-bo-serie\/#breadcrumb"},"inLanguage":"fr-FR","potentialAction":[{"@type":"ReadAction","target":["https:\/\/www.verdieditions.com\/cd-pop-rock\/produit\/miami-vice-bo-serie\/"]}]},{"@type":"ImageObject","inLanguage":"fr-FR","@id":"https:\/\/www.verdieditions.com\/cd-pop-rock\/produit\/miami-vice-bo-serie\/#primaryimage","url":"https:\/\/www.verdieditions.com\/cd-pop-rock\/wp-content\/uploads\/2021\/02\/miami-vice-bo-serie-CD.jpg","contentUrl":"https:\/\/www.verdieditions.com\/cd-pop-rock\/wp-content\/uploads\/2021\/02\/miami-vice-bo-serie-CD.jpg","width":800,"height":532,"caption":"miami-vice-bo-serie-CD"},{"@type":"BreadcrumbList","@id":"https:\/\/www.verdieditions.com\/cd-pop-rock\/produit\/miami-vice-bo-serie\/#breadcrumb","itemListElement":[{"@type":"ListItem","position":1,"name":"Accueil","item":"https:\/\/www.verdieditions.com\/cd-pop-rock\/"},{"@type":"ListItem","position":2,"name":"La Boutique","item":"https:\/\/www.verdieditions.com\/cd-pop-rock\/boutique\/"},{"@type":"ListItem","position":3,"name":"Miami Vice &#8211; Deux Flics \u00e0 Miami &#8211; Bande Originale de la S\u00e9rie"}]},{"@type":"WebSite","@id":"https:\/\/www.verdieditions.com\/cd-pop-rock\/#website","url":"https:\/\/www.verdieditions.com\/cd-pop-rock\/","name":"CD Pop Rock","description":"CD, K7, Vinyles, VHS et DVD de Musique Pop et Rock vintage","publisher":{"@id":"https:\/\/www.verdieditions.com\/cd-pop-rock\/#\/schema\/person\/3a9da867add08338474907117bf9668a"},"potentialAction":[{"@type":"SearchAction","target":{"@type":"EntryPoint","urlTemplate":"https:\/\/www.verdieditions.com\/cd-pop-rock\/?s={search_term_string}"},"query-input":{"@type":"PropertyValueSpecification","valueRequired":true,"valueName":"search_term_string"}}],"inLanguage":"fr-FR"},{"@type":["Person","Organization"],"@id":"https:\/\/www.verdieditions.com\/cd-pop-rock\/#\/schema\/person\/3a9da867add08338474907117bf9668a","name":"Sylvie VERDI","image":{"@type":"ImageObject","inLanguage":"fr-FR","@id":"https:\/\/www.verdieditions.com\/cd-pop-rock\/#\/schema\/person\/image\/","url":"https:\/\/www.verdieditions.com\/cd-pop-rock\/wp-content\/uploads\/2021\/01\/cropped-favicon-cd-pop-rock-vinyle-32x32-1.png","contentUrl":"https:\/\/www.verdieditions.com\/cd-pop-rock\/wp-content\/uploads\/2021\/01\/cropped-favicon-cd-pop-rock-vinyle-32x32-1.png","width":512,"height":512,"caption":"Sylvie VERDI"},"logo":{"@id":"https:\/\/www.verdieditions.com\/cd-pop-rock\/#\/schema\/person\/image\/"},"sameAs":["https:\/\/www.verdieditions.com\/cd-pop-rock","https:\/\/www.facebook.com\/CD-Pop-Rock-107168374818139"]}]}},"_links":{"self":[{"href":"https:\/\/www.verdieditions.com\/cd-pop-rock\/wp-json\/wp\/v2\/product\/1316","targetHints":{"allow":["GET"]}}],"collection":[{"href":"https:\/\/www.verdieditions.com\/cd-pop-rock\/wp-json\/wp\/v2\/product"}],"about":[{"href":"https:\/\/www.verdieditions.com\/cd-pop-rock\/wp-json\/wp\/v2\/types\/product"}],"wp:featuredmedia":[{"embeddable":true,"href":"https:\/\/www.verdieditions.com\/cd-pop-rock\/wp-json\/wp\/v2\/media\/2005"}],"wp:attachment":[{"href":"https:\/\/www.verdieditions.com\/cd-pop-rock\/wp-json\/wp\/v2\/media?parent=1316"}],"wp:term":[{"taxonomy":"product_brand","embeddable":true,"href":"https:\/\/www.verdieditions.com\/cd-pop-rock\/wp-json\/wp\/v2\/product_brand?post=1316"},{"taxonomy":"product_cat","embeddable":true,"href":"https:\/\/www.verdieditions.com\/cd-pop-rock\/wp-json\/wp\/v2\/product_cat?post=1316"},{"taxonomy":"product_tag","embeddable":true,"href":"https:\/\/www.verdieditions.com\/cd-pop-rock\/wp-json\/wp\/v2\/product_tag?post=1316"}],"curies":[{"name":"wp","href":"https:\/\/api.w.org\/{rel}","templated":true}]}}