{"id":1299,"date":"2021-02-05T11:23:32","date_gmt":"2021-02-05T10:23:32","guid":{"rendered":"https:\/\/www.verdieditions.com\/cd-pop-rock\/?post_type=product&#038;p=1299"},"modified":"2024-08-20T11:06:27","modified_gmt":"2024-08-20T09:06:27","slug":"jackson-ross-ease-down-road-45t","status":"publish","type":"product","link":"https:\/\/www.verdieditions.com\/cd-pop-rock\/produit\/jackson-ross-ease-down-road-45t\/","title":{"rendered":"Michael JACKSON &#8211; Diana ROSS &#8211; Ease On Down The Road &#8211; 45T"},"content":{"rendered":"<p>Artiste : Michael JACKSON &#8211; Diana ROSS<br \/>\nTitre : Ease On Down The Road &#8211; 45T<br \/>\nAnn\u00e9e : 1978, \u00e9dition originale<br \/>\n<strong>Pressage ancien original de collection<br \/>\nVinyle vierge, jamais \u00e9cout\u00e9<\/strong><br \/>\nGenre : R&#038;B, soul, disco, musique de film<br \/>\nProducteur : Quincy Jones, Tom Bahler<br \/>\nLabel : MCA<\/p>\n<p>A.      Ease On Down The Road<br \/>\nB.\tPoppy Girls (instrumental by Quincy Jones)<\/p>\n<p>En 1977, \u00ab\u00a0Ease on Down the Road\u00a0\u00bb a \u00e9t\u00e9 enregistr\u00e9 en duo entre Diana Ross et Michael Jackson et est sorti comme la chanson th\u00e8me de l&rsquo;adaptation cin\u00e9matographique de \u00ab\u00a0The Wiz\u00a0\u00bb en 1978. Comme pour le reste de la musique du film, la version cin\u00e9matographique de \u00ab\u00a0Ease on Down the Road\u00a0\u00bb a \u00e9t\u00e9 produite par Quincy Jones. L&rsquo;enregistrement a \u00e9t\u00e9 l&rsquo;une des premi\u00e8res collaborations de Jackson avec Quincy Jones, qui est devenu son principal producteur \u00e0 la fin des ann\u00e9es 1970 et dans les ann\u00e9es 1980.<\/p>\n<p>Traduit avec www.DeepL.com\/Translator (version gratuite)<\/p>\n","protected":false},"excerpt":{"rendered":"<p>Artiste : Michael JACKSON &#8211; Diana ROSS<br \/>\nTitre : Ease On Down The Road &#8211; 45T<br \/>\nAnn\u00e9e : 1978, \u00e9dition originale<br \/>\n<strong>Pressage ancien original de collection<br \/>\nVinyle vierge, jamais \u00e9cout\u00e9<\/strong><br \/>\nGenre : R&#038;B, soul, disco, musique de film<br \/>\nProducteur : Quincy Jones, Tom Bahler<br \/>\nLabel : MCA<\/p>\n","protected":false},"featured_media":2071,"template":"","meta":[],"product_brand":[],"product_cat":[72],"product_tag":[93,119,91,80],"class_list":{"0":"post-1299","1":"product","2":"type-product","3":"status-publish","4":"has-post-thumbnail","6":"product_cat-45t","7":"product_tag-disco","8":"product_tag-musique-de-film","9":"product_tag-rb","10":"product_tag-soul","12":"first","13":"instock","14":"shipping-taxable","15":"product-type-simple"},"yoast_head":"<!-- This site is optimized with the Yoast SEO plugin v27.0 - https:\/\/yoast.com\/product\/yoast-seo-wordpress\/ -->\n<title>Michael JACKSON - Diana ROSS - Ease On Down The Road - 45T<\/title>\n<meta name=\"description\" content=\"Michael JACKSON - Diana ROSS - Ease On Down The Road - 45T - 1978, \u00e9d originale Vinyle neuf, jamais \u00e9cout\u00e9 -Prod : Quincy Jones, Bahler - MCA\" \/>\n<meta name=\"robots\" content=\"index, follow, max-snippet:-1, max-image-preview:large, max-video-preview:-1\" \/>\n<link rel=\"canonical\" href=\"https:\/\/www.verdieditions.com\/cd-pop-rock\/produit\/jackson-ross-ease-down-road-45t\/\" \/>\n<meta property=\"og:locale\" content=\"fr_FR\" \/>\n<meta property=\"og:type\" content=\"article\" \/>\n<meta property=\"og:title\" content=\"Michael JACKSON - Diana ROSS - Ease On Down The Road - 45T\" \/>\n<meta property=\"og:description\" content=\"Michael JACKSON - Diana ROSS - Ease On Down The Road - 45T - 1978, \u00e9d originale Vinyle neuf, jamais \u00e9cout\u00e9 -Prod : Quincy Jones, Bahler - MCA\" \/>\n<meta property=\"og:url\" content=\"https:\/\/www.verdieditions.com\/cd-pop-rock\/produit\/jackson-ross-ease-down-road-45t\/\" \/>\n<meta property=\"og:site_name\" content=\"CD Pop Rock\" \/>\n<meta property=\"article:publisher\" content=\"https:\/\/www.facebook.com\/CD-Pop-Rock-107168374818139\" \/>\n<meta property=\"article:modified_time\" content=\"2024-08-20T09:06:27+00:00\" \/>\n<meta property=\"og:image\" content=\"https:\/\/www.verdieditions.com\/cd-pop-rock\/wp-content\/uploads\/2021\/02\/ross-jackson-ease-down-road-45T.jpg\" \/>\n\t<meta property=\"og:image:width\" content=\"800\" \/>\n\t<meta property=\"og:image:height\" content=\"532\" \/>\n\t<meta property=\"og:image:type\" content=\"image\/jpeg\" \/>\n<meta name=\"twitter:card\" content=\"summary_large_image\" \/>\n<meta name=\"twitter:label1\" content=\"Dur\u00e9e de lecture estim\u00e9e\" \/>\n\t<meta name=\"twitter:data1\" content=\"1 minute\" \/>\n<script type=\"application\/ld+json\" class=\"yoast-schema-graph\">{\"@context\":\"https:\/\/schema.org\",\"@graph\":[{\"@type\":\"WebPage\",\"@id\":\"https:\/\/www.verdieditions.com\/cd-pop-rock\/produit\/jackson-ross-ease-down-road-45t\/\",\"url\":\"https:\/\/www.verdieditions.com\/cd-pop-rock\/produit\/jackson-ross-ease-down-road-45t\/\",\"name\":\"Michael JACKSON - Diana ROSS - Ease On Down The Road - 45T\",\"isPartOf\":{\"@id\":\"https:\/\/www.verdieditions.com\/cd-pop-rock\/#website\"},\"primaryImageOfPage\":{\"@id\":\"https:\/\/www.verdieditions.com\/cd-pop-rock\/produit\/jackson-ross-ease-down-road-45t\/#primaryimage\"},\"image\":{\"@id\":\"https:\/\/www.verdieditions.com\/cd-pop-rock\/produit\/jackson-ross-ease-down-road-45t\/#primaryimage\"},\"thumbnailUrl\":\"https:\/\/www.verdieditions.com\/cd-pop-rock\/wp-content\/uploads\/2021\/02\/ross-jackson-ease-down-road-45T.jpg\",\"datePublished\":\"2021-02-05T10:23:32+00:00\",\"dateModified\":\"2024-08-20T09:06:27+00:00\",\"description\":\"Michael JACKSON - Diana ROSS - Ease On Down The Road - 45T - 1978, \u00e9d originale Vinyle neuf, jamais \u00e9cout\u00e9 -Prod : Quincy Jones, Bahler - MCA\",\"breadcrumb\":{\"@id\":\"https:\/\/www.verdieditions.com\/cd-pop-rock\/produit\/jackson-ross-ease-down-road-45t\/#breadcrumb\"},\"inLanguage\":\"fr-FR\",\"potentialAction\":[{\"@type\":\"ReadAction\",\"target\":[\"https:\/\/www.verdieditions.com\/cd-pop-rock\/produit\/jackson-ross-ease-down-road-45t\/\"]}]},{\"@type\":\"ImageObject\",\"inLanguage\":\"fr-FR\",\"@id\":\"https:\/\/www.verdieditions.com\/cd-pop-rock\/produit\/jackson-ross-ease-down-road-45t\/#primaryimage\",\"url\":\"https:\/\/www.verdieditions.com\/cd-pop-rock\/wp-content\/uploads\/2021\/02\/ross-jackson-ease-down-road-45T.jpg\",\"contentUrl\":\"https:\/\/www.verdieditions.com\/cd-pop-rock\/wp-content\/uploads\/2021\/02\/ross-jackson-ease-down-road-45T.jpg\",\"width\":800,\"height\":532,\"caption\":\"ross-jackson-ease-down-road-45T\"},{\"@type\":\"BreadcrumbList\",\"@id\":\"https:\/\/www.verdieditions.com\/cd-pop-rock\/produit\/jackson-ross-ease-down-road-45t\/#breadcrumb\",\"itemListElement\":[{\"@type\":\"ListItem\",\"position\":1,\"name\":\"Accueil\",\"item\":\"https:\/\/www.verdieditions.com\/cd-pop-rock\/\"},{\"@type\":\"ListItem\",\"position\":2,\"name\":\"La Boutique\",\"item\":\"https:\/\/www.verdieditions.com\/cd-pop-rock\/boutique\/\"},{\"@type\":\"ListItem\",\"position\":3,\"name\":\"Michael JACKSON &#8211; Diana ROSS &#8211; Ease On Down The Road &#8211; 45T\"}]},{\"@type\":\"WebSite\",\"@id\":\"https:\/\/www.verdieditions.com\/cd-pop-rock\/#website\",\"url\":\"https:\/\/www.verdieditions.com\/cd-pop-rock\/\",\"name\":\"CD Pop Rock\",\"description\":\"CD, K7, Vinyles, VHS et DVD de Musique Pop et Rock vintage\",\"publisher\":{\"@id\":\"https:\/\/www.verdieditions.com\/cd-pop-rock\/#\/schema\/person\/3a9da867add08338474907117bf9668a\"},\"potentialAction\":[{\"@type\":\"SearchAction\",\"target\":{\"@type\":\"EntryPoint\",\"urlTemplate\":\"https:\/\/www.verdieditions.com\/cd-pop-rock\/?s={search_term_string}\"},\"query-input\":{\"@type\":\"PropertyValueSpecification\",\"valueRequired\":true,\"valueName\":\"search_term_string\"}}],\"inLanguage\":\"fr-FR\"},{\"@type\":[\"Person\",\"Organization\"],\"@id\":\"https:\/\/www.verdieditions.com\/cd-pop-rock\/#\/schema\/person\/3a9da867add08338474907117bf9668a\",\"name\":\"Sylvie VERDI\",\"image\":{\"@type\":\"ImageObject\",\"inLanguage\":\"fr-FR\",\"@id\":\"https:\/\/www.verdieditions.com\/cd-pop-rock\/#\/schema\/person\/image\/\",\"url\":\"https:\/\/www.verdieditions.com\/cd-pop-rock\/wp-content\/uploads\/2021\/01\/cropped-favicon-cd-pop-rock-vinyle-32x32-1.png\",\"contentUrl\":\"https:\/\/www.verdieditions.com\/cd-pop-rock\/wp-content\/uploads\/2021\/01\/cropped-favicon-cd-pop-rock-vinyle-32x32-1.png\",\"width\":512,\"height\":512,\"caption\":\"Sylvie VERDI\"},\"logo\":{\"@id\":\"https:\/\/www.verdieditions.com\/cd-pop-rock\/#\/schema\/person\/image\/\"},\"sameAs\":[\"https:\/\/www.verdieditions.com\/cd-pop-rock\",\"https:\/\/www.facebook.com\/CD-Pop-Rock-107168374818139\"]}]}<\/script>\n<!-- \/ Yoast SEO plugin. -->","yoast_head_json":{"title":"Michael JACKSON - Diana ROSS - Ease On Down The Road - 45T","description":"Michael JACKSON - Diana ROSS - Ease On Down The Road - 45T - 1978, \u00e9d originale Vinyle neuf, jamais \u00e9cout\u00e9 -Prod : Quincy Jones, Bahler - MCA","robots":{"index":"index","follow":"follow","max-snippet":"max-snippet:-1","max-image-preview":"max-image-preview:large","max-video-preview":"max-video-preview:-1"},"canonical":"https:\/\/www.verdieditions.com\/cd-pop-rock\/produit\/jackson-ross-ease-down-road-45t\/","og_locale":"fr_FR","og_type":"article","og_title":"Michael JACKSON - Diana ROSS - Ease On Down The Road - 45T","og_description":"Michael JACKSON - Diana ROSS - Ease On Down The Road - 45T - 1978, \u00e9d originale Vinyle neuf, jamais \u00e9cout\u00e9 -Prod : Quincy Jones, Bahler - MCA","og_url":"https:\/\/www.verdieditions.com\/cd-pop-rock\/produit\/jackson-ross-ease-down-road-45t\/","og_site_name":"CD Pop Rock","article_publisher":"https:\/\/www.facebook.com\/CD-Pop-Rock-107168374818139","article_modified_time":"2024-08-20T09:06:27+00:00","og_image":[{"width":800,"height":532,"url":"https:\/\/www.verdieditions.com\/cd-pop-rock\/wp-content\/uploads\/2021\/02\/ross-jackson-ease-down-road-45T.jpg","type":"image\/jpeg"}],"twitter_card":"summary_large_image","twitter_misc":{"Dur\u00e9e de lecture estim\u00e9e":"1 minute"},"schema":{"@context":"https:\/\/schema.org","@graph":[{"@type":"WebPage","@id":"https:\/\/www.verdieditions.com\/cd-pop-rock\/produit\/jackson-ross-ease-down-road-45t\/","url":"https:\/\/www.verdieditions.com\/cd-pop-rock\/produit\/jackson-ross-ease-down-road-45t\/","name":"Michael JACKSON - Diana ROSS - Ease On Down The Road - 45T","isPartOf":{"@id":"https:\/\/www.verdieditions.com\/cd-pop-rock\/#website"},"primaryImageOfPage":{"@id":"https:\/\/www.verdieditions.com\/cd-pop-rock\/produit\/jackson-ross-ease-down-road-45t\/#primaryimage"},"image":{"@id":"https:\/\/www.verdieditions.com\/cd-pop-rock\/produit\/jackson-ross-ease-down-road-45t\/#primaryimage"},"thumbnailUrl":"https:\/\/www.verdieditions.com\/cd-pop-rock\/wp-content\/uploads\/2021\/02\/ross-jackson-ease-down-road-45T.jpg","datePublished":"2021-02-05T10:23:32+00:00","dateModified":"2024-08-20T09:06:27+00:00","description":"Michael JACKSON - Diana ROSS - Ease On Down The Road - 45T - 1978, \u00e9d originale Vinyle neuf, jamais \u00e9cout\u00e9 -Prod : Quincy Jones, Bahler - MCA","breadcrumb":{"@id":"https:\/\/www.verdieditions.com\/cd-pop-rock\/produit\/jackson-ross-ease-down-road-45t\/#breadcrumb"},"inLanguage":"fr-FR","potentialAction":[{"@type":"ReadAction","target":["https:\/\/www.verdieditions.com\/cd-pop-rock\/produit\/jackson-ross-ease-down-road-45t\/"]}]},{"@type":"ImageObject","inLanguage":"fr-FR","@id":"https:\/\/www.verdieditions.com\/cd-pop-rock\/produit\/jackson-ross-ease-down-road-45t\/#primaryimage","url":"https:\/\/www.verdieditions.com\/cd-pop-rock\/wp-content\/uploads\/2021\/02\/ross-jackson-ease-down-road-45T.jpg","contentUrl":"https:\/\/www.verdieditions.com\/cd-pop-rock\/wp-content\/uploads\/2021\/02\/ross-jackson-ease-down-road-45T.jpg","width":800,"height":532,"caption":"ross-jackson-ease-down-road-45T"},{"@type":"BreadcrumbList","@id":"https:\/\/www.verdieditions.com\/cd-pop-rock\/produit\/jackson-ross-ease-down-road-45t\/#breadcrumb","itemListElement":[{"@type":"ListItem","position":1,"name":"Accueil","item":"https:\/\/www.verdieditions.com\/cd-pop-rock\/"},{"@type":"ListItem","position":2,"name":"La Boutique","item":"https:\/\/www.verdieditions.com\/cd-pop-rock\/boutique\/"},{"@type":"ListItem","position":3,"name":"Michael JACKSON &#8211; Diana ROSS &#8211; Ease On Down The Road &#8211; 45T"}]},{"@type":"WebSite","@id":"https:\/\/www.verdieditions.com\/cd-pop-rock\/#website","url":"https:\/\/www.verdieditions.com\/cd-pop-rock\/","name":"CD Pop Rock","description":"CD, K7, Vinyles, VHS et DVD de Musique Pop et Rock vintage","publisher":{"@id":"https:\/\/www.verdieditions.com\/cd-pop-rock\/#\/schema\/person\/3a9da867add08338474907117bf9668a"},"potentialAction":[{"@type":"SearchAction","target":{"@type":"EntryPoint","urlTemplate":"https:\/\/www.verdieditions.com\/cd-pop-rock\/?s={search_term_string}"},"query-input":{"@type":"PropertyValueSpecification","valueRequired":true,"valueName":"search_term_string"}}],"inLanguage":"fr-FR"},{"@type":["Person","Organization"],"@id":"https:\/\/www.verdieditions.com\/cd-pop-rock\/#\/schema\/person\/3a9da867add08338474907117bf9668a","name":"Sylvie VERDI","image":{"@type":"ImageObject","inLanguage":"fr-FR","@id":"https:\/\/www.verdieditions.com\/cd-pop-rock\/#\/schema\/person\/image\/","url":"https:\/\/www.verdieditions.com\/cd-pop-rock\/wp-content\/uploads\/2021\/01\/cropped-favicon-cd-pop-rock-vinyle-32x32-1.png","contentUrl":"https:\/\/www.verdieditions.com\/cd-pop-rock\/wp-content\/uploads\/2021\/01\/cropped-favicon-cd-pop-rock-vinyle-32x32-1.png","width":512,"height":512,"caption":"Sylvie VERDI"},"logo":{"@id":"https:\/\/www.verdieditions.com\/cd-pop-rock\/#\/schema\/person\/image\/"},"sameAs":["https:\/\/www.verdieditions.com\/cd-pop-rock","https:\/\/www.facebook.com\/CD-Pop-Rock-107168374818139"]}]}},"_links":{"self":[{"href":"https:\/\/www.verdieditions.com\/cd-pop-rock\/wp-json\/wp\/v2\/product\/1299","targetHints":{"allow":["GET"]}}],"collection":[{"href":"https:\/\/www.verdieditions.com\/cd-pop-rock\/wp-json\/wp\/v2\/product"}],"about":[{"href":"https:\/\/www.verdieditions.com\/cd-pop-rock\/wp-json\/wp\/v2\/types\/product"}],"wp:featuredmedia":[{"embeddable":true,"href":"https:\/\/www.verdieditions.com\/cd-pop-rock\/wp-json\/wp\/v2\/media\/2071"}],"wp:attachment":[{"href":"https:\/\/www.verdieditions.com\/cd-pop-rock\/wp-json\/wp\/v2\/media?parent=1299"}],"wp:term":[{"taxonomy":"product_brand","embeddable":true,"href":"https:\/\/www.verdieditions.com\/cd-pop-rock\/wp-json\/wp\/v2\/product_brand?post=1299"},{"taxonomy":"product_cat","embeddable":true,"href":"https:\/\/www.verdieditions.com\/cd-pop-rock\/wp-json\/wp\/v2\/product_cat?post=1299"},{"taxonomy":"product_tag","embeddable":true,"href":"https:\/\/www.verdieditions.com\/cd-pop-rock\/wp-json\/wp\/v2\/product_tag?post=1299"}],"curies":[{"name":"wp","href":"https:\/\/api.w.org\/{rel}","templated":true}]}}