{"id":1270,"date":"2021-02-04T14:04:31","date_gmt":"2021-02-04T13:04:31","guid":{"rendered":"https:\/\/www.verdieditions.com\/cd-pop-rock\/?post_type=product&#038;p=1270"},"modified":"2024-08-20T11:06:34","modified_gmt":"2024-08-20T09:06:34","slug":"tina-turner-another-hero-45t","status":"publish","type":"product","link":"https:\/\/www.verdieditions.com\/cd-pop-rock\/produit\/tina-turner-another-hero-45t\/","title":{"rendered":"Tina TURNER &#8211; We Don&rsquo;t Need Another Hero (Thunderdome) &#8211; 45T"},"content":{"rendered":"<p>Artiste : Tina TURNER<br \/>\nTitre : We Don&rsquo;t Need Another Hero (Thunderdome) &#8211; 45T<br \/>\nAnn\u00e9e : 1985, vinyle, \u00e9dition originale<br \/>\n<strong>Pressage ancien original de collection<br \/>\nVinyle vierge, jamais \u00e9cout\u00e9<\/strong><br \/>\nGenre : New wave, Pop rock, Musique de film<br \/>\nProducteur : Terry Britten, Graham Lyle<br \/>\nLabel : Capitol Records<\/p>\n<p>A\tWe Don&rsquo;t Need Another Hero (Thunderdome)<br \/>\nB\tWe Don&rsquo;t Need Another Hero (Thunderdome) Instrumental version<\/p>\n<p>\u00ab\u00a0We Don&rsquo;t Need Another Hero (Thunderdome)\u00a0\u00bb est une chanson de 1985 de Tina Turner. Elle est apparue dans le film Mad Max Beyond Thunderdome de 1985, avec Turner et Mel Gibson. La chanson a \u00e9t\u00e9 \u00e9crite par Terry Britten et Graham Lyle.<\/p>\n","protected":false},"excerpt":{"rendered":"<p>Artiste : Tina TURNER<br \/>\nTitre : We Don&rsquo;t Need Another Hero (Thunderdome) &#8211; 45T<br \/>\nAnn\u00e9e : 1985, vinyle, \u00e9dition originale<br \/>\n<strong>Pressage ancien original de collection<br \/>\nVinyle vierge, jamais \u00e9cout\u00e9<\/strong><br \/>\nGenre : New wave, Pop rock, Musique de film<br \/>\nProducteur : Terry Britten, Graham Lyle<br \/>\nLabel : Capitol Records<\/p>\n","protected":false},"featured_media":2098,"template":"","meta":[],"product_brand":[],"product_cat":[72],"product_tag":[119,86,83,79],"class_list":{"0":"post-1270","1":"product","2":"type-product","3":"status-publish","4":"has-post-thumbnail","6":"product_cat-45t","7":"product_tag-musique-de-film","8":"product_tag-new-wave","9":"product_tag-pop","10":"product_tag-rock","12":"first","13":"instock","14":"shipping-taxable","15":"product-type-simple"},"yoast_head":"<!-- This site is optimized with the Yoast SEO plugin v27.0 - https:\/\/yoast.com\/product\/yoast-seo-wordpress\/ -->\n<title>Tina TURNER - We Don&#039;t Need Another Hero (Thunderdome) - 45T<\/title>\n<meta name=\"description\" content=\"Tina TURNER - We Don&#039;t Need Another Hero (Thunderdome) - 45T - 1985, \u00e9d originale Vinyle neuf, jamais \u00e9cout\u00e9 Prod: T Britten, G Lyle - Capitol\" \/>\n<meta name=\"robots\" content=\"index, follow, max-snippet:-1, max-image-preview:large, max-video-preview:-1\" \/>\n<link rel=\"canonical\" href=\"https:\/\/www.verdieditions.com\/cd-pop-rock\/produit\/tina-turner-another-hero-45t\/\" \/>\n<meta property=\"og:locale\" content=\"fr_FR\" \/>\n<meta property=\"og:type\" content=\"article\" \/>\n<meta property=\"og:title\" content=\"Tina TURNER - We Don&#039;t Need Another Hero (Thunderdome) - 45T\" \/>\n<meta property=\"og:description\" content=\"Tina TURNER - We Don&#039;t Need Another Hero (Thunderdome) - 45T - 1985, \u00e9d originale Vinyle neuf, jamais \u00e9cout\u00e9 Prod: T Britten, G Lyle - Capitol\" \/>\n<meta property=\"og:url\" content=\"https:\/\/www.verdieditions.com\/cd-pop-rock\/produit\/tina-turner-another-hero-45t\/\" \/>\n<meta property=\"og:site_name\" content=\"CD Pop Rock\" \/>\n<meta property=\"article:publisher\" content=\"https:\/\/www.facebook.com\/CD-Pop-Rock-107168374818139\" \/>\n<meta property=\"article:modified_time\" content=\"2024-08-20T09:06:34+00:00\" \/>\n<meta property=\"og:image\" content=\"https:\/\/www.verdieditions.com\/cd-pop-rock\/wp-content\/uploads\/2021\/02\/Tina-turner-hero-mad-max-45T.jpg\" \/>\n\t<meta property=\"og:image:width\" content=\"800\" \/>\n\t<meta property=\"og:image:height\" content=\"532\" \/>\n\t<meta property=\"og:image:type\" content=\"image\/jpeg\" \/>\n<meta name=\"twitter:card\" content=\"summary_large_image\" \/>\n<script type=\"application\/ld+json\" class=\"yoast-schema-graph\">{\"@context\":\"https:\/\/schema.org\",\"@graph\":[{\"@type\":\"WebPage\",\"@id\":\"https:\/\/www.verdieditions.com\/cd-pop-rock\/produit\/tina-turner-another-hero-45t\/\",\"url\":\"https:\/\/www.verdieditions.com\/cd-pop-rock\/produit\/tina-turner-another-hero-45t\/\",\"name\":\"Tina TURNER - We Don't Need Another Hero (Thunderdome) - 45T\",\"isPartOf\":{\"@id\":\"https:\/\/www.verdieditions.com\/cd-pop-rock\/#website\"},\"primaryImageOfPage\":{\"@id\":\"https:\/\/www.verdieditions.com\/cd-pop-rock\/produit\/tina-turner-another-hero-45t\/#primaryimage\"},\"image\":{\"@id\":\"https:\/\/www.verdieditions.com\/cd-pop-rock\/produit\/tina-turner-another-hero-45t\/#primaryimage\"},\"thumbnailUrl\":\"https:\/\/www.verdieditions.com\/cd-pop-rock\/wp-content\/uploads\/2021\/02\/Tina-turner-hero-mad-max-45T.jpg\",\"datePublished\":\"2021-02-04T13:04:31+00:00\",\"dateModified\":\"2024-08-20T09:06:34+00:00\",\"description\":\"Tina TURNER - We Don't Need Another Hero (Thunderdome) - 45T - 1985, \u00e9d originale Vinyle neuf, jamais \u00e9cout\u00e9 Prod: T Britten, G Lyle - Capitol\",\"breadcrumb\":{\"@id\":\"https:\/\/www.verdieditions.com\/cd-pop-rock\/produit\/tina-turner-another-hero-45t\/#breadcrumb\"},\"inLanguage\":\"fr-FR\",\"potentialAction\":[{\"@type\":\"ReadAction\",\"target\":[\"https:\/\/www.verdieditions.com\/cd-pop-rock\/produit\/tina-turner-another-hero-45t\/\"]}]},{\"@type\":\"ImageObject\",\"inLanguage\":\"fr-FR\",\"@id\":\"https:\/\/www.verdieditions.com\/cd-pop-rock\/produit\/tina-turner-another-hero-45t\/#primaryimage\",\"url\":\"https:\/\/www.verdieditions.com\/cd-pop-rock\/wp-content\/uploads\/2021\/02\/Tina-turner-hero-mad-max-45T.jpg\",\"contentUrl\":\"https:\/\/www.verdieditions.com\/cd-pop-rock\/wp-content\/uploads\/2021\/02\/Tina-turner-hero-mad-max-45T.jpg\",\"width\":800,\"height\":532,\"caption\":\"Tina-turner-hero-mad-max-45T\"},{\"@type\":\"BreadcrumbList\",\"@id\":\"https:\/\/www.verdieditions.com\/cd-pop-rock\/produit\/tina-turner-another-hero-45t\/#breadcrumb\",\"itemListElement\":[{\"@type\":\"ListItem\",\"position\":1,\"name\":\"Accueil\",\"item\":\"https:\/\/www.verdieditions.com\/cd-pop-rock\/\"},{\"@type\":\"ListItem\",\"position\":2,\"name\":\"La Boutique\",\"item\":\"https:\/\/www.verdieditions.com\/cd-pop-rock\/boutique\/\"},{\"@type\":\"ListItem\",\"position\":3,\"name\":\"Tina TURNER &#8211; We Don&rsquo;t Need Another Hero (Thunderdome) &#8211; 45T\"}]},{\"@type\":\"WebSite\",\"@id\":\"https:\/\/www.verdieditions.com\/cd-pop-rock\/#website\",\"url\":\"https:\/\/www.verdieditions.com\/cd-pop-rock\/\",\"name\":\"CD Pop Rock\",\"description\":\"CD, K7, Vinyles, VHS et DVD de Musique Pop et Rock vintage\",\"publisher\":{\"@id\":\"https:\/\/www.verdieditions.com\/cd-pop-rock\/#\/schema\/person\/3a9da867add08338474907117bf9668a\"},\"potentialAction\":[{\"@type\":\"SearchAction\",\"target\":{\"@type\":\"EntryPoint\",\"urlTemplate\":\"https:\/\/www.verdieditions.com\/cd-pop-rock\/?s={search_term_string}\"},\"query-input\":{\"@type\":\"PropertyValueSpecification\",\"valueRequired\":true,\"valueName\":\"search_term_string\"}}],\"inLanguage\":\"fr-FR\"},{\"@type\":[\"Person\",\"Organization\"],\"@id\":\"https:\/\/www.verdieditions.com\/cd-pop-rock\/#\/schema\/person\/3a9da867add08338474907117bf9668a\",\"name\":\"Sylvie VERDI\",\"image\":{\"@type\":\"ImageObject\",\"inLanguage\":\"fr-FR\",\"@id\":\"https:\/\/www.verdieditions.com\/cd-pop-rock\/#\/schema\/person\/image\/\",\"url\":\"https:\/\/www.verdieditions.com\/cd-pop-rock\/wp-content\/uploads\/2021\/01\/cropped-favicon-cd-pop-rock-vinyle-32x32-1.png\",\"contentUrl\":\"https:\/\/www.verdieditions.com\/cd-pop-rock\/wp-content\/uploads\/2021\/01\/cropped-favicon-cd-pop-rock-vinyle-32x32-1.png\",\"width\":512,\"height\":512,\"caption\":\"Sylvie VERDI\"},\"logo\":{\"@id\":\"https:\/\/www.verdieditions.com\/cd-pop-rock\/#\/schema\/person\/image\/\"},\"sameAs\":[\"https:\/\/www.verdieditions.com\/cd-pop-rock\",\"https:\/\/www.facebook.com\/CD-Pop-Rock-107168374818139\"]}]}<\/script>\n<!-- \/ Yoast SEO plugin. -->","yoast_head_json":{"title":"Tina TURNER - We Don't Need Another Hero (Thunderdome) - 45T","description":"Tina TURNER - We Don't Need Another Hero (Thunderdome) - 45T - 1985, \u00e9d originale Vinyle neuf, jamais \u00e9cout\u00e9 Prod: T Britten, G Lyle - Capitol","robots":{"index":"index","follow":"follow","max-snippet":"max-snippet:-1","max-image-preview":"max-image-preview:large","max-video-preview":"max-video-preview:-1"},"canonical":"https:\/\/www.verdieditions.com\/cd-pop-rock\/produit\/tina-turner-another-hero-45t\/","og_locale":"fr_FR","og_type":"article","og_title":"Tina TURNER - We Don't Need Another Hero (Thunderdome) - 45T","og_description":"Tina TURNER - We Don't Need Another Hero (Thunderdome) - 45T - 1985, \u00e9d originale Vinyle neuf, jamais \u00e9cout\u00e9 Prod: T Britten, G Lyle - Capitol","og_url":"https:\/\/www.verdieditions.com\/cd-pop-rock\/produit\/tina-turner-another-hero-45t\/","og_site_name":"CD Pop Rock","article_publisher":"https:\/\/www.facebook.com\/CD-Pop-Rock-107168374818139","article_modified_time":"2024-08-20T09:06:34+00:00","og_image":[{"width":800,"height":532,"url":"https:\/\/www.verdieditions.com\/cd-pop-rock\/wp-content\/uploads\/2021\/02\/Tina-turner-hero-mad-max-45T.jpg","type":"image\/jpeg"}],"twitter_card":"summary_large_image","schema":{"@context":"https:\/\/schema.org","@graph":[{"@type":"WebPage","@id":"https:\/\/www.verdieditions.com\/cd-pop-rock\/produit\/tina-turner-another-hero-45t\/","url":"https:\/\/www.verdieditions.com\/cd-pop-rock\/produit\/tina-turner-another-hero-45t\/","name":"Tina TURNER - We Don't Need Another Hero (Thunderdome) - 45T","isPartOf":{"@id":"https:\/\/www.verdieditions.com\/cd-pop-rock\/#website"},"primaryImageOfPage":{"@id":"https:\/\/www.verdieditions.com\/cd-pop-rock\/produit\/tina-turner-another-hero-45t\/#primaryimage"},"image":{"@id":"https:\/\/www.verdieditions.com\/cd-pop-rock\/produit\/tina-turner-another-hero-45t\/#primaryimage"},"thumbnailUrl":"https:\/\/www.verdieditions.com\/cd-pop-rock\/wp-content\/uploads\/2021\/02\/Tina-turner-hero-mad-max-45T.jpg","datePublished":"2021-02-04T13:04:31+00:00","dateModified":"2024-08-20T09:06:34+00:00","description":"Tina TURNER - We Don't Need Another Hero (Thunderdome) - 45T - 1985, \u00e9d originale Vinyle neuf, jamais \u00e9cout\u00e9 Prod: T Britten, G Lyle - Capitol","breadcrumb":{"@id":"https:\/\/www.verdieditions.com\/cd-pop-rock\/produit\/tina-turner-another-hero-45t\/#breadcrumb"},"inLanguage":"fr-FR","potentialAction":[{"@type":"ReadAction","target":["https:\/\/www.verdieditions.com\/cd-pop-rock\/produit\/tina-turner-another-hero-45t\/"]}]},{"@type":"ImageObject","inLanguage":"fr-FR","@id":"https:\/\/www.verdieditions.com\/cd-pop-rock\/produit\/tina-turner-another-hero-45t\/#primaryimage","url":"https:\/\/www.verdieditions.com\/cd-pop-rock\/wp-content\/uploads\/2021\/02\/Tina-turner-hero-mad-max-45T.jpg","contentUrl":"https:\/\/www.verdieditions.com\/cd-pop-rock\/wp-content\/uploads\/2021\/02\/Tina-turner-hero-mad-max-45T.jpg","width":800,"height":532,"caption":"Tina-turner-hero-mad-max-45T"},{"@type":"BreadcrumbList","@id":"https:\/\/www.verdieditions.com\/cd-pop-rock\/produit\/tina-turner-another-hero-45t\/#breadcrumb","itemListElement":[{"@type":"ListItem","position":1,"name":"Accueil","item":"https:\/\/www.verdieditions.com\/cd-pop-rock\/"},{"@type":"ListItem","position":2,"name":"La Boutique","item":"https:\/\/www.verdieditions.com\/cd-pop-rock\/boutique\/"},{"@type":"ListItem","position":3,"name":"Tina TURNER &#8211; We Don&rsquo;t Need Another Hero (Thunderdome) &#8211; 45T"}]},{"@type":"WebSite","@id":"https:\/\/www.verdieditions.com\/cd-pop-rock\/#website","url":"https:\/\/www.verdieditions.com\/cd-pop-rock\/","name":"CD Pop Rock","description":"CD, K7, Vinyles, VHS et DVD de Musique Pop et Rock vintage","publisher":{"@id":"https:\/\/www.verdieditions.com\/cd-pop-rock\/#\/schema\/person\/3a9da867add08338474907117bf9668a"},"potentialAction":[{"@type":"SearchAction","target":{"@type":"EntryPoint","urlTemplate":"https:\/\/www.verdieditions.com\/cd-pop-rock\/?s={search_term_string}"},"query-input":{"@type":"PropertyValueSpecification","valueRequired":true,"valueName":"search_term_string"}}],"inLanguage":"fr-FR"},{"@type":["Person","Organization"],"@id":"https:\/\/www.verdieditions.com\/cd-pop-rock\/#\/schema\/person\/3a9da867add08338474907117bf9668a","name":"Sylvie VERDI","image":{"@type":"ImageObject","inLanguage":"fr-FR","@id":"https:\/\/www.verdieditions.com\/cd-pop-rock\/#\/schema\/person\/image\/","url":"https:\/\/www.verdieditions.com\/cd-pop-rock\/wp-content\/uploads\/2021\/01\/cropped-favicon-cd-pop-rock-vinyle-32x32-1.png","contentUrl":"https:\/\/www.verdieditions.com\/cd-pop-rock\/wp-content\/uploads\/2021\/01\/cropped-favicon-cd-pop-rock-vinyle-32x32-1.png","width":512,"height":512,"caption":"Sylvie VERDI"},"logo":{"@id":"https:\/\/www.verdieditions.com\/cd-pop-rock\/#\/schema\/person\/image\/"},"sameAs":["https:\/\/www.verdieditions.com\/cd-pop-rock","https:\/\/www.facebook.com\/CD-Pop-Rock-107168374818139"]}]}},"_links":{"self":[{"href":"https:\/\/www.verdieditions.com\/cd-pop-rock\/wp-json\/wp\/v2\/product\/1270","targetHints":{"allow":["GET"]}}],"collection":[{"href":"https:\/\/www.verdieditions.com\/cd-pop-rock\/wp-json\/wp\/v2\/product"}],"about":[{"href":"https:\/\/www.verdieditions.com\/cd-pop-rock\/wp-json\/wp\/v2\/types\/product"}],"wp:featuredmedia":[{"embeddable":true,"href":"https:\/\/www.verdieditions.com\/cd-pop-rock\/wp-json\/wp\/v2\/media\/2098"}],"wp:attachment":[{"href":"https:\/\/www.verdieditions.com\/cd-pop-rock\/wp-json\/wp\/v2\/media?parent=1270"}],"wp:term":[{"taxonomy":"product_brand","embeddable":true,"href":"https:\/\/www.verdieditions.com\/cd-pop-rock\/wp-json\/wp\/v2\/product_brand?post=1270"},{"taxonomy":"product_cat","embeddable":true,"href":"https:\/\/www.verdieditions.com\/cd-pop-rock\/wp-json\/wp\/v2\/product_cat?post=1270"},{"taxonomy":"product_tag","embeddable":true,"href":"https:\/\/www.verdieditions.com\/cd-pop-rock\/wp-json\/wp\/v2\/product_tag?post=1270"}],"curies":[{"name":"wp","href":"https:\/\/api.w.org\/{rel}","templated":true}]}}