{"id":1236,"date":"2021-02-03T14:43:18","date_gmt":"2021-02-03T13:43:18","guid":{"rendered":"https:\/\/www.verdieditions.com\/cd-pop-rock\/?post_type=product&#038;p=1236"},"modified":"2024-02-23T01:01:55","modified_gmt":"2024-02-23T00:01:55","slug":"elton-john-bernie-taupin-two-rooms","status":"publish","type":"product","link":"https:\/\/www.verdieditions.com\/cd-pop-rock\/produit\/elton-john-bernie-taupin-two-rooms\/","title":{"rendered":"TWO ROOMS &#8211; Celebrating The Songs Of Elton JOHN &#038; Bernie TAUPIN"},"content":{"rendered":"<p>Artiste : TWO ROOMS<br \/>\nTitre : Celebrating The Songs Of Elton JOHN &#038; Bernie TAUPIN &#8211; CD<br \/>\nAnn\u00e9e : 1991, \u00e9dition originale<br \/>\nGenre : Rock<br \/>\nProducteur : &#8211;<br \/>\nLabel : Polydor<\/p>\n<p>1. \u00ab\u00a0Border Song\u00a0\u00bb \u2013 Eric Clapton 4:21<br \/>\n2. \u00ab\u00a0Rocket Man (I Think It&rsquo;s Going to Be a Long, Long Time)\u00a0\u00bb \u2013 Kate Bush 4:57<br \/>\n3. \u00ab\u00a0Come Down in Time\u00a0\u00bb \u2013 Sting 3:38<br \/>\n4. \u00ab\u00a0Saturday Night&rsquo;s Alright for Fighting\u00a0\u00bb \u2013 The Who 4:32<br \/>\n5. \u00ab\u00a0Crocodile Rock\u00a0\u00bb \u2013 The Beach Boys 4:21<br \/>\n6. \u00ab\u00a0Daniel\u00a0\u00bb \u2013 Wilson Phillips 4:03<br \/>\n7. \u00ab\u00a0Sorry Seems to Be the Hardest Word\u00a0\u00bb \u2013 Joe Cocker 3:57<br \/>\n8. \u00ab\u00a0Levon\u00a0\u00bb \u2013 Jon Bon Jovi 5:27<br \/>\n9. \u00ab\u00a0The Bitch is Back\u00a0\u00bb \u2013 Tina Turner 3:38<br \/>\n10. \u00ab\u00a0Philadelphia Freedom\u00a0\u00bb \u2013 Hall &#038; Oates 5:12<br \/>\n11. \u00ab\u00a0Your Song\u00a0\u00bb \u2013 Rod Stewart 4:49<br \/>\n12. \u00ab\u00a0Don&rsquo;t Let the Sun Go Down on Me\u00a0\u00bb \u2013 Oleta Adams 6:02<br \/>\n13. \u00ab\u00a0Madman Across the Water\u00a0\u00bb \u2013 Bruce Hornsby 6:10<br \/>\n14. \u00ab\u00a0Sacrifice\u00a0\u00bb \u2013 Sin\u00e9ad O&rsquo;Connor 5:12<br \/>\n15. \u00ab\u00a0Burn Down the Mission\u00a0\u00bb \u2013 Phil Collins 6:11<br \/>\n16. \u00ab\u00a0Tonight\u00a0\u00bb \u2013 George Michael 7:23<\/p>\n<p>\u00ab\u00a0Two Rooms : Celebrating the Songs of Elton John &#038; Bernie Taupin\u00a0\u00bb est un album hommage de 1991, compos\u00e9 d&rsquo;interpr\u00e9tations de seize chansons \u00e9crites par Elton John et Bernie Taupin. Le titre fait r\u00e9f\u00e9rence \u00e0 une chanson de l&rsquo;album \u00ab\u00a021 at 33\u00a0\u00bb de John, \u00ab\u00a0Two Rooms at the End of the World\u00a0\u00bb, et au style de collaboration inhabituel du duo ; c&rsquo;est \u00e9galement le titre d&rsquo;un film de 1991 documentant leur collaboration.<\/p>\n<p>Traduit avec www.DeepL.com\/Translator (version gratuite)<\/p>\n","protected":false},"excerpt":{"rendered":"<p>Artiste : TWO ROOMS<br \/>\nTitre : Celebrating The Songs Of Elton JOHN &#038; Bernie TAUPIN &#8211; CD<br \/>\nAnn\u00e9e : 1991, \u00e9dition originale<br \/>\nGenre : Rock<br \/>\nProducteur : &#8211;<br \/>\nLabel : Polydor<\/p>\n","protected":false},"featured_media":1851,"template":"","meta":[],"product_brand":[],"product_cat":[71],"product_tag":[79],"class_list":{"0":"post-1236","1":"product","2":"type-product","3":"status-publish","4":"has-post-thumbnail","6":"product_cat-cd","7":"product_tag-rock","9":"first","10":"outofstock","11":"shipping-taxable","12":"product-type-simple"},"yoast_head":"<!-- This site is optimized with the Yoast SEO plugin v27.0 - https:\/\/yoast.com\/product\/yoast-seo-wordpress\/ -->\n<title>TWO ROOMS - Celebrating The Songs Of Elton JOHN &amp; Bernie TAUPIN<\/title>\n<meta name=\"description\" content=\"TWO ROOMS - Titre : Celebrating The Songs Of Elton JOHN &amp; Bernie TAUPIN - 1991, CD \u00e9dition originale - Genre : Rock - Label : Polydor\" \/>\n<meta name=\"robots\" content=\"index, follow, max-snippet:-1, max-image-preview:large, max-video-preview:-1\" \/>\n<link rel=\"canonical\" href=\"https:\/\/www.verdieditions.com\/cd-pop-rock\/produit\/elton-john-bernie-taupin-two-rooms\/\" \/>\n<meta property=\"og:locale\" content=\"fr_FR\" \/>\n<meta property=\"og:type\" content=\"article\" \/>\n<meta property=\"og:title\" content=\"TWO ROOMS - Celebrating The Songs Of Elton JOHN &amp; Bernie TAUPIN\" \/>\n<meta property=\"og:description\" content=\"TWO ROOMS - Titre : Celebrating The Songs Of Elton JOHN &amp; Bernie TAUPIN - 1991, CD \u00e9dition originale - Genre : Rock - Label : Polydor\" \/>\n<meta property=\"og:url\" content=\"https:\/\/www.verdieditions.com\/cd-pop-rock\/produit\/elton-john-bernie-taupin-two-rooms\/\" \/>\n<meta property=\"og:site_name\" content=\"CD Pop Rock\" \/>\n<meta property=\"article:publisher\" content=\"https:\/\/www.facebook.com\/CD-Pop-Rock-107168374818139\" \/>\n<meta property=\"article:modified_time\" content=\"2024-02-23T00:01:55+00:00\" \/>\n<meta property=\"og:image\" content=\"https:\/\/www.verdieditions.com\/cd-pop-rock\/wp-content\/uploads\/2021\/02\/two-rooms-elton-john-bernie-taupin-CD.jpg\" \/>\n\t<meta property=\"og:image:width\" content=\"800\" \/>\n\t<meta property=\"og:image:height\" content=\"532\" \/>\n\t<meta property=\"og:image:type\" content=\"image\/jpeg\" \/>\n<meta name=\"twitter:card\" content=\"summary_large_image\" \/>\n<meta name=\"twitter:label1\" content=\"Dur\u00e9e de lecture estim\u00e9e\" \/>\n\t<meta name=\"twitter:data1\" content=\"1 minute\" \/>\n<script type=\"application\/ld+json\" class=\"yoast-schema-graph\">{\"@context\":\"https:\/\/schema.org\",\"@graph\":[{\"@type\":\"WebPage\",\"@id\":\"https:\/\/www.verdieditions.com\/cd-pop-rock\/produit\/elton-john-bernie-taupin-two-rooms\/\",\"url\":\"https:\/\/www.verdieditions.com\/cd-pop-rock\/produit\/elton-john-bernie-taupin-two-rooms\/\",\"name\":\"TWO ROOMS - Celebrating The Songs Of Elton JOHN & Bernie TAUPIN\",\"isPartOf\":{\"@id\":\"https:\/\/www.verdieditions.com\/cd-pop-rock\/#website\"},\"primaryImageOfPage\":{\"@id\":\"https:\/\/www.verdieditions.com\/cd-pop-rock\/produit\/elton-john-bernie-taupin-two-rooms\/#primaryimage\"},\"image\":{\"@id\":\"https:\/\/www.verdieditions.com\/cd-pop-rock\/produit\/elton-john-bernie-taupin-two-rooms\/#primaryimage\"},\"thumbnailUrl\":\"https:\/\/www.verdieditions.com\/cd-pop-rock\/wp-content\/uploads\/2021\/02\/two-rooms-elton-john-bernie-taupin-CD.jpg\",\"datePublished\":\"2021-02-03T13:43:18+00:00\",\"dateModified\":\"2024-02-23T00:01:55+00:00\",\"description\":\"TWO ROOMS - Titre : Celebrating The Songs Of Elton JOHN & Bernie TAUPIN - 1991, CD \u00e9dition originale - Genre : Rock - Label : Polydor\",\"breadcrumb\":{\"@id\":\"https:\/\/www.verdieditions.com\/cd-pop-rock\/produit\/elton-john-bernie-taupin-two-rooms\/#breadcrumb\"},\"inLanguage\":\"fr-FR\",\"potentialAction\":[{\"@type\":\"ReadAction\",\"target\":[\"https:\/\/www.verdieditions.com\/cd-pop-rock\/produit\/elton-john-bernie-taupin-two-rooms\/\"]}]},{\"@type\":\"ImageObject\",\"inLanguage\":\"fr-FR\",\"@id\":\"https:\/\/www.verdieditions.com\/cd-pop-rock\/produit\/elton-john-bernie-taupin-two-rooms\/#primaryimage\",\"url\":\"https:\/\/www.verdieditions.com\/cd-pop-rock\/wp-content\/uploads\/2021\/02\/two-rooms-elton-john-bernie-taupin-CD.jpg\",\"contentUrl\":\"https:\/\/www.verdieditions.com\/cd-pop-rock\/wp-content\/uploads\/2021\/02\/two-rooms-elton-john-bernie-taupin-CD.jpg\",\"width\":800,\"height\":532,\"caption\":\"two-rooms-elton-john-bernie-taupin-CD\"},{\"@type\":\"BreadcrumbList\",\"@id\":\"https:\/\/www.verdieditions.com\/cd-pop-rock\/produit\/elton-john-bernie-taupin-two-rooms\/#breadcrumb\",\"itemListElement\":[{\"@type\":\"ListItem\",\"position\":1,\"name\":\"Accueil\",\"item\":\"https:\/\/www.verdieditions.com\/cd-pop-rock\/\"},{\"@type\":\"ListItem\",\"position\":2,\"name\":\"La Boutique\",\"item\":\"https:\/\/www.verdieditions.com\/cd-pop-rock\/boutique\/\"},{\"@type\":\"ListItem\",\"position\":3,\"name\":\"TWO ROOMS &#8211; Celebrating The Songs Of Elton JOHN &#038; Bernie TAUPIN\"}]},{\"@type\":\"WebSite\",\"@id\":\"https:\/\/www.verdieditions.com\/cd-pop-rock\/#website\",\"url\":\"https:\/\/www.verdieditions.com\/cd-pop-rock\/\",\"name\":\"CD Pop Rock\",\"description\":\"CD, K7, Vinyles, VHS et DVD de Musique Pop et Rock vintage\",\"publisher\":{\"@id\":\"https:\/\/www.verdieditions.com\/cd-pop-rock\/#\/schema\/person\/3a9da867add08338474907117bf9668a\"},\"potentialAction\":[{\"@type\":\"SearchAction\",\"target\":{\"@type\":\"EntryPoint\",\"urlTemplate\":\"https:\/\/www.verdieditions.com\/cd-pop-rock\/?s={search_term_string}\"},\"query-input\":{\"@type\":\"PropertyValueSpecification\",\"valueRequired\":true,\"valueName\":\"search_term_string\"}}],\"inLanguage\":\"fr-FR\"},{\"@type\":[\"Person\",\"Organization\"],\"@id\":\"https:\/\/www.verdieditions.com\/cd-pop-rock\/#\/schema\/person\/3a9da867add08338474907117bf9668a\",\"name\":\"Sylvie VERDI\",\"image\":{\"@type\":\"ImageObject\",\"inLanguage\":\"fr-FR\",\"@id\":\"https:\/\/www.verdieditions.com\/cd-pop-rock\/#\/schema\/person\/image\/\",\"url\":\"https:\/\/www.verdieditions.com\/cd-pop-rock\/wp-content\/uploads\/2021\/01\/cropped-favicon-cd-pop-rock-vinyle-32x32-1.png\",\"contentUrl\":\"https:\/\/www.verdieditions.com\/cd-pop-rock\/wp-content\/uploads\/2021\/01\/cropped-favicon-cd-pop-rock-vinyle-32x32-1.png\",\"width\":512,\"height\":512,\"caption\":\"Sylvie VERDI\"},\"logo\":{\"@id\":\"https:\/\/www.verdieditions.com\/cd-pop-rock\/#\/schema\/person\/image\/\"},\"sameAs\":[\"https:\/\/www.verdieditions.com\/cd-pop-rock\",\"https:\/\/www.facebook.com\/CD-Pop-Rock-107168374818139\"]}]}<\/script>\n<!-- \/ Yoast SEO plugin. -->","yoast_head_json":{"title":"TWO ROOMS - Celebrating The Songs Of Elton JOHN & Bernie TAUPIN","description":"TWO ROOMS - Titre : Celebrating The Songs Of Elton JOHN & Bernie TAUPIN - 1991, CD \u00e9dition originale - Genre : Rock - Label : Polydor","robots":{"index":"index","follow":"follow","max-snippet":"max-snippet:-1","max-image-preview":"max-image-preview:large","max-video-preview":"max-video-preview:-1"},"canonical":"https:\/\/www.verdieditions.com\/cd-pop-rock\/produit\/elton-john-bernie-taupin-two-rooms\/","og_locale":"fr_FR","og_type":"article","og_title":"TWO ROOMS - Celebrating The Songs Of Elton JOHN & Bernie TAUPIN","og_description":"TWO ROOMS - Titre : Celebrating The Songs Of Elton JOHN & Bernie TAUPIN - 1991, CD \u00e9dition originale - Genre : Rock - Label : Polydor","og_url":"https:\/\/www.verdieditions.com\/cd-pop-rock\/produit\/elton-john-bernie-taupin-two-rooms\/","og_site_name":"CD Pop Rock","article_publisher":"https:\/\/www.facebook.com\/CD-Pop-Rock-107168374818139","article_modified_time":"2024-02-23T00:01:55+00:00","og_image":[{"width":800,"height":532,"url":"https:\/\/www.verdieditions.com\/cd-pop-rock\/wp-content\/uploads\/2021\/02\/two-rooms-elton-john-bernie-taupin-CD.jpg","type":"image\/jpeg"}],"twitter_card":"summary_large_image","twitter_misc":{"Dur\u00e9e de lecture estim\u00e9e":"1 minute"},"schema":{"@context":"https:\/\/schema.org","@graph":[{"@type":"WebPage","@id":"https:\/\/www.verdieditions.com\/cd-pop-rock\/produit\/elton-john-bernie-taupin-two-rooms\/","url":"https:\/\/www.verdieditions.com\/cd-pop-rock\/produit\/elton-john-bernie-taupin-two-rooms\/","name":"TWO ROOMS - Celebrating The Songs Of Elton JOHN & Bernie TAUPIN","isPartOf":{"@id":"https:\/\/www.verdieditions.com\/cd-pop-rock\/#website"},"primaryImageOfPage":{"@id":"https:\/\/www.verdieditions.com\/cd-pop-rock\/produit\/elton-john-bernie-taupin-two-rooms\/#primaryimage"},"image":{"@id":"https:\/\/www.verdieditions.com\/cd-pop-rock\/produit\/elton-john-bernie-taupin-two-rooms\/#primaryimage"},"thumbnailUrl":"https:\/\/www.verdieditions.com\/cd-pop-rock\/wp-content\/uploads\/2021\/02\/two-rooms-elton-john-bernie-taupin-CD.jpg","datePublished":"2021-02-03T13:43:18+00:00","dateModified":"2024-02-23T00:01:55+00:00","description":"TWO ROOMS - Titre : Celebrating The Songs Of Elton JOHN & Bernie TAUPIN - 1991, CD \u00e9dition originale - Genre : Rock - Label : Polydor","breadcrumb":{"@id":"https:\/\/www.verdieditions.com\/cd-pop-rock\/produit\/elton-john-bernie-taupin-two-rooms\/#breadcrumb"},"inLanguage":"fr-FR","potentialAction":[{"@type":"ReadAction","target":["https:\/\/www.verdieditions.com\/cd-pop-rock\/produit\/elton-john-bernie-taupin-two-rooms\/"]}]},{"@type":"ImageObject","inLanguage":"fr-FR","@id":"https:\/\/www.verdieditions.com\/cd-pop-rock\/produit\/elton-john-bernie-taupin-two-rooms\/#primaryimage","url":"https:\/\/www.verdieditions.com\/cd-pop-rock\/wp-content\/uploads\/2021\/02\/two-rooms-elton-john-bernie-taupin-CD.jpg","contentUrl":"https:\/\/www.verdieditions.com\/cd-pop-rock\/wp-content\/uploads\/2021\/02\/two-rooms-elton-john-bernie-taupin-CD.jpg","width":800,"height":532,"caption":"two-rooms-elton-john-bernie-taupin-CD"},{"@type":"BreadcrumbList","@id":"https:\/\/www.verdieditions.com\/cd-pop-rock\/produit\/elton-john-bernie-taupin-two-rooms\/#breadcrumb","itemListElement":[{"@type":"ListItem","position":1,"name":"Accueil","item":"https:\/\/www.verdieditions.com\/cd-pop-rock\/"},{"@type":"ListItem","position":2,"name":"La Boutique","item":"https:\/\/www.verdieditions.com\/cd-pop-rock\/boutique\/"},{"@type":"ListItem","position":3,"name":"TWO ROOMS &#8211; Celebrating The Songs Of Elton JOHN &#038; Bernie TAUPIN"}]},{"@type":"WebSite","@id":"https:\/\/www.verdieditions.com\/cd-pop-rock\/#website","url":"https:\/\/www.verdieditions.com\/cd-pop-rock\/","name":"CD Pop Rock","description":"CD, K7, Vinyles, VHS et DVD de Musique Pop et Rock vintage","publisher":{"@id":"https:\/\/www.verdieditions.com\/cd-pop-rock\/#\/schema\/person\/3a9da867add08338474907117bf9668a"},"potentialAction":[{"@type":"SearchAction","target":{"@type":"EntryPoint","urlTemplate":"https:\/\/www.verdieditions.com\/cd-pop-rock\/?s={search_term_string}"},"query-input":{"@type":"PropertyValueSpecification","valueRequired":true,"valueName":"search_term_string"}}],"inLanguage":"fr-FR"},{"@type":["Person","Organization"],"@id":"https:\/\/www.verdieditions.com\/cd-pop-rock\/#\/schema\/person\/3a9da867add08338474907117bf9668a","name":"Sylvie VERDI","image":{"@type":"ImageObject","inLanguage":"fr-FR","@id":"https:\/\/www.verdieditions.com\/cd-pop-rock\/#\/schema\/person\/image\/","url":"https:\/\/www.verdieditions.com\/cd-pop-rock\/wp-content\/uploads\/2021\/01\/cropped-favicon-cd-pop-rock-vinyle-32x32-1.png","contentUrl":"https:\/\/www.verdieditions.com\/cd-pop-rock\/wp-content\/uploads\/2021\/01\/cropped-favicon-cd-pop-rock-vinyle-32x32-1.png","width":512,"height":512,"caption":"Sylvie VERDI"},"logo":{"@id":"https:\/\/www.verdieditions.com\/cd-pop-rock\/#\/schema\/person\/image\/"},"sameAs":["https:\/\/www.verdieditions.com\/cd-pop-rock","https:\/\/www.facebook.com\/CD-Pop-Rock-107168374818139"]}]}},"_links":{"self":[{"href":"https:\/\/www.verdieditions.com\/cd-pop-rock\/wp-json\/wp\/v2\/product\/1236","targetHints":{"allow":["GET"]}}],"collection":[{"href":"https:\/\/www.verdieditions.com\/cd-pop-rock\/wp-json\/wp\/v2\/product"}],"about":[{"href":"https:\/\/www.verdieditions.com\/cd-pop-rock\/wp-json\/wp\/v2\/types\/product"}],"wp:featuredmedia":[{"embeddable":true,"href":"https:\/\/www.verdieditions.com\/cd-pop-rock\/wp-json\/wp\/v2\/media\/1851"}],"wp:attachment":[{"href":"https:\/\/www.verdieditions.com\/cd-pop-rock\/wp-json\/wp\/v2\/media?parent=1236"}],"wp:term":[{"taxonomy":"product_brand","embeddable":true,"href":"https:\/\/www.verdieditions.com\/cd-pop-rock\/wp-json\/wp\/v2\/product_brand?post=1236"},{"taxonomy":"product_cat","embeddable":true,"href":"https:\/\/www.verdieditions.com\/cd-pop-rock\/wp-json\/wp\/v2\/product_cat?post=1236"},{"taxonomy":"product_tag","embeddable":true,"href":"https:\/\/www.verdieditions.com\/cd-pop-rock\/wp-json\/wp\/v2\/product_tag?post=1236"}],"curies":[{"name":"wp","href":"https:\/\/api.w.org\/{rel}","templated":true}]}}