{"id":1202,"date":"2021-02-02T16:07:07","date_gmt":"2021-02-02T15:07:07","guid":{"rendered":"https:\/\/www.verdieditions.com\/cd-pop-rock\/?post_type=product&#038;p=1202"},"modified":"2021-04-15T10:42:09","modified_gmt":"2021-04-15T08:42:09","slug":"tina-turner-wildest-dreams","status":"publish","type":"product","link":"https:\/\/www.verdieditions.com\/cd-pop-rock\/produit\/tina-turner-wildest-dreams\/","title":{"rendered":"Tina TURNER &#8211; Wildest Dreams &#8211; CD"},"content":{"rendered":"<p>Artiste : Tina TURNER<br \/>\nTitre : Wildest Dreams<br \/>\nAnn\u00e9e : 1996, \u00e9dition originale<br \/>\nGenre : Soft rock, Pop rock, Soul, R&#038;B<br \/>\nProducteur : Trevor Horn, Terry Britten<br \/>\nLabel : Parlophone, Virgin Records<\/p>\n<p>1.\tDo What You Do<br \/>\n2.\tWhatever You Want<br \/>\n3.\tMissing You<br \/>\n4.\tOn Silent Wings (featuring Sting)<br \/>\n5.\tThief of Hearts<br \/>\n6.\tIn Your Wildest Dreams (featuring Barry White)<br \/>\n7.\tGoldenEye (Single edit)<br \/>\n8.\tConfidential<br \/>\n9.\tSomething Beautiful Remains<br \/>\n10.\tAll Kinds of People<br \/>\n11.\tUnfinished Sympathy<br \/>\n12.\tDancing in My Dreams<\/p>\n<p>Wildest Dreams est le neuvi\u00e8me album studio de Tina Turner, paru le 22 ao\u00fbt 1996 sur le label Parlophone. Il a \u00e9t\u00e9 double disque de platine au Royaume-Uni et en Europe.<br \/>\nCet album de Tina Turner inclut la chanson GoldenEye, th\u00e8me du film \u00e9ponyme de la saga James Bond. Ce titre a \u00e9t\u00e9 \u00e9crit par Bono et The Edge du groupe irlandais U2 ; il a \u00e9t\u00e9 enregistr\u00e9 et est sorti en tant que single en 1995.<br \/>\nLa chanson Confidential a \u00e9t\u00e9 \u00e9crite et coproduite pour Turner par le groupe britannique Pet Shop Boys. Le chanteur et parolier du groupe, Neil Tennant, chante les ch\u0153urs de ce titre.<br \/>\nUnfinished Sympathy est une reprise d&rsquo;un titre de Massive Attack.<br \/>\nAll Kinds of People a \u00e9t\u00e9 co\u00e9crit par Sheryl Crow.<br \/>\nLa chanson In Your Wildest Dreams a \u00e9t\u00e9 r\u00e9enregistr\u00e9e en duo avec Barry White puis est sortie en single, atteignant la 32e place du UK Singles Chart. Ce duo figure sur la version am\u00e9ricaine de l&rsquo;album, dont l&rsquo;ordre des pistes est diff\u00e9rent de la version europ\u00e9enne et qui est sorti environ six mois apr\u00e8s, avec une couverture diff\u00e9rente.<br \/>\nSting chante \u00e9galement sur le titre On Silent Wings, qui s&rsquo;est hiss\u00e9 au 13e rang au Royaume-Uni.<\/p>\n","protected":false},"excerpt":{"rendered":"<p>Artiste : Tina TURNER<br \/>\nTitre : Wildest Dreams<br \/>\nAnn\u00e9e : 1996, \u00e9dition originale<br \/>\nGenre : Soft rock, Pop rock, Soul, R&#038;B<br \/>\nProducteur : Trevor Horn, Terry Britten<br \/>\nLabel : Parlophone, Virgin Records<\/p>\n","protected":false},"featured_media":2105,"template":"","meta":[],"product_brand":[],"product_cat":[71],"product_tag":[83,91,79,94,80],"class_list":{"0":"post-1202","1":"product","2":"type-product","3":"status-publish","4":"has-post-thumbnail","6":"product_cat-cd","7":"product_tag-pop","8":"product_tag-rb","9":"product_tag-rock","10":"product_tag-soft-rock","11":"product_tag-soul","13":"first","14":"instock","15":"shipping-taxable","16":"product-type-simple"},"yoast_head":"<!-- This site is optimized with the Yoast SEO plugin v27.0 - https:\/\/yoast.com\/product\/yoast-seo-wordpress\/ -->\n<title>Tina TURNER - Wildest Dreams - CD - CD Pop Rock<\/title>\n<meta name=\"description\" content=\"Tina TURNER - Wildest Dreams - 1996, \u00e9d originale - Soft rock, Pop rock, Soul, R&amp;B Prod : Trevor Horn, T. Britten Label : Parlophone, Virgin\" \/>\n<meta name=\"robots\" content=\"index, follow, max-snippet:-1, max-image-preview:large, max-video-preview:-1\" \/>\n<link rel=\"canonical\" href=\"https:\/\/www.verdieditions.com\/cd-pop-rock\/produit\/tina-turner-wildest-dreams\/\" \/>\n<meta property=\"og:locale\" content=\"fr_FR\" \/>\n<meta property=\"og:type\" content=\"article\" \/>\n<meta property=\"og:title\" content=\"Tina TURNER - Wildest Dreams - CD - CD Pop Rock\" \/>\n<meta property=\"og:description\" content=\"Tina TURNER - Wildest Dreams - 1996, \u00e9d originale - Soft rock, Pop rock, Soul, R&amp;B Prod : Trevor Horn, T. Britten Label : Parlophone, Virgin\" \/>\n<meta property=\"og:url\" content=\"https:\/\/www.verdieditions.com\/cd-pop-rock\/produit\/tina-turner-wildest-dreams\/\" \/>\n<meta property=\"og:site_name\" content=\"CD Pop Rock\" \/>\n<meta property=\"article:publisher\" content=\"https:\/\/www.facebook.com\/CD-Pop-Rock-107168374818139\" \/>\n<meta property=\"article:modified_time\" content=\"2021-04-15T08:42:09+00:00\" \/>\n<meta property=\"og:image\" content=\"https:\/\/www.verdieditions.com\/cd-pop-rock\/wp-content\/uploads\/2021\/02\/tina-turner-wildest-dreams-CD.jpg\" \/>\n\t<meta property=\"og:image:width\" content=\"800\" \/>\n\t<meta property=\"og:image:height\" content=\"532\" \/>\n\t<meta property=\"og:image:type\" content=\"image\/jpeg\" \/>\n<meta name=\"twitter:card\" content=\"summary_large_image\" \/>\n<meta name=\"twitter:label1\" content=\"Dur\u00e9e de lecture estim\u00e9e\" \/>\n\t<meta name=\"twitter:data1\" content=\"1 minute\" \/>\n<script type=\"application\/ld+json\" class=\"yoast-schema-graph\">{\"@context\":\"https:\/\/schema.org\",\"@graph\":[{\"@type\":\"WebPage\",\"@id\":\"https:\/\/www.verdieditions.com\/cd-pop-rock\/produit\/tina-turner-wildest-dreams\/\",\"url\":\"https:\/\/www.verdieditions.com\/cd-pop-rock\/produit\/tina-turner-wildest-dreams\/\",\"name\":\"Tina TURNER - Wildest Dreams - CD - CD Pop Rock\",\"isPartOf\":{\"@id\":\"https:\/\/www.verdieditions.com\/cd-pop-rock\/#website\"},\"primaryImageOfPage\":{\"@id\":\"https:\/\/www.verdieditions.com\/cd-pop-rock\/produit\/tina-turner-wildest-dreams\/#primaryimage\"},\"image\":{\"@id\":\"https:\/\/www.verdieditions.com\/cd-pop-rock\/produit\/tina-turner-wildest-dreams\/#primaryimage\"},\"thumbnailUrl\":\"https:\/\/www.verdieditions.com\/cd-pop-rock\/wp-content\/uploads\/2021\/02\/tina-turner-wildest-dreams-CD.jpg\",\"datePublished\":\"2021-02-02T15:07:07+00:00\",\"dateModified\":\"2021-04-15T08:42:09+00:00\",\"description\":\"Tina TURNER - Wildest Dreams - 1996, \u00e9d originale - Soft rock, Pop rock, Soul, R&B Prod : Trevor Horn, T. Britten Label : Parlophone, Virgin\",\"breadcrumb\":{\"@id\":\"https:\/\/www.verdieditions.com\/cd-pop-rock\/produit\/tina-turner-wildest-dreams\/#breadcrumb\"},\"inLanguage\":\"fr-FR\",\"potentialAction\":[{\"@type\":\"ReadAction\",\"target\":[\"https:\/\/www.verdieditions.com\/cd-pop-rock\/produit\/tina-turner-wildest-dreams\/\"]}]},{\"@type\":\"ImageObject\",\"inLanguage\":\"fr-FR\",\"@id\":\"https:\/\/www.verdieditions.com\/cd-pop-rock\/produit\/tina-turner-wildest-dreams\/#primaryimage\",\"url\":\"https:\/\/www.verdieditions.com\/cd-pop-rock\/wp-content\/uploads\/2021\/02\/tina-turner-wildest-dreams-CD.jpg\",\"contentUrl\":\"https:\/\/www.verdieditions.com\/cd-pop-rock\/wp-content\/uploads\/2021\/02\/tina-turner-wildest-dreams-CD.jpg\",\"width\":800,\"height\":532,\"caption\":\"tina-turner-wildest-dreams-CD\"},{\"@type\":\"BreadcrumbList\",\"@id\":\"https:\/\/www.verdieditions.com\/cd-pop-rock\/produit\/tina-turner-wildest-dreams\/#breadcrumb\",\"itemListElement\":[{\"@type\":\"ListItem\",\"position\":1,\"name\":\"Accueil\",\"item\":\"https:\/\/www.verdieditions.com\/cd-pop-rock\/\"},{\"@type\":\"ListItem\",\"position\":2,\"name\":\"La Boutique\",\"item\":\"https:\/\/www.verdieditions.com\/cd-pop-rock\/boutique\/\"},{\"@type\":\"ListItem\",\"position\":3,\"name\":\"Tina TURNER &#8211; Wildest Dreams &#8211; CD\"}]},{\"@type\":\"WebSite\",\"@id\":\"https:\/\/www.verdieditions.com\/cd-pop-rock\/#website\",\"url\":\"https:\/\/www.verdieditions.com\/cd-pop-rock\/\",\"name\":\"CD Pop Rock\",\"description\":\"CD, K7, Vinyles, VHS et DVD de Musique Pop et Rock vintage\",\"publisher\":{\"@id\":\"https:\/\/www.verdieditions.com\/cd-pop-rock\/#\/schema\/person\/3a9da867add08338474907117bf9668a\"},\"potentialAction\":[{\"@type\":\"SearchAction\",\"target\":{\"@type\":\"EntryPoint\",\"urlTemplate\":\"https:\/\/www.verdieditions.com\/cd-pop-rock\/?s={search_term_string}\"},\"query-input\":{\"@type\":\"PropertyValueSpecification\",\"valueRequired\":true,\"valueName\":\"search_term_string\"}}],\"inLanguage\":\"fr-FR\"},{\"@type\":[\"Person\",\"Organization\"],\"@id\":\"https:\/\/www.verdieditions.com\/cd-pop-rock\/#\/schema\/person\/3a9da867add08338474907117bf9668a\",\"name\":\"Sylvie VERDI\",\"image\":{\"@type\":\"ImageObject\",\"inLanguage\":\"fr-FR\",\"@id\":\"https:\/\/www.verdieditions.com\/cd-pop-rock\/#\/schema\/person\/image\/\",\"url\":\"https:\/\/www.verdieditions.com\/cd-pop-rock\/wp-content\/uploads\/2021\/01\/cropped-favicon-cd-pop-rock-vinyle-32x32-1.png\",\"contentUrl\":\"https:\/\/www.verdieditions.com\/cd-pop-rock\/wp-content\/uploads\/2021\/01\/cropped-favicon-cd-pop-rock-vinyle-32x32-1.png\",\"width\":512,\"height\":512,\"caption\":\"Sylvie VERDI\"},\"logo\":{\"@id\":\"https:\/\/www.verdieditions.com\/cd-pop-rock\/#\/schema\/person\/image\/\"},\"sameAs\":[\"https:\/\/www.verdieditions.com\/cd-pop-rock\",\"https:\/\/www.facebook.com\/CD-Pop-Rock-107168374818139\"]}]}<\/script>\n<!-- \/ Yoast SEO plugin. -->","yoast_head_json":{"title":"Tina TURNER - Wildest Dreams - CD - CD Pop Rock","description":"Tina TURNER - Wildest Dreams - 1996, \u00e9d originale - Soft rock, Pop rock, Soul, R&B Prod : Trevor Horn, T. Britten Label : Parlophone, Virgin","robots":{"index":"index","follow":"follow","max-snippet":"max-snippet:-1","max-image-preview":"max-image-preview:large","max-video-preview":"max-video-preview:-1"},"canonical":"https:\/\/www.verdieditions.com\/cd-pop-rock\/produit\/tina-turner-wildest-dreams\/","og_locale":"fr_FR","og_type":"article","og_title":"Tina TURNER - Wildest Dreams - CD - CD Pop Rock","og_description":"Tina TURNER - Wildest Dreams - 1996, \u00e9d originale - Soft rock, Pop rock, Soul, R&B Prod : Trevor Horn, T. Britten Label : Parlophone, Virgin","og_url":"https:\/\/www.verdieditions.com\/cd-pop-rock\/produit\/tina-turner-wildest-dreams\/","og_site_name":"CD Pop Rock","article_publisher":"https:\/\/www.facebook.com\/CD-Pop-Rock-107168374818139","article_modified_time":"2021-04-15T08:42:09+00:00","og_image":[{"width":800,"height":532,"url":"https:\/\/www.verdieditions.com\/cd-pop-rock\/wp-content\/uploads\/2021\/02\/tina-turner-wildest-dreams-CD.jpg","type":"image\/jpeg"}],"twitter_card":"summary_large_image","twitter_misc":{"Dur\u00e9e de lecture estim\u00e9e":"1 minute"},"schema":{"@context":"https:\/\/schema.org","@graph":[{"@type":"WebPage","@id":"https:\/\/www.verdieditions.com\/cd-pop-rock\/produit\/tina-turner-wildest-dreams\/","url":"https:\/\/www.verdieditions.com\/cd-pop-rock\/produit\/tina-turner-wildest-dreams\/","name":"Tina TURNER - Wildest Dreams - CD - CD Pop Rock","isPartOf":{"@id":"https:\/\/www.verdieditions.com\/cd-pop-rock\/#website"},"primaryImageOfPage":{"@id":"https:\/\/www.verdieditions.com\/cd-pop-rock\/produit\/tina-turner-wildest-dreams\/#primaryimage"},"image":{"@id":"https:\/\/www.verdieditions.com\/cd-pop-rock\/produit\/tina-turner-wildest-dreams\/#primaryimage"},"thumbnailUrl":"https:\/\/www.verdieditions.com\/cd-pop-rock\/wp-content\/uploads\/2021\/02\/tina-turner-wildest-dreams-CD.jpg","datePublished":"2021-02-02T15:07:07+00:00","dateModified":"2021-04-15T08:42:09+00:00","description":"Tina TURNER - Wildest Dreams - 1996, \u00e9d originale - Soft rock, Pop rock, Soul, R&B Prod : Trevor Horn, T. Britten Label : Parlophone, Virgin","breadcrumb":{"@id":"https:\/\/www.verdieditions.com\/cd-pop-rock\/produit\/tina-turner-wildest-dreams\/#breadcrumb"},"inLanguage":"fr-FR","potentialAction":[{"@type":"ReadAction","target":["https:\/\/www.verdieditions.com\/cd-pop-rock\/produit\/tina-turner-wildest-dreams\/"]}]},{"@type":"ImageObject","inLanguage":"fr-FR","@id":"https:\/\/www.verdieditions.com\/cd-pop-rock\/produit\/tina-turner-wildest-dreams\/#primaryimage","url":"https:\/\/www.verdieditions.com\/cd-pop-rock\/wp-content\/uploads\/2021\/02\/tina-turner-wildest-dreams-CD.jpg","contentUrl":"https:\/\/www.verdieditions.com\/cd-pop-rock\/wp-content\/uploads\/2021\/02\/tina-turner-wildest-dreams-CD.jpg","width":800,"height":532,"caption":"tina-turner-wildest-dreams-CD"},{"@type":"BreadcrumbList","@id":"https:\/\/www.verdieditions.com\/cd-pop-rock\/produit\/tina-turner-wildest-dreams\/#breadcrumb","itemListElement":[{"@type":"ListItem","position":1,"name":"Accueil","item":"https:\/\/www.verdieditions.com\/cd-pop-rock\/"},{"@type":"ListItem","position":2,"name":"La Boutique","item":"https:\/\/www.verdieditions.com\/cd-pop-rock\/boutique\/"},{"@type":"ListItem","position":3,"name":"Tina TURNER &#8211; Wildest Dreams &#8211; CD"}]},{"@type":"WebSite","@id":"https:\/\/www.verdieditions.com\/cd-pop-rock\/#website","url":"https:\/\/www.verdieditions.com\/cd-pop-rock\/","name":"CD Pop Rock","description":"CD, K7, Vinyles, VHS et DVD de Musique Pop et Rock vintage","publisher":{"@id":"https:\/\/www.verdieditions.com\/cd-pop-rock\/#\/schema\/person\/3a9da867add08338474907117bf9668a"},"potentialAction":[{"@type":"SearchAction","target":{"@type":"EntryPoint","urlTemplate":"https:\/\/www.verdieditions.com\/cd-pop-rock\/?s={search_term_string}"},"query-input":{"@type":"PropertyValueSpecification","valueRequired":true,"valueName":"search_term_string"}}],"inLanguage":"fr-FR"},{"@type":["Person","Organization"],"@id":"https:\/\/www.verdieditions.com\/cd-pop-rock\/#\/schema\/person\/3a9da867add08338474907117bf9668a","name":"Sylvie VERDI","image":{"@type":"ImageObject","inLanguage":"fr-FR","@id":"https:\/\/www.verdieditions.com\/cd-pop-rock\/#\/schema\/person\/image\/","url":"https:\/\/www.verdieditions.com\/cd-pop-rock\/wp-content\/uploads\/2021\/01\/cropped-favicon-cd-pop-rock-vinyle-32x32-1.png","contentUrl":"https:\/\/www.verdieditions.com\/cd-pop-rock\/wp-content\/uploads\/2021\/01\/cropped-favicon-cd-pop-rock-vinyle-32x32-1.png","width":512,"height":512,"caption":"Sylvie VERDI"},"logo":{"@id":"https:\/\/www.verdieditions.com\/cd-pop-rock\/#\/schema\/person\/image\/"},"sameAs":["https:\/\/www.verdieditions.com\/cd-pop-rock","https:\/\/www.facebook.com\/CD-Pop-Rock-107168374818139"]}]}},"_links":{"self":[{"href":"https:\/\/www.verdieditions.com\/cd-pop-rock\/wp-json\/wp\/v2\/product\/1202","targetHints":{"allow":["GET"]}}],"collection":[{"href":"https:\/\/www.verdieditions.com\/cd-pop-rock\/wp-json\/wp\/v2\/product"}],"about":[{"href":"https:\/\/www.verdieditions.com\/cd-pop-rock\/wp-json\/wp\/v2\/types\/product"}],"wp:featuredmedia":[{"embeddable":true,"href":"https:\/\/www.verdieditions.com\/cd-pop-rock\/wp-json\/wp\/v2\/media\/2105"}],"wp:attachment":[{"href":"https:\/\/www.verdieditions.com\/cd-pop-rock\/wp-json\/wp\/v2\/media?parent=1202"}],"wp:term":[{"taxonomy":"product_brand","embeddable":true,"href":"https:\/\/www.verdieditions.com\/cd-pop-rock\/wp-json\/wp\/v2\/product_brand?post=1202"},{"taxonomy":"product_cat","embeddable":true,"href":"https:\/\/www.verdieditions.com\/cd-pop-rock\/wp-json\/wp\/v2\/product_cat?post=1202"},{"taxonomy":"product_tag","embeddable":true,"href":"https:\/\/www.verdieditions.com\/cd-pop-rock\/wp-json\/wp\/v2\/product_tag?post=1202"}],"curies":[{"name":"wp","href":"https:\/\/api.w.org\/{rel}","templated":true}]}}