{"id":1199,"date":"2021-02-02T15:40:51","date_gmt":"2021-02-02T14:40:51","guid":{"rendered":"https:\/\/www.verdieditions.com\/cd-pop-rock\/?post_type=product&#038;p=1199"},"modified":"2021-04-15T10:20:15","modified_gmt":"2021-04-15T08:20:15","slug":"tina-turner-break-every-rule-k7","status":"publish","type":"product","link":"https:\/\/www.verdieditions.com\/cd-pop-rock\/produit\/tina-turner-break-every-rule-k7\/","title":{"rendered":"Tina TURNER &#8211; Break Every Rule &#8211; K7"},"content":{"rendered":"<p>Artiste : Tina TURNER<br \/>\nTitre : Break Every Rule<br \/>\nAnn\u00e9e : 1986, \u00e9dition originale<br \/>\nGenre : Pop, rock, Soul<br \/>\nProducteur : Bryan Adams, Terry Britten, Neil Dorfsman, Mark Knopfler, Bob Clearmountain, Rupert Hine<br \/>\nLabel : Capitol<\/p>\n<p>Face 1<br \/>\n1.\t\u00ab\u00a0Typical Male\u00a0\u00bb &#8211; Terry Britten, Graham Lyle &#8211; 4:18<br \/>\n2.\t\u00ab\u00a0What You Get Is What You See\u00a0\u00bb &#8211; Britten, Lyle &#8211; 4:31<br \/>\n3.\t\u00ab\u00a0Two People\u00a0\u00bb &#8211; Britten, Lyle &#8211; 4:11<br \/>\n4.\t\u00ab\u00a0Till the Right Man Comes Along\u00a0\u00bb &#8211; Britten, Lyle &#8211; 4:11<br \/>\n5.\t\u00ab\u00a0Afterglow\u00a0\u00bb &#8211; Britten, Lyle &#8211; 4:30<br \/>\n6.\t\u00ab\u00a0Girls\u00a0\u00bb &#8211; David Bowie, Erdal K\u0131z\u0131l\u00e7ay &#8211; 4:56<\/p>\n<p>Face 2<br \/>\n7.\t\u00ab\u00a0Back Where You Started\u00a0\u00bb &#8211; Bryan Adams, Jim Vallance &#8211; 4:27<br \/>\n8.\t\u00ab\u00a0Break Every Rule\u00a0\u00bb &#8211; Rupert Hine, Jeannette Obstoj &#8211; 4:02<br \/>\n9.\t\u00ab\u00a0Overnight Sensation\u00a0\u00bb &#8211; Mark Knopfler &#8211; 4:40<br \/>\n10.\t\u00ab\u00a0Paradise Is Here\u00a0\u00bb &#8211; Paul Brady &#8211; 5:35<br \/>\n11.\t\u00ab\u00a0I&rsquo;ll Be Thunder\u00a0\u00bb &#8211; Hine, Obstoj &#8211; 5:21<\/p>\n","protected":false},"excerpt":{"rendered":"<p>Artiste : Tina TURNER<br \/>\nTitre : Break Every Rule<br \/>\nAnn\u00e9e : 1986, \u00e9dition originale<br \/>\nGenre : Pop, rock, Soul<br \/>\nProducteur : Bryan Adams, Terry Britten, Neil Dorfsman, Mark Knopfler, Bob Clearmountain, Rupert Hine<br \/>\nLabel : Capitol<\/p>\n","protected":false},"featured_media":2197,"template":"","meta":[],"product_brand":[],"product_cat":[105],"product_tag":[83,79,80],"class_list":{"0":"post-1199","1":"product","2":"type-product","3":"status-publish","4":"has-post-thumbnail","6":"product_cat-cassette","7":"product_tag-pop","8":"product_tag-rock","9":"product_tag-soul","11":"first","12":"instock","13":"shipping-taxable","14":"product-type-simple"},"yoast_head":"<!-- This site is optimized with the Yoast SEO plugin v27.0 - https:\/\/yoast.com\/product\/yoast-seo-wordpress\/ -->\n<title>Tina TURNER - Break Every Rule - K7 - CD Pop Rock<\/title>\n<meta name=\"description\" content=\"Artiste : Tina TURNER Titre : Break Every Rule Ann\u00e9e : 1986, \u00e9dition originale Genre : Pop, rock, Soul Label : Capitol\" \/>\n<meta name=\"robots\" content=\"index, follow, max-snippet:-1, max-image-preview:large, max-video-preview:-1\" \/>\n<link rel=\"canonical\" href=\"https:\/\/www.verdieditions.com\/cd-pop-rock\/produit\/tina-turner-break-every-rule-k7\/\" \/>\n<meta property=\"og:locale\" content=\"fr_FR\" \/>\n<meta property=\"og:type\" content=\"article\" \/>\n<meta property=\"og:title\" content=\"Tina TURNER - Break Every Rule - K7 - CD Pop Rock\" \/>\n<meta property=\"og:description\" content=\"Artiste : Tina TURNER Titre : Break Every Rule Ann\u00e9e : 1986, \u00e9dition originale Genre : Pop, rock, Soul Label : Capitol\" \/>\n<meta property=\"og:url\" content=\"https:\/\/www.verdieditions.com\/cd-pop-rock\/produit\/tina-turner-break-every-rule-k7\/\" \/>\n<meta property=\"og:site_name\" content=\"CD Pop Rock\" \/>\n<meta property=\"article:publisher\" content=\"https:\/\/www.facebook.com\/CD-Pop-Rock-107168374818139\" \/>\n<meta property=\"article:modified_time\" content=\"2021-04-15T08:20:15+00:00\" \/>\n<meta property=\"og:image\" content=\"https:\/\/www.verdieditions.com\/cd-pop-rock\/wp-content\/uploads\/2021\/02\/tina-turner-break-every-rule-K7.jpg\" \/>\n\t<meta property=\"og:image:width\" content=\"800\" \/>\n\t<meta property=\"og:image:height\" content=\"539\" \/>\n\t<meta property=\"og:image:type\" content=\"image\/jpeg\" \/>\n<meta name=\"twitter:card\" content=\"summary_large_image\" \/>\n<meta name=\"twitter:label1\" content=\"Dur\u00e9e de lecture estim\u00e9e\" \/>\n\t<meta name=\"twitter:data1\" content=\"1 minute\" \/>\n<script type=\"application\/ld+json\" class=\"yoast-schema-graph\">{\"@context\":\"https:\/\/schema.org\",\"@graph\":[{\"@type\":\"WebPage\",\"@id\":\"https:\/\/www.verdieditions.com\/cd-pop-rock\/produit\/tina-turner-break-every-rule-k7\/\",\"url\":\"https:\/\/www.verdieditions.com\/cd-pop-rock\/produit\/tina-turner-break-every-rule-k7\/\",\"name\":\"Tina TURNER - Break Every Rule - K7 - CD Pop Rock\",\"isPartOf\":{\"@id\":\"https:\/\/www.verdieditions.com\/cd-pop-rock\/#website\"},\"primaryImageOfPage\":{\"@id\":\"https:\/\/www.verdieditions.com\/cd-pop-rock\/produit\/tina-turner-break-every-rule-k7\/#primaryimage\"},\"image\":{\"@id\":\"https:\/\/www.verdieditions.com\/cd-pop-rock\/produit\/tina-turner-break-every-rule-k7\/#primaryimage\"},\"thumbnailUrl\":\"https:\/\/www.verdieditions.com\/cd-pop-rock\/wp-content\/uploads\/2021\/02\/tina-turner-break-every-rule-K7.jpg\",\"datePublished\":\"2021-02-02T14:40:51+00:00\",\"dateModified\":\"2021-04-15T08:20:15+00:00\",\"description\":\"Artiste : Tina TURNER Titre : Break Every Rule Ann\u00e9e : 1986, \u00e9dition originale Genre : Pop, rock, Soul Label : Capitol\",\"breadcrumb\":{\"@id\":\"https:\/\/www.verdieditions.com\/cd-pop-rock\/produit\/tina-turner-break-every-rule-k7\/#breadcrumb\"},\"inLanguage\":\"fr-FR\",\"potentialAction\":[{\"@type\":\"ReadAction\",\"target\":[\"https:\/\/www.verdieditions.com\/cd-pop-rock\/produit\/tina-turner-break-every-rule-k7\/\"]}]},{\"@type\":\"ImageObject\",\"inLanguage\":\"fr-FR\",\"@id\":\"https:\/\/www.verdieditions.com\/cd-pop-rock\/produit\/tina-turner-break-every-rule-k7\/#primaryimage\",\"url\":\"https:\/\/www.verdieditions.com\/cd-pop-rock\/wp-content\/uploads\/2021\/02\/tina-turner-break-every-rule-K7.jpg\",\"contentUrl\":\"https:\/\/www.verdieditions.com\/cd-pop-rock\/wp-content\/uploads\/2021\/02\/tina-turner-break-every-rule-K7.jpg\",\"width\":800,\"height\":539,\"caption\":\"tina-turner-break-every-rule-K7\"},{\"@type\":\"BreadcrumbList\",\"@id\":\"https:\/\/www.verdieditions.com\/cd-pop-rock\/produit\/tina-turner-break-every-rule-k7\/#breadcrumb\",\"itemListElement\":[{\"@type\":\"ListItem\",\"position\":1,\"name\":\"Accueil\",\"item\":\"https:\/\/www.verdieditions.com\/cd-pop-rock\/\"},{\"@type\":\"ListItem\",\"position\":2,\"name\":\"La Boutique\",\"item\":\"https:\/\/www.verdieditions.com\/cd-pop-rock\/boutique\/\"},{\"@type\":\"ListItem\",\"position\":3,\"name\":\"Tina TURNER &#8211; Break Every Rule &#8211; K7\"}]},{\"@type\":\"WebSite\",\"@id\":\"https:\/\/www.verdieditions.com\/cd-pop-rock\/#website\",\"url\":\"https:\/\/www.verdieditions.com\/cd-pop-rock\/\",\"name\":\"CD Pop Rock\",\"description\":\"CD, K7, Vinyles, VHS et DVD de Musique Pop et Rock vintage\",\"publisher\":{\"@id\":\"https:\/\/www.verdieditions.com\/cd-pop-rock\/#\/schema\/person\/3a9da867add08338474907117bf9668a\"},\"potentialAction\":[{\"@type\":\"SearchAction\",\"target\":{\"@type\":\"EntryPoint\",\"urlTemplate\":\"https:\/\/www.verdieditions.com\/cd-pop-rock\/?s={search_term_string}\"},\"query-input\":{\"@type\":\"PropertyValueSpecification\",\"valueRequired\":true,\"valueName\":\"search_term_string\"}}],\"inLanguage\":\"fr-FR\"},{\"@type\":[\"Person\",\"Organization\"],\"@id\":\"https:\/\/www.verdieditions.com\/cd-pop-rock\/#\/schema\/person\/3a9da867add08338474907117bf9668a\",\"name\":\"Sylvie VERDI\",\"image\":{\"@type\":\"ImageObject\",\"inLanguage\":\"fr-FR\",\"@id\":\"https:\/\/www.verdieditions.com\/cd-pop-rock\/#\/schema\/person\/image\/\",\"url\":\"https:\/\/www.verdieditions.com\/cd-pop-rock\/wp-content\/uploads\/2021\/01\/cropped-favicon-cd-pop-rock-vinyle-32x32-1.png\",\"contentUrl\":\"https:\/\/www.verdieditions.com\/cd-pop-rock\/wp-content\/uploads\/2021\/01\/cropped-favicon-cd-pop-rock-vinyle-32x32-1.png\",\"width\":512,\"height\":512,\"caption\":\"Sylvie VERDI\"},\"logo\":{\"@id\":\"https:\/\/www.verdieditions.com\/cd-pop-rock\/#\/schema\/person\/image\/\"},\"sameAs\":[\"https:\/\/www.verdieditions.com\/cd-pop-rock\",\"https:\/\/www.facebook.com\/CD-Pop-Rock-107168374818139\"]}]}<\/script>\n<!-- \/ Yoast SEO plugin. -->","yoast_head_json":{"title":"Tina TURNER - Break Every Rule - K7 - CD Pop Rock","description":"Artiste : Tina TURNER Titre : Break Every Rule Ann\u00e9e : 1986, \u00e9dition originale Genre : Pop, rock, Soul Label : Capitol","robots":{"index":"index","follow":"follow","max-snippet":"max-snippet:-1","max-image-preview":"max-image-preview:large","max-video-preview":"max-video-preview:-1"},"canonical":"https:\/\/www.verdieditions.com\/cd-pop-rock\/produit\/tina-turner-break-every-rule-k7\/","og_locale":"fr_FR","og_type":"article","og_title":"Tina TURNER - Break Every Rule - K7 - CD Pop Rock","og_description":"Artiste : Tina TURNER Titre : Break Every Rule Ann\u00e9e : 1986, \u00e9dition originale Genre : Pop, rock, Soul Label : Capitol","og_url":"https:\/\/www.verdieditions.com\/cd-pop-rock\/produit\/tina-turner-break-every-rule-k7\/","og_site_name":"CD Pop Rock","article_publisher":"https:\/\/www.facebook.com\/CD-Pop-Rock-107168374818139","article_modified_time":"2021-04-15T08:20:15+00:00","og_image":[{"width":800,"height":539,"url":"https:\/\/www.verdieditions.com\/cd-pop-rock\/wp-content\/uploads\/2021\/02\/tina-turner-break-every-rule-K7.jpg","type":"image\/jpeg"}],"twitter_card":"summary_large_image","twitter_misc":{"Dur\u00e9e de lecture estim\u00e9e":"1 minute"},"schema":{"@context":"https:\/\/schema.org","@graph":[{"@type":"WebPage","@id":"https:\/\/www.verdieditions.com\/cd-pop-rock\/produit\/tina-turner-break-every-rule-k7\/","url":"https:\/\/www.verdieditions.com\/cd-pop-rock\/produit\/tina-turner-break-every-rule-k7\/","name":"Tina TURNER - Break Every Rule - K7 - CD Pop Rock","isPartOf":{"@id":"https:\/\/www.verdieditions.com\/cd-pop-rock\/#website"},"primaryImageOfPage":{"@id":"https:\/\/www.verdieditions.com\/cd-pop-rock\/produit\/tina-turner-break-every-rule-k7\/#primaryimage"},"image":{"@id":"https:\/\/www.verdieditions.com\/cd-pop-rock\/produit\/tina-turner-break-every-rule-k7\/#primaryimage"},"thumbnailUrl":"https:\/\/www.verdieditions.com\/cd-pop-rock\/wp-content\/uploads\/2021\/02\/tina-turner-break-every-rule-K7.jpg","datePublished":"2021-02-02T14:40:51+00:00","dateModified":"2021-04-15T08:20:15+00:00","description":"Artiste : Tina TURNER Titre : Break Every Rule Ann\u00e9e : 1986, \u00e9dition originale Genre : Pop, rock, Soul Label : Capitol","breadcrumb":{"@id":"https:\/\/www.verdieditions.com\/cd-pop-rock\/produit\/tina-turner-break-every-rule-k7\/#breadcrumb"},"inLanguage":"fr-FR","potentialAction":[{"@type":"ReadAction","target":["https:\/\/www.verdieditions.com\/cd-pop-rock\/produit\/tina-turner-break-every-rule-k7\/"]}]},{"@type":"ImageObject","inLanguage":"fr-FR","@id":"https:\/\/www.verdieditions.com\/cd-pop-rock\/produit\/tina-turner-break-every-rule-k7\/#primaryimage","url":"https:\/\/www.verdieditions.com\/cd-pop-rock\/wp-content\/uploads\/2021\/02\/tina-turner-break-every-rule-K7.jpg","contentUrl":"https:\/\/www.verdieditions.com\/cd-pop-rock\/wp-content\/uploads\/2021\/02\/tina-turner-break-every-rule-K7.jpg","width":800,"height":539,"caption":"tina-turner-break-every-rule-K7"},{"@type":"BreadcrumbList","@id":"https:\/\/www.verdieditions.com\/cd-pop-rock\/produit\/tina-turner-break-every-rule-k7\/#breadcrumb","itemListElement":[{"@type":"ListItem","position":1,"name":"Accueil","item":"https:\/\/www.verdieditions.com\/cd-pop-rock\/"},{"@type":"ListItem","position":2,"name":"La Boutique","item":"https:\/\/www.verdieditions.com\/cd-pop-rock\/boutique\/"},{"@type":"ListItem","position":3,"name":"Tina TURNER &#8211; Break Every Rule &#8211; K7"}]},{"@type":"WebSite","@id":"https:\/\/www.verdieditions.com\/cd-pop-rock\/#website","url":"https:\/\/www.verdieditions.com\/cd-pop-rock\/","name":"CD Pop Rock","description":"CD, K7, Vinyles, VHS et DVD de Musique Pop et Rock vintage","publisher":{"@id":"https:\/\/www.verdieditions.com\/cd-pop-rock\/#\/schema\/person\/3a9da867add08338474907117bf9668a"},"potentialAction":[{"@type":"SearchAction","target":{"@type":"EntryPoint","urlTemplate":"https:\/\/www.verdieditions.com\/cd-pop-rock\/?s={search_term_string}"},"query-input":{"@type":"PropertyValueSpecification","valueRequired":true,"valueName":"search_term_string"}}],"inLanguage":"fr-FR"},{"@type":["Person","Organization"],"@id":"https:\/\/www.verdieditions.com\/cd-pop-rock\/#\/schema\/person\/3a9da867add08338474907117bf9668a","name":"Sylvie VERDI","image":{"@type":"ImageObject","inLanguage":"fr-FR","@id":"https:\/\/www.verdieditions.com\/cd-pop-rock\/#\/schema\/person\/image\/","url":"https:\/\/www.verdieditions.com\/cd-pop-rock\/wp-content\/uploads\/2021\/01\/cropped-favicon-cd-pop-rock-vinyle-32x32-1.png","contentUrl":"https:\/\/www.verdieditions.com\/cd-pop-rock\/wp-content\/uploads\/2021\/01\/cropped-favicon-cd-pop-rock-vinyle-32x32-1.png","width":512,"height":512,"caption":"Sylvie VERDI"},"logo":{"@id":"https:\/\/www.verdieditions.com\/cd-pop-rock\/#\/schema\/person\/image\/"},"sameAs":["https:\/\/www.verdieditions.com\/cd-pop-rock","https:\/\/www.facebook.com\/CD-Pop-Rock-107168374818139"]}]}},"_links":{"self":[{"href":"https:\/\/www.verdieditions.com\/cd-pop-rock\/wp-json\/wp\/v2\/product\/1199","targetHints":{"allow":["GET"]}}],"collection":[{"href":"https:\/\/www.verdieditions.com\/cd-pop-rock\/wp-json\/wp\/v2\/product"}],"about":[{"href":"https:\/\/www.verdieditions.com\/cd-pop-rock\/wp-json\/wp\/v2\/types\/product"}],"wp:featuredmedia":[{"embeddable":true,"href":"https:\/\/www.verdieditions.com\/cd-pop-rock\/wp-json\/wp\/v2\/media\/2197"}],"wp:attachment":[{"href":"https:\/\/www.verdieditions.com\/cd-pop-rock\/wp-json\/wp\/v2\/media?parent=1199"}],"wp:term":[{"taxonomy":"product_brand","embeddable":true,"href":"https:\/\/www.verdieditions.com\/cd-pop-rock\/wp-json\/wp\/v2\/product_brand?post=1199"},{"taxonomy":"product_cat","embeddable":true,"href":"https:\/\/www.verdieditions.com\/cd-pop-rock\/wp-json\/wp\/v2\/product_cat?post=1199"},{"taxonomy":"product_tag","embeddable":true,"href":"https:\/\/www.verdieditions.com\/cd-pop-rock\/wp-json\/wp\/v2\/product_tag?post=1199"}],"curies":[{"name":"wp","href":"https:\/\/api.w.org\/{rel}","templated":true}]}}