{"id":1187,"date":"2021-02-02T14:06:49","date_gmt":"2021-02-02T13:06:49","guid":{"rendered":"https:\/\/www.verdieditions.com\/cd-pop-rock\/?post_type=product&#038;p=1187"},"modified":"2021-04-15T10:42:10","modified_gmt":"2021-04-15T08:42:10","slug":"paul-young-from-time-to-time","status":"publish","type":"product","link":"https:\/\/www.verdieditions.com\/cd-pop-rock\/produit\/paul-young-from-time-to-time\/","title":{"rendered":"Paul YOUNG &#8211; From Time To Time, The Single Collection"},"content":{"rendered":"<p>Artiste : Paul YOUNG<br \/>\nTitre : From Time To Time, The Single Collection &#8211; CD<br \/>\nAnn\u00e9e : 1991, \u00e9dition originale<br \/>\nGenre : Pop<br \/>\nProducteur : &#8211;<br \/>\nLabel : Columbia<\/p>\n<p>\u00ab\u00a0Everytime You Go Away\u00a0\u00bb de The Secret of Association<br \/>\n\u00ab\u00a0Come Back and Stay\u00a0\u00bb de No Parlez<br \/>\n\u00ab\u00a0I&rsquo;m Only Foolin&rsquo; Myself\u00a0\u00bb Previously unreleased<br \/>\n\u00ab\u00a0Senza una donna (Without a Woman)\u00a0\u00bb feat. Zucchero Previously unreleased<br \/>\n\u00ab\u00a0I&rsquo;m Gonna Tear Your Playhouse Down\u00a0\u00bb de The Secret of Association<br \/>\n\u00ab\u00a0Broken Man\u00a0\u00bb de No Parlez<br \/>\n\u00ab\u00a0Everything Must Change\u00a0\u00bb de The Secret of Association<br \/>\n\u00ab\u00a0Wonderland\u00a0\u00bb de Between Two Fires<br \/>\n\u00ab\u00a0Don&rsquo;t Dream It&rsquo;s Over\u00a0\u00bb feat. Paul Carrack Previously unreleased<br \/>\n\u00ab\u00a0Love of the Common People\u00a0\u00bb de No Parlez<br \/>\n\u00ab\u00a0Wherever I Lay My Hat (That&rsquo;s My Home)\u00a0\u00bb de No Parlez<br \/>\n\u00ab\u00a0Both Sides Now\u00a0\u00bb feat. Clannad Edit of version on the soundtrack to the film Switch<br \/>\n\u00ab\u00a0Some People\u00a0\u00bb de Between Two Fires<br \/>\n\u00ab\u00a0Oh Girl\u00a0\u00bb de Other Voices<br \/>\n\u00ab\u00a0Softly Whispering I Love You\u00a0\u00bb de Other Voices<\/p>\n<p>From Time to Time &#8211; The Singles Collection est un album compilation du chanteur anglais Paul Young. Sorti en 1991, il s&rsquo;agit de la premi\u00e8re collection de \u00ab\u00a0grands succ\u00e8s\u00a0\u00bb de Young, compilant des titres de la derni\u00e8re d\u00e9cennie.<br \/>\nL&rsquo;album est entr\u00e9 en premi\u00e8re place du classement des albums au Royaume-Uni (le troisi\u00e8me et dernier album de Young \u00e0 ce jour) et a \u00e9t\u00e9 certifi\u00e9 Triple Platine par l&rsquo;industrie phonographique britannique pour des ventes au Royaume-Uni d\u00e9passant 900 000 exemplaires[2].<br \/>\nUne erreur de mastering sur certaines copies de CD a divis\u00e9 la piste \u00ab\u00a0Both Sides Now\u00a0\u00bb en deux parties. Exactement 2:00 de \u00ab\u00a0Both Sides Now\u00a0\u00bb appara\u00eet \u00e0 la fin de la piste 11, avant que la chanson ne se termine sur la piste 12.<br \/>\nSource Wikipedia<\/p>\n","protected":false},"excerpt":{"rendered":"<p>Artiste : Paul YOUNG<br \/>\nTitre : From Time To Time, The Single Collection &#8211; CD<br \/>\nAnn\u00e9e : 1991, \u00e9dition originale<br \/>\nGenre : Pop<br \/>\nProducteur : &#8211;<br \/>\nLabel : Columbia<\/p>\n","protected":false},"featured_media":1827,"template":"","meta":[],"product_brand":[],"product_cat":[71],"product_tag":[83],"class_list":{"0":"post-1187","1":"product","2":"type-product","3":"status-publish","4":"has-post-thumbnail","6":"product_cat-cd","7":"product_tag-pop","9":"first","10":"instock","11":"shipping-taxable","12":"product-type-simple"},"yoast_head":"<!-- This site is optimized with the Yoast SEO plugin v27.0 - https:\/\/yoast.com\/product\/yoast-seo-wordpress\/ -->\n<title>Paul YOUNG - From Time To Time, The Single Collection - CD Pop Rock<\/title>\n<meta name=\"description\" content=\"Paul YOUNG - From Time To Time, The Single Collection - Ann\u00e9e : 1991, CD \u00e9dition originale - Genre : Pop - Label : Columbia\" \/>\n<meta name=\"robots\" content=\"index, follow, max-snippet:-1, max-image-preview:large, max-video-preview:-1\" \/>\n<link rel=\"canonical\" href=\"https:\/\/www.verdieditions.com\/cd-pop-rock\/produit\/paul-young-from-time-to-time\/\" \/>\n<meta property=\"og:locale\" content=\"fr_FR\" \/>\n<meta property=\"og:type\" content=\"article\" \/>\n<meta property=\"og:title\" content=\"Paul YOUNG - From Time To Time, The Single Collection - CD Pop Rock\" \/>\n<meta property=\"og:description\" content=\"Paul YOUNG - From Time To Time, The Single Collection - Ann\u00e9e : 1991, CD \u00e9dition originale - Genre : Pop - Label : Columbia\" \/>\n<meta property=\"og:url\" content=\"https:\/\/www.verdieditions.com\/cd-pop-rock\/produit\/paul-young-from-time-to-time\/\" \/>\n<meta property=\"og:site_name\" content=\"CD Pop Rock\" \/>\n<meta property=\"article:publisher\" content=\"https:\/\/www.facebook.com\/CD-Pop-Rock-107168374818139\" \/>\n<meta property=\"article:modified_time\" content=\"2021-04-15T08:42:10+00:00\" \/>\n<meta property=\"og:image\" content=\"https:\/\/www.verdieditions.com\/cd-pop-rock\/wp-content\/uploads\/2021\/02\/paul-young-time-single-collection-CD.jpg\" \/>\n\t<meta property=\"og:image:width\" content=\"800\" \/>\n\t<meta property=\"og:image:height\" content=\"532\" \/>\n\t<meta property=\"og:image:type\" content=\"image\/jpeg\" \/>\n<meta name=\"twitter:card\" content=\"summary_large_image\" \/>\n<meta name=\"twitter:label1\" content=\"Dur\u00e9e de lecture estim\u00e9e\" \/>\n\t<meta name=\"twitter:data1\" content=\"1 minute\" \/>\n<script type=\"application\/ld+json\" class=\"yoast-schema-graph\">{\"@context\":\"https:\/\/schema.org\",\"@graph\":[{\"@type\":\"WebPage\",\"@id\":\"https:\/\/www.verdieditions.com\/cd-pop-rock\/produit\/paul-young-from-time-to-time\/\",\"url\":\"https:\/\/www.verdieditions.com\/cd-pop-rock\/produit\/paul-young-from-time-to-time\/\",\"name\":\"Paul YOUNG - From Time To Time, The Single Collection - CD Pop Rock\",\"isPartOf\":{\"@id\":\"https:\/\/www.verdieditions.com\/cd-pop-rock\/#website\"},\"primaryImageOfPage\":{\"@id\":\"https:\/\/www.verdieditions.com\/cd-pop-rock\/produit\/paul-young-from-time-to-time\/#primaryimage\"},\"image\":{\"@id\":\"https:\/\/www.verdieditions.com\/cd-pop-rock\/produit\/paul-young-from-time-to-time\/#primaryimage\"},\"thumbnailUrl\":\"https:\/\/www.verdieditions.com\/cd-pop-rock\/wp-content\/uploads\/2021\/02\/paul-young-time-single-collection-CD.jpg\",\"datePublished\":\"2021-02-02T13:06:49+00:00\",\"dateModified\":\"2021-04-15T08:42:10+00:00\",\"description\":\"Paul YOUNG - From Time To Time, The Single Collection - Ann\u00e9e : 1991, CD \u00e9dition originale - Genre : Pop - Label : Columbia\",\"breadcrumb\":{\"@id\":\"https:\/\/www.verdieditions.com\/cd-pop-rock\/produit\/paul-young-from-time-to-time\/#breadcrumb\"},\"inLanguage\":\"fr-FR\",\"potentialAction\":[{\"@type\":\"ReadAction\",\"target\":[\"https:\/\/www.verdieditions.com\/cd-pop-rock\/produit\/paul-young-from-time-to-time\/\"]}]},{\"@type\":\"ImageObject\",\"inLanguage\":\"fr-FR\",\"@id\":\"https:\/\/www.verdieditions.com\/cd-pop-rock\/produit\/paul-young-from-time-to-time\/#primaryimage\",\"url\":\"https:\/\/www.verdieditions.com\/cd-pop-rock\/wp-content\/uploads\/2021\/02\/paul-young-time-single-collection-CD.jpg\",\"contentUrl\":\"https:\/\/www.verdieditions.com\/cd-pop-rock\/wp-content\/uploads\/2021\/02\/paul-young-time-single-collection-CD.jpg\",\"width\":800,\"height\":532,\"caption\":\"paul-young-time-single-collection-CD\"},{\"@type\":\"BreadcrumbList\",\"@id\":\"https:\/\/www.verdieditions.com\/cd-pop-rock\/produit\/paul-young-from-time-to-time\/#breadcrumb\",\"itemListElement\":[{\"@type\":\"ListItem\",\"position\":1,\"name\":\"Accueil\",\"item\":\"https:\/\/www.verdieditions.com\/cd-pop-rock\/\"},{\"@type\":\"ListItem\",\"position\":2,\"name\":\"La Boutique\",\"item\":\"https:\/\/www.verdieditions.com\/cd-pop-rock\/boutique\/\"},{\"@type\":\"ListItem\",\"position\":3,\"name\":\"Paul YOUNG &#8211; From Time To Time, The Single Collection\"}]},{\"@type\":\"WebSite\",\"@id\":\"https:\/\/www.verdieditions.com\/cd-pop-rock\/#website\",\"url\":\"https:\/\/www.verdieditions.com\/cd-pop-rock\/\",\"name\":\"CD Pop Rock\",\"description\":\"CD, K7, Vinyles, VHS et DVD de Musique Pop et Rock vintage\",\"publisher\":{\"@id\":\"https:\/\/www.verdieditions.com\/cd-pop-rock\/#\/schema\/person\/3a9da867add08338474907117bf9668a\"},\"potentialAction\":[{\"@type\":\"SearchAction\",\"target\":{\"@type\":\"EntryPoint\",\"urlTemplate\":\"https:\/\/www.verdieditions.com\/cd-pop-rock\/?s={search_term_string}\"},\"query-input\":{\"@type\":\"PropertyValueSpecification\",\"valueRequired\":true,\"valueName\":\"search_term_string\"}}],\"inLanguage\":\"fr-FR\"},{\"@type\":[\"Person\",\"Organization\"],\"@id\":\"https:\/\/www.verdieditions.com\/cd-pop-rock\/#\/schema\/person\/3a9da867add08338474907117bf9668a\",\"name\":\"Sylvie VERDI\",\"image\":{\"@type\":\"ImageObject\",\"inLanguage\":\"fr-FR\",\"@id\":\"https:\/\/www.verdieditions.com\/cd-pop-rock\/#\/schema\/person\/image\/\",\"url\":\"https:\/\/www.verdieditions.com\/cd-pop-rock\/wp-content\/uploads\/2021\/01\/cropped-favicon-cd-pop-rock-vinyle-32x32-1.png\",\"contentUrl\":\"https:\/\/www.verdieditions.com\/cd-pop-rock\/wp-content\/uploads\/2021\/01\/cropped-favicon-cd-pop-rock-vinyle-32x32-1.png\",\"width\":512,\"height\":512,\"caption\":\"Sylvie VERDI\"},\"logo\":{\"@id\":\"https:\/\/www.verdieditions.com\/cd-pop-rock\/#\/schema\/person\/image\/\"},\"sameAs\":[\"https:\/\/www.verdieditions.com\/cd-pop-rock\",\"https:\/\/www.facebook.com\/CD-Pop-Rock-107168374818139\"]}]}<\/script>\n<!-- \/ Yoast SEO plugin. -->","yoast_head_json":{"title":"Paul YOUNG - From Time To Time, The Single Collection - CD Pop Rock","description":"Paul YOUNG - From Time To Time, The Single Collection - Ann\u00e9e : 1991, CD \u00e9dition originale - Genre : Pop - Label : Columbia","robots":{"index":"index","follow":"follow","max-snippet":"max-snippet:-1","max-image-preview":"max-image-preview:large","max-video-preview":"max-video-preview:-1"},"canonical":"https:\/\/www.verdieditions.com\/cd-pop-rock\/produit\/paul-young-from-time-to-time\/","og_locale":"fr_FR","og_type":"article","og_title":"Paul YOUNG - From Time To Time, The Single Collection - CD Pop Rock","og_description":"Paul YOUNG - From Time To Time, The Single Collection - Ann\u00e9e : 1991, CD \u00e9dition originale - Genre : Pop - Label : Columbia","og_url":"https:\/\/www.verdieditions.com\/cd-pop-rock\/produit\/paul-young-from-time-to-time\/","og_site_name":"CD Pop Rock","article_publisher":"https:\/\/www.facebook.com\/CD-Pop-Rock-107168374818139","article_modified_time":"2021-04-15T08:42:10+00:00","og_image":[{"width":800,"height":532,"url":"https:\/\/www.verdieditions.com\/cd-pop-rock\/wp-content\/uploads\/2021\/02\/paul-young-time-single-collection-CD.jpg","type":"image\/jpeg"}],"twitter_card":"summary_large_image","twitter_misc":{"Dur\u00e9e de lecture estim\u00e9e":"1 minute"},"schema":{"@context":"https:\/\/schema.org","@graph":[{"@type":"WebPage","@id":"https:\/\/www.verdieditions.com\/cd-pop-rock\/produit\/paul-young-from-time-to-time\/","url":"https:\/\/www.verdieditions.com\/cd-pop-rock\/produit\/paul-young-from-time-to-time\/","name":"Paul YOUNG - From Time To Time, The Single Collection - CD Pop Rock","isPartOf":{"@id":"https:\/\/www.verdieditions.com\/cd-pop-rock\/#website"},"primaryImageOfPage":{"@id":"https:\/\/www.verdieditions.com\/cd-pop-rock\/produit\/paul-young-from-time-to-time\/#primaryimage"},"image":{"@id":"https:\/\/www.verdieditions.com\/cd-pop-rock\/produit\/paul-young-from-time-to-time\/#primaryimage"},"thumbnailUrl":"https:\/\/www.verdieditions.com\/cd-pop-rock\/wp-content\/uploads\/2021\/02\/paul-young-time-single-collection-CD.jpg","datePublished":"2021-02-02T13:06:49+00:00","dateModified":"2021-04-15T08:42:10+00:00","description":"Paul YOUNG - From Time To Time, The Single Collection - Ann\u00e9e : 1991, CD \u00e9dition originale - Genre : Pop - Label : Columbia","breadcrumb":{"@id":"https:\/\/www.verdieditions.com\/cd-pop-rock\/produit\/paul-young-from-time-to-time\/#breadcrumb"},"inLanguage":"fr-FR","potentialAction":[{"@type":"ReadAction","target":["https:\/\/www.verdieditions.com\/cd-pop-rock\/produit\/paul-young-from-time-to-time\/"]}]},{"@type":"ImageObject","inLanguage":"fr-FR","@id":"https:\/\/www.verdieditions.com\/cd-pop-rock\/produit\/paul-young-from-time-to-time\/#primaryimage","url":"https:\/\/www.verdieditions.com\/cd-pop-rock\/wp-content\/uploads\/2021\/02\/paul-young-time-single-collection-CD.jpg","contentUrl":"https:\/\/www.verdieditions.com\/cd-pop-rock\/wp-content\/uploads\/2021\/02\/paul-young-time-single-collection-CD.jpg","width":800,"height":532,"caption":"paul-young-time-single-collection-CD"},{"@type":"BreadcrumbList","@id":"https:\/\/www.verdieditions.com\/cd-pop-rock\/produit\/paul-young-from-time-to-time\/#breadcrumb","itemListElement":[{"@type":"ListItem","position":1,"name":"Accueil","item":"https:\/\/www.verdieditions.com\/cd-pop-rock\/"},{"@type":"ListItem","position":2,"name":"La Boutique","item":"https:\/\/www.verdieditions.com\/cd-pop-rock\/boutique\/"},{"@type":"ListItem","position":3,"name":"Paul YOUNG &#8211; From Time To Time, The Single Collection"}]},{"@type":"WebSite","@id":"https:\/\/www.verdieditions.com\/cd-pop-rock\/#website","url":"https:\/\/www.verdieditions.com\/cd-pop-rock\/","name":"CD Pop Rock","description":"CD, K7, Vinyles, VHS et DVD de Musique Pop et Rock vintage","publisher":{"@id":"https:\/\/www.verdieditions.com\/cd-pop-rock\/#\/schema\/person\/3a9da867add08338474907117bf9668a"},"potentialAction":[{"@type":"SearchAction","target":{"@type":"EntryPoint","urlTemplate":"https:\/\/www.verdieditions.com\/cd-pop-rock\/?s={search_term_string}"},"query-input":{"@type":"PropertyValueSpecification","valueRequired":true,"valueName":"search_term_string"}}],"inLanguage":"fr-FR"},{"@type":["Person","Organization"],"@id":"https:\/\/www.verdieditions.com\/cd-pop-rock\/#\/schema\/person\/3a9da867add08338474907117bf9668a","name":"Sylvie VERDI","image":{"@type":"ImageObject","inLanguage":"fr-FR","@id":"https:\/\/www.verdieditions.com\/cd-pop-rock\/#\/schema\/person\/image\/","url":"https:\/\/www.verdieditions.com\/cd-pop-rock\/wp-content\/uploads\/2021\/01\/cropped-favicon-cd-pop-rock-vinyle-32x32-1.png","contentUrl":"https:\/\/www.verdieditions.com\/cd-pop-rock\/wp-content\/uploads\/2021\/01\/cropped-favicon-cd-pop-rock-vinyle-32x32-1.png","width":512,"height":512,"caption":"Sylvie VERDI"},"logo":{"@id":"https:\/\/www.verdieditions.com\/cd-pop-rock\/#\/schema\/person\/image\/"},"sameAs":["https:\/\/www.verdieditions.com\/cd-pop-rock","https:\/\/www.facebook.com\/CD-Pop-Rock-107168374818139"]}]}},"_links":{"self":[{"href":"https:\/\/www.verdieditions.com\/cd-pop-rock\/wp-json\/wp\/v2\/product\/1187","targetHints":{"allow":["GET"]}}],"collection":[{"href":"https:\/\/www.verdieditions.com\/cd-pop-rock\/wp-json\/wp\/v2\/product"}],"about":[{"href":"https:\/\/www.verdieditions.com\/cd-pop-rock\/wp-json\/wp\/v2\/types\/product"}],"wp:featuredmedia":[{"embeddable":true,"href":"https:\/\/www.verdieditions.com\/cd-pop-rock\/wp-json\/wp\/v2\/media\/1827"}],"wp:attachment":[{"href":"https:\/\/www.verdieditions.com\/cd-pop-rock\/wp-json\/wp\/v2\/media?parent=1187"}],"wp:term":[{"taxonomy":"product_brand","embeddable":true,"href":"https:\/\/www.verdieditions.com\/cd-pop-rock\/wp-json\/wp\/v2\/product_brand?post=1187"},{"taxonomy":"product_cat","embeddable":true,"href":"https:\/\/www.verdieditions.com\/cd-pop-rock\/wp-json\/wp\/v2\/product_cat?post=1187"},{"taxonomy":"product_tag","embeddable":true,"href":"https:\/\/www.verdieditions.com\/cd-pop-rock\/wp-json\/wp\/v2\/product_tag?post=1187"}],"curies":[{"name":"wp","href":"https:\/\/api.w.org\/{rel}","templated":true}]}}