{"id":1176,"date":"2021-02-02T11:14:04","date_gmt":"2021-02-02T10:14:04","guid":{"rendered":"https:\/\/www.verdieditions.com\/cd-pop-rock\/?post_type=product&#038;p=1176"},"modified":"2021-04-15T10:42:11","modified_gmt":"2021-04-15T08:42:11","slug":"simply-red-new-flame","status":"publish","type":"product","link":"https:\/\/www.verdieditions.com\/cd-pop-rock\/produit\/simply-red-new-flame\/","title":{"rendered":"SIMPLY RED &#8211; A New Flame &#8211; CD"},"content":{"rendered":"<p>Artiste : SIMPLY RED<br \/>\nTitre : A New Flame<br \/>\nAnn\u00e9e : 1989, \u00e9dition originale<br \/>\nGenre : Blue-eyed soul<br \/>\nProducteur : Stewart Levine<br \/>\nLabel : Elektra, Warner<\/p>\n<p>1. It&rsquo;s Only Love<br \/>\n2. A New Flame<br \/>\n3. You&rsquo;ve Got It<br \/>\n4. To Be With You<br \/>\n5. More<br \/>\n6. Turn It Up<br \/>\n7. Love Lays Its Tune<br \/>\n8. She&rsquo;ll Have To Go<br \/>\n9. If You Don&rsquo;t Know Me by Now<br \/>\n10. Enough<\/p>\n<p>A New Flame est le troisi\u00e8me album de Simply Red.<br \/>\nIl est sorti en f\u00e9vrier 1989 et a connu un immense succ\u00e8s mondial, notamment avec le titre If You Don&rsquo;t Know Me by Now. Il devint ainsi le premier album du groupe \u00e0 atteindre la 1e place au Royaume-Uni, y \u00e9tant certifi\u00e9 7 fois Disque de Platine par la BPI pour des ventes de plus de 2 100 000 copies dans ce seul pays. Cet album a \u00e9galement \u00e9t\u00e9 certifi\u00e9 Disque d&rsquo;Or aux \u00c9tats-Unis par la RIAA.<br \/>\nSource Wikipedia<\/p>\n","protected":false},"excerpt":{"rendered":"<p>Artiste : SIMPLY RED<br \/>\nTitre : A New Flame<br \/>\nAnn\u00e9e : 1989, \u00e9dition originale<br \/>\nGenre : Blue-eyed soul<br \/>\nProducteur : Stewart Levine<br \/>\nLabel : Elektra, Warner<\/p>\n","protected":false},"featured_media":2081,"template":"","meta":[],"product_brand":[],"product_cat":[71],"product_tag":[103,80],"class_list":{"0":"post-1176","1":"product","2":"type-product","3":"status-publish","4":"has-post-thumbnail","6":"product_cat-cd","7":"product_tag-blue-eyed","8":"product_tag-soul","10":"first","11":"instock","12":"shipping-taxable","13":"product-type-simple"},"yoast_head":"<!-- This site is optimized with the Yoast SEO plugin v27.0 - https:\/\/yoast.com\/product\/yoast-seo-wordpress\/ -->\n<title>SIMPLY RED - A New Flame - CD - CD Pop Rock<\/title>\n<meta name=\"description\" content=\"Artiste : SIMPLY REDTitre : A New FlameAnn\u00e9e : 1989, \u00e9dition originaleGenre : Blue-eyed soulProducteur : Stewart LevineLabel : Elektra, Warner\" \/>\n<meta name=\"robots\" content=\"index, follow, max-snippet:-1, max-image-preview:large, max-video-preview:-1\" \/>\n<link rel=\"canonical\" href=\"https:\/\/www.verdieditions.com\/cd-pop-rock\/produit\/simply-red-new-flame\/\" \/>\n<meta property=\"og:locale\" content=\"fr_FR\" \/>\n<meta property=\"og:type\" content=\"article\" \/>\n<meta property=\"og:title\" content=\"SIMPLY RED - A New Flame - CD - CD Pop Rock\" \/>\n<meta property=\"og:description\" content=\"Artiste : SIMPLY REDTitre : A New FlameAnn\u00e9e : 1989, \u00e9dition originaleGenre : Blue-eyed soulProducteur : Stewart LevineLabel : Elektra, Warner\" \/>\n<meta property=\"og:url\" content=\"https:\/\/www.verdieditions.com\/cd-pop-rock\/produit\/simply-red-new-flame\/\" \/>\n<meta property=\"og:site_name\" content=\"CD Pop Rock\" \/>\n<meta property=\"article:publisher\" content=\"https:\/\/www.facebook.com\/CD-Pop-Rock-107168374818139\" \/>\n<meta property=\"article:modified_time\" content=\"2021-04-15T08:42:11+00:00\" \/>\n<meta property=\"og:image\" content=\"https:\/\/www.verdieditions.com\/cd-pop-rock\/wp-content\/uploads\/2021\/02\/simply-red-new-flame-CD.jpg\" \/>\n\t<meta property=\"og:image:width\" content=\"800\" \/>\n\t<meta property=\"og:image:height\" content=\"532\" \/>\n\t<meta property=\"og:image:type\" content=\"image\/jpeg\" \/>\n<meta name=\"twitter:card\" content=\"summary_large_image\" \/>\n<meta name=\"twitter:label1\" content=\"Dur\u00e9e de lecture estim\u00e9e\" \/>\n\t<meta name=\"twitter:data1\" content=\"1 minute\" \/>\n<script type=\"application\/ld+json\" class=\"yoast-schema-graph\">{\"@context\":\"https:\/\/schema.org\",\"@graph\":[{\"@type\":\"WebPage\",\"@id\":\"https:\/\/www.verdieditions.com\/cd-pop-rock\/produit\/simply-red-new-flame\/\",\"url\":\"https:\/\/www.verdieditions.com\/cd-pop-rock\/produit\/simply-red-new-flame\/\",\"name\":\"SIMPLY RED - A New Flame - CD - CD Pop Rock\",\"isPartOf\":{\"@id\":\"https:\/\/www.verdieditions.com\/cd-pop-rock\/#website\"},\"primaryImageOfPage\":{\"@id\":\"https:\/\/www.verdieditions.com\/cd-pop-rock\/produit\/simply-red-new-flame\/#primaryimage\"},\"image\":{\"@id\":\"https:\/\/www.verdieditions.com\/cd-pop-rock\/produit\/simply-red-new-flame\/#primaryimage\"},\"thumbnailUrl\":\"https:\/\/www.verdieditions.com\/cd-pop-rock\/wp-content\/uploads\/2021\/02\/simply-red-new-flame-CD.jpg\",\"datePublished\":\"2021-02-02T10:14:04+00:00\",\"dateModified\":\"2021-04-15T08:42:11+00:00\",\"description\":\"Artiste : SIMPLY REDTitre : A New FlameAnn\u00e9e : 1989, \u00e9dition originaleGenre : Blue-eyed soulProducteur : Stewart LevineLabel : Elektra, Warner\",\"breadcrumb\":{\"@id\":\"https:\/\/www.verdieditions.com\/cd-pop-rock\/produit\/simply-red-new-flame\/#breadcrumb\"},\"inLanguage\":\"fr-FR\",\"potentialAction\":[{\"@type\":\"ReadAction\",\"target\":[\"https:\/\/www.verdieditions.com\/cd-pop-rock\/produit\/simply-red-new-flame\/\"]}]},{\"@type\":\"ImageObject\",\"inLanguage\":\"fr-FR\",\"@id\":\"https:\/\/www.verdieditions.com\/cd-pop-rock\/produit\/simply-red-new-flame\/#primaryimage\",\"url\":\"https:\/\/www.verdieditions.com\/cd-pop-rock\/wp-content\/uploads\/2021\/02\/simply-red-new-flame-CD.jpg\",\"contentUrl\":\"https:\/\/www.verdieditions.com\/cd-pop-rock\/wp-content\/uploads\/2021\/02\/simply-red-new-flame-CD.jpg\",\"width\":800,\"height\":532,\"caption\":\"simply-red-new-flame-CD\"},{\"@type\":\"BreadcrumbList\",\"@id\":\"https:\/\/www.verdieditions.com\/cd-pop-rock\/produit\/simply-red-new-flame\/#breadcrumb\",\"itemListElement\":[{\"@type\":\"ListItem\",\"position\":1,\"name\":\"Accueil\",\"item\":\"https:\/\/www.verdieditions.com\/cd-pop-rock\/\"},{\"@type\":\"ListItem\",\"position\":2,\"name\":\"La Boutique\",\"item\":\"https:\/\/www.verdieditions.com\/cd-pop-rock\/boutique\/\"},{\"@type\":\"ListItem\",\"position\":3,\"name\":\"SIMPLY RED &#8211; A New Flame &#8211; CD\"}]},{\"@type\":\"WebSite\",\"@id\":\"https:\/\/www.verdieditions.com\/cd-pop-rock\/#website\",\"url\":\"https:\/\/www.verdieditions.com\/cd-pop-rock\/\",\"name\":\"CD Pop Rock\",\"description\":\"CD, K7, Vinyles, VHS et DVD de Musique Pop et Rock vintage\",\"publisher\":{\"@id\":\"https:\/\/www.verdieditions.com\/cd-pop-rock\/#\/schema\/person\/3a9da867add08338474907117bf9668a\"},\"potentialAction\":[{\"@type\":\"SearchAction\",\"target\":{\"@type\":\"EntryPoint\",\"urlTemplate\":\"https:\/\/www.verdieditions.com\/cd-pop-rock\/?s={search_term_string}\"},\"query-input\":{\"@type\":\"PropertyValueSpecification\",\"valueRequired\":true,\"valueName\":\"search_term_string\"}}],\"inLanguage\":\"fr-FR\"},{\"@type\":[\"Person\",\"Organization\"],\"@id\":\"https:\/\/www.verdieditions.com\/cd-pop-rock\/#\/schema\/person\/3a9da867add08338474907117bf9668a\",\"name\":\"Sylvie VERDI\",\"image\":{\"@type\":\"ImageObject\",\"inLanguage\":\"fr-FR\",\"@id\":\"https:\/\/www.verdieditions.com\/cd-pop-rock\/#\/schema\/person\/image\/\",\"url\":\"https:\/\/www.verdieditions.com\/cd-pop-rock\/wp-content\/uploads\/2021\/01\/cropped-favicon-cd-pop-rock-vinyle-32x32-1.png\",\"contentUrl\":\"https:\/\/www.verdieditions.com\/cd-pop-rock\/wp-content\/uploads\/2021\/01\/cropped-favicon-cd-pop-rock-vinyle-32x32-1.png\",\"width\":512,\"height\":512,\"caption\":\"Sylvie VERDI\"},\"logo\":{\"@id\":\"https:\/\/www.verdieditions.com\/cd-pop-rock\/#\/schema\/person\/image\/\"},\"sameAs\":[\"https:\/\/www.verdieditions.com\/cd-pop-rock\",\"https:\/\/www.facebook.com\/CD-Pop-Rock-107168374818139\"]}]}<\/script>\n<!-- \/ Yoast SEO plugin. -->","yoast_head_json":{"title":"SIMPLY RED - A New Flame - CD - CD Pop Rock","description":"Artiste : SIMPLY REDTitre : A New FlameAnn\u00e9e : 1989, \u00e9dition originaleGenre : Blue-eyed soulProducteur : Stewart LevineLabel : Elektra, Warner","robots":{"index":"index","follow":"follow","max-snippet":"max-snippet:-1","max-image-preview":"max-image-preview:large","max-video-preview":"max-video-preview:-1"},"canonical":"https:\/\/www.verdieditions.com\/cd-pop-rock\/produit\/simply-red-new-flame\/","og_locale":"fr_FR","og_type":"article","og_title":"SIMPLY RED - A New Flame - CD - CD Pop Rock","og_description":"Artiste : SIMPLY REDTitre : A New FlameAnn\u00e9e : 1989, \u00e9dition originaleGenre : Blue-eyed soulProducteur : Stewart LevineLabel : Elektra, Warner","og_url":"https:\/\/www.verdieditions.com\/cd-pop-rock\/produit\/simply-red-new-flame\/","og_site_name":"CD Pop Rock","article_publisher":"https:\/\/www.facebook.com\/CD-Pop-Rock-107168374818139","article_modified_time":"2021-04-15T08:42:11+00:00","og_image":[{"width":800,"height":532,"url":"https:\/\/www.verdieditions.com\/cd-pop-rock\/wp-content\/uploads\/2021\/02\/simply-red-new-flame-CD.jpg","type":"image\/jpeg"}],"twitter_card":"summary_large_image","twitter_misc":{"Dur\u00e9e de lecture estim\u00e9e":"1 minute"},"schema":{"@context":"https:\/\/schema.org","@graph":[{"@type":"WebPage","@id":"https:\/\/www.verdieditions.com\/cd-pop-rock\/produit\/simply-red-new-flame\/","url":"https:\/\/www.verdieditions.com\/cd-pop-rock\/produit\/simply-red-new-flame\/","name":"SIMPLY RED - A New Flame - CD - CD Pop Rock","isPartOf":{"@id":"https:\/\/www.verdieditions.com\/cd-pop-rock\/#website"},"primaryImageOfPage":{"@id":"https:\/\/www.verdieditions.com\/cd-pop-rock\/produit\/simply-red-new-flame\/#primaryimage"},"image":{"@id":"https:\/\/www.verdieditions.com\/cd-pop-rock\/produit\/simply-red-new-flame\/#primaryimage"},"thumbnailUrl":"https:\/\/www.verdieditions.com\/cd-pop-rock\/wp-content\/uploads\/2021\/02\/simply-red-new-flame-CD.jpg","datePublished":"2021-02-02T10:14:04+00:00","dateModified":"2021-04-15T08:42:11+00:00","description":"Artiste : SIMPLY REDTitre : A New FlameAnn\u00e9e : 1989, \u00e9dition originaleGenre : Blue-eyed soulProducteur : Stewart LevineLabel : Elektra, Warner","breadcrumb":{"@id":"https:\/\/www.verdieditions.com\/cd-pop-rock\/produit\/simply-red-new-flame\/#breadcrumb"},"inLanguage":"fr-FR","potentialAction":[{"@type":"ReadAction","target":["https:\/\/www.verdieditions.com\/cd-pop-rock\/produit\/simply-red-new-flame\/"]}]},{"@type":"ImageObject","inLanguage":"fr-FR","@id":"https:\/\/www.verdieditions.com\/cd-pop-rock\/produit\/simply-red-new-flame\/#primaryimage","url":"https:\/\/www.verdieditions.com\/cd-pop-rock\/wp-content\/uploads\/2021\/02\/simply-red-new-flame-CD.jpg","contentUrl":"https:\/\/www.verdieditions.com\/cd-pop-rock\/wp-content\/uploads\/2021\/02\/simply-red-new-flame-CD.jpg","width":800,"height":532,"caption":"simply-red-new-flame-CD"},{"@type":"BreadcrumbList","@id":"https:\/\/www.verdieditions.com\/cd-pop-rock\/produit\/simply-red-new-flame\/#breadcrumb","itemListElement":[{"@type":"ListItem","position":1,"name":"Accueil","item":"https:\/\/www.verdieditions.com\/cd-pop-rock\/"},{"@type":"ListItem","position":2,"name":"La Boutique","item":"https:\/\/www.verdieditions.com\/cd-pop-rock\/boutique\/"},{"@type":"ListItem","position":3,"name":"SIMPLY RED &#8211; A New Flame &#8211; CD"}]},{"@type":"WebSite","@id":"https:\/\/www.verdieditions.com\/cd-pop-rock\/#website","url":"https:\/\/www.verdieditions.com\/cd-pop-rock\/","name":"CD Pop Rock","description":"CD, K7, Vinyles, VHS et DVD de Musique Pop et Rock vintage","publisher":{"@id":"https:\/\/www.verdieditions.com\/cd-pop-rock\/#\/schema\/person\/3a9da867add08338474907117bf9668a"},"potentialAction":[{"@type":"SearchAction","target":{"@type":"EntryPoint","urlTemplate":"https:\/\/www.verdieditions.com\/cd-pop-rock\/?s={search_term_string}"},"query-input":{"@type":"PropertyValueSpecification","valueRequired":true,"valueName":"search_term_string"}}],"inLanguage":"fr-FR"},{"@type":["Person","Organization"],"@id":"https:\/\/www.verdieditions.com\/cd-pop-rock\/#\/schema\/person\/3a9da867add08338474907117bf9668a","name":"Sylvie VERDI","image":{"@type":"ImageObject","inLanguage":"fr-FR","@id":"https:\/\/www.verdieditions.com\/cd-pop-rock\/#\/schema\/person\/image\/","url":"https:\/\/www.verdieditions.com\/cd-pop-rock\/wp-content\/uploads\/2021\/01\/cropped-favicon-cd-pop-rock-vinyle-32x32-1.png","contentUrl":"https:\/\/www.verdieditions.com\/cd-pop-rock\/wp-content\/uploads\/2021\/01\/cropped-favicon-cd-pop-rock-vinyle-32x32-1.png","width":512,"height":512,"caption":"Sylvie VERDI"},"logo":{"@id":"https:\/\/www.verdieditions.com\/cd-pop-rock\/#\/schema\/person\/image\/"},"sameAs":["https:\/\/www.verdieditions.com\/cd-pop-rock","https:\/\/www.facebook.com\/CD-Pop-Rock-107168374818139"]}]}},"_links":{"self":[{"href":"https:\/\/www.verdieditions.com\/cd-pop-rock\/wp-json\/wp\/v2\/product\/1176","targetHints":{"allow":["GET"]}}],"collection":[{"href":"https:\/\/www.verdieditions.com\/cd-pop-rock\/wp-json\/wp\/v2\/product"}],"about":[{"href":"https:\/\/www.verdieditions.com\/cd-pop-rock\/wp-json\/wp\/v2\/types\/product"}],"wp:featuredmedia":[{"embeddable":true,"href":"https:\/\/www.verdieditions.com\/cd-pop-rock\/wp-json\/wp\/v2\/media\/2081"}],"wp:attachment":[{"href":"https:\/\/www.verdieditions.com\/cd-pop-rock\/wp-json\/wp\/v2\/media?parent=1176"}],"wp:term":[{"taxonomy":"product_brand","embeddable":true,"href":"https:\/\/www.verdieditions.com\/cd-pop-rock\/wp-json\/wp\/v2\/product_brand?post=1176"},{"taxonomy":"product_cat","embeddable":true,"href":"https:\/\/www.verdieditions.com\/cd-pop-rock\/wp-json\/wp\/v2\/product_cat?post=1176"},{"taxonomy":"product_tag","embeddable":true,"href":"https:\/\/www.verdieditions.com\/cd-pop-rock\/wp-json\/wp\/v2\/product_tag?post=1176"}],"curies":[{"name":"wp","href":"https:\/\/api.w.org\/{rel}","templated":true}]}}