{"id":1171,"date":"2021-02-01T17:06:12","date_gmt":"2021-02-01T16:06:12","guid":{"rendered":"https:\/\/www.verdieditions.com\/cd-pop-rock\/?post_type=product&#038;p=1171"},"modified":"2021-04-16T10:01:42","modified_gmt":"2021-04-16T08:01:42","slug":"patti-labelle-lady-marmalade","status":"publish","type":"product","link":"https:\/\/www.verdieditions.com\/cd-pop-rock\/produit\/patti-labelle-lady-marmalade\/","title":{"rendered":"Patti LABELLE &#8211; Lady Marmalade &#8211; 45T"},"content":{"rendered":"<p>Artiste : Patti LABELLE<br \/>\nTitre : Lady Marmalade, Voulez-Vous Coucher Avec Moi Ce soir ? &#8211; 45T<br \/>\nAnn\u00e9e : 1974, \u00e9dition originale 1988<br \/>\n<strong>Pressage ancien original de collection<\/strong><br \/>\nGenre : disco, soul<br \/>\nProducteur : Allen Toussaint, Vicki Wickham<br \/>\nLabel : Epic<\/p>\n<p>Lady Marmalade est une chanson soul disco \u00e9crite et compos\u00e9e par Bob Crewe et Kenny Nolan, enregistr\u00e9e pour la premi\u00e8re fois en 1974 par le groupe The Eleventh Hour, dont Kenny Nolan est le chanteur. Reprise par le trio vocal f\u00e9minin LaBelle, compos\u00e9 de Patti LaBelle, Nona Hendryx et Sarah Dash (en), elle conna\u00eet un succ\u00e8s international.<br \/>\nCette chanson a notamment popularis\u00e9 l&rsquo;expression \u00ab Voulez-vous coucher avec moi ce soir ? \u00bb, r\u00e9p\u00e9t\u00e9e dans son refrain, et qui est parfois cit\u00e9e comme son titre \u00e0 la place de Lady Marmalade.<br \/>\nLady Marmalade a \u00e9t\u00e9 reprise avec succ\u00e8s par des artistes tels que le groupe All Saints, la chanteuse Sabrina et le quatuor Christina Aguilera, Pink, Lil&rsquo; Kim et M\u00fda pour la bande originale du film Moulin Rouge.<\/p>\n<p>Source : Wikipedia<\/p>\n","protected":false},"excerpt":{"rendered":"<p>Artiste : Patti LABELLE<br \/>\nTitre : Lady Marmalade, Voulez-Vous Coucher Avec Moi Ce soir ? &#8211; 45T<br \/>\nAnn\u00e9e : 1974, \u00e9dition originale 1988<br \/>\n<strong>Pressage ancien original de collection<\/strong><br \/>\nGenre : disco, soul<br \/>\nProducteur : Allen Toussaint, Vicki Wickham<br \/>\nLabel : Epic<\/p>\n","protected":false},"featured_media":1977,"template":"","meta":[],"product_brand":[],"product_cat":[72],"product_tag":[93,80],"class_list":{"0":"post-1171","1":"product","2":"type-product","3":"status-publish","4":"has-post-thumbnail","6":"product_cat-45t","7":"product_tag-disco","8":"product_tag-soul","10":"first","11":"instock","12":"shipping-taxable","13":"product-type-simple"},"yoast_head":"<!-- This site is optimized with the Yoast SEO plugin v27.0 - https:\/\/yoast.com\/product\/yoast-seo-wordpress\/ -->\n<title>Patti LABELLE - Lady Marmalade - 45T - CD Pop Rock<\/title>\n<meta name=\"description\" content=\"Patti LABELLE Titre : Lady Marmalade - 45T - 1974, \u00e9d originale 1988 Genre : disco, soul Prod : Allen Toussaint, Vicki Wickham - Epic\" \/>\n<meta name=\"robots\" content=\"index, follow, max-snippet:-1, max-image-preview:large, max-video-preview:-1\" \/>\n<link rel=\"canonical\" href=\"https:\/\/www.verdieditions.com\/cd-pop-rock\/produit\/patti-labelle-lady-marmalade\/\" \/>\n<meta property=\"og:locale\" content=\"fr_FR\" \/>\n<meta property=\"og:type\" content=\"article\" \/>\n<meta property=\"og:title\" content=\"Patti LABELLE - Lady Marmalade - 45T - CD Pop Rock\" \/>\n<meta property=\"og:description\" content=\"Patti LABELLE Titre : Lady Marmalade - 45T - 1974, \u00e9d originale 1988 Genre : disco, soul Prod : Allen Toussaint, Vicki Wickham - Epic\" \/>\n<meta property=\"og:url\" content=\"https:\/\/www.verdieditions.com\/cd-pop-rock\/produit\/patti-labelle-lady-marmalade\/\" \/>\n<meta property=\"og:site_name\" content=\"CD Pop Rock\" \/>\n<meta property=\"article:publisher\" content=\"https:\/\/www.facebook.com\/CD-Pop-Rock-107168374818139\" \/>\n<meta property=\"article:modified_time\" content=\"2021-04-16T08:01:42+00:00\" \/>\n<meta property=\"og:image\" content=\"https:\/\/www.verdieditions.com\/cd-pop-rock\/wp-content\/uploads\/2021\/02\/labelle-lady-marmalade-coucher-45T.jpg\" \/>\n\t<meta property=\"og:image:width\" content=\"800\" \/>\n\t<meta property=\"og:image:height\" content=\"532\" \/>\n\t<meta property=\"og:image:type\" content=\"image\/jpeg\" \/>\n<meta name=\"twitter:card\" content=\"summary_large_image\" \/>\n<meta name=\"twitter:label1\" content=\"Dur\u00e9e de lecture estim\u00e9e\" \/>\n\t<meta name=\"twitter:data1\" content=\"1 minute\" \/>\n<script type=\"application\/ld+json\" class=\"yoast-schema-graph\">{\"@context\":\"https:\/\/schema.org\",\"@graph\":[{\"@type\":\"WebPage\",\"@id\":\"https:\/\/www.verdieditions.com\/cd-pop-rock\/produit\/patti-labelle-lady-marmalade\/\",\"url\":\"https:\/\/www.verdieditions.com\/cd-pop-rock\/produit\/patti-labelle-lady-marmalade\/\",\"name\":\"Patti LABELLE - Lady Marmalade - 45T - CD Pop Rock\",\"isPartOf\":{\"@id\":\"https:\/\/www.verdieditions.com\/cd-pop-rock\/#website\"},\"primaryImageOfPage\":{\"@id\":\"https:\/\/www.verdieditions.com\/cd-pop-rock\/produit\/patti-labelle-lady-marmalade\/#primaryimage\"},\"image\":{\"@id\":\"https:\/\/www.verdieditions.com\/cd-pop-rock\/produit\/patti-labelle-lady-marmalade\/#primaryimage\"},\"thumbnailUrl\":\"https:\/\/www.verdieditions.com\/cd-pop-rock\/wp-content\/uploads\/2021\/02\/labelle-lady-marmalade-coucher-45T.jpg\",\"datePublished\":\"2021-02-01T16:06:12+00:00\",\"dateModified\":\"2021-04-16T08:01:42+00:00\",\"description\":\"Patti LABELLE Titre : Lady Marmalade - 45T - 1974, \u00e9d originale 1988 Genre : disco, soul Prod : Allen Toussaint, Vicki Wickham - Epic\",\"breadcrumb\":{\"@id\":\"https:\/\/www.verdieditions.com\/cd-pop-rock\/produit\/patti-labelle-lady-marmalade\/#breadcrumb\"},\"inLanguage\":\"fr-FR\",\"potentialAction\":[{\"@type\":\"ReadAction\",\"target\":[\"https:\/\/www.verdieditions.com\/cd-pop-rock\/produit\/patti-labelle-lady-marmalade\/\"]}]},{\"@type\":\"ImageObject\",\"inLanguage\":\"fr-FR\",\"@id\":\"https:\/\/www.verdieditions.com\/cd-pop-rock\/produit\/patti-labelle-lady-marmalade\/#primaryimage\",\"url\":\"https:\/\/www.verdieditions.com\/cd-pop-rock\/wp-content\/uploads\/2021\/02\/labelle-lady-marmalade-coucher-45T.jpg\",\"contentUrl\":\"https:\/\/www.verdieditions.com\/cd-pop-rock\/wp-content\/uploads\/2021\/02\/labelle-lady-marmalade-coucher-45T.jpg\",\"width\":800,\"height\":532,\"caption\":\"labelle-lady-marmalade-coucher-45T\"},{\"@type\":\"BreadcrumbList\",\"@id\":\"https:\/\/www.verdieditions.com\/cd-pop-rock\/produit\/patti-labelle-lady-marmalade\/#breadcrumb\",\"itemListElement\":[{\"@type\":\"ListItem\",\"position\":1,\"name\":\"Accueil\",\"item\":\"https:\/\/www.verdieditions.com\/cd-pop-rock\/\"},{\"@type\":\"ListItem\",\"position\":2,\"name\":\"La Boutique\",\"item\":\"https:\/\/www.verdieditions.com\/cd-pop-rock\/boutique\/\"},{\"@type\":\"ListItem\",\"position\":3,\"name\":\"Patti LABELLE &#8211; Lady Marmalade &#8211; 45T\"}]},{\"@type\":\"WebSite\",\"@id\":\"https:\/\/www.verdieditions.com\/cd-pop-rock\/#website\",\"url\":\"https:\/\/www.verdieditions.com\/cd-pop-rock\/\",\"name\":\"CD Pop Rock\",\"description\":\"CD, K7, Vinyles, VHS et DVD de Musique Pop et Rock vintage\",\"publisher\":{\"@id\":\"https:\/\/www.verdieditions.com\/cd-pop-rock\/#\/schema\/person\/3a9da867add08338474907117bf9668a\"},\"potentialAction\":[{\"@type\":\"SearchAction\",\"target\":{\"@type\":\"EntryPoint\",\"urlTemplate\":\"https:\/\/www.verdieditions.com\/cd-pop-rock\/?s={search_term_string}\"},\"query-input\":{\"@type\":\"PropertyValueSpecification\",\"valueRequired\":true,\"valueName\":\"search_term_string\"}}],\"inLanguage\":\"fr-FR\"},{\"@type\":[\"Person\",\"Organization\"],\"@id\":\"https:\/\/www.verdieditions.com\/cd-pop-rock\/#\/schema\/person\/3a9da867add08338474907117bf9668a\",\"name\":\"Sylvie VERDI\",\"image\":{\"@type\":\"ImageObject\",\"inLanguage\":\"fr-FR\",\"@id\":\"https:\/\/www.verdieditions.com\/cd-pop-rock\/#\/schema\/person\/image\/\",\"url\":\"https:\/\/www.verdieditions.com\/cd-pop-rock\/wp-content\/uploads\/2021\/01\/cropped-favicon-cd-pop-rock-vinyle-32x32-1.png\",\"contentUrl\":\"https:\/\/www.verdieditions.com\/cd-pop-rock\/wp-content\/uploads\/2021\/01\/cropped-favicon-cd-pop-rock-vinyle-32x32-1.png\",\"width\":512,\"height\":512,\"caption\":\"Sylvie VERDI\"},\"logo\":{\"@id\":\"https:\/\/www.verdieditions.com\/cd-pop-rock\/#\/schema\/person\/image\/\"},\"sameAs\":[\"https:\/\/www.verdieditions.com\/cd-pop-rock\",\"https:\/\/www.facebook.com\/CD-Pop-Rock-107168374818139\"]}]}<\/script>\n<!-- \/ Yoast SEO plugin. -->","yoast_head_json":{"title":"Patti LABELLE - Lady Marmalade - 45T - CD Pop Rock","description":"Patti LABELLE Titre : Lady Marmalade - 45T - 1974, \u00e9d originale 1988 Genre : disco, soul Prod : Allen Toussaint, Vicki Wickham - Epic","robots":{"index":"index","follow":"follow","max-snippet":"max-snippet:-1","max-image-preview":"max-image-preview:large","max-video-preview":"max-video-preview:-1"},"canonical":"https:\/\/www.verdieditions.com\/cd-pop-rock\/produit\/patti-labelle-lady-marmalade\/","og_locale":"fr_FR","og_type":"article","og_title":"Patti LABELLE - Lady Marmalade - 45T - CD Pop Rock","og_description":"Patti LABELLE Titre : Lady Marmalade - 45T - 1974, \u00e9d originale 1988 Genre : disco, soul Prod : Allen Toussaint, Vicki Wickham - Epic","og_url":"https:\/\/www.verdieditions.com\/cd-pop-rock\/produit\/patti-labelle-lady-marmalade\/","og_site_name":"CD Pop Rock","article_publisher":"https:\/\/www.facebook.com\/CD-Pop-Rock-107168374818139","article_modified_time":"2021-04-16T08:01:42+00:00","og_image":[{"width":800,"height":532,"url":"https:\/\/www.verdieditions.com\/cd-pop-rock\/wp-content\/uploads\/2021\/02\/labelle-lady-marmalade-coucher-45T.jpg","type":"image\/jpeg"}],"twitter_card":"summary_large_image","twitter_misc":{"Dur\u00e9e de lecture estim\u00e9e":"1 minute"},"schema":{"@context":"https:\/\/schema.org","@graph":[{"@type":"WebPage","@id":"https:\/\/www.verdieditions.com\/cd-pop-rock\/produit\/patti-labelle-lady-marmalade\/","url":"https:\/\/www.verdieditions.com\/cd-pop-rock\/produit\/patti-labelle-lady-marmalade\/","name":"Patti LABELLE - Lady Marmalade - 45T - CD Pop Rock","isPartOf":{"@id":"https:\/\/www.verdieditions.com\/cd-pop-rock\/#website"},"primaryImageOfPage":{"@id":"https:\/\/www.verdieditions.com\/cd-pop-rock\/produit\/patti-labelle-lady-marmalade\/#primaryimage"},"image":{"@id":"https:\/\/www.verdieditions.com\/cd-pop-rock\/produit\/patti-labelle-lady-marmalade\/#primaryimage"},"thumbnailUrl":"https:\/\/www.verdieditions.com\/cd-pop-rock\/wp-content\/uploads\/2021\/02\/labelle-lady-marmalade-coucher-45T.jpg","datePublished":"2021-02-01T16:06:12+00:00","dateModified":"2021-04-16T08:01:42+00:00","description":"Patti LABELLE Titre : Lady Marmalade - 45T - 1974, \u00e9d originale 1988 Genre : disco, soul Prod : Allen Toussaint, Vicki Wickham - Epic","breadcrumb":{"@id":"https:\/\/www.verdieditions.com\/cd-pop-rock\/produit\/patti-labelle-lady-marmalade\/#breadcrumb"},"inLanguage":"fr-FR","potentialAction":[{"@type":"ReadAction","target":["https:\/\/www.verdieditions.com\/cd-pop-rock\/produit\/patti-labelle-lady-marmalade\/"]}]},{"@type":"ImageObject","inLanguage":"fr-FR","@id":"https:\/\/www.verdieditions.com\/cd-pop-rock\/produit\/patti-labelle-lady-marmalade\/#primaryimage","url":"https:\/\/www.verdieditions.com\/cd-pop-rock\/wp-content\/uploads\/2021\/02\/labelle-lady-marmalade-coucher-45T.jpg","contentUrl":"https:\/\/www.verdieditions.com\/cd-pop-rock\/wp-content\/uploads\/2021\/02\/labelle-lady-marmalade-coucher-45T.jpg","width":800,"height":532,"caption":"labelle-lady-marmalade-coucher-45T"},{"@type":"BreadcrumbList","@id":"https:\/\/www.verdieditions.com\/cd-pop-rock\/produit\/patti-labelle-lady-marmalade\/#breadcrumb","itemListElement":[{"@type":"ListItem","position":1,"name":"Accueil","item":"https:\/\/www.verdieditions.com\/cd-pop-rock\/"},{"@type":"ListItem","position":2,"name":"La Boutique","item":"https:\/\/www.verdieditions.com\/cd-pop-rock\/boutique\/"},{"@type":"ListItem","position":3,"name":"Patti LABELLE &#8211; Lady Marmalade &#8211; 45T"}]},{"@type":"WebSite","@id":"https:\/\/www.verdieditions.com\/cd-pop-rock\/#website","url":"https:\/\/www.verdieditions.com\/cd-pop-rock\/","name":"CD Pop Rock","description":"CD, K7, Vinyles, VHS et DVD de Musique Pop et Rock vintage","publisher":{"@id":"https:\/\/www.verdieditions.com\/cd-pop-rock\/#\/schema\/person\/3a9da867add08338474907117bf9668a"},"potentialAction":[{"@type":"SearchAction","target":{"@type":"EntryPoint","urlTemplate":"https:\/\/www.verdieditions.com\/cd-pop-rock\/?s={search_term_string}"},"query-input":{"@type":"PropertyValueSpecification","valueRequired":true,"valueName":"search_term_string"}}],"inLanguage":"fr-FR"},{"@type":["Person","Organization"],"@id":"https:\/\/www.verdieditions.com\/cd-pop-rock\/#\/schema\/person\/3a9da867add08338474907117bf9668a","name":"Sylvie VERDI","image":{"@type":"ImageObject","inLanguage":"fr-FR","@id":"https:\/\/www.verdieditions.com\/cd-pop-rock\/#\/schema\/person\/image\/","url":"https:\/\/www.verdieditions.com\/cd-pop-rock\/wp-content\/uploads\/2021\/01\/cropped-favicon-cd-pop-rock-vinyle-32x32-1.png","contentUrl":"https:\/\/www.verdieditions.com\/cd-pop-rock\/wp-content\/uploads\/2021\/01\/cropped-favicon-cd-pop-rock-vinyle-32x32-1.png","width":512,"height":512,"caption":"Sylvie VERDI"},"logo":{"@id":"https:\/\/www.verdieditions.com\/cd-pop-rock\/#\/schema\/person\/image\/"},"sameAs":["https:\/\/www.verdieditions.com\/cd-pop-rock","https:\/\/www.facebook.com\/CD-Pop-Rock-107168374818139"]}]}},"_links":{"self":[{"href":"https:\/\/www.verdieditions.com\/cd-pop-rock\/wp-json\/wp\/v2\/product\/1171","targetHints":{"allow":["GET"]}}],"collection":[{"href":"https:\/\/www.verdieditions.com\/cd-pop-rock\/wp-json\/wp\/v2\/product"}],"about":[{"href":"https:\/\/www.verdieditions.com\/cd-pop-rock\/wp-json\/wp\/v2\/types\/product"}],"wp:featuredmedia":[{"embeddable":true,"href":"https:\/\/www.verdieditions.com\/cd-pop-rock\/wp-json\/wp\/v2\/media\/1977"}],"wp:attachment":[{"href":"https:\/\/www.verdieditions.com\/cd-pop-rock\/wp-json\/wp\/v2\/media?parent=1171"}],"wp:term":[{"taxonomy":"product_brand","embeddable":true,"href":"https:\/\/www.verdieditions.com\/cd-pop-rock\/wp-json\/wp\/v2\/product_brand?post=1171"},{"taxonomy":"product_cat","embeddable":true,"href":"https:\/\/www.verdieditions.com\/cd-pop-rock\/wp-json\/wp\/v2\/product_cat?post=1171"},{"taxonomy":"product_tag","embeddable":true,"href":"https:\/\/www.verdieditions.com\/cd-pop-rock\/wp-json\/wp\/v2\/product_tag?post=1171"}],"curies":[{"name":"wp","href":"https:\/\/api.w.org\/{rel}","templated":true}]}}