{"id":1168,"date":"2021-02-01T16:48:08","date_gmt":"2021-02-01T15:48:08","guid":{"rendered":"https:\/\/www.verdieditions.com\/cd-pop-rock\/?post_type=product&#038;p=1168"},"modified":"2021-04-16T10:01:42","modified_gmt":"2021-04-16T08:01:42","slug":"bowie-underground","status":"publish","type":"product","link":"https:\/\/www.verdieditions.com\/cd-pop-rock\/produit\/bowie-underground\/","title":{"rendered":"David BOWIE &#8211; Underground &#8211; BO Film \u00ab\u00a0Labyrinthe\u00a0\u00bb &#8211; 45T"},"content":{"rendered":"<p>Artiste : David BOWIE<br \/>\nTitre : Underground &#8211; 45T &#8211; BO Film \u00ab\u00a0Labyrinthe\u00a0\u00bb<br \/>\nAnn\u00e9e : 1985, \u00e9dition originale<br \/>\n<strong>Pressage ancien original de collection<br \/>\nVinyle vierge, jamais \u00e9cout\u00e9<\/strong><br \/>\nGenre : Musique de film<br \/>\nProducteur : David Bowie, Arif Mardin<br \/>\nLabel : EMI<\/p>\n<p>\u00ab\u00a0Underground\u00a0\u00bb est une chanson \u00e9crite et enregistr\u00e9e par David Bowie pour la bande-son du film Labyrinthe de 1986. Elle a atteint la 21\u00e8me place du classement des singles au Royaume-Uni.<\/p>\n<p>Bowie a \u00e9crit et enregistr\u00e9 cinq chansons pour Labyrinthe, dans lequel il joue \u00e9galement le r\u00f4le de Jareth, le roi des gobelins. \u00ab\u00a0Underground\u00a0\u00bb est la chanson th\u00e8me du film ; une version plus lente et r\u00e9\u00e9crite par le compositeur Trevor Jones est jou\u00e9e au d\u00e9but du g\u00e9n\u00e9rique, tandis que la version originale de Bowie est jou\u00e9e \u00e0 la fin du g\u00e9n\u00e9rique. Bowie explique son choix de style musical pour la chanson : \u00ab\u00a0<em>Le film traite essentiellement des \u00e9motions d&rsquo;une fille et de ce qu&rsquo;elle vit, en d\u00e9couvrant sa propre personnalit\u00e9, celle de ses parents et sa relation avec sa famille. Je voulais donc quelque chose de tr\u00e8s \u00e9motionnel, et pour moi la musique la plus \u00e9motionnelle \u00e0 laquelle je puisse penser est le gospel<\/em>\u00ab\u00a0.<\/p>\n<p>Bowie et le producteur Arif Mardin ont enregistr\u00e9 \u00ab\u00a0Underground\u00a0\u00bb aux Atlantic Studios \u00e0 New York. Le morceau comprend un grand ch\u0153ur de choristes, dont Chaka Khan, Luther Vandross et Daphne Rubin-Vega, ainsi que le ch\u0153ur de la radio de l&rsquo;\u00e9glise baptiste de New Hope, avec la guitare solo jou\u00e9e par le guitariste de blues Albert Collins, dont la contribution \u00e0 la chanson a \u00e9t\u00e9 d\u00e9crite par Bowie comme \u00ab\u00a0un son tr\u00e8s sauvage, brut, agressif, qui va \u00e0 l&rsquo;encontre de la glisse peut-\u00eatre superficielle des synth\u00e9tiseurs\u00a0\u00bb.<\/p>\n<p>Traduit avec www.DeepL.com\/Translator (version gratuite)<br \/>\nSource : Wikipedia<\/p>\n","protected":false},"excerpt":{"rendered":"<p>Artiste : David BOWIE<br \/>\nTitre : Underground &#8211; 45T &#8211; BO Film \u00ab\u00a0Labyrinthe\u00a0\u00bb<br \/>\nAnn\u00e9e : 1985, \u00e9dition originale<br \/>\n<strong>Pressage ancien original de collection<br \/>\nVinyle vierge, jamais \u00e9cout\u00e9<\/strong><br \/>\nGenre : Musique de film<br \/>\nProducteur : David Bowie, Arif Mardin<br \/>\nLabel : EMI<\/p>\n","protected":false},"featured_media":1880,"template":"","meta":[],"product_brand":[],"product_cat":[72],"product_tag":[119],"class_list":{"0":"post-1168","1":"product","2":"type-product","3":"status-publish","4":"has-post-thumbnail","6":"product_cat-45t","7":"product_tag-musique-de-film","9":"first","10":"instock","11":"shipping-taxable","12":"product-type-simple"},"yoast_head":"<!-- This site is optimized with the Yoast SEO plugin v27.0 - https:\/\/yoast.com\/product\/yoast-seo-wordpress\/ -->\n<title>David BOWIE - Underground - BO Film &quot;Labyrinthe&quot; - 45T<\/title>\n<meta name=\"description\" content=\"David BOWIE - Underground - 45T - 1985, \u00e9d originale Vinyle neuf, jamais \u00e9cout\u00e9 Genre : Musique du film &quot;Labyrinthe&quot; - Prod. Bowie - EMI\" \/>\n<meta name=\"robots\" content=\"index, follow, max-snippet:-1, max-image-preview:large, max-video-preview:-1\" \/>\n<link rel=\"canonical\" href=\"https:\/\/www.verdieditions.com\/cd-pop-rock\/produit\/bowie-underground\/\" \/>\n<meta property=\"og:locale\" content=\"fr_FR\" \/>\n<meta property=\"og:type\" content=\"article\" \/>\n<meta property=\"og:title\" content=\"David BOWIE - Underground - BO Film &quot;Labyrinthe&quot; - 45T\" \/>\n<meta property=\"og:description\" content=\"David BOWIE - Underground - 45T - 1985, \u00e9d originale Vinyle neuf, jamais \u00e9cout\u00e9 Genre : Musique du film &quot;Labyrinthe&quot; - Prod. Bowie - EMI\" \/>\n<meta property=\"og:url\" content=\"https:\/\/www.verdieditions.com\/cd-pop-rock\/produit\/bowie-underground\/\" \/>\n<meta property=\"og:site_name\" content=\"CD Pop Rock\" \/>\n<meta property=\"article:publisher\" content=\"https:\/\/www.facebook.com\/CD-Pop-Rock-107168374818139\" \/>\n<meta property=\"article:modified_time\" content=\"2021-04-16T08:01:42+00:00\" \/>\n<meta property=\"og:image\" content=\"https:\/\/www.verdieditions.com\/cd-pop-rock\/wp-content\/uploads\/2021\/02\/bowie-labyrinth-underground-45T.jpg\" \/>\n\t<meta property=\"og:image:width\" content=\"800\" \/>\n\t<meta property=\"og:image:height\" content=\"532\" \/>\n\t<meta property=\"og:image:type\" content=\"image\/jpeg\" \/>\n<meta name=\"twitter:card\" content=\"summary_large_image\" \/>\n<meta name=\"twitter:label1\" content=\"Dur\u00e9e de lecture estim\u00e9e\" \/>\n\t<meta name=\"twitter:data1\" content=\"1 minute\" \/>\n<script type=\"application\/ld+json\" class=\"yoast-schema-graph\">{\"@context\":\"https:\/\/schema.org\",\"@graph\":[{\"@type\":\"WebPage\",\"@id\":\"https:\/\/www.verdieditions.com\/cd-pop-rock\/produit\/bowie-underground\/\",\"url\":\"https:\/\/www.verdieditions.com\/cd-pop-rock\/produit\/bowie-underground\/\",\"name\":\"David BOWIE - Underground - BO Film \\\"Labyrinthe\\\" - 45T\",\"isPartOf\":{\"@id\":\"https:\/\/www.verdieditions.com\/cd-pop-rock\/#website\"},\"primaryImageOfPage\":{\"@id\":\"https:\/\/www.verdieditions.com\/cd-pop-rock\/produit\/bowie-underground\/#primaryimage\"},\"image\":{\"@id\":\"https:\/\/www.verdieditions.com\/cd-pop-rock\/produit\/bowie-underground\/#primaryimage\"},\"thumbnailUrl\":\"https:\/\/www.verdieditions.com\/cd-pop-rock\/wp-content\/uploads\/2021\/02\/bowie-labyrinth-underground-45T.jpg\",\"datePublished\":\"2021-02-01T15:48:08+00:00\",\"dateModified\":\"2021-04-16T08:01:42+00:00\",\"description\":\"David BOWIE - Underground - 45T - 1985, \u00e9d originale Vinyle neuf, jamais \u00e9cout\u00e9 Genre : Musique du film \\\"Labyrinthe\\\" - Prod. Bowie - EMI\",\"breadcrumb\":{\"@id\":\"https:\/\/www.verdieditions.com\/cd-pop-rock\/produit\/bowie-underground\/#breadcrumb\"},\"inLanguage\":\"fr-FR\",\"potentialAction\":[{\"@type\":\"ReadAction\",\"target\":[\"https:\/\/www.verdieditions.com\/cd-pop-rock\/produit\/bowie-underground\/\"]}]},{\"@type\":\"ImageObject\",\"inLanguage\":\"fr-FR\",\"@id\":\"https:\/\/www.verdieditions.com\/cd-pop-rock\/produit\/bowie-underground\/#primaryimage\",\"url\":\"https:\/\/www.verdieditions.com\/cd-pop-rock\/wp-content\/uploads\/2021\/02\/bowie-labyrinth-underground-45T.jpg\",\"contentUrl\":\"https:\/\/www.verdieditions.com\/cd-pop-rock\/wp-content\/uploads\/2021\/02\/bowie-labyrinth-underground-45T.jpg\",\"width\":800,\"height\":532,\"caption\":\"bowie-labyrinth-underground-45T\"},{\"@type\":\"BreadcrumbList\",\"@id\":\"https:\/\/www.verdieditions.com\/cd-pop-rock\/produit\/bowie-underground\/#breadcrumb\",\"itemListElement\":[{\"@type\":\"ListItem\",\"position\":1,\"name\":\"Accueil\",\"item\":\"https:\/\/www.verdieditions.com\/cd-pop-rock\/\"},{\"@type\":\"ListItem\",\"position\":2,\"name\":\"La Boutique\",\"item\":\"https:\/\/www.verdieditions.com\/cd-pop-rock\/boutique\/\"},{\"@type\":\"ListItem\",\"position\":3,\"name\":\"David BOWIE &#8211; Underground &#8211; BO Film \u00ab\u00a0Labyrinthe\u00a0\u00bb &#8211; 45T\"}]},{\"@type\":\"WebSite\",\"@id\":\"https:\/\/www.verdieditions.com\/cd-pop-rock\/#website\",\"url\":\"https:\/\/www.verdieditions.com\/cd-pop-rock\/\",\"name\":\"CD Pop Rock\",\"description\":\"CD, K7, Vinyles, VHS et DVD de Musique Pop et Rock vintage\",\"publisher\":{\"@id\":\"https:\/\/www.verdieditions.com\/cd-pop-rock\/#\/schema\/person\/3a9da867add08338474907117bf9668a\"},\"potentialAction\":[{\"@type\":\"SearchAction\",\"target\":{\"@type\":\"EntryPoint\",\"urlTemplate\":\"https:\/\/www.verdieditions.com\/cd-pop-rock\/?s={search_term_string}\"},\"query-input\":{\"@type\":\"PropertyValueSpecification\",\"valueRequired\":true,\"valueName\":\"search_term_string\"}}],\"inLanguage\":\"fr-FR\"},{\"@type\":[\"Person\",\"Organization\"],\"@id\":\"https:\/\/www.verdieditions.com\/cd-pop-rock\/#\/schema\/person\/3a9da867add08338474907117bf9668a\",\"name\":\"Sylvie VERDI\",\"image\":{\"@type\":\"ImageObject\",\"inLanguage\":\"fr-FR\",\"@id\":\"https:\/\/www.verdieditions.com\/cd-pop-rock\/#\/schema\/person\/image\/\",\"url\":\"https:\/\/www.verdieditions.com\/cd-pop-rock\/wp-content\/uploads\/2021\/01\/cropped-favicon-cd-pop-rock-vinyle-32x32-1.png\",\"contentUrl\":\"https:\/\/www.verdieditions.com\/cd-pop-rock\/wp-content\/uploads\/2021\/01\/cropped-favicon-cd-pop-rock-vinyle-32x32-1.png\",\"width\":512,\"height\":512,\"caption\":\"Sylvie VERDI\"},\"logo\":{\"@id\":\"https:\/\/www.verdieditions.com\/cd-pop-rock\/#\/schema\/person\/image\/\"},\"sameAs\":[\"https:\/\/www.verdieditions.com\/cd-pop-rock\",\"https:\/\/www.facebook.com\/CD-Pop-Rock-107168374818139\"]}]}<\/script>\n<!-- \/ Yoast SEO plugin. -->","yoast_head_json":{"title":"David BOWIE - Underground - BO Film \"Labyrinthe\" - 45T","description":"David BOWIE - Underground - 45T - 1985, \u00e9d originale Vinyle neuf, jamais \u00e9cout\u00e9 Genre : Musique du film \"Labyrinthe\" - Prod. Bowie - EMI","robots":{"index":"index","follow":"follow","max-snippet":"max-snippet:-1","max-image-preview":"max-image-preview:large","max-video-preview":"max-video-preview:-1"},"canonical":"https:\/\/www.verdieditions.com\/cd-pop-rock\/produit\/bowie-underground\/","og_locale":"fr_FR","og_type":"article","og_title":"David BOWIE - Underground - BO Film \"Labyrinthe\" - 45T","og_description":"David BOWIE - Underground - 45T - 1985, \u00e9d originale Vinyle neuf, jamais \u00e9cout\u00e9 Genre : Musique du film \"Labyrinthe\" - Prod. Bowie - EMI","og_url":"https:\/\/www.verdieditions.com\/cd-pop-rock\/produit\/bowie-underground\/","og_site_name":"CD Pop Rock","article_publisher":"https:\/\/www.facebook.com\/CD-Pop-Rock-107168374818139","article_modified_time":"2021-04-16T08:01:42+00:00","og_image":[{"width":800,"height":532,"url":"https:\/\/www.verdieditions.com\/cd-pop-rock\/wp-content\/uploads\/2021\/02\/bowie-labyrinth-underground-45T.jpg","type":"image\/jpeg"}],"twitter_card":"summary_large_image","twitter_misc":{"Dur\u00e9e de lecture estim\u00e9e":"1 minute"},"schema":{"@context":"https:\/\/schema.org","@graph":[{"@type":"WebPage","@id":"https:\/\/www.verdieditions.com\/cd-pop-rock\/produit\/bowie-underground\/","url":"https:\/\/www.verdieditions.com\/cd-pop-rock\/produit\/bowie-underground\/","name":"David BOWIE - Underground - BO Film \"Labyrinthe\" - 45T","isPartOf":{"@id":"https:\/\/www.verdieditions.com\/cd-pop-rock\/#website"},"primaryImageOfPage":{"@id":"https:\/\/www.verdieditions.com\/cd-pop-rock\/produit\/bowie-underground\/#primaryimage"},"image":{"@id":"https:\/\/www.verdieditions.com\/cd-pop-rock\/produit\/bowie-underground\/#primaryimage"},"thumbnailUrl":"https:\/\/www.verdieditions.com\/cd-pop-rock\/wp-content\/uploads\/2021\/02\/bowie-labyrinth-underground-45T.jpg","datePublished":"2021-02-01T15:48:08+00:00","dateModified":"2021-04-16T08:01:42+00:00","description":"David BOWIE - Underground - 45T - 1985, \u00e9d originale Vinyle neuf, jamais \u00e9cout\u00e9 Genre : Musique du film \"Labyrinthe\" - Prod. Bowie - EMI","breadcrumb":{"@id":"https:\/\/www.verdieditions.com\/cd-pop-rock\/produit\/bowie-underground\/#breadcrumb"},"inLanguage":"fr-FR","potentialAction":[{"@type":"ReadAction","target":["https:\/\/www.verdieditions.com\/cd-pop-rock\/produit\/bowie-underground\/"]}]},{"@type":"ImageObject","inLanguage":"fr-FR","@id":"https:\/\/www.verdieditions.com\/cd-pop-rock\/produit\/bowie-underground\/#primaryimage","url":"https:\/\/www.verdieditions.com\/cd-pop-rock\/wp-content\/uploads\/2021\/02\/bowie-labyrinth-underground-45T.jpg","contentUrl":"https:\/\/www.verdieditions.com\/cd-pop-rock\/wp-content\/uploads\/2021\/02\/bowie-labyrinth-underground-45T.jpg","width":800,"height":532,"caption":"bowie-labyrinth-underground-45T"},{"@type":"BreadcrumbList","@id":"https:\/\/www.verdieditions.com\/cd-pop-rock\/produit\/bowie-underground\/#breadcrumb","itemListElement":[{"@type":"ListItem","position":1,"name":"Accueil","item":"https:\/\/www.verdieditions.com\/cd-pop-rock\/"},{"@type":"ListItem","position":2,"name":"La Boutique","item":"https:\/\/www.verdieditions.com\/cd-pop-rock\/boutique\/"},{"@type":"ListItem","position":3,"name":"David BOWIE &#8211; Underground &#8211; BO Film \u00ab\u00a0Labyrinthe\u00a0\u00bb &#8211; 45T"}]},{"@type":"WebSite","@id":"https:\/\/www.verdieditions.com\/cd-pop-rock\/#website","url":"https:\/\/www.verdieditions.com\/cd-pop-rock\/","name":"CD Pop Rock","description":"CD, K7, Vinyles, VHS et DVD de Musique Pop et Rock vintage","publisher":{"@id":"https:\/\/www.verdieditions.com\/cd-pop-rock\/#\/schema\/person\/3a9da867add08338474907117bf9668a"},"potentialAction":[{"@type":"SearchAction","target":{"@type":"EntryPoint","urlTemplate":"https:\/\/www.verdieditions.com\/cd-pop-rock\/?s={search_term_string}"},"query-input":{"@type":"PropertyValueSpecification","valueRequired":true,"valueName":"search_term_string"}}],"inLanguage":"fr-FR"},{"@type":["Person","Organization"],"@id":"https:\/\/www.verdieditions.com\/cd-pop-rock\/#\/schema\/person\/3a9da867add08338474907117bf9668a","name":"Sylvie VERDI","image":{"@type":"ImageObject","inLanguage":"fr-FR","@id":"https:\/\/www.verdieditions.com\/cd-pop-rock\/#\/schema\/person\/image\/","url":"https:\/\/www.verdieditions.com\/cd-pop-rock\/wp-content\/uploads\/2021\/01\/cropped-favicon-cd-pop-rock-vinyle-32x32-1.png","contentUrl":"https:\/\/www.verdieditions.com\/cd-pop-rock\/wp-content\/uploads\/2021\/01\/cropped-favicon-cd-pop-rock-vinyle-32x32-1.png","width":512,"height":512,"caption":"Sylvie VERDI"},"logo":{"@id":"https:\/\/www.verdieditions.com\/cd-pop-rock\/#\/schema\/person\/image\/"},"sameAs":["https:\/\/www.verdieditions.com\/cd-pop-rock","https:\/\/www.facebook.com\/CD-Pop-Rock-107168374818139"]}]}},"_links":{"self":[{"href":"https:\/\/www.verdieditions.com\/cd-pop-rock\/wp-json\/wp\/v2\/product\/1168","targetHints":{"allow":["GET"]}}],"collection":[{"href":"https:\/\/www.verdieditions.com\/cd-pop-rock\/wp-json\/wp\/v2\/product"}],"about":[{"href":"https:\/\/www.verdieditions.com\/cd-pop-rock\/wp-json\/wp\/v2\/types\/product"}],"wp:featuredmedia":[{"embeddable":true,"href":"https:\/\/www.verdieditions.com\/cd-pop-rock\/wp-json\/wp\/v2\/media\/1880"}],"wp:attachment":[{"href":"https:\/\/www.verdieditions.com\/cd-pop-rock\/wp-json\/wp\/v2\/media?parent=1168"}],"wp:term":[{"taxonomy":"product_brand","embeddable":true,"href":"https:\/\/www.verdieditions.com\/cd-pop-rock\/wp-json\/wp\/v2\/product_brand?post=1168"},{"taxonomy":"product_cat","embeddable":true,"href":"https:\/\/www.verdieditions.com\/cd-pop-rock\/wp-json\/wp\/v2\/product_cat?post=1168"},{"taxonomy":"product_tag","embeddable":true,"href":"https:\/\/www.verdieditions.com\/cd-pop-rock\/wp-json\/wp\/v2\/product_tag?post=1168"}],"curies":[{"name":"wp","href":"https:\/\/api.w.org\/{rel}","templated":true}]}}