{"id":1157,"date":"2021-02-01T15:42:31","date_gmt":"2021-02-01T14:42:31","guid":{"rendered":"https:\/\/www.verdieditions.com\/cd-pop-rock\/?post_type=product&#038;p=1157"},"modified":"2021-04-16T10:01:44","modified_gmt":"2021-04-16T08:01:44","slug":"bowie-lets-spend-night-together","status":"publish","type":"product","link":"https:\/\/www.verdieditions.com\/cd-pop-rock\/produit\/bowie-lets-spend-night-together\/","title":{"rendered":"David BOWIE &#8211; Let&rsquo;s Spend The Night Together &#8211; 45T"},"content":{"rendered":"<p>Artiste : David BOWIE<br \/>\nTitre : Let&rsquo;s Spend The Night Together &#8211; 45T<br \/>\nAnn\u00e9e : 1973, \u00e9dition originale<br \/>\n<strong>Pressage ancien original de collection<\/strong><br \/>\nGenre : Rock &lsquo;n&rsquo; roll<br \/>\nProducteur : David Bowie, Ken Scott<br \/>\nLabel : RCA Records<\/p>\n<p>Let&rsquo;s Spend the Night Together est une chanson des Rolling Stones sortie en single en janvier 1967, avec Ruby Tuesday. Elle est ensuite parue sur la version am\u00e9ricaine de l&rsquo;album Between the Buttons, puis sur la compilation Flowers.<\/p>\n<p>Let&rsquo;s Spend the Night Together est c\u00e9l\u00e8bre surtout pour ses paroles tr\u00e8s directes, qui ont fait scandale \u00e0 l&rsquo;\u00e9poque au point que Mick Jagger a d\u00fb s&rsquo;auto-censurer quand le groupe a interpr\u00e9t\u00e9 la chanson au cours du Ed Sullivan Show, \u00e0 la t\u00e9l\u00e9vision am\u00e9ricaine. Au lieu de \u00ab let&rsquo;s spend the night \u00bb, Jagger a marmonn\u00e9 \u00e0 contre-c\u0153ur quelque chose s&rsquo;approchant de \u00ab let&rsquo;s spend some time \u00bb.<\/p>\n<p>Cette chanson a notamment \u00e9t\u00e9 reprise par <strong>David Bowie<\/strong> sur son album Aladdin Sane, en 1973.<\/p>\n<p>Source : Wikipedia<\/p>\n","protected":false},"excerpt":{"rendered":"<p>Artiste : David BOWIE<br \/>\nTitre : Let&rsquo;s Spend The Night Together &#8211; 45T<br \/>\nAnn\u00e9e : 1973, \u00e9dition originale<br \/>\n<strong>Pressage ancien original de collection<\/strong><br \/>\nGenre : Rock &lsquo;n&rsquo; roll<br \/>\nProducteur : David Bowie, Ken Scott<br \/>\nLabel : RCA Records<\/p>\n","protected":false},"featured_media":1888,"template":"","meta":[],"product_brand":[],"product_cat":[72],"product_tag":[79],"class_list":{"0":"post-1157","1":"product","2":"type-product","3":"status-publish","4":"has-post-thumbnail","6":"product_cat-45t","7":"product_tag-rock","9":"first","10":"instock","11":"shipping-taxable","12":"product-type-simple"},"yoast_head":"<!-- This site is optimized with the Yoast SEO plugin v27.0 - https:\/\/yoast.com\/product\/yoast-seo-wordpress\/ -->\n<title>David BOWIE - Let&#039;s Spend The Night Together - 45T - CD Pop Rock<\/title>\n<meta name=\"description\" content=\"David BOWIE Titre : Let&#039;s Spend The Night Together - 45T - 1973, \u00e9d originale Genre : Rock &#039;n&#039; roll Prod : David Bowie, Ken Scott Label : RCA\" \/>\n<meta name=\"robots\" content=\"index, follow, max-snippet:-1, max-image-preview:large, max-video-preview:-1\" \/>\n<link rel=\"canonical\" href=\"https:\/\/www.verdieditions.com\/cd-pop-rock\/produit\/bowie-lets-spend-night-together\/\" \/>\n<meta property=\"og:locale\" content=\"fr_FR\" \/>\n<meta property=\"og:type\" content=\"article\" \/>\n<meta property=\"og:title\" content=\"David BOWIE - Let&#039;s Spend The Night Together - 45T - CD Pop Rock\" \/>\n<meta property=\"og:description\" content=\"David BOWIE Titre : Let&#039;s Spend The Night Together - 45T - 1973, \u00e9d originale Genre : Rock &#039;n&#039; roll Prod : David Bowie, Ken Scott Label : RCA\" \/>\n<meta property=\"og:url\" content=\"https:\/\/www.verdieditions.com\/cd-pop-rock\/produit\/bowie-lets-spend-night-together\/\" \/>\n<meta property=\"og:site_name\" content=\"CD Pop Rock\" \/>\n<meta property=\"article:publisher\" content=\"https:\/\/www.facebook.com\/CD-Pop-Rock-107168374818139\" \/>\n<meta property=\"article:modified_time\" content=\"2021-04-16T08:01:44+00:00\" \/>\n<meta property=\"og:image\" content=\"https:\/\/www.verdieditions.com\/cd-pop-rock\/wp-content\/uploads\/2021\/02\/bowie-spend-night-together-45T.jpg\" \/>\n\t<meta property=\"og:image:width\" content=\"800\" \/>\n\t<meta property=\"og:image:height\" content=\"532\" \/>\n\t<meta property=\"og:image:type\" content=\"image\/jpeg\" \/>\n<meta name=\"twitter:card\" content=\"summary_large_image\" \/>\n<meta name=\"twitter:label1\" content=\"Dur\u00e9e de lecture estim\u00e9e\" \/>\n\t<meta name=\"twitter:data1\" content=\"1 minute\" \/>\n<script type=\"application\/ld+json\" class=\"yoast-schema-graph\">{\"@context\":\"https:\/\/schema.org\",\"@graph\":[{\"@type\":\"WebPage\",\"@id\":\"https:\/\/www.verdieditions.com\/cd-pop-rock\/produit\/bowie-lets-spend-night-together\/\",\"url\":\"https:\/\/www.verdieditions.com\/cd-pop-rock\/produit\/bowie-lets-spend-night-together\/\",\"name\":\"David BOWIE - Let's Spend The Night Together - 45T - CD Pop Rock\",\"isPartOf\":{\"@id\":\"https:\/\/www.verdieditions.com\/cd-pop-rock\/#website\"},\"primaryImageOfPage\":{\"@id\":\"https:\/\/www.verdieditions.com\/cd-pop-rock\/produit\/bowie-lets-spend-night-together\/#primaryimage\"},\"image\":{\"@id\":\"https:\/\/www.verdieditions.com\/cd-pop-rock\/produit\/bowie-lets-spend-night-together\/#primaryimage\"},\"thumbnailUrl\":\"https:\/\/www.verdieditions.com\/cd-pop-rock\/wp-content\/uploads\/2021\/02\/bowie-spend-night-together-45T.jpg\",\"datePublished\":\"2021-02-01T14:42:31+00:00\",\"dateModified\":\"2021-04-16T08:01:44+00:00\",\"description\":\"David BOWIE Titre : Let's Spend The Night Together - 45T - 1973, \u00e9d originale Genre : Rock 'n' roll Prod : David Bowie, Ken Scott Label : RCA\",\"breadcrumb\":{\"@id\":\"https:\/\/www.verdieditions.com\/cd-pop-rock\/produit\/bowie-lets-spend-night-together\/#breadcrumb\"},\"inLanguage\":\"fr-FR\",\"potentialAction\":[{\"@type\":\"ReadAction\",\"target\":[\"https:\/\/www.verdieditions.com\/cd-pop-rock\/produit\/bowie-lets-spend-night-together\/\"]}]},{\"@type\":\"ImageObject\",\"inLanguage\":\"fr-FR\",\"@id\":\"https:\/\/www.verdieditions.com\/cd-pop-rock\/produit\/bowie-lets-spend-night-together\/#primaryimage\",\"url\":\"https:\/\/www.verdieditions.com\/cd-pop-rock\/wp-content\/uploads\/2021\/02\/bowie-spend-night-together-45T.jpg\",\"contentUrl\":\"https:\/\/www.verdieditions.com\/cd-pop-rock\/wp-content\/uploads\/2021\/02\/bowie-spend-night-together-45T.jpg\",\"width\":800,\"height\":532,\"caption\":\"bowie-spend-night-together-45T\"},{\"@type\":\"BreadcrumbList\",\"@id\":\"https:\/\/www.verdieditions.com\/cd-pop-rock\/produit\/bowie-lets-spend-night-together\/#breadcrumb\",\"itemListElement\":[{\"@type\":\"ListItem\",\"position\":1,\"name\":\"Accueil\",\"item\":\"https:\/\/www.verdieditions.com\/cd-pop-rock\/\"},{\"@type\":\"ListItem\",\"position\":2,\"name\":\"La Boutique\",\"item\":\"https:\/\/www.verdieditions.com\/cd-pop-rock\/boutique\/\"},{\"@type\":\"ListItem\",\"position\":3,\"name\":\"David BOWIE &#8211; Let&rsquo;s Spend The Night Together &#8211; 45T\"}]},{\"@type\":\"WebSite\",\"@id\":\"https:\/\/www.verdieditions.com\/cd-pop-rock\/#website\",\"url\":\"https:\/\/www.verdieditions.com\/cd-pop-rock\/\",\"name\":\"CD Pop Rock\",\"description\":\"CD, K7, Vinyles, VHS et DVD de Musique Pop et Rock vintage\",\"publisher\":{\"@id\":\"https:\/\/www.verdieditions.com\/cd-pop-rock\/#\/schema\/person\/3a9da867add08338474907117bf9668a\"},\"potentialAction\":[{\"@type\":\"SearchAction\",\"target\":{\"@type\":\"EntryPoint\",\"urlTemplate\":\"https:\/\/www.verdieditions.com\/cd-pop-rock\/?s={search_term_string}\"},\"query-input\":{\"@type\":\"PropertyValueSpecification\",\"valueRequired\":true,\"valueName\":\"search_term_string\"}}],\"inLanguage\":\"fr-FR\"},{\"@type\":[\"Person\",\"Organization\"],\"@id\":\"https:\/\/www.verdieditions.com\/cd-pop-rock\/#\/schema\/person\/3a9da867add08338474907117bf9668a\",\"name\":\"Sylvie VERDI\",\"image\":{\"@type\":\"ImageObject\",\"inLanguage\":\"fr-FR\",\"@id\":\"https:\/\/www.verdieditions.com\/cd-pop-rock\/#\/schema\/person\/image\/\",\"url\":\"https:\/\/www.verdieditions.com\/cd-pop-rock\/wp-content\/uploads\/2021\/01\/cropped-favicon-cd-pop-rock-vinyle-32x32-1.png\",\"contentUrl\":\"https:\/\/www.verdieditions.com\/cd-pop-rock\/wp-content\/uploads\/2021\/01\/cropped-favicon-cd-pop-rock-vinyle-32x32-1.png\",\"width\":512,\"height\":512,\"caption\":\"Sylvie VERDI\"},\"logo\":{\"@id\":\"https:\/\/www.verdieditions.com\/cd-pop-rock\/#\/schema\/person\/image\/\"},\"sameAs\":[\"https:\/\/www.verdieditions.com\/cd-pop-rock\",\"https:\/\/www.facebook.com\/CD-Pop-Rock-107168374818139\"]}]}<\/script>\n<!-- \/ Yoast SEO plugin. -->","yoast_head_json":{"title":"David BOWIE - Let's Spend The Night Together - 45T - CD Pop Rock","description":"David BOWIE Titre : Let's Spend The Night Together - 45T - 1973, \u00e9d originale Genre : Rock 'n' roll Prod : David Bowie, Ken Scott Label : RCA","robots":{"index":"index","follow":"follow","max-snippet":"max-snippet:-1","max-image-preview":"max-image-preview:large","max-video-preview":"max-video-preview:-1"},"canonical":"https:\/\/www.verdieditions.com\/cd-pop-rock\/produit\/bowie-lets-spend-night-together\/","og_locale":"fr_FR","og_type":"article","og_title":"David BOWIE - Let's Spend The Night Together - 45T - CD Pop Rock","og_description":"David BOWIE Titre : Let's Spend The Night Together - 45T - 1973, \u00e9d originale Genre : Rock 'n' roll Prod : David Bowie, Ken Scott Label : RCA","og_url":"https:\/\/www.verdieditions.com\/cd-pop-rock\/produit\/bowie-lets-spend-night-together\/","og_site_name":"CD Pop Rock","article_publisher":"https:\/\/www.facebook.com\/CD-Pop-Rock-107168374818139","article_modified_time":"2021-04-16T08:01:44+00:00","og_image":[{"width":800,"height":532,"url":"https:\/\/www.verdieditions.com\/cd-pop-rock\/wp-content\/uploads\/2021\/02\/bowie-spend-night-together-45T.jpg","type":"image\/jpeg"}],"twitter_card":"summary_large_image","twitter_misc":{"Dur\u00e9e de lecture estim\u00e9e":"1 minute"},"schema":{"@context":"https:\/\/schema.org","@graph":[{"@type":"WebPage","@id":"https:\/\/www.verdieditions.com\/cd-pop-rock\/produit\/bowie-lets-spend-night-together\/","url":"https:\/\/www.verdieditions.com\/cd-pop-rock\/produit\/bowie-lets-spend-night-together\/","name":"David BOWIE - Let's Spend The Night Together - 45T - CD Pop Rock","isPartOf":{"@id":"https:\/\/www.verdieditions.com\/cd-pop-rock\/#website"},"primaryImageOfPage":{"@id":"https:\/\/www.verdieditions.com\/cd-pop-rock\/produit\/bowie-lets-spend-night-together\/#primaryimage"},"image":{"@id":"https:\/\/www.verdieditions.com\/cd-pop-rock\/produit\/bowie-lets-spend-night-together\/#primaryimage"},"thumbnailUrl":"https:\/\/www.verdieditions.com\/cd-pop-rock\/wp-content\/uploads\/2021\/02\/bowie-spend-night-together-45T.jpg","datePublished":"2021-02-01T14:42:31+00:00","dateModified":"2021-04-16T08:01:44+00:00","description":"David BOWIE Titre : Let's Spend The Night Together - 45T - 1973, \u00e9d originale Genre : Rock 'n' roll Prod : David Bowie, Ken Scott Label : RCA","breadcrumb":{"@id":"https:\/\/www.verdieditions.com\/cd-pop-rock\/produit\/bowie-lets-spend-night-together\/#breadcrumb"},"inLanguage":"fr-FR","potentialAction":[{"@type":"ReadAction","target":["https:\/\/www.verdieditions.com\/cd-pop-rock\/produit\/bowie-lets-spend-night-together\/"]}]},{"@type":"ImageObject","inLanguage":"fr-FR","@id":"https:\/\/www.verdieditions.com\/cd-pop-rock\/produit\/bowie-lets-spend-night-together\/#primaryimage","url":"https:\/\/www.verdieditions.com\/cd-pop-rock\/wp-content\/uploads\/2021\/02\/bowie-spend-night-together-45T.jpg","contentUrl":"https:\/\/www.verdieditions.com\/cd-pop-rock\/wp-content\/uploads\/2021\/02\/bowie-spend-night-together-45T.jpg","width":800,"height":532,"caption":"bowie-spend-night-together-45T"},{"@type":"BreadcrumbList","@id":"https:\/\/www.verdieditions.com\/cd-pop-rock\/produit\/bowie-lets-spend-night-together\/#breadcrumb","itemListElement":[{"@type":"ListItem","position":1,"name":"Accueil","item":"https:\/\/www.verdieditions.com\/cd-pop-rock\/"},{"@type":"ListItem","position":2,"name":"La Boutique","item":"https:\/\/www.verdieditions.com\/cd-pop-rock\/boutique\/"},{"@type":"ListItem","position":3,"name":"David BOWIE &#8211; Let&rsquo;s Spend The Night Together &#8211; 45T"}]},{"@type":"WebSite","@id":"https:\/\/www.verdieditions.com\/cd-pop-rock\/#website","url":"https:\/\/www.verdieditions.com\/cd-pop-rock\/","name":"CD Pop Rock","description":"CD, K7, Vinyles, VHS et DVD de Musique Pop et Rock vintage","publisher":{"@id":"https:\/\/www.verdieditions.com\/cd-pop-rock\/#\/schema\/person\/3a9da867add08338474907117bf9668a"},"potentialAction":[{"@type":"SearchAction","target":{"@type":"EntryPoint","urlTemplate":"https:\/\/www.verdieditions.com\/cd-pop-rock\/?s={search_term_string}"},"query-input":{"@type":"PropertyValueSpecification","valueRequired":true,"valueName":"search_term_string"}}],"inLanguage":"fr-FR"},{"@type":["Person","Organization"],"@id":"https:\/\/www.verdieditions.com\/cd-pop-rock\/#\/schema\/person\/3a9da867add08338474907117bf9668a","name":"Sylvie VERDI","image":{"@type":"ImageObject","inLanguage":"fr-FR","@id":"https:\/\/www.verdieditions.com\/cd-pop-rock\/#\/schema\/person\/image\/","url":"https:\/\/www.verdieditions.com\/cd-pop-rock\/wp-content\/uploads\/2021\/01\/cropped-favicon-cd-pop-rock-vinyle-32x32-1.png","contentUrl":"https:\/\/www.verdieditions.com\/cd-pop-rock\/wp-content\/uploads\/2021\/01\/cropped-favicon-cd-pop-rock-vinyle-32x32-1.png","width":512,"height":512,"caption":"Sylvie VERDI"},"logo":{"@id":"https:\/\/www.verdieditions.com\/cd-pop-rock\/#\/schema\/person\/image\/"},"sameAs":["https:\/\/www.verdieditions.com\/cd-pop-rock","https:\/\/www.facebook.com\/CD-Pop-Rock-107168374818139"]}]}},"_links":{"self":[{"href":"https:\/\/www.verdieditions.com\/cd-pop-rock\/wp-json\/wp\/v2\/product\/1157","targetHints":{"allow":["GET"]}}],"collection":[{"href":"https:\/\/www.verdieditions.com\/cd-pop-rock\/wp-json\/wp\/v2\/product"}],"about":[{"href":"https:\/\/www.verdieditions.com\/cd-pop-rock\/wp-json\/wp\/v2\/types\/product"}],"wp:featuredmedia":[{"embeddable":true,"href":"https:\/\/www.verdieditions.com\/cd-pop-rock\/wp-json\/wp\/v2\/media\/1888"}],"wp:attachment":[{"href":"https:\/\/www.verdieditions.com\/cd-pop-rock\/wp-json\/wp\/v2\/media?parent=1157"}],"wp:term":[{"taxonomy":"product_brand","embeddable":true,"href":"https:\/\/www.verdieditions.com\/cd-pop-rock\/wp-json\/wp\/v2\/product_brand?post=1157"},{"taxonomy":"product_cat","embeddable":true,"href":"https:\/\/www.verdieditions.com\/cd-pop-rock\/wp-json\/wp\/v2\/product_cat?post=1157"},{"taxonomy":"product_tag","embeddable":true,"href":"https:\/\/www.verdieditions.com\/cd-pop-rock\/wp-json\/wp\/v2\/product_tag?post=1157"}],"curies":[{"name":"wp","href":"https:\/\/api.w.org\/{rel}","templated":true}]}}