{"id":1151,"date":"2021-02-01T15:03:12","date_gmt":"2021-02-01T14:03:12","guid":{"rendered":"https:\/\/www.verdieditions.com\/cd-pop-rock\/?post_type=product&#038;p=1151"},"modified":"2021-04-16T10:01:45","modified_gmt":"2021-04-16T08:01:45","slug":"bowie-furyo-forbidden-colours","status":"publish","type":"product","link":"https:\/\/www.verdieditions.com\/cd-pop-rock\/produit\/bowie-furyo-forbidden-colours\/","title":{"rendered":"Ry\u016bichi Sakamoto, Sylvain, (Bowie) &#8211; Forbidden Colours &#8211; Furyo &#8211; 45T"},"content":{"rendered":"<p>Artiste : Ry\u016bichi Sakamoto, Sylvain, (Bowie)<br \/>\nTitre : Forbidden Colours, Furyo &#8211; 45T<br \/>\nAnn\u00e9e : 1983, \u00e9dition originale<br \/>\n<strong>Pressage ancien original de collection<br \/>\nVinyle vierge, jamais \u00e9cout\u00e9<\/strong><br \/>\nGenre : musique de film<br \/>\nProducteur : Ry\u016bichi Sakamoto<br \/>\nLabel : Virgin<\/p>\n<p>Bande originale du film<br \/>\nToutes les compositions sont de Ry\u016bichi Sakamoto, sauf 23rd Psalm qui est une musique traditionnelle. Les paroles sont \u00e9crites et chant\u00e9es par David Sylvian sur Forbidden Colours (titre inspir\u00e9 par celui d&rsquo;un roman de Yukio Mishima). Sakamoto gagne le BAFTA 1984 de la meilleure musique de film.<\/p>\n<p>Le film raconte les relations interpersonnelles et les diff\u00e9rences culturelles entre quatre hommes dans un camp de prisonniers japonais \u00e0 Java durant la Seconde Guerre mondiale en 1942. Les personnages sont le major Jack Celliers (<strong>David Bowie<\/strong>), un prisonnier rebelle tourment\u00e9 par un secret coupable de jeunesse, le capitaine Yonoi (Ry\u016bichi Sakamoto), le jeune commandant du camp enti\u00e8rement d\u00e9vou\u00e9 \u00e0 son pays, le lieutenant colonel John Lawrence (Tom Conti), un officier britannique qui a v\u00e9cu au Japon et parle couramment le japonais, et le sergent Hara (Takeshi Kitano), qui semble \u00eatre une brute mais qui poss\u00e8de encore un peu d&rsquo;humanit\u00e9 et entretient une relation privil\u00e9gi\u00e9e et amicale avec Lawrence, rendue d\u00e9licate du fait des conditions de guerre&#8230;<\/p>\n<p>Source : Wikipedia<\/p>\n","protected":false},"excerpt":{"rendered":"<p>Artiste : Sakamoto, Sylvain, (Bowie)<br \/>\nTitre : Forbidden Colours, Furyo &#8211; 45T<br \/>\nAnn\u00e9e : 1983, \u00e9dition originale<br \/>\n<strong>Pressage ancien original de collection<br \/>\nVinyle vierge, jamais \u00e9cout\u00e9<\/strong><br \/>\nGenre : musique de film<br \/>\nProducteur : Ry\u016bichi Sakamoto<br \/>\nLabel : Virgin<\/p>\n","protected":false},"featured_media":1887,"template":"","meta":[],"product_brand":[],"product_cat":[72],"product_tag":[119],"class_list":{"0":"post-1151","1":"product","2":"type-product","3":"status-publish","4":"has-post-thumbnail","6":"product_cat-45t","7":"product_tag-musique-de-film","9":"first","10":"instock","11":"shipping-taxable","12":"product-type-simple"},"yoast_head":"<!-- This site is optimized with the Yoast SEO plugin v27.0 - https:\/\/yoast.com\/product\/yoast-seo-wordpress\/ -->\n<title>Ry\u016bichi Sakamoto, Sylvain, (Bowie) - Forbidden Colours - Furyo - 45T<\/title>\n<meta name=\"description\" content=\"Sakamoto, Sylvain, (Bowie) - Forbidden Colours, Furyo - 45T - 1983, \u00e9d originale Genre : musique de film Prod : Ry\u016bichi Sakamoto - Virgin\" \/>\n<meta name=\"robots\" content=\"index, follow, max-snippet:-1, max-image-preview:large, max-video-preview:-1\" \/>\n<link rel=\"canonical\" href=\"https:\/\/www.verdieditions.com\/cd-pop-rock\/produit\/bowie-furyo-forbidden-colours\/\" \/>\n<meta property=\"og:locale\" content=\"fr_FR\" \/>\n<meta property=\"og:type\" content=\"article\" \/>\n<meta property=\"og:title\" content=\"Ry\u016bichi Sakamoto, Sylvain, (Bowie) - Forbidden Colours - Furyo - 45T\" \/>\n<meta property=\"og:description\" content=\"Sakamoto, Sylvain, (Bowie) - Forbidden Colours, Furyo - 45T - 1983, \u00e9d originale Genre : musique de film Prod : Ry\u016bichi Sakamoto - Virgin\" \/>\n<meta property=\"og:url\" content=\"https:\/\/www.verdieditions.com\/cd-pop-rock\/produit\/bowie-furyo-forbidden-colours\/\" \/>\n<meta property=\"og:site_name\" content=\"CD Pop Rock\" \/>\n<meta property=\"article:publisher\" content=\"https:\/\/www.facebook.com\/CD-Pop-Rock-107168374818139\" \/>\n<meta property=\"article:modified_time\" content=\"2021-04-16T08:01:45+00:00\" \/>\n<meta property=\"og:image\" content=\"https:\/\/www.verdieditions.com\/cd-pop-rock\/wp-content\/uploads\/2021\/02\/bowie-sakamoto-furyo-45T.jpg\" \/>\n\t<meta property=\"og:image:width\" content=\"800\" \/>\n\t<meta property=\"og:image:height\" content=\"532\" \/>\n\t<meta property=\"og:image:type\" content=\"image\/jpeg\" \/>\n<meta name=\"twitter:card\" content=\"summary_large_image\" \/>\n<meta name=\"twitter:label1\" content=\"Dur\u00e9e de lecture estim\u00e9e\" \/>\n\t<meta name=\"twitter:data1\" content=\"1 minute\" \/>\n<script type=\"application\/ld+json\" class=\"yoast-schema-graph\">{\"@context\":\"https:\/\/schema.org\",\"@graph\":[{\"@type\":\"WebPage\",\"@id\":\"https:\/\/www.verdieditions.com\/cd-pop-rock\/produit\/bowie-furyo-forbidden-colours\/\",\"url\":\"https:\/\/www.verdieditions.com\/cd-pop-rock\/produit\/bowie-furyo-forbidden-colours\/\",\"name\":\"Ry\u016bichi Sakamoto, Sylvain, (Bowie) - Forbidden Colours - Furyo - 45T\",\"isPartOf\":{\"@id\":\"https:\/\/www.verdieditions.com\/cd-pop-rock\/#website\"},\"primaryImageOfPage\":{\"@id\":\"https:\/\/www.verdieditions.com\/cd-pop-rock\/produit\/bowie-furyo-forbidden-colours\/#primaryimage\"},\"image\":{\"@id\":\"https:\/\/www.verdieditions.com\/cd-pop-rock\/produit\/bowie-furyo-forbidden-colours\/#primaryimage\"},\"thumbnailUrl\":\"https:\/\/www.verdieditions.com\/cd-pop-rock\/wp-content\/uploads\/2021\/02\/bowie-sakamoto-furyo-45T.jpg\",\"datePublished\":\"2021-02-01T14:03:12+00:00\",\"dateModified\":\"2021-04-16T08:01:45+00:00\",\"description\":\"Sakamoto, Sylvain, (Bowie) - Forbidden Colours, Furyo - 45T - 1983, \u00e9d originale Genre : musique de film Prod : Ry\u016bichi Sakamoto - Virgin\",\"breadcrumb\":{\"@id\":\"https:\/\/www.verdieditions.com\/cd-pop-rock\/produit\/bowie-furyo-forbidden-colours\/#breadcrumb\"},\"inLanguage\":\"fr-FR\",\"potentialAction\":[{\"@type\":\"ReadAction\",\"target\":[\"https:\/\/www.verdieditions.com\/cd-pop-rock\/produit\/bowie-furyo-forbidden-colours\/\"]}]},{\"@type\":\"ImageObject\",\"inLanguage\":\"fr-FR\",\"@id\":\"https:\/\/www.verdieditions.com\/cd-pop-rock\/produit\/bowie-furyo-forbidden-colours\/#primaryimage\",\"url\":\"https:\/\/www.verdieditions.com\/cd-pop-rock\/wp-content\/uploads\/2021\/02\/bowie-sakamoto-furyo-45T.jpg\",\"contentUrl\":\"https:\/\/www.verdieditions.com\/cd-pop-rock\/wp-content\/uploads\/2021\/02\/bowie-sakamoto-furyo-45T.jpg\",\"width\":800,\"height\":532,\"caption\":\"bowie-sakamoto-furyo-45T\"},{\"@type\":\"BreadcrumbList\",\"@id\":\"https:\/\/www.verdieditions.com\/cd-pop-rock\/produit\/bowie-furyo-forbidden-colours\/#breadcrumb\",\"itemListElement\":[{\"@type\":\"ListItem\",\"position\":1,\"name\":\"Accueil\",\"item\":\"https:\/\/www.verdieditions.com\/cd-pop-rock\/\"},{\"@type\":\"ListItem\",\"position\":2,\"name\":\"La Boutique\",\"item\":\"https:\/\/www.verdieditions.com\/cd-pop-rock\/boutique\/\"},{\"@type\":\"ListItem\",\"position\":3,\"name\":\"Ry\u016bichi Sakamoto, Sylvain, (Bowie) &#8211; Forbidden Colours &#8211; Furyo &#8211; 45T\"}]},{\"@type\":\"WebSite\",\"@id\":\"https:\/\/www.verdieditions.com\/cd-pop-rock\/#website\",\"url\":\"https:\/\/www.verdieditions.com\/cd-pop-rock\/\",\"name\":\"CD Pop Rock\",\"description\":\"CD, K7, Vinyles, VHS et DVD de Musique Pop et Rock vintage\",\"publisher\":{\"@id\":\"https:\/\/www.verdieditions.com\/cd-pop-rock\/#\/schema\/person\/3a9da867add08338474907117bf9668a\"},\"potentialAction\":[{\"@type\":\"SearchAction\",\"target\":{\"@type\":\"EntryPoint\",\"urlTemplate\":\"https:\/\/www.verdieditions.com\/cd-pop-rock\/?s={search_term_string}\"},\"query-input\":{\"@type\":\"PropertyValueSpecification\",\"valueRequired\":true,\"valueName\":\"search_term_string\"}}],\"inLanguage\":\"fr-FR\"},{\"@type\":[\"Person\",\"Organization\"],\"@id\":\"https:\/\/www.verdieditions.com\/cd-pop-rock\/#\/schema\/person\/3a9da867add08338474907117bf9668a\",\"name\":\"Sylvie VERDI\",\"image\":{\"@type\":\"ImageObject\",\"inLanguage\":\"fr-FR\",\"@id\":\"https:\/\/www.verdieditions.com\/cd-pop-rock\/#\/schema\/person\/image\/\",\"url\":\"https:\/\/www.verdieditions.com\/cd-pop-rock\/wp-content\/uploads\/2021\/01\/cropped-favicon-cd-pop-rock-vinyle-32x32-1.png\",\"contentUrl\":\"https:\/\/www.verdieditions.com\/cd-pop-rock\/wp-content\/uploads\/2021\/01\/cropped-favicon-cd-pop-rock-vinyle-32x32-1.png\",\"width\":512,\"height\":512,\"caption\":\"Sylvie VERDI\"},\"logo\":{\"@id\":\"https:\/\/www.verdieditions.com\/cd-pop-rock\/#\/schema\/person\/image\/\"},\"sameAs\":[\"https:\/\/www.verdieditions.com\/cd-pop-rock\",\"https:\/\/www.facebook.com\/CD-Pop-Rock-107168374818139\"]}]}<\/script>\n<!-- \/ Yoast SEO plugin. -->","yoast_head_json":{"title":"Ry\u016bichi Sakamoto, Sylvain, (Bowie) - Forbidden Colours - Furyo - 45T","description":"Sakamoto, Sylvain, (Bowie) - Forbidden Colours, Furyo - 45T - 1983, \u00e9d originale Genre : musique de film Prod : Ry\u016bichi Sakamoto - Virgin","robots":{"index":"index","follow":"follow","max-snippet":"max-snippet:-1","max-image-preview":"max-image-preview:large","max-video-preview":"max-video-preview:-1"},"canonical":"https:\/\/www.verdieditions.com\/cd-pop-rock\/produit\/bowie-furyo-forbidden-colours\/","og_locale":"fr_FR","og_type":"article","og_title":"Ry\u016bichi Sakamoto, Sylvain, (Bowie) - Forbidden Colours - Furyo - 45T","og_description":"Sakamoto, Sylvain, (Bowie) - Forbidden Colours, Furyo - 45T - 1983, \u00e9d originale Genre : musique de film Prod : Ry\u016bichi Sakamoto - Virgin","og_url":"https:\/\/www.verdieditions.com\/cd-pop-rock\/produit\/bowie-furyo-forbidden-colours\/","og_site_name":"CD Pop Rock","article_publisher":"https:\/\/www.facebook.com\/CD-Pop-Rock-107168374818139","article_modified_time":"2021-04-16T08:01:45+00:00","og_image":[{"width":800,"height":532,"url":"https:\/\/www.verdieditions.com\/cd-pop-rock\/wp-content\/uploads\/2021\/02\/bowie-sakamoto-furyo-45T.jpg","type":"image\/jpeg"}],"twitter_card":"summary_large_image","twitter_misc":{"Dur\u00e9e de lecture estim\u00e9e":"1 minute"},"schema":{"@context":"https:\/\/schema.org","@graph":[{"@type":"WebPage","@id":"https:\/\/www.verdieditions.com\/cd-pop-rock\/produit\/bowie-furyo-forbidden-colours\/","url":"https:\/\/www.verdieditions.com\/cd-pop-rock\/produit\/bowie-furyo-forbidden-colours\/","name":"Ry\u016bichi Sakamoto, Sylvain, (Bowie) - Forbidden Colours - Furyo - 45T","isPartOf":{"@id":"https:\/\/www.verdieditions.com\/cd-pop-rock\/#website"},"primaryImageOfPage":{"@id":"https:\/\/www.verdieditions.com\/cd-pop-rock\/produit\/bowie-furyo-forbidden-colours\/#primaryimage"},"image":{"@id":"https:\/\/www.verdieditions.com\/cd-pop-rock\/produit\/bowie-furyo-forbidden-colours\/#primaryimage"},"thumbnailUrl":"https:\/\/www.verdieditions.com\/cd-pop-rock\/wp-content\/uploads\/2021\/02\/bowie-sakamoto-furyo-45T.jpg","datePublished":"2021-02-01T14:03:12+00:00","dateModified":"2021-04-16T08:01:45+00:00","description":"Sakamoto, Sylvain, (Bowie) - Forbidden Colours, Furyo - 45T - 1983, \u00e9d originale Genre : musique de film Prod : Ry\u016bichi Sakamoto - Virgin","breadcrumb":{"@id":"https:\/\/www.verdieditions.com\/cd-pop-rock\/produit\/bowie-furyo-forbidden-colours\/#breadcrumb"},"inLanguage":"fr-FR","potentialAction":[{"@type":"ReadAction","target":["https:\/\/www.verdieditions.com\/cd-pop-rock\/produit\/bowie-furyo-forbidden-colours\/"]}]},{"@type":"ImageObject","inLanguage":"fr-FR","@id":"https:\/\/www.verdieditions.com\/cd-pop-rock\/produit\/bowie-furyo-forbidden-colours\/#primaryimage","url":"https:\/\/www.verdieditions.com\/cd-pop-rock\/wp-content\/uploads\/2021\/02\/bowie-sakamoto-furyo-45T.jpg","contentUrl":"https:\/\/www.verdieditions.com\/cd-pop-rock\/wp-content\/uploads\/2021\/02\/bowie-sakamoto-furyo-45T.jpg","width":800,"height":532,"caption":"bowie-sakamoto-furyo-45T"},{"@type":"BreadcrumbList","@id":"https:\/\/www.verdieditions.com\/cd-pop-rock\/produit\/bowie-furyo-forbidden-colours\/#breadcrumb","itemListElement":[{"@type":"ListItem","position":1,"name":"Accueil","item":"https:\/\/www.verdieditions.com\/cd-pop-rock\/"},{"@type":"ListItem","position":2,"name":"La Boutique","item":"https:\/\/www.verdieditions.com\/cd-pop-rock\/boutique\/"},{"@type":"ListItem","position":3,"name":"Ry\u016bichi Sakamoto, Sylvain, (Bowie) &#8211; Forbidden Colours &#8211; Furyo &#8211; 45T"}]},{"@type":"WebSite","@id":"https:\/\/www.verdieditions.com\/cd-pop-rock\/#website","url":"https:\/\/www.verdieditions.com\/cd-pop-rock\/","name":"CD Pop Rock","description":"CD, K7, Vinyles, VHS et DVD de Musique Pop et Rock vintage","publisher":{"@id":"https:\/\/www.verdieditions.com\/cd-pop-rock\/#\/schema\/person\/3a9da867add08338474907117bf9668a"},"potentialAction":[{"@type":"SearchAction","target":{"@type":"EntryPoint","urlTemplate":"https:\/\/www.verdieditions.com\/cd-pop-rock\/?s={search_term_string}"},"query-input":{"@type":"PropertyValueSpecification","valueRequired":true,"valueName":"search_term_string"}}],"inLanguage":"fr-FR"},{"@type":["Person","Organization"],"@id":"https:\/\/www.verdieditions.com\/cd-pop-rock\/#\/schema\/person\/3a9da867add08338474907117bf9668a","name":"Sylvie VERDI","image":{"@type":"ImageObject","inLanguage":"fr-FR","@id":"https:\/\/www.verdieditions.com\/cd-pop-rock\/#\/schema\/person\/image\/","url":"https:\/\/www.verdieditions.com\/cd-pop-rock\/wp-content\/uploads\/2021\/01\/cropped-favicon-cd-pop-rock-vinyle-32x32-1.png","contentUrl":"https:\/\/www.verdieditions.com\/cd-pop-rock\/wp-content\/uploads\/2021\/01\/cropped-favicon-cd-pop-rock-vinyle-32x32-1.png","width":512,"height":512,"caption":"Sylvie VERDI"},"logo":{"@id":"https:\/\/www.verdieditions.com\/cd-pop-rock\/#\/schema\/person\/image\/"},"sameAs":["https:\/\/www.verdieditions.com\/cd-pop-rock","https:\/\/www.facebook.com\/CD-Pop-Rock-107168374818139"]}]}},"_links":{"self":[{"href":"https:\/\/www.verdieditions.com\/cd-pop-rock\/wp-json\/wp\/v2\/product\/1151","targetHints":{"allow":["GET"]}}],"collection":[{"href":"https:\/\/www.verdieditions.com\/cd-pop-rock\/wp-json\/wp\/v2\/product"}],"about":[{"href":"https:\/\/www.verdieditions.com\/cd-pop-rock\/wp-json\/wp\/v2\/types\/product"}],"wp:featuredmedia":[{"embeddable":true,"href":"https:\/\/www.verdieditions.com\/cd-pop-rock\/wp-json\/wp\/v2\/media\/1887"}],"wp:attachment":[{"href":"https:\/\/www.verdieditions.com\/cd-pop-rock\/wp-json\/wp\/v2\/media?parent=1151"}],"wp:term":[{"taxonomy":"product_brand","embeddable":true,"href":"https:\/\/www.verdieditions.com\/cd-pop-rock\/wp-json\/wp\/v2\/product_brand?post=1151"},{"taxonomy":"product_cat","embeddable":true,"href":"https:\/\/www.verdieditions.com\/cd-pop-rock\/wp-json\/wp\/v2\/product_cat?post=1151"},{"taxonomy":"product_tag","embeddable":true,"href":"https:\/\/www.verdieditions.com\/cd-pop-rock\/wp-json\/wp\/v2\/product_tag?post=1151"}],"curies":[{"name":"wp","href":"https:\/\/api.w.org\/{rel}","templated":true}]}}