{"id":1067,"date":"2021-01-27T16:31:33","date_gmt":"2021-01-27T15:31:33","guid":{"rendered":"https:\/\/www.verdieditions.com\/cd-pop-rock\/?post_type=product&#038;p=1067"},"modified":"2021-04-15T10:42:19","modified_gmt":"2021-04-15T08:42:19","slug":"peter-gabriel-shaking-tree","status":"publish","type":"product","link":"https:\/\/www.verdieditions.com\/cd-pop-rock\/produit\/peter-gabriel-shaking-tree\/","title":{"rendered":"PETER GABRIEL &#8211; Shaking The Tree, Sixteen Golden Greats"},"content":{"rendered":"<p>Artiste : PETER GABRIEL<br \/>\nTitre : Shaking The Tree, Sixteen Golden Greats &#8211; CD<br \/>\nAnn\u00e9e : 1990<br \/>\nProd. : Bob Ezrin, Steve Lillywhite, Peter Gabriel et Daniel Lanois<br \/>\nGenre : Rock<br \/>\nLabel : Virgin Records<\/p>\n<p>Shaking the Tree: Sixteen Golden Greats est un album de compilation de Peter Gabriel. Il est sorti le 20 novembre 1990 sur le label Virgin Records.<br \/>\nCette compilation regroupe les titres essentiels de la carri\u00e8re du chanteur de 1977 \u00e0 1990. Cependant il ne contient aucun titre du deuxi\u00e8me album sorti en 1978 ni de Birdy la bande originale du film d&rsquo;Alan Parker que Gabriel avait compos\u00e9 et sortie en 1985.<br \/>\nLa plupart des titres ont dans des dur\u00e9es diff\u00e9rentes des versions originales, souvent utilis\u00e9es pour les vid\u00e9os ou en format raccourcis pour les sorties en singles et les diffusions en radios.<\/p>\n<p>1.\tSolsbury Hill \/ Peter Gabriel 1, 1977\t4:20<br \/>\n2.\tI Don&rsquo;t Remember (Version r\u00e9\u00e9dit\u00e9e) \/ Peter Gabriel 3, 1980\t3:48<br \/>\n3.\tSledgehammer (Radio edit) \/ So, 1986\t4:55<br \/>\n4.\tFamily Snapshot \/ Peter Gabriel 3, 1980\t4:25<br \/>\n5.\tMercy Street (Version r\u00e9\u00e9dit\u00e9e) \/ So, 1986\t4:43<br \/>\n6.\tShaking the Tree (Duo avec Youssou N&rsquo;Dour, titre in\u00e9dit, remix\u00e9 en 1990) \/ The Lion (album de Youssou N&rsquo;dour), 1989\t6:24<br \/>\n7.\tDon&rsquo;t Give Up (Duo avec Kate Bush, version r\u00e9\u00e9dit\u00e9e) \/ So, 1986\t5:55<br \/>\n8.\tSan Jacinto \/ Peter Gabriel 4, 1982\t6:40<br \/>\n9.\tHere Comes the Flood (Nouvel enregistrement, 1990) \/ Peter Gabriel 1, 1977\t4:31<br \/>\n10.\tRed Rain \/ So, 1986\t5:35<br \/>\n11.\tGames Without Frontiers (Version r\u00e9\u00e9dit\u00e9e) \/ Peter Gabriel 3, 1980\t3:57<br \/>\n12.\tShock the Monkey (Radio edit) \/ Peter Gabriel 4, 1982\t1982<br \/>\n13.\tI Have the Touch (remix\u00e9 en 1983) \/ Peter Gabriel 4, 1982\t3:44<br \/>\n14.\tBig Time \/ So, 1986\t4:25<br \/>\n15.\tZaar (Version r\u00e9\u00e9dit\u00e9e) \/ Passion, 1989\t2:58<br \/>\n16.\tBiko (Version r\u00e9\u00e9dit\u00e9e) \/ Peter Gabriel 3, 1980\t6:54<\/p>\n","protected":false},"excerpt":{"rendered":"<p>Artiste : PETER GABRIEL<br \/>\nTitre : Shaking The Tree, Sixteen Golden Greats &#8211; CD<br \/>\nAnn\u00e9e : 1990<br \/>\nProd. : Bob Ezrin, Steve Lillywhite, Peter Gabriel et Daniel Lanois<br \/>\nGenre : Rock<br \/>\nLabel : Virgin Records<\/p>\n","protected":false},"featured_media":2036,"template":"","meta":[],"product_brand":[],"product_cat":[71],"product_tag":[79],"class_list":{"0":"post-1067","1":"product","2":"type-product","3":"status-publish","4":"has-post-thumbnail","6":"product_cat-cd","7":"product_tag-rock","9":"first","10":"instock","11":"shipping-taxable","12":"product-type-simple"},"yoast_head":"<!-- This site is optimized with the Yoast SEO plugin v27.0 - https:\/\/yoast.com\/product\/yoast-seo-wordpress\/ -->\n<title>PETER GABRIEL - Shaking The Tree, Sixteen Golden Greats -<\/title>\n<meta name=\"description\" content=\"PETER GABRIEL - Shaking The Tree, Sixteen Golden Greats - CD 1990 - Prod. : Ezrin, Lillywhite, Gabriel, Lanois - Genre : Rock - Virgin\" \/>\n<meta name=\"robots\" content=\"index, follow, max-snippet:-1, max-image-preview:large, max-video-preview:-1\" \/>\n<link rel=\"canonical\" href=\"https:\/\/www.verdieditions.com\/cd-pop-rock\/produit\/peter-gabriel-shaking-tree\/\" \/>\n<meta property=\"og:locale\" content=\"fr_FR\" \/>\n<meta property=\"og:type\" content=\"article\" \/>\n<meta property=\"og:title\" content=\"PETER GABRIEL - Shaking The Tree, Sixteen Golden Greats -\" \/>\n<meta property=\"og:description\" content=\"PETER GABRIEL - Shaking The Tree, Sixteen Golden Greats - CD 1990 - Prod. : Ezrin, Lillywhite, Gabriel, Lanois - Genre : Rock - Virgin\" \/>\n<meta property=\"og:url\" content=\"https:\/\/www.verdieditions.com\/cd-pop-rock\/produit\/peter-gabriel-shaking-tree\/\" \/>\n<meta property=\"og:site_name\" content=\"CD Pop Rock\" \/>\n<meta property=\"article:publisher\" content=\"https:\/\/www.facebook.com\/CD-Pop-Rock-107168374818139\" \/>\n<meta property=\"article:modified_time\" content=\"2021-04-15T08:42:19+00:00\" \/>\n<meta property=\"og:image\" content=\"https:\/\/www.verdieditions.com\/cd-pop-rock\/wp-content\/uploads\/2021\/01\/peter-gabriel-shaking-tree-CD.jpg\" \/>\n\t<meta property=\"og:image:width\" content=\"800\" \/>\n\t<meta property=\"og:image:height\" content=\"532\" \/>\n\t<meta property=\"og:image:type\" content=\"image\/jpeg\" \/>\n<meta name=\"twitter:card\" content=\"summary_large_image\" \/>\n<meta name=\"twitter:label1\" content=\"Dur\u00e9e de lecture estim\u00e9e\" \/>\n\t<meta name=\"twitter:data1\" content=\"1 minute\" \/>\n<script type=\"application\/ld+json\" class=\"yoast-schema-graph\">{\"@context\":\"https:\/\/schema.org\",\"@graph\":[{\"@type\":\"WebPage\",\"@id\":\"https:\/\/www.verdieditions.com\/cd-pop-rock\/produit\/peter-gabriel-shaking-tree\/\",\"url\":\"https:\/\/www.verdieditions.com\/cd-pop-rock\/produit\/peter-gabriel-shaking-tree\/\",\"name\":\"PETER GABRIEL - Shaking The Tree, Sixteen Golden Greats -\",\"isPartOf\":{\"@id\":\"https:\/\/www.verdieditions.com\/cd-pop-rock\/#website\"},\"primaryImageOfPage\":{\"@id\":\"https:\/\/www.verdieditions.com\/cd-pop-rock\/produit\/peter-gabriel-shaking-tree\/#primaryimage\"},\"image\":{\"@id\":\"https:\/\/www.verdieditions.com\/cd-pop-rock\/produit\/peter-gabriel-shaking-tree\/#primaryimage\"},\"thumbnailUrl\":\"https:\/\/www.verdieditions.com\/cd-pop-rock\/wp-content\/uploads\/2021\/01\/peter-gabriel-shaking-tree-CD.jpg\",\"datePublished\":\"2021-01-27T15:31:33+00:00\",\"dateModified\":\"2021-04-15T08:42:19+00:00\",\"description\":\"PETER GABRIEL - Shaking The Tree, Sixteen Golden Greats - CD 1990 - Prod. : Ezrin, Lillywhite, Gabriel, Lanois - Genre : Rock - Virgin\",\"breadcrumb\":{\"@id\":\"https:\/\/www.verdieditions.com\/cd-pop-rock\/produit\/peter-gabriel-shaking-tree\/#breadcrumb\"},\"inLanguage\":\"fr-FR\",\"potentialAction\":[{\"@type\":\"ReadAction\",\"target\":[\"https:\/\/www.verdieditions.com\/cd-pop-rock\/produit\/peter-gabriel-shaking-tree\/\"]}]},{\"@type\":\"ImageObject\",\"inLanguage\":\"fr-FR\",\"@id\":\"https:\/\/www.verdieditions.com\/cd-pop-rock\/produit\/peter-gabriel-shaking-tree\/#primaryimage\",\"url\":\"https:\/\/www.verdieditions.com\/cd-pop-rock\/wp-content\/uploads\/2021\/01\/peter-gabriel-shaking-tree-CD.jpg\",\"contentUrl\":\"https:\/\/www.verdieditions.com\/cd-pop-rock\/wp-content\/uploads\/2021\/01\/peter-gabriel-shaking-tree-CD.jpg\",\"width\":800,\"height\":532,\"caption\":\"peter-gabriel-shaking-tree-CD\"},{\"@type\":\"BreadcrumbList\",\"@id\":\"https:\/\/www.verdieditions.com\/cd-pop-rock\/produit\/peter-gabriel-shaking-tree\/#breadcrumb\",\"itemListElement\":[{\"@type\":\"ListItem\",\"position\":1,\"name\":\"Accueil\",\"item\":\"https:\/\/www.verdieditions.com\/cd-pop-rock\/\"},{\"@type\":\"ListItem\",\"position\":2,\"name\":\"La Boutique\",\"item\":\"https:\/\/www.verdieditions.com\/cd-pop-rock\/boutique\/\"},{\"@type\":\"ListItem\",\"position\":3,\"name\":\"PETER GABRIEL &#8211; Shaking The Tree, Sixteen Golden Greats\"}]},{\"@type\":\"WebSite\",\"@id\":\"https:\/\/www.verdieditions.com\/cd-pop-rock\/#website\",\"url\":\"https:\/\/www.verdieditions.com\/cd-pop-rock\/\",\"name\":\"CD Pop Rock\",\"description\":\"CD, K7, Vinyles, VHS et DVD de Musique Pop et Rock vintage\",\"publisher\":{\"@id\":\"https:\/\/www.verdieditions.com\/cd-pop-rock\/#\/schema\/person\/3a9da867add08338474907117bf9668a\"},\"potentialAction\":[{\"@type\":\"SearchAction\",\"target\":{\"@type\":\"EntryPoint\",\"urlTemplate\":\"https:\/\/www.verdieditions.com\/cd-pop-rock\/?s={search_term_string}\"},\"query-input\":{\"@type\":\"PropertyValueSpecification\",\"valueRequired\":true,\"valueName\":\"search_term_string\"}}],\"inLanguage\":\"fr-FR\"},{\"@type\":[\"Person\",\"Organization\"],\"@id\":\"https:\/\/www.verdieditions.com\/cd-pop-rock\/#\/schema\/person\/3a9da867add08338474907117bf9668a\",\"name\":\"Sylvie VERDI\",\"image\":{\"@type\":\"ImageObject\",\"inLanguage\":\"fr-FR\",\"@id\":\"https:\/\/www.verdieditions.com\/cd-pop-rock\/#\/schema\/person\/image\/\",\"url\":\"https:\/\/www.verdieditions.com\/cd-pop-rock\/wp-content\/uploads\/2021\/01\/cropped-favicon-cd-pop-rock-vinyle-32x32-1.png\",\"contentUrl\":\"https:\/\/www.verdieditions.com\/cd-pop-rock\/wp-content\/uploads\/2021\/01\/cropped-favicon-cd-pop-rock-vinyle-32x32-1.png\",\"width\":512,\"height\":512,\"caption\":\"Sylvie VERDI\"},\"logo\":{\"@id\":\"https:\/\/www.verdieditions.com\/cd-pop-rock\/#\/schema\/person\/image\/\"},\"sameAs\":[\"https:\/\/www.verdieditions.com\/cd-pop-rock\",\"https:\/\/www.facebook.com\/CD-Pop-Rock-107168374818139\"]}]}<\/script>\n<!-- \/ Yoast SEO plugin. -->","yoast_head_json":{"title":"PETER GABRIEL - Shaking The Tree, Sixteen Golden Greats -","description":"PETER GABRIEL - Shaking The Tree, Sixteen Golden Greats - CD 1990 - Prod. : Ezrin, Lillywhite, Gabriel, Lanois - Genre : Rock - Virgin","robots":{"index":"index","follow":"follow","max-snippet":"max-snippet:-1","max-image-preview":"max-image-preview:large","max-video-preview":"max-video-preview:-1"},"canonical":"https:\/\/www.verdieditions.com\/cd-pop-rock\/produit\/peter-gabriel-shaking-tree\/","og_locale":"fr_FR","og_type":"article","og_title":"PETER GABRIEL - Shaking The Tree, Sixteen Golden Greats -","og_description":"PETER GABRIEL - Shaking The Tree, Sixteen Golden Greats - CD 1990 - Prod. : Ezrin, Lillywhite, Gabriel, Lanois - Genre : Rock - Virgin","og_url":"https:\/\/www.verdieditions.com\/cd-pop-rock\/produit\/peter-gabriel-shaking-tree\/","og_site_name":"CD Pop Rock","article_publisher":"https:\/\/www.facebook.com\/CD-Pop-Rock-107168374818139","article_modified_time":"2021-04-15T08:42:19+00:00","og_image":[{"width":800,"height":532,"url":"https:\/\/www.verdieditions.com\/cd-pop-rock\/wp-content\/uploads\/2021\/01\/peter-gabriel-shaking-tree-CD.jpg","type":"image\/jpeg"}],"twitter_card":"summary_large_image","twitter_misc":{"Dur\u00e9e de lecture estim\u00e9e":"1 minute"},"schema":{"@context":"https:\/\/schema.org","@graph":[{"@type":"WebPage","@id":"https:\/\/www.verdieditions.com\/cd-pop-rock\/produit\/peter-gabriel-shaking-tree\/","url":"https:\/\/www.verdieditions.com\/cd-pop-rock\/produit\/peter-gabriel-shaking-tree\/","name":"PETER GABRIEL - Shaking The Tree, Sixteen Golden Greats -","isPartOf":{"@id":"https:\/\/www.verdieditions.com\/cd-pop-rock\/#website"},"primaryImageOfPage":{"@id":"https:\/\/www.verdieditions.com\/cd-pop-rock\/produit\/peter-gabriel-shaking-tree\/#primaryimage"},"image":{"@id":"https:\/\/www.verdieditions.com\/cd-pop-rock\/produit\/peter-gabriel-shaking-tree\/#primaryimage"},"thumbnailUrl":"https:\/\/www.verdieditions.com\/cd-pop-rock\/wp-content\/uploads\/2021\/01\/peter-gabriel-shaking-tree-CD.jpg","datePublished":"2021-01-27T15:31:33+00:00","dateModified":"2021-04-15T08:42:19+00:00","description":"PETER GABRIEL - Shaking The Tree, Sixteen Golden Greats - CD 1990 - Prod. : Ezrin, Lillywhite, Gabriel, Lanois - Genre : Rock - Virgin","breadcrumb":{"@id":"https:\/\/www.verdieditions.com\/cd-pop-rock\/produit\/peter-gabriel-shaking-tree\/#breadcrumb"},"inLanguage":"fr-FR","potentialAction":[{"@type":"ReadAction","target":["https:\/\/www.verdieditions.com\/cd-pop-rock\/produit\/peter-gabriel-shaking-tree\/"]}]},{"@type":"ImageObject","inLanguage":"fr-FR","@id":"https:\/\/www.verdieditions.com\/cd-pop-rock\/produit\/peter-gabriel-shaking-tree\/#primaryimage","url":"https:\/\/www.verdieditions.com\/cd-pop-rock\/wp-content\/uploads\/2021\/01\/peter-gabriel-shaking-tree-CD.jpg","contentUrl":"https:\/\/www.verdieditions.com\/cd-pop-rock\/wp-content\/uploads\/2021\/01\/peter-gabriel-shaking-tree-CD.jpg","width":800,"height":532,"caption":"peter-gabriel-shaking-tree-CD"},{"@type":"BreadcrumbList","@id":"https:\/\/www.verdieditions.com\/cd-pop-rock\/produit\/peter-gabriel-shaking-tree\/#breadcrumb","itemListElement":[{"@type":"ListItem","position":1,"name":"Accueil","item":"https:\/\/www.verdieditions.com\/cd-pop-rock\/"},{"@type":"ListItem","position":2,"name":"La Boutique","item":"https:\/\/www.verdieditions.com\/cd-pop-rock\/boutique\/"},{"@type":"ListItem","position":3,"name":"PETER GABRIEL &#8211; Shaking The Tree, Sixteen Golden Greats"}]},{"@type":"WebSite","@id":"https:\/\/www.verdieditions.com\/cd-pop-rock\/#website","url":"https:\/\/www.verdieditions.com\/cd-pop-rock\/","name":"CD Pop Rock","description":"CD, K7, Vinyles, VHS et DVD de Musique Pop et Rock vintage","publisher":{"@id":"https:\/\/www.verdieditions.com\/cd-pop-rock\/#\/schema\/person\/3a9da867add08338474907117bf9668a"},"potentialAction":[{"@type":"SearchAction","target":{"@type":"EntryPoint","urlTemplate":"https:\/\/www.verdieditions.com\/cd-pop-rock\/?s={search_term_string}"},"query-input":{"@type":"PropertyValueSpecification","valueRequired":true,"valueName":"search_term_string"}}],"inLanguage":"fr-FR"},{"@type":["Person","Organization"],"@id":"https:\/\/www.verdieditions.com\/cd-pop-rock\/#\/schema\/person\/3a9da867add08338474907117bf9668a","name":"Sylvie VERDI","image":{"@type":"ImageObject","inLanguage":"fr-FR","@id":"https:\/\/www.verdieditions.com\/cd-pop-rock\/#\/schema\/person\/image\/","url":"https:\/\/www.verdieditions.com\/cd-pop-rock\/wp-content\/uploads\/2021\/01\/cropped-favicon-cd-pop-rock-vinyle-32x32-1.png","contentUrl":"https:\/\/www.verdieditions.com\/cd-pop-rock\/wp-content\/uploads\/2021\/01\/cropped-favicon-cd-pop-rock-vinyle-32x32-1.png","width":512,"height":512,"caption":"Sylvie VERDI"},"logo":{"@id":"https:\/\/www.verdieditions.com\/cd-pop-rock\/#\/schema\/person\/image\/"},"sameAs":["https:\/\/www.verdieditions.com\/cd-pop-rock","https:\/\/www.facebook.com\/CD-Pop-Rock-107168374818139"]}]}},"_links":{"self":[{"href":"https:\/\/www.verdieditions.com\/cd-pop-rock\/wp-json\/wp\/v2\/product\/1067","targetHints":{"allow":["GET"]}}],"collection":[{"href":"https:\/\/www.verdieditions.com\/cd-pop-rock\/wp-json\/wp\/v2\/product"}],"about":[{"href":"https:\/\/www.verdieditions.com\/cd-pop-rock\/wp-json\/wp\/v2\/types\/product"}],"wp:featuredmedia":[{"embeddable":true,"href":"https:\/\/www.verdieditions.com\/cd-pop-rock\/wp-json\/wp\/v2\/media\/2036"}],"wp:attachment":[{"href":"https:\/\/www.verdieditions.com\/cd-pop-rock\/wp-json\/wp\/v2\/media?parent=1067"}],"wp:term":[{"taxonomy":"product_brand","embeddable":true,"href":"https:\/\/www.verdieditions.com\/cd-pop-rock\/wp-json\/wp\/v2\/product_brand?post=1067"},{"taxonomy":"product_cat","embeddable":true,"href":"https:\/\/www.verdieditions.com\/cd-pop-rock\/wp-json\/wp\/v2\/product_cat?post=1067"},{"taxonomy":"product_tag","embeddable":true,"href":"https:\/\/www.verdieditions.com\/cd-pop-rock\/wp-json\/wp\/v2\/product_tag?post=1067"}],"curies":[{"name":"wp","href":"https:\/\/api.w.org\/{rel}","templated":true}]}}