{"id":2734,"date":"2021-04-08T14:40:37","date_gmt":"2021-04-08T12:40:37","guid":{"rendered":"https:\/\/www.verdieditions.com\/cd-pop-rock\/?page_id=2734"},"modified":"2023-02-25T13:21:22","modified_gmt":"2023-02-25T12:21:22","slug":"conditions-generales-vente","status":"publish","type":"page","link":"https:\/\/www.verdieditions.com\/cd-pop-rock\/conditions-generales-vente\/","title":{"rendered":"Conditions G\u00e9n\u00e9rales de Vente"},"content":{"rendered":"<h2>CGV de ma Boutique CD Pop Rock<\/h2>\n<h3>D\u00e9finir clairement les modalit\u00e9s de notre \u00e9change<\/h3>\n<p>Ma boutique CD Pop Rock est une boutique personnelle de vente de mes collections, de Particulier \u00e0 Particulier. Toutefois, en raison du caract\u00e8re sp\u00e9cifique des disques vinyles, des CD et du mat\u00e9riel, etc., il me para\u00eet important, comme pour toute vente, de d\u00e9finir clairement les modalit\u00e9s de notre \u00e9change. Je suis webmaster, alors, au lieu de mettre mes articles en vente sur les gros mastodontes o\u00f9 ils seraient noy\u00e9s dans la masse, j&rsquo;ai pr\u00e9f\u00e9r\u00e9 cr\u00e9er ma propre Boutique th\u00e9matique. Et comme pour mes deux autres Boutiques (<a href=\"https:\/\/www.verdieditions.com\/boutique\/\">La Boutique de Houat des \u00celes et de la Mer<\/a> et <a href=\"https:\/\/www.verdieditions.com\/equilibre-de-vie\/\"> la Boutique \u00c9quilibre de Vie<\/a>), les articles sont authentiques, les images originales &#038; conformes, et les retours ne sont pas accept\u00e9s.<\/p>\n<h3> Tous les articles sont authentiques <\/h3>\n<p>Tous les articles en vente dans ma Boutique sont authentiques. Pas une seule copie ni contrefa\u00e7on ! En effet, en raison des progr\u00e8s de la technique actuelle, il est facile de \u00ab\u00a0copier\u00a0\u00bb un CD ou de \u00ab\u00a0r\u00e9\u00e9diter\u00a0\u00bb un vinyle. Je le sais d&rsquo;autant plus car j&rsquo;ai command\u00e9 une seule fois un CD en provenance des US, croyant que c&rsquo;\u00e9tait le CD original.. et en fait, j&rsquo;avais achet\u00e9 tr\u00e8s cher une copie !! Tous mes articles en vente sont authentiques : vous achetez les pressages de l&rsquo;\u00e9poque, principalement des Ann\u00e9es 70 \u00e0 90.<\/p>\n<h3>Les Photos sont r\u00e9elles : vous achetez ce que vous voyez !<\/h3>\n<p><strong>Toutes les photos des disques vinyles, CD, K7, VHS, places de concert et mat\u00e9riel, etc. sont r\u00e9elles.<\/strong><br \/>\nJe prends moi-m\u00eame les photos de tous mes articles : <strong>vous achetez ce que vous voyez !<\/strong><br \/>\nLes descriptions sont faites au plus juste : j&rsquo;ai achet\u00e9 certains vinyles sans m\u00eame jamais les \u00e9couter, faute de platine disque.<\/p>\n<h3>Exp\u00e9ditions : des emballages soign\u00e9s<\/h3>\n<p>Tous les <a href=\"https:\/\/www.verdieditions.com\/cd-pop-rock\/categorie-produit\/vinyles\/\">vinyles 45T et 33T<\/a> sont livr\u00e9s <strong>sous pochette transparente<\/strong> cristal neuve. Pour les prot\u00e9ger \u00e0 l&rsquo;exp\u00e9dition, ils sont emball\u00e9s dans une pochette rigide adapt\u00e9e.<br \/>\nPour les <a href=\"https:\/\/www.verdieditions.com\/cd-pop-rock\/categorie-produit\/cd\/\">CD<\/a>, j&rsquo;ai aussi privil\u00e9gi\u00e9 des <strong>emballages adapt\u00e9s<\/strong> pour que vous receviez votre commande en bon \u00e9tat.<\/p>\n<h3>Payez en toute s\u00e9curit\u00e9<\/h3>\n<p>Pour vos achats, la Boutique vous propose trois types de paiement : paiement par <strong>ch\u00e8que<\/strong> (d\u00e9lai de livraison plus long), paiement par <strong>virement<\/strong> (livraison \u00e0 r\u00e9ception du virement), paiement via votre compte <strong>PayPal<\/strong> et paiement s\u00e9curis\u00e9 par <strong>CB<\/strong>.<\/p>\n<p>Vous pouvez donc payer en toute s\u00e9curit\u00e9 avec votre Carte Bancaire via PayPal.<br \/>\nSi vous ne poss\u00e9dez pas de compte PayPal et que vous ne d\u00e9sirez pas en ouvrir un, voici comment proc\u00e9der : \u00e0 l&rsquo;achat, choisissez \u00ab\u00a0PayPal\u00a0\u00bb et s\u00e9lectionnez \u00ab\u00a0Carte Bancaire\u00a0\u00bb.<br \/>\nVous h\u00e9sitez ? Consultez le <a href=\"https:\/\/www.verdieditions.com\/cd-pop-rock\/payer-securise-carte-bancaire-paypal\/\">Mode d&#8217;emploi pour le paiement par CB via PayPal<\/a>.<\/p>\n<h3>Exp\u00e9ditions avec Suivi<\/h3>\n<p>La Boutique CD Pop Rock propose 2 formules d&rsquo;exp\u00e9dition selon le type d&rsquo;article : <strong>Lettre avec Suivi<\/strong> et <strong>Colissimo<\/strong>.<br \/>\nTous les envois sont tra\u00e7ables, je vous communique votre \u00ab\u00a0Num\u00e9ro de Suivi\u00a0\u00bb et vous pouvez vous informer en temps r\u00e9el de l&rsquo;avancement de la livraison de votre commande.<\/p>\n<h3>Des livraisons rapides<\/h3>\n<p>Rien n&rsquo;est plus insupportable d&rsquo;attendre plusieurs semaines avant de recevoir son achat&#8230;. et pourtant, c&rsquo;est monnaie courante ! Les achats que vous faites dans la journ\u00e9e avant 17H et pay\u00e9s imm\u00e9diatement par PayPal sont post\u00e9s le soir m\u00eame avec Suivi. Je vous communique le num\u00e9ro de Suivi par mail et je le renseigne sur votre paiement PayPal.<\/p>\n<h3>Retours &#038; R\u00e9clamations<\/h3>\n<p>Afin de dissuader les plaisantins qui \u00e9changeraient les disques ou les pochettes ou n&rsquo;importe quel article et qui poseraient une r\u00e9clamation pour un \u00e9change, veuillez noter que <strong>les retours ne sont pas accept\u00e9s<\/strong>. Je g\u00e8re deux autres Boutiques sans aucun probl\u00e8me et mon int\u00e9r\u00eat est de vous livrer un produit conforme  et que vous soyez satisfait. Toutes les exp\u00e9ditions poss\u00e8dent un Num\u00e9ro de Suivi (Lettre avec Suivi et Colissimo).<br \/>\nBesoin d&rsquo;un renseignement ? N&rsquo;h\u00e9sitez pas \u00e0 me <a href=\"https:\/\/www.verdieditions.com\/cd-pop-rock\/contact\/\">contacter<\/a>.<\/p>\n<p>Bonne visite sur ma Boutique !<br \/>\nCordialement.<br \/>\nSylvie<\/p>\n<p>&nbsp;<br \/>\n<a href=\"https:\/\/www.verdieditions.com\/cd-pop-rock\/boutique\/\" class=\"su-button su-button-style-default\" style=\"color:#FFFFFF;background-color:#F76A0C;border-color:#c6550a;border-radius:4px\" target=\"_self\"><span style=\"color:#FFFFFF;padding:6px 18px;font-size:14px;line-height:21px;border-color:#fa9755;border-radius:4px;text-shadow:none\"><i class=\"sui sui-shopping-cart\" style=\"font-size:14px;color:#FFFFFF\"><\/i> Retour \u00e0 la Boutique<\/span><\/a>\n&nbsp;<\/p>\n","protected":false},"excerpt":{"rendered":"<p>CGV de ma Boutique CD Pop Rock D\u00e9finir clairement les modalit\u00e9s de notre \u00e9change Ma boutique CD Pop Rock est une boutique personnelle de vente de mes collections, de Particulier \u00e0 Particulier. Toutefois, en raison du caract\u00e8re sp\u00e9cifique des disques &hellip; <a class=\"kt-excerpt-readmore\" href=\"https:\/\/www.verdieditions.com\/cd-pop-rock\/conditions-generales-vente\/\" aria-label=\"Conditions G\u00e9n\u00e9rales de Vente\">Lire la suite<\/a><\/p>\n","protected":false},"author":1,"featured_media":2609,"parent":0,"menu_order":0,"comment_status":"closed","ping_status":"closed","template":"page-feature.php","meta":{"footnotes":""},"class_list":["post-2734","page","type-page","status-publish","has-post-thumbnail","hentry"],"yoast_head":"<!-- This site is optimized with the Yoast SEO plugin v27.0 - https:\/\/yoast.com\/product\/yoast-seo-wordpress\/ -->\n<title>Conditions G\u00e9n\u00e9rales de Vente de ma Boutique CD Pop Rock<\/title>\n<meta name=\"robots\" content=\"noindex, follow\" \/>\n<meta property=\"og:locale\" content=\"fr_FR\" \/>\n<meta property=\"og:type\" content=\"article\" \/>\n<meta property=\"og:title\" content=\"Conditions G\u00e9n\u00e9rales de Vente de ma Boutique CD Pop Rock\" \/>\n<meta property=\"og:description\" content=\"CGV de ma Boutique CD Pop Rock D\u00e9finir clairement les modalit\u00e9s de notre \u00e9change Ma boutique CD Pop Rock est une boutique personnelle de vente de mes collections, de Particulier \u00e0 Particulier. Toutefois, en raison du caract\u00e8re sp\u00e9cifique des disques &hellip; Lire la suite\" \/>\n<meta property=\"og:url\" content=\"https:\/\/www.verdieditions.com\/cd-pop-rock\/conditions-generales-vente\/\" \/>\n<meta property=\"og:site_name\" content=\"CD Pop Rock\" \/>\n<meta property=\"article:publisher\" content=\"https:\/\/www.facebook.com\/CD-Pop-Rock-107168374818139\" \/>\n<meta property=\"article:modified_time\" content=\"2023-02-25T12:21:22+00:00\" \/>\n<meta property=\"og:image\" content=\"https:\/\/www.verdieditions.com\/cd-pop-rock\/wp-content\/uploads\/2021\/04\/Slider-films-concert-musique-vhs-dvd.jpg\" \/>\n\t<meta property=\"og:image:width\" content=\"1440\" \/>\n\t<meta property=\"og:image:height\" content=\"676\" \/>\n\t<meta property=\"og:image:type\" content=\"image\/jpeg\" \/>\n<meta name=\"twitter:card\" content=\"summary_large_image\" \/>\n<meta name=\"twitter:label1\" content=\"Dur\u00e9e de lecture estim\u00e9e\" \/>\n\t<meta name=\"twitter:data1\" content=\"4 minutes\" \/>\n<script type=\"application\/ld+json\" class=\"yoast-schema-graph\">{\"@context\":\"https:\/\/schema.org\",\"@graph\":[{\"@type\":\"WebPage\",\"@id\":\"https:\/\/www.verdieditions.com\/cd-pop-rock\/conditions-generales-vente\/\",\"url\":\"https:\/\/www.verdieditions.com\/cd-pop-rock\/conditions-generales-vente\/\",\"name\":\"Conditions G\u00e9n\u00e9rales de Vente de ma Boutique CD Pop Rock\",\"isPartOf\":{\"@id\":\"https:\/\/www.verdieditions.com\/cd-pop-rock\/#website\"},\"primaryImageOfPage\":{\"@id\":\"https:\/\/www.verdieditions.com\/cd-pop-rock\/conditions-generales-vente\/#primaryimage\"},\"image\":{\"@id\":\"https:\/\/www.verdieditions.com\/cd-pop-rock\/conditions-generales-vente\/#primaryimage\"},\"thumbnailUrl\":\"https:\/\/www.verdieditions.com\/cd-pop-rock\/wp-content\/uploads\/2021\/04\/Slider-films-concert-musique-vhs-dvd.jpg\",\"datePublished\":\"2021-04-08T12:40:37+00:00\",\"dateModified\":\"2023-02-25T12:21:22+00:00\",\"breadcrumb\":{\"@id\":\"https:\/\/www.verdieditions.com\/cd-pop-rock\/conditions-generales-vente\/#breadcrumb\"},\"inLanguage\":\"fr-FR\",\"potentialAction\":[{\"@type\":\"ReadAction\",\"target\":[\"https:\/\/www.verdieditions.com\/cd-pop-rock\/conditions-generales-vente\/\"]}]},{\"@type\":\"ImageObject\",\"inLanguage\":\"fr-FR\",\"@id\":\"https:\/\/www.verdieditions.com\/cd-pop-rock\/conditions-generales-vente\/#primaryimage\",\"url\":\"https:\/\/www.verdieditions.com\/cd-pop-rock\/wp-content\/uploads\/2021\/04\/Slider-films-concert-musique-vhs-dvd.jpg\",\"contentUrl\":\"https:\/\/www.verdieditions.com\/cd-pop-rock\/wp-content\/uploads\/2021\/04\/Slider-films-concert-musique-vhs-dvd.jpg\",\"width\":1440,\"height\":676,\"caption\":\"Slider-films-concert-musique-vhs-dvd\"},{\"@type\":\"BreadcrumbList\",\"@id\":\"https:\/\/www.verdieditions.com\/cd-pop-rock\/conditions-generales-vente\/#breadcrumb\",\"itemListElement\":[{\"@type\":\"ListItem\",\"position\":1,\"name\":\"Accueil\",\"item\":\"https:\/\/www.verdieditions.com\/cd-pop-rock\/\"},{\"@type\":\"ListItem\",\"position\":2,\"name\":\"Conditions G\u00e9n\u00e9rales de Vente\"}]},{\"@type\":\"WebSite\",\"@id\":\"https:\/\/www.verdieditions.com\/cd-pop-rock\/#website\",\"url\":\"https:\/\/www.verdieditions.com\/cd-pop-rock\/\",\"name\":\"CD Pop Rock\",\"description\":\"CD, K7, Vinyles, VHS et DVD de Musique Pop et Rock vintage\",\"publisher\":{\"@id\":\"https:\/\/www.verdieditions.com\/cd-pop-rock\/#\/schema\/person\/3a9da867add08338474907117bf9668a\"},\"potentialAction\":[{\"@type\":\"SearchAction\",\"target\":{\"@type\":\"EntryPoint\",\"urlTemplate\":\"https:\/\/www.verdieditions.com\/cd-pop-rock\/?s={search_term_string}\"},\"query-input\":{\"@type\":\"PropertyValueSpecification\",\"valueRequired\":true,\"valueName\":\"search_term_string\"}}],\"inLanguage\":\"fr-FR\"},{\"@type\":[\"Person\",\"Organization\"],\"@id\":\"https:\/\/www.verdieditions.com\/cd-pop-rock\/#\/schema\/person\/3a9da867add08338474907117bf9668a\",\"name\":\"Sylvie VERDI\",\"image\":{\"@type\":\"ImageObject\",\"inLanguage\":\"fr-FR\",\"@id\":\"https:\/\/www.verdieditions.com\/cd-pop-rock\/#\/schema\/person\/image\/\",\"url\":\"https:\/\/www.verdieditions.com\/cd-pop-rock\/wp-content\/uploads\/2021\/01\/cropped-favicon-cd-pop-rock-vinyle-32x32-1.png\",\"contentUrl\":\"https:\/\/www.verdieditions.com\/cd-pop-rock\/wp-content\/uploads\/2021\/01\/cropped-favicon-cd-pop-rock-vinyle-32x32-1.png\",\"width\":512,\"height\":512,\"caption\":\"Sylvie VERDI\"},\"logo\":{\"@id\":\"https:\/\/www.verdieditions.com\/cd-pop-rock\/#\/schema\/person\/image\/\"},\"sameAs\":[\"https:\/\/www.verdieditions.com\/cd-pop-rock\",\"https:\/\/www.facebook.com\/CD-Pop-Rock-107168374818139\"]}]}<\/script>\n<!-- \/ Yoast SEO plugin. -->","yoast_head_json":{"title":"Conditions G\u00e9n\u00e9rales de Vente de ma Boutique CD Pop Rock","robots":{"index":"noindex","follow":"follow"},"og_locale":"fr_FR","og_type":"article","og_title":"Conditions G\u00e9n\u00e9rales de Vente de ma Boutique CD Pop Rock","og_description":"CGV de ma Boutique CD Pop Rock D\u00e9finir clairement les modalit\u00e9s de notre \u00e9change Ma boutique CD Pop Rock est une boutique personnelle de vente de mes collections, de Particulier \u00e0 Particulier. Toutefois, en raison du caract\u00e8re sp\u00e9cifique des disques &hellip; Lire la suite","og_url":"https:\/\/www.verdieditions.com\/cd-pop-rock\/conditions-generales-vente\/","og_site_name":"CD Pop Rock","article_publisher":"https:\/\/www.facebook.com\/CD-Pop-Rock-107168374818139","article_modified_time":"2023-02-25T12:21:22+00:00","og_image":[{"width":1440,"height":676,"url":"https:\/\/www.verdieditions.com\/cd-pop-rock\/wp-content\/uploads\/2021\/04\/Slider-films-concert-musique-vhs-dvd.jpg","type":"image\/jpeg"}],"twitter_card":"summary_large_image","twitter_misc":{"Dur\u00e9e de lecture estim\u00e9e":"4 minutes"},"schema":{"@context":"https:\/\/schema.org","@graph":[{"@type":"WebPage","@id":"https:\/\/www.verdieditions.com\/cd-pop-rock\/conditions-generales-vente\/","url":"https:\/\/www.verdieditions.com\/cd-pop-rock\/conditions-generales-vente\/","name":"Conditions G\u00e9n\u00e9rales de Vente de ma Boutique CD Pop Rock","isPartOf":{"@id":"https:\/\/www.verdieditions.com\/cd-pop-rock\/#website"},"primaryImageOfPage":{"@id":"https:\/\/www.verdieditions.com\/cd-pop-rock\/conditions-generales-vente\/#primaryimage"},"image":{"@id":"https:\/\/www.verdieditions.com\/cd-pop-rock\/conditions-generales-vente\/#primaryimage"},"thumbnailUrl":"https:\/\/www.verdieditions.com\/cd-pop-rock\/wp-content\/uploads\/2021\/04\/Slider-films-concert-musique-vhs-dvd.jpg","datePublished":"2021-04-08T12:40:37+00:00","dateModified":"2023-02-25T12:21:22+00:00","breadcrumb":{"@id":"https:\/\/www.verdieditions.com\/cd-pop-rock\/conditions-generales-vente\/#breadcrumb"},"inLanguage":"fr-FR","potentialAction":[{"@type":"ReadAction","target":["https:\/\/www.verdieditions.com\/cd-pop-rock\/conditions-generales-vente\/"]}]},{"@type":"ImageObject","inLanguage":"fr-FR","@id":"https:\/\/www.verdieditions.com\/cd-pop-rock\/conditions-generales-vente\/#primaryimage","url":"https:\/\/www.verdieditions.com\/cd-pop-rock\/wp-content\/uploads\/2021\/04\/Slider-films-concert-musique-vhs-dvd.jpg","contentUrl":"https:\/\/www.verdieditions.com\/cd-pop-rock\/wp-content\/uploads\/2021\/04\/Slider-films-concert-musique-vhs-dvd.jpg","width":1440,"height":676,"caption":"Slider-films-concert-musique-vhs-dvd"},{"@type":"BreadcrumbList","@id":"https:\/\/www.verdieditions.com\/cd-pop-rock\/conditions-generales-vente\/#breadcrumb","itemListElement":[{"@type":"ListItem","position":1,"name":"Accueil","item":"https:\/\/www.verdieditions.com\/cd-pop-rock\/"},{"@type":"ListItem","position":2,"name":"Conditions G\u00e9n\u00e9rales de Vente"}]},{"@type":"WebSite","@id":"https:\/\/www.verdieditions.com\/cd-pop-rock\/#website","url":"https:\/\/www.verdieditions.com\/cd-pop-rock\/","name":"CD Pop Rock","description":"CD, K7, Vinyles, VHS et DVD de Musique Pop et Rock vintage","publisher":{"@id":"https:\/\/www.verdieditions.com\/cd-pop-rock\/#\/schema\/person\/3a9da867add08338474907117bf9668a"},"potentialAction":[{"@type":"SearchAction","target":{"@type":"EntryPoint","urlTemplate":"https:\/\/www.verdieditions.com\/cd-pop-rock\/?s={search_term_string}"},"query-input":{"@type":"PropertyValueSpecification","valueRequired":true,"valueName":"search_term_string"}}],"inLanguage":"fr-FR"},{"@type":["Person","Organization"],"@id":"https:\/\/www.verdieditions.com\/cd-pop-rock\/#\/schema\/person\/3a9da867add08338474907117bf9668a","name":"Sylvie VERDI","image":{"@type":"ImageObject","inLanguage":"fr-FR","@id":"https:\/\/www.verdieditions.com\/cd-pop-rock\/#\/schema\/person\/image\/","url":"https:\/\/www.verdieditions.com\/cd-pop-rock\/wp-content\/uploads\/2021\/01\/cropped-favicon-cd-pop-rock-vinyle-32x32-1.png","contentUrl":"https:\/\/www.verdieditions.com\/cd-pop-rock\/wp-content\/uploads\/2021\/01\/cropped-favicon-cd-pop-rock-vinyle-32x32-1.png","width":512,"height":512,"caption":"Sylvie VERDI"},"logo":{"@id":"https:\/\/www.verdieditions.com\/cd-pop-rock\/#\/schema\/person\/image\/"},"sameAs":["https:\/\/www.verdieditions.com\/cd-pop-rock","https:\/\/www.facebook.com\/CD-Pop-Rock-107168374818139"]}]}},"_links":{"self":[{"href":"https:\/\/www.verdieditions.com\/cd-pop-rock\/wp-json\/wp\/v2\/pages\/2734","targetHints":{"allow":["GET"]}}],"collection":[{"href":"https:\/\/www.verdieditions.com\/cd-pop-rock\/wp-json\/wp\/v2\/pages"}],"about":[{"href":"https:\/\/www.verdieditions.com\/cd-pop-rock\/wp-json\/wp\/v2\/types\/page"}],"author":[{"embeddable":true,"href":"https:\/\/www.verdieditions.com\/cd-pop-rock\/wp-json\/wp\/v2\/users\/1"}],"replies":[{"embeddable":true,"href":"https:\/\/www.verdieditions.com\/cd-pop-rock\/wp-json\/wp\/v2\/comments?post=2734"}],"version-history":[{"count":1,"href":"https:\/\/www.verdieditions.com\/cd-pop-rock\/wp-json\/wp\/v2\/pages\/2734\/revisions"}],"predecessor-version":[{"id":3198,"href":"https:\/\/www.verdieditions.com\/cd-pop-rock\/wp-json\/wp\/v2\/pages\/2734\/revisions\/3198"}],"wp:featuredmedia":[{"embeddable":true,"href":"https:\/\/www.verdieditions.com\/cd-pop-rock\/wp-json\/wp\/v2\/media\/2609"}],"wp:attachment":[{"href":"https:\/\/www.verdieditions.com\/cd-pop-rock\/wp-json\/wp\/v2\/media?parent=2734"}],"curies":[{"name":"wp","href":"https:\/\/api.w.org\/{rel}","templated":true}]}}