{"id":3309,"date":"2024-08-27T08:00:09","date_gmt":"2024-08-27T06:00:09","guid":{"rendered":"https:\/\/www.verdieditions.com\/bretagne-photos\/?post_type=product&#038;p=3309"},"modified":"2024-08-27T09:50:53","modified_gmt":"2024-08-27T07:50:53","slug":"soeurs-religieuses-congregation-kermaria-filles-jesus-houat","status":"publish","type":"product","link":"https:\/\/www.verdieditions.com\/bretagne-photos\/produit\/soeurs-religieuses-congregation-kermaria-filles-jesus-houat\/","title":{"rendered":"Les soeurs religieuses de la congr\u00e9gation de Kermaria"},"content":{"rendered":"<p>Les soeurs religieuses (Filles de J\u00e9sus) de la congr\u00e9gation de Kermaria<br \/>\nAnn\u00e9e : 1968<br \/>\nLieu : Ile de Houat (56)<br \/>\nCr\u00e9dits : Sylvie Verdi, Collection Priv\u00e9e<br \/>\nFormat : JPG<br \/>\nQualit\u00e9 : 300 dpi<br \/>\nTaille : 1374 px x 930 px <\/p>\n<p>Sur la photo : Contenu r\u00e9serv\u00e9 aux utilisateurs connect\u00e9s. <a href=\"https:\/\/www.verdieditions.com\/bretagne-photos\/my-account\/\">Se connecter \/ S'enregistrer<\/a>.<\/p>\n<h3> Filles de J\u00e9sus (de Kermaria) <\/h3>\n<p>Vers la fin du XVIIIe si\u00e8cle, Pierre Nourry (1743-1804), pr\u00eatre breton de Bignan, pense \u00e0 la fondation d&rsquo;une congr\u00e9gation de religieuses, mais le d\u00e9clenchement de la R\u00e9volution fran\u00e7aise le force \u00e0 abandonner son id\u00e9e1.<\/p>\n<p>C&rsquo;est son successeur, le p\u00e8re Yves-Marie Co\u00ebffic (1790-1857), qui propose \u00e0 Perrine Samson (1790-1847), du Tiers-Ordre franciscain, de devenir membre de la future congr\u00e9gation \u00e0 fonder dans l\u2019esprit de Pierre Nourry. Quatre jeunes filles se joignent \u00e0 elle et commencent leur noviciat en 1831, elles prononcent leurs premiers v\u0153ux le 25 novembre 1834 des mains de Charles-Jean de La Motte de Broons de Vauvert, \u00e9v\u00eaque de Vannes, o\u00f9 Perrine re\u00e7oit le nom de m\u00e8re sainte Ang\u00e8le. D\u00e8s ses d\u00e9buts, la congr\u00e9gation se voue \u00e0 l&rsquo;\u00e9ducation des enfants, aux soins aux malades et assiste les mourants.<\/p>\n<p>En 1846, Marie de Saint-Charles P\u00e9rigault (1820-1884), seconde fondatrice de la congr\u00e9gation, est \u00e9lue sup\u00e9rieure g\u00e9n\u00e9rale des Filles de J\u00e9sus, sous son g\u00e9n\u00e9ralat, l&rsquo;\u00e9v\u00eaque de Vannes, La Motte de Broons de Vauvert, approuve leur constitutions religieuses d&rsquo;inspiration ignatienne le 15 janvier 18503. En 1860, la congr\u00e9gation quitte Bignan pour s&rsquo;installer non loin de l\u00e0 dans les landes de Lan Vraz, sur le territoire de la commune de Plumelin (Morbihan) (le lieu \u00e9tant rebaptis\u00e9 Kermaria) o\u00f9 une chapelle d\u00e9di\u00e9e \u00e0 saint Joseph est \u00e9difi\u00e9e. En 1884, date de la mort de s\u0153ur Marie de Saint-Charles, le nombre des s\u0153urs est d&rsquo;environ six cents.<\/p>\n<p><a href=\"https:\/\/fr.wikipedia.org\/wiki\/Filles_de_J%C3%A9sus_(de_Kermaria)\">Source<\/a><\/p>\n","protected":false},"excerpt":{"rendered":"<p>Les soeurs religieuses (Filles de J\u00e9sus) de la congr\u00e9gation de Kermaria<br \/>\nAnn\u00e9e : 1966<br \/>\nLieu : Ile de Houat (56)<br \/>\nCr\u00e9dits : Sylvie Verdi, Collection Priv\u00e9e<br \/>\nFormat : JPG<br \/>\nQualit\u00e9 : 300 dpi<br \/>\nTaille : 1374 px x 930 px <\/p>\n","protected":false},"featured_media":3310,"template":"","meta":{"_kadence_starter_templates_imported_post":true,"_kad_post_transparent":"default","_kad_post_title":"","_kad_post_layout":"default","_kad_post_sidebar_id":"","_kad_post_content_style":"default","_kad_post_vertical_padding":"default","_kad_post_feature":"","_kad_post_feature_position":"","_kad_post_header":false,"_kad_post_footer":false,"_kad_post_classname":""},"product_brand":[],"product_cat":[33],"product_tag":[76,85,46],"class_list":{"0":"post-3309","1":"product","2":"type-product","3":"status-publish","4":"has-post-thumbnail","6":"product_cat-personnages","7":"product_tag-annees-1960","8":"product_tag-morbihan","9":"product_tag-religion","11":"first","12":"instock","13":"downloadable","14":"virtual","15":"sold-individually","16":"purchasable","17":"product-type-simple","18":"entry","19":"content-bg","20":"loop-entry"},"yoast_head":"<!-- This site is optimized with the Yoast SEO plugin v27.4 - https:\/\/yoast.com\/product\/yoast-seo-wordpress\/ -->\n<title>Les soeurs religieuses de la congr\u00e9gation de Kermaria - Bretagne Photos<\/title>\n<meta name=\"description\" content=\"Les soeurs religieuses (Filles de J\u00e9sus) de la congr\u00e9gation de Kermaria 1966 Houat (56) Cr\u00e9dits : Sylvie Verdi, Coll Priv\u00e9e - JPG - 300 dpi - 1374 px x 930 px\" \/>\n<meta name=\"robots\" content=\"index, follow, max-snippet:-1, max-image-preview:large, max-video-preview:-1\" \/>\n<link rel=\"canonical\" href=\"https:\/\/www.verdieditions.com\/bretagne-photos\/produit\/soeurs-religieuses-congregation-kermaria-filles-jesus-houat\/\" \/>\n<meta property=\"og:locale\" content=\"fr_FR\" \/>\n<meta property=\"og:type\" content=\"article\" \/>\n<meta property=\"og:title\" content=\"Les soeurs religieuses de la congr\u00e9gation de Kermaria - Bretagne Photos\" \/>\n<meta property=\"og:description\" content=\"Les soeurs religieuses (Filles de J\u00e9sus) de la congr\u00e9gation de Kermaria 1966 Houat (56) Cr\u00e9dits : Sylvie Verdi, Coll Priv\u00e9e - JPG - 300 dpi - 1374 px x 930 px\" \/>\n<meta property=\"og:url\" content=\"https:\/\/www.verdieditions.com\/bretagne-photos\/produit\/soeurs-religieuses-congregation-kermaria-filles-jesus-houat\/\" \/>\n<meta property=\"og:site_name\" content=\"Bretagne Photos\" \/>\n<meta property=\"article:modified_time\" content=\"2024-08-27T07:50:53+00:00\" \/>\n<meta property=\"og:image\" content=\"https:\/\/www.verdieditions.com\/bretagne-photos\/wp-content\/uploads\/2024\/08\/00495-SV-HOUw.jpg?v=1724682829\" \/>\n\t<meta property=\"og:image:width\" content=\"800\" \/>\n\t<meta property=\"og:image:height\" content=\"541\" \/>\n\t<meta property=\"og:image:type\" content=\"image\/jpeg\" \/>\n<meta name=\"twitter:card\" content=\"summary_large_image\" \/>\n<meta name=\"twitter:label1\" content=\"Dur\u00e9e de lecture estim\u00e9e\" \/>\n\t<meta name=\"twitter:data1\" content=\"1 minute\" \/>\n<script type=\"application\/ld+json\" class=\"yoast-schema-graph\">{\"@context\":\"https:\\\/\\\/schema.org\",\"@graph\":[{\"@type\":\"WebPage\",\"@id\":\"https:\\\/\\\/www.verdieditions.com\\\/bretagne-photos\\\/produit\\\/soeurs-religieuses-congregation-kermaria-filles-jesus-houat\\\/\",\"url\":\"https:\\\/\\\/www.verdieditions.com\\\/bretagne-photos\\\/produit\\\/soeurs-religieuses-congregation-kermaria-filles-jesus-houat\\\/\",\"name\":\"Les soeurs religieuses de la congr\u00e9gation de Kermaria - Bretagne Photos\",\"isPartOf\":{\"@id\":\"https:\\\/\\\/www.verdieditions.com\\\/bretagne-photos\\\/#website\"},\"primaryImageOfPage\":{\"@id\":\"https:\\\/\\\/www.verdieditions.com\\\/bretagne-photos\\\/produit\\\/soeurs-religieuses-congregation-kermaria-filles-jesus-houat\\\/#primaryimage\"},\"image\":{\"@id\":\"https:\\\/\\\/www.verdieditions.com\\\/bretagne-photos\\\/produit\\\/soeurs-religieuses-congregation-kermaria-filles-jesus-houat\\\/#primaryimage\"},\"thumbnailUrl\":\"https:\\\/\\\/www.verdieditions.com\\\/bretagne-photos\\\/wp-content\\\/uploads\\\/2024\\\/08\\\/00495-SV-HOUw.jpg?v=1724682829\",\"datePublished\":\"2024-08-27T06:00:09+00:00\",\"dateModified\":\"2024-08-27T07:50:53+00:00\",\"description\":\"Les soeurs religieuses (Filles de J\u00e9sus) de la congr\u00e9gation de Kermaria 1966 Houat (56) Cr\u00e9dits : Sylvie Verdi, Coll Priv\u00e9e - JPG - 300 dpi - 1374 px x 930 px\",\"breadcrumb\":{\"@id\":\"https:\\\/\\\/www.verdieditions.com\\\/bretagne-photos\\\/produit\\\/soeurs-religieuses-congregation-kermaria-filles-jesus-houat\\\/#breadcrumb\"},\"inLanguage\":\"fr-FR\",\"potentialAction\":[{\"@type\":\"ReadAction\",\"target\":[\"https:\\\/\\\/www.verdieditions.com\\\/bretagne-photos\\\/produit\\\/soeurs-religieuses-congregation-kermaria-filles-jesus-houat\\\/\"]}]},{\"@type\":\"ImageObject\",\"inLanguage\":\"fr-FR\",\"@id\":\"https:\\\/\\\/www.verdieditions.com\\\/bretagne-photos\\\/produit\\\/soeurs-religieuses-congregation-kermaria-filles-jesus-houat\\\/#primaryimage\",\"url\":\"https:\\\/\\\/www.verdieditions.com\\\/bretagne-photos\\\/wp-content\\\/uploads\\\/2024\\\/08\\\/00495-SV-HOUw.jpg?v=1724682829\",\"contentUrl\":\"https:\\\/\\\/www.verdieditions.com\\\/bretagne-photos\\\/wp-content\\\/uploads\\\/2024\\\/08\\\/00495-SV-HOUw.jpg?v=1724682829\",\"width\":800,\"height\":541,\"caption\":\"soeurs religieuses congregation kermaria filles de jesus houat\"},{\"@type\":\"BreadcrumbList\",\"@id\":\"https:\\\/\\\/www.verdieditions.com\\\/bretagne-photos\\\/produit\\\/soeurs-religieuses-congregation-kermaria-filles-jesus-houat\\\/#breadcrumb\",\"itemListElement\":[{\"@type\":\"ListItem\",\"position\":1,\"name\":\"Accueil\",\"item\":\"https:\\\/\\\/www.verdieditions.com\\\/bretagne-photos\\\/\"},{\"@type\":\"ListItem\",\"position\":2,\"name\":\"Boutique Photos\",\"item\":\"https:\\\/\\\/www.verdieditions.com\\\/bretagne-photos\\\/shop\\\/\"},{\"@type\":\"ListItem\",\"position\":3,\"name\":\"Les soeurs religieuses de la congr\u00e9gation de Kermaria\"}]},{\"@type\":\"WebSite\",\"@id\":\"https:\\\/\\\/www.verdieditions.com\\\/bretagne-photos\\\/#website\",\"url\":\"https:\\\/\\\/www.verdieditions.com\\\/bretagne-photos\\\/\",\"name\":\"Bretagne Photos\",\"description\":\"Boutique Photos Histoire et Patrimoine de la Bretagne hier et aujourd\u2019hui\",\"publisher\":{\"@id\":\"https:\\\/\\\/www.verdieditions.com\\\/bretagne-photos\\\/#\\\/schema\\\/person\\\/fc0081c9a1f479261147ba0b3d529c2c\"},\"potentialAction\":[{\"@type\":\"SearchAction\",\"target\":{\"@type\":\"EntryPoint\",\"urlTemplate\":\"https:\\\/\\\/www.verdieditions.com\\\/bretagne-photos\\\/?s={search_term_string}\"},\"query-input\":{\"@type\":\"PropertyValueSpecification\",\"valueRequired\":true,\"valueName\":\"search_term_string\"}}],\"inLanguage\":\"fr-FR\"},{\"@type\":[\"Person\",\"Organization\"],\"@id\":\"https:\\\/\\\/www.verdieditions.com\\\/bretagne-photos\\\/#\\\/schema\\\/person\\\/fc0081c9a1f479261147ba0b3d529c2c\",\"name\":\"Sylvie VERDI\",\"image\":{\"@type\":\"ImageObject\",\"inLanguage\":\"fr-FR\",\"@id\":\"https:\\\/\\\/www.verdieditions.com\\\/bretagne-photos\\\/wp-content\\\/uploads\\\/2023\\\/09\\\/logo-bretagne-photos-2.png\",\"url\":\"https:\\\/\\\/www.verdieditions.com\\\/bretagne-photos\\\/wp-content\\\/uploads\\\/2023\\\/09\\\/logo-bretagne-photos-2.png\",\"contentUrl\":\"https:\\\/\\\/www.verdieditions.com\\\/bretagne-photos\\\/wp-content\\\/uploads\\\/2023\\\/09\\\/logo-bretagne-photos-2.png\",\"width\":270,\"height\":63,\"caption\":\"Sylvie VERDI\"},\"logo\":{\"@id\":\"https:\\\/\\\/www.verdieditions.com\\\/bretagne-photos\\\/wp-content\\\/uploads\\\/2023\\\/09\\\/logo-bretagne-photos-2.png\"},\"sameAs\":[\"https:\\\/\\\/www.verdieditions.com\\\/bretagne-photos\"]}]}<\/script>\n<!-- \/ Yoast SEO plugin. -->","yoast_head_json":{"title":"Les soeurs religieuses de la congr\u00e9gation de Kermaria - Bretagne Photos","description":"Les soeurs religieuses (Filles de J\u00e9sus) de la congr\u00e9gation de Kermaria 1966 Houat (56) Cr\u00e9dits : Sylvie Verdi, Coll Priv\u00e9e - JPG - 300 dpi - 1374 px x 930 px","robots":{"index":"index","follow":"follow","max-snippet":"max-snippet:-1","max-image-preview":"max-image-preview:large","max-video-preview":"max-video-preview:-1"},"canonical":"https:\/\/www.verdieditions.com\/bretagne-photos\/produit\/soeurs-religieuses-congregation-kermaria-filles-jesus-houat\/","og_locale":"fr_FR","og_type":"article","og_title":"Les soeurs religieuses de la congr\u00e9gation de Kermaria - Bretagne Photos","og_description":"Les soeurs religieuses (Filles de J\u00e9sus) de la congr\u00e9gation de Kermaria 1966 Houat (56) Cr\u00e9dits : Sylvie Verdi, Coll Priv\u00e9e - JPG - 300 dpi - 1374 px x 930 px","og_url":"https:\/\/www.verdieditions.com\/bretagne-photos\/produit\/soeurs-religieuses-congregation-kermaria-filles-jesus-houat\/","og_site_name":"Bretagne Photos","article_modified_time":"2024-08-27T07:50:53+00:00","og_image":[{"width":800,"height":541,"url":"https:\/\/www.verdieditions.com\/bretagne-photos\/wp-content\/uploads\/2024\/08\/00495-SV-HOUw.jpg?v=1724682829","type":"image\/jpeg"}],"twitter_card":"summary_large_image","twitter_misc":{"Dur\u00e9e de lecture estim\u00e9e":"1 minute"},"schema":{"@context":"https:\/\/schema.org","@graph":[{"@type":"WebPage","@id":"https:\/\/www.verdieditions.com\/bretagne-photos\/produit\/soeurs-religieuses-congregation-kermaria-filles-jesus-houat\/","url":"https:\/\/www.verdieditions.com\/bretagne-photos\/produit\/soeurs-religieuses-congregation-kermaria-filles-jesus-houat\/","name":"Les soeurs religieuses de la congr\u00e9gation de Kermaria - Bretagne Photos","isPartOf":{"@id":"https:\/\/www.verdieditions.com\/bretagne-photos\/#website"},"primaryImageOfPage":{"@id":"https:\/\/www.verdieditions.com\/bretagne-photos\/produit\/soeurs-religieuses-congregation-kermaria-filles-jesus-houat\/#primaryimage"},"image":{"@id":"https:\/\/www.verdieditions.com\/bretagne-photos\/produit\/soeurs-religieuses-congregation-kermaria-filles-jesus-houat\/#primaryimage"},"thumbnailUrl":"https:\/\/www.verdieditions.com\/bretagne-photos\/wp-content\/uploads\/2024\/08\/00495-SV-HOUw.jpg?v=1724682829","datePublished":"2024-08-27T06:00:09+00:00","dateModified":"2024-08-27T07:50:53+00:00","description":"Les soeurs religieuses (Filles de J\u00e9sus) de la congr\u00e9gation de Kermaria 1966 Houat (56) Cr\u00e9dits : Sylvie Verdi, Coll Priv\u00e9e - JPG - 300 dpi - 1374 px x 930 px","breadcrumb":{"@id":"https:\/\/www.verdieditions.com\/bretagne-photos\/produit\/soeurs-religieuses-congregation-kermaria-filles-jesus-houat\/#breadcrumb"},"inLanguage":"fr-FR","potentialAction":[{"@type":"ReadAction","target":["https:\/\/www.verdieditions.com\/bretagne-photos\/produit\/soeurs-religieuses-congregation-kermaria-filles-jesus-houat\/"]}]},{"@type":"ImageObject","inLanguage":"fr-FR","@id":"https:\/\/www.verdieditions.com\/bretagne-photos\/produit\/soeurs-religieuses-congregation-kermaria-filles-jesus-houat\/#primaryimage","url":"https:\/\/www.verdieditions.com\/bretagne-photos\/wp-content\/uploads\/2024\/08\/00495-SV-HOUw.jpg?v=1724682829","contentUrl":"https:\/\/www.verdieditions.com\/bretagne-photos\/wp-content\/uploads\/2024\/08\/00495-SV-HOUw.jpg?v=1724682829","width":800,"height":541,"caption":"soeurs religieuses congregation kermaria filles de jesus houat"},{"@type":"BreadcrumbList","@id":"https:\/\/www.verdieditions.com\/bretagne-photos\/produit\/soeurs-religieuses-congregation-kermaria-filles-jesus-houat\/#breadcrumb","itemListElement":[{"@type":"ListItem","position":1,"name":"Accueil","item":"https:\/\/www.verdieditions.com\/bretagne-photos\/"},{"@type":"ListItem","position":2,"name":"Boutique Photos","item":"https:\/\/www.verdieditions.com\/bretagne-photos\/shop\/"},{"@type":"ListItem","position":3,"name":"Les soeurs religieuses de la congr\u00e9gation de Kermaria"}]},{"@type":"WebSite","@id":"https:\/\/www.verdieditions.com\/bretagne-photos\/#website","url":"https:\/\/www.verdieditions.com\/bretagne-photos\/","name":"Bretagne Photos","description":"Boutique Photos Histoire et Patrimoine de la Bretagne hier et aujourd\u2019hui","publisher":{"@id":"https:\/\/www.verdieditions.com\/bretagne-photos\/#\/schema\/person\/fc0081c9a1f479261147ba0b3d529c2c"},"potentialAction":[{"@type":"SearchAction","target":{"@type":"EntryPoint","urlTemplate":"https:\/\/www.verdieditions.com\/bretagne-photos\/?s={search_term_string}"},"query-input":{"@type":"PropertyValueSpecification","valueRequired":true,"valueName":"search_term_string"}}],"inLanguage":"fr-FR"},{"@type":["Person","Organization"],"@id":"https:\/\/www.verdieditions.com\/bretagne-photos\/#\/schema\/person\/fc0081c9a1f479261147ba0b3d529c2c","name":"Sylvie VERDI","image":{"@type":"ImageObject","inLanguage":"fr-FR","@id":"https:\/\/www.verdieditions.com\/bretagne-photos\/wp-content\/uploads\/2023\/09\/logo-bretagne-photos-2.png","url":"https:\/\/www.verdieditions.com\/bretagne-photos\/wp-content\/uploads\/2023\/09\/logo-bretagne-photos-2.png","contentUrl":"https:\/\/www.verdieditions.com\/bretagne-photos\/wp-content\/uploads\/2023\/09\/logo-bretagne-photos-2.png","width":270,"height":63,"caption":"Sylvie VERDI"},"logo":{"@id":"https:\/\/www.verdieditions.com\/bretagne-photos\/wp-content\/uploads\/2023\/09\/logo-bretagne-photos-2.png"},"sameAs":["https:\/\/www.verdieditions.com\/bretagne-photos"]}]}},"_links":{"self":[{"href":"https:\/\/www.verdieditions.com\/bretagne-photos\/wp-json\/wp\/v2\/product\/3309","targetHints":{"allow":["GET"]}}],"collection":[{"href":"https:\/\/www.verdieditions.com\/bretagne-photos\/wp-json\/wp\/v2\/product"}],"about":[{"href":"https:\/\/www.verdieditions.com\/bretagne-photos\/wp-json\/wp\/v2\/types\/product"}],"wp:featuredmedia":[{"embeddable":true,"href":"https:\/\/www.verdieditions.com\/bretagne-photos\/wp-json\/wp\/v2\/media\/3310"}],"wp:attachment":[{"href":"https:\/\/www.verdieditions.com\/bretagne-photos\/wp-json\/wp\/v2\/media?parent=3309"}],"wp:term":[{"taxonomy":"product_brand","embeddable":true,"href":"https:\/\/www.verdieditions.com\/bretagne-photos\/wp-json\/wp\/v2\/product_brand?post=3309"},{"taxonomy":"product_cat","embeddable":true,"href":"https:\/\/www.verdieditions.com\/bretagne-photos\/wp-json\/wp\/v2\/product_cat?post=3309"},{"taxonomy":"product_tag","embeddable":true,"href":"https:\/\/www.verdieditions.com\/bretagne-photos\/wp-json\/wp\/v2\/product_tag?post=3309"}],"curies":[{"name":"wp","href":"https:\/\/api.w.org\/{rel}","templated":true}]}}