{"id":3306,"date":"2024-08-18T08:00:47","date_gmt":"2024-08-18T06:00:47","guid":{"rendered":"https:\/\/www.verdieditions.com\/bretagne-photos\/?post_type=product&#038;p=3306"},"modified":"2024-08-17T11:35:16","modified_gmt":"2024-08-17T09:35:16","slug":"rives-lac-guerledan-barrage-morbihan","status":"publish","type":"product","link":"https:\/\/www.verdieditions.com\/bretagne-photos\/produit\/rives-lac-guerledan-barrage-morbihan\/","title":{"rendered":"Sur les rives du lac de Guerl\u00e9dan en 1960"},"content":{"rendered":"<p>Sur les rives du lac de Guerl\u00e9dan en 1960<br \/>\nAnn\u00e9e : 22 mai 1960<br \/>\nLieu : Tr\u00e9gnanton (Saint-Gelven) (56)<br \/>\nCr\u00e9dits : Sylvie Verdi, Collection Priv\u00e9e<br \/>\nFormat : JPG<br \/>\nQualit\u00e9 : 300 dpi<br \/>\nTaille : 1412 px x 1430 px <\/p>\n<p>Le lac de Guerl\u00e9dan est un lac artificiel fran\u00e7ais situ\u00e9 d&rsquo;une part sur les communes de Saint-Aignan et Sainte-Brigitte dans le Morbihan et, d&rsquo;autre part, celles de M\u00fbr-de-Bretagne, Caurel et Saint-Gelven dans les C\u00f4tes-d&rsquo;Armor. Il mat\u00e9rialise, en partie, la limite entre le Morbihan et les C\u00f4tes-d&rsquo;Armor.<\/p>\n<p>(..) Ce lac a \u00e9t\u00e9 cr\u00e9\u00e9 pour alimenter le barrage de Guerl\u00e9dan. Le chantier dura sept ans de 1923 \u00e0 1930 et dut faire face \u00e0 de nombreuses difficult\u00e9s d&rsquo;ordre g\u00e9ologique (creusement des fondations pour \u00e9liminer une poche d&rsquo;argile en 1924), technique (barrage-poids de 208 m\u00e8tres de long) et financier. Faute d&rsquo;argent, le chantier fut m\u00eame arr\u00eat\u00e9 de l&rsquo;automne 1925 au printemps 1927. L&rsquo;usine \u00e9lectrique associ\u00e9e au barrage est d&rsquo;une puissance de 15 MW, et est exploit\u00e9e depuis 1946 par EDF.<\/p>\n<p>La cr\u00e9ation du barrage a eu pour effet de noyer la vall\u00e9e du Blavet sur plus de 8 kilom\u00e8tres, entra\u00eenant l&rsquo;immersion de neuf carri\u00e8res d\u2019ardoises (\u00e9conomie de la r\u00e9gion depuis le XVIe si\u00e8cle), de maisons d&rsquo;ardoisiers et de fermes.<\/p>\n<p>Elle a \u00e9galement supprim\u00e9 la continuit\u00e9 du trafic fluvial sur le canal de Nantes \u00e0 Brest, en coupant ce dernier qui empruntait \u00e0 cet endroit le cours canalis\u00e9 du Blavet. Seize maisons \u00e9clusi\u00e8res et 17 \u00e9cluses du canal de Nantes \u00e0 Brest ont ainsi \u00e9t\u00e9 englouties.<br \/>\n<a href=\"https:\/\/fr.wikipedia.org\/wiki\/Lac_de_Guerl%C3%A9dan\">Source<\/a> <\/p>\n","protected":false},"excerpt":{"rendered":"<p>Sur les rives du lac de Guerl\u00e9dan en 1960<br \/>\nAnn\u00e9e : 22 mai 1960<br \/>\nLieu : Tr\u00e9gnanton (Saint-Gelven) (56)<br \/>\nCr\u00e9dits : Sylvie Verdi, Collection Priv\u00e9e<br \/>\nFormat : JPG<br \/>\nQualit\u00e9 : 300 dpi<br \/>\nTaille : 1412 px x 1430 px <\/p>\n","protected":false},"featured_media":3307,"template":"","meta":{"_kadence_starter_templates_imported_post":true,"_kad_post_transparent":"default","_kad_post_title":"","_kad_post_layout":"default","_kad_post_sidebar_id":"","_kad_post_content_style":"default","_kad_post_vertical_padding":"default","_kad_post_feature":"","_kad_post_feature_position":"","_kad_post_header":false,"_kad_post_footer":false,"_kad_post_classname":""},"product_brand":[],"product_cat":[32],"product_tag":[76,122,85,53],"class_list":{"0":"post-3306","1":"product","2":"type-product","3":"status-publish","4":"has-post-thumbnail","6":"product_cat-paysages","7":"product_tag-annees-1960","8":"product_tag-cotes-darmor","9":"product_tag-morbihan","10":"product_tag-nature","12":"first","13":"instock","14":"downloadable","15":"virtual","16":"sold-individually","17":"purchasable","18":"product-type-simple","19":"entry","20":"content-bg","21":"loop-entry"},"yoast_head":"<!-- This site is optimized with the Yoast SEO plugin v27.4 - https:\/\/yoast.com\/product\/yoast-seo-wordpress\/ -->\n<title>Sur les rives du lac de Guerl\u00e9dan en 1960 - Bretagne Photos<\/title>\n<meta name=\"description\" content=\"Sur les rives du lac de Guerl\u00e9dan en 1960 Tr\u00e9gnanton (Saint-Gelven) (56) Cr\u00e9dits : Sylvie Verdi, Coll Priv\u00e9e Format : JPG Qlt\u00e9 : 300 dpi - 1412 px x 1430 px\" \/>\n<meta name=\"robots\" content=\"index, follow, max-snippet:-1, max-image-preview:large, max-video-preview:-1\" \/>\n<link rel=\"canonical\" href=\"https:\/\/www.verdieditions.com\/bretagne-photos\/produit\/rives-lac-guerledan-barrage-morbihan\/\" \/>\n<meta property=\"og:locale\" content=\"fr_FR\" \/>\n<meta property=\"og:type\" content=\"article\" \/>\n<meta property=\"og:title\" content=\"Sur les rives du lac de Guerl\u00e9dan en 1960 - Bretagne Photos\" \/>\n<meta property=\"og:description\" content=\"Sur les rives du lac de Guerl\u00e9dan en 1960 Tr\u00e9gnanton (Saint-Gelven) (56) Cr\u00e9dits : Sylvie Verdi, Coll Priv\u00e9e Format : JPG Qlt\u00e9 : 300 dpi - 1412 px x 1430 px\" \/>\n<meta property=\"og:url\" content=\"https:\/\/www.verdieditions.com\/bretagne-photos\/produit\/rives-lac-guerledan-barrage-morbihan\/\" \/>\n<meta property=\"og:site_name\" content=\"Bretagne Photos\" \/>\n<meta property=\"og:image\" content=\"https:\/\/www.verdieditions.com\/bretagne-photos\/wp-content\/uploads\/2024\/08\/00871-SV-GUEw.jpg?v=1723887275\" \/>\n\t<meta property=\"og:image:width\" content=\"800\" \/>\n\t<meta property=\"og:image:height\" content=\"810\" \/>\n\t<meta property=\"og:image:type\" content=\"image\/jpeg\" \/>\n<meta name=\"twitter:card\" content=\"summary_large_image\" \/>\n<meta name=\"twitter:label1\" content=\"Dur\u00e9e de lecture estim\u00e9e\" \/>\n\t<meta name=\"twitter:data1\" content=\"1 minute\" \/>\n<script type=\"application\/ld+json\" class=\"yoast-schema-graph\">{\"@context\":\"https:\\\/\\\/schema.org\",\"@graph\":[{\"@type\":\"WebPage\",\"@id\":\"https:\\\/\\\/www.verdieditions.com\\\/bretagne-photos\\\/produit\\\/rives-lac-guerledan-barrage-morbihan\\\/\",\"url\":\"https:\\\/\\\/www.verdieditions.com\\\/bretagne-photos\\\/produit\\\/rives-lac-guerledan-barrage-morbihan\\\/\",\"name\":\"Sur les rives du lac de Guerl\u00e9dan en 1960 - Bretagne Photos\",\"isPartOf\":{\"@id\":\"https:\\\/\\\/www.verdieditions.com\\\/bretagne-photos\\\/#website\"},\"primaryImageOfPage\":{\"@id\":\"https:\\\/\\\/www.verdieditions.com\\\/bretagne-photos\\\/produit\\\/rives-lac-guerledan-barrage-morbihan\\\/#primaryimage\"},\"image\":{\"@id\":\"https:\\\/\\\/www.verdieditions.com\\\/bretagne-photos\\\/produit\\\/rives-lac-guerledan-barrage-morbihan\\\/#primaryimage\"},\"thumbnailUrl\":\"https:\\\/\\\/www.verdieditions.com\\\/bretagne-photos\\\/wp-content\\\/uploads\\\/2024\\\/08\\\/00871-SV-GUEw.jpg?v=1723887275\",\"datePublished\":\"2024-08-18T06:00:47+00:00\",\"description\":\"Sur les rives du lac de Guerl\u00e9dan en 1960 Tr\u00e9gnanton (Saint-Gelven) (56) Cr\u00e9dits : Sylvie Verdi, Coll Priv\u00e9e Format : JPG Qlt\u00e9 : 300 dpi - 1412 px x 1430 px\",\"breadcrumb\":{\"@id\":\"https:\\\/\\\/www.verdieditions.com\\\/bretagne-photos\\\/produit\\\/rives-lac-guerledan-barrage-morbihan\\\/#breadcrumb\"},\"inLanguage\":\"fr-FR\",\"potentialAction\":[{\"@type\":\"ReadAction\",\"target\":[\"https:\\\/\\\/www.verdieditions.com\\\/bretagne-photos\\\/produit\\\/rives-lac-guerledan-barrage-morbihan\\\/\"]}]},{\"@type\":\"ImageObject\",\"inLanguage\":\"fr-FR\",\"@id\":\"https:\\\/\\\/www.verdieditions.com\\\/bretagne-photos\\\/produit\\\/rives-lac-guerledan-barrage-morbihan\\\/#primaryimage\",\"url\":\"https:\\\/\\\/www.verdieditions.com\\\/bretagne-photos\\\/wp-content\\\/uploads\\\/2024\\\/08\\\/00871-SV-GUEw.jpg?v=1723887275\",\"contentUrl\":\"https:\\\/\\\/www.verdieditions.com\\\/bretagne-photos\\\/wp-content\\\/uploads\\\/2024\\\/08\\\/00871-SV-GUEw.jpg?v=1723887275\",\"width\":800,\"height\":810,\"caption\":\"rives lac guerledan barrage morbihan 1960\"},{\"@type\":\"BreadcrumbList\",\"@id\":\"https:\\\/\\\/www.verdieditions.com\\\/bretagne-photos\\\/produit\\\/rives-lac-guerledan-barrage-morbihan\\\/#breadcrumb\",\"itemListElement\":[{\"@type\":\"ListItem\",\"position\":1,\"name\":\"Accueil\",\"item\":\"https:\\\/\\\/www.verdieditions.com\\\/bretagne-photos\\\/\"},{\"@type\":\"ListItem\",\"position\":2,\"name\":\"Boutique Photos\",\"item\":\"https:\\\/\\\/www.verdieditions.com\\\/bretagne-photos\\\/shop\\\/\"},{\"@type\":\"ListItem\",\"position\":3,\"name\":\"Sur les rives du lac de Guerl\u00e9dan en 1960\"}]},{\"@type\":\"WebSite\",\"@id\":\"https:\\\/\\\/www.verdieditions.com\\\/bretagne-photos\\\/#website\",\"url\":\"https:\\\/\\\/www.verdieditions.com\\\/bretagne-photos\\\/\",\"name\":\"Bretagne Photos\",\"description\":\"Boutique Photos Histoire et Patrimoine de la Bretagne hier et aujourd\u2019hui\",\"publisher\":{\"@id\":\"https:\\\/\\\/www.verdieditions.com\\\/bretagne-photos\\\/#\\\/schema\\\/person\\\/fc0081c9a1f479261147ba0b3d529c2c\"},\"potentialAction\":[{\"@type\":\"SearchAction\",\"target\":{\"@type\":\"EntryPoint\",\"urlTemplate\":\"https:\\\/\\\/www.verdieditions.com\\\/bretagne-photos\\\/?s={search_term_string}\"},\"query-input\":{\"@type\":\"PropertyValueSpecification\",\"valueRequired\":true,\"valueName\":\"search_term_string\"}}],\"inLanguage\":\"fr-FR\"},{\"@type\":[\"Person\",\"Organization\"],\"@id\":\"https:\\\/\\\/www.verdieditions.com\\\/bretagne-photos\\\/#\\\/schema\\\/person\\\/fc0081c9a1f479261147ba0b3d529c2c\",\"name\":\"Sylvie VERDI\",\"image\":{\"@type\":\"ImageObject\",\"inLanguage\":\"fr-FR\",\"@id\":\"https:\\\/\\\/www.verdieditions.com\\\/bretagne-photos\\\/wp-content\\\/uploads\\\/2023\\\/09\\\/logo-bretagne-photos-2.png\",\"url\":\"https:\\\/\\\/www.verdieditions.com\\\/bretagne-photos\\\/wp-content\\\/uploads\\\/2023\\\/09\\\/logo-bretagne-photos-2.png\",\"contentUrl\":\"https:\\\/\\\/www.verdieditions.com\\\/bretagne-photos\\\/wp-content\\\/uploads\\\/2023\\\/09\\\/logo-bretagne-photos-2.png\",\"width\":270,\"height\":63,\"caption\":\"Sylvie VERDI\"},\"logo\":{\"@id\":\"https:\\\/\\\/www.verdieditions.com\\\/bretagne-photos\\\/wp-content\\\/uploads\\\/2023\\\/09\\\/logo-bretagne-photos-2.png\"},\"sameAs\":[\"https:\\\/\\\/www.verdieditions.com\\\/bretagne-photos\"]}]}<\/script>\n<!-- \/ Yoast SEO plugin. -->","yoast_head_json":{"title":"Sur les rives du lac de Guerl\u00e9dan en 1960 - Bretagne Photos","description":"Sur les rives du lac de Guerl\u00e9dan en 1960 Tr\u00e9gnanton (Saint-Gelven) (56) Cr\u00e9dits : Sylvie Verdi, Coll Priv\u00e9e Format : JPG Qlt\u00e9 : 300 dpi - 1412 px x 1430 px","robots":{"index":"index","follow":"follow","max-snippet":"max-snippet:-1","max-image-preview":"max-image-preview:large","max-video-preview":"max-video-preview:-1"},"canonical":"https:\/\/www.verdieditions.com\/bretagne-photos\/produit\/rives-lac-guerledan-barrage-morbihan\/","og_locale":"fr_FR","og_type":"article","og_title":"Sur les rives du lac de Guerl\u00e9dan en 1960 - Bretagne Photos","og_description":"Sur les rives du lac de Guerl\u00e9dan en 1960 Tr\u00e9gnanton (Saint-Gelven) (56) Cr\u00e9dits : Sylvie Verdi, Coll Priv\u00e9e Format : JPG Qlt\u00e9 : 300 dpi - 1412 px x 1430 px","og_url":"https:\/\/www.verdieditions.com\/bretagne-photos\/produit\/rives-lac-guerledan-barrage-morbihan\/","og_site_name":"Bretagne Photos","og_image":[{"width":800,"height":810,"url":"https:\/\/www.verdieditions.com\/bretagne-photos\/wp-content\/uploads\/2024\/08\/00871-SV-GUEw.jpg?v=1723887275","type":"image\/jpeg"}],"twitter_card":"summary_large_image","twitter_misc":{"Dur\u00e9e de lecture estim\u00e9e":"1 minute"},"schema":{"@context":"https:\/\/schema.org","@graph":[{"@type":"WebPage","@id":"https:\/\/www.verdieditions.com\/bretagne-photos\/produit\/rives-lac-guerledan-barrage-morbihan\/","url":"https:\/\/www.verdieditions.com\/bretagne-photos\/produit\/rives-lac-guerledan-barrage-morbihan\/","name":"Sur les rives du lac de Guerl\u00e9dan en 1960 - Bretagne Photos","isPartOf":{"@id":"https:\/\/www.verdieditions.com\/bretagne-photos\/#website"},"primaryImageOfPage":{"@id":"https:\/\/www.verdieditions.com\/bretagne-photos\/produit\/rives-lac-guerledan-barrage-morbihan\/#primaryimage"},"image":{"@id":"https:\/\/www.verdieditions.com\/bretagne-photos\/produit\/rives-lac-guerledan-barrage-morbihan\/#primaryimage"},"thumbnailUrl":"https:\/\/www.verdieditions.com\/bretagne-photos\/wp-content\/uploads\/2024\/08\/00871-SV-GUEw.jpg?v=1723887275","datePublished":"2024-08-18T06:00:47+00:00","description":"Sur les rives du lac de Guerl\u00e9dan en 1960 Tr\u00e9gnanton (Saint-Gelven) (56) Cr\u00e9dits : Sylvie Verdi, Coll Priv\u00e9e Format : JPG Qlt\u00e9 : 300 dpi - 1412 px x 1430 px","breadcrumb":{"@id":"https:\/\/www.verdieditions.com\/bretagne-photos\/produit\/rives-lac-guerledan-barrage-morbihan\/#breadcrumb"},"inLanguage":"fr-FR","potentialAction":[{"@type":"ReadAction","target":["https:\/\/www.verdieditions.com\/bretagne-photos\/produit\/rives-lac-guerledan-barrage-morbihan\/"]}]},{"@type":"ImageObject","inLanguage":"fr-FR","@id":"https:\/\/www.verdieditions.com\/bretagne-photos\/produit\/rives-lac-guerledan-barrage-morbihan\/#primaryimage","url":"https:\/\/www.verdieditions.com\/bretagne-photos\/wp-content\/uploads\/2024\/08\/00871-SV-GUEw.jpg?v=1723887275","contentUrl":"https:\/\/www.verdieditions.com\/bretagne-photos\/wp-content\/uploads\/2024\/08\/00871-SV-GUEw.jpg?v=1723887275","width":800,"height":810,"caption":"rives lac guerledan barrage morbihan 1960"},{"@type":"BreadcrumbList","@id":"https:\/\/www.verdieditions.com\/bretagne-photos\/produit\/rives-lac-guerledan-barrage-morbihan\/#breadcrumb","itemListElement":[{"@type":"ListItem","position":1,"name":"Accueil","item":"https:\/\/www.verdieditions.com\/bretagne-photos\/"},{"@type":"ListItem","position":2,"name":"Boutique Photos","item":"https:\/\/www.verdieditions.com\/bretagne-photos\/shop\/"},{"@type":"ListItem","position":3,"name":"Sur les rives du lac de Guerl\u00e9dan en 1960"}]},{"@type":"WebSite","@id":"https:\/\/www.verdieditions.com\/bretagne-photos\/#website","url":"https:\/\/www.verdieditions.com\/bretagne-photos\/","name":"Bretagne Photos","description":"Boutique Photos Histoire et Patrimoine de la Bretagne hier et aujourd\u2019hui","publisher":{"@id":"https:\/\/www.verdieditions.com\/bretagne-photos\/#\/schema\/person\/fc0081c9a1f479261147ba0b3d529c2c"},"potentialAction":[{"@type":"SearchAction","target":{"@type":"EntryPoint","urlTemplate":"https:\/\/www.verdieditions.com\/bretagne-photos\/?s={search_term_string}"},"query-input":{"@type":"PropertyValueSpecification","valueRequired":true,"valueName":"search_term_string"}}],"inLanguage":"fr-FR"},{"@type":["Person","Organization"],"@id":"https:\/\/www.verdieditions.com\/bretagne-photos\/#\/schema\/person\/fc0081c9a1f479261147ba0b3d529c2c","name":"Sylvie VERDI","image":{"@type":"ImageObject","inLanguage":"fr-FR","@id":"https:\/\/www.verdieditions.com\/bretagne-photos\/wp-content\/uploads\/2023\/09\/logo-bretagne-photos-2.png","url":"https:\/\/www.verdieditions.com\/bretagne-photos\/wp-content\/uploads\/2023\/09\/logo-bretagne-photos-2.png","contentUrl":"https:\/\/www.verdieditions.com\/bretagne-photos\/wp-content\/uploads\/2023\/09\/logo-bretagne-photos-2.png","width":270,"height":63,"caption":"Sylvie VERDI"},"logo":{"@id":"https:\/\/www.verdieditions.com\/bretagne-photos\/wp-content\/uploads\/2023\/09\/logo-bretagne-photos-2.png"},"sameAs":["https:\/\/www.verdieditions.com\/bretagne-photos"]}]}},"_links":{"self":[{"href":"https:\/\/www.verdieditions.com\/bretagne-photos\/wp-json\/wp\/v2\/product\/3306","targetHints":{"allow":["GET"]}}],"collection":[{"href":"https:\/\/www.verdieditions.com\/bretagne-photos\/wp-json\/wp\/v2\/product"}],"about":[{"href":"https:\/\/www.verdieditions.com\/bretagne-photos\/wp-json\/wp\/v2\/types\/product"}],"wp:featuredmedia":[{"embeddable":true,"href":"https:\/\/www.verdieditions.com\/bretagne-photos\/wp-json\/wp\/v2\/media\/3307"}],"wp:attachment":[{"href":"https:\/\/www.verdieditions.com\/bretagne-photos\/wp-json\/wp\/v2\/media?parent=3306"}],"wp:term":[{"taxonomy":"product_brand","embeddable":true,"href":"https:\/\/www.verdieditions.com\/bretagne-photos\/wp-json\/wp\/v2\/product_brand?post=3306"},{"taxonomy":"product_cat","embeddable":true,"href":"https:\/\/www.verdieditions.com\/bretagne-photos\/wp-json\/wp\/v2\/product_cat?post=3306"},{"taxonomy":"product_tag","embeddable":true,"href":"https:\/\/www.verdieditions.com\/bretagne-photos\/wp-json\/wp\/v2\/product_tag?post=3306"}],"curies":[{"name":"wp","href":"https:\/\/api.w.org\/{rel}","templated":true}]}}