{"id":3285,"date":"2024-08-08T08:00:32","date_gmt":"2024-08-08T06:00:32","guid":{"rendered":"https:\/\/www.verdieditions.com\/bretagne-photos\/?post_type=product&#038;p=3285"},"modified":"2024-08-06T11:22:49","modified_gmt":"2024-08-06T09:22:49","slug":"vue-aerienne-ouest-village-houat-1968","status":"publish","type":"product","link":"https:\/\/www.verdieditions.com\/bretagne-photos\/produit\/vue-aerienne-ouest-village-houat-1968\/","title":{"rendered":"Vue a\u00e9rienne de l&rsquo;ouest du village de Houat en 1968"},"content":{"rendered":"<p>Vue a\u00e9rienne de l&rsquo;ouest du village de Houat en 1968<br \/>\nAnn\u00e9e : 1968<br \/>\nLieu : \u00cele de Houat (56)<br \/>\nCr\u00e9dits : Sylvie Verdi, Collection Priv\u00e9e<br \/>\nFormat : TIF<br \/>\nQualit\u00e9 : 800 dpi<br \/>\nTaille : 860 px x 522 px <\/p>\n<h3>Le Restaurant des \u00celes, \u00eele de Houat<\/h3>\n<p>(&#8230;) <em>Aussi firent-ils construire sur des terrains familiaux, un \u00e9tablissement plus grand avec une grande salle de restaurant. Des baies vitr\u00e9es de la salle on avait un superbe point de vue sur le port et sur le Mor Braz[a]. Il inaugura son restaurant \u00abLes \u00celes\u00bb le 10 juillet 1968.<\/em> (&#8230;)<br \/>\n<a href=\"https:\/\/www.verdieditions.com\/portfolio\/sylvie-verdi-histoires-houat\/\">Source<\/a><\/p>\n<h3>L\u2019h\u00f4tel de la Sir\u00e8ne<\/h3>\n<p>(&#8230;) <em>Mon fr\u00e8re Alexandre avait pris sa retraite apr\u00e8s quinze ans de service et exploitait, avec L\u00e9one Le Hyaric son \u00e9pouse, l\u2019h\u00f4tel de La Sir\u00e8ne. Il avait rachet\u00e9 le b\u00e2timent construit par Dalido pour sa boulangerie.<\/em> (&#8230;)<br \/>\n<a href=\"https:\/\/www.verdieditions.com\/portfolio\/sylvie-verdi-histoires-houat\/\">Source<\/a><\/p>\n","protected":false},"excerpt":{"rendered":"<p>Vue a\u00e9rienne de l&rsquo;ouest du village de Houat en 1968<br \/>\nAnn\u00e9e : 1968<br \/>\nLieu : \u00cele de Houat (56)<br \/>\nCr\u00e9dits : Sylvie Verdi, Collection Priv\u00e9e<br \/>\nFormat : TIF<br \/>\nQualit\u00e9 : 800 dpi<br \/>\nTaille : 860 px x 522 px <\/p>\n","protected":false},"featured_media":3286,"template":"","meta":{"_kadence_starter_templates_imported_post":true,"_kad_post_transparent":"default","_kad_post_title":"","_kad_post_layout":"default","_kad_post_sidebar_id":"","_kad_post_content_style":"default","_kad_post_vertical_padding":"default","_kad_post_feature":"","_kad_post_feature_position":"","_kad_post_header":false,"_kad_post_footer":false,"_kad_post_classname":""},"product_brand":[],"product_cat":[32],"product_tag":[76,35,85],"class_list":{"0":"post-3285","1":"product","2":"type-product","3":"status-publish","4":"has-post-thumbnail","6":"product_cat-paysages","7":"product_tag-annees-1960","8":"product_tag-houat","9":"product_tag-morbihan","11":"first","12":"instock","13":"downloadable","14":"virtual","15":"sold-individually","16":"purchasable","17":"product-type-simple","18":"entry","19":"content-bg","20":"loop-entry"},"yoast_head":"<!-- This site is optimized with the Yoast SEO plugin v27.4 - https:\/\/yoast.com\/product\/yoast-seo-wordpress\/ -->\n<title>Vue a\u00e9rienne de l&#039;ouest du village de Houat en 1968 - Bretagne Photos<\/title>\n<meta name=\"description\" content=\"Vue a\u00e9rienne de l&#039;ouest du village de Houat en 1968 (56) Cr\u00e9dits : Sylvie Verdi, Collection Priv\u00e9e Format : TIF Qualit\u00e9 : 800 dpi Taille : 860 px x 522 px\" \/>\n<meta name=\"robots\" content=\"index, follow, max-snippet:-1, max-image-preview:large, max-video-preview:-1\" \/>\n<link rel=\"canonical\" href=\"https:\/\/www.verdieditions.com\/bretagne-photos\/produit\/vue-aerienne-ouest-village-houat-1968\/\" \/>\n<meta property=\"og:locale\" content=\"fr_FR\" \/>\n<meta property=\"og:type\" content=\"article\" \/>\n<meta property=\"og:title\" content=\"Vue a\u00e9rienne de l&#039;ouest du village de Houat en 1968 - Bretagne Photos\" \/>\n<meta property=\"og:description\" content=\"Vue a\u00e9rienne de l&#039;ouest du village de Houat en 1968 (56) Cr\u00e9dits : Sylvie Verdi, Collection Priv\u00e9e Format : TIF Qualit\u00e9 : 800 dpi Taille : 860 px x 522 px\" \/>\n<meta property=\"og:url\" content=\"https:\/\/www.verdieditions.com\/bretagne-photos\/produit\/vue-aerienne-ouest-village-houat-1968\/\" \/>\n<meta property=\"og:site_name\" content=\"Bretagne Photos\" \/>\n<meta property=\"og:image\" content=\"https:\/\/www.verdieditions.com\/bretagne-photos\/wp-content\/uploads\/2024\/08\/00761-SV-HOUw.jpg?v=1722591146\" \/>\n\t<meta property=\"og:image:width\" content=\"800\" \/>\n\t<meta property=\"og:image:height\" content=\"486\" \/>\n\t<meta property=\"og:image:type\" content=\"image\/jpeg\" \/>\n<meta name=\"twitter:card\" content=\"summary_large_image\" \/>\n<meta name=\"twitter:label1\" content=\"Dur\u00e9e de lecture estim\u00e9e\" \/>\n\t<meta name=\"twitter:data1\" content=\"1 minute\" \/>\n<script type=\"application\/ld+json\" class=\"yoast-schema-graph\">{\"@context\":\"https:\\\/\\\/schema.org\",\"@graph\":[{\"@type\":\"WebPage\",\"@id\":\"https:\\\/\\\/www.verdieditions.com\\\/bretagne-photos\\\/produit\\\/vue-aerienne-ouest-village-houat-1968\\\/\",\"url\":\"https:\\\/\\\/www.verdieditions.com\\\/bretagne-photos\\\/produit\\\/vue-aerienne-ouest-village-houat-1968\\\/\",\"name\":\"Vue a\u00e9rienne de l'ouest du village de Houat en 1968 - Bretagne Photos\",\"isPartOf\":{\"@id\":\"https:\\\/\\\/www.verdieditions.com\\\/bretagne-photos\\\/#website\"},\"primaryImageOfPage\":{\"@id\":\"https:\\\/\\\/www.verdieditions.com\\\/bretagne-photos\\\/produit\\\/vue-aerienne-ouest-village-houat-1968\\\/#primaryimage\"},\"image\":{\"@id\":\"https:\\\/\\\/www.verdieditions.com\\\/bretagne-photos\\\/produit\\\/vue-aerienne-ouest-village-houat-1968\\\/#primaryimage\"},\"thumbnailUrl\":\"https:\\\/\\\/www.verdieditions.com\\\/bretagne-photos\\\/wp-content\\\/uploads\\\/2024\\\/08\\\/00761-SV-HOUw.jpg?v=1722591146\",\"datePublished\":\"2024-08-08T06:00:32+00:00\",\"description\":\"Vue a\u00e9rienne de l'ouest du village de Houat en 1968 (56) Cr\u00e9dits : Sylvie Verdi, Collection Priv\u00e9e Format : TIF Qualit\u00e9 : 800 dpi Taille : 860 px x 522 px\",\"breadcrumb\":{\"@id\":\"https:\\\/\\\/www.verdieditions.com\\\/bretagne-photos\\\/produit\\\/vue-aerienne-ouest-village-houat-1968\\\/#breadcrumb\"},\"inLanguage\":\"fr-FR\",\"potentialAction\":[{\"@type\":\"ReadAction\",\"target\":[\"https:\\\/\\\/www.verdieditions.com\\\/bretagne-photos\\\/produit\\\/vue-aerienne-ouest-village-houat-1968\\\/\"]}]},{\"@type\":\"ImageObject\",\"inLanguage\":\"fr-FR\",\"@id\":\"https:\\\/\\\/www.verdieditions.com\\\/bretagne-photos\\\/produit\\\/vue-aerienne-ouest-village-houat-1968\\\/#primaryimage\",\"url\":\"https:\\\/\\\/www.verdieditions.com\\\/bretagne-photos\\\/wp-content\\\/uploads\\\/2024\\\/08\\\/00761-SV-HOUw.jpg?v=1722591146\",\"contentUrl\":\"https:\\\/\\\/www.verdieditions.com\\\/bretagne-photos\\\/wp-content\\\/uploads\\\/2024\\\/08\\\/00761-SV-HOUw.jpg?v=1722591146\",\"width\":800,\"height\":486},{\"@type\":\"BreadcrumbList\",\"@id\":\"https:\\\/\\\/www.verdieditions.com\\\/bretagne-photos\\\/produit\\\/vue-aerienne-ouest-village-houat-1968\\\/#breadcrumb\",\"itemListElement\":[{\"@type\":\"ListItem\",\"position\":1,\"name\":\"Accueil\",\"item\":\"https:\\\/\\\/www.verdieditions.com\\\/bretagne-photos\\\/\"},{\"@type\":\"ListItem\",\"position\":2,\"name\":\"Boutique Photos\",\"item\":\"https:\\\/\\\/www.verdieditions.com\\\/bretagne-photos\\\/shop\\\/\"},{\"@type\":\"ListItem\",\"position\":3,\"name\":\"Vue a\u00e9rienne de l&#8217;ouest du village de Houat en 1968\"}]},{\"@type\":\"WebSite\",\"@id\":\"https:\\\/\\\/www.verdieditions.com\\\/bretagne-photos\\\/#website\",\"url\":\"https:\\\/\\\/www.verdieditions.com\\\/bretagne-photos\\\/\",\"name\":\"Bretagne Photos\",\"description\":\"Boutique Photos Histoire et Patrimoine de la Bretagne hier et aujourd\u2019hui\",\"publisher\":{\"@id\":\"https:\\\/\\\/www.verdieditions.com\\\/bretagne-photos\\\/#\\\/schema\\\/person\\\/fc0081c9a1f479261147ba0b3d529c2c\"},\"potentialAction\":[{\"@type\":\"SearchAction\",\"target\":{\"@type\":\"EntryPoint\",\"urlTemplate\":\"https:\\\/\\\/www.verdieditions.com\\\/bretagne-photos\\\/?s={search_term_string}\"},\"query-input\":{\"@type\":\"PropertyValueSpecification\",\"valueRequired\":true,\"valueName\":\"search_term_string\"}}],\"inLanguage\":\"fr-FR\"},{\"@type\":[\"Person\",\"Organization\"],\"@id\":\"https:\\\/\\\/www.verdieditions.com\\\/bretagne-photos\\\/#\\\/schema\\\/person\\\/fc0081c9a1f479261147ba0b3d529c2c\",\"name\":\"Sylvie VERDI\",\"image\":{\"@type\":\"ImageObject\",\"inLanguage\":\"fr-FR\",\"@id\":\"https:\\\/\\\/www.verdieditions.com\\\/bretagne-photos\\\/wp-content\\\/uploads\\\/2023\\\/09\\\/logo-bretagne-photos-2.png\",\"url\":\"https:\\\/\\\/www.verdieditions.com\\\/bretagne-photos\\\/wp-content\\\/uploads\\\/2023\\\/09\\\/logo-bretagne-photos-2.png\",\"contentUrl\":\"https:\\\/\\\/www.verdieditions.com\\\/bretagne-photos\\\/wp-content\\\/uploads\\\/2023\\\/09\\\/logo-bretagne-photos-2.png\",\"width\":270,\"height\":63,\"caption\":\"Sylvie VERDI\"},\"logo\":{\"@id\":\"https:\\\/\\\/www.verdieditions.com\\\/bretagne-photos\\\/wp-content\\\/uploads\\\/2023\\\/09\\\/logo-bretagne-photos-2.png\"},\"sameAs\":[\"https:\\\/\\\/www.verdieditions.com\\\/bretagne-photos\"]}]}<\/script>\n<!-- \/ Yoast SEO plugin. -->","yoast_head_json":{"title":"Vue a\u00e9rienne de l'ouest du village de Houat en 1968 - Bretagne Photos","description":"Vue a\u00e9rienne de l'ouest du village de Houat en 1968 (56) Cr\u00e9dits : Sylvie Verdi, Collection Priv\u00e9e Format : TIF Qualit\u00e9 : 800 dpi Taille : 860 px x 522 px","robots":{"index":"index","follow":"follow","max-snippet":"max-snippet:-1","max-image-preview":"max-image-preview:large","max-video-preview":"max-video-preview:-1"},"canonical":"https:\/\/www.verdieditions.com\/bretagne-photos\/produit\/vue-aerienne-ouest-village-houat-1968\/","og_locale":"fr_FR","og_type":"article","og_title":"Vue a\u00e9rienne de l'ouest du village de Houat en 1968 - Bretagne Photos","og_description":"Vue a\u00e9rienne de l'ouest du village de Houat en 1968 (56) Cr\u00e9dits : Sylvie Verdi, Collection Priv\u00e9e Format : TIF Qualit\u00e9 : 800 dpi Taille : 860 px x 522 px","og_url":"https:\/\/www.verdieditions.com\/bretagne-photos\/produit\/vue-aerienne-ouest-village-houat-1968\/","og_site_name":"Bretagne Photos","og_image":[{"width":800,"height":486,"url":"https:\/\/www.verdieditions.com\/bretagne-photos\/wp-content\/uploads\/2024\/08\/00761-SV-HOUw.jpg?v=1722591146","type":"image\/jpeg"}],"twitter_card":"summary_large_image","twitter_misc":{"Dur\u00e9e de lecture estim\u00e9e":"1 minute"},"schema":{"@context":"https:\/\/schema.org","@graph":[{"@type":"WebPage","@id":"https:\/\/www.verdieditions.com\/bretagne-photos\/produit\/vue-aerienne-ouest-village-houat-1968\/","url":"https:\/\/www.verdieditions.com\/bretagne-photos\/produit\/vue-aerienne-ouest-village-houat-1968\/","name":"Vue a\u00e9rienne de l'ouest du village de Houat en 1968 - Bretagne Photos","isPartOf":{"@id":"https:\/\/www.verdieditions.com\/bretagne-photos\/#website"},"primaryImageOfPage":{"@id":"https:\/\/www.verdieditions.com\/bretagne-photos\/produit\/vue-aerienne-ouest-village-houat-1968\/#primaryimage"},"image":{"@id":"https:\/\/www.verdieditions.com\/bretagne-photos\/produit\/vue-aerienne-ouest-village-houat-1968\/#primaryimage"},"thumbnailUrl":"https:\/\/www.verdieditions.com\/bretagne-photos\/wp-content\/uploads\/2024\/08\/00761-SV-HOUw.jpg?v=1722591146","datePublished":"2024-08-08T06:00:32+00:00","description":"Vue a\u00e9rienne de l'ouest du village de Houat en 1968 (56) Cr\u00e9dits : Sylvie Verdi, Collection Priv\u00e9e Format : TIF Qualit\u00e9 : 800 dpi Taille : 860 px x 522 px","breadcrumb":{"@id":"https:\/\/www.verdieditions.com\/bretagne-photos\/produit\/vue-aerienne-ouest-village-houat-1968\/#breadcrumb"},"inLanguage":"fr-FR","potentialAction":[{"@type":"ReadAction","target":["https:\/\/www.verdieditions.com\/bretagne-photos\/produit\/vue-aerienne-ouest-village-houat-1968\/"]}]},{"@type":"ImageObject","inLanguage":"fr-FR","@id":"https:\/\/www.verdieditions.com\/bretagne-photos\/produit\/vue-aerienne-ouest-village-houat-1968\/#primaryimage","url":"https:\/\/www.verdieditions.com\/bretagne-photos\/wp-content\/uploads\/2024\/08\/00761-SV-HOUw.jpg?v=1722591146","contentUrl":"https:\/\/www.verdieditions.com\/bretagne-photos\/wp-content\/uploads\/2024\/08\/00761-SV-HOUw.jpg?v=1722591146","width":800,"height":486},{"@type":"BreadcrumbList","@id":"https:\/\/www.verdieditions.com\/bretagne-photos\/produit\/vue-aerienne-ouest-village-houat-1968\/#breadcrumb","itemListElement":[{"@type":"ListItem","position":1,"name":"Accueil","item":"https:\/\/www.verdieditions.com\/bretagne-photos\/"},{"@type":"ListItem","position":2,"name":"Boutique Photos","item":"https:\/\/www.verdieditions.com\/bretagne-photos\/shop\/"},{"@type":"ListItem","position":3,"name":"Vue a\u00e9rienne de l&#8217;ouest du village de Houat en 1968"}]},{"@type":"WebSite","@id":"https:\/\/www.verdieditions.com\/bretagne-photos\/#website","url":"https:\/\/www.verdieditions.com\/bretagne-photos\/","name":"Bretagne Photos","description":"Boutique Photos Histoire et Patrimoine de la Bretagne hier et aujourd\u2019hui","publisher":{"@id":"https:\/\/www.verdieditions.com\/bretagne-photos\/#\/schema\/person\/fc0081c9a1f479261147ba0b3d529c2c"},"potentialAction":[{"@type":"SearchAction","target":{"@type":"EntryPoint","urlTemplate":"https:\/\/www.verdieditions.com\/bretagne-photos\/?s={search_term_string}"},"query-input":{"@type":"PropertyValueSpecification","valueRequired":true,"valueName":"search_term_string"}}],"inLanguage":"fr-FR"},{"@type":["Person","Organization"],"@id":"https:\/\/www.verdieditions.com\/bretagne-photos\/#\/schema\/person\/fc0081c9a1f479261147ba0b3d529c2c","name":"Sylvie VERDI","image":{"@type":"ImageObject","inLanguage":"fr-FR","@id":"https:\/\/www.verdieditions.com\/bretagne-photos\/wp-content\/uploads\/2023\/09\/logo-bretagne-photos-2.png","url":"https:\/\/www.verdieditions.com\/bretagne-photos\/wp-content\/uploads\/2023\/09\/logo-bretagne-photos-2.png","contentUrl":"https:\/\/www.verdieditions.com\/bretagne-photos\/wp-content\/uploads\/2023\/09\/logo-bretagne-photos-2.png","width":270,"height":63,"caption":"Sylvie VERDI"},"logo":{"@id":"https:\/\/www.verdieditions.com\/bretagne-photos\/wp-content\/uploads\/2023\/09\/logo-bretagne-photos-2.png"},"sameAs":["https:\/\/www.verdieditions.com\/bretagne-photos"]}]}},"_links":{"self":[{"href":"https:\/\/www.verdieditions.com\/bretagne-photos\/wp-json\/wp\/v2\/product\/3285","targetHints":{"allow":["GET"]}}],"collection":[{"href":"https:\/\/www.verdieditions.com\/bretagne-photos\/wp-json\/wp\/v2\/product"}],"about":[{"href":"https:\/\/www.verdieditions.com\/bretagne-photos\/wp-json\/wp\/v2\/types\/product"}],"wp:featuredmedia":[{"embeddable":true,"href":"https:\/\/www.verdieditions.com\/bretagne-photos\/wp-json\/wp\/v2\/media\/3286"}],"wp:attachment":[{"href":"https:\/\/www.verdieditions.com\/bretagne-photos\/wp-json\/wp\/v2\/media?parent=3285"}],"wp:term":[{"taxonomy":"product_brand","embeddable":true,"href":"https:\/\/www.verdieditions.com\/bretagne-photos\/wp-json\/wp\/v2\/product_brand?post=3285"},{"taxonomy":"product_cat","embeddable":true,"href":"https:\/\/www.verdieditions.com\/bretagne-photos\/wp-json\/wp\/v2\/product_cat?post=3285"},{"taxonomy":"product_tag","embeddable":true,"href":"https:\/\/www.verdieditions.com\/bretagne-photos\/wp-json\/wp\/v2\/product_tag?post=3285"}],"curies":[{"name":"wp","href":"https:\/\/api.w.org\/{rel}","templated":true}]}}