{"id":3282,"date":"2024-08-04T08:00:23","date_gmt":"2024-08-04T06:00:23","guid":{"rendered":"https:\/\/www.verdieditions.com\/bretagne-photos\/?post_type=product&#038;p=3282"},"modified":"2024-08-03T11:20:26","modified_gmt":"2024-08-03T09:20:26","slug":"procession-15-aout-assomption-houat","status":"publish","type":"product","link":"https:\/\/www.verdieditions.com\/bretagne-photos\/produit\/procession-15-aout-assomption-houat\/","title":{"rendered":"La procession du 15 ao\u00fbt : f\u00eate de l&rsquo;Assomption"},"content":{"rendered":"<p>La procession du 15 ao\u00fbt : f\u00eate de l&rsquo;Assomption<br \/>\nAnn\u00e9e : Ann\u00e9es 60<br \/>\nLieu : \u00cele de Houat (56)<br \/>\nCr\u00e9dits : Sylvie Verdi, Collection Priv\u00e9e<br \/>\nFormat : JPG<br \/>\nQualit\u00e9 : 300 dpi<br \/>\nTaille : 2112 px x 1408 px <\/p>\n<h3> La f\u00eate de l&rsquo;Assomption <\/h3>\n<p>En 1637, le roi Louis XIII d\u00e9sesp\u00e9rait de ne pas avoir d&rsquo;enfant, ce qui posait, de plus, un grave probl\u00e8me politique. Il d\u00e9cida donc de consacrer son royaume \u00e0 la Vierge Marie et qu&rsquo;il se ferait dans chaque paroisse de son Royaume une procession le 15 ao\u00fbt pour demander la gr\u00e2ce d&rsquo;avoir un h\u00e9ritier. En 1638 naissait Louis Dieudonn\u00e9, que nous connaissons mieux sous le nom de Louis XIV. La procession du 15 ao\u00fbt a donc son origine dans ce v\u0153u de Louis XIII. <\/p>\n<p>L\u2019Assomption est une des grandes f\u00eates de la vie chr\u00e9tienne. C\u00e9l\u00e9br\u00e9e le 15 ao\u00fbt, elle exprime la croyance des catholiques dans le fait que la Vierge Marie, \u00e0 sa mort, ait \u00e9t\u00e9 \u00e9lev\u00e9e directement au Ciel, corps et \u00e2me. On f\u00eate donc ce jour-l\u00e0, \u00e0 la fois  la mort de la m\u00e8re du Christ, sa r\u00e9surrection, son entr\u00e9e au paradis et son couronnement en tant que Reine de l\u2019univers.<\/p>\n","protected":false},"excerpt":{"rendered":"<p>La procession du 15 ao\u00fbt : f\u00eate de l&rsquo;Assomption<br \/>\nAnn\u00e9e : Ann\u00e9es 60<br \/>\nLieu : \u00cele de Houat (56)<br \/>\nCr\u00e9dits : Sylvie Verdi, Collection Priv\u00e9e<br \/>\nFormat : JPG<br \/>\nQualit\u00e9 : 300 dpi<br \/>\nTaille : 2112 px x 1408 px <\/p>\n","protected":false},"featured_media":3284,"template":"","meta":{"_kadence_starter_templates_imported_post":true,"_kad_post_transparent":"default","_kad_post_title":"","_kad_post_layout":"default","_kad_post_sidebar_id":"","_kad_post_content_style":"default","_kad_post_vertical_padding":"default","_kad_post_feature":"","_kad_post_feature_position":"","_kad_post_header":false,"_kad_post_footer":false,"_kad_post_classname":""},"product_brand":[],"product_cat":[34],"product_tag":[76,95,35,85,46],"class_list":{"0":"post-3282","1":"product","2":"type-product","3":"status-publish","4":"has-post-thumbnail","6":"product_cat-evenements","7":"product_tag-annees-1960","8":"product_tag-coiffe","9":"product_tag-houat","10":"product_tag-morbihan","11":"product_tag-religion","13":"first","14":"instock","15":"downloadable","16":"virtual","17":"sold-individually","18":"purchasable","19":"product-type-simple","20":"entry","21":"content-bg","22":"loop-entry"},"yoast_head":"<!-- This site is optimized with the Yoast SEO plugin v27.4 - https:\/\/yoast.com\/product\/yoast-seo-wordpress\/ -->\n<title>La procession du 15 ao\u00fbt : f\u00eate de l&#039;Assomption - Bretagne Photos<\/title>\n<meta name=\"description\" content=\"Procession du 15 ao\u00fbt : f\u00eate de l&#039;Assomption Ann\u00e9es 60 \u00cele de Houat (56) Cr\u00e9dits : Sylvie Verdi, Coll Priv\u00e9e JPG Qlt\u00e9 : 300 dpi Taille : 2112 px x 1408 px\" \/>\n<meta name=\"robots\" content=\"index, follow, max-snippet:-1, max-image-preview:large, max-video-preview:-1\" \/>\n<link rel=\"canonical\" href=\"https:\/\/www.verdieditions.com\/bretagne-photos\/produit\/procession-15-aout-assomption-houat\/\" \/>\n<meta property=\"og:locale\" content=\"fr_FR\" \/>\n<meta property=\"og:type\" content=\"article\" \/>\n<meta property=\"og:title\" content=\"La procession du 15 ao\u00fbt : f\u00eate de l&#039;Assomption - Bretagne Photos\" \/>\n<meta property=\"og:description\" content=\"Procession du 15 ao\u00fbt : f\u00eate de l&#039;Assomption Ann\u00e9es 60 \u00cele de Houat (56) Cr\u00e9dits : Sylvie Verdi, Coll Priv\u00e9e JPG Qlt\u00e9 : 300 dpi Taille : 2112 px x 1408 px\" \/>\n<meta property=\"og:url\" content=\"https:\/\/www.verdieditions.com\/bretagne-photos\/produit\/procession-15-aout-assomption-houat\/\" \/>\n<meta property=\"og:site_name\" content=\"Bretagne Photos\" \/>\n<meta property=\"og:image\" content=\"https:\/\/www.verdieditions.com\/bretagne-photos\/wp-content\/uploads\/2024\/08\/00589-SV-HOUw.jpg?v=1722588173\" \/>\n\t<meta property=\"og:image:width\" content=\"800\" \/>\n\t<meta property=\"og:image:height\" content=\"533\" \/>\n\t<meta property=\"og:image:type\" content=\"image\/jpeg\" \/>\n<meta name=\"twitter:card\" content=\"summary_large_image\" \/>\n<meta name=\"twitter:label1\" content=\"Dur\u00e9e de lecture estim\u00e9e\" \/>\n\t<meta name=\"twitter:data1\" content=\"2 minutes\" \/>\n<script type=\"application\/ld+json\" class=\"yoast-schema-graph\">{\"@context\":\"https:\\\/\\\/schema.org\",\"@graph\":[{\"@type\":\"WebPage\",\"@id\":\"https:\\\/\\\/www.verdieditions.com\\\/bretagne-photos\\\/produit\\\/procession-15-aout-assomption-houat\\\/\",\"url\":\"https:\\\/\\\/www.verdieditions.com\\\/bretagne-photos\\\/produit\\\/procession-15-aout-assomption-houat\\\/\",\"name\":\"La procession du 15 ao\u00fbt : f\u00eate de l'Assomption - Bretagne Photos\",\"isPartOf\":{\"@id\":\"https:\\\/\\\/www.verdieditions.com\\\/bretagne-photos\\\/#website\"},\"primaryImageOfPage\":{\"@id\":\"https:\\\/\\\/www.verdieditions.com\\\/bretagne-photos\\\/produit\\\/procession-15-aout-assomption-houat\\\/#primaryimage\"},\"image\":{\"@id\":\"https:\\\/\\\/www.verdieditions.com\\\/bretagne-photos\\\/produit\\\/procession-15-aout-assomption-houat\\\/#primaryimage\"},\"thumbnailUrl\":\"https:\\\/\\\/www.verdieditions.com\\\/bretagne-photos\\\/wp-content\\\/uploads\\\/2024\\\/08\\\/00589-SV-HOUw.jpg?v=1722588173\",\"datePublished\":\"2024-08-04T06:00:23+00:00\",\"description\":\"Procession du 15 ao\u00fbt : f\u00eate de l'Assomption Ann\u00e9es 60 \u00cele de Houat (56) Cr\u00e9dits : Sylvie Verdi, Coll Priv\u00e9e JPG Qlt\u00e9 : 300 dpi Taille : 2112 px x 1408 px\",\"breadcrumb\":{\"@id\":\"https:\\\/\\\/www.verdieditions.com\\\/bretagne-photos\\\/produit\\\/procession-15-aout-assomption-houat\\\/#breadcrumb\"},\"inLanguage\":\"fr-FR\",\"potentialAction\":[{\"@type\":\"ReadAction\",\"target\":[\"https:\\\/\\\/www.verdieditions.com\\\/bretagne-photos\\\/produit\\\/procession-15-aout-assomption-houat\\\/\"]}]},{\"@type\":\"ImageObject\",\"inLanguage\":\"fr-FR\",\"@id\":\"https:\\\/\\\/www.verdieditions.com\\\/bretagne-photos\\\/produit\\\/procession-15-aout-assomption-houat\\\/#primaryimage\",\"url\":\"https:\\\/\\\/www.verdieditions.com\\\/bretagne-photos\\\/wp-content\\\/uploads\\\/2024\\\/08\\\/00589-SV-HOUw.jpg?v=1722588173\",\"contentUrl\":\"https:\\\/\\\/www.verdieditions.com\\\/bretagne-photos\\\/wp-content\\\/uploads\\\/2024\\\/08\\\/00589-SV-HOUw.jpg?v=1722588173\",\"width\":800,\"height\":533,\"caption\":\"Procession 15 aout fete Assomption\"},{\"@type\":\"BreadcrumbList\",\"@id\":\"https:\\\/\\\/www.verdieditions.com\\\/bretagne-photos\\\/produit\\\/procession-15-aout-assomption-houat\\\/#breadcrumb\",\"itemListElement\":[{\"@type\":\"ListItem\",\"position\":1,\"name\":\"Accueil\",\"item\":\"https:\\\/\\\/www.verdieditions.com\\\/bretagne-photos\\\/\"},{\"@type\":\"ListItem\",\"position\":2,\"name\":\"Boutique Photos\",\"item\":\"https:\\\/\\\/www.verdieditions.com\\\/bretagne-photos\\\/shop\\\/\"},{\"@type\":\"ListItem\",\"position\":3,\"name\":\"La procession du 15 ao\u00fbt : f\u00eate de l&#8217;Assomption\"}]},{\"@type\":\"WebSite\",\"@id\":\"https:\\\/\\\/www.verdieditions.com\\\/bretagne-photos\\\/#website\",\"url\":\"https:\\\/\\\/www.verdieditions.com\\\/bretagne-photos\\\/\",\"name\":\"Bretagne Photos\",\"description\":\"Boutique Photos Histoire et Patrimoine de la Bretagne hier et aujourd\u2019hui\",\"publisher\":{\"@id\":\"https:\\\/\\\/www.verdieditions.com\\\/bretagne-photos\\\/#\\\/schema\\\/person\\\/fc0081c9a1f479261147ba0b3d529c2c\"},\"potentialAction\":[{\"@type\":\"SearchAction\",\"target\":{\"@type\":\"EntryPoint\",\"urlTemplate\":\"https:\\\/\\\/www.verdieditions.com\\\/bretagne-photos\\\/?s={search_term_string}\"},\"query-input\":{\"@type\":\"PropertyValueSpecification\",\"valueRequired\":true,\"valueName\":\"search_term_string\"}}],\"inLanguage\":\"fr-FR\"},{\"@type\":[\"Person\",\"Organization\"],\"@id\":\"https:\\\/\\\/www.verdieditions.com\\\/bretagne-photos\\\/#\\\/schema\\\/person\\\/fc0081c9a1f479261147ba0b3d529c2c\",\"name\":\"Sylvie VERDI\",\"image\":{\"@type\":\"ImageObject\",\"inLanguage\":\"fr-FR\",\"@id\":\"https:\\\/\\\/www.verdieditions.com\\\/bretagne-photos\\\/wp-content\\\/uploads\\\/2023\\\/09\\\/logo-bretagne-photos-2.png\",\"url\":\"https:\\\/\\\/www.verdieditions.com\\\/bretagne-photos\\\/wp-content\\\/uploads\\\/2023\\\/09\\\/logo-bretagne-photos-2.png\",\"contentUrl\":\"https:\\\/\\\/www.verdieditions.com\\\/bretagne-photos\\\/wp-content\\\/uploads\\\/2023\\\/09\\\/logo-bretagne-photos-2.png\",\"width\":270,\"height\":63,\"caption\":\"Sylvie VERDI\"},\"logo\":{\"@id\":\"https:\\\/\\\/www.verdieditions.com\\\/bretagne-photos\\\/wp-content\\\/uploads\\\/2023\\\/09\\\/logo-bretagne-photos-2.png\"},\"sameAs\":[\"https:\\\/\\\/www.verdieditions.com\\\/bretagne-photos\"]}]}<\/script>\n<!-- \/ Yoast SEO plugin. -->","yoast_head_json":{"title":"La procession du 15 ao\u00fbt : f\u00eate de l'Assomption - Bretagne Photos","description":"Procession du 15 ao\u00fbt : f\u00eate de l'Assomption Ann\u00e9es 60 \u00cele de Houat (56) Cr\u00e9dits : Sylvie Verdi, Coll Priv\u00e9e JPG Qlt\u00e9 : 300 dpi Taille : 2112 px x 1408 px","robots":{"index":"index","follow":"follow","max-snippet":"max-snippet:-1","max-image-preview":"max-image-preview:large","max-video-preview":"max-video-preview:-1"},"canonical":"https:\/\/www.verdieditions.com\/bretagne-photos\/produit\/procession-15-aout-assomption-houat\/","og_locale":"fr_FR","og_type":"article","og_title":"La procession du 15 ao\u00fbt : f\u00eate de l'Assomption - Bretagne Photos","og_description":"Procession du 15 ao\u00fbt : f\u00eate de l'Assomption Ann\u00e9es 60 \u00cele de Houat (56) Cr\u00e9dits : Sylvie Verdi, Coll Priv\u00e9e JPG Qlt\u00e9 : 300 dpi Taille : 2112 px x 1408 px","og_url":"https:\/\/www.verdieditions.com\/bretagne-photos\/produit\/procession-15-aout-assomption-houat\/","og_site_name":"Bretagne Photos","og_image":[{"width":800,"height":533,"url":"https:\/\/www.verdieditions.com\/bretagne-photos\/wp-content\/uploads\/2024\/08\/00589-SV-HOUw.jpg?v=1722588173","type":"image\/jpeg"}],"twitter_card":"summary_large_image","twitter_misc":{"Dur\u00e9e de lecture estim\u00e9e":"2 minutes"},"schema":{"@context":"https:\/\/schema.org","@graph":[{"@type":"WebPage","@id":"https:\/\/www.verdieditions.com\/bretagne-photos\/produit\/procession-15-aout-assomption-houat\/","url":"https:\/\/www.verdieditions.com\/bretagne-photos\/produit\/procession-15-aout-assomption-houat\/","name":"La procession du 15 ao\u00fbt : f\u00eate de l'Assomption - Bretagne Photos","isPartOf":{"@id":"https:\/\/www.verdieditions.com\/bretagne-photos\/#website"},"primaryImageOfPage":{"@id":"https:\/\/www.verdieditions.com\/bretagne-photos\/produit\/procession-15-aout-assomption-houat\/#primaryimage"},"image":{"@id":"https:\/\/www.verdieditions.com\/bretagne-photos\/produit\/procession-15-aout-assomption-houat\/#primaryimage"},"thumbnailUrl":"https:\/\/www.verdieditions.com\/bretagne-photos\/wp-content\/uploads\/2024\/08\/00589-SV-HOUw.jpg?v=1722588173","datePublished":"2024-08-04T06:00:23+00:00","description":"Procession du 15 ao\u00fbt : f\u00eate de l'Assomption Ann\u00e9es 60 \u00cele de Houat (56) Cr\u00e9dits : Sylvie Verdi, Coll Priv\u00e9e JPG Qlt\u00e9 : 300 dpi Taille : 2112 px x 1408 px","breadcrumb":{"@id":"https:\/\/www.verdieditions.com\/bretagne-photos\/produit\/procession-15-aout-assomption-houat\/#breadcrumb"},"inLanguage":"fr-FR","potentialAction":[{"@type":"ReadAction","target":["https:\/\/www.verdieditions.com\/bretagne-photos\/produit\/procession-15-aout-assomption-houat\/"]}]},{"@type":"ImageObject","inLanguage":"fr-FR","@id":"https:\/\/www.verdieditions.com\/bretagne-photos\/produit\/procession-15-aout-assomption-houat\/#primaryimage","url":"https:\/\/www.verdieditions.com\/bretagne-photos\/wp-content\/uploads\/2024\/08\/00589-SV-HOUw.jpg?v=1722588173","contentUrl":"https:\/\/www.verdieditions.com\/bretagne-photos\/wp-content\/uploads\/2024\/08\/00589-SV-HOUw.jpg?v=1722588173","width":800,"height":533,"caption":"Procession 15 aout fete Assomption"},{"@type":"BreadcrumbList","@id":"https:\/\/www.verdieditions.com\/bretagne-photos\/produit\/procession-15-aout-assomption-houat\/#breadcrumb","itemListElement":[{"@type":"ListItem","position":1,"name":"Accueil","item":"https:\/\/www.verdieditions.com\/bretagne-photos\/"},{"@type":"ListItem","position":2,"name":"Boutique Photos","item":"https:\/\/www.verdieditions.com\/bretagne-photos\/shop\/"},{"@type":"ListItem","position":3,"name":"La procession du 15 ao\u00fbt : f\u00eate de l&#8217;Assomption"}]},{"@type":"WebSite","@id":"https:\/\/www.verdieditions.com\/bretagne-photos\/#website","url":"https:\/\/www.verdieditions.com\/bretagne-photos\/","name":"Bretagne Photos","description":"Boutique Photos Histoire et Patrimoine de la Bretagne hier et aujourd\u2019hui","publisher":{"@id":"https:\/\/www.verdieditions.com\/bretagne-photos\/#\/schema\/person\/fc0081c9a1f479261147ba0b3d529c2c"},"potentialAction":[{"@type":"SearchAction","target":{"@type":"EntryPoint","urlTemplate":"https:\/\/www.verdieditions.com\/bretagne-photos\/?s={search_term_string}"},"query-input":{"@type":"PropertyValueSpecification","valueRequired":true,"valueName":"search_term_string"}}],"inLanguage":"fr-FR"},{"@type":["Person","Organization"],"@id":"https:\/\/www.verdieditions.com\/bretagne-photos\/#\/schema\/person\/fc0081c9a1f479261147ba0b3d529c2c","name":"Sylvie VERDI","image":{"@type":"ImageObject","inLanguage":"fr-FR","@id":"https:\/\/www.verdieditions.com\/bretagne-photos\/wp-content\/uploads\/2023\/09\/logo-bretagne-photos-2.png","url":"https:\/\/www.verdieditions.com\/bretagne-photos\/wp-content\/uploads\/2023\/09\/logo-bretagne-photos-2.png","contentUrl":"https:\/\/www.verdieditions.com\/bretagne-photos\/wp-content\/uploads\/2023\/09\/logo-bretagne-photos-2.png","width":270,"height":63,"caption":"Sylvie VERDI"},"logo":{"@id":"https:\/\/www.verdieditions.com\/bretagne-photos\/wp-content\/uploads\/2023\/09\/logo-bretagne-photos-2.png"},"sameAs":["https:\/\/www.verdieditions.com\/bretagne-photos"]}]}},"_links":{"self":[{"href":"https:\/\/www.verdieditions.com\/bretagne-photos\/wp-json\/wp\/v2\/product\/3282","targetHints":{"allow":["GET"]}}],"collection":[{"href":"https:\/\/www.verdieditions.com\/bretagne-photos\/wp-json\/wp\/v2\/product"}],"about":[{"href":"https:\/\/www.verdieditions.com\/bretagne-photos\/wp-json\/wp\/v2\/types\/product"}],"wp:featuredmedia":[{"embeddable":true,"href":"https:\/\/www.verdieditions.com\/bretagne-photos\/wp-json\/wp\/v2\/media\/3284"}],"wp:attachment":[{"href":"https:\/\/www.verdieditions.com\/bretagne-photos\/wp-json\/wp\/v2\/media?parent=3282"}],"wp:term":[{"taxonomy":"product_brand","embeddable":true,"href":"https:\/\/www.verdieditions.com\/bretagne-photos\/wp-json\/wp\/v2\/product_brand?post=3282"},{"taxonomy":"product_cat","embeddable":true,"href":"https:\/\/www.verdieditions.com\/bretagne-photos\/wp-json\/wp\/v2\/product_cat?post=3282"},{"taxonomy":"product_tag","embeddable":true,"href":"https:\/\/www.verdieditions.com\/bretagne-photos\/wp-json\/wp\/v2\/product_tag?post=3282"}],"curies":[{"name":"wp","href":"https:\/\/api.w.org\/{rel}","templated":true}]}}