{"id":3263,"date":"2024-08-01T08:00:25","date_gmt":"2024-08-01T06:00:25","guid":{"rendered":"https:\/\/www.verdieditions.com\/bretagne-photos\/?post_type=product&#038;p=3263"},"modified":"2024-07-30T12:00:26","modified_gmt":"2024-07-30T10:00:26","slug":"eric-tabarly-transat-double-lorient-1979","status":"publish","type":"product","link":"https:\/\/www.verdieditions.com\/bretagne-photos\/produit\/eric-tabarly-transat-double-lorient-1979\/","title":{"rendered":"\u00c9ric Tabarly, la Transat en double, Lorient, 1979"},"content":{"rendered":"<p>\u00c9ric Tabarly, la Transat en double, Lorient, 1979<br \/>\nAnn\u00e9e : 1979<br \/>\nLieu : Lorient (56)<br \/>\nCr\u00e9dits : Sylvie Verdi, Collection Priv\u00e9e<br \/>\nFormat : JPG<br \/>\nQualit\u00e9 : 300 dpi<br \/>\nTaille : 1594 px x 1032 px<\/p>\n<p>Sur la photo : Contenu r\u00e9serv\u00e9 aux utilisateurs connect\u00e9s. <a href=\"https:\/\/www.verdieditions.com\/bretagne-photos\/my-account\/\">Se connecter \/ S'enregistrer<\/a>.<\/p>\n<h3> La Transat en Double <\/h3>\n<h4> Premi\u00e8re \u00e9dition : 1979 <\/h4>\n<p>La premi\u00e8re \u00e9dition marque les d\u00e9buts de la m\u00e9diatisation de la voile en France. C&rsquo;est la premi\u00e8re fois dans une course au large que les bateaux embarquent une balise Argos. Les positions peuvent ainsi \u00eatre transmises \u00e0 la direction de course et au centre de presse7. En revanche, elles ne sont pas communiqu\u00e9es aux concurrents.<\/p>\n<h3> Le Paul Ricard <\/h3>\n<p>Le Paul Ricard est un voilier \u00e0 foils construit pour le navigateur \u00c9ric Tabarly. Il bat le record de la Travers\u00e9e de l&rsquo;Atlantique en 1980. La coque centrale du voilier sera utilis\u00e9e pour la construction du C\u00f4te d&rsquo;Or II en 1986.<br \/>\n<a href=\"https:\/\/fr.wikipedia.org\/wiki\/Paul_Ricard_(bateau)\">Source<\/a><\/p>\n<h4> D\u00e9part <\/h4>\n<p>Vingt-huit monocoques et onze trimarans (dont trois \u00e0 hydrofoils) vont prendre le d\u00e9part. Parmi ces 39 voiliers, celui qui suscite le plus la curiosit\u00e9 est le Paul Ricard d&rsquo;\u00c9ric Tabarly et Marc Pajot, trimaran \u00e0 hydrofoils mis \u00e0 l&rsquo;eau trois semaines plus t\u00f4t. Il n&rsquo;est ni un hydropt\u00e8re comme on le croyait (il n&rsquo;a pas de foil \u00e0 l&rsquo;arri\u00e8re), ni un trimaran classique (\u00e0 bonne vitesse, le tout petit flotteur sous le vent ne repose pas sur l&rsquo;eau). VSD, deuxi\u00e8me du nom, le trimaran d&rsquo;Eug\u00e8ne Riguidel et de Gilles Gahinet, est plus l\u00e9ger. Il est lui aussi \u00e9quip\u00e9 de foils&#8230;<br \/>\n<a href=\"https:\/\/fr.wikipedia.org\/wiki\/Transat_Lorient-Les_Bermudes-Lorient\">Source<\/a><\/p>\n<h4> Arriv\u00e9e <\/h4>\n<p>1979 : apr\u00e8s 34 jours de mer et un aller-retour sur l&rsquo;Atlantique, \u00c9ric Tabarly et Marc Pajot sur Paul Ricard sont battus sur le fil par Eug\u00e8ne Riguidel et Gilles Gahinet, \u00e0 quelques encablures de Lorient, pour seulement 5 minutes et 42 secondes.<\/p>\n","protected":false},"excerpt":{"rendered":"<p>\u00c9ric Tabarly, la Transat en double, Lorient, 1979<br \/>\nAnn\u00e9e : 1979<br \/>\nLieu : Lorient (56)<br \/>\nCr\u00e9dits : Sylvie Verdi, Collection Priv\u00e9e<br \/>\nFormat : JPG<br \/>\nQualit\u00e9 : 300 dpi<br \/>\nTaille : 1594 px x 1032 px<\/p>\n","protected":false},"featured_media":3264,"template":"","meta":{"_kadence_starter_templates_imported_post":true,"_kad_post_transparent":"default","_kad_post_title":"","_kad_post_layout":"default","_kad_post_sidebar_id":"","_kad_post_content_style":"default","_kad_post_vertical_padding":"default","_kad_post_feature":"","_kad_post_feature_position":"","_kad_post_header":false,"_kad_post_footer":false,"_kad_post_classname":""},"product_brand":[],"product_cat":[33],"product_tag":[78,97,85,121],"class_list":{"0":"post-3263","1":"product","2":"type-product","3":"status-publish","4":"has-post-thumbnail","6":"product_cat-personnages","7":"product_tag-annees-1970","8":"product_tag-lorient","9":"product_tag-morbihan","10":"product_tag-voile","12":"first","13":"instock","14":"downloadable","15":"virtual","16":"sold-individually","17":"purchasable","18":"product-type-simple","19":"entry","20":"content-bg","21":"loop-entry"},"yoast_head":"<!-- This site is optimized with the Yoast SEO plugin v27.4 - https:\/\/yoast.com\/product\/yoast-seo-wordpress\/ -->\n<title>\u00c9ric Tabarly, la Transat en double, Lorient, 1979 - Bretagne Photos<\/title>\n<meta name=\"description\" content=\"\u00c9ric Tabarly, la Transat en double, Lorient, 1979 Cr\u00e9dits : Sylvie Verdi, Collection Priv\u00e9e Format : JPG Qualit\u00e9 : 300 dpi Taille : 1594 px x 1032 px\" \/>\n<meta name=\"robots\" content=\"index, follow, max-snippet:-1, max-image-preview:large, max-video-preview:-1\" \/>\n<link rel=\"canonical\" href=\"https:\/\/www.verdieditions.com\/bretagne-photos\/produit\/eric-tabarly-transat-double-lorient-1979\/\" \/>\n<meta property=\"og:locale\" content=\"fr_FR\" \/>\n<meta property=\"og:type\" content=\"article\" \/>\n<meta property=\"og:title\" content=\"\u00c9ric Tabarly, la Transat en double, Lorient, 1979 - Bretagne Photos\" \/>\n<meta property=\"og:description\" content=\"\u00c9ric Tabarly, la Transat en double, Lorient, 1979 Cr\u00e9dits : Sylvie Verdi, Collection Priv\u00e9e Format : JPG Qualit\u00e9 : 300 dpi Taille : 1594 px x 1032 px\" \/>\n<meta property=\"og:url\" content=\"https:\/\/www.verdieditions.com\/bretagne-photos\/produit\/eric-tabarly-transat-double-lorient-1979\/\" \/>\n<meta property=\"og:site_name\" content=\"Bretagne Photos\" \/>\n<meta property=\"og:image\" content=\"https:\/\/www.verdieditions.com\/bretagne-photos\/wp-content\/uploads\/2024\/07\/00863-SV-LORw.jpg?v=1722241332\" \/>\n\t<meta property=\"og:image:width\" content=\"800\" \/>\n\t<meta property=\"og:image:height\" content=\"518\" \/>\n\t<meta property=\"og:image:type\" content=\"image\/jpeg\" \/>\n<meta name=\"twitter:card\" content=\"summary_large_image\" \/>\n<meta name=\"twitter:label1\" content=\"Dur\u00e9e de lecture estim\u00e9e\" \/>\n\t<meta name=\"twitter:data1\" content=\"2 minutes\" \/>\n<script type=\"application\/ld+json\" class=\"yoast-schema-graph\">{\"@context\":\"https:\\\/\\\/schema.org\",\"@graph\":[{\"@type\":\"WebPage\",\"@id\":\"https:\\\/\\\/www.verdieditions.com\\\/bretagne-photos\\\/produit\\\/eric-tabarly-transat-double-lorient-1979\\\/\",\"url\":\"https:\\\/\\\/www.verdieditions.com\\\/bretagne-photos\\\/produit\\\/eric-tabarly-transat-double-lorient-1979\\\/\",\"name\":\"\u00c9ric Tabarly, la Transat en double, Lorient, 1979 - Bretagne Photos\",\"isPartOf\":{\"@id\":\"https:\\\/\\\/www.verdieditions.com\\\/bretagne-photos\\\/#website\"},\"primaryImageOfPage\":{\"@id\":\"https:\\\/\\\/www.verdieditions.com\\\/bretagne-photos\\\/produit\\\/eric-tabarly-transat-double-lorient-1979\\\/#primaryimage\"},\"image\":{\"@id\":\"https:\\\/\\\/www.verdieditions.com\\\/bretagne-photos\\\/produit\\\/eric-tabarly-transat-double-lorient-1979\\\/#primaryimage\"},\"thumbnailUrl\":\"https:\\\/\\\/www.verdieditions.com\\\/bretagne-photos\\\/wp-content\\\/uploads\\\/2024\\\/07\\\/00863-SV-LORw.jpg?v=1722241332\",\"datePublished\":\"2024-08-01T06:00:25+00:00\",\"description\":\"\u00c9ric Tabarly, la Transat en double, Lorient, 1979 Cr\u00e9dits : Sylvie Verdi, Collection Priv\u00e9e Format : JPG Qualit\u00e9 : 300 dpi Taille : 1594 px x 1032 px\",\"breadcrumb\":{\"@id\":\"https:\\\/\\\/www.verdieditions.com\\\/bretagne-photos\\\/produit\\\/eric-tabarly-transat-double-lorient-1979\\\/#breadcrumb\"},\"inLanguage\":\"fr-FR\",\"potentialAction\":[{\"@type\":\"ReadAction\",\"target\":[\"https:\\\/\\\/www.verdieditions.com\\\/bretagne-photos\\\/produit\\\/eric-tabarly-transat-double-lorient-1979\\\/\"]}]},{\"@type\":\"ImageObject\",\"inLanguage\":\"fr-FR\",\"@id\":\"https:\\\/\\\/www.verdieditions.com\\\/bretagne-photos\\\/produit\\\/eric-tabarly-transat-double-lorient-1979\\\/#primaryimage\",\"url\":\"https:\\\/\\\/www.verdieditions.com\\\/bretagne-photos\\\/wp-content\\\/uploads\\\/2024\\\/07\\\/00863-SV-LORw.jpg?v=1722241332\",\"contentUrl\":\"https:\\\/\\\/www.verdieditions.com\\\/bretagne-photos\\\/wp-content\\\/uploads\\\/2024\\\/07\\\/00863-SV-LORw.jpg?v=1722241332\",\"width\":800,\"height\":518,\"caption\":\"\u00c9ric Tabarly Transat double Lorient 1979\"},{\"@type\":\"BreadcrumbList\",\"@id\":\"https:\\\/\\\/www.verdieditions.com\\\/bretagne-photos\\\/produit\\\/eric-tabarly-transat-double-lorient-1979\\\/#breadcrumb\",\"itemListElement\":[{\"@type\":\"ListItem\",\"position\":1,\"name\":\"Accueil\",\"item\":\"https:\\\/\\\/www.verdieditions.com\\\/bretagne-photos\\\/\"},{\"@type\":\"ListItem\",\"position\":2,\"name\":\"Boutique Photos\",\"item\":\"https:\\\/\\\/www.verdieditions.com\\\/bretagne-photos\\\/shop\\\/\"},{\"@type\":\"ListItem\",\"position\":3,\"name\":\"\u00c9ric Tabarly, la Transat en double, Lorient, 1979\"}]},{\"@type\":\"WebSite\",\"@id\":\"https:\\\/\\\/www.verdieditions.com\\\/bretagne-photos\\\/#website\",\"url\":\"https:\\\/\\\/www.verdieditions.com\\\/bretagne-photos\\\/\",\"name\":\"Bretagne Photos\",\"description\":\"Boutique Photos Histoire et Patrimoine de la Bretagne hier et aujourd\u2019hui\",\"publisher\":{\"@id\":\"https:\\\/\\\/www.verdieditions.com\\\/bretagne-photos\\\/#\\\/schema\\\/person\\\/fc0081c9a1f479261147ba0b3d529c2c\"},\"potentialAction\":[{\"@type\":\"SearchAction\",\"target\":{\"@type\":\"EntryPoint\",\"urlTemplate\":\"https:\\\/\\\/www.verdieditions.com\\\/bretagne-photos\\\/?s={search_term_string}\"},\"query-input\":{\"@type\":\"PropertyValueSpecification\",\"valueRequired\":true,\"valueName\":\"search_term_string\"}}],\"inLanguage\":\"fr-FR\"},{\"@type\":[\"Person\",\"Organization\"],\"@id\":\"https:\\\/\\\/www.verdieditions.com\\\/bretagne-photos\\\/#\\\/schema\\\/person\\\/fc0081c9a1f479261147ba0b3d529c2c\",\"name\":\"Sylvie VERDI\",\"image\":{\"@type\":\"ImageObject\",\"inLanguage\":\"fr-FR\",\"@id\":\"https:\\\/\\\/www.verdieditions.com\\\/bretagne-photos\\\/wp-content\\\/uploads\\\/2023\\\/09\\\/logo-bretagne-photos-2.png\",\"url\":\"https:\\\/\\\/www.verdieditions.com\\\/bretagne-photos\\\/wp-content\\\/uploads\\\/2023\\\/09\\\/logo-bretagne-photos-2.png\",\"contentUrl\":\"https:\\\/\\\/www.verdieditions.com\\\/bretagne-photos\\\/wp-content\\\/uploads\\\/2023\\\/09\\\/logo-bretagne-photos-2.png\",\"width\":270,\"height\":63,\"caption\":\"Sylvie VERDI\"},\"logo\":{\"@id\":\"https:\\\/\\\/www.verdieditions.com\\\/bretagne-photos\\\/wp-content\\\/uploads\\\/2023\\\/09\\\/logo-bretagne-photos-2.png\"},\"sameAs\":[\"https:\\\/\\\/www.verdieditions.com\\\/bretagne-photos\"]}]}<\/script>\n<!-- \/ Yoast SEO plugin. -->","yoast_head_json":{"title":"\u00c9ric Tabarly, la Transat en double, Lorient, 1979 - Bretagne Photos","description":"\u00c9ric Tabarly, la Transat en double, Lorient, 1979 Cr\u00e9dits : Sylvie Verdi, Collection Priv\u00e9e Format : JPG Qualit\u00e9 : 300 dpi Taille : 1594 px x 1032 px","robots":{"index":"index","follow":"follow","max-snippet":"max-snippet:-1","max-image-preview":"max-image-preview:large","max-video-preview":"max-video-preview:-1"},"canonical":"https:\/\/www.verdieditions.com\/bretagne-photos\/produit\/eric-tabarly-transat-double-lorient-1979\/","og_locale":"fr_FR","og_type":"article","og_title":"\u00c9ric Tabarly, la Transat en double, Lorient, 1979 - Bretagne Photos","og_description":"\u00c9ric Tabarly, la Transat en double, Lorient, 1979 Cr\u00e9dits : Sylvie Verdi, Collection Priv\u00e9e Format : JPG Qualit\u00e9 : 300 dpi Taille : 1594 px x 1032 px","og_url":"https:\/\/www.verdieditions.com\/bretagne-photos\/produit\/eric-tabarly-transat-double-lorient-1979\/","og_site_name":"Bretagne Photos","og_image":[{"width":800,"height":518,"url":"https:\/\/www.verdieditions.com\/bretagne-photos\/wp-content\/uploads\/2024\/07\/00863-SV-LORw.jpg?v=1722241332","type":"image\/jpeg"}],"twitter_card":"summary_large_image","twitter_misc":{"Dur\u00e9e de lecture estim\u00e9e":"2 minutes"},"schema":{"@context":"https:\/\/schema.org","@graph":[{"@type":"WebPage","@id":"https:\/\/www.verdieditions.com\/bretagne-photos\/produit\/eric-tabarly-transat-double-lorient-1979\/","url":"https:\/\/www.verdieditions.com\/bretagne-photos\/produit\/eric-tabarly-transat-double-lorient-1979\/","name":"\u00c9ric Tabarly, la Transat en double, Lorient, 1979 - Bretagne Photos","isPartOf":{"@id":"https:\/\/www.verdieditions.com\/bretagne-photos\/#website"},"primaryImageOfPage":{"@id":"https:\/\/www.verdieditions.com\/bretagne-photos\/produit\/eric-tabarly-transat-double-lorient-1979\/#primaryimage"},"image":{"@id":"https:\/\/www.verdieditions.com\/bretagne-photos\/produit\/eric-tabarly-transat-double-lorient-1979\/#primaryimage"},"thumbnailUrl":"https:\/\/www.verdieditions.com\/bretagne-photos\/wp-content\/uploads\/2024\/07\/00863-SV-LORw.jpg?v=1722241332","datePublished":"2024-08-01T06:00:25+00:00","description":"\u00c9ric Tabarly, la Transat en double, Lorient, 1979 Cr\u00e9dits : Sylvie Verdi, Collection Priv\u00e9e Format : JPG Qualit\u00e9 : 300 dpi Taille : 1594 px x 1032 px","breadcrumb":{"@id":"https:\/\/www.verdieditions.com\/bretagne-photos\/produit\/eric-tabarly-transat-double-lorient-1979\/#breadcrumb"},"inLanguage":"fr-FR","potentialAction":[{"@type":"ReadAction","target":["https:\/\/www.verdieditions.com\/bretagne-photos\/produit\/eric-tabarly-transat-double-lorient-1979\/"]}]},{"@type":"ImageObject","inLanguage":"fr-FR","@id":"https:\/\/www.verdieditions.com\/bretagne-photos\/produit\/eric-tabarly-transat-double-lorient-1979\/#primaryimage","url":"https:\/\/www.verdieditions.com\/bretagne-photos\/wp-content\/uploads\/2024\/07\/00863-SV-LORw.jpg?v=1722241332","contentUrl":"https:\/\/www.verdieditions.com\/bretagne-photos\/wp-content\/uploads\/2024\/07\/00863-SV-LORw.jpg?v=1722241332","width":800,"height":518,"caption":"\u00c9ric Tabarly Transat double Lorient 1979"},{"@type":"BreadcrumbList","@id":"https:\/\/www.verdieditions.com\/bretagne-photos\/produit\/eric-tabarly-transat-double-lorient-1979\/#breadcrumb","itemListElement":[{"@type":"ListItem","position":1,"name":"Accueil","item":"https:\/\/www.verdieditions.com\/bretagne-photos\/"},{"@type":"ListItem","position":2,"name":"Boutique Photos","item":"https:\/\/www.verdieditions.com\/bretagne-photos\/shop\/"},{"@type":"ListItem","position":3,"name":"\u00c9ric Tabarly, la Transat en double, Lorient, 1979"}]},{"@type":"WebSite","@id":"https:\/\/www.verdieditions.com\/bretagne-photos\/#website","url":"https:\/\/www.verdieditions.com\/bretagne-photos\/","name":"Bretagne Photos","description":"Boutique Photos Histoire et Patrimoine de la Bretagne hier et aujourd\u2019hui","publisher":{"@id":"https:\/\/www.verdieditions.com\/bretagne-photos\/#\/schema\/person\/fc0081c9a1f479261147ba0b3d529c2c"},"potentialAction":[{"@type":"SearchAction","target":{"@type":"EntryPoint","urlTemplate":"https:\/\/www.verdieditions.com\/bretagne-photos\/?s={search_term_string}"},"query-input":{"@type":"PropertyValueSpecification","valueRequired":true,"valueName":"search_term_string"}}],"inLanguage":"fr-FR"},{"@type":["Person","Organization"],"@id":"https:\/\/www.verdieditions.com\/bretagne-photos\/#\/schema\/person\/fc0081c9a1f479261147ba0b3d529c2c","name":"Sylvie VERDI","image":{"@type":"ImageObject","inLanguage":"fr-FR","@id":"https:\/\/www.verdieditions.com\/bretagne-photos\/wp-content\/uploads\/2023\/09\/logo-bretagne-photos-2.png","url":"https:\/\/www.verdieditions.com\/bretagne-photos\/wp-content\/uploads\/2023\/09\/logo-bretagne-photos-2.png","contentUrl":"https:\/\/www.verdieditions.com\/bretagne-photos\/wp-content\/uploads\/2023\/09\/logo-bretagne-photos-2.png","width":270,"height":63,"caption":"Sylvie VERDI"},"logo":{"@id":"https:\/\/www.verdieditions.com\/bretagne-photos\/wp-content\/uploads\/2023\/09\/logo-bretagne-photos-2.png"},"sameAs":["https:\/\/www.verdieditions.com\/bretagne-photos"]}]}},"_links":{"self":[{"href":"https:\/\/www.verdieditions.com\/bretagne-photos\/wp-json\/wp\/v2\/product\/3263","targetHints":{"allow":["GET"]}}],"collection":[{"href":"https:\/\/www.verdieditions.com\/bretagne-photos\/wp-json\/wp\/v2\/product"}],"about":[{"href":"https:\/\/www.verdieditions.com\/bretagne-photos\/wp-json\/wp\/v2\/types\/product"}],"wp:featuredmedia":[{"embeddable":true,"href":"https:\/\/www.verdieditions.com\/bretagne-photos\/wp-json\/wp\/v2\/media\/3264"}],"wp:attachment":[{"href":"https:\/\/www.verdieditions.com\/bretagne-photos\/wp-json\/wp\/v2\/media?parent=3263"}],"wp:term":[{"taxonomy":"product_brand","embeddable":true,"href":"https:\/\/www.verdieditions.com\/bretagne-photos\/wp-json\/wp\/v2\/product_brand?post=3263"},{"taxonomy":"product_cat","embeddable":true,"href":"https:\/\/www.verdieditions.com\/bretagne-photos\/wp-json\/wp\/v2\/product_cat?post=3263"},{"taxonomy":"product_tag","embeddable":true,"href":"https:\/\/www.verdieditions.com\/bretagne-photos\/wp-json\/wp\/v2\/product_tag?post=3263"}],"curies":[{"name":"wp","href":"https:\/\/api.w.org\/{rel}","templated":true}]}}