{"id":3240,"date":"2024-07-30T08:00:39","date_gmt":"2024-07-30T06:00:39","guid":{"rendered":"https:\/\/www.verdieditions.com\/bretagne-photos\/?post_type=product&#038;p=3240"},"modified":"2024-07-30T11:57:37","modified_gmt":"2024-07-30T09:57:37","slug":"chateau-josselin-rue-canal-1958","status":"publish","type":"product","link":"https:\/\/www.verdieditions.com\/bretagne-photos\/produit\/chateau-josselin-rue-canal-1958\/","title":{"rendered":"Le ch\u00e2teau de Josselin et la rue du Canal"},"content":{"rendered":"<p>Le ch\u00e2teau de Josselin et la rue du Canal<br \/>\n<em>Dimanche de Pentec\u00f4te, le 25 mai 1958<\/em><br \/>\nAnn\u00e9e : 1958<br \/>\nLieu : Josselin (56)<br \/>\nCr\u00e9dits : Sylvie Verdi, Collection Priv\u00e9e<br \/>\nFormat : TIFF<br \/>\nQualit\u00e9 : 300 dpi<br \/>\nTaille : 1443 px x 2067 px<\/p>\n<p>Au bord de l\u2019Oust, le ch\u00e2teau de Josselin fond\u00e9 au d\u00e9but du 11\u00e8me si\u00e8cle, est une \u00e9tape importante de la route des Ducs.<br \/>\nPropri\u00e9t\u00e9 de la famille Rohan, l\u2019une des plus anciennes de Bretagne, il est le symbole de la ville de Josselin. L\u2019histoire de cette petite cit\u00e9 de caract\u00e8re est intimement li\u00e9e \u00e0 celle du ch\u00e2teau qui la domine. Son style gothique flamboyant est un t\u00e9moignage de l\u2019architecture f\u00e9odale de la Renaissance. Apr\u00e8s la visite du ch\u00e2teau prenez le temps de vous balader dans ses jardins.<br \/>\n<a href=\"https:\/\/www.lavelodyssee.com\/pratique\/incontournables\/chateau-josselin\">Source<\/a><\/p>\n","protected":false},"excerpt":{"rendered":"<p>Le ch\u00e2teau de Josselin et la rue du Canal<br \/>\n<em>Dimanche de Pentec\u00f4te, le 25 mai 1958<\/em><br \/>\nAnn\u00e9e : 1958<br \/>\nLieu : Josselin (56)<br \/>\nCr\u00e9dits : Sylvie Verdi, Collection Priv\u00e9e<br \/>\nFormat : TIFF<br \/>\nQualit\u00e9 : 300 dpi<br \/>\nTaille : 1443 px x 2067 px<\/p>\n","protected":false},"featured_media":3241,"template":"","meta":{"_kadence_starter_templates_imported_post":true,"_kad_post_transparent":"default","_kad_post_title":"","_kad_post_layout":"default","_kad_post_sidebar_id":"","_kad_post_content_style":"default","_kad_post_vertical_padding":"default","_kad_post_feature":"","_kad_post_feature_position":"","_kad_post_header":false,"_kad_post_footer":false,"_kad_post_classname":""},"product_brand":[],"product_cat":[119],"product_tag":[100,113,114,85],"class_list":{"0":"post-3240","1":"product","2":"type-product","3":"status-publish","4":"has-post-thumbnail","6":"product_cat-architecture-batiment","7":"product_tag-annees-1950","8":"product_tag-chateau","9":"product_tag-josselin","10":"product_tag-morbihan","12":"first","13":"instock","14":"downloadable","15":"virtual","16":"sold-individually","17":"purchasable","18":"product-type-simple","19":"entry","20":"content-bg","21":"loop-entry"},"yoast_head":"<!-- This site is optimized with the Yoast SEO plugin v27.4 - https:\/\/yoast.com\/product\/yoast-seo-wordpress\/ -->\n<title>Le ch\u00e2teau de Josselin et la rue du Canal - Bretagne Photos<\/title>\n<meta name=\"description\" content=\"Le ch\u00e2teau de Josselin et la rue du Canal 1958 (56) Cr\u00e9dits : Sylvie Verdi, Collection Priv\u00e9e Format : TIFF Qualit\u00e9 : 300 dpi Taille : 1443 px x 2067 px\" \/>\n<meta name=\"robots\" content=\"index, follow, max-snippet:-1, max-image-preview:large, max-video-preview:-1\" \/>\n<link rel=\"canonical\" href=\"https:\/\/www.verdieditions.com\/bretagne-photos\/produit\/chateau-josselin-rue-canal-1958\/\" \/>\n<meta property=\"og:locale\" content=\"fr_FR\" \/>\n<meta property=\"og:type\" content=\"article\" \/>\n<meta property=\"og:title\" content=\"Le ch\u00e2teau de Josselin et la rue du Canal - Bretagne Photos\" \/>\n<meta property=\"og:description\" content=\"Le ch\u00e2teau de Josselin et la rue du Canal 1958 (56) Cr\u00e9dits : Sylvie Verdi, Collection Priv\u00e9e Format : TIFF Qualit\u00e9 : 300 dpi Taille : 1443 px x 2067 px\" \/>\n<meta property=\"og:url\" content=\"https:\/\/www.verdieditions.com\/bretagne-photos\/produit\/chateau-josselin-rue-canal-1958\/\" \/>\n<meta property=\"og:site_name\" content=\"Bretagne Photos\" \/>\n<meta property=\"article:modified_time\" content=\"2024-07-30T09:57:37+00:00\" \/>\n<meta property=\"og:image\" content=\"https:\/\/www.verdieditions.com\/bretagne-photos\/wp-content\/uploads\/2024\/07\/00862-SV-JOSw.jpg?v=1721986970\" \/>\n\t<meta property=\"og:image:width\" content=\"558\" \/>\n\t<meta property=\"og:image:height\" content=\"800\" \/>\n\t<meta property=\"og:image:type\" content=\"image\/jpeg\" \/>\n<meta name=\"twitter:card\" content=\"summary_large_image\" \/>\n<meta name=\"twitter:label1\" content=\"Dur\u00e9e de lecture estim\u00e9e\" \/>\n\t<meta name=\"twitter:data1\" content=\"1 minute\" \/>\n<script type=\"application\/ld+json\" class=\"yoast-schema-graph\">{\"@context\":\"https:\\\/\\\/schema.org\",\"@graph\":[{\"@type\":\"WebPage\",\"@id\":\"https:\\\/\\\/www.verdieditions.com\\\/bretagne-photos\\\/produit\\\/chateau-josselin-rue-canal-1958\\\/\",\"url\":\"https:\\\/\\\/www.verdieditions.com\\\/bretagne-photos\\\/produit\\\/chateau-josselin-rue-canal-1958\\\/\",\"name\":\"Le ch\u00e2teau de Josselin et la rue du Canal - Bretagne Photos\",\"isPartOf\":{\"@id\":\"https:\\\/\\\/www.verdieditions.com\\\/bretagne-photos\\\/#website\"},\"primaryImageOfPage\":{\"@id\":\"https:\\\/\\\/www.verdieditions.com\\\/bretagne-photos\\\/produit\\\/chateau-josselin-rue-canal-1958\\\/#primaryimage\"},\"image\":{\"@id\":\"https:\\\/\\\/www.verdieditions.com\\\/bretagne-photos\\\/produit\\\/chateau-josselin-rue-canal-1958\\\/#primaryimage\"},\"thumbnailUrl\":\"https:\\\/\\\/www.verdieditions.com\\\/bretagne-photos\\\/wp-content\\\/uploads\\\/2024\\\/07\\\/00862-SV-JOSw.jpg?v=1721986970\",\"datePublished\":\"2024-07-30T06:00:39+00:00\",\"dateModified\":\"2024-07-30T09:57:37+00:00\",\"description\":\"Le ch\u00e2teau de Josselin et la rue du Canal 1958 (56) Cr\u00e9dits : Sylvie Verdi, Collection Priv\u00e9e Format : TIFF Qualit\u00e9 : 300 dpi Taille : 1443 px x 2067 px\",\"breadcrumb\":{\"@id\":\"https:\\\/\\\/www.verdieditions.com\\\/bretagne-photos\\\/produit\\\/chateau-josselin-rue-canal-1958\\\/#breadcrumb\"},\"inLanguage\":\"fr-FR\",\"potentialAction\":[{\"@type\":\"ReadAction\",\"target\":[\"https:\\\/\\\/www.verdieditions.com\\\/bretagne-photos\\\/produit\\\/chateau-josselin-rue-canal-1958\\\/\"]}]},{\"@type\":\"ImageObject\",\"inLanguage\":\"fr-FR\",\"@id\":\"https:\\\/\\\/www.verdieditions.com\\\/bretagne-photos\\\/produit\\\/chateau-josselin-rue-canal-1958\\\/#primaryimage\",\"url\":\"https:\\\/\\\/www.verdieditions.com\\\/bretagne-photos\\\/wp-content\\\/uploads\\\/2024\\\/07\\\/00862-SV-JOSw.jpg?v=1721986970\",\"contentUrl\":\"https:\\\/\\\/www.verdieditions.com\\\/bretagne-photos\\\/wp-content\\\/uploads\\\/2024\\\/07\\\/00862-SV-JOSw.jpg?v=1721986970\",\"width\":558,\"height\":800,\"caption\":\"ch\u00e2teau Josselin rue Canal\"},{\"@type\":\"BreadcrumbList\",\"@id\":\"https:\\\/\\\/www.verdieditions.com\\\/bretagne-photos\\\/produit\\\/chateau-josselin-rue-canal-1958\\\/#breadcrumb\",\"itemListElement\":[{\"@type\":\"ListItem\",\"position\":1,\"name\":\"Accueil\",\"item\":\"https:\\\/\\\/www.verdieditions.com\\\/bretagne-photos\\\/\"},{\"@type\":\"ListItem\",\"position\":2,\"name\":\"Boutique Photos\",\"item\":\"https:\\\/\\\/www.verdieditions.com\\\/bretagne-photos\\\/shop\\\/\"},{\"@type\":\"ListItem\",\"position\":3,\"name\":\"Le ch\u00e2teau de Josselin et la rue du Canal\"}]},{\"@type\":\"WebSite\",\"@id\":\"https:\\\/\\\/www.verdieditions.com\\\/bretagne-photos\\\/#website\",\"url\":\"https:\\\/\\\/www.verdieditions.com\\\/bretagne-photos\\\/\",\"name\":\"Bretagne Photos\",\"description\":\"Boutique Photos Histoire et Patrimoine de la Bretagne hier et aujourd\u2019hui\",\"publisher\":{\"@id\":\"https:\\\/\\\/www.verdieditions.com\\\/bretagne-photos\\\/#\\\/schema\\\/person\\\/fc0081c9a1f479261147ba0b3d529c2c\"},\"potentialAction\":[{\"@type\":\"SearchAction\",\"target\":{\"@type\":\"EntryPoint\",\"urlTemplate\":\"https:\\\/\\\/www.verdieditions.com\\\/bretagne-photos\\\/?s={search_term_string}\"},\"query-input\":{\"@type\":\"PropertyValueSpecification\",\"valueRequired\":true,\"valueName\":\"search_term_string\"}}],\"inLanguage\":\"fr-FR\"},{\"@type\":[\"Person\",\"Organization\"],\"@id\":\"https:\\\/\\\/www.verdieditions.com\\\/bretagne-photos\\\/#\\\/schema\\\/person\\\/fc0081c9a1f479261147ba0b3d529c2c\",\"name\":\"Sylvie VERDI\",\"image\":{\"@type\":\"ImageObject\",\"inLanguage\":\"fr-FR\",\"@id\":\"https:\\\/\\\/www.verdieditions.com\\\/bretagne-photos\\\/wp-content\\\/uploads\\\/2023\\\/09\\\/logo-bretagne-photos-2.png\",\"url\":\"https:\\\/\\\/www.verdieditions.com\\\/bretagne-photos\\\/wp-content\\\/uploads\\\/2023\\\/09\\\/logo-bretagne-photos-2.png\",\"contentUrl\":\"https:\\\/\\\/www.verdieditions.com\\\/bretagne-photos\\\/wp-content\\\/uploads\\\/2023\\\/09\\\/logo-bretagne-photos-2.png\",\"width\":270,\"height\":63,\"caption\":\"Sylvie VERDI\"},\"logo\":{\"@id\":\"https:\\\/\\\/www.verdieditions.com\\\/bretagne-photos\\\/wp-content\\\/uploads\\\/2023\\\/09\\\/logo-bretagne-photos-2.png\"},\"sameAs\":[\"https:\\\/\\\/www.verdieditions.com\\\/bretagne-photos\"]}]}<\/script>\n<!-- \/ Yoast SEO plugin. -->","yoast_head_json":{"title":"Le ch\u00e2teau de Josselin et la rue du Canal - Bretagne Photos","description":"Le ch\u00e2teau de Josselin et la rue du Canal 1958 (56) Cr\u00e9dits : Sylvie Verdi, Collection Priv\u00e9e Format : TIFF Qualit\u00e9 : 300 dpi Taille : 1443 px x 2067 px","robots":{"index":"index","follow":"follow","max-snippet":"max-snippet:-1","max-image-preview":"max-image-preview:large","max-video-preview":"max-video-preview:-1"},"canonical":"https:\/\/www.verdieditions.com\/bretagne-photos\/produit\/chateau-josselin-rue-canal-1958\/","og_locale":"fr_FR","og_type":"article","og_title":"Le ch\u00e2teau de Josselin et la rue du Canal - Bretagne Photos","og_description":"Le ch\u00e2teau de Josselin et la rue du Canal 1958 (56) Cr\u00e9dits : Sylvie Verdi, Collection Priv\u00e9e Format : TIFF Qualit\u00e9 : 300 dpi Taille : 1443 px x 2067 px","og_url":"https:\/\/www.verdieditions.com\/bretagne-photos\/produit\/chateau-josselin-rue-canal-1958\/","og_site_name":"Bretagne Photos","article_modified_time":"2024-07-30T09:57:37+00:00","og_image":[{"width":558,"height":800,"url":"https:\/\/www.verdieditions.com\/bretagne-photos\/wp-content\/uploads\/2024\/07\/00862-SV-JOSw.jpg?v=1721986970","type":"image\/jpeg"}],"twitter_card":"summary_large_image","twitter_misc":{"Dur\u00e9e de lecture estim\u00e9e":"1 minute"},"schema":{"@context":"https:\/\/schema.org","@graph":[{"@type":"WebPage","@id":"https:\/\/www.verdieditions.com\/bretagne-photos\/produit\/chateau-josselin-rue-canal-1958\/","url":"https:\/\/www.verdieditions.com\/bretagne-photos\/produit\/chateau-josselin-rue-canal-1958\/","name":"Le ch\u00e2teau de Josselin et la rue du Canal - Bretagne Photos","isPartOf":{"@id":"https:\/\/www.verdieditions.com\/bretagne-photos\/#website"},"primaryImageOfPage":{"@id":"https:\/\/www.verdieditions.com\/bretagne-photos\/produit\/chateau-josselin-rue-canal-1958\/#primaryimage"},"image":{"@id":"https:\/\/www.verdieditions.com\/bretagne-photos\/produit\/chateau-josselin-rue-canal-1958\/#primaryimage"},"thumbnailUrl":"https:\/\/www.verdieditions.com\/bretagne-photos\/wp-content\/uploads\/2024\/07\/00862-SV-JOSw.jpg?v=1721986970","datePublished":"2024-07-30T06:00:39+00:00","dateModified":"2024-07-30T09:57:37+00:00","description":"Le ch\u00e2teau de Josselin et la rue du Canal 1958 (56) Cr\u00e9dits : Sylvie Verdi, Collection Priv\u00e9e Format : TIFF Qualit\u00e9 : 300 dpi Taille : 1443 px x 2067 px","breadcrumb":{"@id":"https:\/\/www.verdieditions.com\/bretagne-photos\/produit\/chateau-josselin-rue-canal-1958\/#breadcrumb"},"inLanguage":"fr-FR","potentialAction":[{"@type":"ReadAction","target":["https:\/\/www.verdieditions.com\/bretagne-photos\/produit\/chateau-josselin-rue-canal-1958\/"]}]},{"@type":"ImageObject","inLanguage":"fr-FR","@id":"https:\/\/www.verdieditions.com\/bretagne-photos\/produit\/chateau-josselin-rue-canal-1958\/#primaryimage","url":"https:\/\/www.verdieditions.com\/bretagne-photos\/wp-content\/uploads\/2024\/07\/00862-SV-JOSw.jpg?v=1721986970","contentUrl":"https:\/\/www.verdieditions.com\/bretagne-photos\/wp-content\/uploads\/2024\/07\/00862-SV-JOSw.jpg?v=1721986970","width":558,"height":800,"caption":"ch\u00e2teau Josselin rue Canal"},{"@type":"BreadcrumbList","@id":"https:\/\/www.verdieditions.com\/bretagne-photos\/produit\/chateau-josselin-rue-canal-1958\/#breadcrumb","itemListElement":[{"@type":"ListItem","position":1,"name":"Accueil","item":"https:\/\/www.verdieditions.com\/bretagne-photos\/"},{"@type":"ListItem","position":2,"name":"Boutique Photos","item":"https:\/\/www.verdieditions.com\/bretagne-photos\/shop\/"},{"@type":"ListItem","position":3,"name":"Le ch\u00e2teau de Josselin et la rue du Canal"}]},{"@type":"WebSite","@id":"https:\/\/www.verdieditions.com\/bretagne-photos\/#website","url":"https:\/\/www.verdieditions.com\/bretagne-photos\/","name":"Bretagne Photos","description":"Boutique Photos Histoire et Patrimoine de la Bretagne hier et aujourd\u2019hui","publisher":{"@id":"https:\/\/www.verdieditions.com\/bretagne-photos\/#\/schema\/person\/fc0081c9a1f479261147ba0b3d529c2c"},"potentialAction":[{"@type":"SearchAction","target":{"@type":"EntryPoint","urlTemplate":"https:\/\/www.verdieditions.com\/bretagne-photos\/?s={search_term_string}"},"query-input":{"@type":"PropertyValueSpecification","valueRequired":true,"valueName":"search_term_string"}}],"inLanguage":"fr-FR"},{"@type":["Person","Organization"],"@id":"https:\/\/www.verdieditions.com\/bretagne-photos\/#\/schema\/person\/fc0081c9a1f479261147ba0b3d529c2c","name":"Sylvie VERDI","image":{"@type":"ImageObject","inLanguage":"fr-FR","@id":"https:\/\/www.verdieditions.com\/bretagne-photos\/wp-content\/uploads\/2023\/09\/logo-bretagne-photos-2.png","url":"https:\/\/www.verdieditions.com\/bretagne-photos\/wp-content\/uploads\/2023\/09\/logo-bretagne-photos-2.png","contentUrl":"https:\/\/www.verdieditions.com\/bretagne-photos\/wp-content\/uploads\/2023\/09\/logo-bretagne-photos-2.png","width":270,"height":63,"caption":"Sylvie VERDI"},"logo":{"@id":"https:\/\/www.verdieditions.com\/bretagne-photos\/wp-content\/uploads\/2023\/09\/logo-bretagne-photos-2.png"},"sameAs":["https:\/\/www.verdieditions.com\/bretagne-photos"]}]}},"_links":{"self":[{"href":"https:\/\/www.verdieditions.com\/bretagne-photos\/wp-json\/wp\/v2\/product\/3240","targetHints":{"allow":["GET"]}}],"collection":[{"href":"https:\/\/www.verdieditions.com\/bretagne-photos\/wp-json\/wp\/v2\/product"}],"about":[{"href":"https:\/\/www.verdieditions.com\/bretagne-photos\/wp-json\/wp\/v2\/types\/product"}],"wp:featuredmedia":[{"embeddable":true,"href":"https:\/\/www.verdieditions.com\/bretagne-photos\/wp-json\/wp\/v2\/media\/3241"}],"wp:attachment":[{"href":"https:\/\/www.verdieditions.com\/bretagne-photos\/wp-json\/wp\/v2\/media?parent=3240"}],"wp:term":[{"taxonomy":"product_brand","embeddable":true,"href":"https:\/\/www.verdieditions.com\/bretagne-photos\/wp-json\/wp\/v2\/product_brand?post=3240"},{"taxonomy":"product_cat","embeddable":true,"href":"https:\/\/www.verdieditions.com\/bretagne-photos\/wp-json\/wp\/v2\/product_cat?post=3240"},{"taxonomy":"product_tag","embeddable":true,"href":"https:\/\/www.verdieditions.com\/bretagne-photos\/wp-json\/wp\/v2\/product_tag?post=3240"}],"curies":[{"name":"wp","href":"https:\/\/api.w.org\/{rel}","templated":true}]}}