{"id":3236,"date":"2024-07-29T09:00:41","date_gmt":"2024-07-29T07:00:41","guid":{"rendered":"https:\/\/www.verdieditions.com\/bretagne-photos\/?post_type=product&#038;p=3236"},"modified":"2024-07-30T11:58:00","modified_gmt":"2024-07-30T09:58:00","slug":"sur-le-pont-du-torpilleur-le-brestois-en-1932","status":"publish","type":"product","link":"https:\/\/www.verdieditions.com\/bretagne-photos\/produit\/sur-le-pont-du-torpilleur-le-brestois-en-1932\/","title":{"rendered":"Sur le pont du torpilleur \u00ab&nbsp;Le Brestois \u00bb en 1932"},"content":{"rendered":"<p>Sur le pont du torpilleur \u00ab Le Brestois \u00bb en 1932<br \/>\nAnn\u00e9e : 1932<br \/>\nLieu : Toulon (83)<br \/>\nCr\u00e9dits : Sylvie Verdi, Collection Priv\u00e9e<br \/>\nFormat : JPG<br \/>\nQualit\u00e9 : 600 dpi<br \/>\nTaille : 2063 px x 1391 px<\/p>\n<p>Sur la photo : Contenu r\u00e9serv\u00e9 aux utilisateurs connect\u00e9s. <a href=\"https:\/\/www.verdieditions.com\/bretagne-photos\/my-account\/\">Se connecter \/ S'enregistrer<\/a>.<\/p>\n<h3>Le torpilleur \u00ab Le Brestois \u00bb<\/h3>\n<p>Le Brestois est un torpilleur de la classe L&rsquo;Adroit construit pour la marine fran\u00e7aise dans les ann\u00e9es 1920.<\/p>\n<h4>Conception et description<\/h4>\n<p>La classe L&rsquo;Adroit \u00e9tait une version l\u00e9g\u00e8rement agrandie et am\u00e9lior\u00e9e de la classe Bourrasque pr\u00e9c\u00e9dente. Les navires avaient une longueur totale de 107,2 m, un ma\u00eetre-bau de 9,9 m et un tirant d&rsquo;eau de 3,5 m. Les navires d\u00e9pla\u00e7aient 1 380 t \u00e0 charge standard et 2 000 t \u00e0 pleine charge. Ils \u00e9taient propuls\u00e9s par deux turbines \u00e0 vapeur \u00e0 engrenages, chacune entra\u00eenant un arbre d&rsquo;h\u00e9lice, utilisant la vapeur fournie par trois chaudi\u00e8re \u00e0 trois tambours Du Temple. Les turbines d&rsquo;une puissance de 31 000 ch, le propulsait \u00e0 33 n\u0153uds (61 km\/h) tout en transportant 386 t de mazout, leur donnant une autonomie de 3 000 milles marins (5 556 km) \u00e0 15 n\u0153uds (28 km\/h).<\/p>\n<p>L&rsquo;armement principal se composait de quatre canons de 130 mm mod\u00e8le 1924 en aff\u00fbt simple, une tourelle superpos\u00e9e \u00e0 l&rsquo;avant et \u00e0 l&rsquo;arri\u00e8re de la superstructure. Leur armement anti-a\u00e9rien se composait d&rsquo;une paire de canons de 37 mm mod\u00e8le 1925. Ils \u00e9taient \u00e9galement \u00e9quip\u00e9s de deux tubes lance-torpilles triples de 550 mm, une double rampe de grenades anti-sous-marine int\u00e9gr\u00e9e dans la poupe ; ceux-ci abritaient un total de seize charges de 200 kg. En outre, deux lanceurs de charge de profondeur furent ensuite install\u00e9s pour un transport de six charges de 100 kg1.<\/p>\n<h4>Construction et carri\u00e8re<\/h4>\n<p>Le Brestois est mis sur cale le 17 mai 1926, lanc\u00e9 le 18 mai 1927 et achev\u00e9 le 15 juin 1928. Il chavira le 8 novembre 1942 \u00e0 la suite de tirs des navires de la Force op\u00e9rationnelle 34 de la marine des \u00c9tats-Unis au large de Casablanca, au Maroc fran\u00e7ais, lors de la bataille navale de Casablanca.<\/p>\n<p><a href=\"https:\/\/fr.wikipedia.org\/wiki\/Brestois_(torpilleur)\">Source<\/a><\/p>\n","protected":false},"excerpt":{"rendered":"<p>Sur le pont du torpilleur \u00ab Le Brestois \u00bb en 1932<br \/>\nAnn\u00e9e : 1932<br \/>\nLieu : Toulon (83)<br \/>\nCr\u00e9dits : Sylvie Verdi, Collection Priv\u00e9e<br \/>\nFormat : JPG<br \/>\nQualit\u00e9 : 600 dpi<br \/>\nTaille : 2063 px x 1391 px<\/p>\n","protected":false},"featured_media":3237,"template":"","meta":{"_kadence_starter_templates_imported_post":true,"_kad_post_transparent":"default","_kad_post_title":"","_kad_post_layout":"default","_kad_post_sidebar_id":"","_kad_post_content_style":"default","_kad_post_vertical_padding":"default","_kad_post_feature":"","_kad_post_feature_position":"","_kad_post_header":false,"_kad_post_footer":false,"_kad_post_classname":""},"product_brand":[],"product_cat":[34],"product_tag":[77,104,103,102],"class_list":{"0":"post-3236","1":"product","2":"type-product","3":"status-publish","4":"has-post-thumbnail","6":"product_cat-evenements","7":"product_tag-annees-1930","8":"product_tag-marine-nationale","9":"product_tag-navire-de-guerre","10":"product_tag-toulon","12":"first","13":"instock","14":"downloadable","15":"virtual","16":"sold-individually","17":"purchasable","18":"product-type-simple","19":"entry","20":"content-bg","21":"loop-entry"},"yoast_head":"<!-- This site is optimized with the Yoast SEO plugin v27.4 - https:\/\/yoast.com\/product\/yoast-seo-wordpress\/ -->\n<title>Sur le pont du torpilleur \u00ab&nbsp;Le Brestois \u00bb en 1932 - Bretagne Photos<\/title>\n<meta name=\"description\" content=\"Sur le pont du torpilleur \u00ab Le Brestois \u00bb en 1932 Toulon (83) Cr\u00e9dits : Sylvie Verdi, Coll Priv\u00e9e Format : JPG Ql\u00e9 : 600 dpi Taille : 2063 px x 1391 px\" \/>\n<meta name=\"robots\" content=\"index, follow, max-snippet:-1, max-image-preview:large, max-video-preview:-1\" \/>\n<link rel=\"canonical\" href=\"https:\/\/www.verdieditions.com\/bretagne-photos\/produit\/sur-le-pont-du-torpilleur-le-brestois-en-1932\/\" \/>\n<meta property=\"og:locale\" content=\"fr_FR\" \/>\n<meta property=\"og:type\" content=\"article\" \/>\n<meta property=\"og:title\" content=\"Sur le pont du torpilleur \u00ab&nbsp;Le Brestois \u00bb en 1932 - Bretagne Photos\" \/>\n<meta property=\"og:description\" content=\"Sur le pont du torpilleur \u00ab Le Brestois \u00bb en 1932 Toulon (83) Cr\u00e9dits : Sylvie Verdi, Coll Priv\u00e9e Format : JPG Ql\u00e9 : 600 dpi Taille : 2063 px x 1391 px\" \/>\n<meta property=\"og:url\" content=\"https:\/\/www.verdieditions.com\/bretagne-photos\/produit\/sur-le-pont-du-torpilleur-le-brestois-en-1932\/\" \/>\n<meta property=\"og:site_name\" content=\"Bretagne Photos\" \/>\n<meta property=\"article:modified_time\" content=\"2024-07-30T09:58:00+00:00\" \/>\n<meta property=\"og:image\" content=\"https:\/\/www.verdieditions.com\/bretagne-photos\/wp-content\/uploads\/2024\/07\/00861-SV-TOUw.jpg?v=1721812010\" \/>\n\t<meta property=\"og:image:width\" content=\"800\" \/>\n\t<meta property=\"og:image:height\" content=\"539\" \/>\n\t<meta property=\"og:image:type\" content=\"image\/jpeg\" \/>\n<meta name=\"twitter:card\" content=\"summary_large_image\" \/>\n<meta name=\"twitter:label1\" content=\"Dur\u00e9e de lecture estim\u00e9e\" \/>\n\t<meta name=\"twitter:data1\" content=\"2 minutes\" \/>\n<script type=\"application\/ld+json\" class=\"yoast-schema-graph\">{\"@context\":\"https:\\\/\\\/schema.org\",\"@graph\":[{\"@type\":\"WebPage\",\"@id\":\"https:\\\/\\\/www.verdieditions.com\\\/bretagne-photos\\\/produit\\\/sur-le-pont-du-torpilleur-le-brestois-en-1932\\\/\",\"url\":\"https:\\\/\\\/www.verdieditions.com\\\/bretagne-photos\\\/produit\\\/sur-le-pont-du-torpilleur-le-brestois-en-1932\\\/\",\"name\":\"Sur le pont du torpilleur \u00ab&nbsp;Le Brestois \u00bb en 1932 - Bretagne Photos\",\"isPartOf\":{\"@id\":\"https:\\\/\\\/www.verdieditions.com\\\/bretagne-photos\\\/#website\"},\"primaryImageOfPage\":{\"@id\":\"https:\\\/\\\/www.verdieditions.com\\\/bretagne-photos\\\/produit\\\/sur-le-pont-du-torpilleur-le-brestois-en-1932\\\/#primaryimage\"},\"image\":{\"@id\":\"https:\\\/\\\/www.verdieditions.com\\\/bretagne-photos\\\/produit\\\/sur-le-pont-du-torpilleur-le-brestois-en-1932\\\/#primaryimage\"},\"thumbnailUrl\":\"https:\\\/\\\/www.verdieditions.com\\\/bretagne-photos\\\/wp-content\\\/uploads\\\/2024\\\/07\\\/00861-SV-TOUw.jpg?v=1721812010\",\"datePublished\":\"2024-07-29T07:00:41+00:00\",\"dateModified\":\"2024-07-30T09:58:00+00:00\",\"description\":\"Sur le pont du torpilleur \u00ab Le Brestois \u00bb en 1932 Toulon (83) Cr\u00e9dits : Sylvie Verdi, Coll Priv\u00e9e Format : JPG Ql\u00e9 : 600 dpi Taille : 2063 px x 1391 px\",\"breadcrumb\":{\"@id\":\"https:\\\/\\\/www.verdieditions.com\\\/bretagne-photos\\\/produit\\\/sur-le-pont-du-torpilleur-le-brestois-en-1932\\\/#breadcrumb\"},\"inLanguage\":\"fr-FR\",\"potentialAction\":[{\"@type\":\"ReadAction\",\"target\":[\"https:\\\/\\\/www.verdieditions.com\\\/bretagne-photos\\\/produit\\\/sur-le-pont-du-torpilleur-le-brestois-en-1932\\\/\"]}]},{\"@type\":\"ImageObject\",\"inLanguage\":\"fr-FR\",\"@id\":\"https:\\\/\\\/www.verdieditions.com\\\/bretagne-photos\\\/produit\\\/sur-le-pont-du-torpilleur-le-brestois-en-1932\\\/#primaryimage\",\"url\":\"https:\\\/\\\/www.verdieditions.com\\\/bretagne-photos\\\/wp-content\\\/uploads\\\/2024\\\/07\\\/00861-SV-TOUw.jpg?v=1721812010\",\"contentUrl\":\"https:\\\/\\\/www.verdieditions.com\\\/bretagne-photos\\\/wp-content\\\/uploads\\\/2024\\\/07\\\/00861-SV-TOUw.jpg?v=1721812010\",\"width\":800,\"height\":539,\"caption\":\"pont torpilleur Le Brestois 1932\"},{\"@type\":\"BreadcrumbList\",\"@id\":\"https:\\\/\\\/www.verdieditions.com\\\/bretagne-photos\\\/produit\\\/sur-le-pont-du-torpilleur-le-brestois-en-1932\\\/#breadcrumb\",\"itemListElement\":[{\"@type\":\"ListItem\",\"position\":1,\"name\":\"Accueil\",\"item\":\"https:\\\/\\\/www.verdieditions.com\\\/bretagne-photos\\\/\"},{\"@type\":\"ListItem\",\"position\":2,\"name\":\"Boutique Photos\",\"item\":\"https:\\\/\\\/www.verdieditions.com\\\/bretagne-photos\\\/shop\\\/\"},{\"@type\":\"ListItem\",\"position\":3,\"name\":\"Sur le pont du torpilleur \u00ab&nbsp;Le Brestois \u00bb en 1932\"}]},{\"@type\":\"WebSite\",\"@id\":\"https:\\\/\\\/www.verdieditions.com\\\/bretagne-photos\\\/#website\",\"url\":\"https:\\\/\\\/www.verdieditions.com\\\/bretagne-photos\\\/\",\"name\":\"Bretagne Photos\",\"description\":\"Boutique Photos Histoire et Patrimoine de la Bretagne hier et aujourd\u2019hui\",\"publisher\":{\"@id\":\"https:\\\/\\\/www.verdieditions.com\\\/bretagne-photos\\\/#\\\/schema\\\/person\\\/fc0081c9a1f479261147ba0b3d529c2c\"},\"potentialAction\":[{\"@type\":\"SearchAction\",\"target\":{\"@type\":\"EntryPoint\",\"urlTemplate\":\"https:\\\/\\\/www.verdieditions.com\\\/bretagne-photos\\\/?s={search_term_string}\"},\"query-input\":{\"@type\":\"PropertyValueSpecification\",\"valueRequired\":true,\"valueName\":\"search_term_string\"}}],\"inLanguage\":\"fr-FR\"},{\"@type\":[\"Person\",\"Organization\"],\"@id\":\"https:\\\/\\\/www.verdieditions.com\\\/bretagne-photos\\\/#\\\/schema\\\/person\\\/fc0081c9a1f479261147ba0b3d529c2c\",\"name\":\"Sylvie VERDI\",\"image\":{\"@type\":\"ImageObject\",\"inLanguage\":\"fr-FR\",\"@id\":\"https:\\\/\\\/www.verdieditions.com\\\/bretagne-photos\\\/wp-content\\\/uploads\\\/2023\\\/09\\\/logo-bretagne-photos-2.png\",\"url\":\"https:\\\/\\\/www.verdieditions.com\\\/bretagne-photos\\\/wp-content\\\/uploads\\\/2023\\\/09\\\/logo-bretagne-photos-2.png\",\"contentUrl\":\"https:\\\/\\\/www.verdieditions.com\\\/bretagne-photos\\\/wp-content\\\/uploads\\\/2023\\\/09\\\/logo-bretagne-photos-2.png\",\"width\":270,\"height\":63,\"caption\":\"Sylvie VERDI\"},\"logo\":{\"@id\":\"https:\\\/\\\/www.verdieditions.com\\\/bretagne-photos\\\/wp-content\\\/uploads\\\/2023\\\/09\\\/logo-bretagne-photos-2.png\"},\"sameAs\":[\"https:\\\/\\\/www.verdieditions.com\\\/bretagne-photos\"]}]}<\/script>\n<!-- \/ Yoast SEO plugin. -->","yoast_head_json":{"title":"Sur le pont du torpilleur \u00ab&nbsp;Le Brestois \u00bb en 1932 - Bretagne Photos","description":"Sur le pont du torpilleur \u00ab Le Brestois \u00bb en 1932 Toulon (83) Cr\u00e9dits : Sylvie Verdi, Coll Priv\u00e9e Format : JPG Ql\u00e9 : 600 dpi Taille : 2063 px x 1391 px","robots":{"index":"index","follow":"follow","max-snippet":"max-snippet:-1","max-image-preview":"max-image-preview:large","max-video-preview":"max-video-preview:-1"},"canonical":"https:\/\/www.verdieditions.com\/bretagne-photos\/produit\/sur-le-pont-du-torpilleur-le-brestois-en-1932\/","og_locale":"fr_FR","og_type":"article","og_title":"Sur le pont du torpilleur \u00ab&nbsp;Le Brestois \u00bb en 1932 - Bretagne Photos","og_description":"Sur le pont du torpilleur \u00ab Le Brestois \u00bb en 1932 Toulon (83) Cr\u00e9dits : Sylvie Verdi, Coll Priv\u00e9e Format : JPG Ql\u00e9 : 600 dpi Taille : 2063 px x 1391 px","og_url":"https:\/\/www.verdieditions.com\/bretagne-photos\/produit\/sur-le-pont-du-torpilleur-le-brestois-en-1932\/","og_site_name":"Bretagne Photos","article_modified_time":"2024-07-30T09:58:00+00:00","og_image":[{"width":800,"height":539,"url":"https:\/\/www.verdieditions.com\/bretagne-photos\/wp-content\/uploads\/2024\/07\/00861-SV-TOUw.jpg?v=1721812010","type":"image\/jpeg"}],"twitter_card":"summary_large_image","twitter_misc":{"Dur\u00e9e de lecture estim\u00e9e":"2 minutes"},"schema":{"@context":"https:\/\/schema.org","@graph":[{"@type":"WebPage","@id":"https:\/\/www.verdieditions.com\/bretagne-photos\/produit\/sur-le-pont-du-torpilleur-le-brestois-en-1932\/","url":"https:\/\/www.verdieditions.com\/bretagne-photos\/produit\/sur-le-pont-du-torpilleur-le-brestois-en-1932\/","name":"Sur le pont du torpilleur \u00ab&nbsp;Le Brestois \u00bb en 1932 - Bretagne Photos","isPartOf":{"@id":"https:\/\/www.verdieditions.com\/bretagne-photos\/#website"},"primaryImageOfPage":{"@id":"https:\/\/www.verdieditions.com\/bretagne-photos\/produit\/sur-le-pont-du-torpilleur-le-brestois-en-1932\/#primaryimage"},"image":{"@id":"https:\/\/www.verdieditions.com\/bretagne-photos\/produit\/sur-le-pont-du-torpilleur-le-brestois-en-1932\/#primaryimage"},"thumbnailUrl":"https:\/\/www.verdieditions.com\/bretagne-photos\/wp-content\/uploads\/2024\/07\/00861-SV-TOUw.jpg?v=1721812010","datePublished":"2024-07-29T07:00:41+00:00","dateModified":"2024-07-30T09:58:00+00:00","description":"Sur le pont du torpilleur \u00ab Le Brestois \u00bb en 1932 Toulon (83) Cr\u00e9dits : Sylvie Verdi, Coll Priv\u00e9e Format : JPG Ql\u00e9 : 600 dpi Taille : 2063 px x 1391 px","breadcrumb":{"@id":"https:\/\/www.verdieditions.com\/bretagne-photos\/produit\/sur-le-pont-du-torpilleur-le-brestois-en-1932\/#breadcrumb"},"inLanguage":"fr-FR","potentialAction":[{"@type":"ReadAction","target":["https:\/\/www.verdieditions.com\/bretagne-photos\/produit\/sur-le-pont-du-torpilleur-le-brestois-en-1932\/"]}]},{"@type":"ImageObject","inLanguage":"fr-FR","@id":"https:\/\/www.verdieditions.com\/bretagne-photos\/produit\/sur-le-pont-du-torpilleur-le-brestois-en-1932\/#primaryimage","url":"https:\/\/www.verdieditions.com\/bretagne-photos\/wp-content\/uploads\/2024\/07\/00861-SV-TOUw.jpg?v=1721812010","contentUrl":"https:\/\/www.verdieditions.com\/bretagne-photos\/wp-content\/uploads\/2024\/07\/00861-SV-TOUw.jpg?v=1721812010","width":800,"height":539,"caption":"pont torpilleur Le Brestois 1932"},{"@type":"BreadcrumbList","@id":"https:\/\/www.verdieditions.com\/bretagne-photos\/produit\/sur-le-pont-du-torpilleur-le-brestois-en-1932\/#breadcrumb","itemListElement":[{"@type":"ListItem","position":1,"name":"Accueil","item":"https:\/\/www.verdieditions.com\/bretagne-photos\/"},{"@type":"ListItem","position":2,"name":"Boutique Photos","item":"https:\/\/www.verdieditions.com\/bretagne-photos\/shop\/"},{"@type":"ListItem","position":3,"name":"Sur le pont du torpilleur \u00ab&nbsp;Le Brestois \u00bb en 1932"}]},{"@type":"WebSite","@id":"https:\/\/www.verdieditions.com\/bretagne-photos\/#website","url":"https:\/\/www.verdieditions.com\/bretagne-photos\/","name":"Bretagne Photos","description":"Boutique Photos Histoire et Patrimoine de la Bretagne hier et aujourd\u2019hui","publisher":{"@id":"https:\/\/www.verdieditions.com\/bretagne-photos\/#\/schema\/person\/fc0081c9a1f479261147ba0b3d529c2c"},"potentialAction":[{"@type":"SearchAction","target":{"@type":"EntryPoint","urlTemplate":"https:\/\/www.verdieditions.com\/bretagne-photos\/?s={search_term_string}"},"query-input":{"@type":"PropertyValueSpecification","valueRequired":true,"valueName":"search_term_string"}}],"inLanguage":"fr-FR"},{"@type":["Person","Organization"],"@id":"https:\/\/www.verdieditions.com\/bretagne-photos\/#\/schema\/person\/fc0081c9a1f479261147ba0b3d529c2c","name":"Sylvie VERDI","image":{"@type":"ImageObject","inLanguage":"fr-FR","@id":"https:\/\/www.verdieditions.com\/bretagne-photos\/wp-content\/uploads\/2023\/09\/logo-bretagne-photos-2.png","url":"https:\/\/www.verdieditions.com\/bretagne-photos\/wp-content\/uploads\/2023\/09\/logo-bretagne-photos-2.png","contentUrl":"https:\/\/www.verdieditions.com\/bretagne-photos\/wp-content\/uploads\/2023\/09\/logo-bretagne-photos-2.png","width":270,"height":63,"caption":"Sylvie VERDI"},"logo":{"@id":"https:\/\/www.verdieditions.com\/bretagne-photos\/wp-content\/uploads\/2023\/09\/logo-bretagne-photos-2.png"},"sameAs":["https:\/\/www.verdieditions.com\/bretagne-photos"]}]}},"_links":{"self":[{"href":"https:\/\/www.verdieditions.com\/bretagne-photos\/wp-json\/wp\/v2\/product\/3236","targetHints":{"allow":["GET"]}}],"collection":[{"href":"https:\/\/www.verdieditions.com\/bretagne-photos\/wp-json\/wp\/v2\/product"}],"about":[{"href":"https:\/\/www.verdieditions.com\/bretagne-photos\/wp-json\/wp\/v2\/types\/product"}],"wp:featuredmedia":[{"embeddable":true,"href":"https:\/\/www.verdieditions.com\/bretagne-photos\/wp-json\/wp\/v2\/media\/3237"}],"wp:attachment":[{"href":"https:\/\/www.verdieditions.com\/bretagne-photos\/wp-json\/wp\/v2\/media?parent=3236"}],"wp:term":[{"taxonomy":"product_brand","embeddable":true,"href":"https:\/\/www.verdieditions.com\/bretagne-photos\/wp-json\/wp\/v2\/product_brand?post=3236"},{"taxonomy":"product_cat","embeddable":true,"href":"https:\/\/www.verdieditions.com\/bretagne-photos\/wp-json\/wp\/v2\/product_cat?post=3236"},{"taxonomy":"product_tag","embeddable":true,"href":"https:\/\/www.verdieditions.com\/bretagne-photos\/wp-json\/wp\/v2\/product_tag?post=3236"}],"curies":[{"name":"wp","href":"https:\/\/api.w.org\/{rel}","templated":true}]}}