{"id":3214,"date":"2024-07-20T11:00:00","date_gmt":"2024-07-20T09:00:00","guid":{"rendered":"https:\/\/www.verdieditions.com\/bretagne-photos\/?post_type=product&#038;p=3214"},"modified":"2024-07-29T11:44:27","modified_gmt":"2024-07-29T09:44:27","slug":"depart-benediction-mer-15-aout-1968-houat","status":"publish","type":"product","link":"https:\/\/www.verdieditions.com\/bretagne-photos\/produit\/depart-benediction-mer-15-aout-1968-houat\/","title":{"rendered":"D\u00e9part du port, 15 ao\u00fbt 1968, B\u00e9n\u00e9diction de la Mer"},"content":{"rendered":"<p>D\u00e9part du port, 15 ao\u00fbt 1968, B\u00e9n\u00e9diction de la Mer<br \/>\nAnn\u00e9e : 1968<br \/>\nLieu : Ile de Houat (56)<br \/>\nCr\u00e9dits : Sylvie Verdi, Collection Priv\u00e9e<br \/>\nFormat : JPG<br \/>\nQualit\u00e9 : 600 dpi<br \/>\nTaille : 2757 px x 1870 px<\/p>\n","protected":false},"excerpt":{"rendered":"<p>D\u00e9part du port, 15 ao\u00fbt 1968, B\u00e9n\u00e9diction de la Mer<br \/>\nAnn\u00e9e : 1968<br \/>\nLieu : Ile de Houat (56)<br \/>\nCr\u00e9dits : Sylvie Verdi, Collection Priv\u00e9e<br \/>\nFormat : JPG<br \/>\nQualit\u00e9 : 600 dpi<br \/>\nTaille : 2757 px x 1870 px<\/p>\n","protected":false},"featured_media":3215,"template":"","meta":{"_kadence_starter_templates_imported_post":true,"_kad_post_transparent":"default","_kad_post_title":"","_kad_post_layout":"default","_kad_post_sidebar_id":"","_kad_post_content_style":"default","_kad_post_vertical_padding":"default","_kad_post_feature":"","_kad_post_feature_position":"","_kad_post_header":false,"_kad_post_footer":false,"_kad_post_classname":""},"product_brand":[],"product_cat":[34],"product_tag":[76,43,41,35,85,120,42,46],"class_list":{"0":"post-3214","1":"product","2":"type-product","3":"status-publish","4":"has-post-thumbnail","6":"product_cat-evenements","7":"product_tag-annees-1960","8":"product_tag-bateau-de-peche","9":"product_tag-benediction","10":"product_tag-houat","11":"product_tag-morbihan","12":"product_tag-peche","13":"product_tag-port","14":"product_tag-religion","16":"first","17":"instock","18":"downloadable","19":"virtual","20":"sold-individually","21":"purchasable","22":"product-type-simple","23":"entry","24":"content-bg","25":"loop-entry"},"yoast_head":"<!-- This site is optimized with the Yoast SEO plugin v27.4 - https:\/\/yoast.com\/product\/yoast-seo-wordpress\/ -->\n<title>D\u00e9part du port, 15 ao\u00fbt 1968, B\u00e9n\u00e9diction de la Mer - Bretagne Photos<\/title>\n<meta name=\"description\" content=\"D\u00e9part du port, 15 ao\u00fbt 1968, B\u00e9n\u00e9diction de la Mer 1968 Ile de Houat (56) Cr\u00e9dits : Sylvie Verdi, Coll Priv\u00e9e Format : JPG - 600 dpi - 2757 px x 1870 px\" \/>\n<meta name=\"robots\" content=\"index, follow, max-snippet:-1, max-image-preview:large, max-video-preview:-1\" \/>\n<link rel=\"canonical\" href=\"https:\/\/www.verdieditions.com\/bretagne-photos\/produit\/depart-benediction-mer-15-aout-1968-houat\/\" \/>\n<meta property=\"og:locale\" content=\"fr_FR\" \/>\n<meta property=\"og:type\" content=\"article\" \/>\n<meta property=\"og:title\" content=\"D\u00e9part du port, 15 ao\u00fbt 1968, B\u00e9n\u00e9diction de la Mer - Bretagne Photos\" \/>\n<meta property=\"og:description\" content=\"D\u00e9part du port, 15 ao\u00fbt 1968, B\u00e9n\u00e9diction de la Mer 1968 Ile de Houat (56) Cr\u00e9dits : Sylvie Verdi, Coll Priv\u00e9e Format : JPG - 600 dpi - 2757 px x 1870 px\" \/>\n<meta property=\"og:url\" content=\"https:\/\/www.verdieditions.com\/bretagne-photos\/produit\/depart-benediction-mer-15-aout-1968-houat\/\" \/>\n<meta property=\"og:site_name\" content=\"Bretagne Photos\" \/>\n<meta property=\"article:modified_time\" content=\"2024-07-29T09:44:27+00:00\" \/>\n<meta property=\"og:image\" content=\"https:\/\/www.verdieditions.com\/bretagne-photos\/wp-content\/uploads\/2024\/07\/00858-SV-HOUw.jpg?v=1721232200\" \/>\n\t<meta property=\"og:image:width\" content=\"800\" \/>\n\t<meta property=\"og:image:height\" content=\"543\" \/>\n\t<meta property=\"og:image:type\" content=\"image\/jpeg\" \/>\n<meta name=\"twitter:card\" content=\"summary_large_image\" \/>\n<meta name=\"twitter:label1\" content=\"Dur\u00e9e de lecture estim\u00e9e\" \/>\n\t<meta name=\"twitter:data1\" content=\"1 minute\" \/>\n<script type=\"application\/ld+json\" class=\"yoast-schema-graph\">{\"@context\":\"https:\\\/\\\/schema.org\",\"@graph\":[{\"@type\":\"WebPage\",\"@id\":\"https:\\\/\\\/www.verdieditions.com\\\/bretagne-photos\\\/produit\\\/depart-benediction-mer-15-aout-1968-houat\\\/\",\"url\":\"https:\\\/\\\/www.verdieditions.com\\\/bretagne-photos\\\/produit\\\/depart-benediction-mer-15-aout-1968-houat\\\/\",\"name\":\"D\u00e9part du port, 15 ao\u00fbt 1968, B\u00e9n\u00e9diction de la Mer - Bretagne Photos\",\"isPartOf\":{\"@id\":\"https:\\\/\\\/www.verdieditions.com\\\/bretagne-photos\\\/#website\"},\"primaryImageOfPage\":{\"@id\":\"https:\\\/\\\/www.verdieditions.com\\\/bretagne-photos\\\/produit\\\/depart-benediction-mer-15-aout-1968-houat\\\/#primaryimage\"},\"image\":{\"@id\":\"https:\\\/\\\/www.verdieditions.com\\\/bretagne-photos\\\/produit\\\/depart-benediction-mer-15-aout-1968-houat\\\/#primaryimage\"},\"thumbnailUrl\":\"https:\\\/\\\/www.verdieditions.com\\\/bretagne-photos\\\/wp-content\\\/uploads\\\/2024\\\/07\\\/00858-SV-HOUw.jpg?v=1721232200\",\"datePublished\":\"2024-07-20T09:00:00+00:00\",\"dateModified\":\"2024-07-29T09:44:27+00:00\",\"description\":\"D\u00e9part du port, 15 ao\u00fbt 1968, B\u00e9n\u00e9diction de la Mer 1968 Ile de Houat (56) Cr\u00e9dits : Sylvie Verdi, Coll Priv\u00e9e Format : JPG - 600 dpi - 2757 px x 1870 px\",\"breadcrumb\":{\"@id\":\"https:\\\/\\\/www.verdieditions.com\\\/bretagne-photos\\\/produit\\\/depart-benediction-mer-15-aout-1968-houat\\\/#breadcrumb\"},\"inLanguage\":\"fr-FR\",\"potentialAction\":[{\"@type\":\"ReadAction\",\"target\":[\"https:\\\/\\\/www.verdieditions.com\\\/bretagne-photos\\\/produit\\\/depart-benediction-mer-15-aout-1968-houat\\\/\"]}]},{\"@type\":\"ImageObject\",\"inLanguage\":\"fr-FR\",\"@id\":\"https:\\\/\\\/www.verdieditions.com\\\/bretagne-photos\\\/produit\\\/depart-benediction-mer-15-aout-1968-houat\\\/#primaryimage\",\"url\":\"https:\\\/\\\/www.verdieditions.com\\\/bretagne-photos\\\/wp-content\\\/uploads\\\/2024\\\/07\\\/00858-SV-HOUw.jpg?v=1721232200\",\"contentUrl\":\"https:\\\/\\\/www.verdieditions.com\\\/bretagne-photos\\\/wp-content\\\/uploads\\\/2024\\\/07\\\/00858-SV-HOUw.jpg?v=1721232200\",\"width\":800,\"height\":543,\"caption\":\"D\u00e9part port 15 ao\u00fbt 1968 B\u00e9n\u00e9diction Mer\"},{\"@type\":\"BreadcrumbList\",\"@id\":\"https:\\\/\\\/www.verdieditions.com\\\/bretagne-photos\\\/produit\\\/depart-benediction-mer-15-aout-1968-houat\\\/#breadcrumb\",\"itemListElement\":[{\"@type\":\"ListItem\",\"position\":1,\"name\":\"Accueil\",\"item\":\"https:\\\/\\\/www.verdieditions.com\\\/bretagne-photos\\\/\"},{\"@type\":\"ListItem\",\"position\":2,\"name\":\"Boutique Photos\",\"item\":\"https:\\\/\\\/www.verdieditions.com\\\/bretagne-photos\\\/shop\\\/\"},{\"@type\":\"ListItem\",\"position\":3,\"name\":\"D\u00e9part du port, 15 ao\u00fbt 1968, B\u00e9n\u00e9diction de la Mer\"}]},{\"@type\":\"WebSite\",\"@id\":\"https:\\\/\\\/www.verdieditions.com\\\/bretagne-photos\\\/#website\",\"url\":\"https:\\\/\\\/www.verdieditions.com\\\/bretagne-photos\\\/\",\"name\":\"Bretagne Photos\",\"description\":\"Boutique Photos Histoire et Patrimoine de la Bretagne hier et aujourd\u2019hui\",\"publisher\":{\"@id\":\"https:\\\/\\\/www.verdieditions.com\\\/bretagne-photos\\\/#\\\/schema\\\/person\\\/fc0081c9a1f479261147ba0b3d529c2c\"},\"potentialAction\":[{\"@type\":\"SearchAction\",\"target\":{\"@type\":\"EntryPoint\",\"urlTemplate\":\"https:\\\/\\\/www.verdieditions.com\\\/bretagne-photos\\\/?s={search_term_string}\"},\"query-input\":{\"@type\":\"PropertyValueSpecification\",\"valueRequired\":true,\"valueName\":\"search_term_string\"}}],\"inLanguage\":\"fr-FR\"},{\"@type\":[\"Person\",\"Organization\"],\"@id\":\"https:\\\/\\\/www.verdieditions.com\\\/bretagne-photos\\\/#\\\/schema\\\/person\\\/fc0081c9a1f479261147ba0b3d529c2c\",\"name\":\"Sylvie VERDI\",\"image\":{\"@type\":\"ImageObject\",\"inLanguage\":\"fr-FR\",\"@id\":\"https:\\\/\\\/www.verdieditions.com\\\/bretagne-photos\\\/wp-content\\\/uploads\\\/2023\\\/09\\\/logo-bretagne-photos-2.png\",\"url\":\"https:\\\/\\\/www.verdieditions.com\\\/bretagne-photos\\\/wp-content\\\/uploads\\\/2023\\\/09\\\/logo-bretagne-photos-2.png\",\"contentUrl\":\"https:\\\/\\\/www.verdieditions.com\\\/bretagne-photos\\\/wp-content\\\/uploads\\\/2023\\\/09\\\/logo-bretagne-photos-2.png\",\"width\":270,\"height\":63,\"caption\":\"Sylvie VERDI\"},\"logo\":{\"@id\":\"https:\\\/\\\/www.verdieditions.com\\\/bretagne-photos\\\/wp-content\\\/uploads\\\/2023\\\/09\\\/logo-bretagne-photos-2.png\"},\"sameAs\":[\"https:\\\/\\\/www.verdieditions.com\\\/bretagne-photos\"]}]}<\/script>\n<!-- \/ Yoast SEO plugin. -->","yoast_head_json":{"title":"D\u00e9part du port, 15 ao\u00fbt 1968, B\u00e9n\u00e9diction de la Mer - Bretagne Photos","description":"D\u00e9part du port, 15 ao\u00fbt 1968, B\u00e9n\u00e9diction de la Mer 1968 Ile de Houat (56) Cr\u00e9dits : Sylvie Verdi, Coll Priv\u00e9e Format : JPG - 600 dpi - 2757 px x 1870 px","robots":{"index":"index","follow":"follow","max-snippet":"max-snippet:-1","max-image-preview":"max-image-preview:large","max-video-preview":"max-video-preview:-1"},"canonical":"https:\/\/www.verdieditions.com\/bretagne-photos\/produit\/depart-benediction-mer-15-aout-1968-houat\/","og_locale":"fr_FR","og_type":"article","og_title":"D\u00e9part du port, 15 ao\u00fbt 1968, B\u00e9n\u00e9diction de la Mer - Bretagne Photos","og_description":"D\u00e9part du port, 15 ao\u00fbt 1968, B\u00e9n\u00e9diction de la Mer 1968 Ile de Houat (56) Cr\u00e9dits : Sylvie Verdi, Coll Priv\u00e9e Format : JPG - 600 dpi - 2757 px x 1870 px","og_url":"https:\/\/www.verdieditions.com\/bretagne-photos\/produit\/depart-benediction-mer-15-aout-1968-houat\/","og_site_name":"Bretagne Photos","article_modified_time":"2024-07-29T09:44:27+00:00","og_image":[{"width":800,"height":543,"url":"https:\/\/www.verdieditions.com\/bretagne-photos\/wp-content\/uploads\/2024\/07\/00858-SV-HOUw.jpg?v=1721232200","type":"image\/jpeg"}],"twitter_card":"summary_large_image","twitter_misc":{"Dur\u00e9e de lecture estim\u00e9e":"1 minute"},"schema":{"@context":"https:\/\/schema.org","@graph":[{"@type":"WebPage","@id":"https:\/\/www.verdieditions.com\/bretagne-photos\/produit\/depart-benediction-mer-15-aout-1968-houat\/","url":"https:\/\/www.verdieditions.com\/bretagne-photos\/produit\/depart-benediction-mer-15-aout-1968-houat\/","name":"D\u00e9part du port, 15 ao\u00fbt 1968, B\u00e9n\u00e9diction de la Mer - Bretagne Photos","isPartOf":{"@id":"https:\/\/www.verdieditions.com\/bretagne-photos\/#website"},"primaryImageOfPage":{"@id":"https:\/\/www.verdieditions.com\/bretagne-photos\/produit\/depart-benediction-mer-15-aout-1968-houat\/#primaryimage"},"image":{"@id":"https:\/\/www.verdieditions.com\/bretagne-photos\/produit\/depart-benediction-mer-15-aout-1968-houat\/#primaryimage"},"thumbnailUrl":"https:\/\/www.verdieditions.com\/bretagne-photos\/wp-content\/uploads\/2024\/07\/00858-SV-HOUw.jpg?v=1721232200","datePublished":"2024-07-20T09:00:00+00:00","dateModified":"2024-07-29T09:44:27+00:00","description":"D\u00e9part du port, 15 ao\u00fbt 1968, B\u00e9n\u00e9diction de la Mer 1968 Ile de Houat (56) Cr\u00e9dits : Sylvie Verdi, Coll Priv\u00e9e Format : JPG - 600 dpi - 2757 px x 1870 px","breadcrumb":{"@id":"https:\/\/www.verdieditions.com\/bretagne-photos\/produit\/depart-benediction-mer-15-aout-1968-houat\/#breadcrumb"},"inLanguage":"fr-FR","potentialAction":[{"@type":"ReadAction","target":["https:\/\/www.verdieditions.com\/bretagne-photos\/produit\/depart-benediction-mer-15-aout-1968-houat\/"]}]},{"@type":"ImageObject","inLanguage":"fr-FR","@id":"https:\/\/www.verdieditions.com\/bretagne-photos\/produit\/depart-benediction-mer-15-aout-1968-houat\/#primaryimage","url":"https:\/\/www.verdieditions.com\/bretagne-photos\/wp-content\/uploads\/2024\/07\/00858-SV-HOUw.jpg?v=1721232200","contentUrl":"https:\/\/www.verdieditions.com\/bretagne-photos\/wp-content\/uploads\/2024\/07\/00858-SV-HOUw.jpg?v=1721232200","width":800,"height":543,"caption":"D\u00e9part port 15 ao\u00fbt 1968 B\u00e9n\u00e9diction Mer"},{"@type":"BreadcrumbList","@id":"https:\/\/www.verdieditions.com\/bretagne-photos\/produit\/depart-benediction-mer-15-aout-1968-houat\/#breadcrumb","itemListElement":[{"@type":"ListItem","position":1,"name":"Accueil","item":"https:\/\/www.verdieditions.com\/bretagne-photos\/"},{"@type":"ListItem","position":2,"name":"Boutique Photos","item":"https:\/\/www.verdieditions.com\/bretagne-photos\/shop\/"},{"@type":"ListItem","position":3,"name":"D\u00e9part du port, 15 ao\u00fbt 1968, B\u00e9n\u00e9diction de la Mer"}]},{"@type":"WebSite","@id":"https:\/\/www.verdieditions.com\/bretagne-photos\/#website","url":"https:\/\/www.verdieditions.com\/bretagne-photos\/","name":"Bretagne Photos","description":"Boutique Photos Histoire et Patrimoine de la Bretagne hier et aujourd\u2019hui","publisher":{"@id":"https:\/\/www.verdieditions.com\/bretagne-photos\/#\/schema\/person\/fc0081c9a1f479261147ba0b3d529c2c"},"potentialAction":[{"@type":"SearchAction","target":{"@type":"EntryPoint","urlTemplate":"https:\/\/www.verdieditions.com\/bretagne-photos\/?s={search_term_string}"},"query-input":{"@type":"PropertyValueSpecification","valueRequired":true,"valueName":"search_term_string"}}],"inLanguage":"fr-FR"},{"@type":["Person","Organization"],"@id":"https:\/\/www.verdieditions.com\/bretagne-photos\/#\/schema\/person\/fc0081c9a1f479261147ba0b3d529c2c","name":"Sylvie VERDI","image":{"@type":"ImageObject","inLanguage":"fr-FR","@id":"https:\/\/www.verdieditions.com\/bretagne-photos\/wp-content\/uploads\/2023\/09\/logo-bretagne-photos-2.png","url":"https:\/\/www.verdieditions.com\/bretagne-photos\/wp-content\/uploads\/2023\/09\/logo-bretagne-photos-2.png","contentUrl":"https:\/\/www.verdieditions.com\/bretagne-photos\/wp-content\/uploads\/2023\/09\/logo-bretagne-photos-2.png","width":270,"height":63,"caption":"Sylvie VERDI"},"logo":{"@id":"https:\/\/www.verdieditions.com\/bretagne-photos\/wp-content\/uploads\/2023\/09\/logo-bretagne-photos-2.png"},"sameAs":["https:\/\/www.verdieditions.com\/bretagne-photos"]}]}},"_links":{"self":[{"href":"https:\/\/www.verdieditions.com\/bretagne-photos\/wp-json\/wp\/v2\/product\/3214","targetHints":{"allow":["GET"]}}],"collection":[{"href":"https:\/\/www.verdieditions.com\/bretagne-photos\/wp-json\/wp\/v2\/product"}],"about":[{"href":"https:\/\/www.verdieditions.com\/bretagne-photos\/wp-json\/wp\/v2\/types\/product"}],"wp:featuredmedia":[{"embeddable":true,"href":"https:\/\/www.verdieditions.com\/bretagne-photos\/wp-json\/wp\/v2\/media\/3215"}],"wp:attachment":[{"href":"https:\/\/www.verdieditions.com\/bretagne-photos\/wp-json\/wp\/v2\/media?parent=3214"}],"wp:term":[{"taxonomy":"product_brand","embeddable":true,"href":"https:\/\/www.verdieditions.com\/bretagne-photos\/wp-json\/wp\/v2\/product_brand?post=3214"},{"taxonomy":"product_cat","embeddable":true,"href":"https:\/\/www.verdieditions.com\/bretagne-photos\/wp-json\/wp\/v2\/product_cat?post=3214"},{"taxonomy":"product_tag","embeddable":true,"href":"https:\/\/www.verdieditions.com\/bretagne-photos\/wp-json\/wp\/v2\/product_tag?post=3214"}],"curies":[{"name":"wp","href":"https:\/\/api.w.org\/{rel}","templated":true}]}}