{"id":3211,"date":"2024-07-19T13:47:00","date_gmt":"2024-07-19T11:47:00","guid":{"rendered":"https:\/\/www.verdieditions.com\/bretagne-photos\/?post_type=product&#038;p=3211"},"modified":"2024-07-17T18:04:55","modified_gmt":"2024-07-17T16:04:55","slug":"retour-de-la-fontaine-houat-1969","status":"publish","type":"product","link":"https:\/\/www.verdieditions.com\/bretagne-photos\/produit\/retour-de-la-fontaine-houat-1969\/","title":{"rendered":"Retour de la Fontaine, la corv\u00e9e d&rsquo;eau"},"content":{"rendered":"<p>Retour de la Fontaine, la corv\u00e9e d&rsquo;eau<br \/>\nAnn\u00e9e : 1969<br \/>\nLieu : Ile de Houat (56)<br \/>\nCr\u00e9dits : Sylvie Verdi, Collection Priv\u00e9e<br \/>\nFormat : JPG<br \/>\nQualit\u00e9 : 300 dpi<br \/>\nTaille : 1378 px x 953 px<\/p>\n<h3> La Fontaine <\/h3>\n<p><em>Pour les besoins en eau, il y avait quatre fontaines et deux puits. C\u2019\u00e9taient surtout les enfants qui allaient la chercher dans des brocs. Il ne fallait pas \u00eatre press\u00e9 car l\u2019\u00e9t\u00e9, ils en profitaient pour prendre un bain \u00e0 la plage. La fontaine la plus utilis\u00e9e \u00e9tait celle qui se trouve dans l\u2019est du village, \u00e0 la plage de la Fontaine.<\/em>(&#8230;)<br \/>\n<a href=\"https:\/\/www.verdieditions.com\/portfolio\/sylvie-verdi-histoires-houat\/\">Source<\/a><\/p>\n<h3> La corv\u00e9e d&rsquo;eau <\/h3>\n<p>Une corv\u00e9e d&rsquo;eau est une mobilit\u00e9 contrainte relevant du travail domestique, r\u00e9v\u00e9latrice de la p\u00e9nurie d&rsquo;eau. L&rsquo;expression d\u00e9signe le d\u00e9placement effectu\u00e9 r\u00e9guli\u00e8rement pour s&rsquo;approvisionner en eau \u00e0 l&rsquo;ext\u00e9rieur du domicile.<\/p>\n","protected":false},"excerpt":{"rendered":"<p>Retour de la Fontaine, la corv\u00e9e d&rsquo;eau<br \/>\nAnn\u00e9e : 1969<br \/>\nLieu : Ile de Houat (56)<br \/>\nCr\u00e9dits : Sylvie Verdi, Collection Priv\u00e9e<br \/>\nFormat : JPG<br \/>\nQualit\u00e9 : 300 dpi<br \/>\nTaille : 1378 px x 953 px<\/p>\n","protected":false},"featured_media":3213,"template":"","meta":{"_kadence_starter_templates_imported_post":true,"_kad_post_transparent":"default","_kad_post_title":"","_kad_post_layout":"default","_kad_post_sidebar_id":"","_kad_post_content_style":"default","_kad_post_vertical_padding":"default","_kad_post_feature":"","_kad_post_feature_position":"","_kad_post_header":false,"_kad_post_footer":false,"_kad_post_classname":""},"product_brand":[],"product_cat":[34],"product_tag":[76,35,85],"class_list":{"0":"post-3211","1":"product","2":"type-product","3":"status-publish","4":"has-post-thumbnail","6":"product_cat-evenements","7":"product_tag-annees-1960","8":"product_tag-houat","9":"product_tag-morbihan","11":"first","12":"instock","13":"downloadable","14":"virtual","15":"sold-individually","16":"purchasable","17":"product-type-simple","18":"entry","19":"content-bg","20":"loop-entry"},"yoast_head":"<!-- This site is optimized with the Yoast SEO plugin v27.4 - https:\/\/yoast.com\/product\/yoast-seo-wordpress\/ -->\n<title>Retour de la Fontaine, la corv\u00e9e d&#039;eau - Bretagne Photos<\/title>\n<meta name=\"description\" content=\"Retour de la Fontaine, la corv\u00e9e d&#039;eau 1969 Ile de Houat (56) Cr\u00e9dits : Sylvie Verdi, Coll Priv\u00e9e Format : JPG Qlt\u00e9 : 300 dpi Taille : 1378 px x 953 px\" \/>\n<meta name=\"robots\" content=\"index, follow, max-snippet:-1, max-image-preview:large, max-video-preview:-1\" \/>\n<link rel=\"canonical\" href=\"https:\/\/www.verdieditions.com\/bretagne-photos\/produit\/retour-de-la-fontaine-houat-1969\/\" \/>\n<meta property=\"og:locale\" content=\"fr_FR\" \/>\n<meta property=\"og:type\" content=\"article\" \/>\n<meta property=\"og:title\" content=\"Retour de la Fontaine, la corv\u00e9e d&#039;eau - Bretagne Photos\" \/>\n<meta property=\"og:description\" content=\"Retour de la Fontaine, la corv\u00e9e d&#039;eau 1969 Ile de Houat (56) Cr\u00e9dits : Sylvie Verdi, Coll Priv\u00e9e Format : JPG Qlt\u00e9 : 300 dpi Taille : 1378 px x 953 px\" \/>\n<meta property=\"og:url\" content=\"https:\/\/www.verdieditions.com\/bretagne-photos\/produit\/retour-de-la-fontaine-houat-1969\/\" \/>\n<meta property=\"og:site_name\" content=\"Bretagne Photos\" \/>\n<meta property=\"og:image\" content=\"https:\/\/www.verdieditions.com\/bretagne-photos\/wp-content\/uploads\/2024\/07\/00620-SV-HOUw.jpg?v=1721131092\" \/>\n\t<meta property=\"og:image:width\" content=\"800\" \/>\n\t<meta property=\"og:image:height\" content=\"553\" \/>\n\t<meta property=\"og:image:type\" content=\"image\/jpeg\" \/>\n<meta name=\"twitter:card\" content=\"summary_large_image\" \/>\n<meta name=\"twitter:label1\" content=\"Dur\u00e9e de lecture estim\u00e9e\" \/>\n\t<meta name=\"twitter:data1\" content=\"1 minute\" \/>\n<script type=\"application\/ld+json\" class=\"yoast-schema-graph\">{\"@context\":\"https:\\\/\\\/schema.org\",\"@graph\":[{\"@type\":\"WebPage\",\"@id\":\"https:\\\/\\\/www.verdieditions.com\\\/bretagne-photos\\\/produit\\\/retour-de-la-fontaine-houat-1969\\\/\",\"url\":\"https:\\\/\\\/www.verdieditions.com\\\/bretagne-photos\\\/produit\\\/retour-de-la-fontaine-houat-1969\\\/\",\"name\":\"Retour de la Fontaine, la corv\u00e9e d'eau - Bretagne Photos\",\"isPartOf\":{\"@id\":\"https:\\\/\\\/www.verdieditions.com\\\/bretagne-photos\\\/#website\"},\"primaryImageOfPage\":{\"@id\":\"https:\\\/\\\/www.verdieditions.com\\\/bretagne-photos\\\/produit\\\/retour-de-la-fontaine-houat-1969\\\/#primaryimage\"},\"image\":{\"@id\":\"https:\\\/\\\/www.verdieditions.com\\\/bretagne-photos\\\/produit\\\/retour-de-la-fontaine-houat-1969\\\/#primaryimage\"},\"thumbnailUrl\":\"https:\\\/\\\/www.verdieditions.com\\\/bretagne-photos\\\/wp-content\\\/uploads\\\/2024\\\/07\\\/00620-SV-HOUw.jpg?v=1721131092\",\"datePublished\":\"2024-07-19T11:47:00+00:00\",\"description\":\"Retour de la Fontaine, la corv\u00e9e d'eau 1969 Ile de Houat (56) Cr\u00e9dits : Sylvie Verdi, Coll Priv\u00e9e Format : JPG Qlt\u00e9 : 300 dpi Taille : 1378 px x 953 px\",\"breadcrumb\":{\"@id\":\"https:\\\/\\\/www.verdieditions.com\\\/bretagne-photos\\\/produit\\\/retour-de-la-fontaine-houat-1969\\\/#breadcrumb\"},\"inLanguage\":\"fr-FR\",\"potentialAction\":[{\"@type\":\"ReadAction\",\"target\":[\"https:\\\/\\\/www.verdieditions.com\\\/bretagne-photos\\\/produit\\\/retour-de-la-fontaine-houat-1969\\\/\"]}]},{\"@type\":\"ImageObject\",\"inLanguage\":\"fr-FR\",\"@id\":\"https:\\\/\\\/www.verdieditions.com\\\/bretagne-photos\\\/produit\\\/retour-de-la-fontaine-houat-1969\\\/#primaryimage\",\"url\":\"https:\\\/\\\/www.verdieditions.com\\\/bretagne-photos\\\/wp-content\\\/uploads\\\/2024\\\/07\\\/00620-SV-HOUw.jpg?v=1721131092\",\"contentUrl\":\"https:\\\/\\\/www.verdieditions.com\\\/bretagne-photos\\\/wp-content\\\/uploads\\\/2024\\\/07\\\/00620-SV-HOUw.jpg?v=1721131092\",\"width\":800,\"height\":553,\"caption\":\"Retour la Fontaine corv\u00e9e eau\"},{\"@type\":\"BreadcrumbList\",\"@id\":\"https:\\\/\\\/www.verdieditions.com\\\/bretagne-photos\\\/produit\\\/retour-de-la-fontaine-houat-1969\\\/#breadcrumb\",\"itemListElement\":[{\"@type\":\"ListItem\",\"position\":1,\"name\":\"Accueil\",\"item\":\"https:\\\/\\\/www.verdieditions.com\\\/bretagne-photos\\\/\"},{\"@type\":\"ListItem\",\"position\":2,\"name\":\"Boutique Photos\",\"item\":\"https:\\\/\\\/www.verdieditions.com\\\/bretagne-photos\\\/shop\\\/\"},{\"@type\":\"ListItem\",\"position\":3,\"name\":\"Retour de la Fontaine, la corv\u00e9e d&#8217;eau\"}]},{\"@type\":\"WebSite\",\"@id\":\"https:\\\/\\\/www.verdieditions.com\\\/bretagne-photos\\\/#website\",\"url\":\"https:\\\/\\\/www.verdieditions.com\\\/bretagne-photos\\\/\",\"name\":\"Bretagne Photos\",\"description\":\"Boutique Photos Histoire et Patrimoine de la Bretagne hier et aujourd\u2019hui\",\"publisher\":{\"@id\":\"https:\\\/\\\/www.verdieditions.com\\\/bretagne-photos\\\/#\\\/schema\\\/person\\\/fc0081c9a1f479261147ba0b3d529c2c\"},\"potentialAction\":[{\"@type\":\"SearchAction\",\"target\":{\"@type\":\"EntryPoint\",\"urlTemplate\":\"https:\\\/\\\/www.verdieditions.com\\\/bretagne-photos\\\/?s={search_term_string}\"},\"query-input\":{\"@type\":\"PropertyValueSpecification\",\"valueRequired\":true,\"valueName\":\"search_term_string\"}}],\"inLanguage\":\"fr-FR\"},{\"@type\":[\"Person\",\"Organization\"],\"@id\":\"https:\\\/\\\/www.verdieditions.com\\\/bretagne-photos\\\/#\\\/schema\\\/person\\\/fc0081c9a1f479261147ba0b3d529c2c\",\"name\":\"Sylvie VERDI\",\"image\":{\"@type\":\"ImageObject\",\"inLanguage\":\"fr-FR\",\"@id\":\"https:\\\/\\\/www.verdieditions.com\\\/bretagne-photos\\\/wp-content\\\/uploads\\\/2023\\\/09\\\/logo-bretagne-photos-2.png\",\"url\":\"https:\\\/\\\/www.verdieditions.com\\\/bretagne-photos\\\/wp-content\\\/uploads\\\/2023\\\/09\\\/logo-bretagne-photos-2.png\",\"contentUrl\":\"https:\\\/\\\/www.verdieditions.com\\\/bretagne-photos\\\/wp-content\\\/uploads\\\/2023\\\/09\\\/logo-bretagne-photos-2.png\",\"width\":270,\"height\":63,\"caption\":\"Sylvie VERDI\"},\"logo\":{\"@id\":\"https:\\\/\\\/www.verdieditions.com\\\/bretagne-photos\\\/wp-content\\\/uploads\\\/2023\\\/09\\\/logo-bretagne-photos-2.png\"},\"sameAs\":[\"https:\\\/\\\/www.verdieditions.com\\\/bretagne-photos\"]}]}<\/script>\n<!-- \/ Yoast SEO plugin. -->","yoast_head_json":{"title":"Retour de la Fontaine, la corv\u00e9e d'eau - Bretagne Photos","description":"Retour de la Fontaine, la corv\u00e9e d'eau 1969 Ile de Houat (56) Cr\u00e9dits : Sylvie Verdi, Coll Priv\u00e9e Format : JPG Qlt\u00e9 : 300 dpi Taille : 1378 px x 953 px","robots":{"index":"index","follow":"follow","max-snippet":"max-snippet:-1","max-image-preview":"max-image-preview:large","max-video-preview":"max-video-preview:-1"},"canonical":"https:\/\/www.verdieditions.com\/bretagne-photos\/produit\/retour-de-la-fontaine-houat-1969\/","og_locale":"fr_FR","og_type":"article","og_title":"Retour de la Fontaine, la corv\u00e9e d'eau - Bretagne Photos","og_description":"Retour de la Fontaine, la corv\u00e9e d'eau 1969 Ile de Houat (56) Cr\u00e9dits : Sylvie Verdi, Coll Priv\u00e9e Format : JPG Qlt\u00e9 : 300 dpi Taille : 1378 px x 953 px","og_url":"https:\/\/www.verdieditions.com\/bretagne-photos\/produit\/retour-de-la-fontaine-houat-1969\/","og_site_name":"Bretagne Photos","og_image":[{"width":800,"height":553,"url":"https:\/\/www.verdieditions.com\/bretagne-photos\/wp-content\/uploads\/2024\/07\/00620-SV-HOUw.jpg?v=1721131092","type":"image\/jpeg"}],"twitter_card":"summary_large_image","twitter_misc":{"Dur\u00e9e de lecture estim\u00e9e":"1 minute"},"schema":{"@context":"https:\/\/schema.org","@graph":[{"@type":"WebPage","@id":"https:\/\/www.verdieditions.com\/bretagne-photos\/produit\/retour-de-la-fontaine-houat-1969\/","url":"https:\/\/www.verdieditions.com\/bretagne-photos\/produit\/retour-de-la-fontaine-houat-1969\/","name":"Retour de la Fontaine, la corv\u00e9e d'eau - Bretagne Photos","isPartOf":{"@id":"https:\/\/www.verdieditions.com\/bretagne-photos\/#website"},"primaryImageOfPage":{"@id":"https:\/\/www.verdieditions.com\/bretagne-photos\/produit\/retour-de-la-fontaine-houat-1969\/#primaryimage"},"image":{"@id":"https:\/\/www.verdieditions.com\/bretagne-photos\/produit\/retour-de-la-fontaine-houat-1969\/#primaryimage"},"thumbnailUrl":"https:\/\/www.verdieditions.com\/bretagne-photos\/wp-content\/uploads\/2024\/07\/00620-SV-HOUw.jpg?v=1721131092","datePublished":"2024-07-19T11:47:00+00:00","description":"Retour de la Fontaine, la corv\u00e9e d'eau 1969 Ile de Houat (56) Cr\u00e9dits : Sylvie Verdi, Coll Priv\u00e9e Format : JPG Qlt\u00e9 : 300 dpi Taille : 1378 px x 953 px","breadcrumb":{"@id":"https:\/\/www.verdieditions.com\/bretagne-photos\/produit\/retour-de-la-fontaine-houat-1969\/#breadcrumb"},"inLanguage":"fr-FR","potentialAction":[{"@type":"ReadAction","target":["https:\/\/www.verdieditions.com\/bretagne-photos\/produit\/retour-de-la-fontaine-houat-1969\/"]}]},{"@type":"ImageObject","inLanguage":"fr-FR","@id":"https:\/\/www.verdieditions.com\/bretagne-photos\/produit\/retour-de-la-fontaine-houat-1969\/#primaryimage","url":"https:\/\/www.verdieditions.com\/bretagne-photos\/wp-content\/uploads\/2024\/07\/00620-SV-HOUw.jpg?v=1721131092","contentUrl":"https:\/\/www.verdieditions.com\/bretagne-photos\/wp-content\/uploads\/2024\/07\/00620-SV-HOUw.jpg?v=1721131092","width":800,"height":553,"caption":"Retour la Fontaine corv\u00e9e eau"},{"@type":"BreadcrumbList","@id":"https:\/\/www.verdieditions.com\/bretagne-photos\/produit\/retour-de-la-fontaine-houat-1969\/#breadcrumb","itemListElement":[{"@type":"ListItem","position":1,"name":"Accueil","item":"https:\/\/www.verdieditions.com\/bretagne-photos\/"},{"@type":"ListItem","position":2,"name":"Boutique Photos","item":"https:\/\/www.verdieditions.com\/bretagne-photos\/shop\/"},{"@type":"ListItem","position":3,"name":"Retour de la Fontaine, la corv\u00e9e d&#8217;eau"}]},{"@type":"WebSite","@id":"https:\/\/www.verdieditions.com\/bretagne-photos\/#website","url":"https:\/\/www.verdieditions.com\/bretagne-photos\/","name":"Bretagne Photos","description":"Boutique Photos Histoire et Patrimoine de la Bretagne hier et aujourd\u2019hui","publisher":{"@id":"https:\/\/www.verdieditions.com\/bretagne-photos\/#\/schema\/person\/fc0081c9a1f479261147ba0b3d529c2c"},"potentialAction":[{"@type":"SearchAction","target":{"@type":"EntryPoint","urlTemplate":"https:\/\/www.verdieditions.com\/bretagne-photos\/?s={search_term_string}"},"query-input":{"@type":"PropertyValueSpecification","valueRequired":true,"valueName":"search_term_string"}}],"inLanguage":"fr-FR"},{"@type":["Person","Organization"],"@id":"https:\/\/www.verdieditions.com\/bretagne-photos\/#\/schema\/person\/fc0081c9a1f479261147ba0b3d529c2c","name":"Sylvie VERDI","image":{"@type":"ImageObject","inLanguage":"fr-FR","@id":"https:\/\/www.verdieditions.com\/bretagne-photos\/wp-content\/uploads\/2023\/09\/logo-bretagne-photos-2.png","url":"https:\/\/www.verdieditions.com\/bretagne-photos\/wp-content\/uploads\/2023\/09\/logo-bretagne-photos-2.png","contentUrl":"https:\/\/www.verdieditions.com\/bretagne-photos\/wp-content\/uploads\/2023\/09\/logo-bretagne-photos-2.png","width":270,"height":63,"caption":"Sylvie VERDI"},"logo":{"@id":"https:\/\/www.verdieditions.com\/bretagne-photos\/wp-content\/uploads\/2023\/09\/logo-bretagne-photos-2.png"},"sameAs":["https:\/\/www.verdieditions.com\/bretagne-photos"]}]}},"_links":{"self":[{"href":"https:\/\/www.verdieditions.com\/bretagne-photos\/wp-json\/wp\/v2\/product\/3211","targetHints":{"allow":["GET"]}}],"collection":[{"href":"https:\/\/www.verdieditions.com\/bretagne-photos\/wp-json\/wp\/v2\/product"}],"about":[{"href":"https:\/\/www.verdieditions.com\/bretagne-photos\/wp-json\/wp\/v2\/types\/product"}],"wp:featuredmedia":[{"embeddable":true,"href":"https:\/\/www.verdieditions.com\/bretagne-photos\/wp-json\/wp\/v2\/media\/3213"}],"wp:attachment":[{"href":"https:\/\/www.verdieditions.com\/bretagne-photos\/wp-json\/wp\/v2\/media?parent=3211"}],"wp:term":[{"taxonomy":"product_brand","embeddable":true,"href":"https:\/\/www.verdieditions.com\/bretagne-photos\/wp-json\/wp\/v2\/product_brand?post=3211"},{"taxonomy":"product_cat","embeddable":true,"href":"https:\/\/www.verdieditions.com\/bretagne-photos\/wp-json\/wp\/v2\/product_cat?post=3211"},{"taxonomy":"product_tag","embeddable":true,"href":"https:\/\/www.verdieditions.com\/bretagne-photos\/wp-json\/wp\/v2\/product_tag?post=3211"}],"curies":[{"name":"wp","href":"https:\/\/api.w.org\/{rel}","templated":true}]}}