{"id":3158,"date":"2024-07-05T09:03:59","date_gmt":"2024-07-05T07:03:59","guid":{"rendered":"https:\/\/www.verdieditions.com\/bretagne-photos\/?post_type=product&#038;p=3158"},"modified":"2024-07-05T16:26:58","modified_gmt":"2024-07-05T14:26:58","slug":"ramassage-foins-chapeau-capote-houat-kichenotte-quichenotte","status":"publish","type":"product","link":"https:\/\/www.verdieditions.com\/bretagne-photos\/produit\/ramassage-foins-chapeau-capote-houat-kichenotte-quichenotte\/","title":{"rendered":"Le ramassage des foins, le chapeau Capote (Kichenotte)"},"content":{"rendered":"<p>Le ramassage des foins, le chapeau Capote (Kichenotte ou Quichenotte)<br \/>\nAnn\u00e9e : 1968<br \/>\nLieu : \u00cele de Houat (56)<br \/>\nCr\u00e9dits : Sylvie Verdi, Collection Priv\u00e9e<br \/>\nFormat : JPG<br \/>\nQualit\u00e9 : 300 dpi<br \/>\nTaille : 2106 px x 1407 px<\/p>\n<h3> La Capote, le chapeau Capote ou Kichenotte ou Quichenotte<\/h3>\n<p>R\u00e9gion. (Ouest, notamment littoral charentais et vend\u00e9en). Coiffe paysanne de travail, aplatie sur le dessus de la t\u00eate, orn\u00e9e vers l&rsquo;arri\u00e8re d&rsquo;un repli l\u00e9g\u00e8rement ondul\u00e9 et qui retombe en un large pan prot\u00e9geant les c\u00f4t\u00e9s du visage et la nuque. Sous la quichenotte de toile qui me l&rsquo;avait d&rsquo;abord cach\u00e9e, je reconnus mon ancienne ma\u00eetresse (Tharaud, Ma\u00eetr. serv., 1911, p. 298).Aujourd&rsquo;hui, les \u00eeles sont rest\u00e9es fid\u00e8les \u00e0 la kichenotte. Elle est la seule coiffe qu&rsquo;on est encore s\u00fbr de rencontrer tous les jours dans nos r\u00e9gions, mais on la trouve aussi \u00e0 Marans (M.-Cl. Monchaux, Coiffes d&rsquo;Aunis et de Saintonge, La Rochelle, \u00e9d. M\u00e9lusine, 1975, p. 29).<br \/>\nPrononc.: [ki\u0283n\u0254t]. \u00c9tymol. et Hist. Av. 1890 [1858] (Citation d&rsquo;un vieux cahier de la s\u0153ur de l&rsquo;auteur ds P. Loti, Le Roman d&rsquo;un enfant, 85-86 ds R\u00e9z. Ouest 1984). Terme de la r\u00e9gion nantaise, de Vend\u00e9e et de Charente-Maritime (v. FEW t. 18, p. 77b) consid\u00e9r\u00e9, \u00e0 la suite de Jonain 1869, comme une alt\u00e9r. de l&rsquo;angl. kiss not \u00ab n&#8217;embrassez pas \u00bb empl. p. plaisant. pour d\u00e9signer une coiffe prot\u00e9geant le visage. Alors que Dauzat Ling. fr. 1946, p. 157 y voit un d\u00e9r., pour d\u00e9signer la coiffure des faneuses, du type cuchon < kis\u030co\u0301 \u00ab tas de foin \u00bb r\u00e9pandu dans le Centre et le Midi, R\u00e9z., loc. cit. le rapproche du lim. de m\u00eame sens kaisun\u0254t\u0259 \u00e0 rattacher au lat. capsa \u00ab bo\u00eete, coffre \u00bb (v. FEW t. 2, p. 213b).<br \/>\n<a href=\"https:\/\/www.cnrtl.fr\/definition\/kichenotte\">Source<\/a><\/p>\n<p>Le chapeau capote date du IIe R\u00e9publique &#8211; 2nd Empire.<br \/>\nLa capote est un chapeau sp\u00e9cifique qui recouvre la chevelure de la femme. Sa forme arrondie encadre l\u2019ovale du visage. Il se noue par des rubans sous le menton. Il forme \u00e0 l\u2019arri\u00e8re une coque venant accueillir et cacher le chignon de nuque.<br \/>\nSous le Second Empire, la capote est encore \u00e0 la mode mais se pr\u00e9pare \u00e0 subir de nombreuses modifications.<br \/>\nAu fil des ann\u00e9es 1850, la capote perd de sa rigidit\u00e9 et gagne en souplesse. La partie de la nuque est progressivement remplac\u00e9e par un bavolet.<br \/>\n<a href=\"https:\/\/www.napoleon.org\/magazine\/plaisirs-napoleoniens\/accessoire-de-mode-le-chapeau-capote\/\">Source<\/a><\/p>\n","protected":false},"excerpt":{"rendered":"<p>Le ramassage des foins, le chapeau Capote (Kichenotte ou Quichenotte)<\/p>\n<p>Ann\u00e9e : 1968<br \/>\nLieu : \u00cele de Houat (56)<br \/>\nCr\u00e9dits : Sylvie Verdi, Collection Priv\u00e9e<br \/>\nFormat : JPG<br \/>\nQualit\u00e9 : 300 dpi<br \/>\nTaille : 2106 px x 1407 px<\/p>\n","protected":false},"featured_media":3159,"template":"","meta":{"_kadence_starter_templates_imported_post":true,"_kad_post_transparent":"default","_kad_post_title":"","_kad_post_layout":"default","_kad_post_sidebar_id":"","_kad_post_content_style":"default","_kad_post_vertical_padding":"default","_kad_post_feature":"","_kad_post_feature_position":"","_kad_post_header":false,"_kad_post_footer":false,"_kad_post_classname":""},"product_brand":[],"product_cat":[34],"product_tag":[112,76,35,85,53],"class_list":{"0":"post-3158","1":"product","2":"type-product","3":"status-publish","4":"has-post-thumbnail","6":"product_cat-evenements","7":"product_tag-agriculture","8":"product_tag-annees-1960","9":"product_tag-houat","10":"product_tag-morbihan","11":"product_tag-nature","13":"first","14":"instock","15":"downloadable","16":"virtual","17":"sold-individually","18":"purchasable","19":"product-type-simple","20":"entry","21":"content-bg","22":"loop-entry"},"yoast_head":"<!-- This site is optimized with the Yoast SEO plugin v27.4 - https:\/\/yoast.com\/product\/yoast-seo-wordpress\/ -->\n<title>Le ramassage des foins, le chapeau Capote (Kichenotte) - Bretagne Photos<\/title>\n<meta name=\"description\" content=\"Le ramassage des foins, le chapeau Capote (Kichenotte ou Quichenotte) 1968 Houat (56) Cr\u00e9dits : Sylvie Verdi, Coll Priv\u00e9e JPG 300 dpi 2106 px x 1407 px\" \/>\n<meta name=\"robots\" content=\"index, follow, max-snippet:-1, max-image-preview:large, max-video-preview:-1\" \/>\n<link rel=\"canonical\" href=\"https:\/\/www.verdieditions.com\/bretagne-photos\/produit\/ramassage-foins-chapeau-capote-houat-kichenotte-quichenotte\/\" \/>\n<meta property=\"og:locale\" content=\"fr_FR\" \/>\n<meta property=\"og:type\" content=\"article\" \/>\n<meta property=\"og:title\" content=\"Le ramassage des foins, le chapeau Capote (Kichenotte) - Bretagne Photos\" \/>\n<meta property=\"og:description\" content=\"Le ramassage des foins, le chapeau Capote (Kichenotte ou Quichenotte) 1968 Houat (56) Cr\u00e9dits : Sylvie Verdi, Coll Priv\u00e9e JPG 300 dpi 2106 px x 1407 px\" \/>\n<meta property=\"og:url\" content=\"https:\/\/www.verdieditions.com\/bretagne-photos\/produit\/ramassage-foins-chapeau-capote-houat-kichenotte-quichenotte\/\" \/>\n<meta property=\"og:site_name\" content=\"Bretagne Photos\" \/>\n<meta property=\"article:modified_time\" content=\"2024-07-05T14:26:58+00:00\" \/>\n<meta property=\"og:image\" content=\"https:\/\/www.verdieditions.com\/bretagne-photos\/wp-content\/uploads\/2024\/07\/00706-SV-HOUw.jpg?v=1720163966\" \/>\n\t<meta property=\"og:image:width\" content=\"800\" \/>\n\t<meta property=\"og:image:height\" content=\"534\" \/>\n\t<meta property=\"og:image:type\" content=\"image\/jpeg\" \/>\n<meta name=\"twitter:card\" content=\"summary_large_image\" \/>\n<meta name=\"twitter:label1\" content=\"Dur\u00e9e de lecture estim\u00e9e\" \/>\n\t<meta name=\"twitter:data1\" content=\"2 minutes\" \/>\n<script type=\"application\/ld+json\" class=\"yoast-schema-graph\">{\"@context\":\"https:\\\/\\\/schema.org\",\"@graph\":[{\"@type\":\"WebPage\",\"@id\":\"https:\\\/\\\/www.verdieditions.com\\\/bretagne-photos\\\/produit\\\/ramassage-foins-chapeau-capote-houat-kichenotte-quichenotte\\\/\",\"url\":\"https:\\\/\\\/www.verdieditions.com\\\/bretagne-photos\\\/produit\\\/ramassage-foins-chapeau-capote-houat-kichenotte-quichenotte\\\/\",\"name\":\"Le ramassage des foins, le chapeau Capote (Kichenotte) - Bretagne Photos\",\"isPartOf\":{\"@id\":\"https:\\\/\\\/www.verdieditions.com\\\/bretagne-photos\\\/#website\"},\"primaryImageOfPage\":{\"@id\":\"https:\\\/\\\/www.verdieditions.com\\\/bretagne-photos\\\/produit\\\/ramassage-foins-chapeau-capote-houat-kichenotte-quichenotte\\\/#primaryimage\"},\"image\":{\"@id\":\"https:\\\/\\\/www.verdieditions.com\\\/bretagne-photos\\\/produit\\\/ramassage-foins-chapeau-capote-houat-kichenotte-quichenotte\\\/#primaryimage\"},\"thumbnailUrl\":\"https:\\\/\\\/www.verdieditions.com\\\/bretagne-photos\\\/wp-content\\\/uploads\\\/2024\\\/07\\\/00706-SV-HOUw.jpg?v=1720163966\",\"datePublished\":\"2024-07-05T07:03:59+00:00\",\"dateModified\":\"2024-07-05T14:26:58+00:00\",\"description\":\"Le ramassage des foins, le chapeau Capote (Kichenotte ou Quichenotte) 1968 Houat (56) Cr\u00e9dits : Sylvie Verdi, Coll Priv\u00e9e JPG 300 dpi 2106 px x 1407 px\",\"breadcrumb\":{\"@id\":\"https:\\\/\\\/www.verdieditions.com\\\/bretagne-photos\\\/produit\\\/ramassage-foins-chapeau-capote-houat-kichenotte-quichenotte\\\/#breadcrumb\"},\"inLanguage\":\"fr-FR\",\"potentialAction\":[{\"@type\":\"ReadAction\",\"target\":[\"https:\\\/\\\/www.verdieditions.com\\\/bretagne-photos\\\/produit\\\/ramassage-foins-chapeau-capote-houat-kichenotte-quichenotte\\\/\"]}]},{\"@type\":\"ImageObject\",\"inLanguage\":\"fr-FR\",\"@id\":\"https:\\\/\\\/www.verdieditions.com\\\/bretagne-photos\\\/produit\\\/ramassage-foins-chapeau-capote-houat-kichenotte-quichenotte\\\/#primaryimage\",\"url\":\"https:\\\/\\\/www.verdieditions.com\\\/bretagne-photos\\\/wp-content\\\/uploads\\\/2024\\\/07\\\/00706-SV-HOUw.jpg?v=1720163966\",\"contentUrl\":\"https:\\\/\\\/www.verdieditions.com\\\/bretagne-photos\\\/wp-content\\\/uploads\\\/2024\\\/07\\\/00706-SV-HOUw.jpg?v=1720163966\",\"width\":800,\"height\":534,\"caption\":\"ramassage foins chapeau Capote Kichenotte\"},{\"@type\":\"BreadcrumbList\",\"@id\":\"https:\\\/\\\/www.verdieditions.com\\\/bretagne-photos\\\/produit\\\/ramassage-foins-chapeau-capote-houat-kichenotte-quichenotte\\\/#breadcrumb\",\"itemListElement\":[{\"@type\":\"ListItem\",\"position\":1,\"name\":\"Accueil\",\"item\":\"https:\\\/\\\/www.verdieditions.com\\\/bretagne-photos\\\/\"},{\"@type\":\"ListItem\",\"position\":2,\"name\":\"Boutique Photos\",\"item\":\"https:\\\/\\\/www.verdieditions.com\\\/bretagne-photos\\\/shop\\\/\"},{\"@type\":\"ListItem\",\"position\":3,\"name\":\"Le ramassage des foins, le chapeau Capote (Kichenotte)\"}]},{\"@type\":\"WebSite\",\"@id\":\"https:\\\/\\\/www.verdieditions.com\\\/bretagne-photos\\\/#website\",\"url\":\"https:\\\/\\\/www.verdieditions.com\\\/bretagne-photos\\\/\",\"name\":\"Bretagne Photos\",\"description\":\"Boutique Photos Histoire et Patrimoine de la Bretagne hier et aujourd\u2019hui\",\"publisher\":{\"@id\":\"https:\\\/\\\/www.verdieditions.com\\\/bretagne-photos\\\/#\\\/schema\\\/person\\\/fc0081c9a1f479261147ba0b3d529c2c\"},\"potentialAction\":[{\"@type\":\"SearchAction\",\"target\":{\"@type\":\"EntryPoint\",\"urlTemplate\":\"https:\\\/\\\/www.verdieditions.com\\\/bretagne-photos\\\/?s={search_term_string}\"},\"query-input\":{\"@type\":\"PropertyValueSpecification\",\"valueRequired\":true,\"valueName\":\"search_term_string\"}}],\"inLanguage\":\"fr-FR\"},{\"@type\":[\"Person\",\"Organization\"],\"@id\":\"https:\\\/\\\/www.verdieditions.com\\\/bretagne-photos\\\/#\\\/schema\\\/person\\\/fc0081c9a1f479261147ba0b3d529c2c\",\"name\":\"Sylvie VERDI\",\"image\":{\"@type\":\"ImageObject\",\"inLanguage\":\"fr-FR\",\"@id\":\"https:\\\/\\\/www.verdieditions.com\\\/bretagne-photos\\\/wp-content\\\/uploads\\\/2023\\\/09\\\/logo-bretagne-photos-2.png\",\"url\":\"https:\\\/\\\/www.verdieditions.com\\\/bretagne-photos\\\/wp-content\\\/uploads\\\/2023\\\/09\\\/logo-bretagne-photos-2.png\",\"contentUrl\":\"https:\\\/\\\/www.verdieditions.com\\\/bretagne-photos\\\/wp-content\\\/uploads\\\/2023\\\/09\\\/logo-bretagne-photos-2.png\",\"width\":270,\"height\":63,\"caption\":\"Sylvie VERDI\"},\"logo\":{\"@id\":\"https:\\\/\\\/www.verdieditions.com\\\/bretagne-photos\\\/wp-content\\\/uploads\\\/2023\\\/09\\\/logo-bretagne-photos-2.png\"},\"sameAs\":[\"https:\\\/\\\/www.verdieditions.com\\\/bretagne-photos\"]}]}<\/script>\n<!-- \/ Yoast SEO plugin. -->","yoast_head_json":{"title":"Le ramassage des foins, le chapeau Capote (Kichenotte) - Bretagne Photos","description":"Le ramassage des foins, le chapeau Capote (Kichenotte ou Quichenotte) 1968 Houat (56) Cr\u00e9dits : Sylvie Verdi, Coll Priv\u00e9e JPG 300 dpi 2106 px x 1407 px","robots":{"index":"index","follow":"follow","max-snippet":"max-snippet:-1","max-image-preview":"max-image-preview:large","max-video-preview":"max-video-preview:-1"},"canonical":"https:\/\/www.verdieditions.com\/bretagne-photos\/produit\/ramassage-foins-chapeau-capote-houat-kichenotte-quichenotte\/","og_locale":"fr_FR","og_type":"article","og_title":"Le ramassage des foins, le chapeau Capote (Kichenotte) - Bretagne Photos","og_description":"Le ramassage des foins, le chapeau Capote (Kichenotte ou Quichenotte) 1968 Houat (56) Cr\u00e9dits : Sylvie Verdi, Coll Priv\u00e9e JPG 300 dpi 2106 px x 1407 px","og_url":"https:\/\/www.verdieditions.com\/bretagne-photos\/produit\/ramassage-foins-chapeau-capote-houat-kichenotte-quichenotte\/","og_site_name":"Bretagne Photos","article_modified_time":"2024-07-05T14:26:58+00:00","og_image":[{"width":800,"height":534,"url":"https:\/\/www.verdieditions.com\/bretagne-photos\/wp-content\/uploads\/2024\/07\/00706-SV-HOUw.jpg?v=1720163966","type":"image\/jpeg"}],"twitter_card":"summary_large_image","twitter_misc":{"Dur\u00e9e de lecture estim\u00e9e":"2 minutes"},"schema":{"@context":"https:\/\/schema.org","@graph":[{"@type":"WebPage","@id":"https:\/\/www.verdieditions.com\/bretagne-photos\/produit\/ramassage-foins-chapeau-capote-houat-kichenotte-quichenotte\/","url":"https:\/\/www.verdieditions.com\/bretagne-photos\/produit\/ramassage-foins-chapeau-capote-houat-kichenotte-quichenotte\/","name":"Le ramassage des foins, le chapeau Capote (Kichenotte) - Bretagne Photos","isPartOf":{"@id":"https:\/\/www.verdieditions.com\/bretagne-photos\/#website"},"primaryImageOfPage":{"@id":"https:\/\/www.verdieditions.com\/bretagne-photos\/produit\/ramassage-foins-chapeau-capote-houat-kichenotte-quichenotte\/#primaryimage"},"image":{"@id":"https:\/\/www.verdieditions.com\/bretagne-photos\/produit\/ramassage-foins-chapeau-capote-houat-kichenotte-quichenotte\/#primaryimage"},"thumbnailUrl":"https:\/\/www.verdieditions.com\/bretagne-photos\/wp-content\/uploads\/2024\/07\/00706-SV-HOUw.jpg?v=1720163966","datePublished":"2024-07-05T07:03:59+00:00","dateModified":"2024-07-05T14:26:58+00:00","description":"Le ramassage des foins, le chapeau Capote (Kichenotte ou Quichenotte) 1968 Houat (56) Cr\u00e9dits : Sylvie Verdi, Coll Priv\u00e9e JPG 300 dpi 2106 px x 1407 px","breadcrumb":{"@id":"https:\/\/www.verdieditions.com\/bretagne-photos\/produit\/ramassage-foins-chapeau-capote-houat-kichenotte-quichenotte\/#breadcrumb"},"inLanguage":"fr-FR","potentialAction":[{"@type":"ReadAction","target":["https:\/\/www.verdieditions.com\/bretagne-photos\/produit\/ramassage-foins-chapeau-capote-houat-kichenotte-quichenotte\/"]}]},{"@type":"ImageObject","inLanguage":"fr-FR","@id":"https:\/\/www.verdieditions.com\/bretagne-photos\/produit\/ramassage-foins-chapeau-capote-houat-kichenotte-quichenotte\/#primaryimage","url":"https:\/\/www.verdieditions.com\/bretagne-photos\/wp-content\/uploads\/2024\/07\/00706-SV-HOUw.jpg?v=1720163966","contentUrl":"https:\/\/www.verdieditions.com\/bretagne-photos\/wp-content\/uploads\/2024\/07\/00706-SV-HOUw.jpg?v=1720163966","width":800,"height":534,"caption":"ramassage foins chapeau Capote Kichenotte"},{"@type":"BreadcrumbList","@id":"https:\/\/www.verdieditions.com\/bretagne-photos\/produit\/ramassage-foins-chapeau-capote-houat-kichenotte-quichenotte\/#breadcrumb","itemListElement":[{"@type":"ListItem","position":1,"name":"Accueil","item":"https:\/\/www.verdieditions.com\/bretagne-photos\/"},{"@type":"ListItem","position":2,"name":"Boutique Photos","item":"https:\/\/www.verdieditions.com\/bretagne-photos\/shop\/"},{"@type":"ListItem","position":3,"name":"Le ramassage des foins, le chapeau Capote (Kichenotte)"}]},{"@type":"WebSite","@id":"https:\/\/www.verdieditions.com\/bretagne-photos\/#website","url":"https:\/\/www.verdieditions.com\/bretagne-photos\/","name":"Bretagne Photos","description":"Boutique Photos Histoire et Patrimoine de la Bretagne hier et aujourd\u2019hui","publisher":{"@id":"https:\/\/www.verdieditions.com\/bretagne-photos\/#\/schema\/person\/fc0081c9a1f479261147ba0b3d529c2c"},"potentialAction":[{"@type":"SearchAction","target":{"@type":"EntryPoint","urlTemplate":"https:\/\/www.verdieditions.com\/bretagne-photos\/?s={search_term_string}"},"query-input":{"@type":"PropertyValueSpecification","valueRequired":true,"valueName":"search_term_string"}}],"inLanguage":"fr-FR"},{"@type":["Person","Organization"],"@id":"https:\/\/www.verdieditions.com\/bretagne-photos\/#\/schema\/person\/fc0081c9a1f479261147ba0b3d529c2c","name":"Sylvie VERDI","image":{"@type":"ImageObject","inLanguage":"fr-FR","@id":"https:\/\/www.verdieditions.com\/bretagne-photos\/wp-content\/uploads\/2023\/09\/logo-bretagne-photos-2.png","url":"https:\/\/www.verdieditions.com\/bretagne-photos\/wp-content\/uploads\/2023\/09\/logo-bretagne-photos-2.png","contentUrl":"https:\/\/www.verdieditions.com\/bretagne-photos\/wp-content\/uploads\/2023\/09\/logo-bretagne-photos-2.png","width":270,"height":63,"caption":"Sylvie VERDI"},"logo":{"@id":"https:\/\/www.verdieditions.com\/bretagne-photos\/wp-content\/uploads\/2023\/09\/logo-bretagne-photos-2.png"},"sameAs":["https:\/\/www.verdieditions.com\/bretagne-photos"]}]}},"_links":{"self":[{"href":"https:\/\/www.verdieditions.com\/bretagne-photos\/wp-json\/wp\/v2\/product\/3158","targetHints":{"allow":["GET"]}}],"collection":[{"href":"https:\/\/www.verdieditions.com\/bretagne-photos\/wp-json\/wp\/v2\/product"}],"about":[{"href":"https:\/\/www.verdieditions.com\/bretagne-photos\/wp-json\/wp\/v2\/types\/product"}],"wp:featuredmedia":[{"embeddable":true,"href":"https:\/\/www.verdieditions.com\/bretagne-photos\/wp-json\/wp\/v2\/media\/3159"}],"wp:attachment":[{"href":"https:\/\/www.verdieditions.com\/bretagne-photos\/wp-json\/wp\/v2\/media?parent=3158"}],"wp:term":[{"taxonomy":"product_brand","embeddable":true,"href":"https:\/\/www.verdieditions.com\/bretagne-photos\/wp-json\/wp\/v2\/product_brand?post=3158"},{"taxonomy":"product_cat","embeddable":true,"href":"https:\/\/www.verdieditions.com\/bretagne-photos\/wp-json\/wp\/v2\/product_cat?post=3158"},{"taxonomy":"product_tag","embeddable":true,"href":"https:\/\/www.verdieditions.com\/bretagne-photos\/wp-json\/wp\/v2\/product_tag?post=3158"}],"curies":[{"name":"wp","href":"https:\/\/api.w.org\/{rel}","templated":true}]}}