{"id":3146,"date":"2024-07-03T16:53:55","date_gmt":"2024-07-03T14:53:55","guid":{"rendered":"https:\/\/www.verdieditions.com\/bretagne-photos\/?post_type=product&#038;p=3146"},"modified":"2024-07-27T10:46:59","modified_gmt":"2024-07-27T08:46:59","slug":"navires-quai-port-peche-base-sous-marine-lorient","status":"publish","type":"product","link":"https:\/\/www.verdieditions.com\/bretagne-photos\/produit\/navires-quai-port-peche-base-sous-marine-lorient\/","title":{"rendered":"Navires \u00e0 quai au port de p\u00eache et la Base sous Marine, Lorient"},"content":{"rendered":"<p>Navires \u00e0 quai au port de p\u00eache et la Base sous Marine, Lorient<br \/>\nLe port de p\u00eache de Lorient-Keroman<br \/>\nAnn\u00e9e : 1967<br \/>\nLieu : Lorient (56)<br \/>\nCr\u00e9dits : Sylvie Verdi, Collection Priv\u00e9e<br \/>\nFormat : TIFF<br \/>\nQualit\u00e9 : 300 dpi<br \/>\nTaille : 1262 px x 857 px <\/p>\n<p>Sur la photo : \u00ab La F\u00e9e des Ondes \u00bb, le EL 5350 et le L3177.<\/p>\n<h3>Le port de p\u00eache de Lorient-Keroman<\/h3>\n<p>(&#8230;) Il est construit \u00e0 partir des ann\u00e9es 1920 dans le cadre de la loi dite des 200 millions qui vise alors \u00e0 d\u00e9velopper la flotte de p\u00eache fran\u00e7aise. Son d\u00e9veloppement conna\u00eet cependant un coup d&rsquo;arr\u00eat avec l&rsquo;arriv\u00e9e de la Seconde Guerre mondiale et la construction de la base sous-marine de Lorient \u00e0 proximit\u00e9. (&#8230;)<br \/>\n<a href=\"https:\/\/fr.wikipedia.org\/wiki\/Port_de_p%C3%AAche_de_Keroman\">Source<\/a> <\/p>\n","protected":false},"excerpt":{"rendered":"<p>Navires \u00e0 quai au port de p\u00eache et la Base sous Marine, Lorient<br \/>\nLe port de p\u00eache de Lorient-Keroman<br \/>\nAnn\u00e9e : 1967<br \/>\nLieu : Lorient (56)<br \/>\nCr\u00e9dits : Sylvie Verdi, Collection Priv\u00e9e<br \/>\nFormat : TIFF<br \/>\nQualit\u00e9 : 300 dpi<br \/>\nTaille : 1262 px x 857 px <\/p>\n","protected":false},"featured_media":3144,"template":"","meta":{"_kadence_starter_templates_imported_post":true,"_kad_post_transparent":"default","_kad_post_title":"","_kad_post_layout":"default","_kad_post_sidebar_id":"","_kad_post_content_style":"default","_kad_post_vertical_padding":"default","_kad_post_feature":"","_kad_post_feature_position":"","_kad_post_header":false,"_kad_post_footer":false,"_kad_post_classname":""},"product_brand":[],"product_cat":[119],"product_tag":[76,43,97,85,42],"class_list":{"0":"post-3146","1":"product","2":"type-product","3":"status-publish","4":"has-post-thumbnail","6":"product_cat-architecture-batiment","7":"product_tag-annees-1960","8":"product_tag-bateau-de-peche","9":"product_tag-lorient","10":"product_tag-morbihan","11":"product_tag-port","13":"first","14":"instock","15":"downloadable","16":"virtual","17":"sold-individually","18":"purchasable","19":"product-type-simple","20":"entry","21":"content-bg","22":"loop-entry"},"yoast_head":"<!-- This site is optimized with the Yoast SEO plugin v27.4 - https:\/\/yoast.com\/product\/yoast-seo-wordpress\/ -->\n<title>Navires \u00e0 quai au port de p\u00eache et la Base sous Marine, Lorient - Bretagne Photos<\/title>\n<meta name=\"description\" content=\"Navires \u00e0 quai au port de p\u00eache et la Base sous Marine Lorient-Keroman 1967 (56) Cr\u00e9dits : Sylvie Verdi, Collection Priv\u00e9e TIFF 300 dpi 1262 px x 857 px\" \/>\n<meta name=\"robots\" content=\"index, follow, max-snippet:-1, max-image-preview:large, max-video-preview:-1\" \/>\n<link rel=\"canonical\" href=\"https:\/\/www.verdieditions.com\/bretagne-photos\/produit\/navires-quai-port-peche-base-sous-marine-lorient\/\" \/>\n<meta property=\"og:locale\" content=\"fr_FR\" \/>\n<meta property=\"og:type\" content=\"article\" \/>\n<meta property=\"og:title\" content=\"Navires \u00e0 quai au port de p\u00eache et la Base sous Marine, Lorient - Bretagne Photos\" \/>\n<meta property=\"og:description\" content=\"Navires \u00e0 quai au port de p\u00eache et la Base sous Marine Lorient-Keroman 1967 (56) Cr\u00e9dits : Sylvie Verdi, Collection Priv\u00e9e TIFF 300 dpi 1262 px x 857 px\" \/>\n<meta property=\"og:url\" content=\"https:\/\/www.verdieditions.com\/bretagne-photos\/produit\/navires-quai-port-peche-base-sous-marine-lorient\/\" \/>\n<meta property=\"og:site_name\" content=\"Bretagne Photos\" \/>\n<meta property=\"article:modified_time\" content=\"2024-07-27T08:46:59+00:00\" \/>\n<meta property=\"og:image\" content=\"https:\/\/www.verdieditions.com\/bretagne-photos\/wp-content\/uploads\/2024\/07\/00850-SV-LORw.jpg?v=1720017710\" \/>\n\t<meta property=\"og:image:width\" content=\"800\" \/>\n\t<meta property=\"og:image:height\" content=\"543\" \/>\n\t<meta property=\"og:image:type\" content=\"image\/jpeg\" \/>\n<meta name=\"twitter:card\" content=\"summary_large_image\" \/>\n<meta name=\"twitter:label1\" content=\"Dur\u00e9e de lecture estim\u00e9e\" \/>\n\t<meta name=\"twitter:data1\" content=\"1 minute\" \/>\n<script type=\"application\/ld+json\" class=\"yoast-schema-graph\">{\"@context\":\"https:\\\/\\\/schema.org\",\"@graph\":[{\"@type\":\"WebPage\",\"@id\":\"https:\\\/\\\/www.verdieditions.com\\\/bretagne-photos\\\/produit\\\/navires-quai-port-peche-base-sous-marine-lorient\\\/\",\"url\":\"https:\\\/\\\/www.verdieditions.com\\\/bretagne-photos\\\/produit\\\/navires-quai-port-peche-base-sous-marine-lorient\\\/\",\"name\":\"Navires \u00e0 quai au port de p\u00eache et la Base sous Marine, Lorient - Bretagne Photos\",\"isPartOf\":{\"@id\":\"https:\\\/\\\/www.verdieditions.com\\\/bretagne-photos\\\/#website\"},\"primaryImageOfPage\":{\"@id\":\"https:\\\/\\\/www.verdieditions.com\\\/bretagne-photos\\\/produit\\\/navires-quai-port-peche-base-sous-marine-lorient\\\/#primaryimage\"},\"image\":{\"@id\":\"https:\\\/\\\/www.verdieditions.com\\\/bretagne-photos\\\/produit\\\/navires-quai-port-peche-base-sous-marine-lorient\\\/#primaryimage\"},\"thumbnailUrl\":\"https:\\\/\\\/www.verdieditions.com\\\/bretagne-photos\\\/wp-content\\\/uploads\\\/2024\\\/07\\\/00850-SV-LORw.jpg?v=1720017710\",\"datePublished\":\"2024-07-03T14:53:55+00:00\",\"dateModified\":\"2024-07-27T08:46:59+00:00\",\"description\":\"Navires \u00e0 quai au port de p\u00eache et la Base sous Marine Lorient-Keroman 1967 (56) Cr\u00e9dits : Sylvie Verdi, Collection Priv\u00e9e TIFF 300 dpi 1262 px x 857 px\",\"breadcrumb\":{\"@id\":\"https:\\\/\\\/www.verdieditions.com\\\/bretagne-photos\\\/produit\\\/navires-quai-port-peche-base-sous-marine-lorient\\\/#breadcrumb\"},\"inLanguage\":\"fr-FR\",\"potentialAction\":[{\"@type\":\"ReadAction\",\"target\":[\"https:\\\/\\\/www.verdieditions.com\\\/bretagne-photos\\\/produit\\\/navires-quai-port-peche-base-sous-marine-lorient\\\/\"]}]},{\"@type\":\"ImageObject\",\"inLanguage\":\"fr-FR\",\"@id\":\"https:\\\/\\\/www.verdieditions.com\\\/bretagne-photos\\\/produit\\\/navires-quai-port-peche-base-sous-marine-lorient\\\/#primaryimage\",\"url\":\"https:\\\/\\\/www.verdieditions.com\\\/bretagne-photos\\\/wp-content\\\/uploads\\\/2024\\\/07\\\/00850-SV-LORw.jpg?v=1720017710\",\"contentUrl\":\"https:\\\/\\\/www.verdieditions.com\\\/bretagne-photos\\\/wp-content\\\/uploads\\\/2024\\\/07\\\/00850-SV-LORw.jpg?v=1720017710\",\"width\":800,\"height\":543,\"caption\":\"Navires quai port p\u00eache Base sous Marine Lorient\"},{\"@type\":\"BreadcrumbList\",\"@id\":\"https:\\\/\\\/www.verdieditions.com\\\/bretagne-photos\\\/produit\\\/navires-quai-port-peche-base-sous-marine-lorient\\\/#breadcrumb\",\"itemListElement\":[{\"@type\":\"ListItem\",\"position\":1,\"name\":\"Accueil\",\"item\":\"https:\\\/\\\/www.verdieditions.com\\\/bretagne-photos\\\/\"},{\"@type\":\"ListItem\",\"position\":2,\"name\":\"Boutique Photos\",\"item\":\"https:\\\/\\\/www.verdieditions.com\\\/bretagne-photos\\\/shop\\\/\"},{\"@type\":\"ListItem\",\"position\":3,\"name\":\"Navires \u00e0 quai au port de p\u00eache et la Base sous Marine, Lorient\"}]},{\"@type\":\"WebSite\",\"@id\":\"https:\\\/\\\/www.verdieditions.com\\\/bretagne-photos\\\/#website\",\"url\":\"https:\\\/\\\/www.verdieditions.com\\\/bretagne-photos\\\/\",\"name\":\"Bretagne Photos\",\"description\":\"Boutique Photos Histoire et Patrimoine de la Bretagne hier et aujourd\u2019hui\",\"publisher\":{\"@id\":\"https:\\\/\\\/www.verdieditions.com\\\/bretagne-photos\\\/#\\\/schema\\\/person\\\/fc0081c9a1f479261147ba0b3d529c2c\"},\"potentialAction\":[{\"@type\":\"SearchAction\",\"target\":{\"@type\":\"EntryPoint\",\"urlTemplate\":\"https:\\\/\\\/www.verdieditions.com\\\/bretagne-photos\\\/?s={search_term_string}\"},\"query-input\":{\"@type\":\"PropertyValueSpecification\",\"valueRequired\":true,\"valueName\":\"search_term_string\"}}],\"inLanguage\":\"fr-FR\"},{\"@type\":[\"Person\",\"Organization\"],\"@id\":\"https:\\\/\\\/www.verdieditions.com\\\/bretagne-photos\\\/#\\\/schema\\\/person\\\/fc0081c9a1f479261147ba0b3d529c2c\",\"name\":\"Sylvie VERDI\",\"image\":{\"@type\":\"ImageObject\",\"inLanguage\":\"fr-FR\",\"@id\":\"https:\\\/\\\/www.verdieditions.com\\\/bretagne-photos\\\/wp-content\\\/uploads\\\/2023\\\/09\\\/logo-bretagne-photos-2.png\",\"url\":\"https:\\\/\\\/www.verdieditions.com\\\/bretagne-photos\\\/wp-content\\\/uploads\\\/2023\\\/09\\\/logo-bretagne-photos-2.png\",\"contentUrl\":\"https:\\\/\\\/www.verdieditions.com\\\/bretagne-photos\\\/wp-content\\\/uploads\\\/2023\\\/09\\\/logo-bretagne-photos-2.png\",\"width\":270,\"height\":63,\"caption\":\"Sylvie VERDI\"},\"logo\":{\"@id\":\"https:\\\/\\\/www.verdieditions.com\\\/bretagne-photos\\\/wp-content\\\/uploads\\\/2023\\\/09\\\/logo-bretagne-photos-2.png\"},\"sameAs\":[\"https:\\\/\\\/www.verdieditions.com\\\/bretagne-photos\"]}]}<\/script>\n<!-- \/ Yoast SEO plugin. -->","yoast_head_json":{"title":"Navires \u00e0 quai au port de p\u00eache et la Base sous Marine, Lorient - Bretagne Photos","description":"Navires \u00e0 quai au port de p\u00eache et la Base sous Marine Lorient-Keroman 1967 (56) Cr\u00e9dits : Sylvie Verdi, Collection Priv\u00e9e TIFF 300 dpi 1262 px x 857 px","robots":{"index":"index","follow":"follow","max-snippet":"max-snippet:-1","max-image-preview":"max-image-preview:large","max-video-preview":"max-video-preview:-1"},"canonical":"https:\/\/www.verdieditions.com\/bretagne-photos\/produit\/navires-quai-port-peche-base-sous-marine-lorient\/","og_locale":"fr_FR","og_type":"article","og_title":"Navires \u00e0 quai au port de p\u00eache et la Base sous Marine, Lorient - Bretagne Photos","og_description":"Navires \u00e0 quai au port de p\u00eache et la Base sous Marine Lorient-Keroman 1967 (56) Cr\u00e9dits : Sylvie Verdi, Collection Priv\u00e9e TIFF 300 dpi 1262 px x 857 px","og_url":"https:\/\/www.verdieditions.com\/bretagne-photos\/produit\/navires-quai-port-peche-base-sous-marine-lorient\/","og_site_name":"Bretagne Photos","article_modified_time":"2024-07-27T08:46:59+00:00","og_image":[{"width":800,"height":543,"url":"https:\/\/www.verdieditions.com\/bretagne-photos\/wp-content\/uploads\/2024\/07\/00850-SV-LORw.jpg?v=1720017710","type":"image\/jpeg"}],"twitter_card":"summary_large_image","twitter_misc":{"Dur\u00e9e de lecture estim\u00e9e":"1 minute"},"schema":{"@context":"https:\/\/schema.org","@graph":[{"@type":"WebPage","@id":"https:\/\/www.verdieditions.com\/bretagne-photos\/produit\/navires-quai-port-peche-base-sous-marine-lorient\/","url":"https:\/\/www.verdieditions.com\/bretagne-photos\/produit\/navires-quai-port-peche-base-sous-marine-lorient\/","name":"Navires \u00e0 quai au port de p\u00eache et la Base sous Marine, Lorient - Bretagne Photos","isPartOf":{"@id":"https:\/\/www.verdieditions.com\/bretagne-photos\/#website"},"primaryImageOfPage":{"@id":"https:\/\/www.verdieditions.com\/bretagne-photos\/produit\/navires-quai-port-peche-base-sous-marine-lorient\/#primaryimage"},"image":{"@id":"https:\/\/www.verdieditions.com\/bretagne-photos\/produit\/navires-quai-port-peche-base-sous-marine-lorient\/#primaryimage"},"thumbnailUrl":"https:\/\/www.verdieditions.com\/bretagne-photos\/wp-content\/uploads\/2024\/07\/00850-SV-LORw.jpg?v=1720017710","datePublished":"2024-07-03T14:53:55+00:00","dateModified":"2024-07-27T08:46:59+00:00","description":"Navires \u00e0 quai au port de p\u00eache et la Base sous Marine Lorient-Keroman 1967 (56) Cr\u00e9dits : Sylvie Verdi, Collection Priv\u00e9e TIFF 300 dpi 1262 px x 857 px","breadcrumb":{"@id":"https:\/\/www.verdieditions.com\/bretagne-photos\/produit\/navires-quai-port-peche-base-sous-marine-lorient\/#breadcrumb"},"inLanguage":"fr-FR","potentialAction":[{"@type":"ReadAction","target":["https:\/\/www.verdieditions.com\/bretagne-photos\/produit\/navires-quai-port-peche-base-sous-marine-lorient\/"]}]},{"@type":"ImageObject","inLanguage":"fr-FR","@id":"https:\/\/www.verdieditions.com\/bretagne-photos\/produit\/navires-quai-port-peche-base-sous-marine-lorient\/#primaryimage","url":"https:\/\/www.verdieditions.com\/bretagne-photos\/wp-content\/uploads\/2024\/07\/00850-SV-LORw.jpg?v=1720017710","contentUrl":"https:\/\/www.verdieditions.com\/bretagne-photos\/wp-content\/uploads\/2024\/07\/00850-SV-LORw.jpg?v=1720017710","width":800,"height":543,"caption":"Navires quai port p\u00eache Base sous Marine Lorient"},{"@type":"BreadcrumbList","@id":"https:\/\/www.verdieditions.com\/bretagne-photos\/produit\/navires-quai-port-peche-base-sous-marine-lorient\/#breadcrumb","itemListElement":[{"@type":"ListItem","position":1,"name":"Accueil","item":"https:\/\/www.verdieditions.com\/bretagne-photos\/"},{"@type":"ListItem","position":2,"name":"Boutique Photos","item":"https:\/\/www.verdieditions.com\/bretagne-photos\/shop\/"},{"@type":"ListItem","position":3,"name":"Navires \u00e0 quai au port de p\u00eache et la Base sous Marine, Lorient"}]},{"@type":"WebSite","@id":"https:\/\/www.verdieditions.com\/bretagne-photos\/#website","url":"https:\/\/www.verdieditions.com\/bretagne-photos\/","name":"Bretagne Photos","description":"Boutique Photos Histoire et Patrimoine de la Bretagne hier et aujourd\u2019hui","publisher":{"@id":"https:\/\/www.verdieditions.com\/bretagne-photos\/#\/schema\/person\/fc0081c9a1f479261147ba0b3d529c2c"},"potentialAction":[{"@type":"SearchAction","target":{"@type":"EntryPoint","urlTemplate":"https:\/\/www.verdieditions.com\/bretagne-photos\/?s={search_term_string}"},"query-input":{"@type":"PropertyValueSpecification","valueRequired":true,"valueName":"search_term_string"}}],"inLanguage":"fr-FR"},{"@type":["Person","Organization"],"@id":"https:\/\/www.verdieditions.com\/bretagne-photos\/#\/schema\/person\/fc0081c9a1f479261147ba0b3d529c2c","name":"Sylvie VERDI","image":{"@type":"ImageObject","inLanguage":"fr-FR","@id":"https:\/\/www.verdieditions.com\/bretagne-photos\/wp-content\/uploads\/2023\/09\/logo-bretagne-photos-2.png","url":"https:\/\/www.verdieditions.com\/bretagne-photos\/wp-content\/uploads\/2023\/09\/logo-bretagne-photos-2.png","contentUrl":"https:\/\/www.verdieditions.com\/bretagne-photos\/wp-content\/uploads\/2023\/09\/logo-bretagne-photos-2.png","width":270,"height":63,"caption":"Sylvie VERDI"},"logo":{"@id":"https:\/\/www.verdieditions.com\/bretagne-photos\/wp-content\/uploads\/2023\/09\/logo-bretagne-photos-2.png"},"sameAs":["https:\/\/www.verdieditions.com\/bretagne-photos"]}]}},"_links":{"self":[{"href":"https:\/\/www.verdieditions.com\/bretagne-photos\/wp-json\/wp\/v2\/product\/3146","targetHints":{"allow":["GET"]}}],"collection":[{"href":"https:\/\/www.verdieditions.com\/bretagne-photos\/wp-json\/wp\/v2\/product"}],"about":[{"href":"https:\/\/www.verdieditions.com\/bretagne-photos\/wp-json\/wp\/v2\/types\/product"}],"wp:featuredmedia":[{"embeddable":true,"href":"https:\/\/www.verdieditions.com\/bretagne-photos\/wp-json\/wp\/v2\/media\/3144"}],"wp:attachment":[{"href":"https:\/\/www.verdieditions.com\/bretagne-photos\/wp-json\/wp\/v2\/media?parent=3146"}],"wp:term":[{"taxonomy":"product_brand","embeddable":true,"href":"https:\/\/www.verdieditions.com\/bretagne-photos\/wp-json\/wp\/v2\/product_brand?post=3146"},{"taxonomy":"product_cat","embeddable":true,"href":"https:\/\/www.verdieditions.com\/bretagne-photos\/wp-json\/wp\/v2\/product_cat?post=3146"},{"taxonomy":"product_tag","embeddable":true,"href":"https:\/\/www.verdieditions.com\/bretagne-photos\/wp-json\/wp\/v2\/product_tag?post=3146"}],"curies":[{"name":"wp","href":"https:\/\/api.w.org\/{rel}","templated":true}]}}